{"id":70691,"date":"2025-11-18T11:06:26","date_gmt":"2025-11-18T10:06:27","guid":{"rendered":"https:\/\/www.invicta.fr\/?post_type=product&#038;p=70691"},"modified":"2026-02-26T16:03:48","modified_gmt":"2026-02-26T15:03:48","slug":"700-primo-con-registro-2","status":"publish","type":"product","link":"https:\/\/www.invicta.fr\/es\/produit\/700-primo-con-registro-2\/","title":{"rendered":"700 PRIMO con registro"},"content":{"rendered":"","protected":false},"excerpt":{"rendered":"<p>Disfrute del excelente rendimiento energ\u00e9tico y las m\u00faltiples ventajas t\u00e9cnicas de esta chimenea de bajo coste.<\/p>\n","protected":false},"featured_media":0,"template":"","meta":{"_acf_changed":false},"product_brand":[],"product_cat":[2293,2288],"product_tag":[7108,2301,2303,2305,2306,2299,2295,7048,7049,6677],"plus_produit":[2278,2265,2284,2524,2273,2263],"class_list":{"1":"product","5":"product_cat-ayuda-en-la-eleccion","6":"product_cat-chimeneas-de-lena","7":"product_tag-en16510-es","8":"product_tag-flamme-verte-7","9":"product_tag-eco-design-2022-es","10":"product_tag-certificacion-ecolabel-a","11":"product_tag-hecho-en-francia","12":"product_tag-100-hierro-fundido","13":"product_tag-post-combustion-es","14":"product_tag-y-garantia-de-3-anos","15":"product_tag-y-garantie-extension-2ans-por","16":"product_tag-impuesto-de-credito-z-es","17":"pa_depart-des-fumees-parte-superior","18":"pa_diametre-de-buse-200-mm-es-2","19":"pa_indice-de-performance-100-es","20":"pa_modulation-de-puissance-65-15-kw-es","21":"pa_puissance-95-kw-es","22":"pa_taux-de-co-012-es","23":"plus_produit-combustion-intermitente-y-prolongada-3-horas","24":"plus_produit-vidrio-limpio","25":"plus_produit-garantia-de-origen-frances","26":"plus_produit-ideal-para-presupuestos-ajustados","27":"plus_produit-registro","28":"plus_produit-sistema-de-post-combustion","30":"first","31":"instock","32":"shipping-taxable","33":"product-type-simple"},"acf":[],"yoast_head":"<!-- This site is optimized with the Yoast SEO plugin v24.7 - https:\/\/yoast.com\/wordpress\/plugins\/seo\/ -->\n<title>700 PRIMO con registro - Invicta<\/title>\n<meta name=\"description\" content=\"Disfrute del excelente rendimiento energ\u00e9tico y las m\u00faltiples ventajas t\u00e9cnicas de esta chimenea de bajo coste.\" \/>\n<meta name=\"robots\" content=\"index, follow, max-snippet:-1, max-image-preview:large, max-video-preview:-1\" \/>\n<link rel=\"canonical\" href=\"https:\/\/www.invicta.fr\/es\/produit\/700-primo-con-registro-2\/\" \/>\n<meta property=\"og:locale\" content=\"es_ES\" \/>\n<meta property=\"og:type\" content=\"article\" \/>\n<meta property=\"og:title\" content=\"700 PRIMO con registro - Invicta\" \/>\n<meta property=\"og:description\" content=\"Disfrute del excelente rendimiento energ\u00e9tico y las m\u00faltiples ventajas t\u00e9cnicas de esta chimenea de bajo coste.\" \/>\n<meta property=\"og:url\" content=\"https:\/\/www.invicta.fr\/es\/produit\/700-primo-con-registro-2\/\" \/>\n<meta property=\"og:site_name\" content=\"Invicta\" \/>\n<meta property=\"article:modified_time\" content=\"2026-02-26T15:03:48+00:00\" \/>\n<meta name=\"twitter:card\" content=\"summary_large_image\" \/>\n<script type=\"application\/ld+json\" class=\"yoast-schema-graph\">{\"@context\":\"https:\/\/schema.org\",\"@graph\":[{\"@type\":\"WebPage\",\"@id\":\"https:\/\/www.invicta.fr\/es\/produit\/700-primo-con-registro-2\/\",\"url\":\"https:\/\/www.invicta.fr\/es\/produit\/700-primo-con-registro-2\/\",\"name\":\"700 PRIMO con registro - Invicta\",\"isPartOf\":{\"@id\":\"https:\/\/www.invicta.fr\/es\/#website\"},\"datePublished\":\"2025-11-18T10:06:27+00:00\",\"dateModified\":\"2026-02-26T15:03:48+00:00\",\"description\":\"Disfrute del excelente rendimiento energ\u00e9tico y las m\u00faltiples ventajas t\u00e9cnicas de esta chimenea de bajo coste.\",\"breadcrumb\":{\"@id\":\"https:\/\/www.invicta.fr\/es\/produit\/700-primo-con-registro-2\/#breadcrumb\"},\"inLanguage\":\"es\",\"potentialAction\":[{\"@type\":\"ReadAction\",\"target\":[\"https:\/\/www.invicta.fr\/es\/produit\/700-primo-con-registro-2\/\"]}]},{\"@type\":\"BreadcrumbList\",\"@id\":\"https:\/\/www.invicta.fr\/es\/produit\/700-primo-con-registro-2\/#breadcrumb\",\"itemListElement\":[{\"@type\":\"ListItem\",\"position\":1,\"name\":\"Inicio\",\"item\":\"https:\/\/www.invicta.fr\/es\/\"},{\"@type\":\"ListItem\",\"position\":2,\"name\":\"Productos\",\"item\":\"https:\/\/www.invicta.fr\/es\/shop\/\"},{\"@type\":\"ListItem\",\"position\":3,\"name\":\"Chimeneas e insertos\",\"item\":\"https:\/\/www.invicta.fr\/es\/categorie-produit\/chemineas-insertos\/\"},{\"@type\":\"ListItem\",\"position\":4,\"name\":\"Chimeneas de le\u00f1a\",\"item\":\"https:\/\/www.invicta.fr\/es\/categorie-produit\/chemineas-insertos\/chimeneas-de-lena\/\"},{\"@type\":\"ListItem\",\"position\":5,\"name\":\"700 PRIMO con registro\"}]},{\"@type\":\"WebSite\",\"@id\":\"https:\/\/www.invicta.fr\/es\/#website\",\"url\":\"https:\/\/www.invicta.fr\/es\/\",\"name\":\"Invicta\",\"description\":\"Fabricant fran\u00e7ais, sp\u00e9cialiste europ\u00e9en du chauffage au bois : po\u00eales \u00e0 bois et \u00e0 granul\u00e9s, chemin\u00e9es, foyers et inserts\",\"publisher\":{\"@id\":\"https:\/\/www.invicta.fr\/es\/#organization\"},\"potentialAction\":[{\"@type\":\"SearchAction\",\"target\":{\"@type\":\"EntryPoint\",\"urlTemplate\":\"https:\/\/www.invicta.fr\/es\/?s={search_term_string}\"},\"query-input\":{\"@type\":\"PropertyValueSpecification\",\"valueRequired\":true,\"valueName\":\"search_term_string\"}}],\"inLanguage\":\"es\"},{\"@type\":\"Organization\",\"@id\":\"https:\/\/www.invicta.fr\/es\/#organization\",\"name\":\"Invicta\",\"url\":\"https:\/\/www.invicta.fr\/es\/\",\"logo\":{\"@type\":\"ImageObject\",\"inLanguage\":\"es\",\"@id\":\"https:\/\/www.invicta.fr\/es\/#\/schema\/logo\/image\/\",\"url\":\"https:\/\/www.invicta.fr\/wp-content\/uploads\/2019\/06\/INVICTALOGO_RVB.png\",\"contentUrl\":\"https:\/\/www.invicta.fr\/wp-content\/uploads\/2019\/06\/INVICTALOGO_RVB.png\",\"width\":1810,\"height\":1280,\"caption\":\"Invicta\"},\"image\":{\"@id\":\"https:\/\/www.invicta.fr\/es\/#\/schema\/logo\/image\/\"}}]}<\/script>\n<!-- \/ Yoast SEO plugin. -->","yoast_head_json":{"title":"700 PRIMO con registro - Invicta","description":"Disfrute del excelente rendimiento energ\u00e9tico y las m\u00faltiples ventajas t\u00e9cnicas de esta chimenea de bajo coste.","robots":{"index":"index","follow":"follow","max-snippet":"max-snippet:-1","max-image-preview":"max-image-preview:large","max-video-preview":"max-video-preview:-1"},"canonical":"https:\/\/www.invicta.fr\/es\/produit\/700-primo-con-registro-2\/","og_locale":"es_ES","og_type":"article","og_title":"700 PRIMO con registro - Invicta","og_description":"Disfrute del excelente rendimiento energ\u00e9tico y las m\u00faltiples ventajas t\u00e9cnicas de esta chimenea de bajo coste.","og_url":"https:\/\/www.invicta.fr\/es\/produit\/700-primo-con-registro-2\/","og_site_name":"Invicta","article_modified_time":"2026-02-26T15:03:48+00:00","twitter_card":"summary_large_image","schema":{"@context":"https:\/\/schema.org","@graph":[{"@type":"WebPage","@id":"https:\/\/www.invicta.fr\/es\/produit\/700-primo-con-registro-2\/","url":"https:\/\/www.invicta.fr\/es\/produit\/700-primo-con-registro-2\/","name":"700 PRIMO con registro - Invicta","isPartOf":{"@id":"https:\/\/www.invicta.fr\/es\/#website"},"datePublished":"2025-11-18T10:06:27+00:00","dateModified":"2026-02-26T15:03:48+00:00","description":"Disfrute del excelente rendimiento energ\u00e9tico y las m\u00faltiples ventajas t\u00e9cnicas de esta chimenea de bajo coste.","breadcrumb":{"@id":"https:\/\/www.invicta.fr\/es\/produit\/700-primo-con-registro-2\/#breadcrumb"},"inLanguage":"es","potentialAction":[{"@type":"ReadAction","target":["https:\/\/www.invicta.fr\/es\/produit\/700-primo-con-registro-2\/"]}]},{"@type":"BreadcrumbList","@id":"https:\/\/www.invicta.fr\/es\/produit\/700-primo-con-registro-2\/#breadcrumb","itemListElement":[{"@type":"ListItem","position":1,"name":"Inicio","item":"https:\/\/www.invicta.fr\/es\/"},{"@type":"ListItem","position":2,"name":"Productos","item":"https:\/\/www.invicta.fr\/es\/shop\/"},{"@type":"ListItem","position":3,"name":"Chimeneas e insertos","item":"https:\/\/www.invicta.fr\/es\/categorie-produit\/chemineas-insertos\/"},{"@type":"ListItem","position":4,"name":"Chimeneas de le\u00f1a","item":"https:\/\/www.invicta.fr\/es\/categorie-produit\/chemineas-insertos\/chimeneas-de-lena\/"},{"@type":"ListItem","position":5,"name":"700 PRIMO con registro"}]},{"@type":"WebSite","@id":"https:\/\/www.invicta.fr\/es\/#website","url":"https:\/\/www.invicta.fr\/es\/","name":"Invicta","description":"Fabricant fran\u00e7ais, sp\u00e9cialiste europ\u00e9en du chauffage au bois : po\u00eales \u00e0 bois et \u00e0 granul\u00e9s, chemin\u00e9es, foyers et inserts","publisher":{"@id":"https:\/\/www.invicta.fr\/es\/#organization"},"potentialAction":[{"@type":"SearchAction","target":{"@type":"EntryPoint","urlTemplate":"https:\/\/www.invicta.fr\/es\/?s={search_term_string}"},"query-input":{"@type":"PropertyValueSpecification","valueRequired":true,"valueName":"search_term_string"}}],"inLanguage":"es"},{"@type":"Organization","@id":"https:\/\/www.invicta.fr\/es\/#organization","name":"Invicta","url":"https:\/\/www.invicta.fr\/es\/","logo":{"@type":"ImageObject","inLanguage":"es","@id":"https:\/\/www.invicta.fr\/es\/#\/schema\/logo\/image\/","url":"https:\/\/www.invicta.fr\/wp-content\/uploads\/2019\/06\/INVICTALOGO_RVB.png","contentUrl":"https:\/\/www.invicta.fr\/wp-content\/uploads\/2019\/06\/INVICTALOGO_RVB.png","width":1810,"height":1280,"caption":"Invicta"},"image":{"@id":"https:\/\/www.invicta.fr\/es\/#\/schema\/logo\/image\/"}}]}},"_links":{"self":[{"href":"https:\/\/www.invicta.fr\/es\/wp-json\/wp\/v2\/product\/70691","targetHints":{"allow":["GET"]}}],"collection":[{"href":"https:\/\/www.invicta.fr\/es\/wp-json\/wp\/v2\/product"}],"about":[{"href":"https:\/\/www.invicta.fr\/es\/wp-json\/wp\/v2\/types\/product"}],"wp:attachment":[{"href":"https:\/\/www.invicta.fr\/es\/wp-json\/wp\/v2\/media?parent=70691"}],"wp:term":[{"taxonomy":"product_brand","embeddable":true,"href":"https:\/\/www.invicta.fr\/es\/wp-json\/wp\/v2\/product_brand?post=70691"},{"taxonomy":"product_cat","embeddable":true,"href":"https:\/\/www.invicta.fr\/es\/wp-json\/wp\/v2\/product_cat?post=70691"},{"taxonomy":"product_tag","embeddable":true,"href":"https:\/\/www.invicta.fr\/es\/wp-json\/wp\/v2\/product_tag?post=70691"},{"taxonomy":"plus_produit","embeddable":true,"href":"https:\/\/www.invicta.fr\/es\/wp-json\/wp\/v2\/plus_produit?post=70691"}],"curies":[{"name":"wp","href":"https:\/\/api.w.org\/{rel}","templated":true}]}}