{"id":70980,"date":"2025-11-19T14:49:25","date_gmt":"2025-11-19T13:49:25","guid":{"rendered":"https:\/\/www.invicta.fr\/?post_type=product&#038;p=70980"},"modified":"2025-11-19T15:12:29","modified_gmt":"2025-11-19T14:12:29","slug":"insert-800-grand-angle-turbo","status":"publish","type":"product","link":"https:\/\/www.invicta.fr\/es\/produit\/insert-800-grand-angle-turbo\/","title":{"rendered":"Insert 800 Grand Angle Turbo"},"content":{"rendered":"","protected":false},"excerpt":{"rendered":"<p>Si\u00e9ntese c\u00f3modamente delante de su chimenea, la vista es magn\u00edfica gracias al enorme cristal de este modelo de gran tama\u00f1o. Emitir\u00e1 un calor suave por toda la estancia.<\/p>\n","protected":false},"featured_media":0,"template":"","meta":{"_acf_changed":false},"product_brand":[],"product_cat":[26],"product_tag":[],"plus_produit":[],"class_list":{"1":"product","5":"product_cat-poeles-granules","7":"first","8":"instock","9":"purchasable","10":"product-type-simple"},"acf":[],"yoast_head":"<!-- This site is optimized with the Yoast SEO plugin v24.7 - https:\/\/yoast.com\/wordpress\/plugins\/seo\/ -->\n<title>Insert 800 Grand Angle Turbo - Invicta<\/title>\n<meta name=\"description\" content=\"Si\u00e9ntese c\u00f3modamente delante de su chimenea, la vista es magn\u00edfica gracias al enorme cristal de este modelo de gran tama\u00f1o. Emitir\u00e1 un calor suave por toda la estancia.\" \/>\n<meta name=\"robots\" content=\"index, follow, max-snippet:-1, max-image-preview:large, max-video-preview:-1\" \/>\n<link rel=\"canonical\" href=\"https:\/\/www.invicta.fr\/es\/produit\/insert-800-grand-angle-turbo\/\" \/>\n<meta property=\"og:locale\" content=\"es_ES\" \/>\n<meta property=\"og:type\" content=\"article\" \/>\n<meta property=\"og:title\" content=\"Insert 800 Grand Angle Turbo - Invicta\" \/>\n<meta property=\"og:description\" content=\"Si\u00e9ntese c\u00f3modamente delante de su chimenea, la vista es magn\u00edfica gracias al enorme cristal de este modelo de gran tama\u00f1o. Emitir\u00e1 un calor suave por toda la estancia.\" \/>\n<meta property=\"og:url\" content=\"https:\/\/www.invicta.fr\/es\/produit\/insert-800-grand-angle-turbo\/\" \/>\n<meta property=\"og:site_name\" content=\"Invicta\" \/>\n<meta property=\"article:modified_time\" content=\"2025-11-19T14:12:29+00:00\" \/>\n<meta name=\"twitter:card\" content=\"summary_large_image\" \/>\n<script type=\"application\/ld+json\" class=\"yoast-schema-graph\">{\"@context\":\"https:\/\/schema.org\",\"@graph\":[{\"@type\":\"WebPage\",\"@id\":\"https:\/\/www.invicta.fr\/es\/produit\/insert-800-grand-angle-turbo\/\",\"url\":\"https:\/\/www.invicta.fr\/es\/produit\/insert-800-grand-angle-turbo\/\",\"name\":\"Insert 800 Grand Angle Turbo - Invicta\",\"isPartOf\":{\"@id\":\"https:\/\/www.invicta.fr\/es\/#website\"},\"datePublished\":\"2025-11-19T13:49:25+00:00\",\"dateModified\":\"2025-11-19T14:12:29+00:00\",\"description\":\"Si\u00e9ntese c\u00f3modamente delante de su chimenea, la vista es magn\u00edfica gracias al enorme cristal de este modelo de gran tama\u00f1o. Emitir\u00e1 un calor suave por toda la estancia.\",\"breadcrumb\":{\"@id\":\"https:\/\/www.invicta.fr\/es\/produit\/insert-800-grand-angle-turbo\/#breadcrumb\"},\"inLanguage\":\"es\",\"potentialAction\":[{\"@type\":\"ReadAction\",\"target\":[\"https:\/\/www.invicta.fr\/es\/produit\/insert-800-grand-angle-turbo\/\"]}]},{\"@type\":\"BreadcrumbList\",\"@id\":\"https:\/\/www.invicta.fr\/es\/produit\/insert-800-grand-angle-turbo\/#breadcrumb\",\"itemListElement\":[{\"@type\":\"ListItem\",\"position\":1,\"name\":\"Inicio\",\"item\":\"https:\/\/www.invicta.fr\/es\/\"},{\"@type\":\"ListItem\",\"position\":2,\"name\":\"Productos\",\"item\":\"https:\/\/www.invicta.fr\/es\/shop\/\"},{\"@type\":\"ListItem\",\"position\":3,\"name\":\"Chimeneas e insertos\",\"item\":\"https:\/\/www.invicta.fr\/es\/categorie-produit\/chemineas-insertos\/\"},{\"@type\":\"ListItem\",\"position\":4,\"name\":\"Insertos de le\u00f1a para chimeneas\",\"item\":\"https:\/\/www.invicta.fr\/es\/categorie-produit\/chemineas-insertos\/insertos-de-lena-para-chimeneas\/\"},{\"@type\":\"ListItem\",\"position\":5,\"name\":\"Insert 800 Grand Angle Turbo\"}]},{\"@type\":\"WebSite\",\"@id\":\"https:\/\/www.invicta.fr\/es\/#website\",\"url\":\"https:\/\/www.invicta.fr\/es\/\",\"name\":\"Invicta\",\"description\":\"Fabricant fran\u00e7ais, sp\u00e9cialiste europ\u00e9en du chauffage au bois : po\u00eales \u00e0 bois et \u00e0 granul\u00e9s, chemin\u00e9es, foyers et inserts\",\"publisher\":{\"@id\":\"https:\/\/www.invicta.fr\/es\/#organization\"},\"potentialAction\":[{\"@type\":\"SearchAction\",\"target\":{\"@type\":\"EntryPoint\",\"urlTemplate\":\"https:\/\/www.invicta.fr\/es\/?s={search_term_string}\"},\"query-input\":{\"@type\":\"PropertyValueSpecification\",\"valueRequired\":true,\"valueName\":\"search_term_string\"}}],\"inLanguage\":\"es\"},{\"@type\":\"Organization\",\"@id\":\"https:\/\/www.invicta.fr\/es\/#organization\",\"name\":\"Invicta\",\"url\":\"https:\/\/www.invicta.fr\/es\/\",\"logo\":{\"@type\":\"ImageObject\",\"inLanguage\":\"es\",\"@id\":\"https:\/\/www.invicta.fr\/es\/#\/schema\/logo\/image\/\",\"url\":\"https:\/\/www.invicta.fr\/wp-content\/uploads\/2019\/06\/INVICTALOGO_RVB.png\",\"contentUrl\":\"https:\/\/www.invicta.fr\/wp-content\/uploads\/2019\/06\/INVICTALOGO_RVB.png\",\"width\":1810,\"height\":1280,\"caption\":\"Invicta\"},\"image\":{\"@id\":\"https:\/\/www.invicta.fr\/es\/#\/schema\/logo\/image\/\"}}]}<\/script>\n<!-- \/ Yoast SEO plugin. -->","yoast_head_json":{"title":"Insert 800 Grand Angle Turbo - Invicta","description":"Si\u00e9ntese c\u00f3modamente delante de su chimenea, la vista es magn\u00edfica gracias al enorme cristal de este modelo de gran tama\u00f1o. Emitir\u00e1 un calor suave por toda la estancia.","robots":{"index":"index","follow":"follow","max-snippet":"max-snippet:-1","max-image-preview":"max-image-preview:large","max-video-preview":"max-video-preview:-1"},"canonical":"https:\/\/www.invicta.fr\/es\/produit\/insert-800-grand-angle-turbo\/","og_locale":"es_ES","og_type":"article","og_title":"Insert 800 Grand Angle Turbo - Invicta","og_description":"Si\u00e9ntese c\u00f3modamente delante de su chimenea, la vista es magn\u00edfica gracias al enorme cristal de este modelo de gran tama\u00f1o. Emitir\u00e1 un calor suave por toda la estancia.","og_url":"https:\/\/www.invicta.fr\/es\/produit\/insert-800-grand-angle-turbo\/","og_site_name":"Invicta","article_modified_time":"2025-11-19T14:12:29+00:00","twitter_card":"summary_large_image","schema":{"@context":"https:\/\/schema.org","@graph":[{"@type":"WebPage","@id":"https:\/\/www.invicta.fr\/es\/produit\/insert-800-grand-angle-turbo\/","url":"https:\/\/www.invicta.fr\/es\/produit\/insert-800-grand-angle-turbo\/","name":"Insert 800 Grand Angle Turbo - Invicta","isPartOf":{"@id":"https:\/\/www.invicta.fr\/es\/#website"},"datePublished":"2025-11-19T13:49:25+00:00","dateModified":"2025-11-19T14:12:29+00:00","description":"Si\u00e9ntese c\u00f3modamente delante de su chimenea, la vista es magn\u00edfica gracias al enorme cristal de este modelo de gran tama\u00f1o. Emitir\u00e1 un calor suave por toda la estancia.","breadcrumb":{"@id":"https:\/\/www.invicta.fr\/es\/produit\/insert-800-grand-angle-turbo\/#breadcrumb"},"inLanguage":"es","potentialAction":[{"@type":"ReadAction","target":["https:\/\/www.invicta.fr\/es\/produit\/insert-800-grand-angle-turbo\/"]}]},{"@type":"BreadcrumbList","@id":"https:\/\/www.invicta.fr\/es\/produit\/insert-800-grand-angle-turbo\/#breadcrumb","itemListElement":[{"@type":"ListItem","position":1,"name":"Inicio","item":"https:\/\/www.invicta.fr\/es\/"},{"@type":"ListItem","position":2,"name":"Productos","item":"https:\/\/www.invicta.fr\/es\/shop\/"},{"@type":"ListItem","position":3,"name":"Chimeneas e insertos","item":"https:\/\/www.invicta.fr\/es\/categorie-produit\/chemineas-insertos\/"},{"@type":"ListItem","position":4,"name":"Insertos de le\u00f1a para chimeneas","item":"https:\/\/www.invicta.fr\/es\/categorie-produit\/chemineas-insertos\/insertos-de-lena-para-chimeneas\/"},{"@type":"ListItem","position":5,"name":"Insert 800 Grand Angle Turbo"}]},{"@type":"WebSite","@id":"https:\/\/www.invicta.fr\/es\/#website","url":"https:\/\/www.invicta.fr\/es\/","name":"Invicta","description":"Fabricant fran\u00e7ais, sp\u00e9cialiste europ\u00e9en du chauffage au bois : po\u00eales \u00e0 bois et \u00e0 granul\u00e9s, chemin\u00e9es, foyers et inserts","publisher":{"@id":"https:\/\/www.invicta.fr\/es\/#organization"},"potentialAction":[{"@type":"SearchAction","target":{"@type":"EntryPoint","urlTemplate":"https:\/\/www.invicta.fr\/es\/?s={search_term_string}"},"query-input":{"@type":"PropertyValueSpecification","valueRequired":true,"valueName":"search_term_string"}}],"inLanguage":"es"},{"@type":"Organization","@id":"https:\/\/www.invicta.fr\/es\/#organization","name":"Invicta","url":"https:\/\/www.invicta.fr\/es\/","logo":{"@type":"ImageObject","inLanguage":"es","@id":"https:\/\/www.invicta.fr\/es\/#\/schema\/logo\/image\/","url":"https:\/\/www.invicta.fr\/wp-content\/uploads\/2019\/06\/INVICTALOGO_RVB.png","contentUrl":"https:\/\/www.invicta.fr\/wp-content\/uploads\/2019\/06\/INVICTALOGO_RVB.png","width":1810,"height":1280,"caption":"Invicta"},"image":{"@id":"https:\/\/www.invicta.fr\/es\/#\/schema\/logo\/image\/"}}]}},"_links":{"self":[{"href":"https:\/\/www.invicta.fr\/es\/wp-json\/wp\/v2\/product\/70980","targetHints":{"allow":["GET"]}}],"collection":[{"href":"https:\/\/www.invicta.fr\/es\/wp-json\/wp\/v2\/product"}],"about":[{"href":"https:\/\/www.invicta.fr\/es\/wp-json\/wp\/v2\/types\/product"}],"wp:attachment":[{"href":"https:\/\/www.invicta.fr\/es\/wp-json\/wp\/v2\/media?parent=70980"}],"wp:term":[{"taxonomy":"product_brand","embeddable":true,"href":"https:\/\/www.invicta.fr\/es\/wp-json\/wp\/v2\/product_brand?post=70980"},{"taxonomy":"product_cat","embeddable":true,"href":"https:\/\/www.invicta.fr\/es\/wp-json\/wp\/v2\/product_cat?post=70980"},{"taxonomy":"product_tag","embeddable":true,"href":"https:\/\/www.invicta.fr\/es\/wp-json\/wp\/v2\/product_tag?post=70980"},{"taxonomy":"plus_produit","embeddable":true,"href":"https:\/\/www.invicta.fr\/es\/wp-json\/wp\/v2\/plus_produit?post=70980"}],"curies":[{"name":"wp","href":"https:\/\/api.w.org\/{rel}","templated":true}]}}