{"id":26911,"date":"2019-09-23T12:04:51","date_gmt":"2019-09-23T10:04:51","guid":{"rendered":"https:\/\/www.invicta.fr\/?page_id=26911"},"modified":"2019-09-23T12:07:29","modified_gmt":"2019-09-23T10:07:29","slug":"maintenance","status":"publish","type":"page","link":"https:\/\/www.invicta.fr\/fr\/maintenance\/","title":{"rendered":"Maintenance"},"content":{"rendered":"\t\t<div data-elementor-type=\"wp-page\" data-elementor-id=\"26911\" class=\"elementor elementor-26911\" data-elementor-post-type=\"page\">\n\t\t\t\t\t\t<section class=\"elementor-section elementor-top-section elementor-element elementor-element-f4c96d9 elementor-section-stretched elementor-section-full_width elementor-section-height-full elementor-section-height-default elementor-section-items-middle\" data-id=\"f4c96d9\" data-element_type=\"section\" data-settings=\"{&quot;stretch_section&quot;:&quot;section-stretched&quot;,&quot;background_background&quot;:&quot;classic&quot;}\">\n\t\t\t\t\t\t<div class=\"elementor-container elementor-column-gap-no\">\n\t\t\t\t\t<div class=\"elementor-column elementor-col-100 elementor-top-column elementor-element elementor-element-6592fdd\" data-id=\"6592fdd\" data-element_type=\"column\">\n\t\t\t<div class=\"elementor-widget-wrap elementor-element-populated\">\n\t\t\t\t\t\t<div class=\"elementor-element elementor-element-ad47f27 elementor-widget elementor-widget-image\" data-id=\"ad47f27\" data-element_type=\"widget\" data-widget_type=\"image.default\">\n\t\t\t\t<div class=\"elementor-widget-container\">\n\t\t\t\t\t\t\t\t\t\t\t\t\t\t\t<img decoding=\"async\" width=\"219\" height=\"79\" src=\"https:\/\/www.invicta.fr\/wp-content\/uploads\/2019\/03\/logo-blanc.svg\" class=\"attachment-medium_large size-medium_large wp-image-403\" alt=\"logo Invicta\" \/>\t\t\t\t\t\t\t\t\t\t\t\t\t\t\t<\/div>\n\t\t\t\t<\/div>\n\t\t\t\t<div class=\"elementor-element elementor-element-a70dabc elementor-widget elementor-widget-heading\" data-id=\"a70dabc\" data-element_type=\"widget\" data-widget_type=\"heading.default\">\n\t\t\t\t<div class=\"elementor-widget-container\">\n\t\t\t\t\t<h1 class=\"elementor-heading-title elementor-size-default\">Invicta revient bient\u00f4t !<\/h1>\t\t\t\t<\/div>\n\t\t\t\t<\/div>\n\t\t\t\t\t<\/div>\n\t\t<\/div>\n\t\t\t\t\t<\/div>\n\t\t<\/section>\n\t\t\t\t<\/div>\n\t\t","protected":false},"excerpt":{"rendered":"<p>Invicta revient bient\u00f4t !<\/p>\n","protected":false},"author":130,"featured_media":0,"parent":0,"menu_order":0,"comment_status":"closed","ping_status":"closed","template":"elementor_canvas","meta":{"_acf_changed":false,"footnotes":""},"class_list":{"1":"page"},"acf":[],"yoast_head":"<!-- This site is optimized with the Yoast SEO plugin v24.7 - https:\/\/yoast.com\/wordpress\/plugins\/seo\/ -->\n<title>Maintenance - Invicta<\/title>\n<meta name=\"description\" content=\"Invicta revient bient\u00f4t !\" \/>\n<meta name=\"robots\" content=\"index, follow, max-snippet:-1, max-image-preview:large, max-video-preview:-1\" \/>\n<link rel=\"canonical\" href=\"https:\/\/www.invicta.fr\/fr\/maintenance\/\" \/>\n<meta property=\"og:locale\" content=\"fr_FR\" \/>\n<meta property=\"og:type\" content=\"article\" \/>\n<meta property=\"og:title\" content=\"Maintenance - Invicta\" \/>\n<meta property=\"og:description\" content=\"Invicta revient bient\u00f4t !\" \/>\n<meta property=\"og:url\" content=\"https:\/\/www.invicta.fr\/fr\/maintenance\/\" \/>\n<meta property=\"og:site_name\" content=\"Invicta\" \/>\n<meta property=\"article:modified_time\" content=\"2019-09-23T10:07:29+00:00\" \/>\n<meta property=\"og:image\" content=\"https:\/\/www.invicta.fr\/wp-content\/uploads\/2019\/03\/logo-blanc.svg\" \/>\n<meta name=\"twitter:card\" content=\"summary_large_image\" \/>\n<script type=\"application\/ld+json\" class=\"yoast-schema-graph\">{\"@context\":\"https:\/\/schema.org\",\"@graph\":[{\"@type\":\"WebPage\",\"@id\":\"https:\/\/www.invicta.fr\/fr\/maintenance\/\",\"url\":\"https:\/\/www.invicta.fr\/fr\/maintenance\/\",\"name\":\"Maintenance - Invicta\",\"isPartOf\":{\"@id\":\"https:\/\/www.invicta.fr\/fr\/#website\"},\"primaryImageOfPage\":{\"@id\":\"https:\/\/www.invicta.fr\/fr\/maintenance\/#primaryimage\"},\"image\":{\"@id\":\"https:\/\/www.invicta.fr\/fr\/maintenance\/#primaryimage\"},\"thumbnailUrl\":\"https:\/\/www.invicta.fr\/wp-content\/uploads\/2019\/03\/logo-blanc.svg\",\"datePublished\":\"2019-09-23T10:04:51+00:00\",\"dateModified\":\"2019-09-23T10:07:29+00:00\",\"description\":\"Invicta revient bient\u00f4t !\",\"breadcrumb\":{\"@id\":\"https:\/\/www.invicta.fr\/fr\/maintenance\/#breadcrumb\"},\"inLanguage\":\"fr-FR\",\"potentialAction\":[{\"@type\":\"ReadAction\",\"target\":[\"https:\/\/www.invicta.fr\/fr\/maintenance\/\"]}]},{\"@type\":\"ImageObject\",\"inLanguage\":\"fr-FR\",\"@id\":\"https:\/\/www.invicta.fr\/fr\/maintenance\/#primaryimage\",\"url\":\"https:\/\/www.invicta.fr\/wp-content\/uploads\/2019\/03\/logo-blanc.svg\",\"contentUrl\":\"https:\/\/www.invicta.fr\/wp-content\/uploads\/2019\/03\/logo-blanc.svg\"},{\"@type\":\"BreadcrumbList\",\"@id\":\"https:\/\/www.invicta.fr\/fr\/maintenance\/#breadcrumb\",\"itemListElement\":[{\"@type\":\"ListItem\",\"position\":1,\"name\":\"Accueil\",\"item\":\"https:\/\/www.invicta.fr\/fr\/\"},{\"@type\":\"ListItem\",\"position\":2,\"name\":\"Maintenance\"}]},{\"@type\":\"WebSite\",\"@id\":\"https:\/\/www.invicta.fr\/fr\/#website\",\"url\":\"https:\/\/www.invicta.fr\/fr\/\",\"name\":\"Invicta\",\"description\":\"Fabricant fran\u00e7ais, sp\u00e9cialiste europ\u00e9en du chauffage au bois : po\u00eales \u00e0 bois et \u00e0 granul\u00e9s, chemin\u00e9es, foyers et inserts\",\"publisher\":{\"@id\":\"https:\/\/www.invicta.fr\/fr\/#organization\"},\"potentialAction\":[{\"@type\":\"SearchAction\",\"target\":{\"@type\":\"EntryPoint\",\"urlTemplate\":\"https:\/\/www.invicta.fr\/fr\/?s={search_term_string}\"},\"query-input\":{\"@type\":\"PropertyValueSpecification\",\"valueRequired\":true,\"valueName\":\"search_term_string\"}}],\"inLanguage\":\"fr-FR\"},{\"@type\":\"Organization\",\"@id\":\"https:\/\/www.invicta.fr\/fr\/#organization\",\"name\":\"Invicta\",\"url\":\"https:\/\/www.invicta.fr\/fr\/\",\"logo\":{\"@type\":\"ImageObject\",\"inLanguage\":\"fr-FR\",\"@id\":\"https:\/\/www.invicta.fr\/fr\/#\/schema\/logo\/image\/\",\"url\":\"https:\/\/www.invicta.fr\/wp-content\/uploads\/2019\/06\/INVICTALOGO_RVB.png\",\"contentUrl\":\"https:\/\/www.invicta.fr\/wp-content\/uploads\/2019\/06\/INVICTALOGO_RVB.png\",\"width\":1810,\"height\":1280,\"caption\":\"Invicta\"},\"image\":{\"@id\":\"https:\/\/www.invicta.fr\/fr\/#\/schema\/logo\/image\/\"}}]}<\/script>\n<!-- \/ Yoast SEO plugin. -->","yoast_head_json":{"title":"Maintenance - Invicta","description":"Invicta revient bient\u00f4t !","robots":{"index":"index","follow":"follow","max-snippet":"max-snippet:-1","max-image-preview":"max-image-preview:large","max-video-preview":"max-video-preview:-1"},"canonical":"https:\/\/www.invicta.fr\/fr\/maintenance\/","og_locale":"fr_FR","og_type":"article","og_title":"Maintenance - Invicta","og_description":"Invicta revient bient\u00f4t !","og_url":"https:\/\/www.invicta.fr\/fr\/maintenance\/","og_site_name":"Invicta","article_modified_time":"2019-09-23T10:07:29+00:00","og_image":[{"url":"https:\/\/www.invicta.fr\/wp-content\/uploads\/2019\/03\/logo-blanc.svg","type":"","width":"","height":""}],"twitter_card":"summary_large_image","schema":{"@context":"https:\/\/schema.org","@graph":[{"@type":"WebPage","@id":"https:\/\/www.invicta.fr\/fr\/maintenance\/","url":"https:\/\/www.invicta.fr\/fr\/maintenance\/","name":"Maintenance - Invicta","isPartOf":{"@id":"https:\/\/www.invicta.fr\/fr\/#website"},"primaryImageOfPage":{"@id":"https:\/\/www.invicta.fr\/fr\/maintenance\/#primaryimage"},"image":{"@id":"https:\/\/www.invicta.fr\/fr\/maintenance\/#primaryimage"},"thumbnailUrl":"https:\/\/www.invicta.fr\/wp-content\/uploads\/2019\/03\/logo-blanc.svg","datePublished":"2019-09-23T10:04:51+00:00","dateModified":"2019-09-23T10:07:29+00:00","description":"Invicta revient bient\u00f4t !","breadcrumb":{"@id":"https:\/\/www.invicta.fr\/fr\/maintenance\/#breadcrumb"},"inLanguage":"fr-FR","potentialAction":[{"@type":"ReadAction","target":["https:\/\/www.invicta.fr\/fr\/maintenance\/"]}]},{"@type":"ImageObject","inLanguage":"fr-FR","@id":"https:\/\/www.invicta.fr\/fr\/maintenance\/#primaryimage","url":"https:\/\/www.invicta.fr\/wp-content\/uploads\/2019\/03\/logo-blanc.svg","contentUrl":"https:\/\/www.invicta.fr\/wp-content\/uploads\/2019\/03\/logo-blanc.svg"},{"@type":"BreadcrumbList","@id":"https:\/\/www.invicta.fr\/fr\/maintenance\/#breadcrumb","itemListElement":[{"@type":"ListItem","position":1,"name":"Accueil","item":"https:\/\/www.invicta.fr\/fr\/"},{"@type":"ListItem","position":2,"name":"Maintenance"}]},{"@type":"WebSite","@id":"https:\/\/www.invicta.fr\/fr\/#website","url":"https:\/\/www.invicta.fr\/fr\/","name":"Invicta","description":"Fabricant fran\u00e7ais, sp\u00e9cialiste europ\u00e9en du chauffage au bois : po\u00eales \u00e0 bois et \u00e0 granul\u00e9s, chemin\u00e9es, foyers et inserts","publisher":{"@id":"https:\/\/www.invicta.fr\/fr\/#organization"},"potentialAction":[{"@type":"SearchAction","target":{"@type":"EntryPoint","urlTemplate":"https:\/\/www.invicta.fr\/fr\/?s={search_term_string}"},"query-input":{"@type":"PropertyValueSpecification","valueRequired":true,"valueName":"search_term_string"}}],"inLanguage":"fr-FR"},{"@type":"Organization","@id":"https:\/\/www.invicta.fr\/fr\/#organization","name":"Invicta","url":"https:\/\/www.invicta.fr\/fr\/","logo":{"@type":"ImageObject","inLanguage":"fr-FR","@id":"https:\/\/www.invicta.fr\/fr\/#\/schema\/logo\/image\/","url":"https:\/\/www.invicta.fr\/wp-content\/uploads\/2019\/06\/INVICTALOGO_RVB.png","contentUrl":"https:\/\/www.invicta.fr\/wp-content\/uploads\/2019\/06\/INVICTALOGO_RVB.png","width":1810,"height":1280,"caption":"Invicta"},"image":{"@id":"https:\/\/www.invicta.fr\/fr\/#\/schema\/logo\/image\/"}}]}},"_links":{"self":[{"href":"https:\/\/www.invicta.fr\/fr\/wp-json\/wp\/v2\/pages\/26911","targetHints":{"allow":["GET"]}}],"collection":[{"href":"https:\/\/www.invicta.fr\/fr\/wp-json\/wp\/v2\/pages"}],"about":[{"href":"https:\/\/www.invicta.fr\/fr\/wp-json\/wp\/v2\/types\/page"}],"author":[{"embeddable":true,"href":"https:\/\/www.invicta.fr\/fr\/wp-json\/wp\/v2\/users\/130"}],"replies":[{"embeddable":true,"href":"https:\/\/www.invicta.fr\/fr\/wp-json\/wp\/v2\/comments?post=26911"}],"version-history":[{"count":0,"href":"https:\/\/www.invicta.fr\/fr\/wp-json\/wp\/v2\/pages\/26911\/revisions"}],"wp:attachment":[{"href":"https:\/\/www.invicta.fr\/fr\/wp-json\/wp\/v2\/media?parent=26911"}],"curies":[{"name":"wp","href":"https:\/\/api.w.org\/{rel}","templated":true}]}}