{"id":60075,"date":"2024-03-19T17:16:25","date_gmt":"2024-03-19T16:16:25","guid":{"rendered":"https:\/\/www.invicta.fr\/?page_id=60075"},"modified":"2025-05-22T15:51:30","modified_gmt":"2025-05-22T13:51:30","slug":"aide-a-lachat-dun-poele","status":"publish","type":"page","link":"https:\/\/www.invicta.fr\/fr\/aide-a-lachat-dun-poele\/","title":{"rendered":"Aide \u00e0 l&#8217;achat d&#8217;un po\u00eale Invicta"},"content":{"rendered":"\t\t<div data-elementor-type=\"wp-page\" data-elementor-id=\"60075\" class=\"elementor elementor-60075\" data-elementor-post-type=\"page\">\n\t\t\t\t\t\t<section class=\"elementor-section elementor-top-section elementor-element elementor-element-6092f28 elementor-section-boxed elementor-section-height-default elementor-section-height-default\" data-id=\"6092f28\" data-element_type=\"section\">\n\t\t\t\t\t\t<div class=\"elementor-container elementor-column-gap-default\">\n\t\t\t\t\t<div class=\"elementor-column elementor-col-100 elementor-top-column elementor-element elementor-element-7baa433\" data-id=\"7baa433\" data-element_type=\"column\">\n\t\t\t<div class=\"elementor-widget-wrap elementor-element-populated\">\n\t\t\t\t\t\t<div class=\"elementor-element elementor-element-a2bc065 elementor-widget elementor-widget-image\" data-id=\"a2bc065\" data-element_type=\"widget\" data-widget_type=\"image.default\">\n\t\t\t\t<div class=\"elementor-widget-container\">\n\t\t\t\t\t\t\t\t\t\t\t\t\t\t\t<img fetchpriority=\"high\" decoding=\"async\" width=\"354\" height=\"386\" src=\"https:\/\/www.invicta.fr\/wp-content\/uploads\/2024\/03\/A_P614904_OVATIO_web.jpg\" class=\"attachment-medium size-medium wp-image-60251\" alt=\"Po\u00eale \u00e0 bois en fonte Ovatio Invicta\" \/>\t\t\t\t\t\t\t\t\t\t\t\t\t\t\t<\/div>\n\t\t\t\t<\/div>\n\t\t\t\t<div class=\"elementor-element elementor-element-5f03891 elementor-widget elementor-widget-heading\" data-id=\"5f03891\" data-element_type=\"widget\" data-widget_type=\"heading.default\">\n\t\t\t\t<div class=\"elementor-widget-container\">\n\t\t\t\t\t<h2 class=\"elementor-heading-title elementor-size-default\">Questions fr\u00e9quentes - FAQ <\/h2>\t\t\t\t<\/div>\n\t\t\t\t<\/div>\n\t\t\t\t<div class=\"elementor-element elementor-element-827c366 elementor-widget elementor-widget-toggle\" data-id=\"827c366\" data-element_type=\"widget\" data-widget_type=\"toggle.default\">\n\t\t\t\t<div class=\"elementor-widget-container\">\n\t\t\t\t\t\t\t<div class=\"elementor-toggle\">\n\t\t\t\t\t\t\t<div class=\"elementor-toggle-item\">\n\t\t\t\t\t<div id=\"elementor-tab-title-1361\" class=\"elementor-tab-title\" data-tab=\"1\" role=\"button\" aria-controls=\"elementor-tab-content-1361\" aria-expanded=\"false\">\n\t\t\t\t\t\t\t\t\t\t\t\t<span class=\"elementor-toggle-icon elementor-toggle-icon-left\" aria-hidden=\"true\">\n\t\t\t\t\t\t\t\t\t\t\t\t\t\t\t<span class=\"elementor-toggle-icon-closed\"><i class=\"fas fa-chevron-down\"><\/i><\/span>\n\t\t\t\t\t\t\t\t<span class=\"elementor-toggle-icon-opened\"><i class=\"elementor-toggle-icon-opened fas fa-angle-up\"><\/i><\/span>\n\t\t\t\t\t\t\t\t\t\t\t\t\t<\/span>\n\t\t\t\t\t\t\t\t\t\t\t\t<a class=\"elementor-toggle-title\" tabindex=\"0\">O\u00f9 acheter un appareil Invicta : po\u00eale \u00e0 bois, po\u00eale \u00e0 granul\u00e9s, insert pour chemin\u00e9e ?<\/a>\n\t\t\t\t\t<\/div>\n\n\t\t\t\t\t<div id=\"elementor-tab-content-1361\" class=\"elementor-tab-content elementor-clearfix\" data-tab=\"1\" role=\"region\" aria-labelledby=\"elementor-tab-title-1361\"><p><span>L\u2019un de nos appareils vous int\u00e9resse ? Nous confions la commercialisation de nos produits \u00e0 des professionnels du secteur. Nous vous invitons \u00e0 vous rapprocher du concessionnaire Invicta Shop le plus proche de chez vous, ou \u00e0 d\u00e9faut d\u2019un installateur partenaire. Ils vous apporteront un service complet et des conseils techniques adapt\u00e9s \u00e0 votre besoin. <\/span><a rel=\"noopener\" href=\"https:\/\/www.invicta.fr\/fr\/carte-revendeurs\/\" target=\"_blank\">Acc\u00e9der \u00e0 notre page revendeurs<\/a><\/p><\/div>\n\t\t\t\t<\/div>\n\t\t\t\t\t\t\t<div class=\"elementor-toggle-item\">\n\t\t\t\t\t<div id=\"elementor-tab-title-1362\" class=\"elementor-tab-title\" data-tab=\"2\" role=\"button\" aria-controls=\"elementor-tab-content-1362\" aria-expanded=\"false\">\n\t\t\t\t\t\t\t\t\t\t\t\t<span class=\"elementor-toggle-icon elementor-toggle-icon-left\" aria-hidden=\"true\">\n\t\t\t\t\t\t\t\t\t\t\t\t\t\t\t<span class=\"elementor-toggle-icon-closed\"><i class=\"fas fa-chevron-down\"><\/i><\/span>\n\t\t\t\t\t\t\t\t<span class=\"elementor-toggle-icon-opened\"><i class=\"elementor-toggle-icon-opened fas fa-angle-up\"><\/i><\/span>\n\t\t\t\t\t\t\t\t\t\t\t\t\t<\/span>\n\t\t\t\t\t\t\t\t\t\t\t\t<a class=\"elementor-toggle-title\" tabindex=\"0\">Conna\u00eetre les disponibilit\u00e9s et le prix d\u2019un appareil<\/a>\n\t\t\t\t\t<\/div>\n\n\t\t\t\t\t<div id=\"elementor-tab-content-1362\" class=\"elementor-tab-content elementor-clearfix\" data-tab=\"2\" role=\"region\" aria-labelledby=\"elementor-tab-title-1362\"><p><span>Nous confions la commercialisation et l\u2019installation de nos appareils \u00e0 un r\u00e9seau de professionnels. Nous vous invitons \u00e0 vous rapprocher directement du concessionnaire Invicta Shop de votre secteur ou \u00e0 d\u00e9faut d\u2019un installateur partenaire. il pourra vous apporter des conseils adapt\u00e9s \u00e0 votre besoin en chauffage et vous \u00e9tablir un devis. <\/span><a rel=\"noopener\" href=\"https:\/\/www.invicta.fr\/fr\/demande-de-devis\/\" target=\"_blank\">Demander un devis<\/a><\/p><\/div>\n\t\t\t\t<\/div>\n\t\t\t\t\t\t\t<div class=\"elementor-toggle-item\">\n\t\t\t\t\t<div id=\"elementor-tab-title-1363\" class=\"elementor-tab-title\" data-tab=\"3\" role=\"button\" aria-controls=\"elementor-tab-content-1363\" aria-expanded=\"false\">\n\t\t\t\t\t\t\t\t\t\t\t\t<span class=\"elementor-toggle-icon elementor-toggle-icon-left\" aria-hidden=\"true\">\n\t\t\t\t\t\t\t\t\t\t\t\t\t\t\t<span class=\"elementor-toggle-icon-closed\"><i class=\"fas fa-chevron-down\"><\/i><\/span>\n\t\t\t\t\t\t\t\t<span class=\"elementor-toggle-icon-opened\"><i class=\"elementor-toggle-icon-opened fas fa-angle-up\"><\/i><\/span>\n\t\t\t\t\t\t\t\t\t\t\t\t\t<\/span>\n\t\t\t\t\t\t\t\t\t\t\t\t<a class=\"elementor-toggle-title\" tabindex=\"0\">O\u00f9 trouver un revendeur ?<\/a>\n\t\t\t\t\t<\/div>\n\n\t\t\t\t\t<div id=\"elementor-tab-content-1363\" class=\"elementor-tab-content elementor-clearfix\" data-tab=\"3\" role=\"region\" aria-labelledby=\"elementor-tab-title-1363\"><p><span>Vous retrouverez l\u2019int\u00e9gralit\u00e9 de nos partenaires sur <a rel=\"noopener\" href=\"https:\/\/www.invicta.fr\/fr\/carte-revendeurs\/\" target=\"_blank\">notre carte revendeurs.<\/a> <\/span><span>Vous souhaitez trouver le concessionnaire Invicta Shop le plus proche de chez vous ? Entrez votre code postal et cochez \u201cInvicta Shop\u201d. Pour rechercher un autre professionnel qualifi\u00e9, cochez la case Installateur partenaire.<\/span><span><\/span><\/p><\/div>\n\t\t\t\t<\/div>\n\t\t\t\t\t\t\t<div class=\"elementor-toggle-item\">\n\t\t\t\t\t<div id=\"elementor-tab-title-1364\" class=\"elementor-tab-title\" data-tab=\"4\" role=\"button\" aria-controls=\"elementor-tab-content-1364\" aria-expanded=\"false\">\n\t\t\t\t\t\t\t\t\t\t\t\t<span class=\"elementor-toggle-icon elementor-toggle-icon-left\" aria-hidden=\"true\">\n\t\t\t\t\t\t\t\t\t\t\t\t\t\t\t<span class=\"elementor-toggle-icon-closed\"><i class=\"fas fa-chevron-down\"><\/i><\/span>\n\t\t\t\t\t\t\t\t<span class=\"elementor-toggle-icon-opened\"><i class=\"elementor-toggle-icon-opened fas fa-angle-up\"><\/i><\/span>\n\t\t\t\t\t\t\t\t\t\t\t\t\t<\/span>\n\t\t\t\t\t\t\t\t\t\t\t\t<a class=\"elementor-toggle-title\" tabindex=\"0\">Besoin d\u2019informations sur un produit ?  <\/a>\n\t\t\t\t\t<\/div>\n\n\t\t\t\t\t<div id=\"elementor-tab-content-1364\" class=\"elementor-tab-content elementor-clearfix\" data-tab=\"4\" role=\"region\" aria-labelledby=\"elementor-tab-title-1364\"><p>Pour obtenir des informations sur nos produits (<strong>hors installation<\/strong>) les notices de nos appareils sont t\u00e9l\u00e9chargeables \u00e0 partir de la fiche produit publi\u00e9e sur le site internet <em>invicta.fr. <\/em>Tapez le nom du produit dans la barre de recherche et t\u00e9l\u00e9chargez la documentation associ\u00e9e\u00a0: FICHE TECHNIQUE.<\/p><p>Si votre question concerne <strong>l\u2019installation de votre produit<\/strong>, <strong>merci de contacter un professionnel qualifi\u00e9.\u00a0<\/strong><\/p><\/div>\n\t\t\t\t<\/div>\n\t\t\t\t\t\t\t<div class=\"elementor-toggle-item\">\n\t\t\t\t\t<div id=\"elementor-tab-title-1365\" class=\"elementor-tab-title\" data-tab=\"5\" role=\"button\" aria-controls=\"elementor-tab-content-1365\" aria-expanded=\"false\">\n\t\t\t\t\t\t\t\t\t\t\t\t<span class=\"elementor-toggle-icon elementor-toggle-icon-left\" aria-hidden=\"true\">\n\t\t\t\t\t\t\t\t\t\t\t\t\t\t\t<span class=\"elementor-toggle-icon-closed\"><i class=\"fas fa-chevron-down\"><\/i><\/span>\n\t\t\t\t\t\t\t\t<span class=\"elementor-toggle-icon-opened\"><i class=\"elementor-toggle-icon-opened fas fa-angle-up\"><\/i><\/span>\n\t\t\t\t\t\t\t\t\t\t\t\t\t<\/span>\n\t\t\t\t\t\t\t\t\t\t\t\t<a class=\"elementor-toggle-title\" tabindex=\"0\">Suivi de commande \/ Livraison d\u2019un appareil  <\/a>\n\t\t\t\t\t<\/div>\n\n\t\t\t\t\t<div id=\"elementor-tab-content-1365\" class=\"elementor-tab-content elementor-clearfix\" data-tab=\"5\" role=\"region\" aria-labelledby=\"elementor-tab-title-1365\"><p>Nous vous invitons \u00e0 vous adresser directement \u00e0 votre revendeur, ce dernier contactera notre service commercial pour \u00e9tablir le suivi de sa commande.<\/p><\/div>\n\t\t\t\t<\/div>\n\t\t\t\t\t\t\t\t<\/div>\n\t\t\t\t\t\t<\/div>\n\t\t\t\t<\/div>\n\t\t\t\t<div class=\"elementor-element elementor-element-bf9fb48 elementor-widget elementor-widget-heading\" data-id=\"bf9fb48\" data-element_type=\"widget\" data-widget_type=\"heading.default\">\n\t\t\t\t<div class=\"elementor-widget-container\">\n\t\t\t\t\t<h2 class=\"elementor-heading-title elementor-size-default\">Assistance technique et pi\u00e8ces d\u00e9tach\u00e9es<\/h2>\t\t\t\t<\/div>\n\t\t\t\t<\/div>\n\t\t\t\t<div class=\"elementor-element elementor-element-5a510e6 elementor-widget elementor-widget-toggle\" data-id=\"5a510e6\" data-element_type=\"widget\" data-widget_type=\"toggle.default\">\n\t\t\t\t<div class=\"elementor-widget-container\">\n\t\t\t\t\t\t\t<div class=\"elementor-toggle\">\n\t\t\t\t\t\t\t<div class=\"elementor-toggle-item\">\n\t\t\t\t\t<div id=\"elementor-tab-title-9471\" class=\"elementor-tab-title\" data-tab=\"1\" role=\"button\" aria-controls=\"elementor-tab-content-9471\" aria-expanded=\"false\">\n\t\t\t\t\t\t\t\t\t\t\t\t<span class=\"elementor-toggle-icon elementor-toggle-icon-left\" aria-hidden=\"true\">\n\t\t\t\t\t\t\t\t\t\t\t\t\t\t\t<span class=\"elementor-toggle-icon-closed\"><i class=\"fas fa-chevron-down\"><\/i><\/span>\n\t\t\t\t\t\t\t\t<span class=\"elementor-toggle-icon-opened\"><i class=\"elementor-toggle-icon-opened fas fa-angle-up\"><\/i><\/span>\n\t\t\t\t\t\t\t\t\t\t\t\t\t<\/span>\n\t\t\t\t\t\t\t\t\t\t\t\t<a class=\"elementor-toggle-title\" tabindex=\"0\">Contactez-nous<\/a>\n\t\t\t\t\t<\/div>\n\n\t\t\t\t\t<div id=\"elementor-tab-content-9471\" class=\"elementor-tab-content elementor-clearfix\" data-tab=\"1\" role=\"region\" aria-labelledby=\"elementor-tab-title-9471\"><p>Notre service d\u2019assistance est disponible <span style=\"text-decoration: underline;\"><strong>par mail<\/strong><\/span> du <strong>lundi au vendredi.<\/strong> Merci d\u2019effectuer votre demande <a rel=\"noopener\" href=\"https:\/\/formulaire.pieces-detachees.invicta-group.fr\/assistance-sav\" target=\"_blank\">via le formulaire d\u2019Assistance SAV<\/a><\/p><\/div>\n\t\t\t\t<\/div>\n\t\t\t\t\t\t\t\t<\/div>\n\t\t\t\t\t\t<\/div>\n\t\t\t\t<\/div>\n\t\t\t\t\t<\/div>\n\t\t<\/div>\n\t\t\t\t\t<\/div>\n\t\t<\/section>\n\t\t\t\t<\/div>\n\t\t","protected":false},"excerpt":{"rendered":"<p>Questions fr\u00e9quentes &#8211; FAQ O\u00f9 acheter un appareil Invicta : po\u00eale \u00e0 bois, po\u00eale \u00e0 granul\u00e9s, insert pour chemin\u00e9e ? L\u2019un de nos appareils vous int\u00e9resse ? Nous confions la commercialisation de nos produits \u00e0 des professionnels du secteur. Nous vous invitons \u00e0 vous rapprocher du concessionnaire Invicta Shop le plus proche de chez vous, [&hellip;]<\/p>\n","protected":false},"author":500013,"featured_media":0,"parent":0,"menu_order":0,"comment_status":"closed","ping_status":"closed","template":"","meta":{"_acf_changed":false,"footnotes":""},"class_list":{"1":"page"},"acf":[],"yoast_head":"<!-- This site is optimized with the Yoast SEO plugin v24.7 - https:\/\/yoast.com\/wordpress\/plugins\/seo\/ -->\n<title>Aide \u00e0 l&#039;achat d&#039;un po\u00eale Invicta - Invicta<\/title>\n<meta name=\"description\" content=\"Questions fr\u00e9quentes - FAQ O\u00f9 acheter un appareil Invicta : po\u00eale \u00e0 bois, po\u00eale \u00e0 granul\u00e9s, insert pour chemin\u00e9e ? L\u2019un de nos appareils vous int\u00e9resse ?\" \/>\n<meta name=\"robots\" content=\"index, follow, max-snippet:-1, max-image-preview:large, max-video-preview:-1\" \/>\n<link rel=\"canonical\" href=\"https:\/\/www.invicta.fr\/fr\/aide-a-lachat-dun-poele\/\" \/>\n<meta property=\"og:locale\" content=\"fr_FR\" \/>\n<meta property=\"og:type\" content=\"article\" \/>\n<meta property=\"og:title\" content=\"Aide \u00e0 l&#039;achat d&#039;un po\u00eale Invicta - Invicta\" \/>\n<meta property=\"og:description\" content=\"Questions fr\u00e9quentes - FAQ O\u00f9 acheter un appareil Invicta : po\u00eale \u00e0 bois, po\u00eale \u00e0 granul\u00e9s, insert pour chemin\u00e9e ? L\u2019un de nos appareils vous int\u00e9resse ?\" \/>\n<meta property=\"og:url\" content=\"https:\/\/www.invicta.fr\/fr\/aide-a-lachat-dun-poele\/\" \/>\n<meta property=\"og:site_name\" content=\"Invicta\" \/>\n<meta property=\"article:modified_time\" content=\"2025-05-22T13:51:30+00:00\" \/>\n<meta property=\"og:image\" content=\"https:\/\/www.invicta.fr\/wp-content\/uploads\/2024\/03\/A_P614904_OVATIO_web.jpg\" \/>\n\t<meta property=\"og:image:width\" content=\"1285\" \/>\n\t<meta property=\"og:image:height\" content=\"1400\" \/>\n\t<meta property=\"og:image:type\" content=\"image\/jpeg\" \/>\n<meta name=\"twitter:card\" content=\"summary_large_image\" \/>\n<meta name=\"twitter:label1\" content=\"Dur\u00e9e de lecture estim\u00e9e\" \/>\n\t<meta name=\"twitter:data1\" content=\"2 minutes\" \/>\n<script type=\"application\/ld+json\" class=\"yoast-schema-graph\">{\"@context\":\"https:\/\/schema.org\",\"@graph\":[{\"@type\":\"WebPage\",\"@id\":\"https:\/\/www.invicta.fr\/fr\/aide-a-lachat-dun-poele\/\",\"url\":\"https:\/\/www.invicta.fr\/fr\/aide-a-lachat-dun-poele\/\",\"name\":\"Aide \u00e0 l'achat d'un po\u00eale Invicta - Invicta\",\"isPartOf\":{\"@id\":\"https:\/\/www.invicta.fr\/fr\/#website\"},\"primaryImageOfPage\":{\"@id\":\"https:\/\/www.invicta.fr\/fr\/aide-a-lachat-dun-poele\/#primaryimage\"},\"image\":{\"@id\":\"https:\/\/www.invicta.fr\/fr\/aide-a-lachat-dun-poele\/#primaryimage\"},\"thumbnailUrl\":\"https:\/\/www.invicta.fr\/wp-content\/uploads\/2024\/03\/A_P614904_OVATIO_web.jpg\",\"datePublished\":\"2024-03-19T16:16:25+00:00\",\"dateModified\":\"2025-05-22T13:51:30+00:00\",\"description\":\"Questions fr\u00e9quentes - FAQ O\u00f9 acheter un appareil Invicta : po\u00eale \u00e0 bois, po\u00eale \u00e0 granul\u00e9s, insert pour chemin\u00e9e ? L\u2019un de nos appareils vous int\u00e9resse ?\",\"breadcrumb\":{\"@id\":\"https:\/\/www.invicta.fr\/fr\/aide-a-lachat-dun-poele\/#breadcrumb\"},\"inLanguage\":\"fr-FR\",\"potentialAction\":[{\"@type\":\"ReadAction\",\"target\":[\"https:\/\/www.invicta.fr\/fr\/aide-a-lachat-dun-poele\/\"]}]},{\"@type\":\"ImageObject\",\"inLanguage\":\"fr-FR\",\"@id\":\"https:\/\/www.invicta.fr\/fr\/aide-a-lachat-dun-poele\/#primaryimage\",\"url\":\"https:\/\/www.invicta.fr\/wp-content\/uploads\/2024\/03\/A_P614904_OVATIO_web.jpg\",\"contentUrl\":\"https:\/\/www.invicta.fr\/wp-content\/uploads\/2024\/03\/A_P614904_OVATIO_web.jpg\"},{\"@type\":\"BreadcrumbList\",\"@id\":\"https:\/\/www.invicta.fr\/fr\/aide-a-lachat-dun-poele\/#breadcrumb\",\"itemListElement\":[{\"@type\":\"ListItem\",\"position\":1,\"name\":\"Accueil\",\"item\":\"https:\/\/www.invicta.fr\/fr\/\"},{\"@type\":\"ListItem\",\"position\":2,\"name\":\"Aide \u00e0 l&#8217;achat d&#8217;un po\u00eale Invicta\"}]},{\"@type\":\"WebSite\",\"@id\":\"https:\/\/www.invicta.fr\/fr\/#website\",\"url\":\"https:\/\/www.invicta.fr\/fr\/\",\"name\":\"Invicta\",\"description\":\"Fabricant fran\u00e7ais, sp\u00e9cialiste europ\u00e9en du chauffage au bois : po\u00eales \u00e0 bois et \u00e0 granul\u00e9s, chemin\u00e9es, foyers et inserts\",\"publisher\":{\"@id\":\"https:\/\/www.invicta.fr\/fr\/#organization\"},\"potentialAction\":[{\"@type\":\"SearchAction\",\"target\":{\"@type\":\"EntryPoint\",\"urlTemplate\":\"https:\/\/www.invicta.fr\/fr\/?s={search_term_string}\"},\"query-input\":{\"@type\":\"PropertyValueSpecification\",\"valueRequired\":true,\"valueName\":\"search_term_string\"}}],\"inLanguage\":\"fr-FR\"},{\"@type\":\"Organization\",\"@id\":\"https:\/\/www.invicta.fr\/fr\/#organization\",\"name\":\"Invicta\",\"url\":\"https:\/\/www.invicta.fr\/fr\/\",\"logo\":{\"@type\":\"ImageObject\",\"inLanguage\":\"fr-FR\",\"@id\":\"https:\/\/www.invicta.fr\/fr\/#\/schema\/logo\/image\/\",\"url\":\"https:\/\/www.invicta.fr\/wp-content\/uploads\/2019\/06\/INVICTALOGO_RVB.png\",\"contentUrl\":\"https:\/\/www.invicta.fr\/wp-content\/uploads\/2019\/06\/INVICTALOGO_RVB.png\",\"width\":1810,\"height\":1280,\"caption\":\"Invicta\"},\"image\":{\"@id\":\"https:\/\/www.invicta.fr\/fr\/#\/schema\/logo\/image\/\"}}]}<\/script>\n<!-- \/ Yoast SEO plugin. -->","yoast_head_json":{"title":"Aide \u00e0 l'achat d'un po\u00eale Invicta - Invicta","description":"Questions fr\u00e9quentes - FAQ O\u00f9 acheter un appareil Invicta : po\u00eale \u00e0 bois, po\u00eale \u00e0 granul\u00e9s, insert pour chemin\u00e9e ? L\u2019un de nos appareils vous int\u00e9resse ?","robots":{"index":"index","follow":"follow","max-snippet":"max-snippet:-1","max-image-preview":"max-image-preview:large","max-video-preview":"max-video-preview:-1"},"canonical":"https:\/\/www.invicta.fr\/fr\/aide-a-lachat-dun-poele\/","og_locale":"fr_FR","og_type":"article","og_title":"Aide \u00e0 l'achat d'un po\u00eale Invicta - Invicta","og_description":"Questions fr\u00e9quentes - FAQ O\u00f9 acheter un appareil Invicta : po\u00eale \u00e0 bois, po\u00eale \u00e0 granul\u00e9s, insert pour chemin\u00e9e ? L\u2019un de nos appareils vous int\u00e9resse ?","og_url":"https:\/\/www.invicta.fr\/fr\/aide-a-lachat-dun-poele\/","og_site_name":"Invicta","article_modified_time":"2025-05-22T13:51:30+00:00","og_image":[{"width":1285,"height":1400,"url":"https:\/\/www.invicta.fr\/wp-content\/uploads\/2024\/03\/A_P614904_OVATIO_web.jpg","type":"image\/jpeg"}],"twitter_card":"summary_large_image","twitter_misc":{"Dur\u00e9e de lecture estim\u00e9e":"2 minutes"},"schema":{"@context":"https:\/\/schema.org","@graph":[{"@type":"WebPage","@id":"https:\/\/www.invicta.fr\/fr\/aide-a-lachat-dun-poele\/","url":"https:\/\/www.invicta.fr\/fr\/aide-a-lachat-dun-poele\/","name":"Aide \u00e0 l'achat d'un po\u00eale Invicta - Invicta","isPartOf":{"@id":"https:\/\/www.invicta.fr\/fr\/#website"},"primaryImageOfPage":{"@id":"https:\/\/www.invicta.fr\/fr\/aide-a-lachat-dun-poele\/#primaryimage"},"image":{"@id":"https:\/\/www.invicta.fr\/fr\/aide-a-lachat-dun-poele\/#primaryimage"},"thumbnailUrl":"https:\/\/www.invicta.fr\/wp-content\/uploads\/2024\/03\/A_P614904_OVATIO_web.jpg","datePublished":"2024-03-19T16:16:25+00:00","dateModified":"2025-05-22T13:51:30+00:00","description":"Questions fr\u00e9quentes - FAQ O\u00f9 acheter un appareil Invicta : po\u00eale \u00e0 bois, po\u00eale \u00e0 granul\u00e9s, insert pour chemin\u00e9e ? L\u2019un de nos appareils vous int\u00e9resse ?","breadcrumb":{"@id":"https:\/\/www.invicta.fr\/fr\/aide-a-lachat-dun-poele\/#breadcrumb"},"inLanguage":"fr-FR","potentialAction":[{"@type":"ReadAction","target":["https:\/\/www.invicta.fr\/fr\/aide-a-lachat-dun-poele\/"]}]},{"@type":"ImageObject","inLanguage":"fr-FR","@id":"https:\/\/www.invicta.fr\/fr\/aide-a-lachat-dun-poele\/#primaryimage","url":"https:\/\/www.invicta.fr\/wp-content\/uploads\/2024\/03\/A_P614904_OVATIO_web.jpg","contentUrl":"https:\/\/www.invicta.fr\/wp-content\/uploads\/2024\/03\/A_P614904_OVATIO_web.jpg"},{"@type":"BreadcrumbList","@id":"https:\/\/www.invicta.fr\/fr\/aide-a-lachat-dun-poele\/#breadcrumb","itemListElement":[{"@type":"ListItem","position":1,"name":"Accueil","item":"https:\/\/www.invicta.fr\/fr\/"},{"@type":"ListItem","position":2,"name":"Aide \u00e0 l&#8217;achat d&#8217;un po\u00eale Invicta"}]},{"@type":"WebSite","@id":"https:\/\/www.invicta.fr\/fr\/#website","url":"https:\/\/www.invicta.fr\/fr\/","name":"Invicta","description":"Fabricant fran\u00e7ais, sp\u00e9cialiste europ\u00e9en du chauffage au bois : po\u00eales \u00e0 bois et \u00e0 granul\u00e9s, chemin\u00e9es, foyers et inserts","publisher":{"@id":"https:\/\/www.invicta.fr\/fr\/#organization"},"potentialAction":[{"@type":"SearchAction","target":{"@type":"EntryPoint","urlTemplate":"https:\/\/www.invicta.fr\/fr\/?s={search_term_string}"},"query-input":{"@type":"PropertyValueSpecification","valueRequired":true,"valueName":"search_term_string"}}],"inLanguage":"fr-FR"},{"@type":"Organization","@id":"https:\/\/www.invicta.fr\/fr\/#organization","name":"Invicta","url":"https:\/\/www.invicta.fr\/fr\/","logo":{"@type":"ImageObject","inLanguage":"fr-FR","@id":"https:\/\/www.invicta.fr\/fr\/#\/schema\/logo\/image\/","url":"https:\/\/www.invicta.fr\/wp-content\/uploads\/2019\/06\/INVICTALOGO_RVB.png","contentUrl":"https:\/\/www.invicta.fr\/wp-content\/uploads\/2019\/06\/INVICTALOGO_RVB.png","width":1810,"height":1280,"caption":"Invicta"},"image":{"@id":"https:\/\/www.invicta.fr\/fr\/#\/schema\/logo\/image\/"}}]}},"_links":{"self":[{"href":"https:\/\/www.invicta.fr\/fr\/wp-json\/wp\/v2\/pages\/60075","targetHints":{"allow":["GET"]}}],"collection":[{"href":"https:\/\/www.invicta.fr\/fr\/wp-json\/wp\/v2\/pages"}],"about":[{"href":"https:\/\/www.invicta.fr\/fr\/wp-json\/wp\/v2\/types\/page"}],"author":[{"embeddable":true,"href":"https:\/\/www.invicta.fr\/fr\/wp-json\/wp\/v2\/users\/500013"}],"replies":[{"embeddable":true,"href":"https:\/\/www.invicta.fr\/fr\/wp-json\/wp\/v2\/comments?post=60075"}],"version-history":[{"count":10,"href":"https:\/\/www.invicta.fr\/fr\/wp-json\/wp\/v2\/pages\/60075\/revisions"}],"predecessor-version":[{"id":67243,"href":"https:\/\/www.invicta.fr\/fr\/wp-json\/wp\/v2\/pages\/60075\/revisions\/67243"}],"wp:attachment":[{"href":"https:\/\/www.invicta.fr\/fr\/wp-json\/wp\/v2\/media?parent=60075"}],"curies":[{"name":"wp","href":"https:\/\/api.w.org\/{rel}","templated":true}]}}