{"id":724,"date":"2019-06-26T15:35:30","date_gmt":"2019-06-26T13:35:30","guid":{"rendered":"https:\/\/www.invicta.fr\/?page_id=724"},"modified":"2022-04-07T17:36:14","modified_gmt":"2022-04-07T15:36:14","slug":"store-locator","status":"publish","type":"page","link":"https:\/\/www.invicta.fr\/fr\/store-locator\/","title":{"rendered":"store locator"},"content":{"rendered":"\t\t<div data-elementor-type=\"wp-page\" data-elementor-id=\"724\" class=\"elementor elementor-724\" data-elementor-post-type=\"page\">\n\t\t\t\t\t\t<section class=\"elementor-section elementor-top-section elementor-element elementor-element-49392c01 elementor-section-boxed elementor-section-height-default elementor-section-height-default\" data-id=\"49392c01\" data-element_type=\"section\">\n\t\t\t\t\t\t<div class=\"elementor-container elementor-column-gap-default\">\n\t\t\t\t\t<div class=\"elementor-column elementor-col-100 elementor-top-column elementor-element elementor-element-1fc81d1c\" data-id=\"1fc81d1c\" data-element_type=\"column\">\n\t\t\t<div class=\"elementor-widget-wrap elementor-element-populated\">\n\t\t\t\t\t\t<div class=\"elementor-element elementor-element-1af7200e elementor-widget elementor-widget-text-editor\" data-id=\"1af7200e\" data-element_type=\"widget\" data-widget_type=\"text-editor.default\">\n\t\t\t\t<div class=\"elementor-widget-container\">\n\t\t\t\t\t\n\t\t<div id=\"store_locator\" class=\"store_locator modal-body\">\n\t\t\t<div class=\"store-locator-row\">\n\t\t\t\t\n\t\t<div id=\"store_locator_search_box\" class=\"store_locator_search_box store-locator-col-xs-12 store-locator-col-sm-12 store-locator-col-md-6\">\n\n\n\t\t\t<div class=\"store-locator-row\">\n\n\t\t\t\t<div class=\"store-locator-col-xs-12 store-locator-col-sm-12\">\n\n                    \n                    \n                    \n                    \n\t\t\t\t<\/div>\n\t\t\t<\/div>\n\n\n\n\n            \t\t\t<div class=\"store-locator-row\">\n\t\t\t\t\n\t\t<div id=\"store_locator_filter\" class=\"store_locator_filter\">\n\n\t\t\t<div id=\"store_locator_filter_content\" class=\"store_locator_filter_content\" style=\"display: block;\">\n\t\t\t\t<div class=\"store-locator-col-xs-12 store-locator-col-sm-12 single_filter\">\n                    \t\t\t\t\t<select name=\"categories\" id=\"store_locator_filter_categories\" class=\"select store_locator_filter_categories\">\n\n                        \t\t\t\t\t\t<option value=\"\">Select a Category<\/option>\n    \t\t\t\t\t<option value=\"2047\"  data-icon=\"https:\/\/www.invicta.fr\/wp-content\/uploads\/2019\/09\/pin-black.png\">Distributeurs<\/option><option value=\"2045\"  data-icon=\"https:\/\/www.invicta.fr\/wp-content\/uploads\/2019\/09\/pin-grey.png\">Grande Surface de Bricolage<\/option><option value=\"2046\"  data-icon=\"https:\/\/www.invicta.fr\/wp-content\/uploads\/2019\/09\/pin-orange.png\">Installateur partenaire<\/option><option value=\"2044\"  data-icon=\"https:\/\/www.invicta.fr\/wp-content\/uploads\/2019\/09\/pin-red-1.png\">Invicta shop<\/option><option value=\"5903\"  data-icon=\"https:\/\/www.invicta.fr\/wp-content\/uploads\/2019\/09\/pin-black.png\">Station technique<\/option>\t\t\t\t\t<\/select>\n                    \t\t\t\t<\/div>\n\t\t\t\t<div class=\"store-locator-col-xs-12 store-locator-col-sm-12 single_filter\">\n\t\t\t\t\t<select name=\"radius\" id=\"store_locator_filter_radius\" class=\"select store_locator_filter_radius\">\n\t\t\t\t\t<option value=\"10\" >10 km<\/option><option value=\"25\" >25 km<\/option><option value=\"50\" selected=\"selected\">50 km<\/option>\t\t\t\t\t<\/select>\n\t\t\t\t<\/div>\n\t\t\t\t<div class=\"filters-checkbox store-locator-col-xs-12 store-locator-col-sm-12 single_filter single_filter_filter \" ><label class=\"single_filter_checkbox control control--checkbox\"><input  name=\"1291\" type=\"checkbox\" class=\"store_locator_filter_checkbox\"  value=\"Distributeurs\">Distributeurs<div class=\"control__indicator\"><\/div><\/label><label class=\"single_filter_checkbox control control--checkbox\"><input  name=\"1290\" type=\"checkbox\" class=\"store_locator_filter_checkbox\"  value=\"Grande Surface de Bricolage\">Grande Surface de Bricolage<div class=\"control__indicator\"><\/div><\/label><label class=\"single_filter_checkbox control control--checkbox\"><input  name=\"1289\" type=\"checkbox\" class=\"store_locator_filter_checkbox\"  value=\"Installateur partenaire\">Installateur partenaire<div class=\"control__indicator\"><\/div><\/label><label class=\"single_filter_checkbox control control--checkbox\"><input checked name=\"1288\" type=\"checkbox\" class=\"store_locator_filter_checkbox\" checked value=\"Invicta Shop\">Invicta Shop<div class=\"control__indicator\"><\/div><\/label><label class=\"single_filter_checkbox control control--checkbox\"><input  name=\"5911\" type=\"checkbox\" class=\"store_locator_filter_checkbox\"  value=\"Station technique\">Station technique<div class=\"control__indicator\"><\/div><\/label><\/div>\t\t\t<\/div>\n\t\t<\/div>\n\t\t\t\t\t<\/div>\n            \n\t\t\t<div class=\"store-locator-row\">\n\t\t\t\t<div class=\"store-locator-col-xs-12 store-locator-col-sm-12 store-explore\">\n\n\t\t\t\t\t\n\t\t\t\t\t<input id=\"store_locator_address_field\" class=\"store_locator_address_field\" type=\"text\" name=\"location\" placeholder=\"Entrez votre adresse\">\n\t\t\t\t\t\t\t\t\t\t\t<a href=\"#\" id=\"store_locator_get_my_position\"><i>Localisez-moi<\/i><\/a>\n\t\t\t\t\t\t\t\t\t\t\n\t\t\t\t\t\n\t\t\t\t<\/div>\n\t\t\t<\/div>\n\t\t\t\t\t\t\t<div class=\"store-locator-row ax-store-locator-custom\">\n\t\t\t\t\t<div class=\"store-locator-col-xs-12 store-locator-col-sm-12\">\n\t\t\t\t\t\t<button id=\"store_locator_find_stores_button\" type=\"button\" class=\"store_locator_find_stores_button btn button et_pb_button btn-primary btn-lg\">\n\t\t\t\t\t\t\tchercher\t\t\t\t\t\t<\/button>\n\t\t\t\t\t<\/div>\n\t\t\t\t<\/div>\n\t\t\t\t\t<\/div>\n\n\t\t\t\t\t\t<div id=\"store_locator_main\" class=\"store_locator_main  store-locator-col-xs-12 store-locator-col-sm-12 store-locator-col-md-6\">\n\t\t\t\t\t<div id=\"store_locator_map\" style=\"height: 500px;\"><\/div>\n                    <div id=\"store_locator_dragged_button\" class=\"btn button et_pb_button button-primary theme-button store_locator_dragged_button\">\n                        Search in this Area                    <\/div>\n\t\t\t\t<\/div>\n\t\t\t    \t\t<div id=\"store_locator_sidebar\" class=\"store_locator_sidebar store-locator-col-xs-12 store-locator-col-sm-12 store-locator-col-md-6 below\">\n\t\t\t<div id=\"store_locator_sidebar_content\" class=\"store_locator_sidebar_content store-locator-row\">\n    \t\t\t\t<div id=\"store_locator_result_list_box\" class=\"store_locator_result_list_box store-locator-col-xs-12 store-locator-col-sm-12\">\n            <hr class=\"grey\">\n            \t\t\t<div id=\"store_locator_result_list\">\n\n            <\/div>\n\t\t<\/div>\n\t\t\t\t\t<\/div>\n\t\t<\/div>\n\n\t\t<div id=\"ax-sort-filtres\" style=\"display: none;\"><div data-ordre=\"0\" data-termid=\"1288\"><\/div><div data-ordre=\"1\" data-termid=\"1293\"><\/div><div data-ordre=\"2\" data-termid=\"1289\"><\/div><div data-ordre=\"3\" data-termid=\"1291\"><\/div><div data-ordre=\"4\" data-termid=\"1290\"><\/div><div data-ordre=\"5\" data-termid=\"5911\"><\/div><\/div>\t\t\t<\/div>\n            <button type=\"button\" id=\"store_modal_close\" class=\"store_modal_close\" data-dismiss=\"modal\" aria-label=\"Close\"><span aria-hidden=\"true\">&times;<\/span><\/button>\n\t\t\t<div id=\"store_locator_loading\" class=\"store_locator_loading store-locator-hidden\"><i class=\"fa   \"><\/i><\/div>\n\t\t<\/div>\n\n\t\t\t\t\t\r\n<p>&nbsp;<\/p>\r\n\r\n\r\n\r\n<pre><br \/><br \/><\/pre>\r\n\t\t\t\t\t\t\t\t<\/div>\n\t\t\t\t<\/div>\n\t\t\t\t\t<\/div>\n\t\t<\/div>\n\t\t\t\t\t<\/div>\n\t\t<\/section>\n\t\t\t\t<\/div>\n\t\t","protected":false},"excerpt":{"rendered":"<p>&nbsp;<\/p>\n","protected":false},"author":130,"featured_media":0,"parent":0,"menu_order":0,"comment_status":"closed","ping_status":"closed","template":"","meta":{"_acf_changed":false,"footnotes":""},"class_list":{"1":"page"},"acf":[],"yoast_head":"<!-- This site is optimized with the Yoast SEO plugin v24.7 - https:\/\/yoast.com\/wordpress\/plugins\/seo\/ -->\n<title>store locator - Invicta<\/title>\n<meta name=\"description\" content=\"&nbsp;\" \/>\n<meta name=\"robots\" content=\"index, follow, max-snippet:-1, max-image-preview:large, max-video-preview:-1\" \/>\n<link rel=\"canonical\" href=\"https:\/\/www.invicta.fr\/fr\/store-locator\/\" \/>\n<meta property=\"og:locale\" content=\"fr_FR\" \/>\n<meta property=\"og:type\" content=\"article\" \/>\n<meta property=\"og:title\" content=\"store locator - Invicta\" \/>\n<meta property=\"og:description\" content=\"&nbsp;\" \/>\n<meta property=\"og:url\" content=\"https:\/\/www.invicta.fr\/fr\/store-locator\/\" \/>\n<meta property=\"og:site_name\" content=\"Invicta\" \/>\n<meta property=\"article:modified_time\" content=\"2022-04-07T15:36:14+00:00\" \/>\n<meta name=\"twitter:card\" content=\"summary_large_image\" \/>\n<meta name=\"twitter:label1\" content=\"Dur\u00e9e de lecture estim\u00e9e\" \/>\n\t<meta name=\"twitter:data1\" content=\"1 minute\" \/>\n<script type=\"application\/ld+json\" class=\"yoast-schema-graph\">{\"@context\":\"https:\/\/schema.org\",\"@graph\":[{\"@type\":\"WebPage\",\"@id\":\"https:\/\/www.invicta.fr\/fr\/store-locator\/\",\"url\":\"https:\/\/www.invicta.fr\/fr\/store-locator\/\",\"name\":\"store locator - Invicta\",\"isPartOf\":{\"@id\":\"https:\/\/www.invicta.fr\/fr\/#website\"},\"datePublished\":\"2019-06-26T13:35:30+00:00\",\"dateModified\":\"2022-04-07T15:36:14+00:00\",\"description\":\"&nbsp;\",\"breadcrumb\":{\"@id\":\"https:\/\/www.invicta.fr\/fr\/store-locator\/#breadcrumb\"},\"inLanguage\":\"fr-FR\",\"potentialAction\":[{\"@type\":\"ReadAction\",\"target\":[\"https:\/\/www.invicta.fr\/fr\/store-locator\/\"]}]},{\"@type\":\"BreadcrumbList\",\"@id\":\"https:\/\/www.invicta.fr\/fr\/store-locator\/#breadcrumb\",\"itemListElement\":[{\"@type\":\"ListItem\",\"position\":1,\"name\":\"Accueil\",\"item\":\"https:\/\/www.invicta.fr\/fr\/\"},{\"@type\":\"ListItem\",\"position\":2,\"name\":\"store locator\"}]},{\"@type\":\"WebSite\",\"@id\":\"https:\/\/www.invicta.fr\/fr\/#website\",\"url\":\"https:\/\/www.invicta.fr\/fr\/\",\"name\":\"Invicta\",\"description\":\"Fabricant fran\u00e7ais, sp\u00e9cialiste europ\u00e9en du chauffage au bois : po\u00eales \u00e0 bois et \u00e0 granul\u00e9s, chemin\u00e9es, foyers et inserts\",\"publisher\":{\"@id\":\"https:\/\/www.invicta.fr\/fr\/#organization\"},\"potentialAction\":[{\"@type\":\"SearchAction\",\"target\":{\"@type\":\"EntryPoint\",\"urlTemplate\":\"https:\/\/www.invicta.fr\/fr\/?s={search_term_string}\"},\"query-input\":{\"@type\":\"PropertyValueSpecification\",\"valueRequired\":true,\"valueName\":\"search_term_string\"}}],\"inLanguage\":\"fr-FR\"},{\"@type\":\"Organization\",\"@id\":\"https:\/\/www.invicta.fr\/fr\/#organization\",\"name\":\"Invicta\",\"url\":\"https:\/\/www.invicta.fr\/fr\/\",\"logo\":{\"@type\":\"ImageObject\",\"inLanguage\":\"fr-FR\",\"@id\":\"https:\/\/www.invicta.fr\/fr\/#\/schema\/logo\/image\/\",\"url\":\"https:\/\/www.invicta.fr\/wp-content\/uploads\/2019\/06\/INVICTALOGO_RVB.png\",\"contentUrl\":\"https:\/\/www.invicta.fr\/wp-content\/uploads\/2019\/06\/INVICTALOGO_RVB.png\",\"width\":1810,\"height\":1280,\"caption\":\"Invicta\"},\"image\":{\"@id\":\"https:\/\/www.invicta.fr\/fr\/#\/schema\/logo\/image\/\"}}]}<\/script>\n<!-- \/ Yoast SEO plugin. -->","yoast_head_json":{"title":"store locator - Invicta","description":"&nbsp;","robots":{"index":"index","follow":"follow","max-snippet":"max-snippet:-1","max-image-preview":"max-image-preview:large","max-video-preview":"max-video-preview:-1"},"canonical":"https:\/\/www.invicta.fr\/fr\/store-locator\/","og_locale":"fr_FR","og_type":"article","og_title":"store locator - Invicta","og_description":"&nbsp;","og_url":"https:\/\/www.invicta.fr\/fr\/store-locator\/","og_site_name":"Invicta","article_modified_time":"2022-04-07T15:36:14+00:00","twitter_card":"summary_large_image","twitter_misc":{"Dur\u00e9e de lecture estim\u00e9e":"1 minute"},"schema":{"@context":"https:\/\/schema.org","@graph":[{"@type":"WebPage","@id":"https:\/\/www.invicta.fr\/fr\/store-locator\/","url":"https:\/\/www.invicta.fr\/fr\/store-locator\/","name":"store locator - Invicta","isPartOf":{"@id":"https:\/\/www.invicta.fr\/fr\/#website"},"datePublished":"2019-06-26T13:35:30+00:00","dateModified":"2022-04-07T15:36:14+00:00","description":"&nbsp;","breadcrumb":{"@id":"https:\/\/www.invicta.fr\/fr\/store-locator\/#breadcrumb"},"inLanguage":"fr-FR","potentialAction":[{"@type":"ReadAction","target":["https:\/\/www.invicta.fr\/fr\/store-locator\/"]}]},{"@type":"BreadcrumbList","@id":"https:\/\/www.invicta.fr\/fr\/store-locator\/#breadcrumb","itemListElement":[{"@type":"ListItem","position":1,"name":"Accueil","item":"https:\/\/www.invicta.fr\/fr\/"},{"@type":"ListItem","position":2,"name":"store locator"}]},{"@type":"WebSite","@id":"https:\/\/www.invicta.fr\/fr\/#website","url":"https:\/\/www.invicta.fr\/fr\/","name":"Invicta","description":"Fabricant fran\u00e7ais, sp\u00e9cialiste europ\u00e9en du chauffage au bois : po\u00eales \u00e0 bois et \u00e0 granul\u00e9s, chemin\u00e9es, foyers et inserts","publisher":{"@id":"https:\/\/www.invicta.fr\/fr\/#organization"},"potentialAction":[{"@type":"SearchAction","target":{"@type":"EntryPoint","urlTemplate":"https:\/\/www.invicta.fr\/fr\/?s={search_term_string}"},"query-input":{"@type":"PropertyValueSpecification","valueRequired":true,"valueName":"search_term_string"}}],"inLanguage":"fr-FR"},{"@type":"Organization","@id":"https:\/\/www.invicta.fr\/fr\/#organization","name":"Invicta","url":"https:\/\/www.invicta.fr\/fr\/","logo":{"@type":"ImageObject","inLanguage":"fr-FR","@id":"https:\/\/www.invicta.fr\/fr\/#\/schema\/logo\/image\/","url":"https:\/\/www.invicta.fr\/wp-content\/uploads\/2019\/06\/INVICTALOGO_RVB.png","contentUrl":"https:\/\/www.invicta.fr\/wp-content\/uploads\/2019\/06\/INVICTALOGO_RVB.png","width":1810,"height":1280,"caption":"Invicta"},"image":{"@id":"https:\/\/www.invicta.fr\/fr\/#\/schema\/logo\/image\/"}}]}},"_links":{"self":[{"href":"https:\/\/www.invicta.fr\/fr\/wp-json\/wp\/v2\/pages\/724","targetHints":{"allow":["GET"]}}],"collection":[{"href":"https:\/\/www.invicta.fr\/fr\/wp-json\/wp\/v2\/pages"}],"about":[{"href":"https:\/\/www.invicta.fr\/fr\/wp-json\/wp\/v2\/types\/page"}],"author":[{"embeddable":true,"href":"https:\/\/www.invicta.fr\/fr\/wp-json\/wp\/v2\/users\/130"}],"replies":[{"embeddable":true,"href":"https:\/\/www.invicta.fr\/fr\/wp-json\/wp\/v2\/comments?post=724"}],"version-history":[{"count":4,"href":"https:\/\/www.invicta.fr\/fr\/wp-json\/wp\/v2\/pages\/724\/revisions"}],"predecessor-version":[{"id":46507,"href":"https:\/\/www.invicta.fr\/fr\/wp-json\/wp\/v2\/pages\/724\/revisions\/46507"}],"wp:attachment":[{"href":"https:\/\/www.invicta.fr\/fr\/wp-json\/wp\/v2\/media?parent=724"}],"curies":[{"name":"wp","href":"https:\/\/api.w.org\/{rel}","templated":true}]}}