{"id":1074,"date":"2019-07-02T16:39:48","date_gmt":"2019-07-02T14:39:48","guid":{"rendered":"https:\/\/www.invicta.fr\/?post_type=product&#038;p=1074"},"modified":"2026-04-22T12:01:47","modified_gmt":"2026-04-22T10:01:47","slug":"poele-fonte-bradford","status":"publish","type":"product","link":"https:\/\/www.invicta.fr\/fr\/produit\/poele-fonte-bradford\/","title":{"rendered":"Po\u00eale \u00e0 bois Fonte Bradford"},"content":{"rendered":"","protected":false},"excerpt":{"rendered":"<p>Bradford affiche sans rougir un style intemporel. Ses lignes \u00e0 la fois classiques et actuelles jouent la discr\u00e9tion en anthracite ou \u00e9maill\u00e9 ivoire ou se font plus dynamiques en \u00e9maill\u00e9 rouge.<\/p>\n","protected":false},"featured_media":1077,"template":"","meta":{"_acf_changed":false},"product_brand":[],"product_cat":[2117,44,5861,5868,5840,5847,5866,5875,5853,5880,5872],"product_tag":[7105,57,58,59,62,7017,51,53,65,6826,60],"plus_produit":[612,6834,1919,129,130],"class_list":{"1":"product","4":"has-post-thumbnail","6":"product_cat-aide-au-choix","7":"product_cat-poeles-a-bois-fonte-acier","8":"product_cat-poeles-a-bois-buches-50-cm","9":"product_cat-poeles-a-bois-9-kw","10":"product_cat-poeles-a-bois-anciens","11":"product_cat-poeles-a-bois-blancs","12":"product_cat-poeles-a-bois-rouges","13":"product_cat-poeles-a-bois-rustiques","14":"product_cat-poeles-a-bois-sortie-arriere","15":"product_cat-poeles-a-bois-traditionnels","16":"product_cat-poeles-a-bois-vintage","17":"product_tag-en16510","18":"product_tag-flamme-verte","19":"product_tag-eco-design-2022","20":"product_tag-a-ecolabel","21":"product_tag-101-fabrication-francaise","22":"product_tag-blmschv2","23":"product_tag-fonte-100","24":"product_tag-post-combustion","25":"product_tag-garantie-2-ans","26":"product_tag-garantie-extension-3-ans","27":"product_tag-z-credit-impot","28":"pa_depart-des-fumees-dessusarriere","29":"pa_diametre-de-buse-150-mm","30":"pa_indice-de-performance-5571","31":"pa_puissance-optimale-9-kw","32":"pa_surface-de-chauffe-50-a-110-m","33":"pa_taux-de-co-203","34":"pa_volume-de-chauffe-125-275-m","35":"plus_produit-air-secondaire-reglable","36":"plus_produit-extension-de-garantie-3-ans","37":"plus_produit-origine-france-garantie","38":"plus_produit-systeme-de-post-combustion","39":"plus_produit-vitre-propre","41":"first","42":"instock","43":"purchasable","44":"product-type-variable"},"acf":[],"yoast_head":"<!-- This site is optimized with the Yoast SEO plugin v24.7 - https:\/\/yoast.com\/wordpress\/plugins\/seo\/ -->\n<title>Po\u00eale \u00e0 bois Fonte Bradford | INVICTA<\/title>\n<meta name=\"description\" content=\"R\u00e9chauffez-vous avec ce po\u00eale \u00e0 bois en fonte, style Traditionnel, Bradford, puissance 9kW \u2705 Garantie 5ans \u2705 Flamme verte 7\u2b50 Origine France \u2705\" \/>\n<meta name=\"robots\" content=\"index, follow, max-snippet:-1, max-image-preview:large, max-video-preview:-1\" \/>\n<link rel=\"canonical\" href=\"https:\/\/www.invicta.fr\/fr\/produit\/poele-fonte-bradford\/\" \/>\n<meta property=\"og:locale\" content=\"fr_FR\" \/>\n<meta property=\"og:type\" content=\"article\" \/>\n<meta property=\"og:title\" content=\"Po\u00eale \u00e0 bois Fonte Bradford | INVICTA\" \/>\n<meta property=\"og:description\" content=\"R\u00e9chauffez-vous avec ce po\u00eale \u00e0 bois en fonte, style Traditionnel, Bradford, puissance 9kW \u2705 Garantie 5ans \u2705 Flamme verte 7\u2b50 Origine France \u2705\" \/>\n<meta property=\"og:url\" content=\"https:\/\/www.invicta.fr\/fr\/produit\/poele-fonte-bradford\/\" \/>\n<meta property=\"og:site_name\" content=\"Invicta\" \/>\n<meta property=\"article:modified_time\" content=\"2026-04-22T10:01:47+00:00\" \/>\n<meta property=\"og:image\" content=\"https:\/\/www.invicta.fr\/wp-content\/uploads\/2019\/07\/bradford_6173-46-ivoire.png\" \/>\n\t<meta property=\"og:image:width\" content=\"1000\" \/>\n\t<meta property=\"og:image:height\" content=\"946\" \/>\n\t<meta property=\"og:image:type\" content=\"image\/png\" \/>\n<meta name=\"twitter:card\" content=\"summary_large_image\" \/>\n<script type=\"application\/ld+json\" class=\"yoast-schema-graph\">{\"@context\":\"https:\/\/schema.org\",\"@graph\":[{\"@type\":\"WebPage\",\"@id\":\"https:\/\/www.invicta.fr\/fr\/produit\/poele-fonte-bradford\/\",\"url\":\"https:\/\/www.invicta.fr\/fr\/produit\/poele-fonte-bradford\/\",\"name\":\"Po\u00eale \u00e0 bois Fonte Bradford | INVICTA\",\"isPartOf\":{\"@id\":\"https:\/\/www.invicta.fr\/fr\/#website\"},\"primaryImageOfPage\":{\"@id\":\"https:\/\/www.invicta.fr\/fr\/produit\/poele-fonte-bradford\/#primaryimage\"},\"image\":{\"@id\":\"https:\/\/www.invicta.fr\/fr\/produit\/poele-fonte-bradford\/#primaryimage\"},\"thumbnailUrl\":\"https:\/\/www.invicta.fr\/wp-content\/uploads\/2019\/07\/bradford_6173-46-ivoire.png\",\"datePublished\":\"2019-07-02T14:39:48+00:00\",\"dateModified\":\"2026-04-22T10:01:47+00:00\",\"description\":\"R\u00e9chauffez-vous avec ce po\u00eale \u00e0 bois en fonte, style Traditionnel, Bradford, puissance 9kW \u2705 Garantie 5ans \u2705 Flamme verte 7\u2b50 Origine France \u2705\",\"breadcrumb\":{\"@id\":\"https:\/\/www.invicta.fr\/fr\/produit\/poele-fonte-bradford\/#breadcrumb\"},\"inLanguage\":\"fr-FR\",\"potentialAction\":[{\"@type\":\"ReadAction\",\"target\":[\"https:\/\/www.invicta.fr\/fr\/produit\/poele-fonte-bradford\/\"]}]},{\"@type\":\"ImageObject\",\"inLanguage\":\"fr-FR\",\"@id\":\"https:\/\/www.invicta.fr\/fr\/produit\/poele-fonte-bradford\/#primaryimage\",\"url\":\"https:\/\/www.invicta.fr\/wp-content\/uploads\/2019\/07\/bradford_6173-46-ivoire.png\",\"contentUrl\":\"https:\/\/www.invicta.fr\/wp-content\/uploads\/2019\/07\/bradford_6173-46-ivoire.png\",\"width\":1000,\"height\":946,\"caption\":\"Po\u00eale \u00e0 bois fonte Invicta Bradford \u00e9maill\u00e9 ivoire - 9 kW\"},{\"@type\":\"BreadcrumbList\",\"@id\":\"https:\/\/www.invicta.fr\/fr\/produit\/poele-fonte-bradford\/#breadcrumb\",\"itemListElement\":[{\"@type\":\"ListItem\",\"position\":1,\"name\":\"Accueil\",\"item\":\"https:\/\/www.invicta.fr\/fr\/\"},{\"@type\":\"ListItem\",\"position\":2,\"name\":\"Produits\",\"item\":\"https:\/\/www.invicta.fr\/fr\/shop\/\"},{\"@type\":\"ListItem\",\"position\":3,\"name\":\"Po\u00eales \u00e0 Bois\",\"item\":\"https:\/\/www.invicta.fr\/fr\/categorie-produit\/poeles-bois\/\"},{\"@type\":\"ListItem\",\"position\":4,\"name\":\"Po\u00eales \u00e0 Bois en Fonte\",\"item\":\"https:\/\/www.invicta.fr\/fr\/categorie-produit\/poeles-bois\/poeles-a-bois-fonte-acier\/\"},{\"@type\":\"ListItem\",\"position\":5,\"name\":\"Po\u00eale \u00e0 bois Fonte Bradford\"}]},{\"@type\":\"WebSite\",\"@id\":\"https:\/\/www.invicta.fr\/fr\/#website\",\"url\":\"https:\/\/www.invicta.fr\/fr\/\",\"name\":\"Invicta\",\"description\":\"Fabricant fran\u00e7ais, sp\u00e9cialiste europ\u00e9en du chauffage au bois : po\u00eales \u00e0 bois et \u00e0 granul\u00e9s, chemin\u00e9es, foyers et inserts\",\"publisher\":{\"@id\":\"https:\/\/www.invicta.fr\/fr\/#organization\"},\"potentialAction\":[{\"@type\":\"SearchAction\",\"target\":{\"@type\":\"EntryPoint\",\"urlTemplate\":\"https:\/\/www.invicta.fr\/fr\/?s={search_term_string}\"},\"query-input\":{\"@type\":\"PropertyValueSpecification\",\"valueRequired\":true,\"valueName\":\"search_term_string\"}}],\"inLanguage\":\"fr-FR\"},{\"@type\":\"Organization\",\"@id\":\"https:\/\/www.invicta.fr\/fr\/#organization\",\"name\":\"Invicta\",\"url\":\"https:\/\/www.invicta.fr\/fr\/\",\"logo\":{\"@type\":\"ImageObject\",\"inLanguage\":\"fr-FR\",\"@id\":\"https:\/\/www.invicta.fr\/fr\/#\/schema\/logo\/image\/\",\"url\":\"https:\/\/www.invicta.fr\/wp-content\/uploads\/2019\/06\/INVICTALOGO_RVB.png\",\"contentUrl\":\"https:\/\/www.invicta.fr\/wp-content\/uploads\/2019\/06\/INVICTALOGO_RVB.png\",\"width\":1810,\"height\":1280,\"caption\":\"Invicta\"},\"image\":{\"@id\":\"https:\/\/www.invicta.fr\/fr\/#\/schema\/logo\/image\/\"}}]}<\/script>\n<!-- \/ Yoast SEO plugin. -->","yoast_head_json":{"title":"Po\u00eale \u00e0 bois Fonte Bradford | INVICTA","description":"R\u00e9chauffez-vous avec ce po\u00eale \u00e0 bois en fonte, style Traditionnel, Bradford, puissance 9kW \u2705 Garantie 5ans \u2705 Flamme verte 7\u2b50 Origine France \u2705","robots":{"index":"index","follow":"follow","max-snippet":"max-snippet:-1","max-image-preview":"max-image-preview:large","max-video-preview":"max-video-preview:-1"},"canonical":"https:\/\/www.invicta.fr\/fr\/produit\/poele-fonte-bradford\/","og_locale":"fr_FR","og_type":"article","og_title":"Po\u00eale \u00e0 bois Fonte Bradford | INVICTA","og_description":"R\u00e9chauffez-vous avec ce po\u00eale \u00e0 bois en fonte, style Traditionnel, Bradford, puissance 9kW \u2705 Garantie 5ans \u2705 Flamme verte 7\u2b50 Origine France \u2705","og_url":"https:\/\/www.invicta.fr\/fr\/produit\/poele-fonte-bradford\/","og_site_name":"Invicta","article_modified_time":"2026-04-22T10:01:47+00:00","og_image":[{"width":1000,"height":946,"url":"https:\/\/www.invicta.fr\/wp-content\/uploads\/2019\/07\/bradford_6173-46-ivoire.png","type":"image\/png"}],"twitter_card":"summary_large_image","schema":{"@context":"https:\/\/schema.org","@graph":[{"@type":"WebPage","@id":"https:\/\/www.invicta.fr\/fr\/produit\/poele-fonte-bradford\/","url":"https:\/\/www.invicta.fr\/fr\/produit\/poele-fonte-bradford\/","name":"Po\u00eale \u00e0 bois Fonte Bradford | INVICTA","isPartOf":{"@id":"https:\/\/www.invicta.fr\/fr\/#website"},"primaryImageOfPage":{"@id":"https:\/\/www.invicta.fr\/fr\/produit\/poele-fonte-bradford\/#primaryimage"},"image":{"@id":"https:\/\/www.invicta.fr\/fr\/produit\/poele-fonte-bradford\/#primaryimage"},"thumbnailUrl":"https:\/\/www.invicta.fr\/wp-content\/uploads\/2019\/07\/bradford_6173-46-ivoire.png","datePublished":"2019-07-02T14:39:48+00:00","dateModified":"2026-04-22T10:01:47+00:00","description":"R\u00e9chauffez-vous avec ce po\u00eale \u00e0 bois en fonte, style Traditionnel, Bradford, puissance 9kW \u2705 Garantie 5ans \u2705 Flamme verte 7\u2b50 Origine France \u2705","breadcrumb":{"@id":"https:\/\/www.invicta.fr\/fr\/produit\/poele-fonte-bradford\/#breadcrumb"},"inLanguage":"fr-FR","potentialAction":[{"@type":"ReadAction","target":["https:\/\/www.invicta.fr\/fr\/produit\/poele-fonte-bradford\/"]}]},{"@type":"ImageObject","inLanguage":"fr-FR","@id":"https:\/\/www.invicta.fr\/fr\/produit\/poele-fonte-bradford\/#primaryimage","url":"https:\/\/www.invicta.fr\/wp-content\/uploads\/2019\/07\/bradford_6173-46-ivoire.png","contentUrl":"https:\/\/www.invicta.fr\/wp-content\/uploads\/2019\/07\/bradford_6173-46-ivoire.png","width":1000,"height":946,"caption":"Po\u00eale \u00e0 bois fonte Invicta Bradford \u00e9maill\u00e9 ivoire - 9 kW"},{"@type":"BreadcrumbList","@id":"https:\/\/www.invicta.fr\/fr\/produit\/poele-fonte-bradford\/#breadcrumb","itemListElement":[{"@type":"ListItem","position":1,"name":"Accueil","item":"https:\/\/www.invicta.fr\/fr\/"},{"@type":"ListItem","position":2,"name":"Produits","item":"https:\/\/www.invicta.fr\/fr\/shop\/"},{"@type":"ListItem","position":3,"name":"Po\u00eales \u00e0 Bois","item":"https:\/\/www.invicta.fr\/fr\/categorie-produit\/poeles-bois\/"},{"@type":"ListItem","position":4,"name":"Po\u00eales \u00e0 Bois en Fonte","item":"https:\/\/www.invicta.fr\/fr\/categorie-produit\/poeles-bois\/poeles-a-bois-fonte-acier\/"},{"@type":"ListItem","position":5,"name":"Po\u00eale \u00e0 bois Fonte Bradford"}]},{"@type":"WebSite","@id":"https:\/\/www.invicta.fr\/fr\/#website","url":"https:\/\/www.invicta.fr\/fr\/","name":"Invicta","description":"Fabricant fran\u00e7ais, sp\u00e9cialiste europ\u00e9en du chauffage au bois : po\u00eales \u00e0 bois et \u00e0 granul\u00e9s, chemin\u00e9es, foyers et inserts","publisher":{"@id":"https:\/\/www.invicta.fr\/fr\/#organization"},"potentialAction":[{"@type":"SearchAction","target":{"@type":"EntryPoint","urlTemplate":"https:\/\/www.invicta.fr\/fr\/?s={search_term_string}"},"query-input":{"@type":"PropertyValueSpecification","valueRequired":true,"valueName":"search_term_string"}}],"inLanguage":"fr-FR"},{"@type":"Organization","@id":"https:\/\/www.invicta.fr\/fr\/#organization","name":"Invicta","url":"https:\/\/www.invicta.fr\/fr\/","logo":{"@type":"ImageObject","inLanguage":"fr-FR","@id":"https:\/\/www.invicta.fr\/fr\/#\/schema\/logo\/image\/","url":"https:\/\/www.invicta.fr\/wp-content\/uploads\/2019\/06\/INVICTALOGO_RVB.png","contentUrl":"https:\/\/www.invicta.fr\/wp-content\/uploads\/2019\/06\/INVICTALOGO_RVB.png","width":1810,"height":1280,"caption":"Invicta"},"image":{"@id":"https:\/\/www.invicta.fr\/fr\/#\/schema\/logo\/image\/"}}]}},"_links":{"self":[{"href":"https:\/\/www.invicta.fr\/fr\/wp-json\/wp\/v2\/product\/1074","targetHints":{"allow":["GET"]}}],"collection":[{"href":"https:\/\/www.invicta.fr\/fr\/wp-json\/wp\/v2\/product"}],"about":[{"href":"https:\/\/www.invicta.fr\/fr\/wp-json\/wp\/v2\/types\/product"}],"wp:featuredmedia":[{"embeddable":true,"href":"https:\/\/www.invicta.fr\/fr\/wp-json\/wp\/v2\/media\/1077"}],"wp:attachment":[{"href":"https:\/\/www.invicta.fr\/fr\/wp-json\/wp\/v2\/media?parent=1074"}],"wp:term":[{"taxonomy":"product_brand","embeddable":true,"href":"https:\/\/www.invicta.fr\/fr\/wp-json\/wp\/v2\/product_brand?post=1074"},{"taxonomy":"product_cat","embeddable":true,"href":"https:\/\/www.invicta.fr\/fr\/wp-json\/wp\/v2\/product_cat?post=1074"},{"taxonomy":"product_tag","embeddable":true,"href":"https:\/\/www.invicta.fr\/fr\/wp-json\/wp\/v2\/product_tag?post=1074"},{"taxonomy":"plus_produit","embeddable":true,"href":"https:\/\/www.invicta.fr\/fr\/wp-json\/wp\/v2\/plus_produit?post=1074"}],"curies":[{"name":"wp","href":"https:\/\/api.w.org\/{rel}","templated":true}]}}