{"id":1141,"date":"2019-07-04T11:22:51","date_gmt":"2019-07-04T09:22:51","guid":{"rendered":"https:\/\/www.invicta.fr\/?post_type=product&#038;p=1141"},"modified":"2026-02-25T16:44:56","modified_gmt":"2026-02-25T15:44:56","slug":"bassano-5","status":"publish","type":"product","link":"https:\/\/www.invicta.fr\/fr\/produit\/bassano-5\/","title":{"rendered":"Po\u00eale \u00e0 granul\u00e9s Bassano 5 &#8211; Po\u00eale \u00e0 pellets"},"content":{"rendered":"","protected":false},"excerpt":{"rendered":"<p>Compact, Bassano est le po\u00eale \u00e0 granul\u00e9s des petits espaces et des petits budgets. Profitez du meilleur rapport qualit\u00e9\/prix du march\u00e9 !<\/p>\n<p>&nbsp;<\/p>\n","protected":false},"featured_media":29626,"template":"","meta":{"_acf_changed":false},"product_brand":[],"product_cat":[2117,7090,6966,49,5846,5857,5837,5885,5856,5878,5844,7305],"product_tag":[7105,57,58,64,5592,65,6825,60],"plus_produit":[137,6835,1966,5365,1925,1968,1921,2138,2137],"class_list":{"1":"product","4":"has-post-thumbnail","6":"product_cat-aide-au-choix","7":"product_cat-poeles-a-bois-4-kw","8":"product_cat-poeles-a-bois-5-kw","9":"product_cat-poeles-a-granules-pellets","10":"product_cat-poeles-a-granules-6-kw","11":"product_cat-poeles-a-granules-autonomes","12":"product_cat-poeles-a-granules-programmables","13":"product_cat-poeles-a-granules-contemporains","14":"product_cat-poeles-a-granules-modernes","15":"product_cat-poeles-a-granules-petits-formats","16":"product_cat-poeles-a-granules-sortie-dessus","17":"product_cat-poeles-a-granules-5-kw","18":"product_tag-en16510","19":"product_tag-flamme-verte","20":"product_tag-eco-design-2022","21":"product_tag-a-ecolabel-2","22":"product_tag-wifi-option-c02270","23":"product_tag-garantie-2-ans","24":"product_tag-garantie-extension-1-an","25":"product_tag-z-credit-impot","26":"pa_autonomie-maximum-8-heures","27":"pa_autonomie-minimum-8-heures","28":"pa_capacite-de-la-tremie-8-kg","29":"pa_consommation-095-kg-heure","30":"pa_depart-des-fumees-dessusarriere","31":"pa_diametre-de-buse-80-mm","32":"pa_indice-de-performance-5443","33":"pa_options-raccord-t-pour-linstallation","34":"pa_puissance-42-kw","35":"pa_surface-de-chauffe-48-m","36":"pa_taux-de-co-1977","37":"pa_volume-de-chauffe-125-m3","38":"plus_produit-diffusion-dair-chaud-par-ventilateur-tangenciel","39":"plus_produit-extension-de-garantie-1-an","40":"plus_produit-ideal-budgets-serres","41":"plus_produit-kit-wifi-en-option","42":"plus_produit-possibilite-de-pilotage-par-thermostat-externe-non-fourni","43":"plus_produit-programmation","44":"plus_produit-regulation-de-lallure-ou-de-la-temperature-ambiante","45":"plus_produit-sortie-dessus","46":"plus_produit-stand-by-veille","48":"first","49":"instock","50":"shipping-taxable","51":"product-type-variable"},"acf":[],"yoast_head":"<!-- This site is optimized with the Yoast SEO plugin v24.7 - https:\/\/yoast.com\/wordpress\/plugins\/seo\/ -->\n<title>Po\u00eale \u00e0 Granul\u00e9s - Po\u00eale \u00e0 Pellets Bassano 5 | INVICTA<\/title>\n<meta name=\"description\" content=\"R\u00e9chauffez-vous avec le Po\u00eale \u00e0 Granul\u00e9s Bassano 5 \u2705 Ecolabel A+ \u2705 Ecodesign 2022 \u2705 puissance 4kW\u2705 Flamme verte 7\u2b50Garantie 2ans\u2705\" \/>\n<meta name=\"robots\" content=\"index, follow, max-snippet:-1, max-image-preview:large, max-video-preview:-1\" \/>\n<link rel=\"canonical\" href=\"https:\/\/www.invicta.fr\/fr\/produit\/bassano-5\/\" \/>\n<meta property=\"og:locale\" content=\"fr_FR\" \/>\n<meta property=\"og:type\" content=\"article\" \/>\n<meta property=\"og:title\" content=\"Po\u00eale \u00e0 Granul\u00e9s - Po\u00eale \u00e0 Pellets Bassano 5 | INVICTA\" \/>\n<meta property=\"og:description\" content=\"R\u00e9chauffez-vous avec le Po\u00eale \u00e0 Granul\u00e9s Bassano 5 \u2705 Ecolabel A+ \u2705 Ecodesign 2022 \u2705 puissance 4kW\u2705 Flamme verte 7\u2b50Garantie 2ans\u2705\" \/>\n<meta property=\"og:url\" content=\"https:\/\/www.invicta.fr\/fr\/produit\/bassano-5\/\" \/>\n<meta property=\"og:site_name\" content=\"Invicta\" \/>\n<meta property=\"article:modified_time\" content=\"2026-02-25T15:44:56+00:00\" \/>\n<meta property=\"og:image\" content=\"https:\/\/www.invicta.fr\/wp-content\/uploads\/2019\/07\/BASSANO-noir.jpg\" \/>\n\t<meta property=\"og:image:width\" content=\"667\" \/>\n\t<meta property=\"og:image:height\" content=\"998\" \/>\n\t<meta property=\"og:image:type\" content=\"image\/jpeg\" \/>\n<meta name=\"twitter:card\" content=\"summary_large_image\" \/>\n<script type=\"application\/ld+json\" class=\"yoast-schema-graph\">{\"@context\":\"https:\/\/schema.org\",\"@graph\":[{\"@type\":\"WebPage\",\"@id\":\"https:\/\/www.invicta.fr\/fr\/produit\/bassano-5\/\",\"url\":\"https:\/\/www.invicta.fr\/fr\/produit\/bassano-5\/\",\"name\":\"Po\u00eale \u00e0 Granul\u00e9s - Po\u00eale \u00e0 Pellets Bassano 5 | INVICTA\",\"isPartOf\":{\"@id\":\"https:\/\/www.invicta.fr\/fr\/#website\"},\"primaryImageOfPage\":{\"@id\":\"https:\/\/www.invicta.fr\/fr\/produit\/bassano-5\/#primaryimage\"},\"image\":{\"@id\":\"https:\/\/www.invicta.fr\/fr\/produit\/bassano-5\/#primaryimage\"},\"thumbnailUrl\":\"https:\/\/www.invicta.fr\/wp-content\/uploads\/2019\/07\/BASSANO-noir.jpg\",\"datePublished\":\"2019-07-04T09:22:51+00:00\",\"dateModified\":\"2026-02-25T15:44:56+00:00\",\"description\":\"R\u00e9chauffez-vous avec le Po\u00eale \u00e0 Granul\u00e9s Bassano 5 \u2705 Ecolabel A+ \u2705 Ecodesign 2022 \u2705 puissance 4kW\u2705 Flamme verte 7\u2b50Garantie 2ans\u2705\",\"breadcrumb\":{\"@id\":\"https:\/\/www.invicta.fr\/fr\/produit\/bassano-5\/#breadcrumb\"},\"inLanguage\":\"fr-FR\",\"potentialAction\":[{\"@type\":\"ReadAction\",\"target\":[\"https:\/\/www.invicta.fr\/fr\/produit\/bassano-5\/\"]}]},{\"@type\":\"ImageObject\",\"inLanguage\":\"fr-FR\",\"@id\":\"https:\/\/www.invicta.fr\/fr\/produit\/bassano-5\/#primaryimage\",\"url\":\"https:\/\/www.invicta.fr\/wp-content\/uploads\/2019\/07\/BASSANO-noir.jpg\",\"contentUrl\":\"https:\/\/www.invicta.fr\/wp-content\/uploads\/2019\/07\/BASSANO-noir.jpg\",\"width\":667,\"height\":998,\"caption\":\"Po\u00eale \u00e0 granul\u00e9s Invicta Bassano\"},{\"@type\":\"BreadcrumbList\",\"@id\":\"https:\/\/www.invicta.fr\/fr\/produit\/bassano-5\/#breadcrumb\",\"itemListElement\":[{\"@type\":\"ListItem\",\"position\":1,\"name\":\"Accueil\",\"item\":\"https:\/\/www.invicta.fr\/fr\/\"},{\"@type\":\"ListItem\",\"position\":2,\"name\":\"Produits\",\"item\":\"https:\/\/www.invicta.fr\/fr\/shop\/\"},{\"@type\":\"ListItem\",\"position\":3,\"name\":\"Po\u00eales \u00e0 Granul\u00e9s\",\"item\":\"https:\/\/www.invicta.fr\/fr\/categorie-produit\/poeles-granules\/\"},{\"@type\":\"ListItem\",\"position\":4,\"name\":\"Po\u00eales \u00e0 Granul\u00e9s Standards\",\"item\":\"https:\/\/www.invicta.fr\/fr\/categorie-produit\/poeles-granules\/poeles-a-granules-pellets\/\"},{\"@type\":\"ListItem\",\"position\":5,\"name\":\"Po\u00eale \u00e0 granul\u00e9s Bassano 5 &#8211; Po\u00eale \u00e0 pellets\"}]},{\"@type\":\"WebSite\",\"@id\":\"https:\/\/www.invicta.fr\/fr\/#website\",\"url\":\"https:\/\/www.invicta.fr\/fr\/\",\"name\":\"Invicta\",\"description\":\"Fabricant fran\u00e7ais, sp\u00e9cialiste europ\u00e9en du chauffage au bois : po\u00eales \u00e0 bois et \u00e0 granul\u00e9s, chemin\u00e9es, foyers et inserts\",\"publisher\":{\"@id\":\"https:\/\/www.invicta.fr\/fr\/#organization\"},\"potentialAction\":[{\"@type\":\"SearchAction\",\"target\":{\"@type\":\"EntryPoint\",\"urlTemplate\":\"https:\/\/www.invicta.fr\/fr\/?s={search_term_string}\"},\"query-input\":{\"@type\":\"PropertyValueSpecification\",\"valueRequired\":true,\"valueName\":\"search_term_string\"}}],\"inLanguage\":\"fr-FR\"},{\"@type\":\"Organization\",\"@id\":\"https:\/\/www.invicta.fr\/fr\/#organization\",\"name\":\"Invicta\",\"url\":\"https:\/\/www.invicta.fr\/fr\/\",\"logo\":{\"@type\":\"ImageObject\",\"inLanguage\":\"fr-FR\",\"@id\":\"https:\/\/www.invicta.fr\/fr\/#\/schema\/logo\/image\/\",\"url\":\"https:\/\/www.invicta.fr\/wp-content\/uploads\/2019\/06\/INVICTALOGO_RVB.png\",\"contentUrl\":\"https:\/\/www.invicta.fr\/wp-content\/uploads\/2019\/06\/INVICTALOGO_RVB.png\",\"width\":1810,\"height\":1280,\"caption\":\"Invicta\"},\"image\":{\"@id\":\"https:\/\/www.invicta.fr\/fr\/#\/schema\/logo\/image\/\"}}]}<\/script>\n<!-- \/ Yoast SEO plugin. -->","yoast_head_json":{"title":"Po\u00eale \u00e0 Granul\u00e9s - Po\u00eale \u00e0 Pellets Bassano 5 | INVICTA","description":"R\u00e9chauffez-vous avec le Po\u00eale \u00e0 Granul\u00e9s Bassano 5 \u2705 Ecolabel A+ \u2705 Ecodesign 2022 \u2705 puissance 4kW\u2705 Flamme verte 7\u2b50Garantie 2ans\u2705","robots":{"index":"index","follow":"follow","max-snippet":"max-snippet:-1","max-image-preview":"max-image-preview:large","max-video-preview":"max-video-preview:-1"},"canonical":"https:\/\/www.invicta.fr\/fr\/produit\/bassano-5\/","og_locale":"fr_FR","og_type":"article","og_title":"Po\u00eale \u00e0 Granul\u00e9s - Po\u00eale \u00e0 Pellets Bassano 5 | INVICTA","og_description":"R\u00e9chauffez-vous avec le Po\u00eale \u00e0 Granul\u00e9s Bassano 5 \u2705 Ecolabel A+ \u2705 Ecodesign 2022 \u2705 puissance 4kW\u2705 Flamme verte 7\u2b50Garantie 2ans\u2705","og_url":"https:\/\/www.invicta.fr\/fr\/produit\/bassano-5\/","og_site_name":"Invicta","article_modified_time":"2026-02-25T15:44:56+00:00","og_image":[{"width":667,"height":998,"url":"https:\/\/www.invicta.fr\/wp-content\/uploads\/2019\/07\/BASSANO-noir.jpg","type":"image\/jpeg"}],"twitter_card":"summary_large_image","schema":{"@context":"https:\/\/schema.org","@graph":[{"@type":"WebPage","@id":"https:\/\/www.invicta.fr\/fr\/produit\/bassano-5\/","url":"https:\/\/www.invicta.fr\/fr\/produit\/bassano-5\/","name":"Po\u00eale \u00e0 Granul\u00e9s - Po\u00eale \u00e0 Pellets Bassano 5 | INVICTA","isPartOf":{"@id":"https:\/\/www.invicta.fr\/fr\/#website"},"primaryImageOfPage":{"@id":"https:\/\/www.invicta.fr\/fr\/produit\/bassano-5\/#primaryimage"},"image":{"@id":"https:\/\/www.invicta.fr\/fr\/produit\/bassano-5\/#primaryimage"},"thumbnailUrl":"https:\/\/www.invicta.fr\/wp-content\/uploads\/2019\/07\/BASSANO-noir.jpg","datePublished":"2019-07-04T09:22:51+00:00","dateModified":"2026-02-25T15:44:56+00:00","description":"R\u00e9chauffez-vous avec le Po\u00eale \u00e0 Granul\u00e9s Bassano 5 \u2705 Ecolabel A+ \u2705 Ecodesign 2022 \u2705 puissance 4kW\u2705 Flamme verte 7\u2b50Garantie 2ans\u2705","breadcrumb":{"@id":"https:\/\/www.invicta.fr\/fr\/produit\/bassano-5\/#breadcrumb"},"inLanguage":"fr-FR","potentialAction":[{"@type":"ReadAction","target":["https:\/\/www.invicta.fr\/fr\/produit\/bassano-5\/"]}]},{"@type":"ImageObject","inLanguage":"fr-FR","@id":"https:\/\/www.invicta.fr\/fr\/produit\/bassano-5\/#primaryimage","url":"https:\/\/www.invicta.fr\/wp-content\/uploads\/2019\/07\/BASSANO-noir.jpg","contentUrl":"https:\/\/www.invicta.fr\/wp-content\/uploads\/2019\/07\/BASSANO-noir.jpg","width":667,"height":998,"caption":"Po\u00eale \u00e0 granul\u00e9s Invicta Bassano"},{"@type":"BreadcrumbList","@id":"https:\/\/www.invicta.fr\/fr\/produit\/bassano-5\/#breadcrumb","itemListElement":[{"@type":"ListItem","position":1,"name":"Accueil","item":"https:\/\/www.invicta.fr\/fr\/"},{"@type":"ListItem","position":2,"name":"Produits","item":"https:\/\/www.invicta.fr\/fr\/shop\/"},{"@type":"ListItem","position":3,"name":"Po\u00eales \u00e0 Granul\u00e9s","item":"https:\/\/www.invicta.fr\/fr\/categorie-produit\/poeles-granules\/"},{"@type":"ListItem","position":4,"name":"Po\u00eales \u00e0 Granul\u00e9s Standards","item":"https:\/\/www.invicta.fr\/fr\/categorie-produit\/poeles-granules\/poeles-a-granules-pellets\/"},{"@type":"ListItem","position":5,"name":"Po\u00eale \u00e0 granul\u00e9s Bassano 5 &#8211; Po\u00eale \u00e0 pellets"}]},{"@type":"WebSite","@id":"https:\/\/www.invicta.fr\/fr\/#website","url":"https:\/\/www.invicta.fr\/fr\/","name":"Invicta","description":"Fabricant fran\u00e7ais, sp\u00e9cialiste europ\u00e9en du chauffage au bois : po\u00eales \u00e0 bois et \u00e0 granul\u00e9s, chemin\u00e9es, foyers et inserts","publisher":{"@id":"https:\/\/www.invicta.fr\/fr\/#organization"},"potentialAction":[{"@type":"SearchAction","target":{"@type":"EntryPoint","urlTemplate":"https:\/\/www.invicta.fr\/fr\/?s={search_term_string}"},"query-input":{"@type":"PropertyValueSpecification","valueRequired":true,"valueName":"search_term_string"}}],"inLanguage":"fr-FR"},{"@type":"Organization","@id":"https:\/\/www.invicta.fr\/fr\/#organization","name":"Invicta","url":"https:\/\/www.invicta.fr\/fr\/","logo":{"@type":"ImageObject","inLanguage":"fr-FR","@id":"https:\/\/www.invicta.fr\/fr\/#\/schema\/logo\/image\/","url":"https:\/\/www.invicta.fr\/wp-content\/uploads\/2019\/06\/INVICTALOGO_RVB.png","contentUrl":"https:\/\/www.invicta.fr\/wp-content\/uploads\/2019\/06\/INVICTALOGO_RVB.png","width":1810,"height":1280,"caption":"Invicta"},"image":{"@id":"https:\/\/www.invicta.fr\/fr\/#\/schema\/logo\/image\/"}}]}},"_links":{"self":[{"href":"https:\/\/www.invicta.fr\/fr\/wp-json\/wp\/v2\/product\/1141","targetHints":{"allow":["GET"]}}],"collection":[{"href":"https:\/\/www.invicta.fr\/fr\/wp-json\/wp\/v2\/product"}],"about":[{"href":"https:\/\/www.invicta.fr\/fr\/wp-json\/wp\/v2\/types\/product"}],"wp:featuredmedia":[{"embeddable":true,"href":"https:\/\/www.invicta.fr\/fr\/wp-json\/wp\/v2\/media\/29626"}],"wp:attachment":[{"href":"https:\/\/www.invicta.fr\/fr\/wp-json\/wp\/v2\/media?parent=1141"}],"wp:term":[{"taxonomy":"product_brand","embeddable":true,"href":"https:\/\/www.invicta.fr\/fr\/wp-json\/wp\/v2\/product_brand?post=1141"},{"taxonomy":"product_cat","embeddable":true,"href":"https:\/\/www.invicta.fr\/fr\/wp-json\/wp\/v2\/product_cat?post=1141"},{"taxonomy":"product_tag","embeddable":true,"href":"https:\/\/www.invicta.fr\/fr\/wp-json\/wp\/v2\/product_tag?post=1141"},{"taxonomy":"plus_produit","embeddable":true,"href":"https:\/\/www.invicta.fr\/fr\/wp-json\/wp\/v2\/plus_produit?post=1141"}],"curies":[{"name":"wp","href":"https:\/\/api.w.org\/{rel}","templated":true}]}}