{"id":1317,"date":"2019-07-05T17:02:12","date_gmt":"2019-07-05T15:02:12","guid":{"rendered":"https:\/\/www.invicta.fr\/?post_type=product&#038;p=1317"},"modified":"2025-12-08T15:54:35","modified_gmt":"2025-12-08T14:54:35","slug":"poele-fonte-fifty-sur-pied","status":"publish","type":"product","link":"https:\/\/www.invicta.fr\/fr\/produit\/poele-fonte-fifty-sur-pied\/","title":{"rendered":"Po\u00eale \u00e0 bois Fonte Fifty Plus sur Pied"},"content":{"rendered":"","protected":false},"excerpt":{"rendered":"<p>L&#8217;esprit et la fantaisie des jours heureux s&#8217;invitent dans votre int\u00e9rieur avec ce po\u00eale \u00e0 bois vintage, d\u00e9clin\u00e9 en plusieurs couleurs. Inspir\u00e9 des influences esth\u00e9tiques des ann\u00e9es 50, Fifty vous transporte \u00e9galement dans le futur gr\u00e2ce \u00e0 de belles performances.<\/p>\n","protected":false},"featured_media":1322,"template":"","meta":{"_acf_changed":false},"product_brand":[],"product_cat":[2117,44,7303,5861,5847,5860,5835,5838,5841,5866,5872,5854,5877],"product_tag":[7105,57,58,59,62,7017,51,53,65,6826,60],"plus_produit":[612,6834,1919,129,130],"class_list":{"1":"product","4":"has-post-thumbnail","6":"product_cat-aide-au-choix","7":"product_cat-poeles-a-bois-fonte-acier","8":"product_cat-poeles-cheminees","9":"product_cat-poeles-a-bois-buches-50-cm","10":"product_cat-poeles-a-bois-blancs","11":"product_cat-poeles-a-bois-contemporains","12":"product_cat-poeles-a-bois-design","13":"product_cat-poeles-a-bois-modernes","14":"product_cat-poeles-a-bois-ronds","15":"product_cat-poeles-a-bois-rouges","16":"product_cat-poeles-a-bois-vintage","17":"product_cat-poeles-a-bois-10-kw","18":"product_cat-poeles-a-bois-11-kw","19":"product_tag-en16510","20":"product_tag-flamme-verte","21":"product_tag-eco-design-2022","22":"product_tag-a-ecolabel","23":"product_tag-101-fabrication-francaise","24":"product_tag-blmschv2","25":"product_tag-fonte-100","26":"product_tag-post-combustion","27":"product_tag-garantie-2-ans","28":"product_tag-garantie-extension-3-ans","29":"product_tag-z-credit-impot","30":"pa_depart-des-fumees-dessus","31":"pa_diametre-de-buse-150-mm","32":"pa_indice-de-performance-5571","33":"pa_puissance-optimale-10-kw","34":"pa_surface-de-chauffe-55-a-120-m","35":"pa_taux-de-co-203","36":"pa_volume-de-chauffe-135-300-m-2","37":"plus_produit-air-secondaire-reglable","38":"plus_produit-extension-de-garantie-3-ans","39":"plus_produit-origine-france-garantie","40":"plus_produit-systeme-de-post-combustion","41":"plus_produit-vitre-propre","43":"first","44":"instock","45":"product-type-variable","46":"has-default-attributes"},"acf":[],"yoast_head":"<!-- This site is optimized with the Yoast SEO plugin v24.7 - https:\/\/yoast.com\/wordpress\/plugins\/seo\/ -->\n<title>Po\u00eale \u00e0 bois Fonte Fifty Plus sur Pied | INVICTA<\/title>\n<meta name=\"description\" content=\"Adoptez le style Vintage 50&#039;s avec le Po\u00eale \u00e0 Bois Fifty, 100% Fonte, puissance 10 kW \u2705 Garantie 5 ans \u2705 Flamme verte 7\u2b50 Origine France \u2705\" \/>\n<meta name=\"robots\" content=\"index, follow, max-snippet:-1, max-image-preview:large, max-video-preview:-1\" \/>\n<link rel=\"canonical\" href=\"https:\/\/www.invicta.fr\/fr\/produit\/poele-fonte-fifty-sur-pied\/\" \/>\n<meta property=\"og:locale\" content=\"fr_FR\" \/>\n<meta property=\"og:type\" content=\"article\" \/>\n<meta property=\"og:title\" content=\"Po\u00eale \u00e0 bois Fonte Fifty Plus sur Pied | INVICTA\" \/>\n<meta property=\"og:description\" content=\"Adoptez le style Vintage 50&#039;s avec le Po\u00eale \u00e0 Bois Fifty, 100% Fonte, puissance 10 kW \u2705 Garantie 5 ans \u2705 Flamme verte 7\u2b50 Origine France \u2705\" \/>\n<meta property=\"og:url\" content=\"https:\/\/www.invicta.fr\/fr\/produit\/poele-fonte-fifty-sur-pied\/\" \/>\n<meta property=\"og:site_name\" content=\"Invicta\" \/>\n<meta property=\"article:modified_time\" content=\"2025-12-08T14:54:35+00:00\" \/>\n<meta property=\"og:image\" content=\"https:\/\/www.invicta.fr\/wp-content\/uploads\/2019\/07\/fifty-cyclo_poele.jpg\" \/>\n\t<meta property=\"og:image:width\" content=\"935\" \/>\n\t<meta property=\"og:image:height\" content=\"900\" \/>\n\t<meta property=\"og:image:type\" content=\"image\/jpeg\" \/>\n<meta name=\"twitter:card\" content=\"summary_large_image\" \/>\n<script type=\"application\/ld+json\" class=\"yoast-schema-graph\">{\"@context\":\"https:\/\/schema.org\",\"@graph\":[{\"@type\":\"WebPage\",\"@id\":\"https:\/\/www.invicta.fr\/fr\/produit\/poele-fonte-fifty-sur-pied\/\",\"url\":\"https:\/\/www.invicta.fr\/fr\/produit\/poele-fonte-fifty-sur-pied\/\",\"name\":\"Po\u00eale \u00e0 bois Fonte Fifty Plus sur Pied | INVICTA\",\"isPartOf\":{\"@id\":\"https:\/\/www.invicta.fr\/fr\/#website\"},\"primaryImageOfPage\":{\"@id\":\"https:\/\/www.invicta.fr\/fr\/produit\/poele-fonte-fifty-sur-pied\/#primaryimage\"},\"image\":{\"@id\":\"https:\/\/www.invicta.fr\/fr\/produit\/poele-fonte-fifty-sur-pied\/#primaryimage\"},\"thumbnailUrl\":\"https:\/\/www.invicta.fr\/wp-content\/uploads\/2019\/07\/fifty-cyclo_poele.jpg\",\"datePublished\":\"2019-07-05T15:02:12+00:00\",\"dateModified\":\"2025-12-08T14:54:35+00:00\",\"description\":\"Adoptez le style Vintage 50's avec le Po\u00eale \u00e0 Bois Fifty, 100% Fonte, puissance 10 kW \u2705 Garantie 5 ans \u2705 Flamme verte 7\u2b50 Origine France \u2705\",\"breadcrumb\":{\"@id\":\"https:\/\/www.invicta.fr\/fr\/produit\/poele-fonte-fifty-sur-pied\/#breadcrumb\"},\"inLanguage\":\"fr-FR\",\"potentialAction\":[{\"@type\":\"ReadAction\",\"target\":[\"https:\/\/www.invicta.fr\/fr\/produit\/poele-fonte-fifty-sur-pied\/\"]}]},{\"@type\":\"ImageObject\",\"inLanguage\":\"fr-FR\",\"@id\":\"https:\/\/www.invicta.fr\/fr\/produit\/poele-fonte-fifty-sur-pied\/#primaryimage\",\"url\":\"https:\/\/www.invicta.fr\/wp-content\/uploads\/2019\/07\/fifty-cyclo_poele.jpg\",\"contentUrl\":\"https:\/\/www.invicta.fr\/wp-content\/uploads\/2019\/07\/fifty-cyclo_poele.jpg\",\"width\":935,\"height\":900,\"caption\":\"Po\u00eale \u00e0 bois fonte Invicta Fifty sur pied anthracite - 10 kW\"},{\"@type\":\"BreadcrumbList\",\"@id\":\"https:\/\/www.invicta.fr\/fr\/produit\/poele-fonte-fifty-sur-pied\/#breadcrumb\",\"itemListElement\":[{\"@type\":\"ListItem\",\"position\":1,\"name\":\"Accueil\",\"item\":\"https:\/\/www.invicta.fr\/fr\/\"},{\"@type\":\"ListItem\",\"position\":2,\"name\":\"Produits\",\"item\":\"https:\/\/www.invicta.fr\/fr\/shop\/\"},{\"@type\":\"ListItem\",\"position\":3,\"name\":\"Po\u00eales \u00e0 Bois\",\"item\":\"https:\/\/www.invicta.fr\/fr\/categorie-produit\/poeles-bois\/\"},{\"@type\":\"ListItem\",\"position\":4,\"name\":\"Po\u00eales \u00e0 Bois en Fonte\",\"item\":\"https:\/\/www.invicta.fr\/fr\/categorie-produit\/poeles-bois\/poeles-a-bois-fonte-acier\/\"},{\"@type\":\"ListItem\",\"position\":5,\"name\":\"Po\u00eale \u00e0 bois Fonte Fifty Plus sur Pied\"}]},{\"@type\":\"WebSite\",\"@id\":\"https:\/\/www.invicta.fr\/fr\/#website\",\"url\":\"https:\/\/www.invicta.fr\/fr\/\",\"name\":\"Invicta\",\"description\":\"Fabricant fran\u00e7ais, sp\u00e9cialiste europ\u00e9en du chauffage au bois : po\u00eales \u00e0 bois et \u00e0 granul\u00e9s, chemin\u00e9es, foyers et inserts\",\"publisher\":{\"@id\":\"https:\/\/www.invicta.fr\/fr\/#organization\"},\"potentialAction\":[{\"@type\":\"SearchAction\",\"target\":{\"@type\":\"EntryPoint\",\"urlTemplate\":\"https:\/\/www.invicta.fr\/fr\/?s={search_term_string}\"},\"query-input\":{\"@type\":\"PropertyValueSpecification\",\"valueRequired\":true,\"valueName\":\"search_term_string\"}}],\"inLanguage\":\"fr-FR\"},{\"@type\":\"Organization\",\"@id\":\"https:\/\/www.invicta.fr\/fr\/#organization\",\"name\":\"Invicta\",\"url\":\"https:\/\/www.invicta.fr\/fr\/\",\"logo\":{\"@type\":\"ImageObject\",\"inLanguage\":\"fr-FR\",\"@id\":\"https:\/\/www.invicta.fr\/fr\/#\/schema\/logo\/image\/\",\"url\":\"https:\/\/www.invicta.fr\/wp-content\/uploads\/2019\/06\/INVICTALOGO_RVB.png\",\"contentUrl\":\"https:\/\/www.invicta.fr\/wp-content\/uploads\/2019\/06\/INVICTALOGO_RVB.png\",\"width\":1810,\"height\":1280,\"caption\":\"Invicta\"},\"image\":{\"@id\":\"https:\/\/www.invicta.fr\/fr\/#\/schema\/logo\/image\/\"}}]}<\/script>\n<!-- \/ Yoast SEO plugin. -->","yoast_head_json":{"title":"Po\u00eale \u00e0 bois Fonte Fifty Plus sur Pied | INVICTA","description":"Adoptez le style Vintage 50's avec le Po\u00eale \u00e0 Bois Fifty, 100% Fonte, puissance 10 kW \u2705 Garantie 5 ans \u2705 Flamme verte 7\u2b50 Origine France \u2705","robots":{"index":"index","follow":"follow","max-snippet":"max-snippet:-1","max-image-preview":"max-image-preview:large","max-video-preview":"max-video-preview:-1"},"canonical":"https:\/\/www.invicta.fr\/fr\/produit\/poele-fonte-fifty-sur-pied\/","og_locale":"fr_FR","og_type":"article","og_title":"Po\u00eale \u00e0 bois Fonte Fifty Plus sur Pied | INVICTA","og_description":"Adoptez le style Vintage 50's avec le Po\u00eale \u00e0 Bois Fifty, 100% Fonte, puissance 10 kW \u2705 Garantie 5 ans \u2705 Flamme verte 7\u2b50 Origine France \u2705","og_url":"https:\/\/www.invicta.fr\/fr\/produit\/poele-fonte-fifty-sur-pied\/","og_site_name":"Invicta","article_modified_time":"2025-12-08T14:54:35+00:00","og_image":[{"width":935,"height":900,"url":"https:\/\/www.invicta.fr\/wp-content\/uploads\/2019\/07\/fifty-cyclo_poele.jpg","type":"image\/jpeg"}],"twitter_card":"summary_large_image","schema":{"@context":"https:\/\/schema.org","@graph":[{"@type":"WebPage","@id":"https:\/\/www.invicta.fr\/fr\/produit\/poele-fonte-fifty-sur-pied\/","url":"https:\/\/www.invicta.fr\/fr\/produit\/poele-fonte-fifty-sur-pied\/","name":"Po\u00eale \u00e0 bois Fonte Fifty Plus sur Pied | INVICTA","isPartOf":{"@id":"https:\/\/www.invicta.fr\/fr\/#website"},"primaryImageOfPage":{"@id":"https:\/\/www.invicta.fr\/fr\/produit\/poele-fonte-fifty-sur-pied\/#primaryimage"},"image":{"@id":"https:\/\/www.invicta.fr\/fr\/produit\/poele-fonte-fifty-sur-pied\/#primaryimage"},"thumbnailUrl":"https:\/\/www.invicta.fr\/wp-content\/uploads\/2019\/07\/fifty-cyclo_poele.jpg","datePublished":"2019-07-05T15:02:12+00:00","dateModified":"2025-12-08T14:54:35+00:00","description":"Adoptez le style Vintage 50's avec le Po\u00eale \u00e0 Bois Fifty, 100% Fonte, puissance 10 kW \u2705 Garantie 5 ans \u2705 Flamme verte 7\u2b50 Origine France \u2705","breadcrumb":{"@id":"https:\/\/www.invicta.fr\/fr\/produit\/poele-fonte-fifty-sur-pied\/#breadcrumb"},"inLanguage":"fr-FR","potentialAction":[{"@type":"ReadAction","target":["https:\/\/www.invicta.fr\/fr\/produit\/poele-fonte-fifty-sur-pied\/"]}]},{"@type":"ImageObject","inLanguage":"fr-FR","@id":"https:\/\/www.invicta.fr\/fr\/produit\/poele-fonte-fifty-sur-pied\/#primaryimage","url":"https:\/\/www.invicta.fr\/wp-content\/uploads\/2019\/07\/fifty-cyclo_poele.jpg","contentUrl":"https:\/\/www.invicta.fr\/wp-content\/uploads\/2019\/07\/fifty-cyclo_poele.jpg","width":935,"height":900,"caption":"Po\u00eale \u00e0 bois fonte Invicta Fifty sur pied anthracite - 10 kW"},{"@type":"BreadcrumbList","@id":"https:\/\/www.invicta.fr\/fr\/produit\/poele-fonte-fifty-sur-pied\/#breadcrumb","itemListElement":[{"@type":"ListItem","position":1,"name":"Accueil","item":"https:\/\/www.invicta.fr\/fr\/"},{"@type":"ListItem","position":2,"name":"Produits","item":"https:\/\/www.invicta.fr\/fr\/shop\/"},{"@type":"ListItem","position":3,"name":"Po\u00eales \u00e0 Bois","item":"https:\/\/www.invicta.fr\/fr\/categorie-produit\/poeles-bois\/"},{"@type":"ListItem","position":4,"name":"Po\u00eales \u00e0 Bois en Fonte","item":"https:\/\/www.invicta.fr\/fr\/categorie-produit\/poeles-bois\/poeles-a-bois-fonte-acier\/"},{"@type":"ListItem","position":5,"name":"Po\u00eale \u00e0 bois Fonte Fifty Plus sur Pied"}]},{"@type":"WebSite","@id":"https:\/\/www.invicta.fr\/fr\/#website","url":"https:\/\/www.invicta.fr\/fr\/","name":"Invicta","description":"Fabricant fran\u00e7ais, sp\u00e9cialiste europ\u00e9en du chauffage au bois : po\u00eales \u00e0 bois et \u00e0 granul\u00e9s, chemin\u00e9es, foyers et inserts","publisher":{"@id":"https:\/\/www.invicta.fr\/fr\/#organization"},"potentialAction":[{"@type":"SearchAction","target":{"@type":"EntryPoint","urlTemplate":"https:\/\/www.invicta.fr\/fr\/?s={search_term_string}"},"query-input":{"@type":"PropertyValueSpecification","valueRequired":true,"valueName":"search_term_string"}}],"inLanguage":"fr-FR"},{"@type":"Organization","@id":"https:\/\/www.invicta.fr\/fr\/#organization","name":"Invicta","url":"https:\/\/www.invicta.fr\/fr\/","logo":{"@type":"ImageObject","inLanguage":"fr-FR","@id":"https:\/\/www.invicta.fr\/fr\/#\/schema\/logo\/image\/","url":"https:\/\/www.invicta.fr\/wp-content\/uploads\/2019\/06\/INVICTALOGO_RVB.png","contentUrl":"https:\/\/www.invicta.fr\/wp-content\/uploads\/2019\/06\/INVICTALOGO_RVB.png","width":1810,"height":1280,"caption":"Invicta"},"image":{"@id":"https:\/\/www.invicta.fr\/fr\/#\/schema\/logo\/image\/"}}]}},"_links":{"self":[{"href":"https:\/\/www.invicta.fr\/fr\/wp-json\/wp\/v2\/product\/1317","targetHints":{"allow":["GET"]}}],"collection":[{"href":"https:\/\/www.invicta.fr\/fr\/wp-json\/wp\/v2\/product"}],"about":[{"href":"https:\/\/www.invicta.fr\/fr\/wp-json\/wp\/v2\/types\/product"}],"wp:featuredmedia":[{"embeddable":true,"href":"https:\/\/www.invicta.fr\/fr\/wp-json\/wp\/v2\/media\/1322"}],"wp:attachment":[{"href":"https:\/\/www.invicta.fr\/fr\/wp-json\/wp\/v2\/media?parent=1317"}],"wp:term":[{"taxonomy":"product_brand","embeddable":true,"href":"https:\/\/www.invicta.fr\/fr\/wp-json\/wp\/v2\/product_brand?post=1317"},{"taxonomy":"product_cat","embeddable":true,"href":"https:\/\/www.invicta.fr\/fr\/wp-json\/wp\/v2\/product_cat?post=1317"},{"taxonomy":"product_tag","embeddable":true,"href":"https:\/\/www.invicta.fr\/fr\/wp-json\/wp\/v2\/product_tag?post=1317"},{"taxonomy":"plus_produit","embeddable":true,"href":"https:\/\/www.invicta.fr\/fr\/wp-json\/wp\/v2\/plus_produit?post=1317"}],"curies":[{"name":"wp","href":"https:\/\/api.w.org\/{rel}","templated":true}]}}