{"id":1689,"date":"2019-07-11T15:49:48","date_gmt":"2019-07-11T13:49:48","guid":{"rendered":"https:\/\/www.invicta.fr\/?post_type=product&#038;p=1689"},"modified":"2024-06-24T22:16:02","modified_gmt":"2024-06-24T20:16:02","slug":"barbecue-a-encastrer-assouan","status":"publish","type":"product","link":"https:\/\/www.invicta.fr\/fr\/produit\/barbecue-a-encastrer-assouan\/","title":{"rendered":"Barbecue \u00e0 encastrer Assouan"},"content":{"rendered":"","protected":false},"excerpt":{"rendered":"<p>Ce barbecue est dot\u00e9 d\u2019une cuve en fonte \u00e0 encastrer, d\u2019un grand tiroir pour les cendres. Plusieurs hauteurs pour la grille de cuisson et de positions multiples pour la broche. Grille foy\u00e8re en fonte support du charbon de bois.<\/p>\n","protected":false},"featured_media":1692,"template":"","meta":{"_acf_changed":false},"product_brand":[],"product_cat":[5350,5353],"product_tag":[],"plus_produit":[1379,1348,1380,1354,1919,1476,1349],"class_list":{"1":"product","4":"has-post-thumbnail","6":"product_cat-plein-air","7":"product_cat-barbecue","8":"plus_produit-cuve-en-fonte-a-encastrer","9":"plus_produit-grand-tiroir-pour-les-cendres","10":"plus_produit-grille-foyere-en-fonte-support-du-charbon-de-bois","11":"plus_produit-moteur-broche-et-grille-fournis","12":"plus_produit-origine-france-garantie","13":"plus_produit-plusieurs-hauteurs-de-reglage-de-grille","14":"plus_produit-positions-multiples-pour-la-broche","16":"first","17":"instock","18":"product-type-simple"},"acf":[],"yoast_head":"<!-- This site is optimized with the Yoast SEO plugin v24.7 - https:\/\/yoast.com\/wordpress\/plugins\/seo\/ -->\n<title>Barbecue \u00e0 encastrer Assouan | INVICTA<\/title>\n<meta name=\"description\" content=\"D\u00e9couvrez le Barbecue \u00e0 encastrer Assouan homologu\u00e9 EN NF 1860-1\u2705 Garantie 5ans\u2705 Fabrication Fran\u00e7aise\u2705\" \/>\n<meta name=\"robots\" content=\"index, follow, max-snippet:-1, max-image-preview:large, max-video-preview:-1\" \/>\n<link rel=\"canonical\" href=\"https:\/\/www.invicta.fr\/fr\/produit\/barbecue-a-encastrer-assouan\/\" \/>\n<meta property=\"og:locale\" content=\"fr_FR\" \/>\n<meta property=\"og:type\" content=\"article\" \/>\n<meta property=\"og:title\" content=\"Barbecue \u00e0 encastrer Assouan | INVICTA\" \/>\n<meta property=\"og:description\" content=\"D\u00e9couvrez le Barbecue \u00e0 encastrer Assouan homologu\u00e9 EN NF 1860-1\u2705 Garantie 5ans\u2705 Fabrication Fran\u00e7aise\u2705\" \/>\n<meta property=\"og:url\" content=\"https:\/\/www.invicta.fr\/fr\/produit\/barbecue-a-encastrer-assouan\/\" \/>\n<meta property=\"og:site_name\" content=\"Invicta\" \/>\n<meta property=\"article:modified_time\" content=\"2024-06-24T20:16:02+00:00\" \/>\n<meta property=\"og:image\" content=\"https:\/\/www.invicta.fr\/wp-content\/uploads\/2019\/07\/assouan_barbecue_charbon_1432112812.jpg\" \/>\n\t<meta property=\"og:image:width\" content=\"826\" \/>\n\t<meta property=\"og:image:height\" content=\"550\" \/>\n\t<meta property=\"og:image:type\" content=\"image\/jpeg\" \/>\n<meta name=\"twitter:card\" content=\"summary_large_image\" \/>\n<script type=\"application\/ld+json\" class=\"yoast-schema-graph\">{\"@context\":\"https:\/\/schema.org\",\"@graph\":[{\"@type\":\"WebPage\",\"@id\":\"https:\/\/www.invicta.fr\/fr\/produit\/barbecue-a-encastrer-assouan\/\",\"url\":\"https:\/\/www.invicta.fr\/fr\/produit\/barbecue-a-encastrer-assouan\/\",\"name\":\"Barbecue \u00e0 encastrer Assouan | INVICTA\",\"isPartOf\":{\"@id\":\"https:\/\/www.invicta.fr\/fr\/#website\"},\"primaryImageOfPage\":{\"@id\":\"https:\/\/www.invicta.fr\/fr\/produit\/barbecue-a-encastrer-assouan\/#primaryimage\"},\"image\":{\"@id\":\"https:\/\/www.invicta.fr\/fr\/produit\/barbecue-a-encastrer-assouan\/#primaryimage\"},\"thumbnailUrl\":\"https:\/\/www.invicta.fr\/wp-content\/uploads\/2019\/07\/assouan_barbecue_charbon_1432112812.jpg\",\"datePublished\":\"2019-07-11T13:49:48+00:00\",\"dateModified\":\"2024-06-24T20:16:02+00:00\",\"description\":\"D\u00e9couvrez le Barbecue \u00e0 encastrer Assouan homologu\u00e9 EN NF 1860-1\u2705 Garantie 5ans\u2705 Fabrication Fran\u00e7aise\u2705\",\"breadcrumb\":{\"@id\":\"https:\/\/www.invicta.fr\/fr\/produit\/barbecue-a-encastrer-assouan\/#breadcrumb\"},\"inLanguage\":\"fr-FR\",\"potentialAction\":[{\"@type\":\"ReadAction\",\"target\":[\"https:\/\/www.invicta.fr\/fr\/produit\/barbecue-a-encastrer-assouan\/\"]}]},{\"@type\":\"ImageObject\",\"inLanguage\":\"fr-FR\",\"@id\":\"https:\/\/www.invicta.fr\/fr\/produit\/barbecue-a-encastrer-assouan\/#primaryimage\",\"url\":\"https:\/\/www.invicta.fr\/wp-content\/uploads\/2019\/07\/assouan_barbecue_charbon_1432112812.jpg\",\"contentUrl\":\"https:\/\/www.invicta.fr\/wp-content\/uploads\/2019\/07\/assouan_barbecue_charbon_1432112812.jpg\",\"width\":826,\"height\":550,\"caption\":\"Barbecue fonte charbon de bois \u00e0 encastrer Invicta Assouan\"},{\"@type\":\"BreadcrumbList\",\"@id\":\"https:\/\/www.invicta.fr\/fr\/produit\/barbecue-a-encastrer-assouan\/#breadcrumb\",\"itemListElement\":[{\"@type\":\"ListItem\",\"position\":1,\"name\":\"Accueil\",\"item\":\"https:\/\/www.invicta.fr\/fr\/\"},{\"@type\":\"ListItem\",\"position\":2,\"name\":\"Produits\",\"item\":\"https:\/\/www.invicta.fr\/fr\/shop\/\"},{\"@type\":\"ListItem\",\"position\":3,\"name\":\"Plein Air\",\"item\":\"https:\/\/www.invicta.fr\/fr\/categorie-produit\/plein-air\/\"},{\"@type\":\"ListItem\",\"position\":4,\"name\":\"Barbecue \u00e0 encastrer Assouan\"}]},{\"@type\":\"WebSite\",\"@id\":\"https:\/\/www.invicta.fr\/fr\/#website\",\"url\":\"https:\/\/www.invicta.fr\/fr\/\",\"name\":\"Invicta\",\"description\":\"Fabricant fran\u00e7ais, sp\u00e9cialiste europ\u00e9en du chauffage au bois : po\u00eales \u00e0 bois et \u00e0 granul\u00e9s, chemin\u00e9es, foyers et inserts\",\"publisher\":{\"@id\":\"https:\/\/www.invicta.fr\/fr\/#organization\"},\"potentialAction\":[{\"@type\":\"SearchAction\",\"target\":{\"@type\":\"EntryPoint\",\"urlTemplate\":\"https:\/\/www.invicta.fr\/fr\/?s={search_term_string}\"},\"query-input\":{\"@type\":\"PropertyValueSpecification\",\"valueRequired\":true,\"valueName\":\"search_term_string\"}}],\"inLanguage\":\"fr-FR\"},{\"@type\":\"Organization\",\"@id\":\"https:\/\/www.invicta.fr\/fr\/#organization\",\"name\":\"Invicta\",\"url\":\"https:\/\/www.invicta.fr\/fr\/\",\"logo\":{\"@type\":\"ImageObject\",\"inLanguage\":\"fr-FR\",\"@id\":\"https:\/\/www.invicta.fr\/fr\/#\/schema\/logo\/image\/\",\"url\":\"https:\/\/www.invicta.fr\/wp-content\/uploads\/2019\/06\/INVICTALOGO_RVB.png\",\"contentUrl\":\"https:\/\/www.invicta.fr\/wp-content\/uploads\/2019\/06\/INVICTALOGO_RVB.png\",\"width\":1810,\"height\":1280,\"caption\":\"Invicta\"},\"image\":{\"@id\":\"https:\/\/www.invicta.fr\/fr\/#\/schema\/logo\/image\/\"}}]}<\/script>\n<!-- \/ Yoast SEO plugin. -->","yoast_head_json":{"title":"Barbecue \u00e0 encastrer Assouan | INVICTA","description":"D\u00e9couvrez le Barbecue \u00e0 encastrer Assouan homologu\u00e9 EN NF 1860-1\u2705 Garantie 5ans\u2705 Fabrication Fran\u00e7aise\u2705","robots":{"index":"index","follow":"follow","max-snippet":"max-snippet:-1","max-image-preview":"max-image-preview:large","max-video-preview":"max-video-preview:-1"},"canonical":"https:\/\/www.invicta.fr\/fr\/produit\/barbecue-a-encastrer-assouan\/","og_locale":"fr_FR","og_type":"article","og_title":"Barbecue \u00e0 encastrer Assouan | INVICTA","og_description":"D\u00e9couvrez le Barbecue \u00e0 encastrer Assouan homologu\u00e9 EN NF 1860-1\u2705 Garantie 5ans\u2705 Fabrication Fran\u00e7aise\u2705","og_url":"https:\/\/www.invicta.fr\/fr\/produit\/barbecue-a-encastrer-assouan\/","og_site_name":"Invicta","article_modified_time":"2024-06-24T20:16:02+00:00","og_image":[{"width":826,"height":550,"url":"https:\/\/www.invicta.fr\/wp-content\/uploads\/2019\/07\/assouan_barbecue_charbon_1432112812.jpg","type":"image\/jpeg"}],"twitter_card":"summary_large_image","schema":{"@context":"https:\/\/schema.org","@graph":[{"@type":"WebPage","@id":"https:\/\/www.invicta.fr\/fr\/produit\/barbecue-a-encastrer-assouan\/","url":"https:\/\/www.invicta.fr\/fr\/produit\/barbecue-a-encastrer-assouan\/","name":"Barbecue \u00e0 encastrer Assouan | INVICTA","isPartOf":{"@id":"https:\/\/www.invicta.fr\/fr\/#website"},"primaryImageOfPage":{"@id":"https:\/\/www.invicta.fr\/fr\/produit\/barbecue-a-encastrer-assouan\/#primaryimage"},"image":{"@id":"https:\/\/www.invicta.fr\/fr\/produit\/barbecue-a-encastrer-assouan\/#primaryimage"},"thumbnailUrl":"https:\/\/www.invicta.fr\/wp-content\/uploads\/2019\/07\/assouan_barbecue_charbon_1432112812.jpg","datePublished":"2019-07-11T13:49:48+00:00","dateModified":"2024-06-24T20:16:02+00:00","description":"D\u00e9couvrez le Barbecue \u00e0 encastrer Assouan homologu\u00e9 EN NF 1860-1\u2705 Garantie 5ans\u2705 Fabrication Fran\u00e7aise\u2705","breadcrumb":{"@id":"https:\/\/www.invicta.fr\/fr\/produit\/barbecue-a-encastrer-assouan\/#breadcrumb"},"inLanguage":"fr-FR","potentialAction":[{"@type":"ReadAction","target":["https:\/\/www.invicta.fr\/fr\/produit\/barbecue-a-encastrer-assouan\/"]}]},{"@type":"ImageObject","inLanguage":"fr-FR","@id":"https:\/\/www.invicta.fr\/fr\/produit\/barbecue-a-encastrer-assouan\/#primaryimage","url":"https:\/\/www.invicta.fr\/wp-content\/uploads\/2019\/07\/assouan_barbecue_charbon_1432112812.jpg","contentUrl":"https:\/\/www.invicta.fr\/wp-content\/uploads\/2019\/07\/assouan_barbecue_charbon_1432112812.jpg","width":826,"height":550,"caption":"Barbecue fonte charbon de bois \u00e0 encastrer Invicta Assouan"},{"@type":"BreadcrumbList","@id":"https:\/\/www.invicta.fr\/fr\/produit\/barbecue-a-encastrer-assouan\/#breadcrumb","itemListElement":[{"@type":"ListItem","position":1,"name":"Accueil","item":"https:\/\/www.invicta.fr\/fr\/"},{"@type":"ListItem","position":2,"name":"Produits","item":"https:\/\/www.invicta.fr\/fr\/shop\/"},{"@type":"ListItem","position":3,"name":"Plein Air","item":"https:\/\/www.invicta.fr\/fr\/categorie-produit\/plein-air\/"},{"@type":"ListItem","position":4,"name":"Barbecue \u00e0 encastrer Assouan"}]},{"@type":"WebSite","@id":"https:\/\/www.invicta.fr\/fr\/#website","url":"https:\/\/www.invicta.fr\/fr\/","name":"Invicta","description":"Fabricant fran\u00e7ais, sp\u00e9cialiste europ\u00e9en du chauffage au bois : po\u00eales \u00e0 bois et \u00e0 granul\u00e9s, chemin\u00e9es, foyers et inserts","publisher":{"@id":"https:\/\/www.invicta.fr\/fr\/#organization"},"potentialAction":[{"@type":"SearchAction","target":{"@type":"EntryPoint","urlTemplate":"https:\/\/www.invicta.fr\/fr\/?s={search_term_string}"},"query-input":{"@type":"PropertyValueSpecification","valueRequired":true,"valueName":"search_term_string"}}],"inLanguage":"fr-FR"},{"@type":"Organization","@id":"https:\/\/www.invicta.fr\/fr\/#organization","name":"Invicta","url":"https:\/\/www.invicta.fr\/fr\/","logo":{"@type":"ImageObject","inLanguage":"fr-FR","@id":"https:\/\/www.invicta.fr\/fr\/#\/schema\/logo\/image\/","url":"https:\/\/www.invicta.fr\/wp-content\/uploads\/2019\/06\/INVICTALOGO_RVB.png","contentUrl":"https:\/\/www.invicta.fr\/wp-content\/uploads\/2019\/06\/INVICTALOGO_RVB.png","width":1810,"height":1280,"caption":"Invicta"},"image":{"@id":"https:\/\/www.invicta.fr\/fr\/#\/schema\/logo\/image\/"}}]}},"_links":{"self":[{"href":"https:\/\/www.invicta.fr\/fr\/wp-json\/wp\/v2\/product\/1689","targetHints":{"allow":["GET"]}}],"collection":[{"href":"https:\/\/www.invicta.fr\/fr\/wp-json\/wp\/v2\/product"}],"about":[{"href":"https:\/\/www.invicta.fr\/fr\/wp-json\/wp\/v2\/types\/product"}],"wp:featuredmedia":[{"embeddable":true,"href":"https:\/\/www.invicta.fr\/fr\/wp-json\/wp\/v2\/media\/1692"}],"wp:attachment":[{"href":"https:\/\/www.invicta.fr\/fr\/wp-json\/wp\/v2\/media?parent=1689"}],"wp:term":[{"taxonomy":"product_brand","embeddable":true,"href":"https:\/\/www.invicta.fr\/fr\/wp-json\/wp\/v2\/product_brand?post=1689"},{"taxonomy":"product_cat","embeddable":true,"href":"https:\/\/www.invicta.fr\/fr\/wp-json\/wp\/v2\/product_cat?post=1689"},{"taxonomy":"product_tag","embeddable":true,"href":"https:\/\/www.invicta.fr\/fr\/wp-json\/wp\/v2\/product_tag?post=1689"},{"taxonomy":"plus_produit","embeddable":true,"href":"https:\/\/www.invicta.fr\/fr\/wp-json\/wp\/v2\/plus_produit?post=1689"}],"curies":[{"name":"wp","href":"https:\/\/api.w.org\/{rel}","templated":true}]}}