{"id":1697,"date":"2019-07-11T15:52:43","date_gmt":"2019-07-11T13:52:43","guid":{"rendered":"https:\/\/www.invicta.fr\/?post_type=product&#038;p=1697"},"modified":"2024-06-20T10:41:00","modified_gmt":"2024-06-20T08:41:00","slug":"barbecue-a-encastrer-louqsor","status":"publish","type":"product","link":"https:\/\/www.invicta.fr\/fr\/produit\/barbecue-a-encastrer-louqsor\/","title":{"rendered":"Barbecue \u00e0 encastrer Louqsor"},"content":{"rendered":"","protected":false},"excerpt":{"rendered":"<p>Le mod\u00e8le est \u00e9quip\u00e9 d&#8217;un grand tiroir \u00e0 cendres et d&#8217;une brochette pratique.<\/p>\n","protected":false},"featured_media":1698,"template":"","meta":{"_acf_changed":false},"product_brand":[],"product_cat":[5350,5353],"product_tag":[],"plus_produit":[1418,1348,1416,1380,1417,1919,1414,1349],"class_list":{"1":"product","4":"has-post-thumbnail","6":"product_cat-plein-air","7":"product_cat-barbecue","8":"plus_produit-cuisson-verticale-possible","9":"plus_produit-grand-tiroir-pour-les-cendres","10":"plus_produit-grande-cuve-en-fonte-avec-separateur","11":"plus_produit-grille-foyere-en-fonte-support-du-charbon-de-bois","12":"plus_produit-moteur-et-broche-fournis","13":"plus_produit-origine-france-garantie","14":"plus_produit-plusieurs-hauteurs-pour-la-grille","15":"plus_produit-positions-multiples-pour-la-broche","17":"first","18":"instock","19":"product-type-simple"},"acf":[],"yoast_head":"<!-- This site is optimized with the Yoast SEO plugin v24.7 - https:\/\/yoast.com\/wordpress\/plugins\/seo\/ -->\n<title>Barbecue \u00e0 encastrer Louqsor | INVICTA<\/title>\n<meta name=\"description\" content=\"D\u00e9couvrez le Barbecue \u00e0 encastrer Louqsor homologu\u00e9 norme EN NF 1860-1\u2705 Garantie 5ans\u2705 dimension d&#039;encastrement 64x33 cm\u2705\" \/>\n<meta name=\"robots\" content=\"index, follow, max-snippet:-1, max-image-preview:large, max-video-preview:-1\" \/>\n<link rel=\"canonical\" href=\"https:\/\/www.invicta.fr\/fr\/produit\/barbecue-a-encastrer-louqsor\/\" \/>\n<meta property=\"og:locale\" content=\"fr_FR\" \/>\n<meta property=\"og:type\" content=\"article\" \/>\n<meta property=\"og:title\" content=\"Barbecue \u00e0 encastrer Louqsor | INVICTA\" \/>\n<meta property=\"og:description\" content=\"D\u00e9couvrez le Barbecue \u00e0 encastrer Louqsor homologu\u00e9 norme EN NF 1860-1\u2705 Garantie 5ans\u2705 dimension d&#039;encastrement 64x33 cm\u2705\" \/>\n<meta property=\"og:url\" content=\"https:\/\/www.invicta.fr\/fr\/produit\/barbecue-a-encastrer-louqsor\/\" \/>\n<meta property=\"og:site_name\" content=\"Invicta\" \/>\n<meta property=\"article:modified_time\" content=\"2024-06-20T08:41:00+00:00\" \/>\n<meta property=\"og:image\" content=\"https:\/\/www.invicta.fr\/wp-content\/uploads\/2019\/07\/louqsor_barbecue_charbon_1432112274.jpg\" \/>\n\t<meta property=\"og:image:width\" content=\"894\" \/>\n\t<meta property=\"og:image:height\" content=\"550\" \/>\n\t<meta property=\"og:image:type\" content=\"image\/jpeg\" \/>\n<meta name=\"twitter:card\" content=\"summary_large_image\" \/>\n<script type=\"application\/ld+json\" class=\"yoast-schema-graph\">{\"@context\":\"https:\/\/schema.org\",\"@graph\":[{\"@type\":\"WebPage\",\"@id\":\"https:\/\/www.invicta.fr\/fr\/produit\/barbecue-a-encastrer-louqsor\/\",\"url\":\"https:\/\/www.invicta.fr\/fr\/produit\/barbecue-a-encastrer-louqsor\/\",\"name\":\"Barbecue \u00e0 encastrer Louqsor | INVICTA\",\"isPartOf\":{\"@id\":\"https:\/\/www.invicta.fr\/fr\/#website\"},\"primaryImageOfPage\":{\"@id\":\"https:\/\/www.invicta.fr\/fr\/produit\/barbecue-a-encastrer-louqsor\/#primaryimage\"},\"image\":{\"@id\":\"https:\/\/www.invicta.fr\/fr\/produit\/barbecue-a-encastrer-louqsor\/#primaryimage\"},\"thumbnailUrl\":\"https:\/\/www.invicta.fr\/wp-content\/uploads\/2019\/07\/louqsor_barbecue_charbon_1432112274.jpg\",\"datePublished\":\"2019-07-11T13:52:43+00:00\",\"dateModified\":\"2024-06-20T08:41:00+00:00\",\"description\":\"D\u00e9couvrez le Barbecue \u00e0 encastrer Louqsor homologu\u00e9 norme EN NF 1860-1\u2705 Garantie 5ans\u2705 dimension d'encastrement 64x33 cm\u2705\",\"breadcrumb\":{\"@id\":\"https:\/\/www.invicta.fr\/fr\/produit\/barbecue-a-encastrer-louqsor\/#breadcrumb\"},\"inLanguage\":\"fr-FR\",\"potentialAction\":[{\"@type\":\"ReadAction\",\"target\":[\"https:\/\/www.invicta.fr\/fr\/produit\/barbecue-a-encastrer-louqsor\/\"]}]},{\"@type\":\"ImageObject\",\"inLanguage\":\"fr-FR\",\"@id\":\"https:\/\/www.invicta.fr\/fr\/produit\/barbecue-a-encastrer-louqsor\/#primaryimage\",\"url\":\"https:\/\/www.invicta.fr\/wp-content\/uploads\/2019\/07\/louqsor_barbecue_charbon_1432112274.jpg\",\"contentUrl\":\"https:\/\/www.invicta.fr\/wp-content\/uploads\/2019\/07\/louqsor_barbecue_charbon_1432112274.jpg\",\"width\":894,\"height\":550,\"caption\":\"Barbecue fonte charbon de bois - \u00e0 encastrer - Invicta - Louqsor\"},{\"@type\":\"BreadcrumbList\",\"@id\":\"https:\/\/www.invicta.fr\/fr\/produit\/barbecue-a-encastrer-louqsor\/#breadcrumb\",\"itemListElement\":[{\"@type\":\"ListItem\",\"position\":1,\"name\":\"Accueil\",\"item\":\"https:\/\/www.invicta.fr\/fr\/\"},{\"@type\":\"ListItem\",\"position\":2,\"name\":\"Produits\",\"item\":\"https:\/\/www.invicta.fr\/fr\/shop\/\"},{\"@type\":\"ListItem\",\"position\":3,\"name\":\"Plein Air\",\"item\":\"https:\/\/www.invicta.fr\/fr\/categorie-produit\/plein-air\/\"},{\"@type\":\"ListItem\",\"position\":4,\"name\":\"Barbecue \u00e0 encastrer Louqsor\"}]},{\"@type\":\"WebSite\",\"@id\":\"https:\/\/www.invicta.fr\/fr\/#website\",\"url\":\"https:\/\/www.invicta.fr\/fr\/\",\"name\":\"Invicta\",\"description\":\"Fabricant fran\u00e7ais, sp\u00e9cialiste europ\u00e9en du chauffage au bois : po\u00eales \u00e0 bois et \u00e0 granul\u00e9s, chemin\u00e9es, foyers et inserts\",\"publisher\":{\"@id\":\"https:\/\/www.invicta.fr\/fr\/#organization\"},\"potentialAction\":[{\"@type\":\"SearchAction\",\"target\":{\"@type\":\"EntryPoint\",\"urlTemplate\":\"https:\/\/www.invicta.fr\/fr\/?s={search_term_string}\"},\"query-input\":{\"@type\":\"PropertyValueSpecification\",\"valueRequired\":true,\"valueName\":\"search_term_string\"}}],\"inLanguage\":\"fr-FR\"},{\"@type\":\"Organization\",\"@id\":\"https:\/\/www.invicta.fr\/fr\/#organization\",\"name\":\"Invicta\",\"url\":\"https:\/\/www.invicta.fr\/fr\/\",\"logo\":{\"@type\":\"ImageObject\",\"inLanguage\":\"fr-FR\",\"@id\":\"https:\/\/www.invicta.fr\/fr\/#\/schema\/logo\/image\/\",\"url\":\"https:\/\/www.invicta.fr\/wp-content\/uploads\/2019\/06\/INVICTALOGO_RVB.png\",\"contentUrl\":\"https:\/\/www.invicta.fr\/wp-content\/uploads\/2019\/06\/INVICTALOGO_RVB.png\",\"width\":1810,\"height\":1280,\"caption\":\"Invicta\"},\"image\":{\"@id\":\"https:\/\/www.invicta.fr\/fr\/#\/schema\/logo\/image\/\"}}]}<\/script>\n<!-- \/ Yoast SEO plugin. -->","yoast_head_json":{"title":"Barbecue \u00e0 encastrer Louqsor | INVICTA","description":"D\u00e9couvrez le Barbecue \u00e0 encastrer Louqsor homologu\u00e9 norme EN NF 1860-1\u2705 Garantie 5ans\u2705 dimension d'encastrement 64x33 cm\u2705","robots":{"index":"index","follow":"follow","max-snippet":"max-snippet:-1","max-image-preview":"max-image-preview:large","max-video-preview":"max-video-preview:-1"},"canonical":"https:\/\/www.invicta.fr\/fr\/produit\/barbecue-a-encastrer-louqsor\/","og_locale":"fr_FR","og_type":"article","og_title":"Barbecue \u00e0 encastrer Louqsor | INVICTA","og_description":"D\u00e9couvrez le Barbecue \u00e0 encastrer Louqsor homologu\u00e9 norme EN NF 1860-1\u2705 Garantie 5ans\u2705 dimension d'encastrement 64x33 cm\u2705","og_url":"https:\/\/www.invicta.fr\/fr\/produit\/barbecue-a-encastrer-louqsor\/","og_site_name":"Invicta","article_modified_time":"2024-06-20T08:41:00+00:00","og_image":[{"width":894,"height":550,"url":"https:\/\/www.invicta.fr\/wp-content\/uploads\/2019\/07\/louqsor_barbecue_charbon_1432112274.jpg","type":"image\/jpeg"}],"twitter_card":"summary_large_image","schema":{"@context":"https:\/\/schema.org","@graph":[{"@type":"WebPage","@id":"https:\/\/www.invicta.fr\/fr\/produit\/barbecue-a-encastrer-louqsor\/","url":"https:\/\/www.invicta.fr\/fr\/produit\/barbecue-a-encastrer-louqsor\/","name":"Barbecue \u00e0 encastrer Louqsor | INVICTA","isPartOf":{"@id":"https:\/\/www.invicta.fr\/fr\/#website"},"primaryImageOfPage":{"@id":"https:\/\/www.invicta.fr\/fr\/produit\/barbecue-a-encastrer-louqsor\/#primaryimage"},"image":{"@id":"https:\/\/www.invicta.fr\/fr\/produit\/barbecue-a-encastrer-louqsor\/#primaryimage"},"thumbnailUrl":"https:\/\/www.invicta.fr\/wp-content\/uploads\/2019\/07\/louqsor_barbecue_charbon_1432112274.jpg","datePublished":"2019-07-11T13:52:43+00:00","dateModified":"2024-06-20T08:41:00+00:00","description":"D\u00e9couvrez le Barbecue \u00e0 encastrer Louqsor homologu\u00e9 norme EN NF 1860-1\u2705 Garantie 5ans\u2705 dimension d'encastrement 64x33 cm\u2705","breadcrumb":{"@id":"https:\/\/www.invicta.fr\/fr\/produit\/barbecue-a-encastrer-louqsor\/#breadcrumb"},"inLanguage":"fr-FR","potentialAction":[{"@type":"ReadAction","target":["https:\/\/www.invicta.fr\/fr\/produit\/barbecue-a-encastrer-louqsor\/"]}]},{"@type":"ImageObject","inLanguage":"fr-FR","@id":"https:\/\/www.invicta.fr\/fr\/produit\/barbecue-a-encastrer-louqsor\/#primaryimage","url":"https:\/\/www.invicta.fr\/wp-content\/uploads\/2019\/07\/louqsor_barbecue_charbon_1432112274.jpg","contentUrl":"https:\/\/www.invicta.fr\/wp-content\/uploads\/2019\/07\/louqsor_barbecue_charbon_1432112274.jpg","width":894,"height":550,"caption":"Barbecue fonte charbon de bois - \u00e0 encastrer - Invicta - Louqsor"},{"@type":"BreadcrumbList","@id":"https:\/\/www.invicta.fr\/fr\/produit\/barbecue-a-encastrer-louqsor\/#breadcrumb","itemListElement":[{"@type":"ListItem","position":1,"name":"Accueil","item":"https:\/\/www.invicta.fr\/fr\/"},{"@type":"ListItem","position":2,"name":"Produits","item":"https:\/\/www.invicta.fr\/fr\/shop\/"},{"@type":"ListItem","position":3,"name":"Plein Air","item":"https:\/\/www.invicta.fr\/fr\/categorie-produit\/plein-air\/"},{"@type":"ListItem","position":4,"name":"Barbecue \u00e0 encastrer Louqsor"}]},{"@type":"WebSite","@id":"https:\/\/www.invicta.fr\/fr\/#website","url":"https:\/\/www.invicta.fr\/fr\/","name":"Invicta","description":"Fabricant fran\u00e7ais, sp\u00e9cialiste europ\u00e9en du chauffage au bois : po\u00eales \u00e0 bois et \u00e0 granul\u00e9s, chemin\u00e9es, foyers et inserts","publisher":{"@id":"https:\/\/www.invicta.fr\/fr\/#organization"},"potentialAction":[{"@type":"SearchAction","target":{"@type":"EntryPoint","urlTemplate":"https:\/\/www.invicta.fr\/fr\/?s={search_term_string}"},"query-input":{"@type":"PropertyValueSpecification","valueRequired":true,"valueName":"search_term_string"}}],"inLanguage":"fr-FR"},{"@type":"Organization","@id":"https:\/\/www.invicta.fr\/fr\/#organization","name":"Invicta","url":"https:\/\/www.invicta.fr\/fr\/","logo":{"@type":"ImageObject","inLanguage":"fr-FR","@id":"https:\/\/www.invicta.fr\/fr\/#\/schema\/logo\/image\/","url":"https:\/\/www.invicta.fr\/wp-content\/uploads\/2019\/06\/INVICTALOGO_RVB.png","contentUrl":"https:\/\/www.invicta.fr\/wp-content\/uploads\/2019\/06\/INVICTALOGO_RVB.png","width":1810,"height":1280,"caption":"Invicta"},"image":{"@id":"https:\/\/www.invicta.fr\/fr\/#\/schema\/logo\/image\/"}}]}},"_links":{"self":[{"href":"https:\/\/www.invicta.fr\/fr\/wp-json\/wp\/v2\/product\/1697","targetHints":{"allow":["GET"]}}],"collection":[{"href":"https:\/\/www.invicta.fr\/fr\/wp-json\/wp\/v2\/product"}],"about":[{"href":"https:\/\/www.invicta.fr\/fr\/wp-json\/wp\/v2\/types\/product"}],"wp:featuredmedia":[{"embeddable":true,"href":"https:\/\/www.invicta.fr\/fr\/wp-json\/wp\/v2\/media\/1698"}],"wp:attachment":[{"href":"https:\/\/www.invicta.fr\/fr\/wp-json\/wp\/v2\/media?parent=1697"}],"wp:term":[{"taxonomy":"product_brand","embeddable":true,"href":"https:\/\/www.invicta.fr\/fr\/wp-json\/wp\/v2\/product_brand?post=1697"},{"taxonomy":"product_cat","embeddable":true,"href":"https:\/\/www.invicta.fr\/fr\/wp-json\/wp\/v2\/product_cat?post=1697"},{"taxonomy":"product_tag","embeddable":true,"href":"https:\/\/www.invicta.fr\/fr\/wp-json\/wp\/v2\/product_tag?post=1697"},{"taxonomy":"plus_produit","embeddable":true,"href":"https:\/\/www.invicta.fr\/fr\/wp-json\/wp\/v2\/plus_produit?post=1697"}],"curies":[{"name":"wp","href":"https:\/\/api.w.org\/{rel}","templated":true}]}}