{"id":1726,"date":"2019-07-11T16:17:38","date_gmt":"2019-07-11T14:17:38","guid":{"rendered":"https:\/\/www.invicta.fr\/?post_type=product&#038;p=1726"},"modified":"2021-06-02T11:11:19","modified_gmt":"2021-06-02T09:11:19","slug":"barbecue-fonte-niagara","status":"publish","type":"product","link":"https:\/\/www.invicta.fr\/fr\/produit\/barbecue-fonte-niagara\/","title":{"rendered":"Barbecue fonte Niagara"},"content":{"rendered":"","protected":false},"excerpt":{"rendered":"<p>Pr\u00e9parez une bonne grillade avec ce barbecue en fonte \u00e9quip\u00e9 d&#8217;un chariot et d&#8217;une tablette lat\u00e9rale en m\u00e9tal.<\/p>\n","protected":false},"featured_media":19113,"template":"","meta":{"_acf_changed":false},"product_brand":[],"product_cat":[5350,5353],"product_tag":[],"plus_produit":[1548,1546,1398,1547],"class_list":{"1":"product","4":"has-post-thumbnail","6":"product_cat-plein-air","7":"product_cat-barbecue","8":"plus_produit-chariot-2-roues","9":"plus_produit-grande-grille-de-cuisson-avec-2-poignees","10":"plus_produit-support-dustensiles","11":"plus_produit-tablette-laterale-en-metal","13":"first","14":"instock","15":"shipping-taxable","16":"product-type-simple"},"acf":[],"yoast_head":"<!-- This site is optimized with the Yoast SEO plugin v24.7 - https:\/\/yoast.com\/wordpress\/plugins\/seo\/ -->\n<title>Barbecue en fonte Niagara | INVICTA<\/title>\n<meta name=\"description\" content=\"D\u00e9couvrez le Barbecue en fonte Niagara homologu\u00e9 norme EN NF 1860-1\u2705 Garantie 5ans\u2705 h 86,5cm\u2705 l 100cm\u2705 p 49,5cm\u2705\" \/>\n<meta name=\"robots\" content=\"index, follow, max-snippet:-1, max-image-preview:large, max-video-preview:-1\" \/>\n<link rel=\"canonical\" href=\"https:\/\/www.invicta.fr\/fr\/produit\/barbecue-fonte-niagara\/\" \/>\n<meta property=\"og:locale\" content=\"fr_FR\" \/>\n<meta property=\"og:type\" content=\"article\" \/>\n<meta property=\"og:title\" content=\"Barbecue en fonte Niagara | INVICTA\" \/>\n<meta property=\"og:description\" content=\"D\u00e9couvrez le Barbecue en fonte Niagara homologu\u00e9 norme EN NF 1860-1\u2705 Garantie 5ans\u2705 h 86,5cm\u2705 l 100cm\u2705 p 49,5cm\u2705\" \/>\n<meta property=\"og:url\" content=\"https:\/\/www.invicta.fr\/fr\/produit\/barbecue-fonte-niagara\/\" \/>\n<meta property=\"og:site_name\" content=\"Invicta\" \/>\n<meta property=\"article:modified_time\" content=\"2021-06-02T09:11:19+00:00\" \/>\n<meta property=\"og:image\" content=\"https:\/\/www.invicta.fr\/wp-content\/uploads\/2019\/07\/niagara_barbecue_charbon.jpg\" \/>\n\t<meta property=\"og:image:width\" content=\"847\" \/>\n\t<meta property=\"og:image:height\" content=\"900\" \/>\n\t<meta property=\"og:image:type\" content=\"image\/jpeg\" \/>\n<meta name=\"twitter:card\" content=\"summary_large_image\" \/>\n<script type=\"application\/ld+json\" class=\"yoast-schema-graph\">{\"@context\":\"https:\/\/schema.org\",\"@graph\":[{\"@type\":\"WebPage\",\"@id\":\"https:\/\/www.invicta.fr\/fr\/produit\/barbecue-fonte-niagara\/\",\"url\":\"https:\/\/www.invicta.fr\/fr\/produit\/barbecue-fonte-niagara\/\",\"name\":\"Barbecue en fonte Niagara | INVICTA\",\"isPartOf\":{\"@id\":\"https:\/\/www.invicta.fr\/fr\/#website\"},\"primaryImageOfPage\":{\"@id\":\"https:\/\/www.invicta.fr\/fr\/produit\/barbecue-fonte-niagara\/#primaryimage\"},\"image\":{\"@id\":\"https:\/\/www.invicta.fr\/fr\/produit\/barbecue-fonte-niagara\/#primaryimage\"},\"thumbnailUrl\":\"https:\/\/www.invicta.fr\/wp-content\/uploads\/2019\/07\/niagara_barbecue_charbon.jpg\",\"datePublished\":\"2019-07-11T14:17:38+00:00\",\"dateModified\":\"2021-06-02T09:11:19+00:00\",\"description\":\"D\u00e9couvrez le Barbecue en fonte Niagara homologu\u00e9 norme EN NF 1860-1\u2705 Garantie 5ans\u2705 h 86,5cm\u2705 l 100cm\u2705 p 49,5cm\u2705\",\"breadcrumb\":{\"@id\":\"https:\/\/www.invicta.fr\/fr\/produit\/barbecue-fonte-niagara\/#breadcrumb\"},\"inLanguage\":\"fr-FR\",\"potentialAction\":[{\"@type\":\"ReadAction\",\"target\":[\"https:\/\/www.invicta.fr\/fr\/produit\/barbecue-fonte-niagara\/\"]}]},{\"@type\":\"ImageObject\",\"inLanguage\":\"fr-FR\",\"@id\":\"https:\/\/www.invicta.fr\/fr\/produit\/barbecue-fonte-niagara\/#primaryimage\",\"url\":\"https:\/\/www.invicta.fr\/wp-content\/uploads\/2019\/07\/niagara_barbecue_charbon.jpg\",\"contentUrl\":\"https:\/\/www.invicta.fr\/wp-content\/uploads\/2019\/07\/niagara_barbecue_charbon.jpg\",\"width\":847,\"height\":900,\"caption\":\"Barbecue fonte charbon de bois - Invicta Niagara\"},{\"@type\":\"BreadcrumbList\",\"@id\":\"https:\/\/www.invicta.fr\/fr\/produit\/barbecue-fonte-niagara\/#breadcrumb\",\"itemListElement\":[{\"@type\":\"ListItem\",\"position\":1,\"name\":\"Accueil\",\"item\":\"https:\/\/www.invicta.fr\/fr\/\"},{\"@type\":\"ListItem\",\"position\":2,\"name\":\"Produits\",\"item\":\"https:\/\/www.invicta.fr\/fr\/shop\/\"},{\"@type\":\"ListItem\",\"position\":3,\"name\":\"Plein Air\",\"item\":\"https:\/\/www.invicta.fr\/fr\/categorie-produit\/plein-air\/\"},{\"@type\":\"ListItem\",\"position\":4,\"name\":\"Barbecue fonte Niagara\"}]},{\"@type\":\"WebSite\",\"@id\":\"https:\/\/www.invicta.fr\/fr\/#website\",\"url\":\"https:\/\/www.invicta.fr\/fr\/\",\"name\":\"Invicta\",\"description\":\"Fabricant fran\u00e7ais, sp\u00e9cialiste europ\u00e9en du chauffage au bois : po\u00eales \u00e0 bois et \u00e0 granul\u00e9s, chemin\u00e9es, foyers et inserts\",\"publisher\":{\"@id\":\"https:\/\/www.invicta.fr\/fr\/#organization\"},\"potentialAction\":[{\"@type\":\"SearchAction\",\"target\":{\"@type\":\"EntryPoint\",\"urlTemplate\":\"https:\/\/www.invicta.fr\/fr\/?s={search_term_string}\"},\"query-input\":{\"@type\":\"PropertyValueSpecification\",\"valueRequired\":true,\"valueName\":\"search_term_string\"}}],\"inLanguage\":\"fr-FR\"},{\"@type\":\"Organization\",\"@id\":\"https:\/\/www.invicta.fr\/fr\/#organization\",\"name\":\"Invicta\",\"url\":\"https:\/\/www.invicta.fr\/fr\/\",\"logo\":{\"@type\":\"ImageObject\",\"inLanguage\":\"fr-FR\",\"@id\":\"https:\/\/www.invicta.fr\/fr\/#\/schema\/logo\/image\/\",\"url\":\"https:\/\/www.invicta.fr\/wp-content\/uploads\/2019\/06\/INVICTALOGO_RVB.png\",\"contentUrl\":\"https:\/\/www.invicta.fr\/wp-content\/uploads\/2019\/06\/INVICTALOGO_RVB.png\",\"width\":1810,\"height\":1280,\"caption\":\"Invicta\"},\"image\":{\"@id\":\"https:\/\/www.invicta.fr\/fr\/#\/schema\/logo\/image\/\"}}]}<\/script>\n<!-- \/ Yoast SEO plugin. -->","yoast_head_json":{"title":"Barbecue en fonte Niagara | INVICTA","description":"D\u00e9couvrez le Barbecue en fonte Niagara homologu\u00e9 norme EN NF 1860-1\u2705 Garantie 5ans\u2705 h 86,5cm\u2705 l 100cm\u2705 p 49,5cm\u2705","robots":{"index":"index","follow":"follow","max-snippet":"max-snippet:-1","max-image-preview":"max-image-preview:large","max-video-preview":"max-video-preview:-1"},"canonical":"https:\/\/www.invicta.fr\/fr\/produit\/barbecue-fonte-niagara\/","og_locale":"fr_FR","og_type":"article","og_title":"Barbecue en fonte Niagara | INVICTA","og_description":"D\u00e9couvrez le Barbecue en fonte Niagara homologu\u00e9 norme EN NF 1860-1\u2705 Garantie 5ans\u2705 h 86,5cm\u2705 l 100cm\u2705 p 49,5cm\u2705","og_url":"https:\/\/www.invicta.fr\/fr\/produit\/barbecue-fonte-niagara\/","og_site_name":"Invicta","article_modified_time":"2021-06-02T09:11:19+00:00","og_image":[{"width":847,"height":900,"url":"https:\/\/www.invicta.fr\/wp-content\/uploads\/2019\/07\/niagara_barbecue_charbon.jpg","type":"image\/jpeg"}],"twitter_card":"summary_large_image","schema":{"@context":"https:\/\/schema.org","@graph":[{"@type":"WebPage","@id":"https:\/\/www.invicta.fr\/fr\/produit\/barbecue-fonte-niagara\/","url":"https:\/\/www.invicta.fr\/fr\/produit\/barbecue-fonte-niagara\/","name":"Barbecue en fonte Niagara | INVICTA","isPartOf":{"@id":"https:\/\/www.invicta.fr\/fr\/#website"},"primaryImageOfPage":{"@id":"https:\/\/www.invicta.fr\/fr\/produit\/barbecue-fonte-niagara\/#primaryimage"},"image":{"@id":"https:\/\/www.invicta.fr\/fr\/produit\/barbecue-fonte-niagara\/#primaryimage"},"thumbnailUrl":"https:\/\/www.invicta.fr\/wp-content\/uploads\/2019\/07\/niagara_barbecue_charbon.jpg","datePublished":"2019-07-11T14:17:38+00:00","dateModified":"2021-06-02T09:11:19+00:00","description":"D\u00e9couvrez le Barbecue en fonte Niagara homologu\u00e9 norme EN NF 1860-1\u2705 Garantie 5ans\u2705 h 86,5cm\u2705 l 100cm\u2705 p 49,5cm\u2705","breadcrumb":{"@id":"https:\/\/www.invicta.fr\/fr\/produit\/barbecue-fonte-niagara\/#breadcrumb"},"inLanguage":"fr-FR","potentialAction":[{"@type":"ReadAction","target":["https:\/\/www.invicta.fr\/fr\/produit\/barbecue-fonte-niagara\/"]}]},{"@type":"ImageObject","inLanguage":"fr-FR","@id":"https:\/\/www.invicta.fr\/fr\/produit\/barbecue-fonte-niagara\/#primaryimage","url":"https:\/\/www.invicta.fr\/wp-content\/uploads\/2019\/07\/niagara_barbecue_charbon.jpg","contentUrl":"https:\/\/www.invicta.fr\/wp-content\/uploads\/2019\/07\/niagara_barbecue_charbon.jpg","width":847,"height":900,"caption":"Barbecue fonte charbon de bois - Invicta Niagara"},{"@type":"BreadcrumbList","@id":"https:\/\/www.invicta.fr\/fr\/produit\/barbecue-fonte-niagara\/#breadcrumb","itemListElement":[{"@type":"ListItem","position":1,"name":"Accueil","item":"https:\/\/www.invicta.fr\/fr\/"},{"@type":"ListItem","position":2,"name":"Produits","item":"https:\/\/www.invicta.fr\/fr\/shop\/"},{"@type":"ListItem","position":3,"name":"Plein Air","item":"https:\/\/www.invicta.fr\/fr\/categorie-produit\/plein-air\/"},{"@type":"ListItem","position":4,"name":"Barbecue fonte Niagara"}]},{"@type":"WebSite","@id":"https:\/\/www.invicta.fr\/fr\/#website","url":"https:\/\/www.invicta.fr\/fr\/","name":"Invicta","description":"Fabricant fran\u00e7ais, sp\u00e9cialiste europ\u00e9en du chauffage au bois : po\u00eales \u00e0 bois et \u00e0 granul\u00e9s, chemin\u00e9es, foyers et inserts","publisher":{"@id":"https:\/\/www.invicta.fr\/fr\/#organization"},"potentialAction":[{"@type":"SearchAction","target":{"@type":"EntryPoint","urlTemplate":"https:\/\/www.invicta.fr\/fr\/?s={search_term_string}"},"query-input":{"@type":"PropertyValueSpecification","valueRequired":true,"valueName":"search_term_string"}}],"inLanguage":"fr-FR"},{"@type":"Organization","@id":"https:\/\/www.invicta.fr\/fr\/#organization","name":"Invicta","url":"https:\/\/www.invicta.fr\/fr\/","logo":{"@type":"ImageObject","inLanguage":"fr-FR","@id":"https:\/\/www.invicta.fr\/fr\/#\/schema\/logo\/image\/","url":"https:\/\/www.invicta.fr\/wp-content\/uploads\/2019\/06\/INVICTALOGO_RVB.png","contentUrl":"https:\/\/www.invicta.fr\/wp-content\/uploads\/2019\/06\/INVICTALOGO_RVB.png","width":1810,"height":1280,"caption":"Invicta"},"image":{"@id":"https:\/\/www.invicta.fr\/fr\/#\/schema\/logo\/image\/"}}]}},"_links":{"self":[{"href":"https:\/\/www.invicta.fr\/fr\/wp-json\/wp\/v2\/product\/1726","targetHints":{"allow":["GET"]}}],"collection":[{"href":"https:\/\/www.invicta.fr\/fr\/wp-json\/wp\/v2\/product"}],"about":[{"href":"https:\/\/www.invicta.fr\/fr\/wp-json\/wp\/v2\/types\/product"}],"wp:featuredmedia":[{"embeddable":true,"href":"https:\/\/www.invicta.fr\/fr\/wp-json\/wp\/v2\/media\/19113"}],"wp:attachment":[{"href":"https:\/\/www.invicta.fr\/fr\/wp-json\/wp\/v2\/media?parent=1726"}],"wp:term":[{"taxonomy":"product_brand","embeddable":true,"href":"https:\/\/www.invicta.fr\/fr\/wp-json\/wp\/v2\/product_brand?post=1726"},{"taxonomy":"product_cat","embeddable":true,"href":"https:\/\/www.invicta.fr\/fr\/wp-json\/wp\/v2\/product_cat?post=1726"},{"taxonomy":"product_tag","embeddable":true,"href":"https:\/\/www.invicta.fr\/fr\/wp-json\/wp\/v2\/product_tag?post=1726"},{"taxonomy":"plus_produit","embeddable":true,"href":"https:\/\/www.invicta.fr\/fr\/wp-json\/wp\/v2\/plus_produit?post=1726"}],"curies":[{"name":"wp","href":"https:\/\/api.w.org\/{rel}","templated":true}]}}