{"id":1815,"date":"2019-07-11T17:06:16","date_gmt":"2019-07-11T15:06:16","guid":{"rendered":"https:\/\/www.invicta.fr\/?post_type=product&#038;p=1815"},"modified":"2020-05-27T09:37:55","modified_gmt":"2020-05-27T07:37:55","slug":"lo-cigalou-a-poser","status":"publish","type":"product","link":"https:\/\/www.invicta.fr\/fr\/produit\/lo-cigalou-a-poser\/","title":{"rendered":"Lo Cigalou \u00e0 poser"},"content":{"rendered":"","protected":false},"excerpt":{"rendered":"<p>Id\u00e9al pour vos pizzas, flammekueches, tartes flamb\u00e9es &#8230;<\/p>\n","protected":false},"featured_media":1816,"template":"","meta":{"_acf_changed":false},"product_brand":[],"product_cat":[5350,5354,92],"product_tag":[],"plus_produit":[1503,1505],"class_list":{"1":"product","4":"has-post-thumbnail","6":"product_cat-plein-air","7":"product_cat-four_a_pain","8":"product_cat-fours-a-bois-cuiseurs-et-braseros","9":"pa_options-porte-en-inox-ref-737552","10":"plus_produit-4-elements-en-fonte-superposables","11":"plus_produit-cheminee-avec-deflecteur-pour-une-montee-en-temperature-rapide","13":"first","14":"instock","15":"shipping-taxable","16":"product-type-simple"},"acf":[],"yoast_head":"<!-- This site is optimized with the Yoast SEO plugin v24.7 - https:\/\/yoast.com\/wordpress\/plugins\/seo\/ -->\n<title>Lo Cigalou \u00e0 poser - Invicta<\/title>\n<meta name=\"description\" content=\"Id\u00e9al pour vos pizzas, flammekueches, tartes flamb\u00e9es ...\" \/>\n<meta name=\"robots\" content=\"index, follow, max-snippet:-1, max-image-preview:large, max-video-preview:-1\" \/>\n<link rel=\"canonical\" href=\"https:\/\/www.invicta.fr\/fr\/produit\/lo-cigalou-a-poser\/\" \/>\n<meta property=\"og:locale\" content=\"fr_FR\" \/>\n<meta property=\"og:type\" content=\"article\" \/>\n<meta property=\"og:title\" content=\"Lo Cigalou \u00e0 poser - Invicta\" \/>\n<meta property=\"og:description\" content=\"Id\u00e9al pour vos pizzas, flammekueches, tartes flamb\u00e9es ...\" \/>\n<meta property=\"og:url\" content=\"https:\/\/www.invicta.fr\/fr\/produit\/lo-cigalou-a-poser\/\" \/>\n<meta property=\"og:site_name\" content=\"Invicta\" \/>\n<meta property=\"article:modified_time\" content=\"2020-05-27T07:37:55+00:00\" \/>\n<meta property=\"og:image\" content=\"https:\/\/www.invicta.fr\/wp-content\/uploads\/2019\/07\/four_lo-cigalou_a-poser_755.jpg\" \/>\n\t<meta property=\"og:image:width\" content=\"474\" \/>\n\t<meta property=\"og:image:height\" content=\"500\" \/>\n\t<meta property=\"og:image:type\" content=\"image\/jpeg\" \/>\n<meta name=\"twitter:card\" content=\"summary_large_image\" \/>\n<script type=\"application\/ld+json\" class=\"yoast-schema-graph\">{\"@context\":\"https:\/\/schema.org\",\"@graph\":[{\"@type\":\"WebPage\",\"@id\":\"https:\/\/www.invicta.fr\/fr\/produit\/lo-cigalou-a-poser\/\",\"url\":\"https:\/\/www.invicta.fr\/fr\/produit\/lo-cigalou-a-poser\/\",\"name\":\"Lo Cigalou \u00e0 poser - Invicta\",\"isPartOf\":{\"@id\":\"https:\/\/www.invicta.fr\/fr\/#website\"},\"primaryImageOfPage\":{\"@id\":\"https:\/\/www.invicta.fr\/fr\/produit\/lo-cigalou-a-poser\/#primaryimage\"},\"image\":{\"@id\":\"https:\/\/www.invicta.fr\/fr\/produit\/lo-cigalou-a-poser\/#primaryimage\"},\"thumbnailUrl\":\"https:\/\/www.invicta.fr\/wp-content\/uploads\/2019\/07\/four_lo-cigalou_a-poser_755.jpg\",\"datePublished\":\"2019-07-11T15:06:16+00:00\",\"dateModified\":\"2020-05-27T07:37:55+00:00\",\"description\":\"Id\u00e9al pour vos pizzas, flammekueches, tartes flamb\u00e9es ...\",\"breadcrumb\":{\"@id\":\"https:\/\/www.invicta.fr\/fr\/produit\/lo-cigalou-a-poser\/#breadcrumb\"},\"inLanguage\":\"fr-FR\",\"potentialAction\":[{\"@type\":\"ReadAction\",\"target\":[\"https:\/\/www.invicta.fr\/fr\/produit\/lo-cigalou-a-poser\/\"]}]},{\"@type\":\"ImageObject\",\"inLanguage\":\"fr-FR\",\"@id\":\"https:\/\/www.invicta.fr\/fr\/produit\/lo-cigalou-a-poser\/#primaryimage\",\"url\":\"https:\/\/www.invicta.fr\/wp-content\/uploads\/2019\/07\/four_lo-cigalou_a-poser_755.jpg\",\"contentUrl\":\"https:\/\/www.invicta.fr\/wp-content\/uploads\/2019\/07\/four_lo-cigalou_a-poser_755.jpg\",\"width\":474,\"height\":500,\"caption\":\"Four \u00e0 bois Lo Cigalou \u00e0 poser Invicta\"},{\"@type\":\"BreadcrumbList\",\"@id\":\"https:\/\/www.invicta.fr\/fr\/produit\/lo-cigalou-a-poser\/#breadcrumb\",\"itemListElement\":[{\"@type\":\"ListItem\",\"position\":1,\"name\":\"Accueil\",\"item\":\"https:\/\/www.invicta.fr\/fr\/\"},{\"@type\":\"ListItem\",\"position\":2,\"name\":\"Produits\",\"item\":\"https:\/\/www.invicta.fr\/fr\/shop\/\"},{\"@type\":\"ListItem\",\"position\":3,\"name\":\"Plein Air\",\"item\":\"https:\/\/www.invicta.fr\/fr\/categorie-produit\/plein-air\/\"},{\"@type\":\"ListItem\",\"position\":4,\"name\":\"Lo Cigalou \u00e0 poser\"}]},{\"@type\":\"WebSite\",\"@id\":\"https:\/\/www.invicta.fr\/fr\/#website\",\"url\":\"https:\/\/www.invicta.fr\/fr\/\",\"name\":\"Invicta\",\"description\":\"Fabricant fran\u00e7ais, sp\u00e9cialiste europ\u00e9en du chauffage au bois : po\u00eales \u00e0 bois et \u00e0 granul\u00e9s, chemin\u00e9es, foyers et inserts\",\"publisher\":{\"@id\":\"https:\/\/www.invicta.fr\/fr\/#organization\"},\"potentialAction\":[{\"@type\":\"SearchAction\",\"target\":{\"@type\":\"EntryPoint\",\"urlTemplate\":\"https:\/\/www.invicta.fr\/fr\/?s={search_term_string}\"},\"query-input\":{\"@type\":\"PropertyValueSpecification\",\"valueRequired\":true,\"valueName\":\"search_term_string\"}}],\"inLanguage\":\"fr-FR\"},{\"@type\":\"Organization\",\"@id\":\"https:\/\/www.invicta.fr\/fr\/#organization\",\"name\":\"Invicta\",\"url\":\"https:\/\/www.invicta.fr\/fr\/\",\"logo\":{\"@type\":\"ImageObject\",\"inLanguage\":\"fr-FR\",\"@id\":\"https:\/\/www.invicta.fr\/fr\/#\/schema\/logo\/image\/\",\"url\":\"https:\/\/www.invicta.fr\/wp-content\/uploads\/2019\/06\/INVICTALOGO_RVB.png\",\"contentUrl\":\"https:\/\/www.invicta.fr\/wp-content\/uploads\/2019\/06\/INVICTALOGO_RVB.png\",\"width\":1810,\"height\":1280,\"caption\":\"Invicta\"},\"image\":{\"@id\":\"https:\/\/www.invicta.fr\/fr\/#\/schema\/logo\/image\/\"}}]}<\/script>\n<!-- \/ Yoast SEO plugin. -->","yoast_head_json":{"title":"Lo Cigalou \u00e0 poser - Invicta","description":"Id\u00e9al pour vos pizzas, flammekueches, tartes flamb\u00e9es ...","robots":{"index":"index","follow":"follow","max-snippet":"max-snippet:-1","max-image-preview":"max-image-preview:large","max-video-preview":"max-video-preview:-1"},"canonical":"https:\/\/www.invicta.fr\/fr\/produit\/lo-cigalou-a-poser\/","og_locale":"fr_FR","og_type":"article","og_title":"Lo Cigalou \u00e0 poser - Invicta","og_description":"Id\u00e9al pour vos pizzas, flammekueches, tartes flamb\u00e9es ...","og_url":"https:\/\/www.invicta.fr\/fr\/produit\/lo-cigalou-a-poser\/","og_site_name":"Invicta","article_modified_time":"2020-05-27T07:37:55+00:00","og_image":[{"width":474,"height":500,"url":"https:\/\/www.invicta.fr\/wp-content\/uploads\/2019\/07\/four_lo-cigalou_a-poser_755.jpg","type":"image\/jpeg"}],"twitter_card":"summary_large_image","schema":{"@context":"https:\/\/schema.org","@graph":[{"@type":"WebPage","@id":"https:\/\/www.invicta.fr\/fr\/produit\/lo-cigalou-a-poser\/","url":"https:\/\/www.invicta.fr\/fr\/produit\/lo-cigalou-a-poser\/","name":"Lo Cigalou \u00e0 poser - Invicta","isPartOf":{"@id":"https:\/\/www.invicta.fr\/fr\/#website"},"primaryImageOfPage":{"@id":"https:\/\/www.invicta.fr\/fr\/produit\/lo-cigalou-a-poser\/#primaryimage"},"image":{"@id":"https:\/\/www.invicta.fr\/fr\/produit\/lo-cigalou-a-poser\/#primaryimage"},"thumbnailUrl":"https:\/\/www.invicta.fr\/wp-content\/uploads\/2019\/07\/four_lo-cigalou_a-poser_755.jpg","datePublished":"2019-07-11T15:06:16+00:00","dateModified":"2020-05-27T07:37:55+00:00","description":"Id\u00e9al pour vos pizzas, flammekueches, tartes flamb\u00e9es ...","breadcrumb":{"@id":"https:\/\/www.invicta.fr\/fr\/produit\/lo-cigalou-a-poser\/#breadcrumb"},"inLanguage":"fr-FR","potentialAction":[{"@type":"ReadAction","target":["https:\/\/www.invicta.fr\/fr\/produit\/lo-cigalou-a-poser\/"]}]},{"@type":"ImageObject","inLanguage":"fr-FR","@id":"https:\/\/www.invicta.fr\/fr\/produit\/lo-cigalou-a-poser\/#primaryimage","url":"https:\/\/www.invicta.fr\/wp-content\/uploads\/2019\/07\/four_lo-cigalou_a-poser_755.jpg","contentUrl":"https:\/\/www.invicta.fr\/wp-content\/uploads\/2019\/07\/four_lo-cigalou_a-poser_755.jpg","width":474,"height":500,"caption":"Four \u00e0 bois Lo Cigalou \u00e0 poser Invicta"},{"@type":"BreadcrumbList","@id":"https:\/\/www.invicta.fr\/fr\/produit\/lo-cigalou-a-poser\/#breadcrumb","itemListElement":[{"@type":"ListItem","position":1,"name":"Accueil","item":"https:\/\/www.invicta.fr\/fr\/"},{"@type":"ListItem","position":2,"name":"Produits","item":"https:\/\/www.invicta.fr\/fr\/shop\/"},{"@type":"ListItem","position":3,"name":"Plein Air","item":"https:\/\/www.invicta.fr\/fr\/categorie-produit\/plein-air\/"},{"@type":"ListItem","position":4,"name":"Lo Cigalou \u00e0 poser"}]},{"@type":"WebSite","@id":"https:\/\/www.invicta.fr\/fr\/#website","url":"https:\/\/www.invicta.fr\/fr\/","name":"Invicta","description":"Fabricant fran\u00e7ais, sp\u00e9cialiste europ\u00e9en du chauffage au bois : po\u00eales \u00e0 bois et \u00e0 granul\u00e9s, chemin\u00e9es, foyers et inserts","publisher":{"@id":"https:\/\/www.invicta.fr\/fr\/#organization"},"potentialAction":[{"@type":"SearchAction","target":{"@type":"EntryPoint","urlTemplate":"https:\/\/www.invicta.fr\/fr\/?s={search_term_string}"},"query-input":{"@type":"PropertyValueSpecification","valueRequired":true,"valueName":"search_term_string"}}],"inLanguage":"fr-FR"},{"@type":"Organization","@id":"https:\/\/www.invicta.fr\/fr\/#organization","name":"Invicta","url":"https:\/\/www.invicta.fr\/fr\/","logo":{"@type":"ImageObject","inLanguage":"fr-FR","@id":"https:\/\/www.invicta.fr\/fr\/#\/schema\/logo\/image\/","url":"https:\/\/www.invicta.fr\/wp-content\/uploads\/2019\/06\/INVICTALOGO_RVB.png","contentUrl":"https:\/\/www.invicta.fr\/wp-content\/uploads\/2019\/06\/INVICTALOGO_RVB.png","width":1810,"height":1280,"caption":"Invicta"},"image":{"@id":"https:\/\/www.invicta.fr\/fr\/#\/schema\/logo\/image\/"}}]}},"_links":{"self":[{"href":"https:\/\/www.invicta.fr\/fr\/wp-json\/wp\/v2\/product\/1815","targetHints":{"allow":["GET"]}}],"collection":[{"href":"https:\/\/www.invicta.fr\/fr\/wp-json\/wp\/v2\/product"}],"about":[{"href":"https:\/\/www.invicta.fr\/fr\/wp-json\/wp\/v2\/types\/product"}],"wp:featuredmedia":[{"embeddable":true,"href":"https:\/\/www.invicta.fr\/fr\/wp-json\/wp\/v2\/media\/1816"}],"wp:attachment":[{"href":"https:\/\/www.invicta.fr\/fr\/wp-json\/wp\/v2\/media?parent=1815"}],"wp:term":[{"taxonomy":"product_brand","embeddable":true,"href":"https:\/\/www.invicta.fr\/fr\/wp-json\/wp\/v2\/product_brand?post=1815"},{"taxonomy":"product_cat","embeddable":true,"href":"https:\/\/www.invicta.fr\/fr\/wp-json\/wp\/v2\/product_cat?post=1815"},{"taxonomy":"product_tag","embeddable":true,"href":"https:\/\/www.invicta.fr\/fr\/wp-json\/wp\/v2\/product_tag?post=1815"},{"taxonomy":"plus_produit","embeddable":true,"href":"https:\/\/www.invicta.fr\/fr\/wp-json\/wp\/v2\/plus_produit?post=1815"}],"curies":[{"name":"wp","href":"https:\/\/api.w.org\/{rel}","templated":true}]}}