{"id":1823,"date":"2019-07-11T17:11:07","date_gmt":"2019-07-11T15:11:07","guid":{"rendered":"https:\/\/www.invicta.fr\/?post_type=product&#038;p=1823"},"modified":"2021-02-09T15:49:26","modified_gmt":"2021-02-09T14:49:26","slug":"lo-goustaou-avec-chariot","status":"publish","type":"product","link":"https:\/\/www.invicta.fr\/fr\/produit\/lo-goustaou-avec-chariot\/","title":{"rendered":"Four Multifonction Lo Goustaou avec chariot"},"content":{"rendered":"","protected":false},"excerpt":{"rendered":"<p>Tout est possible avec le four multifonctions Invicta : pizzas, pains, pa\u00ebllas, grillades, tartes flamb\u00e9es, p\u00e2tisseries.<\/p>\n","protected":false},"featured_media":1826,"template":"","meta":{"_acf_changed":false},"product_brand":[],"product_cat":[5350,5354],"product_tag":[],"plus_produit":[1467,1464,1466,1465,1468,1460,1459,1461,1463,1462],"class_list":{"1":"product","4":"has-post-thumbnail","6":"product_cat-plein-air","7":"product_cat-four_a_pain","8":"plus_produit-1-roue-arriere-multidirectionnelle-avec-frein","9":"plus_produit-2-etageres","10":"plus_produit-2-grandes-roues-diametre-30-cm","11":"plus_produit-2-poignees-fixes","12":"plus_produit-3-manchons-pour-reglage-de-la-hauteur","13":"plus_produit-3-poignees-amovibles","14":"plus_produit-8-elements-en-fonte-superposables","15":"plus_produit-arceau-de-porte","16":"plus_produit-cone-recuperateur-cendre-avec-trappe-de-vidange-securisee","17":"plus_produit-porte-avec-registre-dallumage-et-trappe-de-visiste","19":"first","20":"instock","21":"shipping-taxable","22":"product-type-simple"},"acf":[],"yoast_head":"<!-- This site is optimized with the Yoast SEO plugin v24.7 - https:\/\/yoast.com\/wordpress\/plugins\/seo\/ -->\n<title>Four Multifonction Lo Goustaou avec chariot | INVICTA<\/title>\n<meta name=\"description\" content=\"Revisitez votre cuisine avec le Four Multifonction Lo Goustaou chariot : pizzas ?, pains ?, grillades ?, pa\u00ebllas. Origine France ??\" \/>\n<meta name=\"robots\" content=\"index, follow, max-snippet:-1, max-image-preview:large, max-video-preview:-1\" \/>\n<link rel=\"canonical\" href=\"https:\/\/www.invicta.fr\/fr\/produit\/lo-goustaou-avec-chariot\/\" \/>\n<meta property=\"og:locale\" content=\"fr_FR\" \/>\n<meta property=\"og:type\" content=\"article\" \/>\n<meta property=\"og:title\" content=\"Four Multifonction Lo Goustaou avec chariot | INVICTA\" \/>\n<meta property=\"og:description\" content=\"Revisitez votre cuisine avec le Four Multifonction Lo Goustaou chariot : pizzas ?, pains ?, grillades ?, pa\u00ebllas. Origine France ??\" \/>\n<meta property=\"og:url\" content=\"https:\/\/www.invicta.fr\/fr\/produit\/lo-goustaou-avec-chariot\/\" \/>\n<meta property=\"og:site_name\" content=\"Invicta\" \/>\n<meta property=\"article:modified_time\" content=\"2021-02-09T14:49:26+00:00\" \/>\n<meta property=\"og:image\" content=\"https:\/\/www.invicta.fr\/wp-content\/uploads\/2019\/07\/four_a_pain_le_goustaou_1432117276.jpg\" \/>\n\t<meta property=\"og:image:width\" content=\"350\" \/>\n\t<meta property=\"og:image:height\" content=\"520\" \/>\n\t<meta property=\"og:image:type\" content=\"image\/jpeg\" \/>\n<meta name=\"twitter:card\" content=\"summary_large_image\" \/>\n<script type=\"application\/ld+json\" class=\"yoast-schema-graph\">{\"@context\":\"https:\/\/schema.org\",\"@graph\":[{\"@type\":\"WebPage\",\"@id\":\"https:\/\/www.invicta.fr\/fr\/produit\/lo-goustaou-avec-chariot\/\",\"url\":\"https:\/\/www.invicta.fr\/fr\/produit\/lo-goustaou-avec-chariot\/\",\"name\":\"Four Multifonction Lo Goustaou avec chariot | INVICTA\",\"isPartOf\":{\"@id\":\"https:\/\/www.invicta.fr\/fr\/#website\"},\"primaryImageOfPage\":{\"@id\":\"https:\/\/www.invicta.fr\/fr\/produit\/lo-goustaou-avec-chariot\/#primaryimage\"},\"image\":{\"@id\":\"https:\/\/www.invicta.fr\/fr\/produit\/lo-goustaou-avec-chariot\/#primaryimage\"},\"thumbnailUrl\":\"https:\/\/www.invicta.fr\/wp-content\/uploads\/2019\/07\/four_a_pain_le_goustaou_1432117276.jpg\",\"datePublished\":\"2019-07-11T15:11:07+00:00\",\"dateModified\":\"2021-02-09T14:49:26+00:00\",\"description\":\"Revisitez votre cuisine avec le Four Multifonction Lo Goustaou chariot : pizzas ?, pains ?, grillades ?, pa\u00ebllas. Origine France ??\",\"breadcrumb\":{\"@id\":\"https:\/\/www.invicta.fr\/fr\/produit\/lo-goustaou-avec-chariot\/#breadcrumb\"},\"inLanguage\":\"fr-FR\",\"potentialAction\":[{\"@type\":\"ReadAction\",\"target\":[\"https:\/\/www.invicta.fr\/fr\/produit\/lo-goustaou-avec-chariot\/\"]}]},{\"@type\":\"ImageObject\",\"inLanguage\":\"fr-FR\",\"@id\":\"https:\/\/www.invicta.fr\/fr\/produit\/lo-goustaou-avec-chariot\/#primaryimage\",\"url\":\"https:\/\/www.invicta.fr\/wp-content\/uploads\/2019\/07\/four_a_pain_le_goustaou_1432117276.jpg\",\"contentUrl\":\"https:\/\/www.invicta.fr\/wp-content\/uploads\/2019\/07\/four_a_pain_le_goustaou_1432117276.jpg\",\"width\":350,\"height\":520,\"caption\":\"Four \u00e0 bois Lo Goustaou sur chariot - Invicta\"},{\"@type\":\"BreadcrumbList\",\"@id\":\"https:\/\/www.invicta.fr\/fr\/produit\/lo-goustaou-avec-chariot\/#breadcrumb\",\"itemListElement\":[{\"@type\":\"ListItem\",\"position\":1,\"name\":\"Accueil\",\"item\":\"https:\/\/www.invicta.fr\/fr\/\"},{\"@type\":\"ListItem\",\"position\":2,\"name\":\"Produits\",\"item\":\"https:\/\/www.invicta.fr\/fr\/shop\/\"},{\"@type\":\"ListItem\",\"position\":3,\"name\":\"Plein Air\",\"item\":\"https:\/\/www.invicta.fr\/fr\/categorie-produit\/plein-air\/\"},{\"@type\":\"ListItem\",\"position\":4,\"name\":\"Four Multifonction Lo Goustaou avec chariot\"}]},{\"@type\":\"WebSite\",\"@id\":\"https:\/\/www.invicta.fr\/fr\/#website\",\"url\":\"https:\/\/www.invicta.fr\/fr\/\",\"name\":\"Invicta\",\"description\":\"Fabricant fran\u00e7ais, sp\u00e9cialiste europ\u00e9en du chauffage au bois : po\u00eales \u00e0 bois et \u00e0 granul\u00e9s, chemin\u00e9es, foyers et inserts\",\"publisher\":{\"@id\":\"https:\/\/www.invicta.fr\/fr\/#organization\"},\"potentialAction\":[{\"@type\":\"SearchAction\",\"target\":{\"@type\":\"EntryPoint\",\"urlTemplate\":\"https:\/\/www.invicta.fr\/fr\/?s={search_term_string}\"},\"query-input\":{\"@type\":\"PropertyValueSpecification\",\"valueRequired\":true,\"valueName\":\"search_term_string\"}}],\"inLanguage\":\"fr-FR\"},{\"@type\":\"Organization\",\"@id\":\"https:\/\/www.invicta.fr\/fr\/#organization\",\"name\":\"Invicta\",\"url\":\"https:\/\/www.invicta.fr\/fr\/\",\"logo\":{\"@type\":\"ImageObject\",\"inLanguage\":\"fr-FR\",\"@id\":\"https:\/\/www.invicta.fr\/fr\/#\/schema\/logo\/image\/\",\"url\":\"https:\/\/www.invicta.fr\/wp-content\/uploads\/2019\/06\/INVICTALOGO_RVB.png\",\"contentUrl\":\"https:\/\/www.invicta.fr\/wp-content\/uploads\/2019\/06\/INVICTALOGO_RVB.png\",\"width\":1810,\"height\":1280,\"caption\":\"Invicta\"},\"image\":{\"@id\":\"https:\/\/www.invicta.fr\/fr\/#\/schema\/logo\/image\/\"}}]}<\/script>\n<!-- \/ Yoast SEO plugin. -->","yoast_head_json":{"title":"Four Multifonction Lo Goustaou avec chariot | INVICTA","description":"Revisitez votre cuisine avec le Four Multifonction Lo Goustaou chariot : pizzas ?, pains ?, grillades ?, pa\u00ebllas. Origine France ??","robots":{"index":"index","follow":"follow","max-snippet":"max-snippet:-1","max-image-preview":"max-image-preview:large","max-video-preview":"max-video-preview:-1"},"canonical":"https:\/\/www.invicta.fr\/fr\/produit\/lo-goustaou-avec-chariot\/","og_locale":"fr_FR","og_type":"article","og_title":"Four Multifonction Lo Goustaou avec chariot | INVICTA","og_description":"Revisitez votre cuisine avec le Four Multifonction Lo Goustaou chariot : pizzas ?, pains ?, grillades ?, pa\u00ebllas. Origine France ??","og_url":"https:\/\/www.invicta.fr\/fr\/produit\/lo-goustaou-avec-chariot\/","og_site_name":"Invicta","article_modified_time":"2021-02-09T14:49:26+00:00","og_image":[{"width":350,"height":520,"url":"https:\/\/www.invicta.fr\/wp-content\/uploads\/2019\/07\/four_a_pain_le_goustaou_1432117276.jpg","type":"image\/jpeg"}],"twitter_card":"summary_large_image","schema":{"@context":"https:\/\/schema.org","@graph":[{"@type":"WebPage","@id":"https:\/\/www.invicta.fr\/fr\/produit\/lo-goustaou-avec-chariot\/","url":"https:\/\/www.invicta.fr\/fr\/produit\/lo-goustaou-avec-chariot\/","name":"Four Multifonction Lo Goustaou avec chariot | INVICTA","isPartOf":{"@id":"https:\/\/www.invicta.fr\/fr\/#website"},"primaryImageOfPage":{"@id":"https:\/\/www.invicta.fr\/fr\/produit\/lo-goustaou-avec-chariot\/#primaryimage"},"image":{"@id":"https:\/\/www.invicta.fr\/fr\/produit\/lo-goustaou-avec-chariot\/#primaryimage"},"thumbnailUrl":"https:\/\/www.invicta.fr\/wp-content\/uploads\/2019\/07\/four_a_pain_le_goustaou_1432117276.jpg","datePublished":"2019-07-11T15:11:07+00:00","dateModified":"2021-02-09T14:49:26+00:00","description":"Revisitez votre cuisine avec le Four Multifonction Lo Goustaou chariot : pizzas ?, pains ?, grillades ?, pa\u00ebllas. Origine France ??","breadcrumb":{"@id":"https:\/\/www.invicta.fr\/fr\/produit\/lo-goustaou-avec-chariot\/#breadcrumb"},"inLanguage":"fr-FR","potentialAction":[{"@type":"ReadAction","target":["https:\/\/www.invicta.fr\/fr\/produit\/lo-goustaou-avec-chariot\/"]}]},{"@type":"ImageObject","inLanguage":"fr-FR","@id":"https:\/\/www.invicta.fr\/fr\/produit\/lo-goustaou-avec-chariot\/#primaryimage","url":"https:\/\/www.invicta.fr\/wp-content\/uploads\/2019\/07\/four_a_pain_le_goustaou_1432117276.jpg","contentUrl":"https:\/\/www.invicta.fr\/wp-content\/uploads\/2019\/07\/four_a_pain_le_goustaou_1432117276.jpg","width":350,"height":520,"caption":"Four \u00e0 bois Lo Goustaou sur chariot - Invicta"},{"@type":"BreadcrumbList","@id":"https:\/\/www.invicta.fr\/fr\/produit\/lo-goustaou-avec-chariot\/#breadcrumb","itemListElement":[{"@type":"ListItem","position":1,"name":"Accueil","item":"https:\/\/www.invicta.fr\/fr\/"},{"@type":"ListItem","position":2,"name":"Produits","item":"https:\/\/www.invicta.fr\/fr\/shop\/"},{"@type":"ListItem","position":3,"name":"Plein Air","item":"https:\/\/www.invicta.fr\/fr\/categorie-produit\/plein-air\/"},{"@type":"ListItem","position":4,"name":"Four Multifonction Lo Goustaou avec chariot"}]},{"@type":"WebSite","@id":"https:\/\/www.invicta.fr\/fr\/#website","url":"https:\/\/www.invicta.fr\/fr\/","name":"Invicta","description":"Fabricant fran\u00e7ais, sp\u00e9cialiste europ\u00e9en du chauffage au bois : po\u00eales \u00e0 bois et \u00e0 granul\u00e9s, chemin\u00e9es, foyers et inserts","publisher":{"@id":"https:\/\/www.invicta.fr\/fr\/#organization"},"potentialAction":[{"@type":"SearchAction","target":{"@type":"EntryPoint","urlTemplate":"https:\/\/www.invicta.fr\/fr\/?s={search_term_string}"},"query-input":{"@type":"PropertyValueSpecification","valueRequired":true,"valueName":"search_term_string"}}],"inLanguage":"fr-FR"},{"@type":"Organization","@id":"https:\/\/www.invicta.fr\/fr\/#organization","name":"Invicta","url":"https:\/\/www.invicta.fr\/fr\/","logo":{"@type":"ImageObject","inLanguage":"fr-FR","@id":"https:\/\/www.invicta.fr\/fr\/#\/schema\/logo\/image\/","url":"https:\/\/www.invicta.fr\/wp-content\/uploads\/2019\/06\/INVICTALOGO_RVB.png","contentUrl":"https:\/\/www.invicta.fr\/wp-content\/uploads\/2019\/06\/INVICTALOGO_RVB.png","width":1810,"height":1280,"caption":"Invicta"},"image":{"@id":"https:\/\/www.invicta.fr\/fr\/#\/schema\/logo\/image\/"}}]}},"_links":{"self":[{"href":"https:\/\/www.invicta.fr\/fr\/wp-json\/wp\/v2\/product\/1823","targetHints":{"allow":["GET"]}}],"collection":[{"href":"https:\/\/www.invicta.fr\/fr\/wp-json\/wp\/v2\/product"}],"about":[{"href":"https:\/\/www.invicta.fr\/fr\/wp-json\/wp\/v2\/types\/product"}],"wp:featuredmedia":[{"embeddable":true,"href":"https:\/\/www.invicta.fr\/fr\/wp-json\/wp\/v2\/media\/1826"}],"wp:attachment":[{"href":"https:\/\/www.invicta.fr\/fr\/wp-json\/wp\/v2\/media?parent=1823"}],"wp:term":[{"taxonomy":"product_brand","embeddable":true,"href":"https:\/\/www.invicta.fr\/fr\/wp-json\/wp\/v2\/product_brand?post=1823"},{"taxonomy":"product_cat","embeddable":true,"href":"https:\/\/www.invicta.fr\/fr\/wp-json\/wp\/v2\/product_cat?post=1823"},{"taxonomy":"product_tag","embeddable":true,"href":"https:\/\/www.invicta.fr\/fr\/wp-json\/wp\/v2\/product_tag?post=1823"},{"taxonomy":"plus_produit","embeddable":true,"href":"https:\/\/www.invicta.fr\/fr\/wp-json\/wp\/v2\/plus_produit?post=1823"}],"curies":[{"name":"wp","href":"https:\/\/api.w.org\/{rel}","templated":true}]}}