{"id":41009,"date":"2021-07-12T08:49:37","date_gmt":"2021-07-12T06:49:37","guid":{"rendered":"https:\/\/www.invicta.fr\/?post_type=product&#038;p=41009"},"modified":"2026-01-14T12:15:52","modified_gmt":"2026-01-14T11:15:52","slug":"insert-a-granules-melfi-8","status":"publish","type":"product","link":"https:\/\/www.invicta.fr\/fr\/produit\/insert-a-granules-melfi-8\/","title":{"rendered":"Insert \u00e0 granul\u00e9s MELFI 8"},"content":{"rendered":"","protected":false},"excerpt":{"rendered":"<p>Programmez et ma\u00eetrisez votre confort thermique gr\u00e2ce \u00e0 cet insert \u00e0 granul\u00e9s aux performances \u00e9lev\u00e9es. Son r\u00e9servoir de 15 kg assure votre tranquillit\u00e9 pour de nombreuses heures.<\/p>\n","protected":false},"featured_media":62614,"template":"","meta":{"_acf_changed":false},"product_brand":[],"product_cat":[2117,82,7304,5859,5857,5837,5834,5885,5856,5844],"product_tag":[7105,57,58,64,65,6825,60],"plus_produit":[6783,137,6835,1925,1968,1921,2137],"class_list":{"1":"product","4":"has-post-thumbnail","6":"product_cat-aide-au-choix","7":"product_cat-inserts-a-granules-pellets","8":"product_cat-cheminees-a-bois","9":"product_cat-poeles-a-granules-8-kw","10":"product_cat-poeles-a-granules-autonomes","11":"product_cat-poeles-a-granules-programmables","12":"product_cat-poeles-a-granules-design","13":"product_cat-poeles-a-granules-contemporains","14":"product_cat-poeles-a-granules-modernes","15":"product_cat-poeles-a-granules-sortie-dessus","16":"product_tag-en16510","17":"product_tag-flamme-verte","18":"product_tag-eco-design-2022","19":"product_tag-a-ecolabel-2","20":"product_tag-garantie-2-ans","21":"product_tag-garantie-extension-1-an","22":"product_tag-z-credit-impot","23":"pa_autonomie-maximum-7239","24":"pa_autonomie-minimum-75-hours","25":"pa_capacite-de-la-tremie-15-kg","26":"pa_consommation-089-193","27":"pa_depart-des-fumees-dessus-avec-raccord-t-integre","28":"pa_indice-de-performance-5581","29":"pa_modulation-de-puissance-39-84","30":"pa_options-accessoires-chaise-support-p697002","31":"pa_options-accessoires-grille-dencadrement","32":"pa_options-accessoires-tremie-de-chargement-dessus","33":"pa_puissance-7229","34":"pa_surface-de-chauffe-7232","35":"pa_taux-de-co-00199-00239","36":"pa_volume-de-chauffe-7231","37":"plus_produit-accessoires-optionnels-insert-metti","38":"plus_produit-diffusion-dair-chaud-par-ventilateur-tangenciel","39":"plus_produit-extension-de-garantie-1-an","40":"plus_produit-possibilite-de-pilotage-par-thermostat-externe-non-fourni","41":"plus_produit-programmation","42":"plus_produit-regulation-de-lallure-ou-de-la-temperature-ambiante","43":"plus_produit-stand-by-veille","45":"first","46":"instock","47":"product-type-simple"},"acf":[],"yoast_head":"<!-- This site is optimized with the Yoast SEO plugin v24.7 - https:\/\/yoast.com\/wordpress\/plugins\/seo\/ -->\n<title>Insert \u00e0 granul\u00e9s MELFI 8 PLUS | INVICTA<\/title>\n<meta name=\"description\" content=\"Invicta vous pr\u00e9sente l&#039;Insert \u00e0 granul\u00e9s MELFI 8 PLUS avec puissance de chauffe 8,5 kW\u2705 Garantie 2 ans \u2705 EcoLabel A+ \u2705 EcoDesign 2022\" \/>\n<meta name=\"robots\" content=\"index, follow, max-snippet:-1, max-image-preview:large, max-video-preview:-1\" \/>\n<link rel=\"canonical\" href=\"https:\/\/www.invicta.fr\/fr\/produit\/insert-a-granules-melfi-8\/\" \/>\n<meta property=\"og:locale\" content=\"fr_FR\" \/>\n<meta property=\"og:type\" content=\"article\" \/>\n<meta property=\"og:title\" content=\"Insert \u00e0 granul\u00e9s MELFI 8 PLUS | INVICTA\" \/>\n<meta property=\"og:description\" content=\"Invicta vous pr\u00e9sente l&#039;Insert \u00e0 granul\u00e9s MELFI 8 PLUS avec puissance de chauffe 8,5 kW\u2705 Garantie 2 ans \u2705 EcoLabel A+ \u2705 EcoDesign 2022\" \/>\n<meta property=\"og:url\" content=\"https:\/\/www.invicta.fr\/fr\/produit\/insert-a-granules-melfi-8\/\" \/>\n<meta property=\"og:site_name\" content=\"Invicta\" \/>\n<meta property=\"article:modified_time\" content=\"2026-01-14T11:15:52+00:00\" \/>\n<meta property=\"og:image\" content=\"https:\/\/www.invicta.fr\/wp-content\/uploads\/2021\/07\/A-METTI2.jpg\" \/>\n\t<meta property=\"og:image:width\" content=\"882\" \/>\n\t<meta property=\"og:image:height\" content=\"882\" \/>\n\t<meta property=\"og:image:type\" content=\"image\/jpeg\" \/>\n<meta name=\"twitter:card\" content=\"summary_large_image\" \/>\n<script type=\"application\/ld+json\" class=\"yoast-schema-graph\">{\"@context\":\"https:\/\/schema.org\",\"@graph\":[{\"@type\":\"WebPage\",\"@id\":\"https:\/\/www.invicta.fr\/fr\/produit\/insert-a-granules-melfi-8\/\",\"url\":\"https:\/\/www.invicta.fr\/fr\/produit\/insert-a-granules-melfi-8\/\",\"name\":\"Insert \u00e0 granul\u00e9s MELFI 8 PLUS | INVICTA\",\"isPartOf\":{\"@id\":\"https:\/\/www.invicta.fr\/fr\/#website\"},\"primaryImageOfPage\":{\"@id\":\"https:\/\/www.invicta.fr\/fr\/produit\/insert-a-granules-melfi-8\/#primaryimage\"},\"image\":{\"@id\":\"https:\/\/www.invicta.fr\/fr\/produit\/insert-a-granules-melfi-8\/#primaryimage\"},\"thumbnailUrl\":\"https:\/\/www.invicta.fr\/wp-content\/uploads\/2021\/07\/A-METTI2.jpg\",\"datePublished\":\"2021-07-12T06:49:37+00:00\",\"dateModified\":\"2026-01-14T11:15:52+00:00\",\"description\":\"Invicta vous pr\u00e9sente l'Insert \u00e0 granul\u00e9s MELFI 8 PLUS avec puissance de chauffe 8,5 kW\u2705 Garantie 2 ans \u2705 EcoLabel A+ \u2705 EcoDesign 2022\",\"breadcrumb\":{\"@id\":\"https:\/\/www.invicta.fr\/fr\/produit\/insert-a-granules-melfi-8\/#breadcrumb\"},\"inLanguage\":\"fr-FR\",\"potentialAction\":[{\"@type\":\"ReadAction\",\"target\":[\"https:\/\/www.invicta.fr\/fr\/produit\/insert-a-granules-melfi-8\/\"]}]},{\"@type\":\"ImageObject\",\"inLanguage\":\"fr-FR\",\"@id\":\"https:\/\/www.invicta.fr\/fr\/produit\/insert-a-granules-melfi-8\/#primaryimage\",\"url\":\"https:\/\/www.invicta.fr\/wp-content\/uploads\/2021\/07\/A-METTI2.jpg\",\"contentUrl\":\"https:\/\/www.invicta.fr\/wp-content\/uploads\/2021\/07\/A-METTI2.jpg\",\"width\":882,\"height\":882,\"caption\":\"Insert \u00e0 Granul\u00e9s Metti Invicta\"},{\"@type\":\"BreadcrumbList\",\"@id\":\"https:\/\/www.invicta.fr\/fr\/produit\/insert-a-granules-melfi-8\/#breadcrumb\",\"itemListElement\":[{\"@type\":\"ListItem\",\"position\":1,\"name\":\"Accueil\",\"item\":\"https:\/\/www.invicta.fr\/fr\/\"},{\"@type\":\"ListItem\",\"position\":2,\"name\":\"Produits\",\"item\":\"https:\/\/www.invicta.fr\/fr\/shop\/\"},{\"@type\":\"ListItem\",\"position\":3,\"name\":\"Inserts Chemin\u00e9es\",\"item\":\"https:\/\/www.invicta.fr\/fr\/categorie-produit\/inserts-cheminees\/\"},{\"@type\":\"ListItem\",\"position\":4,\"name\":\"Inserts \u00e0 Granul\u00e9s\",\"item\":\"https:\/\/www.invicta.fr\/fr\/categorie-produit\/inserts-cheminees\/inserts-a-granules-pellets\/\"},{\"@type\":\"ListItem\",\"position\":5,\"name\":\"Insert \u00e0 granul\u00e9s MELFI 8\"}]},{\"@type\":\"WebSite\",\"@id\":\"https:\/\/www.invicta.fr\/fr\/#website\",\"url\":\"https:\/\/www.invicta.fr\/fr\/\",\"name\":\"Invicta\",\"description\":\"Fabricant fran\u00e7ais, sp\u00e9cialiste europ\u00e9en du chauffage au bois : po\u00eales \u00e0 bois et \u00e0 granul\u00e9s, chemin\u00e9es, foyers et inserts\",\"publisher\":{\"@id\":\"https:\/\/www.invicta.fr\/fr\/#organization\"},\"potentialAction\":[{\"@type\":\"SearchAction\",\"target\":{\"@type\":\"EntryPoint\",\"urlTemplate\":\"https:\/\/www.invicta.fr\/fr\/?s={search_term_string}\"},\"query-input\":{\"@type\":\"PropertyValueSpecification\",\"valueRequired\":true,\"valueName\":\"search_term_string\"}}],\"inLanguage\":\"fr-FR\"},{\"@type\":\"Organization\",\"@id\":\"https:\/\/www.invicta.fr\/fr\/#organization\",\"name\":\"Invicta\",\"url\":\"https:\/\/www.invicta.fr\/fr\/\",\"logo\":{\"@type\":\"ImageObject\",\"inLanguage\":\"fr-FR\",\"@id\":\"https:\/\/www.invicta.fr\/fr\/#\/schema\/logo\/image\/\",\"url\":\"https:\/\/www.invicta.fr\/wp-content\/uploads\/2019\/06\/INVICTALOGO_RVB.png\",\"contentUrl\":\"https:\/\/www.invicta.fr\/wp-content\/uploads\/2019\/06\/INVICTALOGO_RVB.png\",\"width\":1810,\"height\":1280,\"caption\":\"Invicta\"},\"image\":{\"@id\":\"https:\/\/www.invicta.fr\/fr\/#\/schema\/logo\/image\/\"}}]}<\/script>\n<!-- \/ Yoast SEO plugin. -->","yoast_head_json":{"title":"Insert \u00e0 granul\u00e9s MELFI 8 PLUS | INVICTA","description":"Invicta vous pr\u00e9sente l'Insert \u00e0 granul\u00e9s MELFI 8 PLUS avec puissance de chauffe 8,5 kW\u2705 Garantie 2 ans \u2705 EcoLabel A+ \u2705 EcoDesign 2022","robots":{"index":"index","follow":"follow","max-snippet":"max-snippet:-1","max-image-preview":"max-image-preview:large","max-video-preview":"max-video-preview:-1"},"canonical":"https:\/\/www.invicta.fr\/fr\/produit\/insert-a-granules-melfi-8\/","og_locale":"fr_FR","og_type":"article","og_title":"Insert \u00e0 granul\u00e9s MELFI 8 PLUS | INVICTA","og_description":"Invicta vous pr\u00e9sente l'Insert \u00e0 granul\u00e9s MELFI 8 PLUS avec puissance de chauffe 8,5 kW\u2705 Garantie 2 ans \u2705 EcoLabel A+ \u2705 EcoDesign 2022","og_url":"https:\/\/www.invicta.fr\/fr\/produit\/insert-a-granules-melfi-8\/","og_site_name":"Invicta","article_modified_time":"2026-01-14T11:15:52+00:00","og_image":[{"width":882,"height":882,"url":"https:\/\/www.invicta.fr\/wp-content\/uploads\/2021\/07\/A-METTI2.jpg","type":"image\/jpeg"}],"twitter_card":"summary_large_image","schema":{"@context":"https:\/\/schema.org","@graph":[{"@type":"WebPage","@id":"https:\/\/www.invicta.fr\/fr\/produit\/insert-a-granules-melfi-8\/","url":"https:\/\/www.invicta.fr\/fr\/produit\/insert-a-granules-melfi-8\/","name":"Insert \u00e0 granul\u00e9s MELFI 8 PLUS | INVICTA","isPartOf":{"@id":"https:\/\/www.invicta.fr\/fr\/#website"},"primaryImageOfPage":{"@id":"https:\/\/www.invicta.fr\/fr\/produit\/insert-a-granules-melfi-8\/#primaryimage"},"image":{"@id":"https:\/\/www.invicta.fr\/fr\/produit\/insert-a-granules-melfi-8\/#primaryimage"},"thumbnailUrl":"https:\/\/www.invicta.fr\/wp-content\/uploads\/2021\/07\/A-METTI2.jpg","datePublished":"2021-07-12T06:49:37+00:00","dateModified":"2026-01-14T11:15:52+00:00","description":"Invicta vous pr\u00e9sente l'Insert \u00e0 granul\u00e9s MELFI 8 PLUS avec puissance de chauffe 8,5 kW\u2705 Garantie 2 ans \u2705 EcoLabel A+ \u2705 EcoDesign 2022","breadcrumb":{"@id":"https:\/\/www.invicta.fr\/fr\/produit\/insert-a-granules-melfi-8\/#breadcrumb"},"inLanguage":"fr-FR","potentialAction":[{"@type":"ReadAction","target":["https:\/\/www.invicta.fr\/fr\/produit\/insert-a-granules-melfi-8\/"]}]},{"@type":"ImageObject","inLanguage":"fr-FR","@id":"https:\/\/www.invicta.fr\/fr\/produit\/insert-a-granules-melfi-8\/#primaryimage","url":"https:\/\/www.invicta.fr\/wp-content\/uploads\/2021\/07\/A-METTI2.jpg","contentUrl":"https:\/\/www.invicta.fr\/wp-content\/uploads\/2021\/07\/A-METTI2.jpg","width":882,"height":882,"caption":"Insert \u00e0 Granul\u00e9s Metti Invicta"},{"@type":"BreadcrumbList","@id":"https:\/\/www.invicta.fr\/fr\/produit\/insert-a-granules-melfi-8\/#breadcrumb","itemListElement":[{"@type":"ListItem","position":1,"name":"Accueil","item":"https:\/\/www.invicta.fr\/fr\/"},{"@type":"ListItem","position":2,"name":"Produits","item":"https:\/\/www.invicta.fr\/fr\/shop\/"},{"@type":"ListItem","position":3,"name":"Inserts Chemin\u00e9es","item":"https:\/\/www.invicta.fr\/fr\/categorie-produit\/inserts-cheminees\/"},{"@type":"ListItem","position":4,"name":"Inserts \u00e0 Granul\u00e9s","item":"https:\/\/www.invicta.fr\/fr\/categorie-produit\/inserts-cheminees\/inserts-a-granules-pellets\/"},{"@type":"ListItem","position":5,"name":"Insert \u00e0 granul\u00e9s MELFI 8"}]},{"@type":"WebSite","@id":"https:\/\/www.invicta.fr\/fr\/#website","url":"https:\/\/www.invicta.fr\/fr\/","name":"Invicta","description":"Fabricant fran\u00e7ais, sp\u00e9cialiste europ\u00e9en du chauffage au bois : po\u00eales \u00e0 bois et \u00e0 granul\u00e9s, chemin\u00e9es, foyers et inserts","publisher":{"@id":"https:\/\/www.invicta.fr\/fr\/#organization"},"potentialAction":[{"@type":"SearchAction","target":{"@type":"EntryPoint","urlTemplate":"https:\/\/www.invicta.fr\/fr\/?s={search_term_string}"},"query-input":{"@type":"PropertyValueSpecification","valueRequired":true,"valueName":"search_term_string"}}],"inLanguage":"fr-FR"},{"@type":"Organization","@id":"https:\/\/www.invicta.fr\/fr\/#organization","name":"Invicta","url":"https:\/\/www.invicta.fr\/fr\/","logo":{"@type":"ImageObject","inLanguage":"fr-FR","@id":"https:\/\/www.invicta.fr\/fr\/#\/schema\/logo\/image\/","url":"https:\/\/www.invicta.fr\/wp-content\/uploads\/2019\/06\/INVICTALOGO_RVB.png","contentUrl":"https:\/\/www.invicta.fr\/wp-content\/uploads\/2019\/06\/INVICTALOGO_RVB.png","width":1810,"height":1280,"caption":"Invicta"},"image":{"@id":"https:\/\/www.invicta.fr\/fr\/#\/schema\/logo\/image\/"}}]}},"_links":{"self":[{"href":"https:\/\/www.invicta.fr\/fr\/wp-json\/wp\/v2\/product\/41009","targetHints":{"allow":["GET"]}}],"collection":[{"href":"https:\/\/www.invicta.fr\/fr\/wp-json\/wp\/v2\/product"}],"about":[{"href":"https:\/\/www.invicta.fr\/fr\/wp-json\/wp\/v2\/types\/product"}],"wp:featuredmedia":[{"embeddable":true,"href":"https:\/\/www.invicta.fr\/fr\/wp-json\/wp\/v2\/media\/62614"}],"wp:attachment":[{"href":"https:\/\/www.invicta.fr\/fr\/wp-json\/wp\/v2\/media?parent=41009"}],"wp:term":[{"taxonomy":"product_brand","embeddable":true,"href":"https:\/\/www.invicta.fr\/fr\/wp-json\/wp\/v2\/product_brand?post=41009"},{"taxonomy":"product_cat","embeddable":true,"href":"https:\/\/www.invicta.fr\/fr\/wp-json\/wp\/v2\/product_cat?post=41009"},{"taxonomy":"product_tag","embeddable":true,"href":"https:\/\/www.invicta.fr\/fr\/wp-json\/wp\/v2\/product_tag?post=41009"},{"taxonomy":"plus_produit","embeddable":true,"href":"https:\/\/www.invicta.fr\/fr\/wp-json\/wp\/v2\/plus_produit?post=41009"}],"curies":[{"name":"wp","href":"https:\/\/api.w.org\/{rel}","templated":true}]}}