{"id":42756,"date":"2021-11-17T11:14:18","date_gmt":"2021-11-17T10:14:18","guid":{"rendered":"https:\/\/www.invicta.fr\/?post_type=product&#038;p=42756"},"modified":"2026-02-05T10:52:07","modified_gmt":"2026-02-05T09:52:07","slug":"accumulateur-de-chaleur-pour-poeles-a-bois-neosen","status":"publish","type":"product","link":"https:\/\/www.invicta.fr\/fr\/produit\/accumulateur-de-chaleur-pour-poeles-a-bois-neosen\/","title":{"rendered":"Accumulateur de chaleur pour po\u00eales \u00e0 bois NEOSEN Plus"},"content":{"rendered":"","protected":false},"excerpt":{"rendered":"<p>Pr\u00e9vu pour \u00eatre adapt\u00e9 sur les po\u00eales \u00e0 bois Neosen Plus, le kit accumulateur de chaleur, compos\u00e9 de briques r\u00e9fractaires, continue de chauffer votre int\u00e9rieur longtemps apr\u00e8s la disparition des flammes.<\/p>\n","protected":false},"featured_media":41582,"template":"","meta":{"_acf_changed":false},"product_brand":[],"product_cat":[2117,46],"product_tag":[],"plus_produit":[],"class_list":{"1":"product","4":"has-post-thumbnail","6":"product_cat-aide-au-choix","7":"product_cat-accessoires-poeles-a-bois","9":"first","10":"instock","11":"shipping-taxable","12":"product-type-simple"},"acf":[],"yoast_head":"<!-- This site is optimized with the Yoast SEO plugin v24.7 - https:\/\/yoast.com\/wordpress\/plugins\/seo\/ -->\n<title>Accumulateur de chaleur pour po\u00eales \u00e0 bois Neosen + | INVICTA<\/title>\n<meta name=\"description\" content=\"Invicta vous propose de booster les performances des po\u00eales \u00e0 bois Neosen Plus avec l&#039;accessoire accumulateur de chaleur. \u2705\" \/>\n<meta name=\"robots\" content=\"index, follow, max-snippet:-1, max-image-preview:large, max-video-preview:-1\" \/>\n<link rel=\"canonical\" href=\"https:\/\/www.invicta.fr\/fr\/produit\/accumulateur-de-chaleur-pour-poeles-a-bois-neosen\/\" \/>\n<meta property=\"og:locale\" content=\"fr_FR\" \/>\n<meta property=\"og:type\" content=\"article\" \/>\n<meta property=\"og:title\" content=\"Accumulateur de chaleur pour po\u00eales \u00e0 bois Neosen + | INVICTA\" \/>\n<meta property=\"og:description\" content=\"Invicta vous propose de booster les performances des po\u00eales \u00e0 bois Neosen Plus avec l&#039;accessoire accumulateur de chaleur. \u2705\" \/>\n<meta property=\"og:url\" content=\"https:\/\/www.invicta.fr\/fr\/produit\/accumulateur-de-chaleur-pour-poeles-a-bois-neosen\/\" \/>\n<meta property=\"og:site_name\" content=\"Invicta\" \/>\n<meta property=\"article:modified_time\" content=\"2026-02-05T09:52:07+00:00\" \/>\n<meta property=\"og:image\" content=\"https:\/\/www.invicta.fr\/wp-content\/uploads\/2021\/08\/C-ACCUMULATEUR-NEOSEN.png\" \/>\n\t<meta property=\"og:image:width\" content=\"651\" \/>\n\t<meta property=\"og:image:height\" content=\"482\" \/>\n\t<meta property=\"og:image:type\" content=\"image\/png\" \/>\n<meta name=\"twitter:card\" content=\"summary_large_image\" \/>\n<script type=\"application\/ld+json\" class=\"yoast-schema-graph\">{\"@context\":\"https:\/\/schema.org\",\"@graph\":[{\"@type\":\"WebPage\",\"@id\":\"https:\/\/www.invicta.fr\/fr\/produit\/accumulateur-de-chaleur-pour-poeles-a-bois-neosen\/\",\"url\":\"https:\/\/www.invicta.fr\/fr\/produit\/accumulateur-de-chaleur-pour-poeles-a-bois-neosen\/\",\"name\":\"Accumulateur de chaleur pour po\u00eales \u00e0 bois Neosen + | INVICTA\",\"isPartOf\":{\"@id\":\"https:\/\/www.invicta.fr\/fr\/#website\"},\"primaryImageOfPage\":{\"@id\":\"https:\/\/www.invicta.fr\/fr\/produit\/accumulateur-de-chaleur-pour-poeles-a-bois-neosen\/#primaryimage\"},\"image\":{\"@id\":\"https:\/\/www.invicta.fr\/fr\/produit\/accumulateur-de-chaleur-pour-poeles-a-bois-neosen\/#primaryimage\"},\"thumbnailUrl\":\"https:\/\/www.invicta.fr\/wp-content\/uploads\/2021\/08\/C-ACCUMULATEUR-NEOSEN.png\",\"datePublished\":\"2021-11-17T10:14:18+00:00\",\"dateModified\":\"2026-02-05T09:52:07+00:00\",\"description\":\"Invicta vous propose de booster les performances des po\u00eales \u00e0 bois Neosen Plus avec l'accessoire accumulateur de chaleur. \u2705\",\"breadcrumb\":{\"@id\":\"https:\/\/www.invicta.fr\/fr\/produit\/accumulateur-de-chaleur-pour-poeles-a-bois-neosen\/#breadcrumb\"},\"inLanguage\":\"fr-FR\",\"potentialAction\":[{\"@type\":\"ReadAction\",\"target\":[\"https:\/\/www.invicta.fr\/fr\/produit\/accumulateur-de-chaleur-pour-poeles-a-bois-neosen\/\"]}]},{\"@type\":\"ImageObject\",\"inLanguage\":\"fr-FR\",\"@id\":\"https:\/\/www.invicta.fr\/fr\/produit\/accumulateur-de-chaleur-pour-poeles-a-bois-neosen\/#primaryimage\",\"url\":\"https:\/\/www.invicta.fr\/wp-content\/uploads\/2021\/08\/C-ACCUMULATEUR-NEOSEN.png\",\"contentUrl\":\"https:\/\/www.invicta.fr\/wp-content\/uploads\/2021\/08\/C-ACCUMULATEUR-NEOSEN.png\",\"width\":651,\"height\":482,\"caption\":\"Accumulateur pour po\u00eale \u00e0 bois acier et fonte Invicta Neosen\"},{\"@type\":\"BreadcrumbList\",\"@id\":\"https:\/\/www.invicta.fr\/fr\/produit\/accumulateur-de-chaleur-pour-poeles-a-bois-neosen\/#breadcrumb\",\"itemListElement\":[{\"@type\":\"ListItem\",\"position\":1,\"name\":\"Accueil\",\"item\":\"https:\/\/www.invicta.fr\/fr\/\"},{\"@type\":\"ListItem\",\"position\":2,\"name\":\"Produits\",\"item\":\"https:\/\/www.invicta.fr\/fr\/shop\/\"},{\"@type\":\"ListItem\",\"position\":3,\"name\":\"Po\u00eales \u00e0 Bois\",\"item\":\"https:\/\/www.invicta.fr\/fr\/categorie-produit\/poeles-bois\/\"},{\"@type\":\"ListItem\",\"position\":4,\"name\":\"Accessoires pour Po\u00eales \u00e0 Bois\",\"item\":\"https:\/\/www.invicta.fr\/fr\/categorie-produit\/poeles-bois\/accessoires-poeles-a-bois\/\"},{\"@type\":\"ListItem\",\"position\":5,\"name\":\"Accumulateur de chaleur pour po\u00eales \u00e0 bois NEOSEN Plus\"}]},{\"@type\":\"WebSite\",\"@id\":\"https:\/\/www.invicta.fr\/fr\/#website\",\"url\":\"https:\/\/www.invicta.fr\/fr\/\",\"name\":\"Invicta\",\"description\":\"Fabricant fran\u00e7ais, sp\u00e9cialiste europ\u00e9en du chauffage au bois : po\u00eales \u00e0 bois et \u00e0 granul\u00e9s, chemin\u00e9es, foyers et inserts\",\"publisher\":{\"@id\":\"https:\/\/www.invicta.fr\/fr\/#organization\"},\"potentialAction\":[{\"@type\":\"SearchAction\",\"target\":{\"@type\":\"EntryPoint\",\"urlTemplate\":\"https:\/\/www.invicta.fr\/fr\/?s={search_term_string}\"},\"query-input\":{\"@type\":\"PropertyValueSpecification\",\"valueRequired\":true,\"valueName\":\"search_term_string\"}}],\"inLanguage\":\"fr-FR\"},{\"@type\":\"Organization\",\"@id\":\"https:\/\/www.invicta.fr\/fr\/#organization\",\"name\":\"Invicta\",\"url\":\"https:\/\/www.invicta.fr\/fr\/\",\"logo\":{\"@type\":\"ImageObject\",\"inLanguage\":\"fr-FR\",\"@id\":\"https:\/\/www.invicta.fr\/fr\/#\/schema\/logo\/image\/\",\"url\":\"https:\/\/www.invicta.fr\/wp-content\/uploads\/2019\/06\/INVICTALOGO_RVB.png\",\"contentUrl\":\"https:\/\/www.invicta.fr\/wp-content\/uploads\/2019\/06\/INVICTALOGO_RVB.png\",\"width\":1810,\"height\":1280,\"caption\":\"Invicta\"},\"image\":{\"@id\":\"https:\/\/www.invicta.fr\/fr\/#\/schema\/logo\/image\/\"}}]}<\/script>\n<!-- \/ Yoast SEO plugin. -->","yoast_head_json":{"title":"Accumulateur de chaleur pour po\u00eales \u00e0 bois Neosen + | INVICTA","description":"Invicta vous propose de booster les performances des po\u00eales \u00e0 bois Neosen Plus avec l'accessoire accumulateur de chaleur. \u2705","robots":{"index":"index","follow":"follow","max-snippet":"max-snippet:-1","max-image-preview":"max-image-preview:large","max-video-preview":"max-video-preview:-1"},"canonical":"https:\/\/www.invicta.fr\/fr\/produit\/accumulateur-de-chaleur-pour-poeles-a-bois-neosen\/","og_locale":"fr_FR","og_type":"article","og_title":"Accumulateur de chaleur pour po\u00eales \u00e0 bois Neosen + | INVICTA","og_description":"Invicta vous propose de booster les performances des po\u00eales \u00e0 bois Neosen Plus avec l'accessoire accumulateur de chaleur. \u2705","og_url":"https:\/\/www.invicta.fr\/fr\/produit\/accumulateur-de-chaleur-pour-poeles-a-bois-neosen\/","og_site_name":"Invicta","article_modified_time":"2026-02-05T09:52:07+00:00","og_image":[{"width":651,"height":482,"url":"https:\/\/www.invicta.fr\/wp-content\/uploads\/2021\/08\/C-ACCUMULATEUR-NEOSEN.png","type":"image\/png"}],"twitter_card":"summary_large_image","schema":{"@context":"https:\/\/schema.org","@graph":[{"@type":"WebPage","@id":"https:\/\/www.invicta.fr\/fr\/produit\/accumulateur-de-chaleur-pour-poeles-a-bois-neosen\/","url":"https:\/\/www.invicta.fr\/fr\/produit\/accumulateur-de-chaleur-pour-poeles-a-bois-neosen\/","name":"Accumulateur de chaleur pour po\u00eales \u00e0 bois Neosen + | INVICTA","isPartOf":{"@id":"https:\/\/www.invicta.fr\/fr\/#website"},"primaryImageOfPage":{"@id":"https:\/\/www.invicta.fr\/fr\/produit\/accumulateur-de-chaleur-pour-poeles-a-bois-neosen\/#primaryimage"},"image":{"@id":"https:\/\/www.invicta.fr\/fr\/produit\/accumulateur-de-chaleur-pour-poeles-a-bois-neosen\/#primaryimage"},"thumbnailUrl":"https:\/\/www.invicta.fr\/wp-content\/uploads\/2021\/08\/C-ACCUMULATEUR-NEOSEN.png","datePublished":"2021-11-17T10:14:18+00:00","dateModified":"2026-02-05T09:52:07+00:00","description":"Invicta vous propose de booster les performances des po\u00eales \u00e0 bois Neosen Plus avec l'accessoire accumulateur de chaleur. \u2705","breadcrumb":{"@id":"https:\/\/www.invicta.fr\/fr\/produit\/accumulateur-de-chaleur-pour-poeles-a-bois-neosen\/#breadcrumb"},"inLanguage":"fr-FR","potentialAction":[{"@type":"ReadAction","target":["https:\/\/www.invicta.fr\/fr\/produit\/accumulateur-de-chaleur-pour-poeles-a-bois-neosen\/"]}]},{"@type":"ImageObject","inLanguage":"fr-FR","@id":"https:\/\/www.invicta.fr\/fr\/produit\/accumulateur-de-chaleur-pour-poeles-a-bois-neosen\/#primaryimage","url":"https:\/\/www.invicta.fr\/wp-content\/uploads\/2021\/08\/C-ACCUMULATEUR-NEOSEN.png","contentUrl":"https:\/\/www.invicta.fr\/wp-content\/uploads\/2021\/08\/C-ACCUMULATEUR-NEOSEN.png","width":651,"height":482,"caption":"Accumulateur pour po\u00eale \u00e0 bois acier et fonte Invicta Neosen"},{"@type":"BreadcrumbList","@id":"https:\/\/www.invicta.fr\/fr\/produit\/accumulateur-de-chaleur-pour-poeles-a-bois-neosen\/#breadcrumb","itemListElement":[{"@type":"ListItem","position":1,"name":"Accueil","item":"https:\/\/www.invicta.fr\/fr\/"},{"@type":"ListItem","position":2,"name":"Produits","item":"https:\/\/www.invicta.fr\/fr\/shop\/"},{"@type":"ListItem","position":3,"name":"Po\u00eales \u00e0 Bois","item":"https:\/\/www.invicta.fr\/fr\/categorie-produit\/poeles-bois\/"},{"@type":"ListItem","position":4,"name":"Accessoires pour Po\u00eales \u00e0 Bois","item":"https:\/\/www.invicta.fr\/fr\/categorie-produit\/poeles-bois\/accessoires-poeles-a-bois\/"},{"@type":"ListItem","position":5,"name":"Accumulateur de chaleur pour po\u00eales \u00e0 bois NEOSEN Plus"}]},{"@type":"WebSite","@id":"https:\/\/www.invicta.fr\/fr\/#website","url":"https:\/\/www.invicta.fr\/fr\/","name":"Invicta","description":"Fabricant fran\u00e7ais, sp\u00e9cialiste europ\u00e9en du chauffage au bois : po\u00eales \u00e0 bois et \u00e0 granul\u00e9s, chemin\u00e9es, foyers et inserts","publisher":{"@id":"https:\/\/www.invicta.fr\/fr\/#organization"},"potentialAction":[{"@type":"SearchAction","target":{"@type":"EntryPoint","urlTemplate":"https:\/\/www.invicta.fr\/fr\/?s={search_term_string}"},"query-input":{"@type":"PropertyValueSpecification","valueRequired":true,"valueName":"search_term_string"}}],"inLanguage":"fr-FR"},{"@type":"Organization","@id":"https:\/\/www.invicta.fr\/fr\/#organization","name":"Invicta","url":"https:\/\/www.invicta.fr\/fr\/","logo":{"@type":"ImageObject","inLanguage":"fr-FR","@id":"https:\/\/www.invicta.fr\/fr\/#\/schema\/logo\/image\/","url":"https:\/\/www.invicta.fr\/wp-content\/uploads\/2019\/06\/INVICTALOGO_RVB.png","contentUrl":"https:\/\/www.invicta.fr\/wp-content\/uploads\/2019\/06\/INVICTALOGO_RVB.png","width":1810,"height":1280,"caption":"Invicta"},"image":{"@id":"https:\/\/www.invicta.fr\/fr\/#\/schema\/logo\/image\/"}}]}},"_links":{"self":[{"href":"https:\/\/www.invicta.fr\/fr\/wp-json\/wp\/v2\/product\/42756","targetHints":{"allow":["GET"]}}],"collection":[{"href":"https:\/\/www.invicta.fr\/fr\/wp-json\/wp\/v2\/product"}],"about":[{"href":"https:\/\/www.invicta.fr\/fr\/wp-json\/wp\/v2\/types\/product"}],"wp:featuredmedia":[{"embeddable":true,"href":"https:\/\/www.invicta.fr\/fr\/wp-json\/wp\/v2\/media\/41582"}],"wp:attachment":[{"href":"https:\/\/www.invicta.fr\/fr\/wp-json\/wp\/v2\/media?parent=42756"}],"wp:term":[{"taxonomy":"product_brand","embeddable":true,"href":"https:\/\/www.invicta.fr\/fr\/wp-json\/wp\/v2\/product_brand?post=42756"},{"taxonomy":"product_cat","embeddable":true,"href":"https:\/\/www.invicta.fr\/fr\/wp-json\/wp\/v2\/product_cat?post=42756"},{"taxonomy":"product_tag","embeddable":true,"href":"https:\/\/www.invicta.fr\/fr\/wp-json\/wp\/v2\/product_tag?post=42756"},{"taxonomy":"plus_produit","embeddable":true,"href":"https:\/\/www.invicta.fr\/fr\/wp-json\/wp\/v2\/plus_produit?post=42756"}],"curies":[{"name":"wp","href":"https:\/\/api.w.org\/{rel}","templated":true}]}}