{"id":48216,"date":"2022-06-07T17:26:20","date_gmt":"2022-06-07T15:26:20","guid":{"rendered":"https:\/\/www.invicta.fr\/?post_type=product&#038;p=48216"},"modified":"2025-11-26T15:08:38","modified_gmt":"2025-11-26T14:08:38","slug":"foyer-a-bois-dangle-800-vitre-droite-cheminee","status":"publish","type":"product","link":"https:\/\/www.invicta.fr\/fr\/produit\/foyer-a-bois-dangle-800-vitre-droite-cheminee\/","title":{"rendered":"Foyer \u00e0 bois d&#8217;Angle 800 Vitre Droite &#8211; chemin\u00e9e"},"content":{"rendered":"","protected":false},"excerpt":{"rendered":"<p>Le foyer d\u2019angle offre au spectateur la vision du feu sous plusieurs angles, droite ou gauche \u00e0 vous de choisir selon la configuration de votre habitat.<\/p>\n","protected":false},"featured_media":67693,"template":"","meta":{"_acf_changed":false},"product_brand":[],"product_cat":[2117,74,7304,5882],"product_tag":[7105,57,58,59,62,7017,2157,6959,53,65,6826,60,6718],"plus_produit":[2147,6834,2146,1919,129,130,140],"class_list":{"1":"product","4":"has-post-thumbnail","6":"product_cat-aide-au-choix","7":"product_cat-foyers-a-bois-pour-cheminees-cheminees-inserts","8":"product_cat-cheminees-a-bois","9":"product_cat-inserts-bois-angle","10":"product_tag-en16510","11":"product_tag-flamme-verte","12":"product_tag-eco-design-2022","13":"product_tag-a-ecolabel","14":"product_tag-101-fabrication-francaise","15":"product_tag-blmschv2","16":"product_tag-fonte-porte-acier","17":"product_tag-nouveaute","18":"product_tag-post-combustion","19":"product_tag-garantie-2-ans","20":"product_tag-garantie-extension-3-ans","21":"product_tag-z-credit-impot","22":"product_tag-reserve-pros","23":"pa_depart-des-fumees-dessus","24":"pa_diametre-de-buse-200-mm","25":"pa_indice-de-performance-5583","26":"pa_puissance-95-kw","27":"pa_surface-de-chauffe-50-115","28":"pa_taux-de-co-203","29":"pa_volume-de-chauffe-125-285","30":"plus_produit-belle-vision-des-flammes","31":"plus_produit-extension-de-garantie-3-ans","32":"plus_produit-intermittent-et-combustion-prolongee-3-heures","33":"plus_produit-origine-france-garantie","34":"plus_produit-systeme-de-post-combustion","35":"plus_produit-vitre-propre","36":"plus_produit-volet-de-buse","38":"first","39":"instock","40":"product-type-simple"},"acf":[],"yoast_head":"<!-- This site is optimized with the Yoast SEO plugin v24.7 - https:\/\/yoast.com\/wordpress\/plugins\/seo\/ -->\n<title>Foyer \u00e0 bois d&#039;Angle 800 Vitre Droite pour chemin\u00e9es | INVICTA<\/title>\n<meta name=\"description\" content=\"D\u00e9couvrez le Foyer d&#039;Angle 800 Vitre Droite, avec puissance de chauffe 9,5kW \u2705 EcoLabel A &amp; Eco Design 2022 \u2705 Flamme verte 7\u2b50 Garantie 5 ans\u2705\" \/>\n<meta name=\"robots\" content=\"index, follow, max-snippet:-1, max-image-preview:large, max-video-preview:-1\" \/>\n<link rel=\"canonical\" href=\"https:\/\/www.invicta.fr\/fr\/produit\/foyer-a-bois-dangle-800-vitre-droite-cheminee\/\" \/>\n<meta property=\"og:locale\" content=\"fr_FR\" \/>\n<meta property=\"og:type\" content=\"article\" \/>\n<meta property=\"og:title\" content=\"Foyer \u00e0 bois d&#039;Angle 800 Vitre Droite pour chemin\u00e9es | INVICTA\" \/>\n<meta property=\"og:description\" content=\"D\u00e9couvrez le Foyer d&#039;Angle 800 Vitre Droite, avec puissance de chauffe 9,5kW \u2705 EcoLabel A &amp; Eco Design 2022 \u2705 Flamme verte 7\u2b50 Garantie 5 ans\u2705\" \/>\n<meta property=\"og:url\" content=\"https:\/\/www.invicta.fr\/fr\/produit\/foyer-a-bois-dangle-800-vitre-droite-cheminee\/\" \/>\n<meta property=\"og:site_name\" content=\"Invicta\" \/>\n<meta property=\"article:modified_time\" content=\"2025-11-26T14:08:38+00:00\" \/>\n<meta property=\"og:image\" content=\"https:\/\/www.invicta.fr\/wp-content\/uploads\/2022\/06\/C_P628472_FOYER_-800_ANGLE_VD_web-2.jpg\" \/>\n\t<meta property=\"og:image:width\" content=\"900\" \/>\n\t<meta property=\"og:image:height\" content=\"900\" \/>\n\t<meta property=\"og:image:type\" content=\"image\/jpeg\" \/>\n<meta name=\"twitter:card\" content=\"summary_large_image\" \/>\n<script type=\"application\/ld+json\" class=\"yoast-schema-graph\">{\"@context\":\"https:\/\/schema.org\",\"@graph\":[{\"@type\":\"WebPage\",\"@id\":\"https:\/\/www.invicta.fr\/fr\/produit\/foyer-a-bois-dangle-800-vitre-droite-cheminee\/\",\"url\":\"https:\/\/www.invicta.fr\/fr\/produit\/foyer-a-bois-dangle-800-vitre-droite-cheminee\/\",\"name\":\"Foyer \u00e0 bois d'Angle 800 Vitre Droite pour chemin\u00e9es | INVICTA\",\"isPartOf\":{\"@id\":\"https:\/\/www.invicta.fr\/fr\/#website\"},\"primaryImageOfPage\":{\"@id\":\"https:\/\/www.invicta.fr\/fr\/produit\/foyer-a-bois-dangle-800-vitre-droite-cheminee\/#primaryimage\"},\"image\":{\"@id\":\"https:\/\/www.invicta.fr\/fr\/produit\/foyer-a-bois-dangle-800-vitre-droite-cheminee\/#primaryimage\"},\"thumbnailUrl\":\"https:\/\/www.invicta.fr\/wp-content\/uploads\/2022\/06\/C_P628472_FOYER_-800_ANGLE_VD_web-2.jpg\",\"datePublished\":\"2022-06-07T15:26:20+00:00\",\"dateModified\":\"2025-11-26T14:08:38+00:00\",\"description\":\"D\u00e9couvrez le Foyer d'Angle 800 Vitre Droite, avec puissance de chauffe 9,5kW \u2705 EcoLabel A & Eco Design 2022 \u2705 Flamme verte 7\u2b50 Garantie 5 ans\u2705\",\"breadcrumb\":{\"@id\":\"https:\/\/www.invicta.fr\/fr\/produit\/foyer-a-bois-dangle-800-vitre-droite-cheminee\/#breadcrumb\"},\"inLanguage\":\"fr-FR\",\"potentialAction\":[{\"@type\":\"ReadAction\",\"target\":[\"https:\/\/www.invicta.fr\/fr\/produit\/foyer-a-bois-dangle-800-vitre-droite-cheminee\/\"]}]},{\"@type\":\"ImageObject\",\"inLanguage\":\"fr-FR\",\"@id\":\"https:\/\/www.invicta.fr\/fr\/produit\/foyer-a-bois-dangle-800-vitre-droite-cheminee\/#primaryimage\",\"url\":\"https:\/\/www.invicta.fr\/wp-content\/uploads\/2022\/06\/C_P628472_FOYER_-800_ANGLE_VD_web-2.jpg\",\"contentUrl\":\"https:\/\/www.invicta.fr\/wp-content\/uploads\/2022\/06\/C_P628472_FOYER_-800_ANGLE_VD_web-2.jpg\",\"width\":900,\"height\":900,\"caption\":\"Foyer angle 800 pour chemin\u00e9e - vitre droite\"},{\"@type\":\"BreadcrumbList\",\"@id\":\"https:\/\/www.invicta.fr\/fr\/produit\/foyer-a-bois-dangle-800-vitre-droite-cheminee\/#breadcrumb\",\"itemListElement\":[{\"@type\":\"ListItem\",\"position\":1,\"name\":\"Accueil\",\"item\":\"https:\/\/www.invicta.fr\/fr\/\"},{\"@type\":\"ListItem\",\"position\":2,\"name\":\"Produits\",\"item\":\"https:\/\/www.invicta.fr\/fr\/shop\/\"},{\"@type\":\"ListItem\",\"position\":3,\"name\":\"Inserts Chemin\u00e9es\",\"item\":\"https:\/\/www.invicta.fr\/fr\/categorie-produit\/inserts-cheminees\/\"},{\"@type\":\"ListItem\",\"position\":4,\"name\":\"Foyers \u00e0 Bois - Chemin\u00e9es\",\"item\":\"https:\/\/www.invicta.fr\/fr\/categorie-produit\/inserts-cheminees\/foyers-a-bois-pour-cheminees-cheminees-inserts\/\"},{\"@type\":\"ListItem\",\"position\":5,\"name\":\"Foyer \u00e0 bois d&#8217;Angle 800 Vitre Droite &#8211; chemin\u00e9e\"}]},{\"@type\":\"WebSite\",\"@id\":\"https:\/\/www.invicta.fr\/fr\/#website\",\"url\":\"https:\/\/www.invicta.fr\/fr\/\",\"name\":\"Invicta\",\"description\":\"Fabricant fran\u00e7ais, sp\u00e9cialiste europ\u00e9en du chauffage au bois : po\u00eales \u00e0 bois et \u00e0 granul\u00e9s, chemin\u00e9es, foyers et inserts\",\"publisher\":{\"@id\":\"https:\/\/www.invicta.fr\/fr\/#organization\"},\"potentialAction\":[{\"@type\":\"SearchAction\",\"target\":{\"@type\":\"EntryPoint\",\"urlTemplate\":\"https:\/\/www.invicta.fr\/fr\/?s={search_term_string}\"},\"query-input\":{\"@type\":\"PropertyValueSpecification\",\"valueRequired\":true,\"valueName\":\"search_term_string\"}}],\"inLanguage\":\"fr-FR\"},{\"@type\":\"Organization\",\"@id\":\"https:\/\/www.invicta.fr\/fr\/#organization\",\"name\":\"Invicta\",\"url\":\"https:\/\/www.invicta.fr\/fr\/\",\"logo\":{\"@type\":\"ImageObject\",\"inLanguage\":\"fr-FR\",\"@id\":\"https:\/\/www.invicta.fr\/fr\/#\/schema\/logo\/image\/\",\"url\":\"https:\/\/www.invicta.fr\/wp-content\/uploads\/2019\/06\/INVICTALOGO_RVB.png\",\"contentUrl\":\"https:\/\/www.invicta.fr\/wp-content\/uploads\/2019\/06\/INVICTALOGO_RVB.png\",\"width\":1810,\"height\":1280,\"caption\":\"Invicta\"},\"image\":{\"@id\":\"https:\/\/www.invicta.fr\/fr\/#\/schema\/logo\/image\/\"}}]}<\/script>\n<!-- \/ Yoast SEO plugin. -->","yoast_head_json":{"title":"Foyer \u00e0 bois d'Angle 800 Vitre Droite pour chemin\u00e9es | INVICTA","description":"D\u00e9couvrez le Foyer d'Angle 800 Vitre Droite, avec puissance de chauffe 9,5kW \u2705 EcoLabel A & Eco Design 2022 \u2705 Flamme verte 7\u2b50 Garantie 5 ans\u2705","robots":{"index":"index","follow":"follow","max-snippet":"max-snippet:-1","max-image-preview":"max-image-preview:large","max-video-preview":"max-video-preview:-1"},"canonical":"https:\/\/www.invicta.fr\/fr\/produit\/foyer-a-bois-dangle-800-vitre-droite-cheminee\/","og_locale":"fr_FR","og_type":"article","og_title":"Foyer \u00e0 bois d'Angle 800 Vitre Droite pour chemin\u00e9es | INVICTA","og_description":"D\u00e9couvrez le Foyer d'Angle 800 Vitre Droite, avec puissance de chauffe 9,5kW \u2705 EcoLabel A & Eco Design 2022 \u2705 Flamme verte 7\u2b50 Garantie 5 ans\u2705","og_url":"https:\/\/www.invicta.fr\/fr\/produit\/foyer-a-bois-dangle-800-vitre-droite-cheminee\/","og_site_name":"Invicta","article_modified_time":"2025-11-26T14:08:38+00:00","og_image":[{"width":900,"height":900,"url":"https:\/\/www.invicta.fr\/wp-content\/uploads\/2022\/06\/C_P628472_FOYER_-800_ANGLE_VD_web-2.jpg","type":"image\/jpeg"}],"twitter_card":"summary_large_image","schema":{"@context":"https:\/\/schema.org","@graph":[{"@type":"WebPage","@id":"https:\/\/www.invicta.fr\/fr\/produit\/foyer-a-bois-dangle-800-vitre-droite-cheminee\/","url":"https:\/\/www.invicta.fr\/fr\/produit\/foyer-a-bois-dangle-800-vitre-droite-cheminee\/","name":"Foyer \u00e0 bois d'Angle 800 Vitre Droite pour chemin\u00e9es | INVICTA","isPartOf":{"@id":"https:\/\/www.invicta.fr\/fr\/#website"},"primaryImageOfPage":{"@id":"https:\/\/www.invicta.fr\/fr\/produit\/foyer-a-bois-dangle-800-vitre-droite-cheminee\/#primaryimage"},"image":{"@id":"https:\/\/www.invicta.fr\/fr\/produit\/foyer-a-bois-dangle-800-vitre-droite-cheminee\/#primaryimage"},"thumbnailUrl":"https:\/\/www.invicta.fr\/wp-content\/uploads\/2022\/06\/C_P628472_FOYER_-800_ANGLE_VD_web-2.jpg","datePublished":"2022-06-07T15:26:20+00:00","dateModified":"2025-11-26T14:08:38+00:00","description":"D\u00e9couvrez le Foyer d'Angle 800 Vitre Droite, avec puissance de chauffe 9,5kW \u2705 EcoLabel A & Eco Design 2022 \u2705 Flamme verte 7\u2b50 Garantie 5 ans\u2705","breadcrumb":{"@id":"https:\/\/www.invicta.fr\/fr\/produit\/foyer-a-bois-dangle-800-vitre-droite-cheminee\/#breadcrumb"},"inLanguage":"fr-FR","potentialAction":[{"@type":"ReadAction","target":["https:\/\/www.invicta.fr\/fr\/produit\/foyer-a-bois-dangle-800-vitre-droite-cheminee\/"]}]},{"@type":"ImageObject","inLanguage":"fr-FR","@id":"https:\/\/www.invicta.fr\/fr\/produit\/foyer-a-bois-dangle-800-vitre-droite-cheminee\/#primaryimage","url":"https:\/\/www.invicta.fr\/wp-content\/uploads\/2022\/06\/C_P628472_FOYER_-800_ANGLE_VD_web-2.jpg","contentUrl":"https:\/\/www.invicta.fr\/wp-content\/uploads\/2022\/06\/C_P628472_FOYER_-800_ANGLE_VD_web-2.jpg","width":900,"height":900,"caption":"Foyer angle 800 pour chemin\u00e9e - vitre droite"},{"@type":"BreadcrumbList","@id":"https:\/\/www.invicta.fr\/fr\/produit\/foyer-a-bois-dangle-800-vitre-droite-cheminee\/#breadcrumb","itemListElement":[{"@type":"ListItem","position":1,"name":"Accueil","item":"https:\/\/www.invicta.fr\/fr\/"},{"@type":"ListItem","position":2,"name":"Produits","item":"https:\/\/www.invicta.fr\/fr\/shop\/"},{"@type":"ListItem","position":3,"name":"Inserts Chemin\u00e9es","item":"https:\/\/www.invicta.fr\/fr\/categorie-produit\/inserts-cheminees\/"},{"@type":"ListItem","position":4,"name":"Foyers \u00e0 Bois - Chemin\u00e9es","item":"https:\/\/www.invicta.fr\/fr\/categorie-produit\/inserts-cheminees\/foyers-a-bois-pour-cheminees-cheminees-inserts\/"},{"@type":"ListItem","position":5,"name":"Foyer \u00e0 bois d&#8217;Angle 800 Vitre Droite &#8211; chemin\u00e9e"}]},{"@type":"WebSite","@id":"https:\/\/www.invicta.fr\/fr\/#website","url":"https:\/\/www.invicta.fr\/fr\/","name":"Invicta","description":"Fabricant fran\u00e7ais, sp\u00e9cialiste europ\u00e9en du chauffage au bois : po\u00eales \u00e0 bois et \u00e0 granul\u00e9s, chemin\u00e9es, foyers et inserts","publisher":{"@id":"https:\/\/www.invicta.fr\/fr\/#organization"},"potentialAction":[{"@type":"SearchAction","target":{"@type":"EntryPoint","urlTemplate":"https:\/\/www.invicta.fr\/fr\/?s={search_term_string}"},"query-input":{"@type":"PropertyValueSpecification","valueRequired":true,"valueName":"search_term_string"}}],"inLanguage":"fr-FR"},{"@type":"Organization","@id":"https:\/\/www.invicta.fr\/fr\/#organization","name":"Invicta","url":"https:\/\/www.invicta.fr\/fr\/","logo":{"@type":"ImageObject","inLanguage":"fr-FR","@id":"https:\/\/www.invicta.fr\/fr\/#\/schema\/logo\/image\/","url":"https:\/\/www.invicta.fr\/wp-content\/uploads\/2019\/06\/INVICTALOGO_RVB.png","contentUrl":"https:\/\/www.invicta.fr\/wp-content\/uploads\/2019\/06\/INVICTALOGO_RVB.png","width":1810,"height":1280,"caption":"Invicta"},"image":{"@id":"https:\/\/www.invicta.fr\/fr\/#\/schema\/logo\/image\/"}}]}},"_links":{"self":[{"href":"https:\/\/www.invicta.fr\/fr\/wp-json\/wp\/v2\/product\/48216","targetHints":{"allow":["GET"]}}],"collection":[{"href":"https:\/\/www.invicta.fr\/fr\/wp-json\/wp\/v2\/product"}],"about":[{"href":"https:\/\/www.invicta.fr\/fr\/wp-json\/wp\/v2\/types\/product"}],"wp:featuredmedia":[{"embeddable":true,"href":"https:\/\/www.invicta.fr\/fr\/wp-json\/wp\/v2\/media\/67693"}],"wp:attachment":[{"href":"https:\/\/www.invicta.fr\/fr\/wp-json\/wp\/v2\/media?parent=48216"}],"wp:term":[{"taxonomy":"product_brand","embeddable":true,"href":"https:\/\/www.invicta.fr\/fr\/wp-json\/wp\/v2\/product_brand?post=48216"},{"taxonomy":"product_cat","embeddable":true,"href":"https:\/\/www.invicta.fr\/fr\/wp-json\/wp\/v2\/product_cat?post=48216"},{"taxonomy":"product_tag","embeddable":true,"href":"https:\/\/www.invicta.fr\/fr\/wp-json\/wp\/v2\/product_tag?post=48216"},{"taxonomy":"plus_produit","embeddable":true,"href":"https:\/\/www.invicta.fr\/fr\/wp-json\/wp\/v2\/plus_produit?post=48216"}],"curies":[{"name":"wp","href":"https:\/\/api.w.org\/{rel}","templated":true}]}}