{"id":58153,"date":"2023-09-06T11:47:49","date_gmt":"2023-09-06T09:47:49","guid":{"rendered":"https:\/\/www.invicta.fr\/?post_type=product&#038;p=58153"},"modified":"2025-11-19T11:59:47","modified_gmt":"2025-11-19T10:59:47","slug":"insert-a-bois-700-absolu-magic-light","status":"publish","type":"product","link":"https:\/\/www.invicta.fr\/fr\/produit\/insert-a-bois-700-absolu-magic-light\/","title":{"rendered":"Insert \u00e0 Bois 700 Absolu Magic light Turbo"},"content":{"rendered":"","protected":false},"excerpt":{"rendered":"<p>Cette nouvelle r\u00e9f\u00e9rence fait rimer \u00e9l\u00e9gance avec performance.<\/p>\n","protected":false},"featured_media":58161,"template":"","meta":{"_acf_changed":false},"product_brand":[],"product_cat":[2117,81,7304,5888],"product_tag":[7105,57,58,59,62,2153,53,65,6826,60],"plus_produit":[6868,6834,7002,2146,2150,1919,6869,129,6900,130],"class_list":{"1":"product","4":"has-post-thumbnail","6":"product_cat-aide-au-choix","7":"product_cat-inserts-a-bois-pour-cheminees","8":"product_cat-cheminees-a-bois","9":"product_cat-inserts-bois-encastrables","10":"product_tag-en16510","11":"product_tag-flamme-verte","12":"product_tag-eco-design-2022","13":"product_tag-a-ecolabel","14":"product_tag-101-fabrication-francaise","15":"product_tag-fonte-carenage-acier","16":"product_tag-post-combustion","17":"product_tag-garantie-2-ans","18":"product_tag-garantie-extension-3-ans","19":"product_tag-z-credit-impot","20":"pa_depart-des-fumees-dessus","21":"pa_diametre-de-buse-150-mm","22":"pa_indice-de-performance-5571","23":"pa_options-accessoires-manchettes-sortie-air-chaud","24":"pa_puissance-8-kw","25":"pa_surface-de-chauffe-40-a-100-m","26":"pa_taux-de-co-230","27":"pa_volume-de-chauffe-105-240-m-2","28":"plus_produit-nouvelles-turbines","29":"plus_produit-extension-de-garantie-3-ans","30":"plus_produit-foyer-en-fonte-avec-carenage-acier","31":"plus_produit-intermittent-et-combustion-prolongee-3-heures","32":"plus_produit-manchettes-en-option","33":"plus_produit-origine-france-garantie","34":"plus_produit-raccordable-avec-buse-orientable","35":"plus_produit-systeme-de-post-combustion","36":"plus_produit-vitre-magic-light","37":"plus_produit-vitre-propre","39":"first","40":"instock","41":"purchasable","42":"product-type-simple"},"acf":[],"yoast_head":"<!-- This site is optimized with the Yoast SEO plugin v24.7 - https:\/\/yoast.com\/wordpress\/plugins\/seo\/ -->\n<title>Insert \u00e0 Bois 700 Absolu Turbo - Chemin\u00e9e | INVICTA<\/title>\n<meta name=\"description\" content=\"D\u00e9couvrez l&#039;insert \u00e0 Bois 700 Absolu Turbo, style contemporain, puissance chauffe 8 kW \u2705 EcoLabel A \u2705 Garantie 5 ans \u2705 Turbines plus silencieuses\" \/>\n<meta name=\"robots\" content=\"index, follow, max-snippet:-1, max-image-preview:large, max-video-preview:-1\" \/>\n<link rel=\"canonical\" href=\"https:\/\/www.invicta.fr\/fr\/produit\/insert-a-bois-700-absolu-magic-light\/\" \/>\n<meta property=\"og:locale\" content=\"fr_FR\" \/>\n<meta property=\"og:type\" content=\"article\" \/>\n<meta property=\"og:title\" content=\"Insert \u00e0 Bois 700 Absolu Turbo - Chemin\u00e9e | INVICTA\" \/>\n<meta property=\"og:description\" content=\"D\u00e9couvrez l&#039;insert \u00e0 Bois 700 Absolu Turbo, style contemporain, puissance chauffe 8 kW \u2705 EcoLabel A \u2705 Garantie 5 ans \u2705 Turbines plus silencieuses\" \/>\n<meta property=\"og:url\" content=\"https:\/\/www.invicta.fr\/fr\/produit\/insert-a-bois-700-absolu-magic-light\/\" \/>\n<meta property=\"og:site_name\" content=\"Invicta\" \/>\n<meta property=\"article:modified_time\" content=\"2025-11-19T10:59:47+00:00\" \/>\n<meta property=\"og:image\" content=\"https:\/\/www.invicta.fr\/wp-content\/uploads\/2023\/09\/C-P967008-ABSOLU-web.jpg\" \/>\n\t<meta property=\"og:image:width\" content=\"900\" \/>\n\t<meta property=\"og:image:height\" content=\"837\" \/>\n\t<meta property=\"og:image:type\" content=\"image\/jpeg\" \/>\n<meta name=\"twitter:card\" content=\"summary_large_image\" \/>\n<script type=\"application\/ld+json\" class=\"yoast-schema-graph\">{\"@context\":\"https:\/\/schema.org\",\"@graph\":[{\"@type\":\"WebPage\",\"@id\":\"https:\/\/www.invicta.fr\/fr\/produit\/insert-a-bois-700-absolu-magic-light\/\",\"url\":\"https:\/\/www.invicta.fr\/fr\/produit\/insert-a-bois-700-absolu-magic-light\/\",\"name\":\"Insert \u00e0 Bois 700 Absolu Turbo - Chemin\u00e9e | INVICTA\",\"isPartOf\":{\"@id\":\"https:\/\/www.invicta.fr\/fr\/#website\"},\"primaryImageOfPage\":{\"@id\":\"https:\/\/www.invicta.fr\/fr\/produit\/insert-a-bois-700-absolu-magic-light\/#primaryimage\"},\"image\":{\"@id\":\"https:\/\/www.invicta.fr\/fr\/produit\/insert-a-bois-700-absolu-magic-light\/#primaryimage\"},\"thumbnailUrl\":\"https:\/\/www.invicta.fr\/wp-content\/uploads\/2023\/09\/C-P967008-ABSOLU-web.jpg\",\"datePublished\":\"2023-09-06T09:47:49+00:00\",\"dateModified\":\"2025-11-19T10:59:47+00:00\",\"description\":\"D\u00e9couvrez l'insert \u00e0 Bois 700 Absolu Turbo, style contemporain, puissance chauffe 8 kW \u2705 EcoLabel A \u2705 Garantie 5 ans \u2705 Turbines plus silencieuses\",\"breadcrumb\":{\"@id\":\"https:\/\/www.invicta.fr\/fr\/produit\/insert-a-bois-700-absolu-magic-light\/#breadcrumb\"},\"inLanguage\":\"fr-FR\",\"potentialAction\":[{\"@type\":\"ReadAction\",\"target\":[\"https:\/\/www.invicta.fr\/fr\/produit\/insert-a-bois-700-absolu-magic-light\/\"]}]},{\"@type\":\"ImageObject\",\"inLanguage\":\"fr-FR\",\"@id\":\"https:\/\/www.invicta.fr\/fr\/produit\/insert-a-bois-700-absolu-magic-light\/#primaryimage\",\"url\":\"https:\/\/www.invicta.fr\/wp-content\/uploads\/2023\/09\/C-P967008-ABSOLU-web.jpg\",\"contentUrl\":\"https:\/\/www.invicta.fr\/wp-content\/uploads\/2023\/09\/C-P967008-ABSOLU-web.jpg\",\"width\":900,\"height\":837,\"caption\":\"Insert \u00e0 bois pour chemin\u00e9e Absolu Invicta\"},{\"@type\":\"BreadcrumbList\",\"@id\":\"https:\/\/www.invicta.fr\/fr\/produit\/insert-a-bois-700-absolu-magic-light\/#breadcrumb\",\"itemListElement\":[{\"@type\":\"ListItem\",\"position\":1,\"name\":\"Accueil\",\"item\":\"https:\/\/www.invicta.fr\/fr\/\"},{\"@type\":\"ListItem\",\"position\":2,\"name\":\"Produits\",\"item\":\"https:\/\/www.invicta.fr\/fr\/shop\/\"},{\"@type\":\"ListItem\",\"position\":3,\"name\":\"Inserts Chemin\u00e9es\",\"item\":\"https:\/\/www.invicta.fr\/fr\/categorie-produit\/inserts-cheminees\/\"},{\"@type\":\"ListItem\",\"position\":4,\"name\":\"Inserts \u00e0 Bois - Chemin\u00e9es\",\"item\":\"https:\/\/www.invicta.fr\/fr\/categorie-produit\/inserts-cheminees\/inserts-a-bois-pour-cheminees\/\"},{\"@type\":\"ListItem\",\"position\":5,\"name\":\"Insert \u00e0 Bois 700 Absolu Magic light Turbo\"}]},{\"@type\":\"WebSite\",\"@id\":\"https:\/\/www.invicta.fr\/fr\/#website\",\"url\":\"https:\/\/www.invicta.fr\/fr\/\",\"name\":\"Invicta\",\"description\":\"Fabricant fran\u00e7ais, sp\u00e9cialiste europ\u00e9en du chauffage au bois : po\u00eales \u00e0 bois et \u00e0 granul\u00e9s, chemin\u00e9es, foyers et inserts\",\"publisher\":{\"@id\":\"https:\/\/www.invicta.fr\/fr\/#organization\"},\"potentialAction\":[{\"@type\":\"SearchAction\",\"target\":{\"@type\":\"EntryPoint\",\"urlTemplate\":\"https:\/\/www.invicta.fr\/fr\/?s={search_term_string}\"},\"query-input\":{\"@type\":\"PropertyValueSpecification\",\"valueRequired\":true,\"valueName\":\"search_term_string\"}}],\"inLanguage\":\"fr-FR\"},{\"@type\":\"Organization\",\"@id\":\"https:\/\/www.invicta.fr\/fr\/#organization\",\"name\":\"Invicta\",\"url\":\"https:\/\/www.invicta.fr\/fr\/\",\"logo\":{\"@type\":\"ImageObject\",\"inLanguage\":\"fr-FR\",\"@id\":\"https:\/\/www.invicta.fr\/fr\/#\/schema\/logo\/image\/\",\"url\":\"https:\/\/www.invicta.fr\/wp-content\/uploads\/2019\/06\/INVICTALOGO_RVB.png\",\"contentUrl\":\"https:\/\/www.invicta.fr\/wp-content\/uploads\/2019\/06\/INVICTALOGO_RVB.png\",\"width\":1810,\"height\":1280,\"caption\":\"Invicta\"},\"image\":{\"@id\":\"https:\/\/www.invicta.fr\/fr\/#\/schema\/logo\/image\/\"}}]}<\/script>\n<!-- \/ Yoast SEO plugin. -->","yoast_head_json":{"title":"Insert \u00e0 Bois 700 Absolu Turbo - Chemin\u00e9e | INVICTA","description":"D\u00e9couvrez l'insert \u00e0 Bois 700 Absolu Turbo, style contemporain, puissance chauffe 8 kW \u2705 EcoLabel A \u2705 Garantie 5 ans \u2705 Turbines plus silencieuses","robots":{"index":"index","follow":"follow","max-snippet":"max-snippet:-1","max-image-preview":"max-image-preview:large","max-video-preview":"max-video-preview:-1"},"canonical":"https:\/\/www.invicta.fr\/fr\/produit\/insert-a-bois-700-absolu-magic-light\/","og_locale":"fr_FR","og_type":"article","og_title":"Insert \u00e0 Bois 700 Absolu Turbo - Chemin\u00e9e | INVICTA","og_description":"D\u00e9couvrez l'insert \u00e0 Bois 700 Absolu Turbo, style contemporain, puissance chauffe 8 kW \u2705 EcoLabel A \u2705 Garantie 5 ans \u2705 Turbines plus silencieuses","og_url":"https:\/\/www.invicta.fr\/fr\/produit\/insert-a-bois-700-absolu-magic-light\/","og_site_name":"Invicta","article_modified_time":"2025-11-19T10:59:47+00:00","og_image":[{"width":900,"height":837,"url":"https:\/\/www.invicta.fr\/wp-content\/uploads\/2023\/09\/C-P967008-ABSOLU-web.jpg","type":"image\/jpeg"}],"twitter_card":"summary_large_image","schema":{"@context":"https:\/\/schema.org","@graph":[{"@type":"WebPage","@id":"https:\/\/www.invicta.fr\/fr\/produit\/insert-a-bois-700-absolu-magic-light\/","url":"https:\/\/www.invicta.fr\/fr\/produit\/insert-a-bois-700-absolu-magic-light\/","name":"Insert \u00e0 Bois 700 Absolu Turbo - Chemin\u00e9e | INVICTA","isPartOf":{"@id":"https:\/\/www.invicta.fr\/fr\/#website"},"primaryImageOfPage":{"@id":"https:\/\/www.invicta.fr\/fr\/produit\/insert-a-bois-700-absolu-magic-light\/#primaryimage"},"image":{"@id":"https:\/\/www.invicta.fr\/fr\/produit\/insert-a-bois-700-absolu-magic-light\/#primaryimage"},"thumbnailUrl":"https:\/\/www.invicta.fr\/wp-content\/uploads\/2023\/09\/C-P967008-ABSOLU-web.jpg","datePublished":"2023-09-06T09:47:49+00:00","dateModified":"2025-11-19T10:59:47+00:00","description":"D\u00e9couvrez l'insert \u00e0 Bois 700 Absolu Turbo, style contemporain, puissance chauffe 8 kW \u2705 EcoLabel A \u2705 Garantie 5 ans \u2705 Turbines plus silencieuses","breadcrumb":{"@id":"https:\/\/www.invicta.fr\/fr\/produit\/insert-a-bois-700-absolu-magic-light\/#breadcrumb"},"inLanguage":"fr-FR","potentialAction":[{"@type":"ReadAction","target":["https:\/\/www.invicta.fr\/fr\/produit\/insert-a-bois-700-absolu-magic-light\/"]}]},{"@type":"ImageObject","inLanguage":"fr-FR","@id":"https:\/\/www.invicta.fr\/fr\/produit\/insert-a-bois-700-absolu-magic-light\/#primaryimage","url":"https:\/\/www.invicta.fr\/wp-content\/uploads\/2023\/09\/C-P967008-ABSOLU-web.jpg","contentUrl":"https:\/\/www.invicta.fr\/wp-content\/uploads\/2023\/09\/C-P967008-ABSOLU-web.jpg","width":900,"height":837,"caption":"Insert \u00e0 bois pour chemin\u00e9e Absolu Invicta"},{"@type":"BreadcrumbList","@id":"https:\/\/www.invicta.fr\/fr\/produit\/insert-a-bois-700-absolu-magic-light\/#breadcrumb","itemListElement":[{"@type":"ListItem","position":1,"name":"Accueil","item":"https:\/\/www.invicta.fr\/fr\/"},{"@type":"ListItem","position":2,"name":"Produits","item":"https:\/\/www.invicta.fr\/fr\/shop\/"},{"@type":"ListItem","position":3,"name":"Inserts Chemin\u00e9es","item":"https:\/\/www.invicta.fr\/fr\/categorie-produit\/inserts-cheminees\/"},{"@type":"ListItem","position":4,"name":"Inserts \u00e0 Bois - Chemin\u00e9es","item":"https:\/\/www.invicta.fr\/fr\/categorie-produit\/inserts-cheminees\/inserts-a-bois-pour-cheminees\/"},{"@type":"ListItem","position":5,"name":"Insert \u00e0 Bois 700 Absolu Magic light Turbo"}]},{"@type":"WebSite","@id":"https:\/\/www.invicta.fr\/fr\/#website","url":"https:\/\/www.invicta.fr\/fr\/","name":"Invicta","description":"Fabricant fran\u00e7ais, sp\u00e9cialiste europ\u00e9en du chauffage au bois : po\u00eales \u00e0 bois et \u00e0 granul\u00e9s, chemin\u00e9es, foyers et inserts","publisher":{"@id":"https:\/\/www.invicta.fr\/fr\/#organization"},"potentialAction":[{"@type":"SearchAction","target":{"@type":"EntryPoint","urlTemplate":"https:\/\/www.invicta.fr\/fr\/?s={search_term_string}"},"query-input":{"@type":"PropertyValueSpecification","valueRequired":true,"valueName":"search_term_string"}}],"inLanguage":"fr-FR"},{"@type":"Organization","@id":"https:\/\/www.invicta.fr\/fr\/#organization","name":"Invicta","url":"https:\/\/www.invicta.fr\/fr\/","logo":{"@type":"ImageObject","inLanguage":"fr-FR","@id":"https:\/\/www.invicta.fr\/fr\/#\/schema\/logo\/image\/","url":"https:\/\/www.invicta.fr\/wp-content\/uploads\/2019\/06\/INVICTALOGO_RVB.png","contentUrl":"https:\/\/www.invicta.fr\/wp-content\/uploads\/2019\/06\/INVICTALOGO_RVB.png","width":1810,"height":1280,"caption":"Invicta"},"image":{"@id":"https:\/\/www.invicta.fr\/fr\/#\/schema\/logo\/image\/"}}]}},"_links":{"self":[{"href":"https:\/\/www.invicta.fr\/fr\/wp-json\/wp\/v2\/product\/58153","targetHints":{"allow":["GET"]}}],"collection":[{"href":"https:\/\/www.invicta.fr\/fr\/wp-json\/wp\/v2\/product"}],"about":[{"href":"https:\/\/www.invicta.fr\/fr\/wp-json\/wp\/v2\/types\/product"}],"wp:featuredmedia":[{"embeddable":true,"href":"https:\/\/www.invicta.fr\/fr\/wp-json\/wp\/v2\/media\/58161"}],"wp:attachment":[{"href":"https:\/\/www.invicta.fr\/fr\/wp-json\/wp\/v2\/media?parent=58153"}],"wp:term":[{"taxonomy":"product_brand","embeddable":true,"href":"https:\/\/www.invicta.fr\/fr\/wp-json\/wp\/v2\/product_brand?post=58153"},{"taxonomy":"product_cat","embeddable":true,"href":"https:\/\/www.invicta.fr\/fr\/wp-json\/wp\/v2\/product_cat?post=58153"},{"taxonomy":"product_tag","embeddable":true,"href":"https:\/\/www.invicta.fr\/fr\/wp-json\/wp\/v2\/product_tag?post=58153"},{"taxonomy":"plus_produit","embeddable":true,"href":"https:\/\/www.invicta.fr\/fr\/wp-json\/wp\/v2\/plus_produit?post=58153"}],"curies":[{"name":"wp","href":"https:\/\/api.w.org\/{rel}","templated":true}]}}