{"id":65187,"date":"2024-12-11T16:18:52","date_gmt":"2024-12-11T15:18:52","guid":{"rendered":"https:\/\/www.invicta.fr\/?post_type=product&#038;p=65187"},"modified":"2025-11-20T12:04:43","modified_gmt":"2025-11-20T11:04:43","slug":"poele-fonte-brio-sur-pied-raccordable","status":"publish","type":"product","link":"https:\/\/www.invicta.fr\/fr\/produit\/poele-fonte-brio-sur-pied-raccordable\/","title":{"rendered":"Po\u00eale \u00e0 bois en Fonte Brio sur pied Raccordable"},"content":{"rendered":"<h3>D\u00e9couvrir en vid\u00e9o<\/h3>\n<p><iframe title=\"Invicta - Po\u00eale \u00e0 bois design BRIO - 4K\" width=\"500\" height=\"281\" src=\"https:\/\/www.youtube.com\/embed\/V9lNk_Bgd0w?feature=oembed&#038;enablejsapi=1&#038;origin=https:\/\/www.invicta.fr\" frameborder=\"0\" allow=\"accelerometer; autoplay; clipboard-write; encrypted-media; gyroscope; picture-in-picture; web-share\" referrerpolicy=\"strict-origin-when-cross-origin\" allowfullscreen><\/iframe><\/p>\n","protected":false},"excerpt":{"rendered":"<p><span data-sheets-formula-bar-text-style=\"font-size:13px;color:#000000;font-weight:normal;text-decoration:none;font-family:'Arial';font-style:normal;text-decoration-skip-ink:none;\">Du haut de sa colonne centrale en fonte, ce po\u00eale \u00e0 bois r\u00e9v\u00e8le son immense talent. Tous les projecteurs se braquent sur cette nouvelle star du chauffage au look incroyable. Energie positive et ondes chaleureuses galvanisent son public. Quel Brio ! Design : B. Dequet. <em>Conduit d\u2019\u00e9vacuation en photo non fourni avec le po\u00eale.<\/em><br \/>\n<\/span><\/p>\n","protected":false},"featured_media":40673,"template":"","meta":{"_acf_changed":false},"product_brand":[],"product_cat":[2117,44,5861,5849,5860,5835,5874,5838,5841],"product_tag":[7105,57,58,59,62,51,53,73,65,6826,60,6718],"plus_produit":[5371,5370,6834,1919,1983,129,130],"class_list":{"1":"product","4":"has-post-thumbnail","6":"product_cat-aide-au-choix","7":"product_cat-poeles-a-bois-fonte-acier","8":"product_cat-poeles-a-bois-buches-50-cm","9":"product_cat-poeles-a-bois-7-kw","10":"product_cat-poeles-a-bois-contemporains","11":"product_cat-poeles-a-bois-design","12":"product_cat-poeles-a-bois-industriels","13":"product_cat-poeles-a-bois-modernes","14":"product_cat-poeles-a-bois-ronds","15":"product_tag-en16510","16":"product_tag-flamme-verte","17":"product_tag-eco-design-2022","18":"product_tag-a-ecolabel","19":"product_tag-101-fabrication-francaise","20":"product_tag-fonte-100","21":"product_tag-post-combustion","22":"product_tag-raccordable-2","23":"product_tag-garantie-2-ans","24":"product_tag-garantie-extension-3-ans","25":"product_tag-z-credit-impot","26":"product_tag-reserve-pros","27":"pa_depart-des-fumees-dessus","28":"pa_diametre-de-buse-150-mm","29":"pa_indice-de-performance-5583","30":"pa_puissance-optimale-7-kw","31":"pa_surface-de-chauffe-40-a-85-m","32":"pa_taux-de-co-230","33":"pa_volume-de-chauffe-100-210-m","34":"plus_produit-conception-soignee","35":"plus_produit-design-unique","36":"plus_produit-extension-de-garantie-3-ans","37":"plus_produit-origine-france-garantie","38":"plus_produit-raccordable","39":"plus_produit-systeme-de-post-combustion","40":"plus_produit-vitre-propre","42":"first","43":"instock","44":"purchasable","45":"product-type-simple"},"acf":[],"yoast_head":"<!-- This site is optimized with the Yoast SEO plugin v24.7 - https:\/\/yoast.com\/wordpress\/plugins\/seo\/ -->\n<title>Po\u00eale \u00e0 bois en Fonte Brio sur pied Raccordable | INVICTA<\/title>\n<meta name=\"description\" content=\"R\u00e9chauffez-vous avec le Po\u00eale \u00e0 Bois en Fonte Raccordable Brio sur Pied, EcoLabel A, 100% Fonte, puissance 7kW\u2705 Flamme verte 7\u2b50Garantie 5ans\u2705\" \/>\n<meta name=\"robots\" content=\"index, follow, max-snippet:-1, max-image-preview:large, max-video-preview:-1\" \/>\n<link rel=\"canonical\" href=\"https:\/\/www.invicta.fr\/fr\/produit\/poele-fonte-brio-sur-pied-raccordable\/\" \/>\n<meta property=\"og:locale\" content=\"fr_FR\" \/>\n<meta property=\"og:type\" content=\"article\" \/>\n<meta property=\"og:title\" content=\"Po\u00eale \u00e0 bois en Fonte Brio sur pied Raccordable | INVICTA\" \/>\n<meta property=\"og:description\" content=\"R\u00e9chauffez-vous avec le Po\u00eale \u00e0 Bois en Fonte Raccordable Brio sur Pied, EcoLabel A, 100% Fonte, puissance 7kW\u2705 Flamme verte 7\u2b50Garantie 5ans\u2705\" \/>\n<meta property=\"og:url\" content=\"https:\/\/www.invicta.fr\/fr\/produit\/poele-fonte-brio-sur-pied-raccordable\/\" \/>\n<meta property=\"og:site_name\" content=\"Invicta\" \/>\n<meta property=\"article:modified_time\" content=\"2025-11-20T11:04:43+00:00\" \/>\n<meta property=\"og:image\" content=\"https:\/\/www.invicta.fr\/wp-content\/uploads\/2020\/09\/C-BRIO-sur-pied-web.jpg\" \/>\n\t<meta property=\"og:image:width\" content=\"1008\" \/>\n\t<meta property=\"og:image:height\" content=\"1008\" \/>\n\t<meta property=\"og:image:type\" content=\"image\/jpeg\" \/>\n<meta name=\"twitter:card\" content=\"summary_large_image\" \/>\n<meta name=\"twitter:label1\" content=\"Dur\u00e9e de lecture estim\u00e9e\" \/>\n\t<meta name=\"twitter:data1\" content=\"1 minute\" \/>\n<script type=\"application\/ld+json\" class=\"yoast-schema-graph\">{\"@context\":\"https:\/\/schema.org\",\"@graph\":[{\"@type\":\"WebPage\",\"@id\":\"https:\/\/www.invicta.fr\/fr\/produit\/poele-fonte-brio-sur-pied-raccordable\/\",\"url\":\"https:\/\/www.invicta.fr\/fr\/produit\/poele-fonte-brio-sur-pied-raccordable\/\",\"name\":\"Po\u00eale \u00e0 bois en Fonte Brio sur pied Raccordable | INVICTA\",\"isPartOf\":{\"@id\":\"https:\/\/www.invicta.fr\/fr\/#website\"},\"primaryImageOfPage\":{\"@id\":\"https:\/\/www.invicta.fr\/fr\/produit\/poele-fonte-brio-sur-pied-raccordable\/#primaryimage\"},\"image\":{\"@id\":\"https:\/\/www.invicta.fr\/fr\/produit\/poele-fonte-brio-sur-pied-raccordable\/#primaryimage\"},\"thumbnailUrl\":\"https:\/\/www.invicta.fr\/wp-content\/uploads\/2020\/09\/C-BRIO-sur-pied-web.jpg\",\"datePublished\":\"2024-12-11T15:18:52+00:00\",\"dateModified\":\"2025-11-20T11:04:43+00:00\",\"description\":\"R\u00e9chauffez-vous avec le Po\u00eale \u00e0 Bois en Fonte Raccordable Brio sur Pied, EcoLabel A, 100% Fonte, puissance 7kW\u2705 Flamme verte 7\u2b50Garantie 5ans\u2705\",\"breadcrumb\":{\"@id\":\"https:\/\/www.invicta.fr\/fr\/produit\/poele-fonte-brio-sur-pied-raccordable\/#breadcrumb\"},\"inLanguage\":\"fr-FR\",\"potentialAction\":[{\"@type\":\"ReadAction\",\"target\":[\"https:\/\/www.invicta.fr\/fr\/produit\/poele-fonte-brio-sur-pied-raccordable\/\"]}]},{\"@type\":\"ImageObject\",\"inLanguage\":\"fr-FR\",\"@id\":\"https:\/\/www.invicta.fr\/fr\/produit\/poele-fonte-brio-sur-pied-raccordable\/#primaryimage\",\"url\":\"https:\/\/www.invicta.fr\/wp-content\/uploads\/2020\/09\/C-BRIO-sur-pied-web.jpg\",\"contentUrl\":\"https:\/\/www.invicta.fr\/wp-content\/uploads\/2020\/09\/C-BRIO-sur-pied-web.jpg\",\"width\":1008,\"height\":1008,\"caption\":\"Po\u00eale \u00e0 bois fonte Invicta Brio sur pied - 7 kW\"},{\"@type\":\"BreadcrumbList\",\"@id\":\"https:\/\/www.invicta.fr\/fr\/produit\/poele-fonte-brio-sur-pied-raccordable\/#breadcrumb\",\"itemListElement\":[{\"@type\":\"ListItem\",\"position\":1,\"name\":\"Accueil\",\"item\":\"https:\/\/www.invicta.fr\/fr\/\"},{\"@type\":\"ListItem\",\"position\":2,\"name\":\"Produits\",\"item\":\"https:\/\/www.invicta.fr\/fr\/shop\/\"},{\"@type\":\"ListItem\",\"position\":3,\"name\":\"Po\u00eales \u00e0 Bois\",\"item\":\"https:\/\/www.invicta.fr\/fr\/categorie-produit\/poeles-bois\/\"},{\"@type\":\"ListItem\",\"position\":4,\"name\":\"Po\u00eales \u00e0 Bois en Fonte\",\"item\":\"https:\/\/www.invicta.fr\/fr\/categorie-produit\/poeles-bois\/poeles-a-bois-fonte-acier\/\"},{\"@type\":\"ListItem\",\"position\":5,\"name\":\"Po\u00eale \u00e0 bois en Fonte Brio sur pied Raccordable\"}]},{\"@type\":\"WebSite\",\"@id\":\"https:\/\/www.invicta.fr\/fr\/#website\",\"url\":\"https:\/\/www.invicta.fr\/fr\/\",\"name\":\"Invicta\",\"description\":\"Fabricant fran\u00e7ais, sp\u00e9cialiste europ\u00e9en du chauffage au bois : po\u00eales \u00e0 bois et \u00e0 granul\u00e9s, chemin\u00e9es, foyers et inserts\",\"publisher\":{\"@id\":\"https:\/\/www.invicta.fr\/fr\/#organization\"},\"potentialAction\":[{\"@type\":\"SearchAction\",\"target\":{\"@type\":\"EntryPoint\",\"urlTemplate\":\"https:\/\/www.invicta.fr\/fr\/?s={search_term_string}\"},\"query-input\":{\"@type\":\"PropertyValueSpecification\",\"valueRequired\":true,\"valueName\":\"search_term_string\"}}],\"inLanguage\":\"fr-FR\"},{\"@type\":\"Organization\",\"@id\":\"https:\/\/www.invicta.fr\/fr\/#organization\",\"name\":\"Invicta\",\"url\":\"https:\/\/www.invicta.fr\/fr\/\",\"logo\":{\"@type\":\"ImageObject\",\"inLanguage\":\"fr-FR\",\"@id\":\"https:\/\/www.invicta.fr\/fr\/#\/schema\/logo\/image\/\",\"url\":\"https:\/\/www.invicta.fr\/wp-content\/uploads\/2019\/06\/INVICTALOGO_RVB.png\",\"contentUrl\":\"https:\/\/www.invicta.fr\/wp-content\/uploads\/2019\/06\/INVICTALOGO_RVB.png\",\"width\":1810,\"height\":1280,\"caption\":\"Invicta\"},\"image\":{\"@id\":\"https:\/\/www.invicta.fr\/fr\/#\/schema\/logo\/image\/\"}}]}<\/script>\n<!-- \/ Yoast SEO plugin. -->","yoast_head_json":{"title":"Po\u00eale \u00e0 bois en Fonte Brio sur pied Raccordable | INVICTA","description":"R\u00e9chauffez-vous avec le Po\u00eale \u00e0 Bois en Fonte Raccordable Brio sur Pied, EcoLabel A, 100% Fonte, puissance 7kW\u2705 Flamme verte 7\u2b50Garantie 5ans\u2705","robots":{"index":"index","follow":"follow","max-snippet":"max-snippet:-1","max-image-preview":"max-image-preview:large","max-video-preview":"max-video-preview:-1"},"canonical":"https:\/\/www.invicta.fr\/fr\/produit\/poele-fonte-brio-sur-pied-raccordable\/","og_locale":"fr_FR","og_type":"article","og_title":"Po\u00eale \u00e0 bois en Fonte Brio sur pied Raccordable | INVICTA","og_description":"R\u00e9chauffez-vous avec le Po\u00eale \u00e0 Bois en Fonte Raccordable Brio sur Pied, EcoLabel A, 100% Fonte, puissance 7kW\u2705 Flamme verte 7\u2b50Garantie 5ans\u2705","og_url":"https:\/\/www.invicta.fr\/fr\/produit\/poele-fonte-brio-sur-pied-raccordable\/","og_site_name":"Invicta","article_modified_time":"2025-11-20T11:04:43+00:00","og_image":[{"width":1008,"height":1008,"url":"https:\/\/www.invicta.fr\/wp-content\/uploads\/2020\/09\/C-BRIO-sur-pied-web.jpg","type":"image\/jpeg"}],"twitter_card":"summary_large_image","twitter_misc":{"Dur\u00e9e de lecture estim\u00e9e":"1 minute"},"schema":{"@context":"https:\/\/schema.org","@graph":[{"@type":"WebPage","@id":"https:\/\/www.invicta.fr\/fr\/produit\/poele-fonte-brio-sur-pied-raccordable\/","url":"https:\/\/www.invicta.fr\/fr\/produit\/poele-fonte-brio-sur-pied-raccordable\/","name":"Po\u00eale \u00e0 bois en Fonte Brio sur pied Raccordable | INVICTA","isPartOf":{"@id":"https:\/\/www.invicta.fr\/fr\/#website"},"primaryImageOfPage":{"@id":"https:\/\/www.invicta.fr\/fr\/produit\/poele-fonte-brio-sur-pied-raccordable\/#primaryimage"},"image":{"@id":"https:\/\/www.invicta.fr\/fr\/produit\/poele-fonte-brio-sur-pied-raccordable\/#primaryimage"},"thumbnailUrl":"https:\/\/www.invicta.fr\/wp-content\/uploads\/2020\/09\/C-BRIO-sur-pied-web.jpg","datePublished":"2024-12-11T15:18:52+00:00","dateModified":"2025-11-20T11:04:43+00:00","description":"R\u00e9chauffez-vous avec le Po\u00eale \u00e0 Bois en Fonte Raccordable Brio sur Pied, EcoLabel A, 100% Fonte, puissance 7kW\u2705 Flamme verte 7\u2b50Garantie 5ans\u2705","breadcrumb":{"@id":"https:\/\/www.invicta.fr\/fr\/produit\/poele-fonte-brio-sur-pied-raccordable\/#breadcrumb"},"inLanguage":"fr-FR","potentialAction":[{"@type":"ReadAction","target":["https:\/\/www.invicta.fr\/fr\/produit\/poele-fonte-brio-sur-pied-raccordable\/"]}]},{"@type":"ImageObject","inLanguage":"fr-FR","@id":"https:\/\/www.invicta.fr\/fr\/produit\/poele-fonte-brio-sur-pied-raccordable\/#primaryimage","url":"https:\/\/www.invicta.fr\/wp-content\/uploads\/2020\/09\/C-BRIO-sur-pied-web.jpg","contentUrl":"https:\/\/www.invicta.fr\/wp-content\/uploads\/2020\/09\/C-BRIO-sur-pied-web.jpg","width":1008,"height":1008,"caption":"Po\u00eale \u00e0 bois fonte Invicta Brio sur pied - 7 kW"},{"@type":"BreadcrumbList","@id":"https:\/\/www.invicta.fr\/fr\/produit\/poele-fonte-brio-sur-pied-raccordable\/#breadcrumb","itemListElement":[{"@type":"ListItem","position":1,"name":"Accueil","item":"https:\/\/www.invicta.fr\/fr\/"},{"@type":"ListItem","position":2,"name":"Produits","item":"https:\/\/www.invicta.fr\/fr\/shop\/"},{"@type":"ListItem","position":3,"name":"Po\u00eales \u00e0 Bois","item":"https:\/\/www.invicta.fr\/fr\/categorie-produit\/poeles-bois\/"},{"@type":"ListItem","position":4,"name":"Po\u00eales \u00e0 Bois en Fonte","item":"https:\/\/www.invicta.fr\/fr\/categorie-produit\/poeles-bois\/poeles-a-bois-fonte-acier\/"},{"@type":"ListItem","position":5,"name":"Po\u00eale \u00e0 bois en Fonte Brio sur pied Raccordable"}]},{"@type":"WebSite","@id":"https:\/\/www.invicta.fr\/fr\/#website","url":"https:\/\/www.invicta.fr\/fr\/","name":"Invicta","description":"Fabricant fran\u00e7ais, sp\u00e9cialiste europ\u00e9en du chauffage au bois : po\u00eales \u00e0 bois et \u00e0 granul\u00e9s, chemin\u00e9es, foyers et inserts","publisher":{"@id":"https:\/\/www.invicta.fr\/fr\/#organization"},"potentialAction":[{"@type":"SearchAction","target":{"@type":"EntryPoint","urlTemplate":"https:\/\/www.invicta.fr\/fr\/?s={search_term_string}"},"query-input":{"@type":"PropertyValueSpecification","valueRequired":true,"valueName":"search_term_string"}}],"inLanguage":"fr-FR"},{"@type":"Organization","@id":"https:\/\/www.invicta.fr\/fr\/#organization","name":"Invicta","url":"https:\/\/www.invicta.fr\/fr\/","logo":{"@type":"ImageObject","inLanguage":"fr-FR","@id":"https:\/\/www.invicta.fr\/fr\/#\/schema\/logo\/image\/","url":"https:\/\/www.invicta.fr\/wp-content\/uploads\/2019\/06\/INVICTALOGO_RVB.png","contentUrl":"https:\/\/www.invicta.fr\/wp-content\/uploads\/2019\/06\/INVICTALOGO_RVB.png","width":1810,"height":1280,"caption":"Invicta"},"image":{"@id":"https:\/\/www.invicta.fr\/fr\/#\/schema\/logo\/image\/"}}]}},"_links":{"self":[{"href":"https:\/\/www.invicta.fr\/fr\/wp-json\/wp\/v2\/product\/65187","targetHints":{"allow":["GET"]}}],"collection":[{"href":"https:\/\/www.invicta.fr\/fr\/wp-json\/wp\/v2\/product"}],"about":[{"href":"https:\/\/www.invicta.fr\/fr\/wp-json\/wp\/v2\/types\/product"}],"wp:featuredmedia":[{"embeddable":true,"href":"https:\/\/www.invicta.fr\/fr\/wp-json\/wp\/v2\/media\/40673"}],"wp:attachment":[{"href":"https:\/\/www.invicta.fr\/fr\/wp-json\/wp\/v2\/media?parent=65187"}],"wp:term":[{"taxonomy":"product_brand","embeddable":true,"href":"https:\/\/www.invicta.fr\/fr\/wp-json\/wp\/v2\/product_brand?post=65187"},{"taxonomy":"product_cat","embeddable":true,"href":"https:\/\/www.invicta.fr\/fr\/wp-json\/wp\/v2\/product_cat?post=65187"},{"taxonomy":"product_tag","embeddable":true,"href":"https:\/\/www.invicta.fr\/fr\/wp-json\/wp\/v2\/product_tag?post=65187"},{"taxonomy":"plus_produit","embeddable":true,"href":"https:\/\/www.invicta.fr\/fr\/wp-json\/wp\/v2\/plus_produit?post=65187"}],"curies":[{"name":"wp","href":"https:\/\/api.w.org\/{rel}","templated":true}]}}