{"id":66276,"date":"2025-02-26T16:53:31","date_gmt":"2025-02-26T15:53:31","guid":{"rendered":"https:\/\/www.invicta.fr\/?post_type=product&#038;p=66276"},"modified":"2026-02-24T13:35:49","modified_gmt":"2026-02-24T12:35:49","slug":"poele-granules-hydro-etanche-teramo","status":"publish","type":"product","link":"https:\/\/www.invicta.fr\/fr\/produit\/poele-granules-hydro-etanche-teramo\/","title":{"rendered":"Po\u00eale granul\u00e9s hydro \u00e9tanche Teramo Plus"},"content":{"rendered":"","protected":false},"excerpt":{"rendered":"<p><strong>Produit r\u00e9serv\u00e9 aux march\u00e9s export.<\/strong><br \/>\nDisponible dans 3 couleurs diff\u00e9rentes, le po\u00eale \u00e0 granul\u00e9s hydro Teramo est id\u00e9al pour distribuer la chaleur dans plusieurs pi\u00e8ces. Il peut \u00eatre \u00eatre raccord\u00e9 \u00e0 un syst\u00e8me de chauffage hydraulique par radiateurs.<\/p>\n","protected":false},"featured_media":66294,"template":"","meta":{"_acf_changed":false},"product_brand":[],"product_cat":[2117,49,5857,5837,5885,5856,7281],"product_tag":[7105,57,7211,58,7039,55,65,6825,60],"plus_produit":[137,6835,1925,1968,1921,2137],"class_list":{"1":"product","4":"has-post-thumbnail","6":"product_cat-aide-au-choix","7":"product_cat-poeles-a-granules-pellets","8":"product_cat-poeles-a-granules-autonomes","9":"product_cat-poeles-a-granules-programmables","10":"product_cat-poeles-a-granules-contemporains","11":"product_cat-poeles-a-granules-modernes","12":"product_cat-poeles-a-granules-pour-chauffage-central","13":"product_tag-en16510","14":"product_tag-flamme-verte","15":"product_tag-7211","16":"product_tag-eco-design-2022","17":"product_tag-3-a-ecolabel","18":"product_tag-raccordable","19":"product_tag-garantie-2-ans","20":"product_tag-garantie-extension-1-an","21":"product_tag-z-credit-impot","22":"pa_autonomie-maximum-7227","23":"pa_autonomie-minimum-7226","24":"pa_capacite-de-la-tremie-7032","25":"pa_consommation-17-35","26":"pa_depart-des-fumees-arriere","27":"pa_diametre-de-buse-80-mm","28":"pa_indice-de-performance-7222","29":"pa_modulation-de-puissance-79-159","30":"pa_puissance-7212","31":"pa_puissance-version-chaudiere-64-137","32":"pa_surface-de-chauffe-7216","33":"pa_taux-de-co-00045-00055","34":"pa_volume-de-chauffe-7215","35":"plus_produit-diffusion-dair-chaud-par-ventilateur-tangenciel","36":"plus_produit-extension-de-garantie-1-an","37":"plus_produit-possibilite-de-pilotage-par-thermostat-externe-non-fourni","38":"plus_produit-programmation","39":"plus_produit-regulation-de-lallure-ou-de-la-temperature-ambiante","40":"plus_produit-stand-by-veille","42":"first","43":"instock","44":"shipping-taxable","45":"product-type-variable","46":"has-default-attributes"},"acf":[],"yoast_head":"<!-- This site is optimized with the Yoast SEO plugin v24.7 - https:\/\/yoast.com\/wordpress\/plugins\/seo\/ -->\n<title>Po\u00eale \u00e0 granul\u00e9s hydro \u00e9tanche TERAMO PLUS | INVICTA<\/title>\n<meta name=\"description\" content=\"D\u00e9couvrez le Po\u00eale \u00e0 granul\u00e9s hydro \u00e9tanche Teramo Plus avec puissance de chauffe 10,4kW \u2705 Garantie 2ans\u2705 Flamme verte 7\u2b50 \u2705 EcoLabel A+\u2705 Eco Design 2022\u2705\" \/>\n<meta name=\"robots\" content=\"index, follow, max-snippet:-1, max-image-preview:large, max-video-preview:-1\" \/>\n<link rel=\"canonical\" href=\"https:\/\/www.invicta.fr\/fr\/produit\/poele-granules-hydro-etanche-teramo\/\" \/>\n<meta property=\"og:locale\" content=\"fr_FR\" \/>\n<meta property=\"og:type\" content=\"article\" \/>\n<meta property=\"og:title\" content=\"Po\u00eale \u00e0 granul\u00e9s hydro \u00e9tanche TERAMO PLUS | INVICTA\" \/>\n<meta property=\"og:description\" content=\"D\u00e9couvrez le Po\u00eale \u00e0 granul\u00e9s hydro \u00e9tanche Teramo Plus avec puissance de chauffe 10,4kW \u2705 Garantie 2ans\u2705 Flamme verte 7\u2b50 \u2705 EcoLabel A+\u2705 Eco Design 2022\u2705\" \/>\n<meta property=\"og:url\" content=\"https:\/\/www.invicta.fr\/fr\/produit\/poele-granules-hydro-etanche-teramo\/\" \/>\n<meta property=\"og:site_name\" content=\"Invicta\" \/>\n<meta property=\"article:modified_time\" content=\"2026-02-24T12:35:49+00:00\" \/>\n<meta property=\"og:image\" content=\"https:\/\/www.invicta.fr\/wp-content\/uploads\/2025\/02\/C_P644678_TERAMO_gris_web.jpg\" \/>\n\t<meta property=\"og:image:width\" content=\"700\" \/>\n\t<meta property=\"og:image:height\" content=\"700\" \/>\n\t<meta property=\"og:image:type\" content=\"image\/jpeg\" \/>\n<meta name=\"twitter:card\" content=\"summary_large_image\" \/>\n<script type=\"application\/ld+json\" class=\"yoast-schema-graph\">{\"@context\":\"https:\/\/schema.org\",\"@graph\":[{\"@type\":\"WebPage\",\"@id\":\"https:\/\/www.invicta.fr\/fr\/produit\/poele-granules-hydro-etanche-teramo\/\",\"url\":\"https:\/\/www.invicta.fr\/fr\/produit\/poele-granules-hydro-etanche-teramo\/\",\"name\":\"Po\u00eale \u00e0 granul\u00e9s hydro \u00e9tanche TERAMO PLUS | INVICTA\",\"isPartOf\":{\"@id\":\"https:\/\/www.invicta.fr\/fr\/#website\"},\"primaryImageOfPage\":{\"@id\":\"https:\/\/www.invicta.fr\/fr\/produit\/poele-granules-hydro-etanche-teramo\/#primaryimage\"},\"image\":{\"@id\":\"https:\/\/www.invicta.fr\/fr\/produit\/poele-granules-hydro-etanche-teramo\/#primaryimage\"},\"thumbnailUrl\":\"https:\/\/www.invicta.fr\/wp-content\/uploads\/2025\/02\/C_P644678_TERAMO_gris_web.jpg\",\"datePublished\":\"2025-02-26T15:53:31+00:00\",\"dateModified\":\"2026-02-24T12:35:49+00:00\",\"description\":\"D\u00e9couvrez le Po\u00eale \u00e0 granul\u00e9s hydro \u00e9tanche Teramo Plus avec puissance de chauffe 10,4kW \u2705 Garantie 2ans\u2705 Flamme verte 7\u2b50 \u2705 EcoLabel A+\u2705 Eco Design 2022\u2705\",\"breadcrumb\":{\"@id\":\"https:\/\/www.invicta.fr\/fr\/produit\/poele-granules-hydro-etanche-teramo\/#breadcrumb\"},\"inLanguage\":\"fr-FR\",\"potentialAction\":[{\"@type\":\"ReadAction\",\"target\":[\"https:\/\/www.invicta.fr\/fr\/produit\/poele-granules-hydro-etanche-teramo\/\"]}]},{\"@type\":\"ImageObject\",\"inLanguage\":\"fr-FR\",\"@id\":\"https:\/\/www.invicta.fr\/fr\/produit\/poele-granules-hydro-etanche-teramo\/#primaryimage\",\"url\":\"https:\/\/www.invicta.fr\/wp-content\/uploads\/2025\/02\/C_P644678_TERAMO_gris_web.jpg\",\"contentUrl\":\"https:\/\/www.invicta.fr\/wp-content\/uploads\/2025\/02\/C_P644678_TERAMO_gris_web.jpg\",\"width\":700,\"height\":700},{\"@type\":\"BreadcrumbList\",\"@id\":\"https:\/\/www.invicta.fr\/fr\/produit\/poele-granules-hydro-etanche-teramo\/#breadcrumb\",\"itemListElement\":[{\"@type\":\"ListItem\",\"position\":1,\"name\":\"Accueil\",\"item\":\"https:\/\/www.invicta.fr\/fr\/\"},{\"@type\":\"ListItem\",\"position\":2,\"name\":\"Produits\",\"item\":\"https:\/\/www.invicta.fr\/fr\/shop\/\"},{\"@type\":\"ListItem\",\"position\":3,\"name\":\"Po\u00eales \u00e0 Granul\u00e9s\",\"item\":\"https:\/\/www.invicta.fr\/fr\/categorie-produit\/poeles-granules\/\"},{\"@type\":\"ListItem\",\"position\":4,\"name\":\"Po\u00eales \u00e0 Granul\u00e9s Standards\",\"item\":\"https:\/\/www.invicta.fr\/fr\/categorie-produit\/poeles-granules\/poeles-a-granules-pellets\/\"},{\"@type\":\"ListItem\",\"position\":5,\"name\":\"Po\u00eale granul\u00e9s hydro \u00e9tanche Teramo Plus\"}]},{\"@type\":\"WebSite\",\"@id\":\"https:\/\/www.invicta.fr\/fr\/#website\",\"url\":\"https:\/\/www.invicta.fr\/fr\/\",\"name\":\"Invicta\",\"description\":\"Fabricant fran\u00e7ais, sp\u00e9cialiste europ\u00e9en du chauffage au bois : po\u00eales \u00e0 bois et \u00e0 granul\u00e9s, chemin\u00e9es, foyers et inserts\",\"publisher\":{\"@id\":\"https:\/\/www.invicta.fr\/fr\/#organization\"},\"potentialAction\":[{\"@type\":\"SearchAction\",\"target\":{\"@type\":\"EntryPoint\",\"urlTemplate\":\"https:\/\/www.invicta.fr\/fr\/?s={search_term_string}\"},\"query-input\":{\"@type\":\"PropertyValueSpecification\",\"valueRequired\":true,\"valueName\":\"search_term_string\"}}],\"inLanguage\":\"fr-FR\"},{\"@type\":\"Organization\",\"@id\":\"https:\/\/www.invicta.fr\/fr\/#organization\",\"name\":\"Invicta\",\"url\":\"https:\/\/www.invicta.fr\/fr\/\",\"logo\":{\"@type\":\"ImageObject\",\"inLanguage\":\"fr-FR\",\"@id\":\"https:\/\/www.invicta.fr\/fr\/#\/schema\/logo\/image\/\",\"url\":\"https:\/\/www.invicta.fr\/wp-content\/uploads\/2019\/06\/INVICTALOGO_RVB.png\",\"contentUrl\":\"https:\/\/www.invicta.fr\/wp-content\/uploads\/2019\/06\/INVICTALOGO_RVB.png\",\"width\":1810,\"height\":1280,\"caption\":\"Invicta\"},\"image\":{\"@id\":\"https:\/\/www.invicta.fr\/fr\/#\/schema\/logo\/image\/\"}}]}<\/script>\n<!-- \/ Yoast SEO plugin. -->","yoast_head_json":{"title":"Po\u00eale \u00e0 granul\u00e9s hydro \u00e9tanche TERAMO PLUS | INVICTA","description":"D\u00e9couvrez le Po\u00eale \u00e0 granul\u00e9s hydro \u00e9tanche Teramo Plus avec puissance de chauffe 10,4kW \u2705 Garantie 2ans\u2705 Flamme verte 7\u2b50 \u2705 EcoLabel A+\u2705 Eco Design 2022\u2705","robots":{"index":"index","follow":"follow","max-snippet":"max-snippet:-1","max-image-preview":"max-image-preview:large","max-video-preview":"max-video-preview:-1"},"canonical":"https:\/\/www.invicta.fr\/fr\/produit\/poele-granules-hydro-etanche-teramo\/","og_locale":"fr_FR","og_type":"article","og_title":"Po\u00eale \u00e0 granul\u00e9s hydro \u00e9tanche TERAMO PLUS | INVICTA","og_description":"D\u00e9couvrez le Po\u00eale \u00e0 granul\u00e9s hydro \u00e9tanche Teramo Plus avec puissance de chauffe 10,4kW \u2705 Garantie 2ans\u2705 Flamme verte 7\u2b50 \u2705 EcoLabel A+\u2705 Eco Design 2022\u2705","og_url":"https:\/\/www.invicta.fr\/fr\/produit\/poele-granules-hydro-etanche-teramo\/","og_site_name":"Invicta","article_modified_time":"2026-02-24T12:35:49+00:00","og_image":[{"width":700,"height":700,"url":"https:\/\/www.invicta.fr\/wp-content\/uploads\/2025\/02\/C_P644678_TERAMO_gris_web.jpg","type":"image\/jpeg"}],"twitter_card":"summary_large_image","schema":{"@context":"https:\/\/schema.org","@graph":[{"@type":"WebPage","@id":"https:\/\/www.invicta.fr\/fr\/produit\/poele-granules-hydro-etanche-teramo\/","url":"https:\/\/www.invicta.fr\/fr\/produit\/poele-granules-hydro-etanche-teramo\/","name":"Po\u00eale \u00e0 granul\u00e9s hydro \u00e9tanche TERAMO PLUS | INVICTA","isPartOf":{"@id":"https:\/\/www.invicta.fr\/fr\/#website"},"primaryImageOfPage":{"@id":"https:\/\/www.invicta.fr\/fr\/produit\/poele-granules-hydro-etanche-teramo\/#primaryimage"},"image":{"@id":"https:\/\/www.invicta.fr\/fr\/produit\/poele-granules-hydro-etanche-teramo\/#primaryimage"},"thumbnailUrl":"https:\/\/www.invicta.fr\/wp-content\/uploads\/2025\/02\/C_P644678_TERAMO_gris_web.jpg","datePublished":"2025-02-26T15:53:31+00:00","dateModified":"2026-02-24T12:35:49+00:00","description":"D\u00e9couvrez le Po\u00eale \u00e0 granul\u00e9s hydro \u00e9tanche Teramo Plus avec puissance de chauffe 10,4kW \u2705 Garantie 2ans\u2705 Flamme verte 7\u2b50 \u2705 EcoLabel A+\u2705 Eco Design 2022\u2705","breadcrumb":{"@id":"https:\/\/www.invicta.fr\/fr\/produit\/poele-granules-hydro-etanche-teramo\/#breadcrumb"},"inLanguage":"fr-FR","potentialAction":[{"@type":"ReadAction","target":["https:\/\/www.invicta.fr\/fr\/produit\/poele-granules-hydro-etanche-teramo\/"]}]},{"@type":"ImageObject","inLanguage":"fr-FR","@id":"https:\/\/www.invicta.fr\/fr\/produit\/poele-granules-hydro-etanche-teramo\/#primaryimage","url":"https:\/\/www.invicta.fr\/wp-content\/uploads\/2025\/02\/C_P644678_TERAMO_gris_web.jpg","contentUrl":"https:\/\/www.invicta.fr\/wp-content\/uploads\/2025\/02\/C_P644678_TERAMO_gris_web.jpg","width":700,"height":700},{"@type":"BreadcrumbList","@id":"https:\/\/www.invicta.fr\/fr\/produit\/poele-granules-hydro-etanche-teramo\/#breadcrumb","itemListElement":[{"@type":"ListItem","position":1,"name":"Accueil","item":"https:\/\/www.invicta.fr\/fr\/"},{"@type":"ListItem","position":2,"name":"Produits","item":"https:\/\/www.invicta.fr\/fr\/shop\/"},{"@type":"ListItem","position":3,"name":"Po\u00eales \u00e0 Granul\u00e9s","item":"https:\/\/www.invicta.fr\/fr\/categorie-produit\/poeles-granules\/"},{"@type":"ListItem","position":4,"name":"Po\u00eales \u00e0 Granul\u00e9s Standards","item":"https:\/\/www.invicta.fr\/fr\/categorie-produit\/poeles-granules\/poeles-a-granules-pellets\/"},{"@type":"ListItem","position":5,"name":"Po\u00eale granul\u00e9s hydro \u00e9tanche Teramo Plus"}]},{"@type":"WebSite","@id":"https:\/\/www.invicta.fr\/fr\/#website","url":"https:\/\/www.invicta.fr\/fr\/","name":"Invicta","description":"Fabricant fran\u00e7ais, sp\u00e9cialiste europ\u00e9en du chauffage au bois : po\u00eales \u00e0 bois et \u00e0 granul\u00e9s, chemin\u00e9es, foyers et inserts","publisher":{"@id":"https:\/\/www.invicta.fr\/fr\/#organization"},"potentialAction":[{"@type":"SearchAction","target":{"@type":"EntryPoint","urlTemplate":"https:\/\/www.invicta.fr\/fr\/?s={search_term_string}"},"query-input":{"@type":"PropertyValueSpecification","valueRequired":true,"valueName":"search_term_string"}}],"inLanguage":"fr-FR"},{"@type":"Organization","@id":"https:\/\/www.invicta.fr\/fr\/#organization","name":"Invicta","url":"https:\/\/www.invicta.fr\/fr\/","logo":{"@type":"ImageObject","inLanguage":"fr-FR","@id":"https:\/\/www.invicta.fr\/fr\/#\/schema\/logo\/image\/","url":"https:\/\/www.invicta.fr\/wp-content\/uploads\/2019\/06\/INVICTALOGO_RVB.png","contentUrl":"https:\/\/www.invicta.fr\/wp-content\/uploads\/2019\/06\/INVICTALOGO_RVB.png","width":1810,"height":1280,"caption":"Invicta"},"image":{"@id":"https:\/\/www.invicta.fr\/fr\/#\/schema\/logo\/image\/"}}]}},"_links":{"self":[{"href":"https:\/\/www.invicta.fr\/fr\/wp-json\/wp\/v2\/product\/66276","targetHints":{"allow":["GET"]}}],"collection":[{"href":"https:\/\/www.invicta.fr\/fr\/wp-json\/wp\/v2\/product"}],"about":[{"href":"https:\/\/www.invicta.fr\/fr\/wp-json\/wp\/v2\/types\/product"}],"wp:featuredmedia":[{"embeddable":true,"href":"https:\/\/www.invicta.fr\/fr\/wp-json\/wp\/v2\/media\/66294"}],"wp:attachment":[{"href":"https:\/\/www.invicta.fr\/fr\/wp-json\/wp\/v2\/media?parent=66276"}],"wp:term":[{"taxonomy":"product_brand","embeddable":true,"href":"https:\/\/www.invicta.fr\/fr\/wp-json\/wp\/v2\/product_brand?post=66276"},{"taxonomy":"product_cat","embeddable":true,"href":"https:\/\/www.invicta.fr\/fr\/wp-json\/wp\/v2\/product_cat?post=66276"},{"taxonomy":"product_tag","embeddable":true,"href":"https:\/\/www.invicta.fr\/fr\/wp-json\/wp\/v2\/product_tag?post=66276"},{"taxonomy":"plus_produit","embeddable":true,"href":"https:\/\/www.invicta.fr\/fr\/wp-json\/wp\/v2\/plus_produit?post=66276"}],"curies":[{"name":"wp","href":"https:\/\/api.w.org\/{rel}","templated":true}]}}