{"id":67336,"date":"2025-05-23T10:54:04","date_gmt":"2025-05-23T08:54:04","guid":{"rendered":"https:\/\/www.invicta.fr\/?post_type=product&#038;p=67336"},"modified":"2026-02-24T13:14:08","modified_gmt":"2026-02-24T12:14:08","slug":"poele-a-granules-mira-10-wi-fi-poele-a-pellets","status":"publish","type":"product","link":"https:\/\/www.invicta.fr\/fr\/produit\/poele-a-granules-mira-10-wi-fi-poele-a-pellets\/","title":{"rendered":"Po\u00eale \u00e0 granul\u00e9s Mira 10 Wi-Fi &#8211; Po\u00eale \u00e0 pellets"},"content":{"rendered":"","protected":false},"excerpt":{"rendered":"<p>Lev\u00e9e de rideau sur une magnifique mise en sc\u00e8ne du spectacle des flammes. Acteur performant de votre chauffage Mira 10 suscite l&#8217;\u00e9merveillement gr\u00e2ce \u00e0 son habit de m\u00e9tal noir unique et tr\u00e8s tendance.<\/p>\n","protected":false},"featured_media":67350,"template":"","meta":{"_acf_changed":false},"product_brand":[],"product_cat":[2117,49,5842,5857,5837,5834,5885,5856],"product_tag":[7105,57,58,64,6959,5600,65,6825,60,6718],"plus_produit":[137,6835,1925,1968,1921,2137,5384],"class_list":{"1":"product","4":"has-post-thumbnail","6":"product_cat-aide-au-choix","7":"product_cat-poeles-a-granules-pellets","8":"product_cat-poeles-a-granules-10-kw","9":"product_cat-poeles-a-granules-autonomes","10":"product_cat-poeles-a-granules-programmables","11":"product_cat-poeles-a-granules-design","12":"product_cat-poeles-a-granules-contemporains","13":"product_cat-poeles-a-granules-modernes","14":"product_tag-en16510","15":"product_tag-flamme-verte","16":"product_tag-eco-design-2022","17":"product_tag-a-ecolabel-2","18":"product_tag-nouveaute","19":"product_tag-wifi-de-serie","20":"product_tag-garantie-2-ans","21":"product_tag-garantie-extension-1-an","22":"product_tag-z-credit-impot","23":"product_tag-reserve-pros","24":"pa_autonomie-maximum-6387","25":"pa_autonomie-minimum-7-hours","26":"pa_capacite-de-la-tremie-16-5-kg","27":"pa_consommation-067-a-231-kg-heure","28":"pa_depart-des-fumees-arriere","29":"pa_diametre-de-buse-80-mm","30":"pa_indice-de-performance-5573","31":"pa_modulation-de-puissance-3-a-95-kw","32":"pa_puissance-95-kw","33":"pa_surface-de-chauffe-35-a-120-m","34":"pa_taux-de-co-7276","35":"pa_volume-de-chauffe-85-a-300-m","36":"plus_produit-diffusion-dair-chaud-par-ventilateur-tangenciel","37":"plus_produit-extension-de-garantie-1-an","38":"plus_produit-possibilite-de-pilotage-par-thermostat-externe-non-fourni","39":"plus_produit-programmation","40":"plus_produit-regulation-de-lallure-ou-de-la-temperature-ambiante","41":"plus_produit-stand-by-veille","42":"plus_produit-wifi-integre","44":"first","45":"instock","46":"product-type-simple"},"acf":[],"yoast_head":"<!-- This site is optimized with the Yoast SEO plugin v24.7 - https:\/\/yoast.com\/wordpress\/plugins\/seo\/ -->\n<title>Po\u00eale \u00e0 granul\u00e9s Mira 10 Wi-Fi - Po\u00eale \u00e0 pellets | INVICTA<\/title>\n<meta name=\"description\" content=\"Craquez pour le Po\u00eale \u00e0 Granul\u00e9s Mira 10 Wi-Fi, style Contemporain, Puissance 9,5kW \u2705 3 couleurs au choix \u2705 Flamme verte 7\u2b50 Garantie 2ans \u2705\" \/>\n<meta name=\"robots\" content=\"index, follow, max-snippet:-1, max-image-preview:large, max-video-preview:-1\" \/>\n<link rel=\"canonical\" href=\"https:\/\/www.invicta.fr\/fr\/produit\/poele-a-granules-mira-10-wi-fi-poele-a-pellets\/\" \/>\n<meta property=\"og:locale\" content=\"fr_FR\" \/>\n<meta property=\"og:type\" content=\"article\" \/>\n<meta property=\"og:title\" content=\"Po\u00eale \u00e0 granul\u00e9s Mira 10 Wi-Fi - Po\u00eale \u00e0 pellets | INVICTA\" \/>\n<meta property=\"og:description\" content=\"Craquez pour le Po\u00eale \u00e0 Granul\u00e9s Mira 10 Wi-Fi, style Contemporain, Puissance 9,5kW \u2705 3 couleurs au choix \u2705 Flamme verte 7\u2b50 Garantie 2ans \u2705\" \/>\n<meta property=\"og:url\" content=\"https:\/\/www.invicta.fr\/fr\/produit\/poele-a-granules-mira-10-wi-fi-poele-a-pellets\/\" \/>\n<meta property=\"og:site_name\" content=\"Invicta\" \/>\n<meta property=\"article:modified_time\" content=\"2026-02-24T12:14:08+00:00\" \/>\n<meta property=\"og:image\" content=\"https:\/\/www.invicta.fr\/wp-content\/uploads\/2025\/05\/C-MIRA10_WiFi_noir.jpg\" \/>\n\t<meta property=\"og:image:width\" content=\"1156\" \/>\n\t<meta property=\"og:image:height\" content=\"1929\" \/>\n\t<meta property=\"og:image:type\" content=\"image\/jpeg\" \/>\n<meta name=\"twitter:card\" content=\"summary_large_image\" \/>\n<script type=\"application\/ld+json\" class=\"yoast-schema-graph\">{\"@context\":\"https:\/\/schema.org\",\"@graph\":[{\"@type\":\"WebPage\",\"@id\":\"https:\/\/www.invicta.fr\/fr\/produit\/poele-a-granules-mira-10-wi-fi-poele-a-pellets\/\",\"url\":\"https:\/\/www.invicta.fr\/fr\/produit\/poele-a-granules-mira-10-wi-fi-poele-a-pellets\/\",\"name\":\"Po\u00eale \u00e0 granul\u00e9s Mira 10 Wi-Fi - Po\u00eale \u00e0 pellets | INVICTA\",\"isPartOf\":{\"@id\":\"https:\/\/www.invicta.fr\/fr\/#website\"},\"primaryImageOfPage\":{\"@id\":\"https:\/\/www.invicta.fr\/fr\/produit\/poele-a-granules-mira-10-wi-fi-poele-a-pellets\/#primaryimage\"},\"image\":{\"@id\":\"https:\/\/www.invicta.fr\/fr\/produit\/poele-a-granules-mira-10-wi-fi-poele-a-pellets\/#primaryimage\"},\"thumbnailUrl\":\"https:\/\/www.invicta.fr\/wp-content\/uploads\/2025\/05\/C-MIRA10_WiFi_noir.jpg\",\"datePublished\":\"2025-05-23T08:54:04+00:00\",\"dateModified\":\"2026-02-24T12:14:08+00:00\",\"description\":\"Craquez pour le Po\u00eale \u00e0 Granul\u00e9s Mira 10 Wi-Fi, style Contemporain, Puissance 9,5kW \u2705 3 couleurs au choix \u2705 Flamme verte 7\u2b50 Garantie 2ans \u2705\",\"breadcrumb\":{\"@id\":\"https:\/\/www.invicta.fr\/fr\/produit\/poele-a-granules-mira-10-wi-fi-poele-a-pellets\/#breadcrumb\"},\"inLanguage\":\"fr-FR\",\"potentialAction\":[{\"@type\":\"ReadAction\",\"target\":[\"https:\/\/www.invicta.fr\/fr\/produit\/poele-a-granules-mira-10-wi-fi-poele-a-pellets\/\"]}]},{\"@type\":\"ImageObject\",\"inLanguage\":\"fr-FR\",\"@id\":\"https:\/\/www.invicta.fr\/fr\/produit\/poele-a-granules-mira-10-wi-fi-poele-a-pellets\/#primaryimage\",\"url\":\"https:\/\/www.invicta.fr\/wp-content\/uploads\/2025\/05\/C-MIRA10_WiFi_noir.jpg\",\"contentUrl\":\"https:\/\/www.invicta.fr\/wp-content\/uploads\/2025\/05\/C-MIRA10_WiFi_noir.jpg\",\"width\":1156,\"height\":1929,\"caption\":\"Mira\"},{\"@type\":\"BreadcrumbList\",\"@id\":\"https:\/\/www.invicta.fr\/fr\/produit\/poele-a-granules-mira-10-wi-fi-poele-a-pellets\/#breadcrumb\",\"itemListElement\":[{\"@type\":\"ListItem\",\"position\":1,\"name\":\"Accueil\",\"item\":\"https:\/\/www.invicta.fr\/fr\/\"},{\"@type\":\"ListItem\",\"position\":2,\"name\":\"Produits\",\"item\":\"https:\/\/www.invicta.fr\/fr\/shop\/\"},{\"@type\":\"ListItem\",\"position\":3,\"name\":\"Po\u00eales \u00e0 Granul\u00e9s\",\"item\":\"https:\/\/www.invicta.fr\/fr\/categorie-produit\/poeles-granules\/\"},{\"@type\":\"ListItem\",\"position\":4,\"name\":\"Po\u00eales \u00e0 Granul\u00e9s Standards\",\"item\":\"https:\/\/www.invicta.fr\/fr\/categorie-produit\/poeles-granules\/poeles-a-granules-pellets\/\"},{\"@type\":\"ListItem\",\"position\":5,\"name\":\"Po\u00eale \u00e0 granul\u00e9s Mira 10 Wi-Fi &#8211; Po\u00eale \u00e0 pellets\"}]},{\"@type\":\"WebSite\",\"@id\":\"https:\/\/www.invicta.fr\/fr\/#website\",\"url\":\"https:\/\/www.invicta.fr\/fr\/\",\"name\":\"Invicta\",\"description\":\"Fabricant fran\u00e7ais, sp\u00e9cialiste europ\u00e9en du chauffage au bois : po\u00eales \u00e0 bois et \u00e0 granul\u00e9s, chemin\u00e9es, foyers et inserts\",\"publisher\":{\"@id\":\"https:\/\/www.invicta.fr\/fr\/#organization\"},\"potentialAction\":[{\"@type\":\"SearchAction\",\"target\":{\"@type\":\"EntryPoint\",\"urlTemplate\":\"https:\/\/www.invicta.fr\/fr\/?s={search_term_string}\"},\"query-input\":{\"@type\":\"PropertyValueSpecification\",\"valueRequired\":true,\"valueName\":\"search_term_string\"}}],\"inLanguage\":\"fr-FR\"},{\"@type\":\"Organization\",\"@id\":\"https:\/\/www.invicta.fr\/fr\/#organization\",\"name\":\"Invicta\",\"url\":\"https:\/\/www.invicta.fr\/fr\/\",\"logo\":{\"@type\":\"ImageObject\",\"inLanguage\":\"fr-FR\",\"@id\":\"https:\/\/www.invicta.fr\/fr\/#\/schema\/logo\/image\/\",\"url\":\"https:\/\/www.invicta.fr\/wp-content\/uploads\/2019\/06\/INVICTALOGO_RVB.png\",\"contentUrl\":\"https:\/\/www.invicta.fr\/wp-content\/uploads\/2019\/06\/INVICTALOGO_RVB.png\",\"width\":1810,\"height\":1280,\"caption\":\"Invicta\"},\"image\":{\"@id\":\"https:\/\/www.invicta.fr\/fr\/#\/schema\/logo\/image\/\"}}]}<\/script>\n<!-- \/ Yoast SEO plugin. -->","yoast_head_json":{"title":"Po\u00eale \u00e0 granul\u00e9s Mira 10 Wi-Fi - Po\u00eale \u00e0 pellets | INVICTA","description":"Craquez pour le Po\u00eale \u00e0 Granul\u00e9s Mira 10 Wi-Fi, style Contemporain, Puissance 9,5kW \u2705 3 couleurs au choix \u2705 Flamme verte 7\u2b50 Garantie 2ans \u2705","robots":{"index":"index","follow":"follow","max-snippet":"max-snippet:-1","max-image-preview":"max-image-preview:large","max-video-preview":"max-video-preview:-1"},"canonical":"https:\/\/www.invicta.fr\/fr\/produit\/poele-a-granules-mira-10-wi-fi-poele-a-pellets\/","og_locale":"fr_FR","og_type":"article","og_title":"Po\u00eale \u00e0 granul\u00e9s Mira 10 Wi-Fi - Po\u00eale \u00e0 pellets | INVICTA","og_description":"Craquez pour le Po\u00eale \u00e0 Granul\u00e9s Mira 10 Wi-Fi, style Contemporain, Puissance 9,5kW \u2705 3 couleurs au choix \u2705 Flamme verte 7\u2b50 Garantie 2ans \u2705","og_url":"https:\/\/www.invicta.fr\/fr\/produit\/poele-a-granules-mira-10-wi-fi-poele-a-pellets\/","og_site_name":"Invicta","article_modified_time":"2026-02-24T12:14:08+00:00","og_image":[{"width":1156,"height":1929,"url":"https:\/\/www.invicta.fr\/wp-content\/uploads\/2025\/05\/C-MIRA10_WiFi_noir.jpg","type":"image\/jpeg"}],"twitter_card":"summary_large_image","schema":{"@context":"https:\/\/schema.org","@graph":[{"@type":"WebPage","@id":"https:\/\/www.invicta.fr\/fr\/produit\/poele-a-granules-mira-10-wi-fi-poele-a-pellets\/","url":"https:\/\/www.invicta.fr\/fr\/produit\/poele-a-granules-mira-10-wi-fi-poele-a-pellets\/","name":"Po\u00eale \u00e0 granul\u00e9s Mira 10 Wi-Fi - Po\u00eale \u00e0 pellets | INVICTA","isPartOf":{"@id":"https:\/\/www.invicta.fr\/fr\/#website"},"primaryImageOfPage":{"@id":"https:\/\/www.invicta.fr\/fr\/produit\/poele-a-granules-mira-10-wi-fi-poele-a-pellets\/#primaryimage"},"image":{"@id":"https:\/\/www.invicta.fr\/fr\/produit\/poele-a-granules-mira-10-wi-fi-poele-a-pellets\/#primaryimage"},"thumbnailUrl":"https:\/\/www.invicta.fr\/wp-content\/uploads\/2025\/05\/C-MIRA10_WiFi_noir.jpg","datePublished":"2025-05-23T08:54:04+00:00","dateModified":"2026-02-24T12:14:08+00:00","description":"Craquez pour le Po\u00eale \u00e0 Granul\u00e9s Mira 10 Wi-Fi, style Contemporain, Puissance 9,5kW \u2705 3 couleurs au choix \u2705 Flamme verte 7\u2b50 Garantie 2ans \u2705","breadcrumb":{"@id":"https:\/\/www.invicta.fr\/fr\/produit\/poele-a-granules-mira-10-wi-fi-poele-a-pellets\/#breadcrumb"},"inLanguage":"fr-FR","potentialAction":[{"@type":"ReadAction","target":["https:\/\/www.invicta.fr\/fr\/produit\/poele-a-granules-mira-10-wi-fi-poele-a-pellets\/"]}]},{"@type":"ImageObject","inLanguage":"fr-FR","@id":"https:\/\/www.invicta.fr\/fr\/produit\/poele-a-granules-mira-10-wi-fi-poele-a-pellets\/#primaryimage","url":"https:\/\/www.invicta.fr\/wp-content\/uploads\/2025\/05\/C-MIRA10_WiFi_noir.jpg","contentUrl":"https:\/\/www.invicta.fr\/wp-content\/uploads\/2025\/05\/C-MIRA10_WiFi_noir.jpg","width":1156,"height":1929,"caption":"Mira"},{"@type":"BreadcrumbList","@id":"https:\/\/www.invicta.fr\/fr\/produit\/poele-a-granules-mira-10-wi-fi-poele-a-pellets\/#breadcrumb","itemListElement":[{"@type":"ListItem","position":1,"name":"Accueil","item":"https:\/\/www.invicta.fr\/fr\/"},{"@type":"ListItem","position":2,"name":"Produits","item":"https:\/\/www.invicta.fr\/fr\/shop\/"},{"@type":"ListItem","position":3,"name":"Po\u00eales \u00e0 Granul\u00e9s","item":"https:\/\/www.invicta.fr\/fr\/categorie-produit\/poeles-granules\/"},{"@type":"ListItem","position":4,"name":"Po\u00eales \u00e0 Granul\u00e9s Standards","item":"https:\/\/www.invicta.fr\/fr\/categorie-produit\/poeles-granules\/poeles-a-granules-pellets\/"},{"@type":"ListItem","position":5,"name":"Po\u00eale \u00e0 granul\u00e9s Mira 10 Wi-Fi &#8211; Po\u00eale \u00e0 pellets"}]},{"@type":"WebSite","@id":"https:\/\/www.invicta.fr\/fr\/#website","url":"https:\/\/www.invicta.fr\/fr\/","name":"Invicta","description":"Fabricant fran\u00e7ais, sp\u00e9cialiste europ\u00e9en du chauffage au bois : po\u00eales \u00e0 bois et \u00e0 granul\u00e9s, chemin\u00e9es, foyers et inserts","publisher":{"@id":"https:\/\/www.invicta.fr\/fr\/#organization"},"potentialAction":[{"@type":"SearchAction","target":{"@type":"EntryPoint","urlTemplate":"https:\/\/www.invicta.fr\/fr\/?s={search_term_string}"},"query-input":{"@type":"PropertyValueSpecification","valueRequired":true,"valueName":"search_term_string"}}],"inLanguage":"fr-FR"},{"@type":"Organization","@id":"https:\/\/www.invicta.fr\/fr\/#organization","name":"Invicta","url":"https:\/\/www.invicta.fr\/fr\/","logo":{"@type":"ImageObject","inLanguage":"fr-FR","@id":"https:\/\/www.invicta.fr\/fr\/#\/schema\/logo\/image\/","url":"https:\/\/www.invicta.fr\/wp-content\/uploads\/2019\/06\/INVICTALOGO_RVB.png","contentUrl":"https:\/\/www.invicta.fr\/wp-content\/uploads\/2019\/06\/INVICTALOGO_RVB.png","width":1810,"height":1280,"caption":"Invicta"},"image":{"@id":"https:\/\/www.invicta.fr\/fr\/#\/schema\/logo\/image\/"}}]}},"_links":{"self":[{"href":"https:\/\/www.invicta.fr\/fr\/wp-json\/wp\/v2\/product\/67336","targetHints":{"allow":["GET"]}}],"collection":[{"href":"https:\/\/www.invicta.fr\/fr\/wp-json\/wp\/v2\/product"}],"about":[{"href":"https:\/\/www.invicta.fr\/fr\/wp-json\/wp\/v2\/types\/product"}],"wp:featuredmedia":[{"embeddable":true,"href":"https:\/\/www.invicta.fr\/fr\/wp-json\/wp\/v2\/media\/67350"}],"wp:attachment":[{"href":"https:\/\/www.invicta.fr\/fr\/wp-json\/wp\/v2\/media?parent=67336"}],"wp:term":[{"taxonomy":"product_brand","embeddable":true,"href":"https:\/\/www.invicta.fr\/fr\/wp-json\/wp\/v2\/product_brand?post=67336"},{"taxonomy":"product_cat","embeddable":true,"href":"https:\/\/www.invicta.fr\/fr\/wp-json\/wp\/v2\/product_cat?post=67336"},{"taxonomy":"product_tag","embeddable":true,"href":"https:\/\/www.invicta.fr\/fr\/wp-json\/wp\/v2\/product_tag?post=67336"},{"taxonomy":"plus_produit","embeddable":true,"href":"https:\/\/www.invicta.fr\/fr\/wp-json\/wp\/v2\/plus_produit?post=67336"}],"curies":[{"name":"wp","href":"https:\/\/api.w.org\/{rel}","templated":true}]}}