{"id":67354,"date":"2025-05-23T11:38:28","date_gmt":"2025-05-23T09:38:28","guid":{"rendered":"https:\/\/www.invicta.fr\/?post_type=product&#038;p=67354"},"modified":"2026-02-24T11:53:50","modified_gmt":"2026-02-24T10:53:50","slug":"poele-a-granules-etanche-mira-8-wi-fi-poele-a-pellets","status":"publish","type":"product","link":"https:\/\/www.invicta.fr\/fr\/produit\/poele-a-granules-etanche-mira-8-wi-fi-poele-a-pellets\/","title":{"rendered":"Po\u00eale \u00e0 Granul\u00e9s \u00e9tanche Mira 8 Wi-Fi &#8211; Po\u00eale \u00e0 pellets"},"content":{"rendered":"","protected":false},"excerpt":{"rendered":"<p>Mira se diff\u00e9rencie par le look rac\u00e9 de son habillage noir original. Ce po\u00eale au design in\u00e9dit pr\u00e9sente de multiples avantages dont sa conception \u00e9tanche \u00e9tudi\u00e9e pour votre tranquillit\u00e9.<\/p>\n","protected":false},"featured_media":67346,"template":"","meta":{"_acf_changed":false},"product_brand":[],"product_cat":[2117,48,5859,5907,5857,5837,5834,5885,5856,5883,5863],"product_tag":[7105,57,58,64,6959,55,5600,5606,65,6825,60],"plus_produit":[144,137,1933,6835,1932,2132,1925,1968,1983,1921,2137,5384],"class_list":{"1":"product","4":"has-post-thumbnail","6":"product_cat-aide-au-choix","7":"product_cat-poeles-a-granules-etanches-pellets","8":"product_cat-poeles-a-granules-8-kw","9":"product_cat-poeles-a-granules-etanches-8-kw","10":"product_cat-poeles-a-granules-autonomes","11":"product_cat-poeles-a-granules-programmables","12":"product_cat-poeles-a-granules-design","13":"product_cat-poeles-a-granules-contemporains","14":"product_cat-poeles-a-granules-modernes","15":"product_cat-poeles-a-granules-sortie-murale","16":"product_cat-poeles-a-granules-sortie-ventouse","17":"product_tag-en16510","18":"product_tag-flamme-verte","19":"product_tag-eco-design-2022","20":"product_tag-a-ecolabel-2","21":"product_tag-nouveaute","22":"product_tag-raccordable","23":"product_tag-wifi-de-serie","24":"product_tag-zone-3-ventouse","25":"product_tag-garantie-2-ans","26":"product_tag-garantie-extension-1-an","27":"product_tag-z-credit-impot","28":"pa_autonomie-maximum-235-heures","29":"pa_autonomie-minimum-9-heures","30":"pa_capacite-de-la-tremie-16-5-kg","31":"pa_certificat-cstb-installation-possible-en-facade-zone-3-ventouse","32":"pa_consommation-069-177","33":"pa_depart-des-fumees-arriere","34":"pa_diametre-de-buse-80-mm","35":"pa_indice-de-performance-5581","36":"pa_modulation-de-puissance-31-8-kw","37":"pa_puissance-8-kw","38":"pa_surface-de-chauffe-30-a-100-m","39":"pa_taux-de-co-6978","40":"pa_volume-de-chauffe-75-a-240-m","41":"plus_produit-appareil-etanche-compatible-rt2012","42":"plus_produit-diffusion-dair-chaud-par-ventilateur-tangenciel","43":"plus_produit-document-technique-dapplication-n14-2-15-2130_v8","44":"plus_produit-extension-de-garantie-1-an","45":"plus_produit-installation-possible-en-facade-zone-3-ventouse","46":"plus_produit-kit-de-controle-de-la-combustion-kcc-2","47":"plus_produit-possibilite-de-pilotage-par-thermostat-externe-non-fourni","48":"plus_produit-programmation","49":"plus_produit-raccordable","50":"plus_produit-regulation-de-lallure-ou-de-la-temperature-ambiante","51":"plus_produit-stand-by-veille","52":"plus_produit-wifi-integre","54":"first","55":"instock","56":"product-type-simple"},"acf":[],"yoast_head":"<!-- This site is optimized with the Yoast SEO plugin v24.7 - https:\/\/yoast.com\/wordpress\/plugins\/seo\/ -->\n<title>Po\u00eale \u00e0 Granul\u00e9s \u00e9tanche Mira 8 Wi-Fi - Po\u00eale \u00e0 pellets | INVICTA<\/title>\n<meta name=\"description\" content=\"Po\u00eale \u00e0 Granul\u00e9s \u00e9tanche Mira 8 Wi-Fi compatible RT2012, RE2020, EcoLabel A+\u2705, Puissance 8kW \u2705 Autonomie 23h \u2705 Flamme verte 7\u2b50 Garantie 2ans\" \/>\n<meta name=\"robots\" content=\"index, follow, max-snippet:-1, max-image-preview:large, max-video-preview:-1\" \/>\n<link rel=\"canonical\" href=\"https:\/\/www.invicta.fr\/fr\/produit\/poele-a-granules-etanche-mira-8-wi-fi-poele-a-pellets\/\" \/>\n<meta property=\"og:locale\" content=\"fr_FR\" \/>\n<meta property=\"og:type\" content=\"article\" \/>\n<meta property=\"og:title\" content=\"Po\u00eale \u00e0 Granul\u00e9s \u00e9tanche Mira 8 Wi-Fi - Po\u00eale \u00e0 pellets | INVICTA\" \/>\n<meta property=\"og:description\" content=\"Po\u00eale \u00e0 Granul\u00e9s \u00e9tanche Mira 8 Wi-Fi compatible RT2012, RE2020, EcoLabel A+\u2705, Puissance 8kW \u2705 Autonomie 23h \u2705 Flamme verte 7\u2b50 Garantie 2ans\" \/>\n<meta property=\"og:url\" content=\"https:\/\/www.invicta.fr\/fr\/produit\/poele-a-granules-etanche-mira-8-wi-fi-poele-a-pellets\/\" \/>\n<meta property=\"og:site_name\" content=\"Invicta\" \/>\n<meta property=\"article:modified_time\" content=\"2026-02-24T10:53:50+00:00\" \/>\n<meta property=\"og:image\" content=\"https:\/\/www.invicta.fr\/wp-content\/uploads\/2025\/05\/C-MIRA8_etanche_WiFi-e1748248310371.jpg\" \/>\n\t<meta property=\"og:image:width\" content=\"977\" \/>\n\t<meta property=\"og:image:height\" content=\"1672\" \/>\n\t<meta property=\"og:image:type\" content=\"image\/jpeg\" \/>\n<meta name=\"twitter:card\" content=\"summary_large_image\" \/>\n<script type=\"application\/ld+json\" class=\"yoast-schema-graph\">{\"@context\":\"https:\/\/schema.org\",\"@graph\":[{\"@type\":\"WebPage\",\"@id\":\"https:\/\/www.invicta.fr\/fr\/produit\/poele-a-granules-etanche-mira-8-wi-fi-poele-a-pellets\/\",\"url\":\"https:\/\/www.invicta.fr\/fr\/produit\/poele-a-granules-etanche-mira-8-wi-fi-poele-a-pellets\/\",\"name\":\"Po\u00eale \u00e0 Granul\u00e9s \u00e9tanche Mira 8 Wi-Fi - Po\u00eale \u00e0 pellets | INVICTA\",\"isPartOf\":{\"@id\":\"https:\/\/www.invicta.fr\/fr\/#website\"},\"primaryImageOfPage\":{\"@id\":\"https:\/\/www.invicta.fr\/fr\/produit\/poele-a-granules-etanche-mira-8-wi-fi-poele-a-pellets\/#primaryimage\"},\"image\":{\"@id\":\"https:\/\/www.invicta.fr\/fr\/produit\/poele-a-granules-etanche-mira-8-wi-fi-poele-a-pellets\/#primaryimage\"},\"thumbnailUrl\":\"https:\/\/www.invicta.fr\/wp-content\/uploads\/2025\/05\/C-MIRA8_etanche_WiFi-e1748248310371.jpg\",\"datePublished\":\"2025-05-23T09:38:28+00:00\",\"dateModified\":\"2026-02-24T10:53:50+00:00\",\"description\":\"Po\u00eale \u00e0 Granul\u00e9s \u00e9tanche Mira 8 Wi-Fi compatible RT2012, RE2020, EcoLabel A+\u2705, Puissance 8kW \u2705 Autonomie 23h \u2705 Flamme verte 7\u2b50 Garantie 2ans\",\"breadcrumb\":{\"@id\":\"https:\/\/www.invicta.fr\/fr\/produit\/poele-a-granules-etanche-mira-8-wi-fi-poele-a-pellets\/#breadcrumb\"},\"inLanguage\":\"fr-FR\",\"potentialAction\":[{\"@type\":\"ReadAction\",\"target\":[\"https:\/\/www.invicta.fr\/fr\/produit\/poele-a-granules-etanche-mira-8-wi-fi-poele-a-pellets\/\"]}]},{\"@type\":\"ImageObject\",\"inLanguage\":\"fr-FR\",\"@id\":\"https:\/\/www.invicta.fr\/fr\/produit\/poele-a-granules-etanche-mira-8-wi-fi-poele-a-pellets\/#primaryimage\",\"url\":\"https:\/\/www.invicta.fr\/wp-content\/uploads\/2025\/05\/C-MIRA8_etanche_WiFi-e1748248310371.jpg\",\"contentUrl\":\"https:\/\/www.invicta.fr\/wp-content\/uploads\/2025\/05\/C-MIRA8_etanche_WiFi-e1748248310371.jpg\",\"width\":977,\"height\":1672,\"caption\":\"Po\u00eale \u00e0 granul\u00e9s design Mira 8 et Mira 10\"},{\"@type\":\"BreadcrumbList\",\"@id\":\"https:\/\/www.invicta.fr\/fr\/produit\/poele-a-granules-etanche-mira-8-wi-fi-poele-a-pellets\/#breadcrumb\",\"itemListElement\":[{\"@type\":\"ListItem\",\"position\":1,\"name\":\"Accueil\",\"item\":\"https:\/\/www.invicta.fr\/fr\/\"},{\"@type\":\"ListItem\",\"position\":2,\"name\":\"Produits\",\"item\":\"https:\/\/www.invicta.fr\/fr\/shop\/\"},{\"@type\":\"ListItem\",\"position\":3,\"name\":\"Po\u00eales \u00e0 Granul\u00e9s\",\"item\":\"https:\/\/www.invicta.fr\/fr\/categorie-produit\/poeles-granules\/\"},{\"@type\":\"ListItem\",\"position\":4,\"name\":\"Po\u00eales \u00e0 Granul\u00e9s \u00c9tanches\",\"item\":\"https:\/\/www.invicta.fr\/fr\/categorie-produit\/poeles-granules\/poeles-a-granules-etanches-pellets\/\"},{\"@type\":\"ListItem\",\"position\":5,\"name\":\"Po\u00eale \u00e0 Granul\u00e9s \u00e9tanche Mira 8 Wi-Fi &#8211; Po\u00eale \u00e0 pellets\"}]},{\"@type\":\"WebSite\",\"@id\":\"https:\/\/www.invicta.fr\/fr\/#website\",\"url\":\"https:\/\/www.invicta.fr\/fr\/\",\"name\":\"Invicta\",\"description\":\"Fabricant fran\u00e7ais, sp\u00e9cialiste europ\u00e9en du chauffage au bois : po\u00eales \u00e0 bois et \u00e0 granul\u00e9s, chemin\u00e9es, foyers et inserts\",\"publisher\":{\"@id\":\"https:\/\/www.invicta.fr\/fr\/#organization\"},\"potentialAction\":[{\"@type\":\"SearchAction\",\"target\":{\"@type\":\"EntryPoint\",\"urlTemplate\":\"https:\/\/www.invicta.fr\/fr\/?s={search_term_string}\"},\"query-input\":{\"@type\":\"PropertyValueSpecification\",\"valueRequired\":true,\"valueName\":\"search_term_string\"}}],\"inLanguage\":\"fr-FR\"},{\"@type\":\"Organization\",\"@id\":\"https:\/\/www.invicta.fr\/fr\/#organization\",\"name\":\"Invicta\",\"url\":\"https:\/\/www.invicta.fr\/fr\/\",\"logo\":{\"@type\":\"ImageObject\",\"inLanguage\":\"fr-FR\",\"@id\":\"https:\/\/www.invicta.fr\/fr\/#\/schema\/logo\/image\/\",\"url\":\"https:\/\/www.invicta.fr\/wp-content\/uploads\/2019\/06\/INVICTALOGO_RVB.png\",\"contentUrl\":\"https:\/\/www.invicta.fr\/wp-content\/uploads\/2019\/06\/INVICTALOGO_RVB.png\",\"width\":1810,\"height\":1280,\"caption\":\"Invicta\"},\"image\":{\"@id\":\"https:\/\/www.invicta.fr\/fr\/#\/schema\/logo\/image\/\"}}]}<\/script>\n<!-- \/ Yoast SEO plugin. -->","yoast_head_json":{"title":"Po\u00eale \u00e0 Granul\u00e9s \u00e9tanche Mira 8 Wi-Fi - Po\u00eale \u00e0 pellets | INVICTA","description":"Po\u00eale \u00e0 Granul\u00e9s \u00e9tanche Mira 8 Wi-Fi compatible RT2012, RE2020, EcoLabel A+\u2705, Puissance 8kW \u2705 Autonomie 23h \u2705 Flamme verte 7\u2b50 Garantie 2ans","robots":{"index":"index","follow":"follow","max-snippet":"max-snippet:-1","max-image-preview":"max-image-preview:large","max-video-preview":"max-video-preview:-1"},"canonical":"https:\/\/www.invicta.fr\/fr\/produit\/poele-a-granules-etanche-mira-8-wi-fi-poele-a-pellets\/","og_locale":"fr_FR","og_type":"article","og_title":"Po\u00eale \u00e0 Granul\u00e9s \u00e9tanche Mira 8 Wi-Fi - Po\u00eale \u00e0 pellets | INVICTA","og_description":"Po\u00eale \u00e0 Granul\u00e9s \u00e9tanche Mira 8 Wi-Fi compatible RT2012, RE2020, EcoLabel A+\u2705, Puissance 8kW \u2705 Autonomie 23h \u2705 Flamme verte 7\u2b50 Garantie 2ans","og_url":"https:\/\/www.invicta.fr\/fr\/produit\/poele-a-granules-etanche-mira-8-wi-fi-poele-a-pellets\/","og_site_name":"Invicta","article_modified_time":"2026-02-24T10:53:50+00:00","og_image":[{"width":977,"height":1672,"url":"https:\/\/www.invicta.fr\/wp-content\/uploads\/2025\/05\/C-MIRA8_etanche_WiFi-e1748248310371.jpg","type":"image\/jpeg"}],"twitter_card":"summary_large_image","schema":{"@context":"https:\/\/schema.org","@graph":[{"@type":"WebPage","@id":"https:\/\/www.invicta.fr\/fr\/produit\/poele-a-granules-etanche-mira-8-wi-fi-poele-a-pellets\/","url":"https:\/\/www.invicta.fr\/fr\/produit\/poele-a-granules-etanche-mira-8-wi-fi-poele-a-pellets\/","name":"Po\u00eale \u00e0 Granul\u00e9s \u00e9tanche Mira 8 Wi-Fi - Po\u00eale \u00e0 pellets | INVICTA","isPartOf":{"@id":"https:\/\/www.invicta.fr\/fr\/#website"},"primaryImageOfPage":{"@id":"https:\/\/www.invicta.fr\/fr\/produit\/poele-a-granules-etanche-mira-8-wi-fi-poele-a-pellets\/#primaryimage"},"image":{"@id":"https:\/\/www.invicta.fr\/fr\/produit\/poele-a-granules-etanche-mira-8-wi-fi-poele-a-pellets\/#primaryimage"},"thumbnailUrl":"https:\/\/www.invicta.fr\/wp-content\/uploads\/2025\/05\/C-MIRA8_etanche_WiFi-e1748248310371.jpg","datePublished":"2025-05-23T09:38:28+00:00","dateModified":"2026-02-24T10:53:50+00:00","description":"Po\u00eale \u00e0 Granul\u00e9s \u00e9tanche Mira 8 Wi-Fi compatible RT2012, RE2020, EcoLabel A+\u2705, Puissance 8kW \u2705 Autonomie 23h \u2705 Flamme verte 7\u2b50 Garantie 2ans","breadcrumb":{"@id":"https:\/\/www.invicta.fr\/fr\/produit\/poele-a-granules-etanche-mira-8-wi-fi-poele-a-pellets\/#breadcrumb"},"inLanguage":"fr-FR","potentialAction":[{"@type":"ReadAction","target":["https:\/\/www.invicta.fr\/fr\/produit\/poele-a-granules-etanche-mira-8-wi-fi-poele-a-pellets\/"]}]},{"@type":"ImageObject","inLanguage":"fr-FR","@id":"https:\/\/www.invicta.fr\/fr\/produit\/poele-a-granules-etanche-mira-8-wi-fi-poele-a-pellets\/#primaryimage","url":"https:\/\/www.invicta.fr\/wp-content\/uploads\/2025\/05\/C-MIRA8_etanche_WiFi-e1748248310371.jpg","contentUrl":"https:\/\/www.invicta.fr\/wp-content\/uploads\/2025\/05\/C-MIRA8_etanche_WiFi-e1748248310371.jpg","width":977,"height":1672,"caption":"Po\u00eale \u00e0 granul\u00e9s design Mira 8 et Mira 10"},{"@type":"BreadcrumbList","@id":"https:\/\/www.invicta.fr\/fr\/produit\/poele-a-granules-etanche-mira-8-wi-fi-poele-a-pellets\/#breadcrumb","itemListElement":[{"@type":"ListItem","position":1,"name":"Accueil","item":"https:\/\/www.invicta.fr\/fr\/"},{"@type":"ListItem","position":2,"name":"Produits","item":"https:\/\/www.invicta.fr\/fr\/shop\/"},{"@type":"ListItem","position":3,"name":"Po\u00eales \u00e0 Granul\u00e9s","item":"https:\/\/www.invicta.fr\/fr\/categorie-produit\/poeles-granules\/"},{"@type":"ListItem","position":4,"name":"Po\u00eales \u00e0 Granul\u00e9s \u00c9tanches","item":"https:\/\/www.invicta.fr\/fr\/categorie-produit\/poeles-granules\/poeles-a-granules-etanches-pellets\/"},{"@type":"ListItem","position":5,"name":"Po\u00eale \u00e0 Granul\u00e9s \u00e9tanche Mira 8 Wi-Fi &#8211; Po\u00eale \u00e0 pellets"}]},{"@type":"WebSite","@id":"https:\/\/www.invicta.fr\/fr\/#website","url":"https:\/\/www.invicta.fr\/fr\/","name":"Invicta","description":"Fabricant fran\u00e7ais, sp\u00e9cialiste europ\u00e9en du chauffage au bois : po\u00eales \u00e0 bois et \u00e0 granul\u00e9s, chemin\u00e9es, foyers et inserts","publisher":{"@id":"https:\/\/www.invicta.fr\/fr\/#organization"},"potentialAction":[{"@type":"SearchAction","target":{"@type":"EntryPoint","urlTemplate":"https:\/\/www.invicta.fr\/fr\/?s={search_term_string}"},"query-input":{"@type":"PropertyValueSpecification","valueRequired":true,"valueName":"search_term_string"}}],"inLanguage":"fr-FR"},{"@type":"Organization","@id":"https:\/\/www.invicta.fr\/fr\/#organization","name":"Invicta","url":"https:\/\/www.invicta.fr\/fr\/","logo":{"@type":"ImageObject","inLanguage":"fr-FR","@id":"https:\/\/www.invicta.fr\/fr\/#\/schema\/logo\/image\/","url":"https:\/\/www.invicta.fr\/wp-content\/uploads\/2019\/06\/INVICTALOGO_RVB.png","contentUrl":"https:\/\/www.invicta.fr\/wp-content\/uploads\/2019\/06\/INVICTALOGO_RVB.png","width":1810,"height":1280,"caption":"Invicta"},"image":{"@id":"https:\/\/www.invicta.fr\/fr\/#\/schema\/logo\/image\/"}}]}},"_links":{"self":[{"href":"https:\/\/www.invicta.fr\/fr\/wp-json\/wp\/v2\/product\/67354","targetHints":{"allow":["GET"]}}],"collection":[{"href":"https:\/\/www.invicta.fr\/fr\/wp-json\/wp\/v2\/product"}],"about":[{"href":"https:\/\/www.invicta.fr\/fr\/wp-json\/wp\/v2\/types\/product"}],"wp:featuredmedia":[{"embeddable":true,"href":"https:\/\/www.invicta.fr\/fr\/wp-json\/wp\/v2\/media\/67346"}],"wp:attachment":[{"href":"https:\/\/www.invicta.fr\/fr\/wp-json\/wp\/v2\/media?parent=67354"}],"wp:term":[{"taxonomy":"product_brand","embeddable":true,"href":"https:\/\/www.invicta.fr\/fr\/wp-json\/wp\/v2\/product_brand?post=67354"},{"taxonomy":"product_cat","embeddable":true,"href":"https:\/\/www.invicta.fr\/fr\/wp-json\/wp\/v2\/product_cat?post=67354"},{"taxonomy":"product_tag","embeddable":true,"href":"https:\/\/www.invicta.fr\/fr\/wp-json\/wp\/v2\/product_tag?post=67354"},{"taxonomy":"plus_produit","embeddable":true,"href":"https:\/\/www.invicta.fr\/fr\/wp-json\/wp\/v2\/plus_produit?post=67354"}],"curies":[{"name":"wp","href":"https:\/\/api.w.org\/{rel}","templated":true}]}}