{"id":67360,"date":"2025-05-23T12:18:03","date_gmt":"2025-05-23T10:18:03","guid":{"rendered":"https:\/\/www.invicta.fr\/?post_type=product&#038;p=67360"},"modified":"2026-03-05T17:21:21","modified_gmt":"2026-03-05T16:21:21","slug":"poele-a-granules-etanche-mira-8-concentrique-wi-fi","status":"publish","type":"product","link":"https:\/\/www.invicta.fr\/fr\/produit\/poele-a-granules-etanche-mira-8-concentrique-wi-fi\/","title":{"rendered":"Po\u00eale \u00e0 Granul\u00e9s \u00e9tanche Mira 8 &#8211; concentrique Wi-Fi"},"content":{"rendered":"","protected":false},"excerpt":{"rendered":"<p>Avec les lignes d\u00e9structur\u00e9es et originales de son habillage en acier noir, le po\u00eale \u00e0 granul\u00e9s Mira illumine et r\u00e9chauffe tous les espaces int\u00e9rieurs. Installation simplifi\u00e9e en zones 2 ou 3 gr\u00e2ce \u00e0 son \u00e9tanch\u00e9it\u00e9 et \u00e0 sa sortie concentrique de s\u00e9rie.<\/p>\n","protected":false},"featured_media":67342,"template":"","meta":{"_acf_changed":false},"product_brand":[],"product_cat":[2117,7090,6966,48,5859,5907,5857,5837,5834,5885,5856,5878,5844,5883,5863],"product_tag":[7105,57,58,64,6959,55,5600,5606,65,60],"plus_produit":[144,137,1933,6835,1932,2132,1925,1968,1921,6957,2137,5384],"class_list":{"1":"product","4":"has-post-thumbnail","6":"product_cat-aide-au-choix","7":"product_cat-poeles-a-bois-4-kw","8":"product_cat-poeles-a-bois-5-kw","9":"product_cat-poeles-a-granules-etanches-pellets","10":"product_cat-poeles-a-granules-8-kw","11":"product_cat-poeles-a-granules-etanches-8-kw","12":"product_cat-poeles-a-granules-autonomes","13":"product_cat-poeles-a-granules-programmables","14":"product_cat-poeles-a-granules-design","15":"product_cat-poeles-a-granules-contemporains","16":"product_cat-poeles-a-granules-modernes","17":"product_cat-poeles-a-granules-petits-formats","18":"product_cat-poeles-a-granules-sortie-dessus","19":"product_cat-poeles-a-granules-sortie-murale","20":"product_cat-poeles-a-granules-sortie-ventouse","21":"product_tag-en16510","22":"product_tag-flamme-verte","23":"product_tag-eco-design-2022","24":"product_tag-a-ecolabel-2","25":"product_tag-nouveaute","26":"product_tag-raccordable","27":"product_tag-wifi-de-serie","28":"product_tag-zone-3-ventouse","29":"product_tag-garantie-2-ans","30":"product_tag-z-credit-impot","31":"pa_autonomie-maximum-16-h","32":"pa_autonomie-minimum-7-hours","33":"pa_capacite-de-la-tremie-6950","34":"pa_certificat-cstb-installation-possible-en-facade-zone-3-ventouse","35":"pa_consommation-086-188","36":"pa_depart-des-fumees-dessus-sortie-concentrique","37":"pa_diametre-de-buse-80-130-coaxial","38":"pa_indice-de-performance-7054","39":"pa_modulation-de-puissance-37-8","40":"pa_puissance-8-kw","41":"pa_surface-de-chauffe-30-a-100-m","42":"pa_taux-de-co-6978","43":"pa_volume-de-chauffe-75-a-240-m","44":"plus_produit-appareil-etanche-compatible-rt2012","45":"plus_produit-diffusion-dair-chaud-par-ventilateur-tangenciel","46":"plus_produit-document-technique-dapplication-n14-2-15-2130_v8","47":"plus_produit-extension-de-garantie-1-an","48":"plus_produit-installation-possible-en-facade-zone-3-ventouse","49":"plus_produit-kit-de-controle-de-la-combustion-kcc-2","50":"plus_produit-possibilite-de-pilotage-par-thermostat-externe-non-fourni","51":"plus_produit-programmation","52":"plus_produit-regulation-de-lallure-ou-de-la-temperature-ambiante","53":"plus_produit-sortie-dessus-concentrique-coaxiale-integree-80-130","54":"plus_produit-stand-by-veille","55":"plus_produit-wifi-integre","57":"first","58":"instock","59":"product-type-simple"},"acf":[],"yoast_head":"<!-- This site is optimized with the Yoast SEO plugin v24.7 - https:\/\/yoast.com\/wordpress\/plugins\/seo\/ -->\n<title>Po\u00eale \u00e0 Granul\u00e9s \u00e9tanche Mira 8 WiFi Concentrique | INVICTA<\/title>\n<meta name=\"description\" content=\"Po\u00eale \u00e0 Granul\u00e9s \u00e9tanche Mira 8 compatible RT2012, Concentrique, A+\u2705, Puissance 8kW \u2705 Sortie dessus concentrique \u2705 Flamme verte 7\u2b50 Garantie 2ans + 1 an\" \/>\n<meta name=\"robots\" content=\"index, follow, max-snippet:-1, max-image-preview:large, max-video-preview:-1\" \/>\n<link rel=\"canonical\" href=\"https:\/\/www.invicta.fr\/fr\/produit\/poele-a-granules-etanche-mira-8-concentrique-wi-fi\/\" \/>\n<meta property=\"og:locale\" content=\"fr_FR\" \/>\n<meta property=\"og:type\" content=\"article\" \/>\n<meta property=\"og:title\" content=\"Po\u00eale \u00e0 Granul\u00e9s \u00e9tanche Mira 8 WiFi Concentrique | INVICTA\" \/>\n<meta property=\"og:description\" content=\"Po\u00eale \u00e0 Granul\u00e9s \u00e9tanche Mira 8 compatible RT2012, Concentrique, A+\u2705, Puissance 8kW \u2705 Sortie dessus concentrique \u2705 Flamme verte 7\u2b50 Garantie 2ans + 1 an\" \/>\n<meta property=\"og:url\" content=\"https:\/\/www.invicta.fr\/fr\/produit\/poele-a-granules-etanche-mira-8-concentrique-wi-fi\/\" \/>\n<meta property=\"og:site_name\" content=\"Invicta\" \/>\n<meta property=\"article:modified_time\" content=\"2026-03-05T16:21:21+00:00\" \/>\n<meta property=\"og:image\" content=\"https:\/\/www.invicta.fr\/wp-content\/uploads\/2025\/05\/C-MIRA8_WiFi_SDC_noir.jpg\" \/>\n\t<meta property=\"og:image:width\" content=\"1156\" \/>\n\t<meta property=\"og:image:height\" content=\"1929\" \/>\n\t<meta property=\"og:image:type\" content=\"image\/jpeg\" \/>\n<meta name=\"twitter:card\" content=\"summary_large_image\" \/>\n<script type=\"application\/ld+json\" class=\"yoast-schema-graph\">{\"@context\":\"https:\/\/schema.org\",\"@graph\":[{\"@type\":\"WebPage\",\"@id\":\"https:\/\/www.invicta.fr\/fr\/produit\/poele-a-granules-etanche-mira-8-concentrique-wi-fi\/\",\"url\":\"https:\/\/www.invicta.fr\/fr\/produit\/poele-a-granules-etanche-mira-8-concentrique-wi-fi\/\",\"name\":\"Po\u00eale \u00e0 Granul\u00e9s \u00e9tanche Mira 8 WiFi Concentrique | INVICTA\",\"isPartOf\":{\"@id\":\"https:\/\/www.invicta.fr\/fr\/#website\"},\"primaryImageOfPage\":{\"@id\":\"https:\/\/www.invicta.fr\/fr\/produit\/poele-a-granules-etanche-mira-8-concentrique-wi-fi\/#primaryimage\"},\"image\":{\"@id\":\"https:\/\/www.invicta.fr\/fr\/produit\/poele-a-granules-etanche-mira-8-concentrique-wi-fi\/#primaryimage\"},\"thumbnailUrl\":\"https:\/\/www.invicta.fr\/wp-content\/uploads\/2025\/05\/C-MIRA8_WiFi_SDC_noir.jpg\",\"datePublished\":\"2025-05-23T10:18:03+00:00\",\"dateModified\":\"2026-03-05T16:21:21+00:00\",\"description\":\"Po\u00eale \u00e0 Granul\u00e9s \u00e9tanche Mira 8 compatible RT2012, Concentrique, A+\u2705, Puissance 8kW \u2705 Sortie dessus concentrique \u2705 Flamme verte 7\u2b50 Garantie 2ans + 1 an\",\"breadcrumb\":{\"@id\":\"https:\/\/www.invicta.fr\/fr\/produit\/poele-a-granules-etanche-mira-8-concentrique-wi-fi\/#breadcrumb\"},\"inLanguage\":\"fr-FR\",\"potentialAction\":[{\"@type\":\"ReadAction\",\"target\":[\"https:\/\/www.invicta.fr\/fr\/produit\/poele-a-granules-etanche-mira-8-concentrique-wi-fi\/\"]}]},{\"@type\":\"ImageObject\",\"inLanguage\":\"fr-FR\",\"@id\":\"https:\/\/www.invicta.fr\/fr\/produit\/poele-a-granules-etanche-mira-8-concentrique-wi-fi\/#primaryimage\",\"url\":\"https:\/\/www.invicta.fr\/wp-content\/uploads\/2025\/05\/C-MIRA8_WiFi_SDC_noir.jpg\",\"contentUrl\":\"https:\/\/www.invicta.fr\/wp-content\/uploads\/2025\/05\/C-MIRA8_WiFi_SDC_noir.jpg\",\"width\":1156,\"height\":1929},{\"@type\":\"BreadcrumbList\",\"@id\":\"https:\/\/www.invicta.fr\/fr\/produit\/poele-a-granules-etanche-mira-8-concentrique-wi-fi\/#breadcrumb\",\"itemListElement\":[{\"@type\":\"ListItem\",\"position\":1,\"name\":\"Accueil\",\"item\":\"https:\/\/www.invicta.fr\/fr\/\"},{\"@type\":\"ListItem\",\"position\":2,\"name\":\"Produits\",\"item\":\"https:\/\/www.invicta.fr\/fr\/shop\/\"},{\"@type\":\"ListItem\",\"position\":3,\"name\":\"Po\u00eales \u00e0 Granul\u00e9s\",\"item\":\"https:\/\/www.invicta.fr\/fr\/categorie-produit\/poeles-granules\/\"},{\"@type\":\"ListItem\",\"position\":4,\"name\":\"Po\u00eales \u00e0 Granul\u00e9s \u00c9tanches\",\"item\":\"https:\/\/www.invicta.fr\/fr\/categorie-produit\/poeles-granules\/poeles-a-granules-etanches-pellets\/\"},{\"@type\":\"ListItem\",\"position\":5,\"name\":\"Po\u00eale \u00e0 Granul\u00e9s \u00e9tanche Mira 8 &#8211; concentrique Wi-Fi\"}]},{\"@type\":\"WebSite\",\"@id\":\"https:\/\/www.invicta.fr\/fr\/#website\",\"url\":\"https:\/\/www.invicta.fr\/fr\/\",\"name\":\"Invicta\",\"description\":\"Fabricant fran\u00e7ais, sp\u00e9cialiste europ\u00e9en du chauffage au bois : po\u00eales \u00e0 bois et \u00e0 granul\u00e9s, chemin\u00e9es, foyers et inserts\",\"publisher\":{\"@id\":\"https:\/\/www.invicta.fr\/fr\/#organization\"},\"potentialAction\":[{\"@type\":\"SearchAction\",\"target\":{\"@type\":\"EntryPoint\",\"urlTemplate\":\"https:\/\/www.invicta.fr\/fr\/?s={search_term_string}\"},\"query-input\":{\"@type\":\"PropertyValueSpecification\",\"valueRequired\":true,\"valueName\":\"search_term_string\"}}],\"inLanguage\":\"fr-FR\"},{\"@type\":\"Organization\",\"@id\":\"https:\/\/www.invicta.fr\/fr\/#organization\",\"name\":\"Invicta\",\"url\":\"https:\/\/www.invicta.fr\/fr\/\",\"logo\":{\"@type\":\"ImageObject\",\"inLanguage\":\"fr-FR\",\"@id\":\"https:\/\/www.invicta.fr\/fr\/#\/schema\/logo\/image\/\",\"url\":\"https:\/\/www.invicta.fr\/wp-content\/uploads\/2019\/06\/INVICTALOGO_RVB.png\",\"contentUrl\":\"https:\/\/www.invicta.fr\/wp-content\/uploads\/2019\/06\/INVICTALOGO_RVB.png\",\"width\":1810,\"height\":1280,\"caption\":\"Invicta\"},\"image\":{\"@id\":\"https:\/\/www.invicta.fr\/fr\/#\/schema\/logo\/image\/\"}}]}<\/script>\n<!-- \/ Yoast SEO plugin. -->","yoast_head_json":{"title":"Po\u00eale \u00e0 Granul\u00e9s \u00e9tanche Mira 8 WiFi Concentrique | INVICTA","description":"Po\u00eale \u00e0 Granul\u00e9s \u00e9tanche Mira 8 compatible RT2012, Concentrique, A+\u2705, Puissance 8kW \u2705 Sortie dessus concentrique \u2705 Flamme verte 7\u2b50 Garantie 2ans + 1 an","robots":{"index":"index","follow":"follow","max-snippet":"max-snippet:-1","max-image-preview":"max-image-preview:large","max-video-preview":"max-video-preview:-1"},"canonical":"https:\/\/www.invicta.fr\/fr\/produit\/poele-a-granules-etanche-mira-8-concentrique-wi-fi\/","og_locale":"fr_FR","og_type":"article","og_title":"Po\u00eale \u00e0 Granul\u00e9s \u00e9tanche Mira 8 WiFi Concentrique | INVICTA","og_description":"Po\u00eale \u00e0 Granul\u00e9s \u00e9tanche Mira 8 compatible RT2012, Concentrique, A+\u2705, Puissance 8kW \u2705 Sortie dessus concentrique \u2705 Flamme verte 7\u2b50 Garantie 2ans + 1 an","og_url":"https:\/\/www.invicta.fr\/fr\/produit\/poele-a-granules-etanche-mira-8-concentrique-wi-fi\/","og_site_name":"Invicta","article_modified_time":"2026-03-05T16:21:21+00:00","og_image":[{"width":1156,"height":1929,"url":"https:\/\/www.invicta.fr\/wp-content\/uploads\/2025\/05\/C-MIRA8_WiFi_SDC_noir.jpg","type":"image\/jpeg"}],"twitter_card":"summary_large_image","schema":{"@context":"https:\/\/schema.org","@graph":[{"@type":"WebPage","@id":"https:\/\/www.invicta.fr\/fr\/produit\/poele-a-granules-etanche-mira-8-concentrique-wi-fi\/","url":"https:\/\/www.invicta.fr\/fr\/produit\/poele-a-granules-etanche-mira-8-concentrique-wi-fi\/","name":"Po\u00eale \u00e0 Granul\u00e9s \u00e9tanche Mira 8 WiFi Concentrique | INVICTA","isPartOf":{"@id":"https:\/\/www.invicta.fr\/fr\/#website"},"primaryImageOfPage":{"@id":"https:\/\/www.invicta.fr\/fr\/produit\/poele-a-granules-etanche-mira-8-concentrique-wi-fi\/#primaryimage"},"image":{"@id":"https:\/\/www.invicta.fr\/fr\/produit\/poele-a-granules-etanche-mira-8-concentrique-wi-fi\/#primaryimage"},"thumbnailUrl":"https:\/\/www.invicta.fr\/wp-content\/uploads\/2025\/05\/C-MIRA8_WiFi_SDC_noir.jpg","datePublished":"2025-05-23T10:18:03+00:00","dateModified":"2026-03-05T16:21:21+00:00","description":"Po\u00eale \u00e0 Granul\u00e9s \u00e9tanche Mira 8 compatible RT2012, Concentrique, A+\u2705, Puissance 8kW \u2705 Sortie dessus concentrique \u2705 Flamme verte 7\u2b50 Garantie 2ans + 1 an","breadcrumb":{"@id":"https:\/\/www.invicta.fr\/fr\/produit\/poele-a-granules-etanche-mira-8-concentrique-wi-fi\/#breadcrumb"},"inLanguage":"fr-FR","potentialAction":[{"@type":"ReadAction","target":["https:\/\/www.invicta.fr\/fr\/produit\/poele-a-granules-etanche-mira-8-concentrique-wi-fi\/"]}]},{"@type":"ImageObject","inLanguage":"fr-FR","@id":"https:\/\/www.invicta.fr\/fr\/produit\/poele-a-granules-etanche-mira-8-concentrique-wi-fi\/#primaryimage","url":"https:\/\/www.invicta.fr\/wp-content\/uploads\/2025\/05\/C-MIRA8_WiFi_SDC_noir.jpg","contentUrl":"https:\/\/www.invicta.fr\/wp-content\/uploads\/2025\/05\/C-MIRA8_WiFi_SDC_noir.jpg","width":1156,"height":1929},{"@type":"BreadcrumbList","@id":"https:\/\/www.invicta.fr\/fr\/produit\/poele-a-granules-etanche-mira-8-concentrique-wi-fi\/#breadcrumb","itemListElement":[{"@type":"ListItem","position":1,"name":"Accueil","item":"https:\/\/www.invicta.fr\/fr\/"},{"@type":"ListItem","position":2,"name":"Produits","item":"https:\/\/www.invicta.fr\/fr\/shop\/"},{"@type":"ListItem","position":3,"name":"Po\u00eales \u00e0 Granul\u00e9s","item":"https:\/\/www.invicta.fr\/fr\/categorie-produit\/poeles-granules\/"},{"@type":"ListItem","position":4,"name":"Po\u00eales \u00e0 Granul\u00e9s \u00c9tanches","item":"https:\/\/www.invicta.fr\/fr\/categorie-produit\/poeles-granules\/poeles-a-granules-etanches-pellets\/"},{"@type":"ListItem","position":5,"name":"Po\u00eale \u00e0 Granul\u00e9s \u00e9tanche Mira 8 &#8211; concentrique Wi-Fi"}]},{"@type":"WebSite","@id":"https:\/\/www.invicta.fr\/fr\/#website","url":"https:\/\/www.invicta.fr\/fr\/","name":"Invicta","description":"Fabricant fran\u00e7ais, sp\u00e9cialiste europ\u00e9en du chauffage au bois : po\u00eales \u00e0 bois et \u00e0 granul\u00e9s, chemin\u00e9es, foyers et inserts","publisher":{"@id":"https:\/\/www.invicta.fr\/fr\/#organization"},"potentialAction":[{"@type":"SearchAction","target":{"@type":"EntryPoint","urlTemplate":"https:\/\/www.invicta.fr\/fr\/?s={search_term_string}"},"query-input":{"@type":"PropertyValueSpecification","valueRequired":true,"valueName":"search_term_string"}}],"inLanguage":"fr-FR"},{"@type":"Organization","@id":"https:\/\/www.invicta.fr\/fr\/#organization","name":"Invicta","url":"https:\/\/www.invicta.fr\/fr\/","logo":{"@type":"ImageObject","inLanguage":"fr-FR","@id":"https:\/\/www.invicta.fr\/fr\/#\/schema\/logo\/image\/","url":"https:\/\/www.invicta.fr\/wp-content\/uploads\/2019\/06\/INVICTALOGO_RVB.png","contentUrl":"https:\/\/www.invicta.fr\/wp-content\/uploads\/2019\/06\/INVICTALOGO_RVB.png","width":1810,"height":1280,"caption":"Invicta"},"image":{"@id":"https:\/\/www.invicta.fr\/fr\/#\/schema\/logo\/image\/"}}]}},"_links":{"self":[{"href":"https:\/\/www.invicta.fr\/fr\/wp-json\/wp\/v2\/product\/67360","targetHints":{"allow":["GET"]}}],"collection":[{"href":"https:\/\/www.invicta.fr\/fr\/wp-json\/wp\/v2\/product"}],"about":[{"href":"https:\/\/www.invicta.fr\/fr\/wp-json\/wp\/v2\/types\/product"}],"wp:featuredmedia":[{"embeddable":true,"href":"https:\/\/www.invicta.fr\/fr\/wp-json\/wp\/v2\/media\/67342"}],"wp:attachment":[{"href":"https:\/\/www.invicta.fr\/fr\/wp-json\/wp\/v2\/media?parent=67360"}],"wp:term":[{"taxonomy":"product_brand","embeddable":true,"href":"https:\/\/www.invicta.fr\/fr\/wp-json\/wp\/v2\/product_brand?post=67360"},{"taxonomy":"product_cat","embeddable":true,"href":"https:\/\/www.invicta.fr\/fr\/wp-json\/wp\/v2\/product_cat?post=67360"},{"taxonomy":"product_tag","embeddable":true,"href":"https:\/\/www.invicta.fr\/fr\/wp-json\/wp\/v2\/product_tag?post=67360"},{"taxonomy":"plus_produit","embeddable":true,"href":"https:\/\/www.invicta.fr\/fr\/wp-json\/wp\/v2\/plus_produit?post=67360"}],"curies":[{"name":"wp","href":"https:\/\/api.w.org\/{rel}","templated":true}]}}