{"id":68278,"date":"2025-09-16T09:35:03","date_gmt":"2025-09-16T07:35:03","guid":{"rendered":"https:\/\/www.invicta.fr\/?post_type=product&#038;p=68278"},"modified":"2025-11-05T13:36:36","modified_gmt":"2025-11-05T12:36:36","slug":"poele-acier-et-fonte-calcias-etanche-2","status":"publish","type":"product","link":"https:\/\/www.invicta.fr\/fr\/produit\/poele-acier-et-fonte-calcias-etanche-2\/","title":{"rendered":"Po\u00eale Acier et Fonte Calcias \u00e9tanche"},"content":{"rendered":"","protected":false},"excerpt":{"rendered":"<p><span data-sheets-formula-bar-text-style=\"font-size:13px;color:#000000;font-weight:normal;text-decoration:none;font-family:'Arial';font-style:normal;text-decoration-skip-ink:none;\">Calcias est unique : une forme elliptique qui apporte chaleur et modernit\u00e9 ; de hautes performances \u00e9nerg\u00e9tiques gr\u00e2ce au foyer en fonte ; et c\u00f4t\u00e9 pratique, un b\u00fbcher en acier pour accueillir vos b\u00fbches. <a rel=\"noopener noreferrer\" href=\"https:\/\/www.invicta.fr\/fr\/2020\/10\/22\/nouveautes-invicta-poeles-bois-contemporains-en-acier\/\" target=\"_blank\">Ici, les autres mod\u00e8les de la nouvelle gamme de po\u00eales \u00e0 bois acier contemporains.<\/a><\/span><\/p>\n","protected":false},"featured_media":38604,"template":"","meta":{"_acf_changed":false},"product_brand":[],"product_cat":[2117,41,5861,5850,5860,5835,5838,5841,5853],"product_tag":[7105,57,58,59,52,53,55,65,6826,60],"plus_produit":[612,144,6834,5398,2036,129,5397,130],"class_list":{"1":"product","4":"has-post-thumbnail","6":"product_cat-aide-au-choix","7":"product_cat-poeles-a-bois-etanches","8":"product_cat-poeles-a-bois-buches-50-cm","9":"product_cat-poeles-a-bois-6-kw","10":"product_cat-poeles-a-bois-contemporains","11":"product_cat-poeles-a-bois-design","12":"product_cat-poeles-a-bois-modernes","13":"product_cat-poeles-a-bois-ronds","14":"product_cat-poeles-a-bois-sortie-arriere","15":"product_tag-en16510","16":"product_tag-flamme-verte","17":"product_tag-eco-design-2022","18":"product_tag-a-ecolabel","19":"product_tag-habillage-vermiculite","20":"product_tag-post-combustion","21":"product_tag-raccordable","22":"product_tag-garantie-2-ans","23":"product_tag-garantie-extension-3-ans","24":"product_tag-z-credit-impot","25":"pa_depart-des-fumees-dessus-arriere","26":"pa_diametre-de-buse-6898","27":"pa_indice-de-performance-5571","28":"pa_puissance-optimale-7080","29":"pa_surface-de-chauffe-30-a-70-m","30":"pa_taux-de-co-203","31":"pa_volume-de-chauffe-7081","32":"plus_produit-air-secondaire-reglable","33":"plus_produit-appareil-etanche-compatible-rt2012","34":"plus_produit-extension-de-garantie-3-ans","35":"plus_produit-foyer-exterieur-fonte-bucher-en-acier","36":"plus_produit-intermittent","37":"plus_produit-systeme-de-post-combustion","38":"plus_produit-vermiculite-haute-densite","39":"plus_produit-vitre-propre","41":"first","42":"instock","43":"shipping-taxable","44":"purchasable","45":"product-type-simple"},"acf":[],"yoast_head":"<!-- This site is optimized with the Yoast SEO plugin v24.7 - https:\/\/yoast.com\/wordpress\/plugins\/seo\/ -->\n<title>Po\u00eale \u00e0 bois Acier et Fonte Calcias \u00e9tanche | INVICTA<\/title>\n<meta name=\"description\" content=\"D\u00e9couvrez le Po\u00eale \u00e0 bois Acier et Fonte Calcias \u00e9tanche avec puissance de chauffe 6kW \u2705 Garantie 5ans\u2705 EcoLabel A\u2705 Flamme verte 7\u2b50 \u2705\" \/>\n<meta name=\"robots\" content=\"index, follow, max-snippet:-1, max-image-preview:large, max-video-preview:-1\" \/>\n<link rel=\"canonical\" href=\"https:\/\/www.invicta.fr\/fr\/produit\/poele-acier-et-fonte-calcias-etanche-2\/\" \/>\n<meta property=\"og:locale\" content=\"fr_FR\" \/>\n<meta property=\"og:type\" content=\"article\" \/>\n<meta property=\"og:title\" content=\"Po\u00eale \u00e0 bois Acier et Fonte Calcias \u00e9tanche | INVICTA\" \/>\n<meta property=\"og:description\" content=\"D\u00e9couvrez le Po\u00eale \u00e0 bois Acier et Fonte Calcias \u00e9tanche avec puissance de chauffe 6kW \u2705 Garantie 5ans\u2705 EcoLabel A\u2705 Flamme verte 7\u2b50 \u2705\" \/>\n<meta property=\"og:url\" content=\"https:\/\/www.invicta.fr\/fr\/produit\/poele-acier-et-fonte-calcias-etanche-2\/\" \/>\n<meta property=\"og:site_name\" content=\"Invicta\" \/>\n<meta property=\"article:modified_time\" content=\"2025-11-05T12:36:36+00:00\" \/>\n<meta property=\"og:image\" content=\"https:\/\/www.invicta.fr\/wp-content\/uploads\/2020\/09\/C-CALCIAS-flammes-web.jpg\" \/>\n\t<meta property=\"og:image:width\" content=\"909\" \/>\n\t<meta property=\"og:image:height\" content=\"1080\" \/>\n\t<meta property=\"og:image:type\" content=\"image\/jpeg\" \/>\n<meta name=\"twitter:card\" content=\"summary_large_image\" \/>\n<script type=\"application\/ld+json\" class=\"yoast-schema-graph\">{\"@context\":\"https:\/\/schema.org\",\"@graph\":[{\"@type\":\"WebPage\",\"@id\":\"https:\/\/www.invicta.fr\/fr\/produit\/poele-acier-et-fonte-calcias-etanche-2\/\",\"url\":\"https:\/\/www.invicta.fr\/fr\/produit\/poele-acier-et-fonte-calcias-etanche-2\/\",\"name\":\"Po\u00eale \u00e0 bois Acier et Fonte Calcias \u00e9tanche | INVICTA\",\"isPartOf\":{\"@id\":\"https:\/\/www.invicta.fr\/fr\/#website\"},\"primaryImageOfPage\":{\"@id\":\"https:\/\/www.invicta.fr\/fr\/produit\/poele-acier-et-fonte-calcias-etanche-2\/#primaryimage\"},\"image\":{\"@id\":\"https:\/\/www.invicta.fr\/fr\/produit\/poele-acier-et-fonte-calcias-etanche-2\/#primaryimage\"},\"thumbnailUrl\":\"https:\/\/www.invicta.fr\/wp-content\/uploads\/2020\/09\/C-CALCIAS-flammes-web.jpg\",\"datePublished\":\"2025-09-16T07:35:03+00:00\",\"dateModified\":\"2025-11-05T12:36:36+00:00\",\"description\":\"D\u00e9couvrez le Po\u00eale \u00e0 bois Acier et Fonte Calcias \u00e9tanche avec puissance de chauffe 6kW \u2705 Garantie 5ans\u2705 EcoLabel A\u2705 Flamme verte 7\u2b50 \u2705\",\"breadcrumb\":{\"@id\":\"https:\/\/www.invicta.fr\/fr\/produit\/poele-acier-et-fonte-calcias-etanche-2\/#breadcrumb\"},\"inLanguage\":\"fr-FR\",\"potentialAction\":[{\"@type\":\"ReadAction\",\"target\":[\"https:\/\/www.invicta.fr\/fr\/produit\/poele-acier-et-fonte-calcias-etanche-2\/\"]}]},{\"@type\":\"ImageObject\",\"inLanguage\":\"fr-FR\",\"@id\":\"https:\/\/www.invicta.fr\/fr\/produit\/poele-acier-et-fonte-calcias-etanche-2\/#primaryimage\",\"url\":\"https:\/\/www.invicta.fr\/wp-content\/uploads\/2020\/09\/C-CALCIAS-flammes-web.jpg\",\"contentUrl\":\"https:\/\/www.invicta.fr\/wp-content\/uploads\/2020\/09\/C-CALCIAS-flammes-web.jpg\",\"width\":909,\"height\":1080,\"caption\":\"Calcias \u00e9tanche - fonte b\u00fbcher acier - 9 kW\"},{\"@type\":\"BreadcrumbList\",\"@id\":\"https:\/\/www.invicta.fr\/fr\/produit\/poele-acier-et-fonte-calcias-etanche-2\/#breadcrumb\",\"itemListElement\":[{\"@type\":\"ListItem\",\"position\":1,\"name\":\"Accueil\",\"item\":\"https:\/\/www.invicta.fr\/fr\/\"},{\"@type\":\"ListItem\",\"position\":2,\"name\":\"Produits\",\"item\":\"https:\/\/www.invicta.fr\/fr\/shop\/\"},{\"@type\":\"ListItem\",\"position\":3,\"name\":\"Po\u00eales \u00e0 Bois\",\"item\":\"https:\/\/www.invicta.fr\/fr\/categorie-produit\/poeles-bois\/\"},{\"@type\":\"ListItem\",\"position\":4,\"name\":\"Po\u00eales \u00e0 Bois \u00e9tanches\",\"item\":\"https:\/\/www.invicta.fr\/fr\/categorie-produit\/poeles-bois\/poeles-a-bois-etanches\/\"},{\"@type\":\"ListItem\",\"position\":5,\"name\":\"Po\u00eale Acier et Fonte Calcias \u00e9tanche\"}]},{\"@type\":\"WebSite\",\"@id\":\"https:\/\/www.invicta.fr\/fr\/#website\",\"url\":\"https:\/\/www.invicta.fr\/fr\/\",\"name\":\"Invicta\",\"description\":\"Fabricant fran\u00e7ais, sp\u00e9cialiste europ\u00e9en du chauffage au bois : po\u00eales \u00e0 bois et \u00e0 granul\u00e9s, chemin\u00e9es, foyers et inserts\",\"publisher\":{\"@id\":\"https:\/\/www.invicta.fr\/fr\/#organization\"},\"potentialAction\":[{\"@type\":\"SearchAction\",\"target\":{\"@type\":\"EntryPoint\",\"urlTemplate\":\"https:\/\/www.invicta.fr\/fr\/?s={search_term_string}\"},\"query-input\":{\"@type\":\"PropertyValueSpecification\",\"valueRequired\":true,\"valueName\":\"search_term_string\"}}],\"inLanguage\":\"fr-FR\"},{\"@type\":\"Organization\",\"@id\":\"https:\/\/www.invicta.fr\/fr\/#organization\",\"name\":\"Invicta\",\"url\":\"https:\/\/www.invicta.fr\/fr\/\",\"logo\":{\"@type\":\"ImageObject\",\"inLanguage\":\"fr-FR\",\"@id\":\"https:\/\/www.invicta.fr\/fr\/#\/schema\/logo\/image\/\",\"url\":\"https:\/\/www.invicta.fr\/wp-content\/uploads\/2019\/06\/INVICTALOGO_RVB.png\",\"contentUrl\":\"https:\/\/www.invicta.fr\/wp-content\/uploads\/2019\/06\/INVICTALOGO_RVB.png\",\"width\":1810,\"height\":1280,\"caption\":\"Invicta\"},\"image\":{\"@id\":\"https:\/\/www.invicta.fr\/fr\/#\/schema\/logo\/image\/\"}}]}<\/script>\n<!-- \/ Yoast SEO plugin. -->","yoast_head_json":{"title":"Po\u00eale \u00e0 bois Acier et Fonte Calcias \u00e9tanche | INVICTA","description":"D\u00e9couvrez le Po\u00eale \u00e0 bois Acier et Fonte Calcias \u00e9tanche avec puissance de chauffe 6kW \u2705 Garantie 5ans\u2705 EcoLabel A\u2705 Flamme verte 7\u2b50 \u2705","robots":{"index":"index","follow":"follow","max-snippet":"max-snippet:-1","max-image-preview":"max-image-preview:large","max-video-preview":"max-video-preview:-1"},"canonical":"https:\/\/www.invicta.fr\/fr\/produit\/poele-acier-et-fonte-calcias-etanche-2\/","og_locale":"fr_FR","og_type":"article","og_title":"Po\u00eale \u00e0 bois Acier et Fonte Calcias \u00e9tanche | INVICTA","og_description":"D\u00e9couvrez le Po\u00eale \u00e0 bois Acier et Fonte Calcias \u00e9tanche avec puissance de chauffe 6kW \u2705 Garantie 5ans\u2705 EcoLabel A\u2705 Flamme verte 7\u2b50 \u2705","og_url":"https:\/\/www.invicta.fr\/fr\/produit\/poele-acier-et-fonte-calcias-etanche-2\/","og_site_name":"Invicta","article_modified_time":"2025-11-05T12:36:36+00:00","og_image":[{"width":909,"height":1080,"url":"https:\/\/www.invicta.fr\/wp-content\/uploads\/2020\/09\/C-CALCIAS-flammes-web.jpg","type":"image\/jpeg"}],"twitter_card":"summary_large_image","schema":{"@context":"https:\/\/schema.org","@graph":[{"@type":"WebPage","@id":"https:\/\/www.invicta.fr\/fr\/produit\/poele-acier-et-fonte-calcias-etanche-2\/","url":"https:\/\/www.invicta.fr\/fr\/produit\/poele-acier-et-fonte-calcias-etanche-2\/","name":"Po\u00eale \u00e0 bois Acier et Fonte Calcias \u00e9tanche | INVICTA","isPartOf":{"@id":"https:\/\/www.invicta.fr\/fr\/#website"},"primaryImageOfPage":{"@id":"https:\/\/www.invicta.fr\/fr\/produit\/poele-acier-et-fonte-calcias-etanche-2\/#primaryimage"},"image":{"@id":"https:\/\/www.invicta.fr\/fr\/produit\/poele-acier-et-fonte-calcias-etanche-2\/#primaryimage"},"thumbnailUrl":"https:\/\/www.invicta.fr\/wp-content\/uploads\/2020\/09\/C-CALCIAS-flammes-web.jpg","datePublished":"2025-09-16T07:35:03+00:00","dateModified":"2025-11-05T12:36:36+00:00","description":"D\u00e9couvrez le Po\u00eale \u00e0 bois Acier et Fonte Calcias \u00e9tanche avec puissance de chauffe 6kW \u2705 Garantie 5ans\u2705 EcoLabel A\u2705 Flamme verte 7\u2b50 \u2705","breadcrumb":{"@id":"https:\/\/www.invicta.fr\/fr\/produit\/poele-acier-et-fonte-calcias-etanche-2\/#breadcrumb"},"inLanguage":"fr-FR","potentialAction":[{"@type":"ReadAction","target":["https:\/\/www.invicta.fr\/fr\/produit\/poele-acier-et-fonte-calcias-etanche-2\/"]}]},{"@type":"ImageObject","inLanguage":"fr-FR","@id":"https:\/\/www.invicta.fr\/fr\/produit\/poele-acier-et-fonte-calcias-etanche-2\/#primaryimage","url":"https:\/\/www.invicta.fr\/wp-content\/uploads\/2020\/09\/C-CALCIAS-flammes-web.jpg","contentUrl":"https:\/\/www.invicta.fr\/wp-content\/uploads\/2020\/09\/C-CALCIAS-flammes-web.jpg","width":909,"height":1080,"caption":"Calcias \u00e9tanche - fonte b\u00fbcher acier - 9 kW"},{"@type":"BreadcrumbList","@id":"https:\/\/www.invicta.fr\/fr\/produit\/poele-acier-et-fonte-calcias-etanche-2\/#breadcrumb","itemListElement":[{"@type":"ListItem","position":1,"name":"Accueil","item":"https:\/\/www.invicta.fr\/fr\/"},{"@type":"ListItem","position":2,"name":"Produits","item":"https:\/\/www.invicta.fr\/fr\/shop\/"},{"@type":"ListItem","position":3,"name":"Po\u00eales \u00e0 Bois","item":"https:\/\/www.invicta.fr\/fr\/categorie-produit\/poeles-bois\/"},{"@type":"ListItem","position":4,"name":"Po\u00eales \u00e0 Bois \u00e9tanches","item":"https:\/\/www.invicta.fr\/fr\/categorie-produit\/poeles-bois\/poeles-a-bois-etanches\/"},{"@type":"ListItem","position":5,"name":"Po\u00eale Acier et Fonte Calcias \u00e9tanche"}]},{"@type":"WebSite","@id":"https:\/\/www.invicta.fr\/fr\/#website","url":"https:\/\/www.invicta.fr\/fr\/","name":"Invicta","description":"Fabricant fran\u00e7ais, sp\u00e9cialiste europ\u00e9en du chauffage au bois : po\u00eales \u00e0 bois et \u00e0 granul\u00e9s, chemin\u00e9es, foyers et inserts","publisher":{"@id":"https:\/\/www.invicta.fr\/fr\/#organization"},"potentialAction":[{"@type":"SearchAction","target":{"@type":"EntryPoint","urlTemplate":"https:\/\/www.invicta.fr\/fr\/?s={search_term_string}"},"query-input":{"@type":"PropertyValueSpecification","valueRequired":true,"valueName":"search_term_string"}}],"inLanguage":"fr-FR"},{"@type":"Organization","@id":"https:\/\/www.invicta.fr\/fr\/#organization","name":"Invicta","url":"https:\/\/www.invicta.fr\/fr\/","logo":{"@type":"ImageObject","inLanguage":"fr-FR","@id":"https:\/\/www.invicta.fr\/fr\/#\/schema\/logo\/image\/","url":"https:\/\/www.invicta.fr\/wp-content\/uploads\/2019\/06\/INVICTALOGO_RVB.png","contentUrl":"https:\/\/www.invicta.fr\/wp-content\/uploads\/2019\/06\/INVICTALOGO_RVB.png","width":1810,"height":1280,"caption":"Invicta"},"image":{"@id":"https:\/\/www.invicta.fr\/fr\/#\/schema\/logo\/image\/"}}]}},"_links":{"self":[{"href":"https:\/\/www.invicta.fr\/fr\/wp-json\/wp\/v2\/product\/68278","targetHints":{"allow":["GET"]}}],"collection":[{"href":"https:\/\/www.invicta.fr\/fr\/wp-json\/wp\/v2\/product"}],"about":[{"href":"https:\/\/www.invicta.fr\/fr\/wp-json\/wp\/v2\/types\/product"}],"wp:featuredmedia":[{"embeddable":true,"href":"https:\/\/www.invicta.fr\/fr\/wp-json\/wp\/v2\/media\/38604"}],"wp:attachment":[{"href":"https:\/\/www.invicta.fr\/fr\/wp-json\/wp\/v2\/media?parent=68278"}],"wp:term":[{"taxonomy":"product_brand","embeddable":true,"href":"https:\/\/www.invicta.fr\/fr\/wp-json\/wp\/v2\/product_brand?post=68278"},{"taxonomy":"product_cat","embeddable":true,"href":"https:\/\/www.invicta.fr\/fr\/wp-json\/wp\/v2\/product_cat?post=68278"},{"taxonomy":"product_tag","embeddable":true,"href":"https:\/\/www.invicta.fr\/fr\/wp-json\/wp\/v2\/product_tag?post=68278"},{"taxonomy":"plus_produit","embeddable":true,"href":"https:\/\/www.invicta.fr\/fr\/wp-json\/wp\/v2\/plus_produit?post=68278"}],"curies":[{"name":"wp","href":"https:\/\/api.w.org\/{rel}","templated":true}]}}