{"id":68702,"date":"2025-11-04T11:13:44","date_gmt":"2025-11-04T10:13:44","guid":{"rendered":"https:\/\/www.invicta.fr\/?post_type=product&#038;p=68702"},"modified":"2025-11-05T13:40:07","modified_gmt":"2025-11-05T12:40:07","slug":"poele-fonte-etanche-elo-m","status":"publish","type":"product","link":"https:\/\/www.invicta.fr\/fr\/produit\/poele-fonte-etanche-elo-m\/","title":{"rendered":"Po\u00eale Fonte \u00e9tanche Elo M"},"content":{"rendered":"","protected":false},"excerpt":{"rendered":"<p>Plongez-vous dans l\u2019univers extraordinaire du po\u00eale ELO M et profitez du c\u00f4t\u00e9 lumineux de sa force \u00e9nerg\u00e9tique. Dans sa version \u00e9maill\u00e9e, l\u2019\u00e9l\u00e9gance de sa fa\u00e7ade blanche s\u2019accorde harmonieusement avec le noir de la fonte.<\/p>\n<p>&nbsp;<\/p>\n<p>&nbsp;<\/p>\n","protected":false},"featured_media":903,"template":"","meta":{"_acf_changed":false},"product_brand":[],"product_cat":[2117,41,5850,5848,5847,5860,5835],"product_tag":[7105,57,58,59,62,54,51,53,55,65,6826,60,6718],"plus_produit":[610,612,144,6834,1919,129,130],"class_list":{"1":"product","4":"has-post-thumbnail","6":"product_cat-aide-au-choix","7":"product_cat-poeles-a-bois-etanches","8":"product_cat-poeles-a-bois-6-kw","9":"product_cat-poeles-a-bois-angle","10":"product_cat-poeles-a-bois-blancs","11":"product_cat-poeles-a-bois-contemporains","12":"product_cat-poeles-a-bois-design","13":"product_tag-en16510","14":"product_tag-flamme-verte","15":"product_tag-eco-design-2022","16":"product_tag-a-ecolabel","17":"product_tag-101-fabrication-francaise","18":"product_tag-air-control","19":"product_tag-fonte-100","20":"product_tag-post-combustion","21":"product_tag-raccordable","22":"product_tag-garantie-2-ans","23":"product_tag-garantie-extension-3-ans","24":"product_tag-z-credit-impot","25":"product_tag-reserve-pros","26":"pa_depart-des-fumees-dessus","27":"pa_diametre-de-buse-150-mm","28":"pa_indice-de-performance-5583","29":"pa_puissance-optimale-6-kw","30":"pa_surface-de-chauffe-30-a-70-m","31":"pa_taux-de-co-230","32":"pa_volume-de-chauffe-80-a-180-m","33":"plus_produit-air-control","34":"plus_produit-air-secondaire-reglable","35":"plus_produit-appareil-etanche-compatible-rt2012","36":"plus_produit-extension-de-garantie-3-ans","37":"plus_produit-origine-france-garantie","38":"plus_produit-systeme-de-post-combustion","39":"plus_produit-vitre-propre","41":"first","42":"instock","43":"product-type-variable"},"acf":[],"yoast_head":"<!-- This site is optimized with the Yoast SEO plugin v24.7 - https:\/\/yoast.com\/wordpress\/plugins\/seo\/ -->\n<title>Po\u00eale \u00e0 Bois Etanche Elo M | INVICTA<\/title>\n<meta name=\"description\" content=\"D\u00e9couvrez le po\u00eale \u00e0 bois Etanche Elo M Invicta avec puissance de chauffe 6kW\u2705 EcoLabel A\u2705 Flamme verte 7\u2b50 \u2705 Garantie 5ans \u2705 100% Fonte\" \/>\n<meta name=\"robots\" content=\"index, follow, max-snippet:-1, max-image-preview:large, max-video-preview:-1\" \/>\n<link rel=\"canonical\" href=\"https:\/\/www.invicta.fr\/fr\/produit\/poele-fonte-etanche-elo-m\/\" \/>\n<meta property=\"og:locale\" content=\"fr_FR\" \/>\n<meta property=\"og:type\" content=\"article\" \/>\n<meta property=\"og:title\" content=\"Po\u00eale \u00e0 Bois Etanche Elo M | INVICTA\" \/>\n<meta property=\"og:description\" content=\"D\u00e9couvrez le po\u00eale \u00e0 bois Etanche Elo M Invicta avec puissance de chauffe 6kW\u2705 EcoLabel A\u2705 Flamme verte 7\u2b50 \u2705 Garantie 5ans \u2705 100% Fonte\" \/>\n<meta property=\"og:url\" content=\"https:\/\/www.invicta.fr\/fr\/produit\/poele-fonte-etanche-elo-m\/\" \/>\n<meta property=\"og:site_name\" content=\"Invicta\" \/>\n<meta property=\"article:modified_time\" content=\"2025-11-05T12:40:07+00:00\" \/>\n<meta property=\"og:image\" content=\"https:\/\/www.invicta.fr\/wp-content\/uploads\/2019\/07\/elo-m-eclairage_2-e1567778626749.jpg\" \/>\n\t<meta property=\"og:image:width\" content=\"696\" \/>\n\t<meta property=\"og:image:height\" content=\"1080\" \/>\n\t<meta property=\"og:image:type\" content=\"image\/jpeg\" \/>\n<meta name=\"twitter:card\" content=\"summary_large_image\" \/>\n<script type=\"application\/ld+json\" class=\"yoast-schema-graph\">{\"@context\":\"https:\/\/schema.org\",\"@graph\":[{\"@type\":\"WebPage\",\"@id\":\"https:\/\/www.invicta.fr\/fr\/produit\/poele-fonte-etanche-elo-m\/\",\"url\":\"https:\/\/www.invicta.fr\/fr\/produit\/poele-fonte-etanche-elo-m\/\",\"name\":\"Po\u00eale \u00e0 Bois Etanche Elo M | INVICTA\",\"isPartOf\":{\"@id\":\"https:\/\/www.invicta.fr\/fr\/#website\"},\"primaryImageOfPage\":{\"@id\":\"https:\/\/www.invicta.fr\/fr\/produit\/poele-fonte-etanche-elo-m\/#primaryimage\"},\"image\":{\"@id\":\"https:\/\/www.invicta.fr\/fr\/produit\/poele-fonte-etanche-elo-m\/#primaryimage\"},\"thumbnailUrl\":\"https:\/\/www.invicta.fr\/wp-content\/uploads\/2019\/07\/elo-m-eclairage_2-e1567778626749.jpg\",\"datePublished\":\"2025-11-04T10:13:44+00:00\",\"dateModified\":\"2025-11-05T12:40:07+00:00\",\"description\":\"D\u00e9couvrez le po\u00eale \u00e0 bois Etanche Elo M Invicta avec puissance de chauffe 6kW\u2705 EcoLabel A\u2705 Flamme verte 7\u2b50 \u2705 Garantie 5ans \u2705 100% Fonte\",\"breadcrumb\":{\"@id\":\"https:\/\/www.invicta.fr\/fr\/produit\/poele-fonte-etanche-elo-m\/#breadcrumb\"},\"inLanguage\":\"fr-FR\",\"potentialAction\":[{\"@type\":\"ReadAction\",\"target\":[\"https:\/\/www.invicta.fr\/fr\/produit\/poele-fonte-etanche-elo-m\/\"]}]},{\"@type\":\"ImageObject\",\"inLanguage\":\"fr-FR\",\"@id\":\"https:\/\/www.invicta.fr\/fr\/produit\/poele-fonte-etanche-elo-m\/#primaryimage\",\"url\":\"https:\/\/www.invicta.fr\/wp-content\/uploads\/2019\/07\/elo-m-eclairage_2-e1567778626749.jpg\",\"contentUrl\":\"https:\/\/www.invicta.fr\/wp-content\/uploads\/2019\/07\/elo-m-eclairage_2-e1567778626749.jpg\",\"width\":696,\"height\":1080,\"caption\":\"Po\u00eale \u00e0 bois fonte - Invicta - Elo M - 5 kW\"},{\"@type\":\"BreadcrumbList\",\"@id\":\"https:\/\/www.invicta.fr\/fr\/produit\/poele-fonte-etanche-elo-m\/#breadcrumb\",\"itemListElement\":[{\"@type\":\"ListItem\",\"position\":1,\"name\":\"Accueil\",\"item\":\"https:\/\/www.invicta.fr\/fr\/\"},{\"@type\":\"ListItem\",\"position\":2,\"name\":\"Produits\",\"item\":\"https:\/\/www.invicta.fr\/fr\/shop\/\"},{\"@type\":\"ListItem\",\"position\":3,\"name\":\"Po\u00eales \u00e0 Bois\",\"item\":\"https:\/\/www.invicta.fr\/fr\/categorie-produit\/poeles-bois\/\"},{\"@type\":\"ListItem\",\"position\":4,\"name\":\"Po\u00eales \u00e0 Bois \u00e9tanches\",\"item\":\"https:\/\/www.invicta.fr\/fr\/categorie-produit\/poeles-bois\/poeles-a-bois-etanches\/\"},{\"@type\":\"ListItem\",\"position\":5,\"name\":\"Po\u00eale Fonte \u00e9tanche Elo M\"}]},{\"@type\":\"WebSite\",\"@id\":\"https:\/\/www.invicta.fr\/fr\/#website\",\"url\":\"https:\/\/www.invicta.fr\/fr\/\",\"name\":\"Invicta\",\"description\":\"Fabricant fran\u00e7ais, sp\u00e9cialiste europ\u00e9en du chauffage au bois : po\u00eales \u00e0 bois et \u00e0 granul\u00e9s, chemin\u00e9es, foyers et inserts\",\"publisher\":{\"@id\":\"https:\/\/www.invicta.fr\/fr\/#organization\"},\"potentialAction\":[{\"@type\":\"SearchAction\",\"target\":{\"@type\":\"EntryPoint\",\"urlTemplate\":\"https:\/\/www.invicta.fr\/fr\/?s={search_term_string}\"},\"query-input\":{\"@type\":\"PropertyValueSpecification\",\"valueRequired\":true,\"valueName\":\"search_term_string\"}}],\"inLanguage\":\"fr-FR\"},{\"@type\":\"Organization\",\"@id\":\"https:\/\/www.invicta.fr\/fr\/#organization\",\"name\":\"Invicta\",\"url\":\"https:\/\/www.invicta.fr\/fr\/\",\"logo\":{\"@type\":\"ImageObject\",\"inLanguage\":\"fr-FR\",\"@id\":\"https:\/\/www.invicta.fr\/fr\/#\/schema\/logo\/image\/\",\"url\":\"https:\/\/www.invicta.fr\/wp-content\/uploads\/2019\/06\/INVICTALOGO_RVB.png\",\"contentUrl\":\"https:\/\/www.invicta.fr\/wp-content\/uploads\/2019\/06\/INVICTALOGO_RVB.png\",\"width\":1810,\"height\":1280,\"caption\":\"Invicta\"},\"image\":{\"@id\":\"https:\/\/www.invicta.fr\/fr\/#\/schema\/logo\/image\/\"}}]}<\/script>\n<!-- \/ Yoast SEO plugin. -->","yoast_head_json":{"title":"Po\u00eale \u00e0 Bois Etanche Elo M | INVICTA","description":"D\u00e9couvrez le po\u00eale \u00e0 bois Etanche Elo M Invicta avec puissance de chauffe 6kW\u2705 EcoLabel A\u2705 Flamme verte 7\u2b50 \u2705 Garantie 5ans \u2705 100% Fonte","robots":{"index":"index","follow":"follow","max-snippet":"max-snippet:-1","max-image-preview":"max-image-preview:large","max-video-preview":"max-video-preview:-1"},"canonical":"https:\/\/www.invicta.fr\/fr\/produit\/poele-fonte-etanche-elo-m\/","og_locale":"fr_FR","og_type":"article","og_title":"Po\u00eale \u00e0 Bois Etanche Elo M | INVICTA","og_description":"D\u00e9couvrez le po\u00eale \u00e0 bois Etanche Elo M Invicta avec puissance de chauffe 6kW\u2705 EcoLabel A\u2705 Flamme verte 7\u2b50 \u2705 Garantie 5ans \u2705 100% Fonte","og_url":"https:\/\/www.invicta.fr\/fr\/produit\/poele-fonte-etanche-elo-m\/","og_site_name":"Invicta","article_modified_time":"2025-11-05T12:40:07+00:00","og_image":[{"width":696,"height":1080,"url":"https:\/\/www.invicta.fr\/wp-content\/uploads\/2019\/07\/elo-m-eclairage_2-e1567778626749.jpg","type":"image\/jpeg"}],"twitter_card":"summary_large_image","schema":{"@context":"https:\/\/schema.org","@graph":[{"@type":"WebPage","@id":"https:\/\/www.invicta.fr\/fr\/produit\/poele-fonte-etanche-elo-m\/","url":"https:\/\/www.invicta.fr\/fr\/produit\/poele-fonte-etanche-elo-m\/","name":"Po\u00eale \u00e0 Bois Etanche Elo M | INVICTA","isPartOf":{"@id":"https:\/\/www.invicta.fr\/fr\/#website"},"primaryImageOfPage":{"@id":"https:\/\/www.invicta.fr\/fr\/produit\/poele-fonte-etanche-elo-m\/#primaryimage"},"image":{"@id":"https:\/\/www.invicta.fr\/fr\/produit\/poele-fonte-etanche-elo-m\/#primaryimage"},"thumbnailUrl":"https:\/\/www.invicta.fr\/wp-content\/uploads\/2019\/07\/elo-m-eclairage_2-e1567778626749.jpg","datePublished":"2025-11-04T10:13:44+00:00","dateModified":"2025-11-05T12:40:07+00:00","description":"D\u00e9couvrez le po\u00eale \u00e0 bois Etanche Elo M Invicta avec puissance de chauffe 6kW\u2705 EcoLabel A\u2705 Flamme verte 7\u2b50 \u2705 Garantie 5ans \u2705 100% Fonte","breadcrumb":{"@id":"https:\/\/www.invicta.fr\/fr\/produit\/poele-fonte-etanche-elo-m\/#breadcrumb"},"inLanguage":"fr-FR","potentialAction":[{"@type":"ReadAction","target":["https:\/\/www.invicta.fr\/fr\/produit\/poele-fonte-etanche-elo-m\/"]}]},{"@type":"ImageObject","inLanguage":"fr-FR","@id":"https:\/\/www.invicta.fr\/fr\/produit\/poele-fonte-etanche-elo-m\/#primaryimage","url":"https:\/\/www.invicta.fr\/wp-content\/uploads\/2019\/07\/elo-m-eclairage_2-e1567778626749.jpg","contentUrl":"https:\/\/www.invicta.fr\/wp-content\/uploads\/2019\/07\/elo-m-eclairage_2-e1567778626749.jpg","width":696,"height":1080,"caption":"Po\u00eale \u00e0 bois fonte - Invicta - Elo M - 5 kW"},{"@type":"BreadcrumbList","@id":"https:\/\/www.invicta.fr\/fr\/produit\/poele-fonte-etanche-elo-m\/#breadcrumb","itemListElement":[{"@type":"ListItem","position":1,"name":"Accueil","item":"https:\/\/www.invicta.fr\/fr\/"},{"@type":"ListItem","position":2,"name":"Produits","item":"https:\/\/www.invicta.fr\/fr\/shop\/"},{"@type":"ListItem","position":3,"name":"Po\u00eales \u00e0 Bois","item":"https:\/\/www.invicta.fr\/fr\/categorie-produit\/poeles-bois\/"},{"@type":"ListItem","position":4,"name":"Po\u00eales \u00e0 Bois \u00e9tanches","item":"https:\/\/www.invicta.fr\/fr\/categorie-produit\/poeles-bois\/poeles-a-bois-etanches\/"},{"@type":"ListItem","position":5,"name":"Po\u00eale Fonte \u00e9tanche Elo M"}]},{"@type":"WebSite","@id":"https:\/\/www.invicta.fr\/fr\/#website","url":"https:\/\/www.invicta.fr\/fr\/","name":"Invicta","description":"Fabricant fran\u00e7ais, sp\u00e9cialiste europ\u00e9en du chauffage au bois : po\u00eales \u00e0 bois et \u00e0 granul\u00e9s, chemin\u00e9es, foyers et inserts","publisher":{"@id":"https:\/\/www.invicta.fr\/fr\/#organization"},"potentialAction":[{"@type":"SearchAction","target":{"@type":"EntryPoint","urlTemplate":"https:\/\/www.invicta.fr\/fr\/?s={search_term_string}"},"query-input":{"@type":"PropertyValueSpecification","valueRequired":true,"valueName":"search_term_string"}}],"inLanguage":"fr-FR"},{"@type":"Organization","@id":"https:\/\/www.invicta.fr\/fr\/#organization","name":"Invicta","url":"https:\/\/www.invicta.fr\/fr\/","logo":{"@type":"ImageObject","inLanguage":"fr-FR","@id":"https:\/\/www.invicta.fr\/fr\/#\/schema\/logo\/image\/","url":"https:\/\/www.invicta.fr\/wp-content\/uploads\/2019\/06\/INVICTALOGO_RVB.png","contentUrl":"https:\/\/www.invicta.fr\/wp-content\/uploads\/2019\/06\/INVICTALOGO_RVB.png","width":1810,"height":1280,"caption":"Invicta"},"image":{"@id":"https:\/\/www.invicta.fr\/fr\/#\/schema\/logo\/image\/"}}]}},"_links":{"self":[{"href":"https:\/\/www.invicta.fr\/fr\/wp-json\/wp\/v2\/product\/68702","targetHints":{"allow":["GET"]}}],"collection":[{"href":"https:\/\/www.invicta.fr\/fr\/wp-json\/wp\/v2\/product"}],"about":[{"href":"https:\/\/www.invicta.fr\/fr\/wp-json\/wp\/v2\/types\/product"}],"wp:featuredmedia":[{"embeddable":true,"href":"https:\/\/www.invicta.fr\/fr\/wp-json\/wp\/v2\/media\/903"}],"wp:attachment":[{"href":"https:\/\/www.invicta.fr\/fr\/wp-json\/wp\/v2\/media?parent=68702"}],"wp:term":[{"taxonomy":"product_brand","embeddable":true,"href":"https:\/\/www.invicta.fr\/fr\/wp-json\/wp\/v2\/product_brand?post=68702"},{"taxonomy":"product_cat","embeddable":true,"href":"https:\/\/www.invicta.fr\/fr\/wp-json\/wp\/v2\/product_cat?post=68702"},{"taxonomy":"product_tag","embeddable":true,"href":"https:\/\/www.invicta.fr\/fr\/wp-json\/wp\/v2\/product_tag?post=68702"},{"taxonomy":"plus_produit","embeddable":true,"href":"https:\/\/www.invicta.fr\/fr\/wp-json\/wp\/v2\/plus_produit?post=68702"}],"curies":[{"name":"wp","href":"https:\/\/api.w.org\/{rel}","templated":true}]}}