{"id":69013,"date":"2025-11-05T16:29:43","date_gmt":"2025-11-05T15:29:43","guid":{"rendered":"https:\/\/www.invicta.fr\/?post_type=product&#038;p=69013"},"modified":"2026-03-05T14:35:09","modified_gmt":"2026-03-05T13:35:09","slug":"poele-a-bois-fonte-wilson-a-poser-raccordable-2","status":"publish","type":"product","link":"https:\/\/www.invicta.fr\/fr\/produit\/poele-a-bois-fonte-wilson-a-poser-raccordable-2\/","title":{"rendered":"Po\u00eale \u00e0 Bois Fonte Wilson \u00e0 poser raccordable"},"content":{"rendered":"","protected":false},"excerpt":{"rendered":"<p>R\u00e9duisez votre facture de chauffage avec le tr\u00e8s performant po\u00eale \u00e0 bois Wilson. En plus de vous chauffer efficacement, cette version \u00e0 poser, au design \u00e9pur\u00e9, modernisera votre int\u00e9rieur. Livr\u00e9 avec 50 cm de fumisterie.<\/p>\n","protected":false},"featured_media":56557,"template":"","meta":{"_acf_changed":false},"product_brand":[],"product_cat":[2117,44,7303,5861,5868,5860,5874,5838,7307,5842],"product_tag":[7105,57,58,59,51,53,73,65,6826,60],"plus_produit":[612,6834,2144,1919,1983,129,130],"class_list":{"1":"product","4":"has-post-thumbnail","6":"product_cat-aide-au-choix","7":"product_cat-poeles-a-bois-fonte-acier","8":"product_cat-poeles-cheminees","9":"product_cat-poeles-a-bois-buches-50-cm","10":"product_cat-poeles-a-bois-9-kw","11":"product_cat-poeles-a-bois-contemporains","12":"product_cat-poeles-a-bois-industriels","13":"product_cat-poeles-a-bois-modernes","14":"product_cat-poeles-a-bois-encastrables","15":"product_cat-poeles-a-granules-10-kw","16":"product_tag-en16510","17":"product_tag-flamme-verte","18":"product_tag-eco-design-2022","19":"product_tag-a-ecolabel","20":"product_tag-fonte-100","21":"product_tag-post-combustion","22":"product_tag-raccordable-2","23":"product_tag-garantie-2-ans","24":"product_tag-garantie-extension-3-ans","25":"product_tag-z-credit-impot","26":"pa_depart-des-fumees-dessus","27":"pa_diametre-de-buse-150-mm","28":"pa_indice-de-performance-5571","29":"pa_puissance-optimale-9-kw","30":"pa_surface-de-chauffe-50-a-110-m","31":"pa_taux-de-co-230","32":"pa_volume-de-chauffe-125-275-m","33":"plus_produit-air-secondaire-reglable","34":"plus_produit-extension-de-garantie-3-ans","35":"plus_produit-habillage-foyer-en-vermiculite","36":"plus_produit-origine-france-garantie","37":"plus_produit-raccordable","38":"plus_produit-systeme-de-post-combustion","39":"plus_produit-vitre-propre","41":"first","42":"instock","43":"purchasable","44":"product-type-simple"},"acf":[],"yoast_head":"<!-- This site is optimized with the Yoast SEO plugin v24.7 - https:\/\/yoast.com\/wordpress\/plugins\/seo\/ -->\n<title>Po\u00eale \u00e0 Bois Fonte Raccordable Wilson \u00e0 poser | INVICTA<\/title>\n<meta name=\"description\" content=\"D\u00e9couvrez le Po\u00eale \u00e0 Bois, 100% Fonte, Wilson \u00e0 poser avec puissance 9kW \u2705 EcoLabel A \u2705 Origine France\u2705 Flamme verte 7\u2b50 Garantie 5 ans\" \/>\n<meta name=\"robots\" content=\"index, follow, max-snippet:-1, max-image-preview:large, max-video-preview:-1\" \/>\n<link rel=\"canonical\" href=\"https:\/\/www.invicta.fr\/fr\/produit\/poele-a-bois-fonte-wilson-a-poser-raccordable-2\/\" \/>\n<meta property=\"og:locale\" content=\"fr_FR\" \/>\n<meta property=\"og:type\" content=\"article\" \/>\n<meta property=\"og:title\" content=\"Po\u00eale \u00e0 Bois Fonte Raccordable Wilson \u00e0 poser | INVICTA\" \/>\n<meta property=\"og:description\" content=\"D\u00e9couvrez le Po\u00eale \u00e0 Bois, 100% Fonte, Wilson \u00e0 poser avec puissance 9kW \u2705 EcoLabel A \u2705 Origine France\u2705 Flamme verte 7\u2b50 Garantie 5 ans\" \/>\n<meta property=\"og:url\" content=\"https:\/\/www.invicta.fr\/fr\/produit\/poele-a-bois-fonte-wilson-a-poser-raccordable-2\/\" \/>\n<meta property=\"og:site_name\" content=\"Invicta\" \/>\n<meta property=\"article:modified_time\" content=\"2026-03-05T13:35:09+00:00\" \/>\n<meta property=\"og:image\" content=\"https:\/\/www.invicta.fr\/wp-content\/uploads\/2023\/07\/C-P648204-WILSON-POSER-WEB-2.jpg\" \/>\n\t<meta property=\"og:image:width\" content=\"939\" \/>\n\t<meta property=\"og:image:height\" content=\"800\" \/>\n\t<meta property=\"og:image:type\" content=\"image\/jpeg\" \/>\n<meta name=\"twitter:card\" content=\"summary_large_image\" \/>\n<script type=\"application\/ld+json\" class=\"yoast-schema-graph\">{\"@context\":\"https:\/\/schema.org\",\"@graph\":[{\"@type\":\"WebPage\",\"@id\":\"https:\/\/www.invicta.fr\/fr\/produit\/poele-a-bois-fonte-wilson-a-poser-raccordable-2\/\",\"url\":\"https:\/\/www.invicta.fr\/fr\/produit\/poele-a-bois-fonte-wilson-a-poser-raccordable-2\/\",\"name\":\"Po\u00eale \u00e0 Bois Fonte Raccordable Wilson \u00e0 poser | INVICTA\",\"isPartOf\":{\"@id\":\"https:\/\/www.invicta.fr\/fr\/#website\"},\"primaryImageOfPage\":{\"@id\":\"https:\/\/www.invicta.fr\/fr\/produit\/poele-a-bois-fonte-wilson-a-poser-raccordable-2\/#primaryimage\"},\"image\":{\"@id\":\"https:\/\/www.invicta.fr\/fr\/produit\/poele-a-bois-fonte-wilson-a-poser-raccordable-2\/#primaryimage\"},\"thumbnailUrl\":\"https:\/\/www.invicta.fr\/wp-content\/uploads\/2023\/07\/C-P648204-WILSON-POSER-WEB-2.jpg\",\"datePublished\":\"2025-11-05T15:29:43+00:00\",\"dateModified\":\"2026-03-05T13:35:09+00:00\",\"description\":\"D\u00e9couvrez le Po\u00eale \u00e0 Bois, 100% Fonte, Wilson \u00e0 poser avec puissance 9kW \u2705 EcoLabel A \u2705 Origine France\u2705 Flamme verte 7\u2b50 Garantie 5 ans\",\"breadcrumb\":{\"@id\":\"https:\/\/www.invicta.fr\/fr\/produit\/poele-a-bois-fonte-wilson-a-poser-raccordable-2\/#breadcrumb\"},\"inLanguage\":\"fr-FR\",\"potentialAction\":[{\"@type\":\"ReadAction\",\"target\":[\"https:\/\/www.invicta.fr\/fr\/produit\/poele-a-bois-fonte-wilson-a-poser-raccordable-2\/\"]}]},{\"@type\":\"ImageObject\",\"inLanguage\":\"fr-FR\",\"@id\":\"https:\/\/www.invicta.fr\/fr\/produit\/poele-a-bois-fonte-wilson-a-poser-raccordable-2\/#primaryimage\",\"url\":\"https:\/\/www.invicta.fr\/wp-content\/uploads\/2023\/07\/C-P648204-WILSON-POSER-WEB-2.jpg\",\"contentUrl\":\"https:\/\/www.invicta.fr\/wp-content\/uploads\/2023\/07\/C-P648204-WILSON-POSER-WEB-2.jpg\",\"width\":939,\"height\":800},{\"@type\":\"BreadcrumbList\",\"@id\":\"https:\/\/www.invicta.fr\/fr\/produit\/poele-a-bois-fonte-wilson-a-poser-raccordable-2\/#breadcrumb\",\"itemListElement\":[{\"@type\":\"ListItem\",\"position\":1,\"name\":\"Accueil\",\"item\":\"https:\/\/www.invicta.fr\/fr\/\"},{\"@type\":\"ListItem\",\"position\":2,\"name\":\"Produits\",\"item\":\"https:\/\/www.invicta.fr\/fr\/shop\/\"},{\"@type\":\"ListItem\",\"position\":3,\"name\":\"Po\u00eales \u00e0 Bois\",\"item\":\"https:\/\/www.invicta.fr\/fr\/categorie-produit\/poeles-bois\/\"},{\"@type\":\"ListItem\",\"position\":4,\"name\":\"Po\u00eales \u00e0 Bois en Fonte\",\"item\":\"https:\/\/www.invicta.fr\/fr\/categorie-produit\/poeles-bois\/poeles-a-bois-fonte-acier\/\"},{\"@type\":\"ListItem\",\"position\":5,\"name\":\"Po\u00eale \u00e0 Bois Fonte Wilson \u00e0 poser raccordable\"}]},{\"@type\":\"WebSite\",\"@id\":\"https:\/\/www.invicta.fr\/fr\/#website\",\"url\":\"https:\/\/www.invicta.fr\/fr\/\",\"name\":\"Invicta\",\"description\":\"Fabricant fran\u00e7ais, sp\u00e9cialiste europ\u00e9en du chauffage au bois : po\u00eales \u00e0 bois et \u00e0 granul\u00e9s, chemin\u00e9es, foyers et inserts\",\"publisher\":{\"@id\":\"https:\/\/www.invicta.fr\/fr\/#organization\"},\"potentialAction\":[{\"@type\":\"SearchAction\",\"target\":{\"@type\":\"EntryPoint\",\"urlTemplate\":\"https:\/\/www.invicta.fr\/fr\/?s={search_term_string}\"},\"query-input\":{\"@type\":\"PropertyValueSpecification\",\"valueRequired\":true,\"valueName\":\"search_term_string\"}}],\"inLanguage\":\"fr-FR\"},{\"@type\":\"Organization\",\"@id\":\"https:\/\/www.invicta.fr\/fr\/#organization\",\"name\":\"Invicta\",\"url\":\"https:\/\/www.invicta.fr\/fr\/\",\"logo\":{\"@type\":\"ImageObject\",\"inLanguage\":\"fr-FR\",\"@id\":\"https:\/\/www.invicta.fr\/fr\/#\/schema\/logo\/image\/\",\"url\":\"https:\/\/www.invicta.fr\/wp-content\/uploads\/2019\/06\/INVICTALOGO_RVB.png\",\"contentUrl\":\"https:\/\/www.invicta.fr\/wp-content\/uploads\/2019\/06\/INVICTALOGO_RVB.png\",\"width\":1810,\"height\":1280,\"caption\":\"Invicta\"},\"image\":{\"@id\":\"https:\/\/www.invicta.fr\/fr\/#\/schema\/logo\/image\/\"}}]}<\/script>\n<!-- \/ Yoast SEO plugin. -->","yoast_head_json":{"title":"Po\u00eale \u00e0 Bois Fonte Raccordable Wilson \u00e0 poser | INVICTA","description":"D\u00e9couvrez le Po\u00eale \u00e0 Bois, 100% Fonte, Wilson \u00e0 poser avec puissance 9kW \u2705 EcoLabel A \u2705 Origine France\u2705 Flamme verte 7\u2b50 Garantie 5 ans","robots":{"index":"index","follow":"follow","max-snippet":"max-snippet:-1","max-image-preview":"max-image-preview:large","max-video-preview":"max-video-preview:-1"},"canonical":"https:\/\/www.invicta.fr\/fr\/produit\/poele-a-bois-fonte-wilson-a-poser-raccordable-2\/","og_locale":"fr_FR","og_type":"article","og_title":"Po\u00eale \u00e0 Bois Fonte Raccordable Wilson \u00e0 poser | INVICTA","og_description":"D\u00e9couvrez le Po\u00eale \u00e0 Bois, 100% Fonte, Wilson \u00e0 poser avec puissance 9kW \u2705 EcoLabel A \u2705 Origine France\u2705 Flamme verte 7\u2b50 Garantie 5 ans","og_url":"https:\/\/www.invicta.fr\/fr\/produit\/poele-a-bois-fonte-wilson-a-poser-raccordable-2\/","og_site_name":"Invicta","article_modified_time":"2026-03-05T13:35:09+00:00","og_image":[{"width":939,"height":800,"url":"https:\/\/www.invicta.fr\/wp-content\/uploads\/2023\/07\/C-P648204-WILSON-POSER-WEB-2.jpg","type":"image\/jpeg"}],"twitter_card":"summary_large_image","schema":{"@context":"https:\/\/schema.org","@graph":[{"@type":"WebPage","@id":"https:\/\/www.invicta.fr\/fr\/produit\/poele-a-bois-fonte-wilson-a-poser-raccordable-2\/","url":"https:\/\/www.invicta.fr\/fr\/produit\/poele-a-bois-fonte-wilson-a-poser-raccordable-2\/","name":"Po\u00eale \u00e0 Bois Fonte Raccordable Wilson \u00e0 poser | INVICTA","isPartOf":{"@id":"https:\/\/www.invicta.fr\/fr\/#website"},"primaryImageOfPage":{"@id":"https:\/\/www.invicta.fr\/fr\/produit\/poele-a-bois-fonte-wilson-a-poser-raccordable-2\/#primaryimage"},"image":{"@id":"https:\/\/www.invicta.fr\/fr\/produit\/poele-a-bois-fonte-wilson-a-poser-raccordable-2\/#primaryimage"},"thumbnailUrl":"https:\/\/www.invicta.fr\/wp-content\/uploads\/2023\/07\/C-P648204-WILSON-POSER-WEB-2.jpg","datePublished":"2025-11-05T15:29:43+00:00","dateModified":"2026-03-05T13:35:09+00:00","description":"D\u00e9couvrez le Po\u00eale \u00e0 Bois, 100% Fonte, Wilson \u00e0 poser avec puissance 9kW \u2705 EcoLabel A \u2705 Origine France\u2705 Flamme verte 7\u2b50 Garantie 5 ans","breadcrumb":{"@id":"https:\/\/www.invicta.fr\/fr\/produit\/poele-a-bois-fonte-wilson-a-poser-raccordable-2\/#breadcrumb"},"inLanguage":"fr-FR","potentialAction":[{"@type":"ReadAction","target":["https:\/\/www.invicta.fr\/fr\/produit\/poele-a-bois-fonte-wilson-a-poser-raccordable-2\/"]}]},{"@type":"ImageObject","inLanguage":"fr-FR","@id":"https:\/\/www.invicta.fr\/fr\/produit\/poele-a-bois-fonte-wilson-a-poser-raccordable-2\/#primaryimage","url":"https:\/\/www.invicta.fr\/wp-content\/uploads\/2023\/07\/C-P648204-WILSON-POSER-WEB-2.jpg","contentUrl":"https:\/\/www.invicta.fr\/wp-content\/uploads\/2023\/07\/C-P648204-WILSON-POSER-WEB-2.jpg","width":939,"height":800},{"@type":"BreadcrumbList","@id":"https:\/\/www.invicta.fr\/fr\/produit\/poele-a-bois-fonte-wilson-a-poser-raccordable-2\/#breadcrumb","itemListElement":[{"@type":"ListItem","position":1,"name":"Accueil","item":"https:\/\/www.invicta.fr\/fr\/"},{"@type":"ListItem","position":2,"name":"Produits","item":"https:\/\/www.invicta.fr\/fr\/shop\/"},{"@type":"ListItem","position":3,"name":"Po\u00eales \u00e0 Bois","item":"https:\/\/www.invicta.fr\/fr\/categorie-produit\/poeles-bois\/"},{"@type":"ListItem","position":4,"name":"Po\u00eales \u00e0 Bois en Fonte","item":"https:\/\/www.invicta.fr\/fr\/categorie-produit\/poeles-bois\/poeles-a-bois-fonte-acier\/"},{"@type":"ListItem","position":5,"name":"Po\u00eale \u00e0 Bois Fonte Wilson \u00e0 poser raccordable"}]},{"@type":"WebSite","@id":"https:\/\/www.invicta.fr\/fr\/#website","url":"https:\/\/www.invicta.fr\/fr\/","name":"Invicta","description":"Fabricant fran\u00e7ais, sp\u00e9cialiste europ\u00e9en du chauffage au bois : po\u00eales \u00e0 bois et \u00e0 granul\u00e9s, chemin\u00e9es, foyers et inserts","publisher":{"@id":"https:\/\/www.invicta.fr\/fr\/#organization"},"potentialAction":[{"@type":"SearchAction","target":{"@type":"EntryPoint","urlTemplate":"https:\/\/www.invicta.fr\/fr\/?s={search_term_string}"},"query-input":{"@type":"PropertyValueSpecification","valueRequired":true,"valueName":"search_term_string"}}],"inLanguage":"fr-FR"},{"@type":"Organization","@id":"https:\/\/www.invicta.fr\/fr\/#organization","name":"Invicta","url":"https:\/\/www.invicta.fr\/fr\/","logo":{"@type":"ImageObject","inLanguage":"fr-FR","@id":"https:\/\/www.invicta.fr\/fr\/#\/schema\/logo\/image\/","url":"https:\/\/www.invicta.fr\/wp-content\/uploads\/2019\/06\/INVICTALOGO_RVB.png","contentUrl":"https:\/\/www.invicta.fr\/wp-content\/uploads\/2019\/06\/INVICTALOGO_RVB.png","width":1810,"height":1280,"caption":"Invicta"},"image":{"@id":"https:\/\/www.invicta.fr\/fr\/#\/schema\/logo\/image\/"}}]}},"_links":{"self":[{"href":"https:\/\/www.invicta.fr\/fr\/wp-json\/wp\/v2\/product\/69013","targetHints":{"allow":["GET"]}}],"collection":[{"href":"https:\/\/www.invicta.fr\/fr\/wp-json\/wp\/v2\/product"}],"about":[{"href":"https:\/\/www.invicta.fr\/fr\/wp-json\/wp\/v2\/types\/product"}],"wp:featuredmedia":[{"embeddable":true,"href":"https:\/\/www.invicta.fr\/fr\/wp-json\/wp\/v2\/media\/56557"}],"wp:attachment":[{"href":"https:\/\/www.invicta.fr\/fr\/wp-json\/wp\/v2\/media?parent=69013"}],"wp:term":[{"taxonomy":"product_brand","embeddable":true,"href":"https:\/\/www.invicta.fr\/fr\/wp-json\/wp\/v2\/product_brand?post=69013"},{"taxonomy":"product_cat","embeddable":true,"href":"https:\/\/www.invicta.fr\/fr\/wp-json\/wp\/v2\/product_cat?post=69013"},{"taxonomy":"product_tag","embeddable":true,"href":"https:\/\/www.invicta.fr\/fr\/wp-json\/wp\/v2\/product_tag?post=69013"},{"taxonomy":"plus_produit","embeddable":true,"href":"https:\/\/www.invicta.fr\/fr\/wp-json\/wp\/v2\/plus_produit?post=69013"}],"curies":[{"name":"wp","href":"https:\/\/api.w.org\/{rel}","templated":true}]}}