{"id":70985,"date":"2025-11-19T16:04:37","date_gmt":"2025-11-19T15:04:37","guid":{"rendered":"https:\/\/www.invicta.fr\/?post_type=product&#038;p=70985"},"modified":"2025-11-19T16:26:45","modified_gmt":"2025-11-19T15:26:45","slug":"insert-800-grand-angle-turbo-12kw","status":"publish","type":"product","link":"https:\/\/www.invicta.fr\/fr\/produit\/insert-800-grand-angle-turbo-12kw\/","title":{"rendered":"Insert 800 Grand Angle Turbo"},"content":{"rendered":"","protected":false},"excerpt":{"rendered":"<p>Prenez place devant votre chemin\u00e9e, le spectacle est grandiose gr\u00e2ce \u00e0 la vitre pleine de ce mod\u00e8le grand format. Une douce chaleur se diffuse dans la pi\u00e8ce.<\/p>\n","protected":false},"featured_media":25977,"template":"","meta":{"_acf_changed":false},"product_brand":[],"product_cat":[2117,81,7304,5881,5888],"product_tag":[7105,57,58,59,62,2153,53,65,6826,60],"plus_produit":[2152,6834,2146,2150,1919,129,141,130],"class_list":{"1":"product","4":"has-post-thumbnail","6":"product_cat-aide-au-choix","7":"product_cat-inserts-a-bois-pour-cheminees","8":"product_cat-cheminees-a-bois","9":"product_cat-inserts-bois-design","10":"product_cat-inserts-bois-encastrables","11":"product_tag-en16510","12":"product_tag-flamme-verte","13":"product_tag-eco-design-2022","14":"product_tag-a-ecolabel","15":"product_tag-101-fabrication-francaise","16":"product_tag-fonte-carenage-acier","17":"product_tag-post-combustion","18":"product_tag-garantie-2-ans","19":"product_tag-garantie-extension-3-ans","20":"product_tag-z-credit-impot","21":"pa_depart-des-fumees-dessus","22":"pa_diametre-de-buse-200-mm","23":"pa_indice-de-performance-5572","24":"pa_options-accessoires-manchettes-sortie-air-chaud","25":"pa_puissance-12-kw","26":"pa_surface-de-chauffe-65-145-m","27":"pa_taux-de-co-230","28":"pa_volume-de-chauffe-160-a-360-m","29":"plus_produit-diffusion-dair-chaud-par-ventilation-forcee","30":"plus_produit-extension-de-garantie-3-ans","31":"plus_produit-intermittent-et-combustion-prolongee-3-heures","32":"plus_produit-manchettes-en-option","33":"plus_produit-origine-france-garantie","34":"plus_produit-systeme-de-post-combustion","35":"plus_produit-vitre-exterieure-grand-angle","36":"plus_produit-vitre-propre","38":"first","39":"instock","40":"purchasable","41":"product-type-simple"},"acf":[],"yoast_head":"<!-- This site is optimized with the Yoast SEO plugin v24.7 - https:\/\/yoast.com\/wordpress\/plugins\/seo\/ -->\n<title>Insert \u00e0 bois 800 Grand Angle Turbo | INVICTA<\/title>\n<meta name=\"description\" content=\"Profitez de la chaleur de votre int\u00e9rieur avec l&#039;Insert \u00e0 bois 800 Grand Angle Turbo Invicta puissance 12kW \u2705 EcoLabel A \u2705 Garantie 3+2ans\u2705\" \/>\n<meta name=\"robots\" content=\"index, follow, max-snippet:-1, max-image-preview:large, max-video-preview:-1\" \/>\n<link rel=\"canonical\" href=\"https:\/\/www.invicta.fr\/fr\/produit\/insert-800-grand-angle-turbo-12kw\/\" \/>\n<meta property=\"og:locale\" content=\"fr_FR\" \/>\n<meta property=\"og:type\" content=\"article\" \/>\n<meta property=\"og:title\" content=\"Insert \u00e0 bois 800 Grand Angle Turbo | INVICTA\" \/>\n<meta property=\"og:description\" content=\"Profitez de la chaleur de votre int\u00e9rieur avec l&#039;Insert \u00e0 bois 800 Grand Angle Turbo Invicta puissance 12kW \u2705 EcoLabel A \u2705 Garantie 3+2ans\u2705\" \/>\n<meta property=\"og:url\" content=\"https:\/\/www.invicta.fr\/fr\/produit\/insert-800-grand-angle-turbo-12kw\/\" \/>\n<meta property=\"og:site_name\" content=\"Invicta\" \/>\n<meta property=\"article:modified_time\" content=\"2025-11-19T15:26:45+00:00\" \/>\n<meta property=\"og:image\" content=\"https:\/\/www.invicta.fr\/wp-content\/uploads\/2019\/09\/NEW-800GRDANGLE-CYCLO-SSF.jpg\" \/>\n\t<meta property=\"og:image:width\" content=\"1369\" \/>\n\t<meta property=\"og:image:height\" content=\"1080\" \/>\n\t<meta property=\"og:image:type\" content=\"image\/jpeg\" \/>\n<meta name=\"twitter:card\" content=\"summary_large_image\" \/>\n<script type=\"application\/ld+json\" class=\"yoast-schema-graph\">{\"@context\":\"https:\/\/schema.org\",\"@graph\":[{\"@type\":\"WebPage\",\"@id\":\"https:\/\/www.invicta.fr\/fr\/produit\/insert-800-grand-angle-turbo-12kw\/\",\"url\":\"https:\/\/www.invicta.fr\/fr\/produit\/insert-800-grand-angle-turbo-12kw\/\",\"name\":\"Insert \u00e0 bois 800 Grand Angle Turbo | INVICTA\",\"isPartOf\":{\"@id\":\"https:\/\/www.invicta.fr\/fr\/#website\"},\"primaryImageOfPage\":{\"@id\":\"https:\/\/www.invicta.fr\/fr\/produit\/insert-800-grand-angle-turbo-12kw\/#primaryimage\"},\"image\":{\"@id\":\"https:\/\/www.invicta.fr\/fr\/produit\/insert-800-grand-angle-turbo-12kw\/#primaryimage\"},\"thumbnailUrl\":\"https:\/\/www.invicta.fr\/wp-content\/uploads\/2019\/09\/NEW-800GRDANGLE-CYCLO-SSF.jpg\",\"datePublished\":\"2025-11-19T15:04:37+00:00\",\"dateModified\":\"2025-11-19T15:26:45+00:00\",\"description\":\"Profitez de la chaleur de votre int\u00e9rieur avec l'Insert \u00e0 bois 800 Grand Angle Turbo Invicta puissance 12kW \u2705 EcoLabel A \u2705 Garantie 3+2ans\u2705\",\"breadcrumb\":{\"@id\":\"https:\/\/www.invicta.fr\/fr\/produit\/insert-800-grand-angle-turbo-12kw\/#breadcrumb\"},\"inLanguage\":\"fr-FR\",\"potentialAction\":[{\"@type\":\"ReadAction\",\"target\":[\"https:\/\/www.invicta.fr\/fr\/produit\/insert-800-grand-angle-turbo-12kw\/\"]}]},{\"@type\":\"ImageObject\",\"inLanguage\":\"fr-FR\",\"@id\":\"https:\/\/www.invicta.fr\/fr\/produit\/insert-800-grand-angle-turbo-12kw\/#primaryimage\",\"url\":\"https:\/\/www.invicta.fr\/wp-content\/uploads\/2019\/09\/NEW-800GRDANGLE-CYCLO-SSF.jpg\",\"contentUrl\":\"https:\/\/www.invicta.fr\/wp-content\/uploads\/2019\/09\/NEW-800GRDANGLE-CYCLO-SSF.jpg\",\"width\":1369,\"height\":1080,\"caption\":\"Insert grand angle 800 pour chemin\u00e9e - Invicta - 12 kW\"},{\"@type\":\"BreadcrumbList\",\"@id\":\"https:\/\/www.invicta.fr\/fr\/produit\/insert-800-grand-angle-turbo-12kw\/#breadcrumb\",\"itemListElement\":[{\"@type\":\"ListItem\",\"position\":1,\"name\":\"Accueil\",\"item\":\"https:\/\/www.invicta.fr\/fr\/\"},{\"@type\":\"ListItem\",\"position\":2,\"name\":\"Produits\",\"item\":\"https:\/\/www.invicta.fr\/fr\/shop\/\"},{\"@type\":\"ListItem\",\"position\":3,\"name\":\"Inserts Chemin\u00e9es\",\"item\":\"https:\/\/www.invicta.fr\/fr\/categorie-produit\/inserts-cheminees\/\"},{\"@type\":\"ListItem\",\"position\":4,\"name\":\"Inserts \u00e0 Bois - Chemin\u00e9es\",\"item\":\"https:\/\/www.invicta.fr\/fr\/categorie-produit\/inserts-cheminees\/inserts-a-bois-pour-cheminees\/\"},{\"@type\":\"ListItem\",\"position\":5,\"name\":\"Insert 800 Grand Angle Turbo\"}]},{\"@type\":\"WebSite\",\"@id\":\"https:\/\/www.invicta.fr\/fr\/#website\",\"url\":\"https:\/\/www.invicta.fr\/fr\/\",\"name\":\"Invicta\",\"description\":\"Fabricant fran\u00e7ais, sp\u00e9cialiste europ\u00e9en du chauffage au bois : po\u00eales \u00e0 bois et \u00e0 granul\u00e9s, chemin\u00e9es, foyers et inserts\",\"publisher\":{\"@id\":\"https:\/\/www.invicta.fr\/fr\/#organization\"},\"potentialAction\":[{\"@type\":\"SearchAction\",\"target\":{\"@type\":\"EntryPoint\",\"urlTemplate\":\"https:\/\/www.invicta.fr\/fr\/?s={search_term_string}\"},\"query-input\":{\"@type\":\"PropertyValueSpecification\",\"valueRequired\":true,\"valueName\":\"search_term_string\"}}],\"inLanguage\":\"fr-FR\"},{\"@type\":\"Organization\",\"@id\":\"https:\/\/www.invicta.fr\/fr\/#organization\",\"name\":\"Invicta\",\"url\":\"https:\/\/www.invicta.fr\/fr\/\",\"logo\":{\"@type\":\"ImageObject\",\"inLanguage\":\"fr-FR\",\"@id\":\"https:\/\/www.invicta.fr\/fr\/#\/schema\/logo\/image\/\",\"url\":\"https:\/\/www.invicta.fr\/wp-content\/uploads\/2019\/06\/INVICTALOGO_RVB.png\",\"contentUrl\":\"https:\/\/www.invicta.fr\/wp-content\/uploads\/2019\/06\/INVICTALOGO_RVB.png\",\"width\":1810,\"height\":1280,\"caption\":\"Invicta\"},\"image\":{\"@id\":\"https:\/\/www.invicta.fr\/fr\/#\/schema\/logo\/image\/\"}}]}<\/script>\n<!-- \/ Yoast SEO plugin. -->","yoast_head_json":{"title":"Insert \u00e0 bois 800 Grand Angle Turbo | INVICTA","description":"Profitez de la chaleur de votre int\u00e9rieur avec l'Insert \u00e0 bois 800 Grand Angle Turbo Invicta puissance 12kW \u2705 EcoLabel A \u2705 Garantie 3+2ans\u2705","robots":{"index":"index","follow":"follow","max-snippet":"max-snippet:-1","max-image-preview":"max-image-preview:large","max-video-preview":"max-video-preview:-1"},"canonical":"https:\/\/www.invicta.fr\/fr\/produit\/insert-800-grand-angle-turbo-12kw\/","og_locale":"fr_FR","og_type":"article","og_title":"Insert \u00e0 bois 800 Grand Angle Turbo | INVICTA","og_description":"Profitez de la chaleur de votre int\u00e9rieur avec l'Insert \u00e0 bois 800 Grand Angle Turbo Invicta puissance 12kW \u2705 EcoLabel A \u2705 Garantie 3+2ans\u2705","og_url":"https:\/\/www.invicta.fr\/fr\/produit\/insert-800-grand-angle-turbo-12kw\/","og_site_name":"Invicta","article_modified_time":"2025-11-19T15:26:45+00:00","og_image":[{"width":1369,"height":1080,"url":"https:\/\/www.invicta.fr\/wp-content\/uploads\/2019\/09\/NEW-800GRDANGLE-CYCLO-SSF.jpg","type":"image\/jpeg"}],"twitter_card":"summary_large_image","schema":{"@context":"https:\/\/schema.org","@graph":[{"@type":"WebPage","@id":"https:\/\/www.invicta.fr\/fr\/produit\/insert-800-grand-angle-turbo-12kw\/","url":"https:\/\/www.invicta.fr\/fr\/produit\/insert-800-grand-angle-turbo-12kw\/","name":"Insert \u00e0 bois 800 Grand Angle Turbo | INVICTA","isPartOf":{"@id":"https:\/\/www.invicta.fr\/fr\/#website"},"primaryImageOfPage":{"@id":"https:\/\/www.invicta.fr\/fr\/produit\/insert-800-grand-angle-turbo-12kw\/#primaryimage"},"image":{"@id":"https:\/\/www.invicta.fr\/fr\/produit\/insert-800-grand-angle-turbo-12kw\/#primaryimage"},"thumbnailUrl":"https:\/\/www.invicta.fr\/wp-content\/uploads\/2019\/09\/NEW-800GRDANGLE-CYCLO-SSF.jpg","datePublished":"2025-11-19T15:04:37+00:00","dateModified":"2025-11-19T15:26:45+00:00","description":"Profitez de la chaleur de votre int\u00e9rieur avec l'Insert \u00e0 bois 800 Grand Angle Turbo Invicta puissance 12kW \u2705 EcoLabel A \u2705 Garantie 3+2ans\u2705","breadcrumb":{"@id":"https:\/\/www.invicta.fr\/fr\/produit\/insert-800-grand-angle-turbo-12kw\/#breadcrumb"},"inLanguage":"fr-FR","potentialAction":[{"@type":"ReadAction","target":["https:\/\/www.invicta.fr\/fr\/produit\/insert-800-grand-angle-turbo-12kw\/"]}]},{"@type":"ImageObject","inLanguage":"fr-FR","@id":"https:\/\/www.invicta.fr\/fr\/produit\/insert-800-grand-angle-turbo-12kw\/#primaryimage","url":"https:\/\/www.invicta.fr\/wp-content\/uploads\/2019\/09\/NEW-800GRDANGLE-CYCLO-SSF.jpg","contentUrl":"https:\/\/www.invicta.fr\/wp-content\/uploads\/2019\/09\/NEW-800GRDANGLE-CYCLO-SSF.jpg","width":1369,"height":1080,"caption":"Insert grand angle 800 pour chemin\u00e9e - Invicta - 12 kW"},{"@type":"BreadcrumbList","@id":"https:\/\/www.invicta.fr\/fr\/produit\/insert-800-grand-angle-turbo-12kw\/#breadcrumb","itemListElement":[{"@type":"ListItem","position":1,"name":"Accueil","item":"https:\/\/www.invicta.fr\/fr\/"},{"@type":"ListItem","position":2,"name":"Produits","item":"https:\/\/www.invicta.fr\/fr\/shop\/"},{"@type":"ListItem","position":3,"name":"Inserts Chemin\u00e9es","item":"https:\/\/www.invicta.fr\/fr\/categorie-produit\/inserts-cheminees\/"},{"@type":"ListItem","position":4,"name":"Inserts \u00e0 Bois - Chemin\u00e9es","item":"https:\/\/www.invicta.fr\/fr\/categorie-produit\/inserts-cheminees\/inserts-a-bois-pour-cheminees\/"},{"@type":"ListItem","position":5,"name":"Insert 800 Grand Angle Turbo"}]},{"@type":"WebSite","@id":"https:\/\/www.invicta.fr\/fr\/#website","url":"https:\/\/www.invicta.fr\/fr\/","name":"Invicta","description":"Fabricant fran\u00e7ais, sp\u00e9cialiste europ\u00e9en du chauffage au bois : po\u00eales \u00e0 bois et \u00e0 granul\u00e9s, chemin\u00e9es, foyers et inserts","publisher":{"@id":"https:\/\/www.invicta.fr\/fr\/#organization"},"potentialAction":[{"@type":"SearchAction","target":{"@type":"EntryPoint","urlTemplate":"https:\/\/www.invicta.fr\/fr\/?s={search_term_string}"},"query-input":{"@type":"PropertyValueSpecification","valueRequired":true,"valueName":"search_term_string"}}],"inLanguage":"fr-FR"},{"@type":"Organization","@id":"https:\/\/www.invicta.fr\/fr\/#organization","name":"Invicta","url":"https:\/\/www.invicta.fr\/fr\/","logo":{"@type":"ImageObject","inLanguage":"fr-FR","@id":"https:\/\/www.invicta.fr\/fr\/#\/schema\/logo\/image\/","url":"https:\/\/www.invicta.fr\/wp-content\/uploads\/2019\/06\/INVICTALOGO_RVB.png","contentUrl":"https:\/\/www.invicta.fr\/wp-content\/uploads\/2019\/06\/INVICTALOGO_RVB.png","width":1810,"height":1280,"caption":"Invicta"},"image":{"@id":"https:\/\/www.invicta.fr\/fr\/#\/schema\/logo\/image\/"}}]}},"_links":{"self":[{"href":"https:\/\/www.invicta.fr\/fr\/wp-json\/wp\/v2\/product\/70985","targetHints":{"allow":["GET"]}}],"collection":[{"href":"https:\/\/www.invicta.fr\/fr\/wp-json\/wp\/v2\/product"}],"about":[{"href":"https:\/\/www.invicta.fr\/fr\/wp-json\/wp\/v2\/types\/product"}],"wp:featuredmedia":[{"embeddable":true,"href":"https:\/\/www.invicta.fr\/fr\/wp-json\/wp\/v2\/media\/25977"}],"wp:attachment":[{"href":"https:\/\/www.invicta.fr\/fr\/wp-json\/wp\/v2\/media?parent=70985"}],"wp:term":[{"taxonomy":"product_brand","embeddable":true,"href":"https:\/\/www.invicta.fr\/fr\/wp-json\/wp\/v2\/product_brand?post=70985"},{"taxonomy":"product_cat","embeddable":true,"href":"https:\/\/www.invicta.fr\/fr\/wp-json\/wp\/v2\/product_cat?post=70985"},{"taxonomy":"product_tag","embeddable":true,"href":"https:\/\/www.invicta.fr\/fr\/wp-json\/wp\/v2\/product_tag?post=70985"},{"taxonomy":"plus_produit","embeddable":true,"href":"https:\/\/www.invicta.fr\/fr\/wp-json\/wp\/v2\/plus_produit?post=70985"}],"curies":[{"name":"wp","href":"https:\/\/api.w.org\/{rel}","templated":true}]}}