{"id":804,"date":"2019-07-02T11:57:22","date_gmt":"2019-07-02T09:57:22","guid":{"rendered":"https:\/\/www.invicta.fr\/?post_type=product&#038;p=804"},"modified":"2026-03-24T13:41:38","modified_gmt":"2026-03-24T12:41:38","slug":"ove-plug-in-auto","status":"publish","type":"product","link":"https:\/\/www.invicta.fr\/fr\/produit\/ove-plug-in-auto\/","title":{"rendered":"Po\u00eale \u00e0 Granul\u00e9s Ove Plug-IN Auto Droite"},"content":{"rendered":"<p><iframe title=\"PLUGIN 2018 - Invicta\" width=\"500\" height=\"281\" src=\"https:\/\/www.youtube.com\/embed\/6SvXiUP1vkc?feature=oembed&#038;enablejsapi=1&#038;origin=https:\/\/www.invicta.fr\" frameborder=\"0\" allow=\"accelerometer; autoplay; clipboard-write; encrypted-media; gyroscope; picture-in-picture; web-share\" referrerpolicy=\"strict-origin-when-cross-origin\" allowfullscreen><\/iframe><\/p>\n","protected":false},"excerpt":{"rendered":"<p>Concept innovant de po\u00eale \u00e0 granul\u00e9s, Ove Plug-IN auto \u0153uvre pour le plaisir des sens. La vue avec une esth\u00e9tique incroyable. L&#8217; ou\u00efe avec un fonctionnement silencieux. Et le sens pratique avec un r\u00e9servoir de 21 kg et de nombreuses possibilit\u00e9s de programmation. <em>Design : Bernard Dequet<\/em><\/p>\n","protected":false},"featured_media":807,"template":"","meta":{"_acf_changed":false},"product_brand":[],"product_cat":[2117,47,5864,5857,5837,5834,5885,5856,5855,5844],"product_tag":[7105,57,58,64,67,62,7017,73,66,5592,65,6825,60,6718],"plus_produit":[612,1920,146,6835,5365,2104,1925,1924,1983,1921,2137],"class_list":{"1":"product","4":"has-post-thumbnail","6":"product_cat-aide-au-choix","7":"product_cat-plug-in-poeles-a-granules-nouvelle-generation","8":"product_cat-poeles-a-granules-7-kw","9":"product_cat-poeles-a-granules-autonomes","10":"product_cat-poeles-a-granules-programmables","11":"product_cat-poeles-a-granules-design","12":"product_cat-poeles-a-granules-contemporains","13":"product_cat-poeles-a-granules-modernes","14":"product_cat-poeles-a-granules-ronds","15":"product_cat-poeles-a-granules-sortie-dessus","16":"product_tag-en16510","17":"product_tag-flamme-verte","18":"product_tag-eco-design-2022","19":"product_tag-a-ecolabel-2","20":"product_tag-plug-in","21":"product_tag-101-fabrication-francaise","22":"product_tag-blmschv2","23":"product_tag-raccordable-2","24":"product_tag-silencieux-convection-naturelle","25":"product_tag-wifi-option-c02270","26":"product_tag-garantie-2-ans","27":"product_tag-garantie-extension-1-an","28":"product_tag-z-credit-impot","29":"product_tag-reserve-pros","30":"pa_autonomie-maximum-27-heures","31":"pa_autonomie-minimum-11-hours","32":"pa_capacite-de-la-tremie-6381","33":"pa_consommation-076-187","34":"pa_depart-des-fumees-sur-le-dessus-de-la-tremie-a-droite","35":"pa_diametre-de-buse-80-mm","36":"pa_indice-de-performance-5578","37":"pa_modulation-de-puissance-35-83","38":"pa_puissance-8-kw","39":"pa_surface-de-chauffe-25-100","40":"pa_taux-de-co-00118-00202","41":"pa_volume-de-chauffe-65-250","42":"plus_produit-air-secondaire-reglable","43":"plus_produit-allumage-et-extinction-automatiques","44":"plus_produit-appareil-silencieux-a-convection-naturelle","45":"plus_produit-extension-de-garantie-1-an","46":"plus_produit-kit-wifi-en-option","47":"plus_produit-module-technique-mural-innovant","48":"plus_produit-possibilite-de-pilotage-par-thermostat-externe-non-fourni","49":"plus_produit-programmation-chrono-thermostat","50":"plus_produit-raccordable","51":"plus_produit-regulation-de-lallure-ou-de-la-temperature-ambiante","52":"plus_produit-stand-by-veille","54":"first","55":"instock","56":"product-type-simple"},"acf":[],"yoast_head":"<!-- This site is optimized with the Yoast SEO plugin v24.7 - https:\/\/yoast.com\/wordpress\/plugins\/seo\/ -->\n<title>Po\u00eale \u00e0 Granul\u00e9s Ove Plug-In Auto Droite | INVICTA<\/title>\n<meta name=\"description\" content=\"Concept innovant de Po\u00eales \u00e0 Granul\u00e9s Ove PlugIn, EcoLabel A+, puissance 8 kW\u2705 Garantie 2ans\u2705 Flamme verte 7\u2b50 Origine France\" \/>\n<meta name=\"robots\" content=\"index, follow, max-snippet:-1, max-image-preview:large, max-video-preview:-1\" \/>\n<link rel=\"canonical\" href=\"https:\/\/www.invicta.fr\/fr\/produit\/ove-plug-in-auto\/\" \/>\n<meta property=\"og:locale\" content=\"fr_FR\" \/>\n<meta property=\"og:type\" content=\"article\" \/>\n<meta property=\"og:title\" content=\"Po\u00eale \u00e0 Granul\u00e9s Ove Plug-In Auto Droite | INVICTA\" \/>\n<meta property=\"og:description\" content=\"Concept innovant de Po\u00eales \u00e0 Granul\u00e9s Ove PlugIn, EcoLabel A+, puissance 8 kW\u2705 Garantie 2ans\u2705 Flamme verte 7\u2b50 Origine France\" \/>\n<meta property=\"og:url\" content=\"https:\/\/www.invicta.fr\/fr\/produit\/ove-plug-in-auto\/\" \/>\n<meta property=\"og:site_name\" content=\"Invicta\" \/>\n<meta property=\"article:modified_time\" content=\"2026-03-24T12:41:38+00:00\" \/>\n<meta property=\"og:image\" content=\"https:\/\/www.invicta.fr\/wp-content\/uploads\/2019\/07\/981_ove_plugin.jpg\" \/>\n\t<meta property=\"og:image:width\" content=\"704\" \/>\n\t<meta property=\"og:image:height\" content=\"1080\" \/>\n\t<meta property=\"og:image:type\" content=\"image\/jpeg\" \/>\n<meta name=\"twitter:card\" content=\"summary_large_image\" \/>\n<script type=\"application\/ld+json\" class=\"yoast-schema-graph\">{\"@context\":\"https:\/\/schema.org\",\"@graph\":[{\"@type\":\"WebPage\",\"@id\":\"https:\/\/www.invicta.fr\/fr\/produit\/ove-plug-in-auto\/\",\"url\":\"https:\/\/www.invicta.fr\/fr\/produit\/ove-plug-in-auto\/\",\"name\":\"Po\u00eale \u00e0 Granul\u00e9s Ove Plug-In Auto Droite | INVICTA\",\"isPartOf\":{\"@id\":\"https:\/\/www.invicta.fr\/fr\/#website\"},\"primaryImageOfPage\":{\"@id\":\"https:\/\/www.invicta.fr\/fr\/produit\/ove-plug-in-auto\/#primaryimage\"},\"image\":{\"@id\":\"https:\/\/www.invicta.fr\/fr\/produit\/ove-plug-in-auto\/#primaryimage\"},\"thumbnailUrl\":\"https:\/\/www.invicta.fr\/wp-content\/uploads\/2019\/07\/981_ove_plugin.jpg\",\"datePublished\":\"2019-07-02T09:57:22+00:00\",\"dateModified\":\"2026-03-24T12:41:38+00:00\",\"description\":\"Concept innovant de Po\u00eales \u00e0 Granul\u00e9s Ove PlugIn, EcoLabel A+, puissance 8 kW\u2705 Garantie 2ans\u2705 Flamme verte 7\u2b50 Origine France\",\"breadcrumb\":{\"@id\":\"https:\/\/www.invicta.fr\/fr\/produit\/ove-plug-in-auto\/#breadcrumb\"},\"inLanguage\":\"fr-FR\",\"potentialAction\":[{\"@type\":\"ReadAction\",\"target\":[\"https:\/\/www.invicta.fr\/fr\/produit\/ove-plug-in-auto\/\"]}]},{\"@type\":\"ImageObject\",\"inLanguage\":\"fr-FR\",\"@id\":\"https:\/\/www.invicta.fr\/fr\/produit\/ove-plug-in-auto\/#primaryimage\",\"url\":\"https:\/\/www.invicta.fr\/wp-content\/uploads\/2019\/07\/981_ove_plugin.jpg\",\"contentUrl\":\"https:\/\/www.invicta.fr\/wp-content\/uploads\/2019\/07\/981_ove_plugin.jpg\",\"width\":704,\"height\":1080,\"caption\":\"Po\u00eale \u00e0 granul\u00e9s Invicta Ove Plug-IN - 8 kW\"},{\"@type\":\"BreadcrumbList\",\"@id\":\"https:\/\/www.invicta.fr\/fr\/produit\/ove-plug-in-auto\/#breadcrumb\",\"itemListElement\":[{\"@type\":\"ListItem\",\"position\":1,\"name\":\"Accueil\",\"item\":\"https:\/\/www.invicta.fr\/fr\/\"},{\"@type\":\"ListItem\",\"position\":2,\"name\":\"Produits\",\"item\":\"https:\/\/www.invicta.fr\/fr\/shop\/\"},{\"@type\":\"ListItem\",\"position\":3,\"name\":\"Po\u00eales \u00e0 Granul\u00e9s\",\"item\":\"https:\/\/www.invicta.fr\/fr\/categorie-produit\/poeles-granules\/\"},{\"@type\":\"ListItem\",\"position\":4,\"name\":\"Plug-in, design et innovation\",\"item\":\"https:\/\/www.invicta.fr\/fr\/categorie-produit\/poeles-granules\/plug-in-poeles-a-granules-nouvelle-generation\/\"},{\"@type\":\"ListItem\",\"position\":5,\"name\":\"Po\u00eale \u00e0 Granul\u00e9s Ove Plug-IN Auto Droite\"}]},{\"@type\":\"WebSite\",\"@id\":\"https:\/\/www.invicta.fr\/fr\/#website\",\"url\":\"https:\/\/www.invicta.fr\/fr\/\",\"name\":\"Invicta\",\"description\":\"Fabricant fran\u00e7ais, sp\u00e9cialiste europ\u00e9en du chauffage au bois : po\u00eales \u00e0 bois et \u00e0 granul\u00e9s, chemin\u00e9es, foyers et inserts\",\"publisher\":{\"@id\":\"https:\/\/www.invicta.fr\/fr\/#organization\"},\"potentialAction\":[{\"@type\":\"SearchAction\",\"target\":{\"@type\":\"EntryPoint\",\"urlTemplate\":\"https:\/\/www.invicta.fr\/fr\/?s={search_term_string}\"},\"query-input\":{\"@type\":\"PropertyValueSpecification\",\"valueRequired\":true,\"valueName\":\"search_term_string\"}}],\"inLanguage\":\"fr-FR\"},{\"@type\":\"Organization\",\"@id\":\"https:\/\/www.invicta.fr\/fr\/#organization\",\"name\":\"Invicta\",\"url\":\"https:\/\/www.invicta.fr\/fr\/\",\"logo\":{\"@type\":\"ImageObject\",\"inLanguage\":\"fr-FR\",\"@id\":\"https:\/\/www.invicta.fr\/fr\/#\/schema\/logo\/image\/\",\"url\":\"https:\/\/www.invicta.fr\/wp-content\/uploads\/2019\/06\/INVICTALOGO_RVB.png\",\"contentUrl\":\"https:\/\/www.invicta.fr\/wp-content\/uploads\/2019\/06\/INVICTALOGO_RVB.png\",\"width\":1810,\"height\":1280,\"caption\":\"Invicta\"},\"image\":{\"@id\":\"https:\/\/www.invicta.fr\/fr\/#\/schema\/logo\/image\/\"}}]}<\/script>\n<!-- \/ Yoast SEO plugin. -->","yoast_head_json":{"title":"Po\u00eale \u00e0 Granul\u00e9s Ove Plug-In Auto Droite | INVICTA","description":"Concept innovant de Po\u00eales \u00e0 Granul\u00e9s Ove PlugIn, EcoLabel A+, puissance 8 kW\u2705 Garantie 2ans\u2705 Flamme verte 7\u2b50 Origine France","robots":{"index":"index","follow":"follow","max-snippet":"max-snippet:-1","max-image-preview":"max-image-preview:large","max-video-preview":"max-video-preview:-1"},"canonical":"https:\/\/www.invicta.fr\/fr\/produit\/ove-plug-in-auto\/","og_locale":"fr_FR","og_type":"article","og_title":"Po\u00eale \u00e0 Granul\u00e9s Ove Plug-In Auto Droite | INVICTA","og_description":"Concept innovant de Po\u00eales \u00e0 Granul\u00e9s Ove PlugIn, EcoLabel A+, puissance 8 kW\u2705 Garantie 2ans\u2705 Flamme verte 7\u2b50 Origine France","og_url":"https:\/\/www.invicta.fr\/fr\/produit\/ove-plug-in-auto\/","og_site_name":"Invicta","article_modified_time":"2026-03-24T12:41:38+00:00","og_image":[{"width":704,"height":1080,"url":"https:\/\/www.invicta.fr\/wp-content\/uploads\/2019\/07\/981_ove_plugin.jpg","type":"image\/jpeg"}],"twitter_card":"summary_large_image","schema":{"@context":"https:\/\/schema.org","@graph":[{"@type":"WebPage","@id":"https:\/\/www.invicta.fr\/fr\/produit\/ove-plug-in-auto\/","url":"https:\/\/www.invicta.fr\/fr\/produit\/ove-plug-in-auto\/","name":"Po\u00eale \u00e0 Granul\u00e9s Ove Plug-In Auto Droite | INVICTA","isPartOf":{"@id":"https:\/\/www.invicta.fr\/fr\/#website"},"primaryImageOfPage":{"@id":"https:\/\/www.invicta.fr\/fr\/produit\/ove-plug-in-auto\/#primaryimage"},"image":{"@id":"https:\/\/www.invicta.fr\/fr\/produit\/ove-plug-in-auto\/#primaryimage"},"thumbnailUrl":"https:\/\/www.invicta.fr\/wp-content\/uploads\/2019\/07\/981_ove_plugin.jpg","datePublished":"2019-07-02T09:57:22+00:00","dateModified":"2026-03-24T12:41:38+00:00","description":"Concept innovant de Po\u00eales \u00e0 Granul\u00e9s Ove PlugIn, EcoLabel A+, puissance 8 kW\u2705 Garantie 2ans\u2705 Flamme verte 7\u2b50 Origine France","breadcrumb":{"@id":"https:\/\/www.invicta.fr\/fr\/produit\/ove-plug-in-auto\/#breadcrumb"},"inLanguage":"fr-FR","potentialAction":[{"@type":"ReadAction","target":["https:\/\/www.invicta.fr\/fr\/produit\/ove-plug-in-auto\/"]}]},{"@type":"ImageObject","inLanguage":"fr-FR","@id":"https:\/\/www.invicta.fr\/fr\/produit\/ove-plug-in-auto\/#primaryimage","url":"https:\/\/www.invicta.fr\/wp-content\/uploads\/2019\/07\/981_ove_plugin.jpg","contentUrl":"https:\/\/www.invicta.fr\/wp-content\/uploads\/2019\/07\/981_ove_plugin.jpg","width":704,"height":1080,"caption":"Po\u00eale \u00e0 granul\u00e9s Invicta Ove Plug-IN - 8 kW"},{"@type":"BreadcrumbList","@id":"https:\/\/www.invicta.fr\/fr\/produit\/ove-plug-in-auto\/#breadcrumb","itemListElement":[{"@type":"ListItem","position":1,"name":"Accueil","item":"https:\/\/www.invicta.fr\/fr\/"},{"@type":"ListItem","position":2,"name":"Produits","item":"https:\/\/www.invicta.fr\/fr\/shop\/"},{"@type":"ListItem","position":3,"name":"Po\u00eales \u00e0 Granul\u00e9s","item":"https:\/\/www.invicta.fr\/fr\/categorie-produit\/poeles-granules\/"},{"@type":"ListItem","position":4,"name":"Plug-in, design et innovation","item":"https:\/\/www.invicta.fr\/fr\/categorie-produit\/poeles-granules\/plug-in-poeles-a-granules-nouvelle-generation\/"},{"@type":"ListItem","position":5,"name":"Po\u00eale \u00e0 Granul\u00e9s Ove Plug-IN Auto Droite"}]},{"@type":"WebSite","@id":"https:\/\/www.invicta.fr\/fr\/#website","url":"https:\/\/www.invicta.fr\/fr\/","name":"Invicta","description":"Fabricant fran\u00e7ais, sp\u00e9cialiste europ\u00e9en du chauffage au bois : po\u00eales \u00e0 bois et \u00e0 granul\u00e9s, chemin\u00e9es, foyers et inserts","publisher":{"@id":"https:\/\/www.invicta.fr\/fr\/#organization"},"potentialAction":[{"@type":"SearchAction","target":{"@type":"EntryPoint","urlTemplate":"https:\/\/www.invicta.fr\/fr\/?s={search_term_string}"},"query-input":{"@type":"PropertyValueSpecification","valueRequired":true,"valueName":"search_term_string"}}],"inLanguage":"fr-FR"},{"@type":"Organization","@id":"https:\/\/www.invicta.fr\/fr\/#organization","name":"Invicta","url":"https:\/\/www.invicta.fr\/fr\/","logo":{"@type":"ImageObject","inLanguage":"fr-FR","@id":"https:\/\/www.invicta.fr\/fr\/#\/schema\/logo\/image\/","url":"https:\/\/www.invicta.fr\/wp-content\/uploads\/2019\/06\/INVICTALOGO_RVB.png","contentUrl":"https:\/\/www.invicta.fr\/wp-content\/uploads\/2019\/06\/INVICTALOGO_RVB.png","width":1810,"height":1280,"caption":"Invicta"},"image":{"@id":"https:\/\/www.invicta.fr\/fr\/#\/schema\/logo\/image\/"}}]}},"_links":{"self":[{"href":"https:\/\/www.invicta.fr\/fr\/wp-json\/wp\/v2\/product\/804","targetHints":{"allow":["GET"]}}],"collection":[{"href":"https:\/\/www.invicta.fr\/fr\/wp-json\/wp\/v2\/product"}],"about":[{"href":"https:\/\/www.invicta.fr\/fr\/wp-json\/wp\/v2\/types\/product"}],"wp:featuredmedia":[{"embeddable":true,"href":"https:\/\/www.invicta.fr\/fr\/wp-json\/wp\/v2\/media\/807"}],"wp:attachment":[{"href":"https:\/\/www.invicta.fr\/fr\/wp-json\/wp\/v2\/media?parent=804"}],"wp:term":[{"taxonomy":"product_brand","embeddable":true,"href":"https:\/\/www.invicta.fr\/fr\/wp-json\/wp\/v2\/product_brand?post=804"},{"taxonomy":"product_cat","embeddable":true,"href":"https:\/\/www.invicta.fr\/fr\/wp-json\/wp\/v2\/product_cat?post=804"},{"taxonomy":"product_tag","embeddable":true,"href":"https:\/\/www.invicta.fr\/fr\/wp-json\/wp\/v2\/product_tag?post=804"},{"taxonomy":"plus_produit","embeddable":true,"href":"https:\/\/www.invicta.fr\/fr\/wp-json\/wp\/v2\/plus_produit?post=804"}],"curies":[{"name":"wp","href":"https:\/\/api.w.org\/{rel}","templated":true}]}}