{"id":910,"date":"2019-07-02T14:35:33","date_gmt":"2019-07-02T12:35:33","guid":{"rendered":"https:\/\/www.invicta.fr\/?post_type=product&#038;p=910"},"modified":"2025-11-21T09:31:43","modified_gmt":"2025-11-21T08:31:43","slug":"poele-a-bois-en-fonte-altea-invicta","status":"publish","type":"product","link":"https:\/\/www.invicta.fr\/fr\/produit\/poele-a-bois-en-fonte-altea-invicta\/","title":{"rendered":"Po\u00eale \u00e0 bois en Fonte Alt\u00e9a"},"content":{"rendered":"","protected":false},"excerpt":{"rendered":"<p>Bienvenue au coin du feu ! Ce po\u00eale, aux allures classiques, a b\u00e9n\u00e9fici\u00e9 d\u2019une cure de jouvence. Dor\u00e9navant \u00e9quip\u00e9 de la post combustion, Alt\u00e9a offre de belles performances thermiques et environnementales.<\/p>\n","protected":false},"featured_media":915,"template":"","meta":{"_acf_changed":false},"product_brand":[],"product_cat":[2117,44,5861,5862,5840,5875,5853],"product_tag":[7105,57,58,59,62,7017,51,53,65,6826,60],"plus_produit":[612,6834,1919,129,130],"class_list":{"1":"product","4":"has-post-thumbnail","6":"product_cat-aide-au-choix","7":"product_cat-poeles-a-bois-fonte-acier","8":"product_cat-poeles-a-bois-buches-50-cm","9":"product_cat-poeles-a-bois-8-kw","10":"product_cat-poeles-a-bois-anciens","11":"product_cat-poeles-a-bois-rustiques","12":"product_cat-poeles-a-bois-sortie-arriere","13":"product_tag-en16510","14":"product_tag-flamme-verte","15":"product_tag-eco-design-2022","16":"product_tag-a-ecolabel","17":"product_tag-101-fabrication-francaise","18":"product_tag-blmschv2","19":"product_tag-fonte-100","20":"product_tag-post-combustion","21":"product_tag-garantie-2-ans","22":"product_tag-garantie-extension-3-ans","23":"product_tag-z-credit-impot","24":"pa_depart-des-fumees-dessusarriere","25":"pa_diametre-de-buse-150-mm","26":"pa_indice-de-performance-5715","27":"pa_puissance-optimale-8-kw","28":"pa_surface-de-chauffe-40-a-100-m","29":"pa_taux-de-co-203","30":"pa_volume-de-chauffe-105-240-m-2","31":"plus_produit-air-secondaire-reglable","32":"plus_produit-extension-de-garantie-3-ans","33":"plus_produit-origine-france-garantie","34":"plus_produit-systeme-de-post-combustion","35":"plus_produit-vitre-propre","37":"first","38":"instock","39":"product-type-simple"},"acf":[],"yoast_head":"<!-- This site is optimized with the Yoast SEO plugin v24.7 - https:\/\/yoast.com\/wordpress\/plugins\/seo\/ -->\n<title>Po\u00eale \u00e0 bois en Fonte Alt\u00e9a | INVICTA<\/title>\n<meta name=\"description\" content=\"D\u00e9couvrez le po\u00eale \u00e0 bois en Fonte Alt\u00e9a Invicta avec puissance de chauffe 8kW EcoLabel A \u2705 Flamme verte 7\u2b50\u2705 Origine France\u2705 Garantie 5ans\u2705\" \/>\n<meta name=\"robots\" content=\"index, follow, max-snippet:-1, max-image-preview:large, max-video-preview:-1\" \/>\n<link rel=\"canonical\" href=\"https:\/\/www.invicta.fr\/fr\/produit\/poele-a-bois-en-fonte-altea-invicta\/\" \/>\n<meta property=\"og:locale\" content=\"fr_FR\" \/>\n<meta property=\"og:type\" content=\"article\" \/>\n<meta property=\"og:title\" content=\"Po\u00eale \u00e0 bois en Fonte Alt\u00e9a | INVICTA\" \/>\n<meta property=\"og:description\" content=\"D\u00e9couvrez le po\u00eale \u00e0 bois en Fonte Alt\u00e9a Invicta avec puissance de chauffe 8kW EcoLabel A \u2705 Flamme verte 7\u2b50\u2705 Origine France\u2705 Garantie 5ans\u2705\" \/>\n<meta property=\"og:url\" content=\"https:\/\/www.invicta.fr\/fr\/produit\/poele-a-bois-en-fonte-altea-invicta\/\" \/>\n<meta property=\"og:site_name\" content=\"Invicta\" \/>\n<meta property=\"article:modified_time\" content=\"2025-11-21T08:31:43+00:00\" \/>\n<meta property=\"og:image\" content=\"https:\/\/www.invicta.fr\/wp-content\/uploads\/2019\/07\/altea_945_poele_a_bois_1430990667-e1567772090717.jpg\" \/>\n\t<meta property=\"og:image:width\" content=\"654\" \/>\n\t<meta property=\"og:image:height\" content=\"600\" \/>\n\t<meta property=\"og:image:type\" content=\"image\/jpeg\" \/>\n<meta name=\"twitter:card\" content=\"summary_large_image\" \/>\n<script type=\"application\/ld+json\" class=\"yoast-schema-graph\">{\"@context\":\"https:\/\/schema.org\",\"@graph\":[{\"@type\":\"WebPage\",\"@id\":\"https:\/\/www.invicta.fr\/fr\/produit\/poele-a-bois-en-fonte-altea-invicta\/\",\"url\":\"https:\/\/www.invicta.fr\/fr\/produit\/poele-a-bois-en-fonte-altea-invicta\/\",\"name\":\"Po\u00eale \u00e0 bois en Fonte Alt\u00e9a | INVICTA\",\"isPartOf\":{\"@id\":\"https:\/\/www.invicta.fr\/fr\/#website\"},\"primaryImageOfPage\":{\"@id\":\"https:\/\/www.invicta.fr\/fr\/produit\/poele-a-bois-en-fonte-altea-invicta\/#primaryimage\"},\"image\":{\"@id\":\"https:\/\/www.invicta.fr\/fr\/produit\/poele-a-bois-en-fonte-altea-invicta\/#primaryimage\"},\"thumbnailUrl\":\"https:\/\/www.invicta.fr\/wp-content\/uploads\/2019\/07\/altea_945_poele_a_bois_1430990667-e1567772090717.jpg\",\"datePublished\":\"2019-07-02T12:35:33+00:00\",\"dateModified\":\"2025-11-21T08:31:43+00:00\",\"description\":\"D\u00e9couvrez le po\u00eale \u00e0 bois en Fonte Alt\u00e9a Invicta avec puissance de chauffe 8kW EcoLabel A \u2705 Flamme verte 7\u2b50\u2705 Origine France\u2705 Garantie 5ans\u2705\",\"breadcrumb\":{\"@id\":\"https:\/\/www.invicta.fr\/fr\/produit\/poele-a-bois-en-fonte-altea-invicta\/#breadcrumb\"},\"inLanguage\":\"fr-FR\",\"potentialAction\":[{\"@type\":\"ReadAction\",\"target\":[\"https:\/\/www.invicta.fr\/fr\/produit\/poele-a-bois-en-fonte-altea-invicta\/\"]}]},{\"@type\":\"ImageObject\",\"inLanguage\":\"fr-FR\",\"@id\":\"https:\/\/www.invicta.fr\/fr\/produit\/poele-a-bois-en-fonte-altea-invicta\/#primaryimage\",\"url\":\"https:\/\/www.invicta.fr\/wp-content\/uploads\/2019\/07\/altea_945_poele_a_bois_1430990667-e1567772090717.jpg\",\"contentUrl\":\"https:\/\/www.invicta.fr\/wp-content\/uploads\/2019\/07\/altea_945_poele_a_bois_1430990667-e1567772090717.jpg\",\"width\":654,\"height\":600,\"caption\":\"Po\u00eale \u00e0 bois fonte Invicta Alt\u00e9a - 8 kW\"},{\"@type\":\"BreadcrumbList\",\"@id\":\"https:\/\/www.invicta.fr\/fr\/produit\/poele-a-bois-en-fonte-altea-invicta\/#breadcrumb\",\"itemListElement\":[{\"@type\":\"ListItem\",\"position\":1,\"name\":\"Accueil\",\"item\":\"https:\/\/www.invicta.fr\/fr\/\"},{\"@type\":\"ListItem\",\"position\":2,\"name\":\"Produits\",\"item\":\"https:\/\/www.invicta.fr\/fr\/shop\/\"},{\"@type\":\"ListItem\",\"position\":3,\"name\":\"Po\u00eales \u00e0 Bois\",\"item\":\"https:\/\/www.invicta.fr\/fr\/categorie-produit\/poeles-bois\/\"},{\"@type\":\"ListItem\",\"position\":4,\"name\":\"Po\u00eales \u00e0 Bois en Fonte\",\"item\":\"https:\/\/www.invicta.fr\/fr\/categorie-produit\/poeles-bois\/poeles-a-bois-fonte-acier\/\"},{\"@type\":\"ListItem\",\"position\":5,\"name\":\"Po\u00eale \u00e0 bois en Fonte Alt\u00e9a\"}]},{\"@type\":\"WebSite\",\"@id\":\"https:\/\/www.invicta.fr\/fr\/#website\",\"url\":\"https:\/\/www.invicta.fr\/fr\/\",\"name\":\"Invicta\",\"description\":\"Fabricant fran\u00e7ais, sp\u00e9cialiste europ\u00e9en du chauffage au bois : po\u00eales \u00e0 bois et \u00e0 granul\u00e9s, chemin\u00e9es, foyers et inserts\",\"publisher\":{\"@id\":\"https:\/\/www.invicta.fr\/fr\/#organization\"},\"potentialAction\":[{\"@type\":\"SearchAction\",\"target\":{\"@type\":\"EntryPoint\",\"urlTemplate\":\"https:\/\/www.invicta.fr\/fr\/?s={search_term_string}\"},\"query-input\":{\"@type\":\"PropertyValueSpecification\",\"valueRequired\":true,\"valueName\":\"search_term_string\"}}],\"inLanguage\":\"fr-FR\"},{\"@type\":\"Organization\",\"@id\":\"https:\/\/www.invicta.fr\/fr\/#organization\",\"name\":\"Invicta\",\"url\":\"https:\/\/www.invicta.fr\/fr\/\",\"logo\":{\"@type\":\"ImageObject\",\"inLanguage\":\"fr-FR\",\"@id\":\"https:\/\/www.invicta.fr\/fr\/#\/schema\/logo\/image\/\",\"url\":\"https:\/\/www.invicta.fr\/wp-content\/uploads\/2019\/06\/INVICTALOGO_RVB.png\",\"contentUrl\":\"https:\/\/www.invicta.fr\/wp-content\/uploads\/2019\/06\/INVICTALOGO_RVB.png\",\"width\":1810,\"height\":1280,\"caption\":\"Invicta\"},\"image\":{\"@id\":\"https:\/\/www.invicta.fr\/fr\/#\/schema\/logo\/image\/\"}}]}<\/script>\n<!-- \/ Yoast SEO plugin. -->","yoast_head_json":{"title":"Po\u00eale \u00e0 bois en Fonte Alt\u00e9a | INVICTA","description":"D\u00e9couvrez le po\u00eale \u00e0 bois en Fonte Alt\u00e9a Invicta avec puissance de chauffe 8kW EcoLabel A \u2705 Flamme verte 7\u2b50\u2705 Origine France\u2705 Garantie 5ans\u2705","robots":{"index":"index","follow":"follow","max-snippet":"max-snippet:-1","max-image-preview":"max-image-preview:large","max-video-preview":"max-video-preview:-1"},"canonical":"https:\/\/www.invicta.fr\/fr\/produit\/poele-a-bois-en-fonte-altea-invicta\/","og_locale":"fr_FR","og_type":"article","og_title":"Po\u00eale \u00e0 bois en Fonte Alt\u00e9a | INVICTA","og_description":"D\u00e9couvrez le po\u00eale \u00e0 bois en Fonte Alt\u00e9a Invicta avec puissance de chauffe 8kW EcoLabel A \u2705 Flamme verte 7\u2b50\u2705 Origine France\u2705 Garantie 5ans\u2705","og_url":"https:\/\/www.invicta.fr\/fr\/produit\/poele-a-bois-en-fonte-altea-invicta\/","og_site_name":"Invicta","article_modified_time":"2025-11-21T08:31:43+00:00","og_image":[{"width":654,"height":600,"url":"https:\/\/www.invicta.fr\/wp-content\/uploads\/2019\/07\/altea_945_poele_a_bois_1430990667-e1567772090717.jpg","type":"image\/jpeg"}],"twitter_card":"summary_large_image","schema":{"@context":"https:\/\/schema.org","@graph":[{"@type":"WebPage","@id":"https:\/\/www.invicta.fr\/fr\/produit\/poele-a-bois-en-fonte-altea-invicta\/","url":"https:\/\/www.invicta.fr\/fr\/produit\/poele-a-bois-en-fonte-altea-invicta\/","name":"Po\u00eale \u00e0 bois en Fonte Alt\u00e9a | INVICTA","isPartOf":{"@id":"https:\/\/www.invicta.fr\/fr\/#website"},"primaryImageOfPage":{"@id":"https:\/\/www.invicta.fr\/fr\/produit\/poele-a-bois-en-fonte-altea-invicta\/#primaryimage"},"image":{"@id":"https:\/\/www.invicta.fr\/fr\/produit\/poele-a-bois-en-fonte-altea-invicta\/#primaryimage"},"thumbnailUrl":"https:\/\/www.invicta.fr\/wp-content\/uploads\/2019\/07\/altea_945_poele_a_bois_1430990667-e1567772090717.jpg","datePublished":"2019-07-02T12:35:33+00:00","dateModified":"2025-11-21T08:31:43+00:00","description":"D\u00e9couvrez le po\u00eale \u00e0 bois en Fonte Alt\u00e9a Invicta avec puissance de chauffe 8kW EcoLabel A \u2705 Flamme verte 7\u2b50\u2705 Origine France\u2705 Garantie 5ans\u2705","breadcrumb":{"@id":"https:\/\/www.invicta.fr\/fr\/produit\/poele-a-bois-en-fonte-altea-invicta\/#breadcrumb"},"inLanguage":"fr-FR","potentialAction":[{"@type":"ReadAction","target":["https:\/\/www.invicta.fr\/fr\/produit\/poele-a-bois-en-fonte-altea-invicta\/"]}]},{"@type":"ImageObject","inLanguage":"fr-FR","@id":"https:\/\/www.invicta.fr\/fr\/produit\/poele-a-bois-en-fonte-altea-invicta\/#primaryimage","url":"https:\/\/www.invicta.fr\/wp-content\/uploads\/2019\/07\/altea_945_poele_a_bois_1430990667-e1567772090717.jpg","contentUrl":"https:\/\/www.invicta.fr\/wp-content\/uploads\/2019\/07\/altea_945_poele_a_bois_1430990667-e1567772090717.jpg","width":654,"height":600,"caption":"Po\u00eale \u00e0 bois fonte Invicta Alt\u00e9a - 8 kW"},{"@type":"BreadcrumbList","@id":"https:\/\/www.invicta.fr\/fr\/produit\/poele-a-bois-en-fonte-altea-invicta\/#breadcrumb","itemListElement":[{"@type":"ListItem","position":1,"name":"Accueil","item":"https:\/\/www.invicta.fr\/fr\/"},{"@type":"ListItem","position":2,"name":"Produits","item":"https:\/\/www.invicta.fr\/fr\/shop\/"},{"@type":"ListItem","position":3,"name":"Po\u00eales \u00e0 Bois","item":"https:\/\/www.invicta.fr\/fr\/categorie-produit\/poeles-bois\/"},{"@type":"ListItem","position":4,"name":"Po\u00eales \u00e0 Bois en Fonte","item":"https:\/\/www.invicta.fr\/fr\/categorie-produit\/poeles-bois\/poeles-a-bois-fonte-acier\/"},{"@type":"ListItem","position":5,"name":"Po\u00eale \u00e0 bois en Fonte Alt\u00e9a"}]},{"@type":"WebSite","@id":"https:\/\/www.invicta.fr\/fr\/#website","url":"https:\/\/www.invicta.fr\/fr\/","name":"Invicta","description":"Fabricant fran\u00e7ais, sp\u00e9cialiste europ\u00e9en du chauffage au bois : po\u00eales \u00e0 bois et \u00e0 granul\u00e9s, chemin\u00e9es, foyers et inserts","publisher":{"@id":"https:\/\/www.invicta.fr\/fr\/#organization"},"potentialAction":[{"@type":"SearchAction","target":{"@type":"EntryPoint","urlTemplate":"https:\/\/www.invicta.fr\/fr\/?s={search_term_string}"},"query-input":{"@type":"PropertyValueSpecification","valueRequired":true,"valueName":"search_term_string"}}],"inLanguage":"fr-FR"},{"@type":"Organization","@id":"https:\/\/www.invicta.fr\/fr\/#organization","name":"Invicta","url":"https:\/\/www.invicta.fr\/fr\/","logo":{"@type":"ImageObject","inLanguage":"fr-FR","@id":"https:\/\/www.invicta.fr\/fr\/#\/schema\/logo\/image\/","url":"https:\/\/www.invicta.fr\/wp-content\/uploads\/2019\/06\/INVICTALOGO_RVB.png","contentUrl":"https:\/\/www.invicta.fr\/wp-content\/uploads\/2019\/06\/INVICTALOGO_RVB.png","width":1810,"height":1280,"caption":"Invicta"},"image":{"@id":"https:\/\/www.invicta.fr\/fr\/#\/schema\/logo\/image\/"}}]}},"_links":{"self":[{"href":"https:\/\/www.invicta.fr\/fr\/wp-json\/wp\/v2\/product\/910","targetHints":{"allow":["GET"]}}],"collection":[{"href":"https:\/\/www.invicta.fr\/fr\/wp-json\/wp\/v2\/product"}],"about":[{"href":"https:\/\/www.invicta.fr\/fr\/wp-json\/wp\/v2\/types\/product"}],"wp:featuredmedia":[{"embeddable":true,"href":"https:\/\/www.invicta.fr\/fr\/wp-json\/wp\/v2\/media\/915"}],"wp:attachment":[{"href":"https:\/\/www.invicta.fr\/fr\/wp-json\/wp\/v2\/media?parent=910"}],"wp:term":[{"taxonomy":"product_brand","embeddable":true,"href":"https:\/\/www.invicta.fr\/fr\/wp-json\/wp\/v2\/product_brand?post=910"},{"taxonomy":"product_cat","embeddable":true,"href":"https:\/\/www.invicta.fr\/fr\/wp-json\/wp\/v2\/product_cat?post=910"},{"taxonomy":"product_tag","embeddable":true,"href":"https:\/\/www.invicta.fr\/fr\/wp-json\/wp\/v2\/product_tag?post=910"},{"taxonomy":"plus_produit","embeddable":true,"href":"https:\/\/www.invicta.fr\/fr\/wp-json\/wp\/v2\/plus_produit?post=910"}],"curies":[{"name":"wp","href":"https:\/\/api.w.org\/{rel}","templated":true}]}}