{"id":939,"date":"2019-07-02T14:45:34","date_gmt":"2019-07-02T12:45:34","guid":{"rendered":"https:\/\/www.invicta.fr\/?post_type=product&#038;p=939"},"modified":"2025-11-21T14:03:53","modified_gmt":"2025-11-21T13:03:53","slug":"poele-fonte-rustica","status":"publish","type":"product","link":"https:\/\/www.invicta.fr\/fr\/produit\/poele-fonte-rustica\/","title":{"rendered":"Po\u00eale \u00e0 Bois en Fonte Rustica"},"content":{"rendered":"","protected":false},"excerpt":{"rendered":"<p>Un look traditionnel pour une chaleur fusionnelle et des performances exceptionnelles. <strong>Produit exclusif Brico D\u00e9pot et Castorama<\/strong><\/p>\n","protected":false},"featured_media":26468,"template":"","meta":{"_acf_changed":false},"product_brand":[],"product_cat":[2117,44,5861,5840,5875,5854],"product_tag":[7105,57,58,59,62,7017,51,53,65,6826,60],"plus_produit":[612,6834,1919,129,130],"class_list":{"1":"product","4":"has-post-thumbnail","6":"product_cat-aide-au-choix","7":"product_cat-poeles-a-bois-fonte-acier","8":"product_cat-poeles-a-bois-buches-50-cm","9":"product_cat-poeles-a-bois-anciens","10":"product_cat-poeles-a-bois-rustiques","11":"product_cat-poeles-a-bois-10-kw","12":"product_tag-en16510","13":"product_tag-flamme-verte","14":"product_tag-eco-design-2022","15":"product_tag-a-ecolabel","16":"product_tag-101-fabrication-francaise","17":"product_tag-blmschv2","18":"product_tag-fonte-100","19":"product_tag-post-combustion","20":"product_tag-garantie-2-ans","21":"product_tag-garantie-extension-3-ans","22":"product_tag-z-credit-impot","23":"pa_depart-des-fumees-dessusarriere","24":"pa_diametre-de-buse-150-mm","25":"pa_indice-de-performance-5583","26":"pa_puissance-optimale-10-kw","27":"pa_surface-de-chauffe-55-a-120-m","28":"pa_taux-de-co-203","29":"pa_volume-de-chauffe-135-300-m-2","30":"plus_produit-air-secondaire-reglable","31":"plus_produit-extension-de-garantie-3-ans","32":"plus_produit-origine-france-garantie","33":"plus_produit-systeme-de-post-combustion","34":"plus_produit-vitre-propre","36":"first","37":"instock","38":"product-type-simple"},"acf":[],"yoast_head":"<!-- This site is optimized with the Yoast SEO plugin v24.7 - https:\/\/yoast.com\/wordpress\/plugins\/seo\/ -->\n<title>Po\u00eale \u00e0 Bois en Fonte Rustica | INVICTA<\/title>\n<meta name=\"description\" content=\"Po\u00eale \u00e0 Bois 100% Fonte Rustica avec puissance de chauffe 10kW\u2705 EcoLabel A\u2705 Eco Design 2022 \u2705 Flamme verte 7\u2b50 Garantie 5ans\u2705 Origine France\u2705\" \/>\n<meta name=\"robots\" content=\"index, follow, max-snippet:-1, max-image-preview:large, max-video-preview:-1\" \/>\n<link rel=\"canonical\" href=\"https:\/\/www.invicta.fr\/fr\/produit\/poele-fonte-rustica\/\" \/>\n<meta property=\"og:locale\" content=\"fr_FR\" \/>\n<meta property=\"og:type\" content=\"article\" \/>\n<meta property=\"og:title\" content=\"Po\u00eale \u00e0 Bois en Fonte Rustica | INVICTA\" \/>\n<meta property=\"og:description\" content=\"Po\u00eale \u00e0 Bois 100% Fonte Rustica avec puissance de chauffe 10kW\u2705 EcoLabel A\u2705 Eco Design 2022 \u2705 Flamme verte 7\u2b50 Garantie 5ans\u2705 Origine France\u2705\" \/>\n<meta property=\"og:url\" content=\"https:\/\/www.invicta.fr\/fr\/produit\/poele-fonte-rustica\/\" \/>\n<meta property=\"og:site_name\" content=\"Invicta\" \/>\n<meta property=\"article:modified_time\" content=\"2025-11-21T13:03:53+00:00\" \/>\n<meta property=\"og:image\" content=\"https:\/\/www.invicta.fr\/wp-content\/uploads\/2019\/07\/3244339176440_01c.jpg\" \/>\n\t<meta property=\"og:image:width\" content=\"1080\" \/>\n\t<meta property=\"og:image:height\" content=\"1080\" \/>\n\t<meta property=\"og:image:type\" content=\"image\/jpeg\" \/>\n<meta name=\"twitter:card\" content=\"summary_large_image\" \/>\n<script type=\"application\/ld+json\" class=\"yoast-schema-graph\">{\"@context\":\"https:\/\/schema.org\",\"@graph\":[{\"@type\":\"WebPage\",\"@id\":\"https:\/\/www.invicta.fr\/fr\/produit\/poele-fonte-rustica\/\",\"url\":\"https:\/\/www.invicta.fr\/fr\/produit\/poele-fonte-rustica\/\",\"name\":\"Po\u00eale \u00e0 Bois en Fonte Rustica | INVICTA\",\"isPartOf\":{\"@id\":\"https:\/\/www.invicta.fr\/fr\/#website\"},\"primaryImageOfPage\":{\"@id\":\"https:\/\/www.invicta.fr\/fr\/produit\/poele-fonte-rustica\/#primaryimage\"},\"image\":{\"@id\":\"https:\/\/www.invicta.fr\/fr\/produit\/poele-fonte-rustica\/#primaryimage\"},\"thumbnailUrl\":\"https:\/\/www.invicta.fr\/wp-content\/uploads\/2019\/07\/3244339176440_01c.jpg\",\"datePublished\":\"2019-07-02T12:45:34+00:00\",\"dateModified\":\"2025-11-21T13:03:53+00:00\",\"description\":\"Po\u00eale \u00e0 Bois 100% Fonte Rustica avec puissance de chauffe 10kW\u2705 EcoLabel A\u2705 Eco Design 2022 \u2705 Flamme verte 7\u2b50 Garantie 5ans\u2705 Origine France\u2705\",\"breadcrumb\":{\"@id\":\"https:\/\/www.invicta.fr\/fr\/produit\/poele-fonte-rustica\/#breadcrumb\"},\"inLanguage\":\"fr-FR\",\"potentialAction\":[{\"@type\":\"ReadAction\",\"target\":[\"https:\/\/www.invicta.fr\/fr\/produit\/poele-fonte-rustica\/\"]}]},{\"@type\":\"ImageObject\",\"inLanguage\":\"fr-FR\",\"@id\":\"https:\/\/www.invicta.fr\/fr\/produit\/poele-fonte-rustica\/#primaryimage\",\"url\":\"https:\/\/www.invicta.fr\/wp-content\/uploads\/2019\/07\/3244339176440_01c.jpg\",\"contentUrl\":\"https:\/\/www.invicta.fr\/wp-content\/uploads\/2019\/07\/3244339176440_01c.jpg\",\"width\":1080,\"height\":1080,\"caption\":\"Po\u00eale \u00e0 bois fonte Invicta Rustica - 10 kW\"},{\"@type\":\"BreadcrumbList\",\"@id\":\"https:\/\/www.invicta.fr\/fr\/produit\/poele-fonte-rustica\/#breadcrumb\",\"itemListElement\":[{\"@type\":\"ListItem\",\"position\":1,\"name\":\"Accueil\",\"item\":\"https:\/\/www.invicta.fr\/fr\/\"},{\"@type\":\"ListItem\",\"position\":2,\"name\":\"Produits\",\"item\":\"https:\/\/www.invicta.fr\/fr\/shop\/\"},{\"@type\":\"ListItem\",\"position\":3,\"name\":\"Po\u00eales \u00e0 Bois\",\"item\":\"https:\/\/www.invicta.fr\/fr\/categorie-produit\/poeles-bois\/\"},{\"@type\":\"ListItem\",\"position\":4,\"name\":\"Po\u00eales \u00e0 Bois en Fonte\",\"item\":\"https:\/\/www.invicta.fr\/fr\/categorie-produit\/poeles-bois\/poeles-a-bois-fonte-acier\/\"},{\"@type\":\"ListItem\",\"position\":5,\"name\":\"Po\u00eale \u00e0 Bois en Fonte Rustica\"}]},{\"@type\":\"WebSite\",\"@id\":\"https:\/\/www.invicta.fr\/fr\/#website\",\"url\":\"https:\/\/www.invicta.fr\/fr\/\",\"name\":\"Invicta\",\"description\":\"Fabricant fran\u00e7ais, sp\u00e9cialiste europ\u00e9en du chauffage au bois : po\u00eales \u00e0 bois et \u00e0 granul\u00e9s, chemin\u00e9es, foyers et inserts\",\"publisher\":{\"@id\":\"https:\/\/www.invicta.fr\/fr\/#organization\"},\"potentialAction\":[{\"@type\":\"SearchAction\",\"target\":{\"@type\":\"EntryPoint\",\"urlTemplate\":\"https:\/\/www.invicta.fr\/fr\/?s={search_term_string}\"},\"query-input\":{\"@type\":\"PropertyValueSpecification\",\"valueRequired\":true,\"valueName\":\"search_term_string\"}}],\"inLanguage\":\"fr-FR\"},{\"@type\":\"Organization\",\"@id\":\"https:\/\/www.invicta.fr\/fr\/#organization\",\"name\":\"Invicta\",\"url\":\"https:\/\/www.invicta.fr\/fr\/\",\"logo\":{\"@type\":\"ImageObject\",\"inLanguage\":\"fr-FR\",\"@id\":\"https:\/\/www.invicta.fr\/fr\/#\/schema\/logo\/image\/\",\"url\":\"https:\/\/www.invicta.fr\/wp-content\/uploads\/2019\/06\/INVICTALOGO_RVB.png\",\"contentUrl\":\"https:\/\/www.invicta.fr\/wp-content\/uploads\/2019\/06\/INVICTALOGO_RVB.png\",\"width\":1810,\"height\":1280,\"caption\":\"Invicta\"},\"image\":{\"@id\":\"https:\/\/www.invicta.fr\/fr\/#\/schema\/logo\/image\/\"}}]}<\/script>\n<!-- \/ Yoast SEO plugin. -->","yoast_head_json":{"title":"Po\u00eale \u00e0 Bois en Fonte Rustica | INVICTA","description":"Po\u00eale \u00e0 Bois 100% Fonte Rustica avec puissance de chauffe 10kW\u2705 EcoLabel A\u2705 Eco Design 2022 \u2705 Flamme verte 7\u2b50 Garantie 5ans\u2705 Origine France\u2705","robots":{"index":"index","follow":"follow","max-snippet":"max-snippet:-1","max-image-preview":"max-image-preview:large","max-video-preview":"max-video-preview:-1"},"canonical":"https:\/\/www.invicta.fr\/fr\/produit\/poele-fonte-rustica\/","og_locale":"fr_FR","og_type":"article","og_title":"Po\u00eale \u00e0 Bois en Fonte Rustica | INVICTA","og_description":"Po\u00eale \u00e0 Bois 100% Fonte Rustica avec puissance de chauffe 10kW\u2705 EcoLabel A\u2705 Eco Design 2022 \u2705 Flamme verte 7\u2b50 Garantie 5ans\u2705 Origine France\u2705","og_url":"https:\/\/www.invicta.fr\/fr\/produit\/poele-fonte-rustica\/","og_site_name":"Invicta","article_modified_time":"2025-11-21T13:03:53+00:00","og_image":[{"width":1080,"height":1080,"url":"https:\/\/www.invicta.fr\/wp-content\/uploads\/2019\/07\/3244339176440_01c.jpg","type":"image\/jpeg"}],"twitter_card":"summary_large_image","schema":{"@context":"https:\/\/schema.org","@graph":[{"@type":"WebPage","@id":"https:\/\/www.invicta.fr\/fr\/produit\/poele-fonte-rustica\/","url":"https:\/\/www.invicta.fr\/fr\/produit\/poele-fonte-rustica\/","name":"Po\u00eale \u00e0 Bois en Fonte Rustica | INVICTA","isPartOf":{"@id":"https:\/\/www.invicta.fr\/fr\/#website"},"primaryImageOfPage":{"@id":"https:\/\/www.invicta.fr\/fr\/produit\/poele-fonte-rustica\/#primaryimage"},"image":{"@id":"https:\/\/www.invicta.fr\/fr\/produit\/poele-fonte-rustica\/#primaryimage"},"thumbnailUrl":"https:\/\/www.invicta.fr\/wp-content\/uploads\/2019\/07\/3244339176440_01c.jpg","datePublished":"2019-07-02T12:45:34+00:00","dateModified":"2025-11-21T13:03:53+00:00","description":"Po\u00eale \u00e0 Bois 100% Fonte Rustica avec puissance de chauffe 10kW\u2705 EcoLabel A\u2705 Eco Design 2022 \u2705 Flamme verte 7\u2b50 Garantie 5ans\u2705 Origine France\u2705","breadcrumb":{"@id":"https:\/\/www.invicta.fr\/fr\/produit\/poele-fonte-rustica\/#breadcrumb"},"inLanguage":"fr-FR","potentialAction":[{"@type":"ReadAction","target":["https:\/\/www.invicta.fr\/fr\/produit\/poele-fonte-rustica\/"]}]},{"@type":"ImageObject","inLanguage":"fr-FR","@id":"https:\/\/www.invicta.fr\/fr\/produit\/poele-fonte-rustica\/#primaryimage","url":"https:\/\/www.invicta.fr\/wp-content\/uploads\/2019\/07\/3244339176440_01c.jpg","contentUrl":"https:\/\/www.invicta.fr\/wp-content\/uploads\/2019\/07\/3244339176440_01c.jpg","width":1080,"height":1080,"caption":"Po\u00eale \u00e0 bois fonte Invicta Rustica - 10 kW"},{"@type":"BreadcrumbList","@id":"https:\/\/www.invicta.fr\/fr\/produit\/poele-fonte-rustica\/#breadcrumb","itemListElement":[{"@type":"ListItem","position":1,"name":"Accueil","item":"https:\/\/www.invicta.fr\/fr\/"},{"@type":"ListItem","position":2,"name":"Produits","item":"https:\/\/www.invicta.fr\/fr\/shop\/"},{"@type":"ListItem","position":3,"name":"Po\u00eales \u00e0 Bois","item":"https:\/\/www.invicta.fr\/fr\/categorie-produit\/poeles-bois\/"},{"@type":"ListItem","position":4,"name":"Po\u00eales \u00e0 Bois en Fonte","item":"https:\/\/www.invicta.fr\/fr\/categorie-produit\/poeles-bois\/poeles-a-bois-fonte-acier\/"},{"@type":"ListItem","position":5,"name":"Po\u00eale \u00e0 Bois en Fonte Rustica"}]},{"@type":"WebSite","@id":"https:\/\/www.invicta.fr\/fr\/#website","url":"https:\/\/www.invicta.fr\/fr\/","name":"Invicta","description":"Fabricant fran\u00e7ais, sp\u00e9cialiste europ\u00e9en du chauffage au bois : po\u00eales \u00e0 bois et \u00e0 granul\u00e9s, chemin\u00e9es, foyers et inserts","publisher":{"@id":"https:\/\/www.invicta.fr\/fr\/#organization"},"potentialAction":[{"@type":"SearchAction","target":{"@type":"EntryPoint","urlTemplate":"https:\/\/www.invicta.fr\/fr\/?s={search_term_string}"},"query-input":{"@type":"PropertyValueSpecification","valueRequired":true,"valueName":"search_term_string"}}],"inLanguage":"fr-FR"},{"@type":"Organization","@id":"https:\/\/www.invicta.fr\/fr\/#organization","name":"Invicta","url":"https:\/\/www.invicta.fr\/fr\/","logo":{"@type":"ImageObject","inLanguage":"fr-FR","@id":"https:\/\/www.invicta.fr\/fr\/#\/schema\/logo\/image\/","url":"https:\/\/www.invicta.fr\/wp-content\/uploads\/2019\/06\/INVICTALOGO_RVB.png","contentUrl":"https:\/\/www.invicta.fr\/wp-content\/uploads\/2019\/06\/INVICTALOGO_RVB.png","width":1810,"height":1280,"caption":"Invicta"},"image":{"@id":"https:\/\/www.invicta.fr\/fr\/#\/schema\/logo\/image\/"}}]}},"_links":{"self":[{"href":"https:\/\/www.invicta.fr\/fr\/wp-json\/wp\/v2\/product\/939","targetHints":{"allow":["GET"]}}],"collection":[{"href":"https:\/\/www.invicta.fr\/fr\/wp-json\/wp\/v2\/product"}],"about":[{"href":"https:\/\/www.invicta.fr\/fr\/wp-json\/wp\/v2\/types\/product"}],"wp:featuredmedia":[{"embeddable":true,"href":"https:\/\/www.invicta.fr\/fr\/wp-json\/wp\/v2\/media\/26468"}],"wp:attachment":[{"href":"https:\/\/www.invicta.fr\/fr\/wp-json\/wp\/v2\/media?parent=939"}],"wp:term":[{"taxonomy":"product_brand","embeddable":true,"href":"https:\/\/www.invicta.fr\/fr\/wp-json\/wp\/v2\/product_brand?post=939"},{"taxonomy":"product_cat","embeddable":true,"href":"https:\/\/www.invicta.fr\/fr\/wp-json\/wp\/v2\/product_cat?post=939"},{"taxonomy":"product_tag","embeddable":true,"href":"https:\/\/www.invicta.fr\/fr\/wp-json\/wp\/v2\/product_tag?post=939"},{"taxonomy":"plus_produit","embeddable":true,"href":"https:\/\/www.invicta.fr\/fr\/wp-json\/wp\/v2\/plus_produit?post=939"}],"curies":[{"name":"wp","href":"https:\/\/api.w.org\/{rel}","templated":true}]}}