{"id":27724,"date":"2019-10-16T16:24:45","date_gmt":"2019-10-16T14:24:45","guid":{"rendered":"https:\/\/www.invicta.fr\/revendedores\/"},"modified":"2022-07-27T14:46:35","modified_gmt":"2022-07-27T12:46:35","slug":"revendedores","status":"publish","type":"page","link":"https:\/\/www.invicta.fr\/pt\/revendedores\/","title":{"rendered":"Revendedores"},"content":{"rendered":"\t\t<div data-elementor-type=\"wp-page\" data-elementor-id=\"27724\" class=\"elementor elementor-27724 elementor-187\" data-elementor-post-type=\"page\">\n\t\t\t\t\t\t<section class=\"elementor-section elementor-top-section elementor-element elementor-element-abbdc58 elementor-section-stretched ax-breadcrumb elementor-section-boxed elementor-section-height-default elementor-section-height-default\" data-id=\"abbdc58\" data-element_type=\"section\" data-settings=\"{&quot;stretch_section&quot;:&quot;section-stretched&quot;}\">\n\t\t\t\t\t\t<div class=\"elementor-container elementor-column-gap-no\">\n\t\t\t\t\t<div class=\"elementor-column elementor-col-100 elementor-top-column elementor-element elementor-element-0022837\" data-id=\"0022837\" data-element_type=\"column\">\n\t\t\t<div class=\"elementor-widget-wrap elementor-element-populated\">\n\t\t\t\t\t\t<div class=\"elementor-element elementor-element-ee65288 elementor-widget elementor-widget-breadcrumbs\" data-id=\"ee65288\" data-element_type=\"widget\" data-widget_type=\"breadcrumbs.default\">\n\t\t\t\t<div class=\"elementor-widget-container\">\n\t\t\t\t\t<p id=\"breadcrumbs\"><span><span><a href=\"https:\/\/www.invicta.fr\/pt\/\">Home<\/a><\/span><\/span><\/p>\t\t\t\t<\/div>\n\t\t\t\t<\/div>\n\t\t\t\t\t<\/div>\n\t\t<\/div>\n\t\t\t\t\t<\/div>\n\t\t<\/section>\n\t\t\t\t<section class=\"elementor-section elementor-top-section elementor-element elementor-element-2e0db17 elementor-section-boxed elementor-section-height-default elementor-section-height-default\" data-id=\"2e0db17\" data-element_type=\"section\" data-settings=\"{&quot;background_background&quot;:&quot;classic&quot;}\">\n\t\t\t\t\t\t<div class=\"elementor-container elementor-column-gap-default\">\n\t\t\t\t\t<div class=\"elementor-column elementor-col-100 elementor-top-column elementor-element elementor-element-9839bab\" data-id=\"9839bab\" data-element_type=\"column\">\n\t\t\t<div class=\"elementor-widget-wrap elementor-element-populated\">\n\t\t\t\t\t\t<div class=\"elementor-element elementor-element-0c1bf72 elementor-widget elementor-widget-heading\" data-id=\"0c1bf72\" data-element_type=\"widget\" data-widget_type=\"heading.default\">\n\t\t\t\t<div class=\"elementor-widget-container\">\n\t\t\t\t\t<h1 class=\"elementor-heading-title elementor-size-default\">Encontre um revendedor<\/h1>\t\t\t\t<\/div>\n\t\t\t\t<\/div>\n\t\t\t\t<div class=\"elementor-element elementor-element-c70840c elementor-widget-divider--view-line elementor-widget elementor-widget-divider\" data-id=\"c70840c\" data-element_type=\"widget\" data-widget_type=\"divider.default\">\n\t\t\t\t<div class=\"elementor-widget-container\">\n\t\t\t\t\t\t\t<div class=\"elementor-divider\">\n\t\t\t<span class=\"elementor-divider-separator\">\n\t\t\t\t\t\t<\/span>\n\t\t<\/div>\n\t\t\t\t\t\t<\/div>\n\t\t\t\t<\/div>\n\t\t\t\t\t<\/div>\n\t\t<\/div>\n\t\t\t\t\t<\/div>\n\t\t<\/section>\n\t\t\t\t<section class=\"elementor-section elementor-top-section elementor-element elementor-element-2053061 elementor-section-stretched elementor-section-full_width elementor-section-height-default elementor-section-height-default\" data-id=\"2053061\" data-element_type=\"section\" data-settings=\"{&quot;stretch_section&quot;:&quot;section-stretched&quot;}\">\n\t\t\t\t\t\t<div class=\"elementor-container elementor-column-gap-default\">\n\t\t\t\t\t<div class=\"elementor-column elementor-col-100 elementor-top-column elementor-element elementor-element-16e93d5d\" data-id=\"16e93d5d\" data-element_type=\"column\">\n\t\t\t<div class=\"elementor-widget-wrap elementor-element-populated\">\n\t\t\t\t\t\t<div class=\"elementor-element elementor-element-a4dba5a elementor-widget elementor-widget-shortcode\" data-id=\"a4dba5a\" data-element_type=\"widget\" data-widget_type=\"shortcode.default\">\n\t\t\t\t<div class=\"elementor-widget-container\">\n\t\t\t\t\t\n\t\t<div id=\"store_locator\" class=\"store_locator modal-body\">\n\t\t\t<div class=\"store-locator-row\">\n\t\t\t\t\n\t\t<div id=\"store_locator_search_box\" class=\"store_locator_search_box store-locator-col-xs-12 store-locator-col-sm-12 store-locator-col-md-6\">\n\n\n\t\t\t<div class=\"store-locator-row\">\n\n\t\t\t\t<div class=\"store-locator-col-xs-12 store-locator-col-sm-12\">\n\n                    \n                    \n                    \n                    \n\t\t\t\t<\/div>\n\t\t\t<\/div>\n\n\n\n\n            \t\t\t<div class=\"store-locator-row\">\n\t\t\t\t\n\t\t<div id=\"store_locator_filter\" class=\"store_locator_filter\">\n\n\t\t\t<div id=\"store_locator_filter_content\" class=\"store_locator_filter_content\" style=\"display: block;\">\n\t\t\t\t<div class=\"store-locator-col-xs-12 store-locator-col-sm-12 single_filter\">\n                    \t\t\t\t\t<select name=\"categories\" id=\"store_locator_filter_categories\" class=\"select store_locator_filter_categories\">\n\n                        \t\t\t\t\t\t<option value=\"\">Select a Category<\/option>\n    \t\t\t\t\t\t\t\t\t\t<\/select>\n                    \t\t\t\t<\/div>\n\t\t\t\t<div class=\"store-locator-col-xs-12 store-locator-col-sm-12 single_filter\">\n\t\t\t\t\t<select name=\"radius\" id=\"store_locator_filter_radius\" class=\"select store_locator_filter_radius\">\n\t\t\t\t\t<option value=\"10\" >10 km<\/option><option value=\"25\" >25 km<\/option><option value=\"50\" selected=\"selected\">50 km<\/option>\t\t\t\t\t<\/select>\n\t\t\t\t<\/div>\n\t\t\t\t<div class=\"filters-checkbox store-locator-col-xs-12 store-locator-col-sm-12 single_filter single_filter_filter \" ><label class=\"single_filter_checkbox control control--checkbox\"><input  name=\"1291\" type=\"checkbox\" class=\"store_locator_filter_checkbox\"  value=\"Distributeurs\">Distributeurs<div class=\"control__indicator\"><\/div><\/label><label class=\"single_filter_checkbox control control--checkbox\"><input  name=\"1290\" type=\"checkbox\" class=\"store_locator_filter_checkbox\"  value=\"Grande Surface de Bricolage\">Grande Surface de Bricolage<div class=\"control__indicator\"><\/div><\/label><label class=\"single_filter_checkbox control control--checkbox\"><input  name=\"1289\" type=\"checkbox\" class=\"store_locator_filter_checkbox\"  value=\"Installateur partenaire\">Installateur partenaire<div class=\"control__indicator\"><\/div><\/label><label class=\"single_filter_checkbox control control--checkbox\"><input checked name=\"1288\" type=\"checkbox\" class=\"store_locator_filter_checkbox\" checked value=\"Invicta Shop\">Invicta Shop<div class=\"control__indicator\"><\/div><\/label><label class=\"single_filter_checkbox control control--checkbox\"><input  name=\"5911\" type=\"checkbox\" class=\"store_locator_filter_checkbox\"  value=\"Station technique\">Station technique<div class=\"control__indicator\"><\/div><\/label><\/div>\t\t\t<\/div>\n\t\t<\/div>\n\t\t\t\t\t<\/div>\n            \n\t\t\t<div class=\"store-locator-row\">\n\t\t\t\t<div class=\"store-locator-col-xs-12 store-locator-col-sm-12 store-explore\">\n\n\t\t\t\t\t\n\t\t\t\t\t<input id=\"store_locator_address_field\" class=\"store_locator_address_field\" type=\"text\" name=\"location\" placeholder=\"Enter your address\">\n\t\t\t\t\t\t\t\t\t\t\t<a href=\"#\" id=\"store_locator_get_my_position\"><i>Get my Position<\/i><\/a>\n\t\t\t\t\t\t\t\t\t\t\n\t\t\t\t\t\n\t\t\t\t<\/div>\n\t\t\t<\/div>\n\t\t\t\t\t\t\t<div class=\"store-locator-row ax-store-locator-custom\">\n\t\t\t\t\t<div class=\"store-locator-col-xs-12 store-locator-col-sm-12\">\n\t\t\t\t\t\t<button id=\"store_locator_find_stores_button\" type=\"button\" class=\"store_locator_find_stores_button btn button et_pb_button btn-primary btn-lg\">\n\t\t\t\t\t\t\tchercher\t\t\t\t\t\t<\/button>\n\t\t\t\t\t<\/div>\n\t\t\t\t<\/div>\n\t\t\t\t\t<\/div>\n\n\t\t\t\t\t\t<div id=\"store_locator_main\" class=\"store_locator_main  store-locator-col-xs-12 store-locator-col-sm-12 store-locator-col-md-6\">\n\t\t\t\t\t<div id=\"store_locator_map\" style=\"height: 500px;\"><\/div>\n                    <div id=\"store_locator_dragged_button\" class=\"btn button et_pb_button button-primary theme-button store_locator_dragged_button\">\n                        Search in this Area                    <\/div>\n\t\t\t\t<\/div>\n\t\t\t    \t\t<div id=\"store_locator_sidebar\" class=\"store_locator_sidebar store-locator-col-xs-12 store-locator-col-sm-12 store-locator-col-md-6 below\">\n\t\t\t<div id=\"store_locator_sidebar_content\" class=\"store_locator_sidebar_content store-locator-row\">\n    \t\t\t\t<div id=\"store_locator_result_list_box\" class=\"store_locator_result_list_box store-locator-col-xs-12 store-locator-col-sm-12\">\n            <hr class=\"grey\">\n            \t\t\t<div id=\"store_locator_result_list\">\n\n            <\/div>\n\t\t<\/div>\n\t\t\t\t\t<\/div>\n\t\t<\/div>\n\n\t\t<div id=\"ax-sort-filtres\" style=\"display: none;\"><div data-ordre=\"0\" data-termid=\"1288\"><\/div><div data-ordre=\"1\" data-termid=\"1293\"><\/div><div data-ordre=\"2\" data-termid=\"1289\"><\/div><div data-ordre=\"3\" data-termid=\"1291\"><\/div><div data-ordre=\"4\" data-termid=\"1290\"><\/div><div data-ordre=\"5\" data-termid=\"5911\"><\/div><\/div>\t\t\t<\/div>\n            <button type=\"button\" id=\"store_modal_close\" class=\"store_modal_close\" data-dismiss=\"modal\" aria-label=\"Close\"><span aria-hidden=\"true\">&times;<\/span><\/button>\n\t\t\t<div id=\"store_locator_loading\" class=\"store_locator_loading store-locator-hidden\"><i class=\"fa   \"><\/i><\/div>\n\t\t<\/div>\n\n\t\t\t<div class=\"elementor-shortcode\"><\/div>\n\t\t\t\t\t\t<\/div>\n\t\t\t\t<\/div>\n\t\t\t\t\t<\/div>\n\t\t<\/div>\n\t\t\t\t\t<\/div>\n\t\t<\/section>\n\t\t\t\t<section class=\"elementor-section elementor-inner-section elementor-element elementor-element-4516ce1 elementor-section-boxed elementor-section-height-default elementor-section-height-default\" data-id=\"4516ce1\" data-element_type=\"section\">\n\t\t\t\t\t\t<div class=\"elementor-container elementor-column-gap-default\">\n\t\t\t\t\t<div class=\"elementor-column elementor-col-50 elementor-inner-column elementor-element elementor-element-f3956fc\" data-id=\"f3956fc\" data-element_type=\"column\">\n\t\t\t<div class=\"elementor-widget-wrap elementor-element-populated\">\n\t\t\t\t\t\t<div class=\"elementor-element elementor-element-c7cb9b5 elementor-widget elementor-widget-image\" data-id=\"c7cb9b5\" data-element_type=\"widget\" data-widget_type=\"image.default\">\n\t\t\t\t<div class=\"elementor-widget-container\">\n\t\t\t\t\t\t\t\t\t\t\t\t\t\t\t<img fetchpriority=\"high\" decoding=\"async\" width=\"477\" height=\"307\" src=\"https:\/\/www.invicta.fr\/wp-content\/uploads\/2019\/08\/enseignes-batiment-invicta.jpg\" class=\"attachment-large size-large wp-image-28083\" alt=\"Logos enseignes b\u00e2timent\" srcset=\"https:\/\/www.invicta.fr\/wp-content\/uploads\/2019\/08\/enseignes-batiment-invicta.jpg 477w, https:\/\/www.invicta.fr\/wp-content\/uploads\/2019\/08\/enseignes-batiment-invicta-386x248.jpg 386w\" sizes=\"(max-width: 477px) 100vw, 477px\" \/>\t\t\t\t\t\t\t\t\t\t\t\t\t\t\t<\/div>\n\t\t\t\t<\/div>\n\t\t\t\t<div class=\"elementor-element elementor-element-e17c087 elementor-align-center elementor-widget elementor-widget-button\" data-id=\"e17c087\" data-element_type=\"widget\" data-widget_type=\"button.default\">\n\t\t\t\t<div class=\"elementor-widget-container\">\n\t\t\t\t\t\t\t\t\t<div class=\"elementor-button-wrapper\">\n\t\t\t\t\t<a class=\"elementor-button elementor-button-link elementor-size-sm\" href=\"https:\/\/www.invicta.fr\/fr\/carte-revendeurs\/distribution-batiment-enseignes\/\">\n\t\t\t\t\t\t<span class=\"elementor-button-content-wrapper\">\n\t\t\t\t\t\t\t\t\t<span class=\"elementor-button-text\">Parceiros de constru\u00e7\u00e3o e lojas<\/span>\n\t\t\t\t\t<\/span>\n\t\t\t\t\t<\/a>\n\t\t\t\t<\/div>\n\t\t\t\t\t\t\t\t<\/div>\n\t\t\t\t<\/div>\n\t\t\t\t\t<\/div>\n\t\t<\/div>\n\t\t\t\t<div class=\"elementor-column elementor-col-50 elementor-inner-column elementor-element elementor-element-b84942e\" data-id=\"b84942e\" data-element_type=\"column\">\n\t\t\t<div class=\"elementor-widget-wrap elementor-element-populated\">\n\t\t\t\t\t\t<div class=\"elementor-element elementor-element-06a47c8 elementor-widget elementor-widget-image\" data-id=\"06a47c8\" data-element_type=\"widget\" data-widget_type=\"image.default\">\n\t\t\t\t<div class=\"elementor-widget-container\">\n\t\t\t\t\t\t\t\t\t\t\t\t\t\t\t<img decoding=\"async\" width=\"477\" height=\"307\" src=\"https:\/\/www.invicta.fr\/wp-content\/uploads\/2019\/08\/enseignes-bricolage-invicta.jpg\" class=\"attachment-large size-large wp-image-28082\" alt=\"Logos enseignes grandes surfaces de bricolage\" srcset=\"https:\/\/www.invicta.fr\/wp-content\/uploads\/2019\/08\/enseignes-bricolage-invicta.jpg 477w, https:\/\/www.invicta.fr\/wp-content\/uploads\/2019\/08\/enseignes-bricolage-invicta-386x248.jpg 386w\" sizes=\"(max-width: 477px) 100vw, 477px\" \/>\t\t\t\t\t\t\t\t\t\t\t\t\t\t\t<\/div>\n\t\t\t\t<\/div>\n\t\t\t\t<div class=\"elementor-element elementor-element-dc6e4b8 elementor-align-center elementor-widget elementor-widget-button\" data-id=\"dc6e4b8\" data-element_type=\"widget\" data-widget_type=\"button.default\">\n\t\t\t\t<div class=\"elementor-widget-container\">\n\t\t\t\t\t\t\t\t\t<div class=\"elementor-button-wrapper\">\n\t\t\t\t\t<a class=\"elementor-button elementor-button-link elementor-size-sm\" href=\"https:\/\/www.invicta.fr\/fr\/carte-revendeurs\/enseignes-de-bricolage\/\">\n\t\t\t\t\t\t<span class=\"elementor-button-content-wrapper\">\n\t\t\t\t\t\t\t\t\t<span class=\"elementor-button-text\">Parceiros grande distribui\u00e7\u00e3o<\/span>\n\t\t\t\t\t<\/span>\n\t\t\t\t\t<\/a>\n\t\t\t\t<\/div>\n\t\t\t\t\t\t\t\t<\/div>\n\t\t\t\t<\/div>\n\t\t\t\t\t<\/div>\n\t\t<\/div>\n\t\t\t\t\t<\/div>\n\t\t<\/section>\n\t\t\t\t<\/div>\n\t\t","protected":false},"excerpt":{"rendered":"<p>Encontre um revendedor Parceiros de constru\u00e7\u00e3o e lojas Parceiros grande distribui\u00e7\u00e3o<\/p>\n","protected":false},"author":225,"featured_media":0,"parent":0,"menu_order":0,"comment_status":"closed","ping_status":"closed","template":"elementor_header_footer","meta":{"_acf_changed":false,"footnotes":""},"class_list":{"1":"page"},"acf":[],"yoast_head":"<!-- This site is optimized with the Yoast SEO plugin v24.7 - https:\/\/yoast.com\/wordpress\/plugins\/seo\/ -->\n<title>Revendedores - Invicta<\/title>\n<meta name=\"description\" content=\"Encontre um revendedor Parceiros de constru\u00e7\u00e3o e lojas Parceiros grande\" \/>\n<meta name=\"robots\" content=\"index, follow, max-snippet:-1, max-image-preview:large, max-video-preview:-1\" \/>\n<link rel=\"canonical\" href=\"https:\/\/www.invicta.fr\/pt\/revendedores\/\" \/>\n<meta property=\"og:locale\" content=\"pt_PT\" \/>\n<meta property=\"og:type\" content=\"article\" \/>\n<meta property=\"og:title\" content=\"Revendedores - Invicta\" \/>\n<meta property=\"og:description\" content=\"Encontre um revendedor Parceiros de constru\u00e7\u00e3o e lojas Parceiros grande\" \/>\n<meta property=\"og:url\" content=\"https:\/\/www.invicta.fr\/pt\/revendedores\/\" \/>\n<meta property=\"og:site_name\" content=\"Invicta\" \/>\n<meta property=\"article:modified_time\" content=\"2022-07-27T12:46:35+00:00\" \/>\n<meta property=\"og:image\" content=\"https:\/\/www.invicta.fr\/wp-content\/uploads\/2019\/08\/enseignes-batiment-invicta.jpg\" \/>\n<meta name=\"twitter:card\" content=\"summary_large_image\" \/>\n<script type=\"application\/ld+json\" class=\"yoast-schema-graph\">{\"@context\":\"https:\/\/schema.org\",\"@graph\":[{\"@type\":\"WebPage\",\"@id\":\"https:\/\/www.invicta.fr\/pt\/revendedores\/\",\"url\":\"https:\/\/www.invicta.fr\/pt\/revendedores\/\",\"name\":\"Revendedores - Invicta\",\"isPartOf\":{\"@id\":\"https:\/\/www.invicta.fr\/pt\/#website\"},\"primaryImageOfPage\":{\"@id\":\"https:\/\/www.invicta.fr\/pt\/revendedores\/#primaryimage\"},\"image\":{\"@id\":\"https:\/\/www.invicta.fr\/pt\/revendedores\/#primaryimage\"},\"thumbnailUrl\":\"https:\/\/www.invicta.fr\/wp-content\/uploads\/2019\/08\/enseignes-batiment-invicta.jpg\",\"datePublished\":\"2019-10-16T14:24:45+00:00\",\"dateModified\":\"2022-07-27T12:46:35+00:00\",\"description\":\"Encontre um revendedor Parceiros de constru\u00e7\u00e3o e lojas Parceiros grande\",\"breadcrumb\":{\"@id\":\"https:\/\/www.invicta.fr\/pt\/revendedores\/#breadcrumb\"},\"inLanguage\":\"pt-PT\",\"potentialAction\":[{\"@type\":\"ReadAction\",\"target\":[\"https:\/\/www.invicta.fr\/pt\/revendedores\/\"]}]},{\"@type\":\"ImageObject\",\"inLanguage\":\"pt-PT\",\"@id\":\"https:\/\/www.invicta.fr\/pt\/revendedores\/#primaryimage\",\"url\":\"https:\/\/www.invicta.fr\/wp-content\/uploads\/2019\/08\/enseignes-batiment-invicta.jpg\",\"contentUrl\":\"https:\/\/www.invicta.fr\/wp-content\/uploads\/2019\/08\/enseignes-batiment-invicta.jpg\"},{\"@type\":\"BreadcrumbList\",\"@id\":\"https:\/\/www.invicta.fr\/pt\/revendedores\/#breadcrumb\",\"itemListElement\":[{\"@type\":\"ListItem\",\"position\":1,\"name\":\"Home\",\"item\":\"https:\/\/www.invicta.fr\/pt\/\"},{\"@type\":\"ListItem\",\"position\":2,\"name\":\"Revendedores\"}]},{\"@type\":\"WebSite\",\"@id\":\"https:\/\/www.invicta.fr\/pt\/#website\",\"url\":\"https:\/\/www.invicta.fr\/pt\/\",\"name\":\"Invicta\",\"description\":\"Fabricant fran\u00e7ais, sp\u00e9cialiste europ\u00e9en du chauffage au bois : po\u00eales \u00e0 bois et \u00e0 granul\u00e9s, chemin\u00e9es, foyers et inserts\",\"publisher\":{\"@id\":\"https:\/\/www.invicta.fr\/pt\/#organization\"},\"potentialAction\":[{\"@type\":\"SearchAction\",\"target\":{\"@type\":\"EntryPoint\",\"urlTemplate\":\"https:\/\/www.invicta.fr\/pt\/?s={search_term_string}\"},\"query-input\":{\"@type\":\"PropertyValueSpecification\",\"valueRequired\":true,\"valueName\":\"search_term_string\"}}],\"inLanguage\":\"pt-PT\"},{\"@type\":\"Organization\",\"@id\":\"https:\/\/www.invicta.fr\/pt\/#organization\",\"name\":\"Invicta\",\"url\":\"https:\/\/www.invicta.fr\/pt\/\",\"logo\":{\"@type\":\"ImageObject\",\"inLanguage\":\"pt-PT\",\"@id\":\"https:\/\/www.invicta.fr\/pt\/#\/schema\/logo\/image\/\",\"url\":\"https:\/\/www.invicta.fr\/wp-content\/uploads\/2019\/06\/INVICTALOGO_RVB.png\",\"contentUrl\":\"https:\/\/www.invicta.fr\/wp-content\/uploads\/2019\/06\/INVICTALOGO_RVB.png\",\"width\":1810,\"height\":1280,\"caption\":\"Invicta\"},\"image\":{\"@id\":\"https:\/\/www.invicta.fr\/pt\/#\/schema\/logo\/image\/\"}}]}<\/script>\n<!-- \/ Yoast SEO plugin. -->","yoast_head_json":{"title":"Revendedores - Invicta","description":"Encontre um revendedor Parceiros de constru\u00e7\u00e3o e lojas Parceiros grande","robots":{"index":"index","follow":"follow","max-snippet":"max-snippet:-1","max-image-preview":"max-image-preview:large","max-video-preview":"max-video-preview:-1"},"canonical":"https:\/\/www.invicta.fr\/pt\/revendedores\/","og_locale":"pt_PT","og_type":"article","og_title":"Revendedores - Invicta","og_description":"Encontre um revendedor Parceiros de constru\u00e7\u00e3o e lojas Parceiros grande","og_url":"https:\/\/www.invicta.fr\/pt\/revendedores\/","og_site_name":"Invicta","article_modified_time":"2022-07-27T12:46:35+00:00","og_image":[{"url":"https:\/\/www.invicta.fr\/wp-content\/uploads\/2019\/08\/enseignes-batiment-invicta.jpg","type":"","width":"","height":""}],"twitter_card":"summary_large_image","schema":{"@context":"https:\/\/schema.org","@graph":[{"@type":"WebPage","@id":"https:\/\/www.invicta.fr\/pt\/revendedores\/","url":"https:\/\/www.invicta.fr\/pt\/revendedores\/","name":"Revendedores - Invicta","isPartOf":{"@id":"https:\/\/www.invicta.fr\/pt\/#website"},"primaryImageOfPage":{"@id":"https:\/\/www.invicta.fr\/pt\/revendedores\/#primaryimage"},"image":{"@id":"https:\/\/www.invicta.fr\/pt\/revendedores\/#primaryimage"},"thumbnailUrl":"https:\/\/www.invicta.fr\/wp-content\/uploads\/2019\/08\/enseignes-batiment-invicta.jpg","datePublished":"2019-10-16T14:24:45+00:00","dateModified":"2022-07-27T12:46:35+00:00","description":"Encontre um revendedor Parceiros de constru\u00e7\u00e3o e lojas Parceiros grande","breadcrumb":{"@id":"https:\/\/www.invicta.fr\/pt\/revendedores\/#breadcrumb"},"inLanguage":"pt-PT","potentialAction":[{"@type":"ReadAction","target":["https:\/\/www.invicta.fr\/pt\/revendedores\/"]}]},{"@type":"ImageObject","inLanguage":"pt-PT","@id":"https:\/\/www.invicta.fr\/pt\/revendedores\/#primaryimage","url":"https:\/\/www.invicta.fr\/wp-content\/uploads\/2019\/08\/enseignes-batiment-invicta.jpg","contentUrl":"https:\/\/www.invicta.fr\/wp-content\/uploads\/2019\/08\/enseignes-batiment-invicta.jpg"},{"@type":"BreadcrumbList","@id":"https:\/\/www.invicta.fr\/pt\/revendedores\/#breadcrumb","itemListElement":[{"@type":"ListItem","position":1,"name":"Home","item":"https:\/\/www.invicta.fr\/pt\/"},{"@type":"ListItem","position":2,"name":"Revendedores"}]},{"@type":"WebSite","@id":"https:\/\/www.invicta.fr\/pt\/#website","url":"https:\/\/www.invicta.fr\/pt\/","name":"Invicta","description":"Fabricant fran\u00e7ais, sp\u00e9cialiste europ\u00e9en du chauffage au bois : po\u00eales \u00e0 bois et \u00e0 granul\u00e9s, chemin\u00e9es, foyers et inserts","publisher":{"@id":"https:\/\/www.invicta.fr\/pt\/#organization"},"potentialAction":[{"@type":"SearchAction","target":{"@type":"EntryPoint","urlTemplate":"https:\/\/www.invicta.fr\/pt\/?s={search_term_string}"},"query-input":{"@type":"PropertyValueSpecification","valueRequired":true,"valueName":"search_term_string"}}],"inLanguage":"pt-PT"},{"@type":"Organization","@id":"https:\/\/www.invicta.fr\/pt\/#organization","name":"Invicta","url":"https:\/\/www.invicta.fr\/pt\/","logo":{"@type":"ImageObject","inLanguage":"pt-PT","@id":"https:\/\/www.invicta.fr\/pt\/#\/schema\/logo\/image\/","url":"https:\/\/www.invicta.fr\/wp-content\/uploads\/2019\/06\/INVICTALOGO_RVB.png","contentUrl":"https:\/\/www.invicta.fr\/wp-content\/uploads\/2019\/06\/INVICTALOGO_RVB.png","width":1810,"height":1280,"caption":"Invicta"},"image":{"@id":"https:\/\/www.invicta.fr\/pt\/#\/schema\/logo\/image\/"}}]}},"_links":{"self":[{"href":"https:\/\/www.invicta.fr\/pt\/wp-json\/wp\/v2\/pages\/27724","targetHints":{"allow":["GET"]}}],"collection":[{"href":"https:\/\/www.invicta.fr\/pt\/wp-json\/wp\/v2\/pages"}],"about":[{"href":"https:\/\/www.invicta.fr\/pt\/wp-json\/wp\/v2\/types\/page"}],"author":[{"embeddable":true,"href":"https:\/\/www.invicta.fr\/pt\/wp-json\/wp\/v2\/users\/225"}],"replies":[{"embeddable":true,"href":"https:\/\/www.invicta.fr\/pt\/wp-json\/wp\/v2\/comments?post=27724"}],"version-history":[{"count":5,"href":"https:\/\/www.invicta.fr\/pt\/wp-json\/wp\/v2\/pages\/27724\/revisions"}],"predecessor-version":[{"id":50960,"href":"https:\/\/www.invicta.fr\/pt\/wp-json\/wp\/v2\/pages\/27724\/revisions\/50960"}],"wp:attachment":[{"href":"https:\/\/www.invicta.fr\/pt\/wp-json\/wp\/v2\/media?parent=27724"}],"curies":[{"name":"wp","href":"https:\/\/api.w.org\/{rel}","templated":true}]}}