{"id":27797,"date":"2019-10-16T16:25:03","date_gmt":"2019-10-16T14:25:03","guid":{"rendered":"https:\/\/www.invicta.fr\/registo-produto\/"},"modified":"2024-12-05T08:57:07","modified_gmt":"2024-12-05T07:57:07","slug":"registo-produto","status":"publish","type":"page","link":"https:\/\/www.invicta.fr\/pt\/registo-produto\/","title":{"rendered":"Registo produto"},"content":{"rendered":"<p><strong>Parab\u00e9ns pela compra do seu novo produto Invicta!<\/strong><br \/>\nRegistre seu produto on-line para aproveitar a garantia e um melhor acompanhamento da vida \u00fatil do seu produto.<br \/>\nLembre-se de manter sua fatura ou recibo, bem como a documenta\u00e7\u00e3o t\u00e9cnica do dispositivo.\t\t<\/p>\n<form method='post' enctype='multipart\/form-data' target='gform_ajax_frame_16' id='gform_16'  action='\/wp-admin\/admin-ajax.php#gf_16'>\n<ul id='gform_fields_16' class='gform_fields top_label form_sublabel_below description_below'>\n<li id='field_16_1'  class='gfield field_sublabel_below field_description_below gfield_visibility_visible' ><label class='gfield_label' for='input_16_1' >O seu aparelho<\/label><input name='input_1' id='input_16_1' type='text' value='' class='medium'    placeholder='Ex : Arenga LP9'  aria-invalid=\"false\" \/><\/li>\n<li id='field_16_2'  class='gfield gfield_contains_required field_sublabel_below field_description_below gfield_visibility_visible' ><label class='gfield_label' for='input_16_2' >N\u00famero de s\u00e9rie*<\/label><input name='input_2' id='input_16_2' type='text' value='' class='medium'     aria-required=\"true\" aria-invalid=\"false\" \/><\/li>\n<li id='field_16_23'  class='gfield gfield_contains_required field_sublabel_below field_description_below gfield_visibility_visible' ><label class='gfield_label' for='input_16_23' >Data da compra*<\/label><input name='input_23' id='input_16_23' type='text' value='' class='medium'    placeholder='Ex : 06\/01\/2020' aria-required=\"true\" aria-invalid=\"false\" \/><\/li>\n<li id='field_16_3'  class='gfield field_sublabel_below field_description_below gfield_visibility_visible' ><label class='gfield_label' for='input_16_3' >Data de entrada em servi\u00e7o<\/label><input name='input_3' id='input_16_3' type='text' value='' class='medium'    placeholder='Ex : 06\/01\/2020'  aria-invalid=\"false\" \/><\/li>\n<li id='field_16_5'  class='gfield gfield_contains_required field_sublabel_below field_description_below gfield_visibility_visible' ><label class='gfield_label' for='input_16_5' >O produto foi ou ser\u00e1 instalado:*<\/label><select name='input_5' id='input_16_5' class='medium gfield_select'   aria-required=\"true\" aria-invalid=\"false\"><option value='prestataire_magasin' >por um prestador da loja<\/option><option value='prestataire_choisi_par_le_demandeur' >por um prestador da sua escolha<\/option><option value='le_demandeur' >por si<\/option><\/select><\/li>\n<li id='field_16_6'  class='gfield gfield_contains_required field_sublabel_below field_description_below gfield_visibility_visible' ><label class='gfield_label' for='input_16_6' >A entrada em servi\u00e7o e os ajustes foram ou ser\u00e3o efetuados:*<\/label><select name='input_6' id='input_16_6' class='medium gfield_select'   aria-required=\"true\" aria-invalid=\"false\"><option value='prestataire_du_magasin' >por um prestador da loja<\/option><option value='prestataire_du_demandeur' >por um prestador da sua escolha<\/option><option value='demandeur' >por si<\/option><\/select><\/li>\n<li id='field_16_7'  class='gfield gfield_contains_required field_sublabel_below field_description_below gfield_visibility_visible' ><label class='gfield_label' for='input_16_7' >Um profissional explicou-lhe o funcionamento do seu aparelho? :*<\/label><select name='input_7' id='input_16_7' class='medium gfield_select'   aria-required=\"true\" aria-invalid=\"false\"><option value='oui' >Sim<\/option><option value='non' >N\u00e3o<\/option><\/select><\/li>\n<li id='field_16_9'  class='gfield gsection field_sublabel_below field_description_below gfield_visibility_visible' >\n<h2 class='gsection_title'>As suas informa\u00e7\u00f5es pessoais<\/h2>\n<\/li>\n<li id='field_16_10'  class='gfield gfield_contains_required field_sublabel_below field_description_below gfield_visibility_visible' ><label class='gfield_label' for='input_16_10' >Apelido*<\/label><input name='input_10' id='input_16_10' type='text' value='' class='medium'     aria-required=\"true\" aria-invalid=\"false\" \/><\/li>\n<li id='field_16_11'  class='gfield gfield_contains_required field_sublabel_below field_description_below gfield_visibility_visible' ><label class='gfield_label' for='input_16_11' >Nome*<\/label><input name='input_11' id='input_16_11' type='text' value='' class='medium'     aria-required=\"true\" aria-invalid=\"false\" \/><\/li>\n<li id='field_16_22'  class='gfield gfield_contains_required field_sublabel_below field_description_below gfield_visibility_visible' ><label class='gfield_label' for='input_16_22' >E-mail*<\/label><br \/>\n                            <input name='input_22' id='input_16_22' type='text' value='' class='medium'    aria-required=\"true\" aria-invalid=\"false\" \/>\n                        <\/li>\n<li id='field_16_12'  class='gfield gfield_contains_required field_sublabel_below field_description_below gfield_visibility_visible' ><label class='gfield_label' for='input_16_12' >Morada*<\/label><input name='input_12' id='input_16_12' type='text' value='' class='medium'     aria-required=\"true\" aria-invalid=\"false\" \/><\/li>\n<li id='field_16_13'  class='gfield gfield_contains_required field_sublabel_below field_description_below gfield_visibility_visible' ><label class='gfield_label' for='input_16_13' >C\u00f3digo postal*<\/label><input name='input_13' id='input_16_13' type='text' value='' class='medium'     aria-required=\"true\" aria-invalid=\"false\" \/><\/li>\n<li id='field_16_15'  class='gfield gfield_contains_required field_sublabel_below field_description_below gfield_visibility_visible' ><label class='gfield_label' for='input_16_15' >Cidade*<\/label><input name='input_15' id='input_16_15' type='text' value='' class='medium'     aria-required=\"true\" aria-invalid=\"false\" \/><\/li>\n<li id='field_16_16'  class='gfield gfield_contains_required field_sublabel_below field_description_below gfield_visibility_visible' ><label class='gfield_label' for='input_16_16' >Telefone*<\/label><input name='input_16' id='input_16_16' type='text' value='' class='medium'     aria-required=\"true\" aria-invalid=\"false\" \/><\/li>\n<li id='field_16_18'  class='gfield gsection field_sublabel_below field_description_below gfield_visibility_visible' >\n<h2 class='gsection_title'>O seu revendedor<\/h2>\n<\/li>\n<li id='field_16_17'  class='gfield gfield_contains_required field_sublabel_below field_description_below gfield_visibility_visible' ><label class='gfield_label' for='input_16_17' >Nome do seu revendedor*<\/label><input name='input_17' id='input_16_17' type='text' value='' class='medium'     aria-required=\"true\" aria-invalid=\"false\" \/><\/li>\n<li id='field_16_19'  class='gfield gfield_contains_required field_sublabel_below field_description_below gfield_visibility_visible' ><label class='gfield_label' for='input_16_19' >C\u00f3digo Postal*<\/label><input name='input_19' id='input_16_19' type='text' value='' class='medium'     aria-required=\"true\" aria-invalid=\"false\" \/><\/li>\n<li id='field_16_20'  class='gfield gfield_contains_required field_sublabel_below field_description_below gfield_visibility_visible' ><label class='gfield_label' for='input_16_20' >O seu n\u00famero de telf*<\/label><input name='input_20' id='input_16_20' type='text' value='' class='medium'     aria-required=\"true\" aria-invalid=\"false\" \/><\/li>\n<\/ul>\n<p>         <input type='submit' id='gform_submit_button_16' class='gform_button button' value='Envoyer'  onclick='if(window[\"gf_submitting_16\"]){return false;}  window[\"gf_submitting_16\"]=true;  ' onkeypress='if( event.keyCode == 13 ){ if(window[\"gf_submitting_16\"]){return false;} window[\"gf_submitting_16\"]=true;  jQuery(\"#gform_16\").trigger(\"submit\",[true]); }' \/> <input type='hidden' name='gform_ajax' value='form_id=16&amp;title=&amp;description=yes&amp;tabindex=0' \/><br \/>\n            <input type='hidden' class='gform_hidden' name='is_submit_16' value='1' \/><br \/>\n            <input type='hidden' class='gform_hidden' name='gform_submit' value='16' \/><br \/>\n            <input type='hidden' class='gform_hidden' name='gform_unique_id' value='' \/><br \/>\n            <input type='hidden' class='gform_hidden' name='state_16' value='WyJbXSIsImIyMDIxMTc2ZjJiZGNkMmJmN2M5MTQ5OGFiMTg0OWNlIl0=' \/><br \/>\n            <input type='hidden' class='gform_hidden' name='gform_target_page_number_16' id='gform_target_page_number_16' value='0' \/><br \/>\n            <input type='hidden' class='gform_hidden' name='gform_source_page_number_16' id='gform_source_page_number_16' value='1' \/><br \/>\n            <input type='hidden' name='gform_field_values' value='' \/><br \/>\n                        <\/form>\n<p>                <iframe style='display:none;width:0px;height:0px;' src='about:blank' name='gform_ajax_frame_16' id='gform_ajax_frame_16'>Cette iframe contient la logique n\u00e9cessaire pour manipuler Gravity Forms avec Ajax.<\/iframe><\/p>\n","protected":false},"excerpt":{"rendered":"<p>Parab\u00e9ns pela compra do seu novo produto Invicta! Registre seu produto on-line para aproveitar a garantia e um melhor acompanhamento da vida \u00fatil do seu produto. Lembre-se de manter sua fatura ou recibo, bem como a documenta\u00e7\u00e3o t\u00e9cnica do dispositivo. O seu aparelho N\u00famero de s\u00e9rie* Data da compra* Data de entrada em servi\u00e7o O [&hellip;]<\/p>\n","protected":false},"author":130,"featured_media":0,"parent":0,"menu_order":0,"comment_status":"closed","ping_status":"closed","template":"template-services.php","meta":{"_acf_changed":false,"footnotes":""},"class_list":{"1":"page"},"acf":[],"yoast_head":"<!-- This site is optimized with the Yoast SEO plugin v24.7 - https:\/\/yoast.com\/wordpress\/plugins\/seo\/ -->\n<title>Registo produto - Invicta<\/title>\n<meta name=\"description\" content=\"Parab\u00e9ns pela compra do seu novo produto Invicta! Registre seu produto on-line para aproveitar a garantia e um melhor acompanhamento da vida \u00fatil do seu\" \/>\n<meta name=\"robots\" content=\"index, follow, max-snippet:-1, max-image-preview:large, max-video-preview:-1\" \/>\n<link rel=\"canonical\" href=\"https:\/\/www.invicta.fr\/pt\/registo-produto\/\" \/>\n<meta property=\"og:locale\" content=\"pt_PT\" \/>\n<meta property=\"og:type\" content=\"article\" \/>\n<meta property=\"og:title\" content=\"Registo produto - Invicta\" \/>\n<meta property=\"og:description\" content=\"Parab\u00e9ns pela compra do seu novo produto Invicta! Registre seu produto on-line para aproveitar a garantia e um melhor acompanhamento da vida \u00fatil do seu\" \/>\n<meta property=\"og:url\" content=\"https:\/\/www.invicta.fr\/pt\/registo-produto\/\" \/>\n<meta property=\"og:site_name\" content=\"Invicta\" \/>\n<meta property=\"article:modified_time\" content=\"2024-12-05T07:57:07+00:00\" \/>\n<meta name=\"twitter:card\" content=\"summary_large_image\" \/>\n<meta name=\"twitter:label1\" content=\"Tempo estimado de leitura\" \/>\n\t<meta name=\"twitter:data1\" content=\"1 minuto\" \/>\n<script type=\"application\/ld+json\" class=\"yoast-schema-graph\">{\"@context\":\"https:\/\/schema.org\",\"@graph\":[{\"@type\":\"WebPage\",\"@id\":\"https:\/\/www.invicta.fr\/pt\/registo-produto\/\",\"url\":\"https:\/\/www.invicta.fr\/pt\/registo-produto\/\",\"name\":\"Registo produto - Invicta\",\"isPartOf\":{\"@id\":\"https:\/\/www.invicta.fr\/pt\/#website\"},\"datePublished\":\"2019-10-16T14:25:03+00:00\",\"dateModified\":\"2024-12-05T07:57:07+00:00\",\"description\":\"Parab\u00e9ns pela compra do seu novo produto Invicta! Registre seu produto on-line para aproveitar a garantia e um melhor acompanhamento da vida \u00fatil do seu\",\"breadcrumb\":{\"@id\":\"https:\/\/www.invicta.fr\/pt\/registo-produto\/#breadcrumb\"},\"inLanguage\":\"pt-PT\",\"potentialAction\":[{\"@type\":\"ReadAction\",\"target\":[\"https:\/\/www.invicta.fr\/pt\/registo-produto\/\"]}]},{\"@type\":\"BreadcrumbList\",\"@id\":\"https:\/\/www.invicta.fr\/pt\/registo-produto\/#breadcrumb\",\"itemListElement\":[{\"@type\":\"ListItem\",\"position\":1,\"name\":\"Home\",\"item\":\"https:\/\/www.invicta.fr\/pt\/\"},{\"@type\":\"ListItem\",\"position\":2,\"name\":\"Registo produto\"}]},{\"@type\":\"WebSite\",\"@id\":\"https:\/\/www.invicta.fr\/pt\/#website\",\"url\":\"https:\/\/www.invicta.fr\/pt\/\",\"name\":\"Invicta\",\"description\":\"Fabricant fran\u00e7ais, sp\u00e9cialiste europ\u00e9en du chauffage au bois : po\u00eales \u00e0 bois et \u00e0 granul\u00e9s, chemin\u00e9es, foyers et inserts\",\"publisher\":{\"@id\":\"https:\/\/www.invicta.fr\/pt\/#organization\"},\"potentialAction\":[{\"@type\":\"SearchAction\",\"target\":{\"@type\":\"EntryPoint\",\"urlTemplate\":\"https:\/\/www.invicta.fr\/pt\/?s={search_term_string}\"},\"query-input\":{\"@type\":\"PropertyValueSpecification\",\"valueRequired\":true,\"valueName\":\"search_term_string\"}}],\"inLanguage\":\"pt-PT\"},{\"@type\":\"Organization\",\"@id\":\"https:\/\/www.invicta.fr\/pt\/#organization\",\"name\":\"Invicta\",\"url\":\"https:\/\/www.invicta.fr\/pt\/\",\"logo\":{\"@type\":\"ImageObject\",\"inLanguage\":\"pt-PT\",\"@id\":\"https:\/\/www.invicta.fr\/pt\/#\/schema\/logo\/image\/\",\"url\":\"https:\/\/www.invicta.fr\/wp-content\/uploads\/2019\/06\/INVICTALOGO_RVB.png\",\"contentUrl\":\"https:\/\/www.invicta.fr\/wp-content\/uploads\/2019\/06\/INVICTALOGO_RVB.png\",\"width\":1810,\"height\":1280,\"caption\":\"Invicta\"},\"image\":{\"@id\":\"https:\/\/www.invicta.fr\/pt\/#\/schema\/logo\/image\/\"}}]}<\/script>\n<!-- \/ Yoast SEO plugin. -->","yoast_head_json":{"title":"Registo produto - Invicta","description":"Parab\u00e9ns pela compra do seu novo produto Invicta! Registre seu produto on-line para aproveitar a garantia e um melhor acompanhamento da vida \u00fatil do seu","robots":{"index":"index","follow":"follow","max-snippet":"max-snippet:-1","max-image-preview":"max-image-preview:large","max-video-preview":"max-video-preview:-1"},"canonical":"https:\/\/www.invicta.fr\/pt\/registo-produto\/","og_locale":"pt_PT","og_type":"article","og_title":"Registo produto - Invicta","og_description":"Parab\u00e9ns pela compra do seu novo produto Invicta! Registre seu produto on-line para aproveitar a garantia e um melhor acompanhamento da vida \u00fatil do seu","og_url":"https:\/\/www.invicta.fr\/pt\/registo-produto\/","og_site_name":"Invicta","article_modified_time":"2024-12-05T07:57:07+00:00","twitter_card":"summary_large_image","twitter_misc":{"Tempo estimado de leitura":"1 minuto"},"schema":{"@context":"https:\/\/schema.org","@graph":[{"@type":"WebPage","@id":"https:\/\/www.invicta.fr\/pt\/registo-produto\/","url":"https:\/\/www.invicta.fr\/pt\/registo-produto\/","name":"Registo produto - Invicta","isPartOf":{"@id":"https:\/\/www.invicta.fr\/pt\/#website"},"datePublished":"2019-10-16T14:25:03+00:00","dateModified":"2024-12-05T07:57:07+00:00","description":"Parab\u00e9ns pela compra do seu novo produto Invicta! Registre seu produto on-line para aproveitar a garantia e um melhor acompanhamento da vida \u00fatil do seu","breadcrumb":{"@id":"https:\/\/www.invicta.fr\/pt\/registo-produto\/#breadcrumb"},"inLanguage":"pt-PT","potentialAction":[{"@type":"ReadAction","target":["https:\/\/www.invicta.fr\/pt\/registo-produto\/"]}]},{"@type":"BreadcrumbList","@id":"https:\/\/www.invicta.fr\/pt\/registo-produto\/#breadcrumb","itemListElement":[{"@type":"ListItem","position":1,"name":"Home","item":"https:\/\/www.invicta.fr\/pt\/"},{"@type":"ListItem","position":2,"name":"Registo produto"}]},{"@type":"WebSite","@id":"https:\/\/www.invicta.fr\/pt\/#website","url":"https:\/\/www.invicta.fr\/pt\/","name":"Invicta","description":"Fabricant fran\u00e7ais, sp\u00e9cialiste europ\u00e9en du chauffage au bois : po\u00eales \u00e0 bois et \u00e0 granul\u00e9s, chemin\u00e9es, foyers et inserts","publisher":{"@id":"https:\/\/www.invicta.fr\/pt\/#organization"},"potentialAction":[{"@type":"SearchAction","target":{"@type":"EntryPoint","urlTemplate":"https:\/\/www.invicta.fr\/pt\/?s={search_term_string}"},"query-input":{"@type":"PropertyValueSpecification","valueRequired":true,"valueName":"search_term_string"}}],"inLanguage":"pt-PT"},{"@type":"Organization","@id":"https:\/\/www.invicta.fr\/pt\/#organization","name":"Invicta","url":"https:\/\/www.invicta.fr\/pt\/","logo":{"@type":"ImageObject","inLanguage":"pt-PT","@id":"https:\/\/www.invicta.fr\/pt\/#\/schema\/logo\/image\/","url":"https:\/\/www.invicta.fr\/wp-content\/uploads\/2019\/06\/INVICTALOGO_RVB.png","contentUrl":"https:\/\/www.invicta.fr\/wp-content\/uploads\/2019\/06\/INVICTALOGO_RVB.png","width":1810,"height":1280,"caption":"Invicta"},"image":{"@id":"https:\/\/www.invicta.fr\/pt\/#\/schema\/logo\/image\/"}}]}},"_links":{"self":[{"href":"https:\/\/www.invicta.fr\/pt\/wp-json\/wp\/v2\/pages\/27797","targetHints":{"allow":["GET"]}}],"collection":[{"href":"https:\/\/www.invicta.fr\/pt\/wp-json\/wp\/v2\/pages"}],"about":[{"href":"https:\/\/www.invicta.fr\/pt\/wp-json\/wp\/v2\/types\/page"}],"author":[{"embeddable":true,"href":"https:\/\/www.invicta.fr\/pt\/wp-json\/wp\/v2\/users\/130"}],"replies":[{"embeddable":true,"href":"https:\/\/www.invicta.fr\/pt\/wp-json\/wp\/v2\/comments?post=27797"}],"version-history":[{"count":1,"href":"https:\/\/www.invicta.fr\/pt\/wp-json\/wp\/v2\/pages\/27797\/revisions"}],"predecessor-version":[{"id":65170,"href":"https:\/\/www.invicta.fr\/pt\/wp-json\/wp\/v2\/pages\/27797\/revisions\/65170"}],"wp:attachment":[{"href":"https:\/\/www.invicta.fr\/pt\/wp-json\/wp\/v2\/media?parent=27797"}],"curies":[{"name":"wp","href":"https:\/\/api.w.org\/{rel}","templated":true}]}}