{"id":29538,"date":"2019-07-02T14:20:01","date_gmt":"2019-11-04T12:55:46","guid":{"rendered":"https:\/\/www.invicta.fr\/produit\/salamandra-a-pellets-arenga-lpe6\/"},"modified":"2024-02-15T15:22:51","modified_gmt":"2024-02-15T14:22:51","slug":"fogao-granules-arenga-ipe6","status":"publish","type":"product","link":"https:\/\/www.invicta.fr\/pt\/produit\/fogao-granules-arenga-ipe6\/","title":{"rendered":"Salamandra de pellets Arenga IPE6"},"content":{"rendered":"","protected":false},"excerpt":{"rendered":"<p>Arenga combina a eleg\u00e2ncia arejada e a modernidade. Com as linhas arredondadas das suas asas de a\u00e7o preto ou branco, a Arenga ilumina e aquece qualquer espa\u00e7o interior.<\/p>\n","protected":false},"featured_media":0,"template":"","meta":{"_acf_changed":false},"product_brand":[],"product_cat":[3105,4932,6654,6656,6038,6035,6034,6040,6037,6593,6407,6657,6655],"product_tag":[3311,3310,4434,4470,6596,6369,6659,4513,6828,6658,6844],"plus_produit":[6653,3871,6840,3208,4072,6366,3209,4043,4042,3864,4073],"class_list":{"1":"product","5":"product_cat-ajuda-na-selecao","6":"product_cat-salamandras-estanques-a-pellets","7":"product_cat-fogoes-de-pelota-6-kw","8":"product_cat-fogoes-de-pelota-hermetica-de-6-kw","9":"product_cat-fogoes-autonomos-a-pellets","10":"product_cat-fogoes-a-pellets-programaveis","11":"product_cat-fogoes-a-pellets-de-design","12":"product_cat-fogoes-a-pellets-contemporaneos","13":"product_cat-fogoes-modernos-a-pellets","14":"product_cat-fogoes-a-pellets-brancos","15":"product_cat-fogoes-de-pellets-redondos","16":"product_cat-tomada-de-parede-para-fogoes-a-pellets","17":"product_cat-fogoes-a-pellets-com-saida-de-aspiracao","18":"product_tag-flamme-verte-7-pt","19":"product_tag-eco-design-2022-es-pt","20":"product_tag-a-ecolabel-pt","21":"product_tag-ligacao-estanque","22":"product_tag-opcao-de-controlo-remoto-c02260","23":"product_tag-opcao-wifi-c02270","24":"product_tag-zona-3-ventosa-pt","25":"product_tag-garantia-de-3-anos-pt","26":"product_tag-y-garantie-extension-1-an-portugais","27":"product_tag-imposto-de-credito-z","28":"product_tag-reserve-aux-pros-port","29":"pa_autonomie-maximum-235-horas-pt","30":"pa_autonomie-minimum-11-horas-pt","31":"pa_capacite-de-la-tremie-165-kg-pt","32":"pa_consommation-069-150-pt","33":"pa_depart-des-fumees-parte-traseira","34":"pa_diametre-de-buse-80-mm-pt","35":"pa_indice-de-performance-127-pt","36":"pa_modulation-de-puissance-31-65-pt","37":"pa_puissance-6-kw-pt","38":"pa_surface-de-chauffe-25-a-70-m-pt","39":"pa_taux-de-co-00078-00148-pt","40":"pa_volume-de-chauffe-65-a-180-m-pt","41":"plus_produit-a-ventilacao-pode-ser-desligada","42":"plus_produit-aparelho-estanque-compativel-rt2012-pt","43":"plus_produit-extension-de-garantie-1-an-por","44":"plus_produit-instalacao-possivel-em-fachada-zona-3-ventosa","45":"plus_produit-kit-controlo-de-combustao-kcc-pt","46":"plus_produit-kit-wi-fi-opcional","47":"plus_produit-parecer-tecnico-cstb-no14-2-15-2130v5","48":"plus_produit-possibilidade-de-pilotagem-por-termostato-externo-pt","49":"plus_produit-programacao-cronometro-termostato-pt","50":"plus_produit-saida-de-ar-quente-por-ventilador-pt","51":"plus_produit-stand-by-espera-pt","53":"first","54":"instock","55":"product-type-variable"},"acf":[],"yoast_head":"<!-- This site is optimized with the Yoast SEO plugin v24.7 - https:\/\/yoast.com\/wordpress\/plugins\/seo\/ -->\n<title>Salamandra de pellets herm\u00e9tica Arenga IPE6 | INVICTA<\/title>\n<meta name=\"description\" content=\"Descubra o fog\u00e3o IPE6 Arenga com 6kW de pot\u00eancia de aquecimento \u2705 2 anos warranty\u2705 EcoLabel A+\u2705 Chama Verde 7\u2b50\u2705\" \/>\n<meta name=\"robots\" content=\"index, follow, max-snippet:-1, max-image-preview:large, max-video-preview:-1\" \/>\n<link rel=\"canonical\" href=\"https:\/\/www.invicta.fr\/pt\/produit\/fogao-granules-arenga-ipe6\/\" \/>\n<meta property=\"og:locale\" content=\"pt_PT\" \/>\n<meta property=\"og:type\" content=\"article\" \/>\n<meta property=\"og:title\" content=\"Salamandra de pellets herm\u00e9tica Arenga IPE6 | INVICTA\" \/>\n<meta property=\"og:description\" content=\"Descubra o fog\u00e3o IPE6 Arenga com 6kW de pot\u00eancia de aquecimento \u2705 2 anos warranty\u2705 EcoLabel A+\u2705 Chama Verde 7\u2b50\u2705\" \/>\n<meta property=\"og:url\" content=\"https:\/\/www.invicta.fr\/pt\/produit\/fogao-granules-arenga-ipe6\/\" \/>\n<meta property=\"og:site_name\" content=\"Invicta\" \/>\n<meta property=\"article:modified_time\" content=\"2024-02-15T14:22:51+00:00\" \/>\n<meta property=\"og:image\" content=\"https:\/\/www.invicta.fr\/wp-content\/uploads\/2019\/09\/NEW-Arenga-LP_blanc_1431689191.jpg\" \/>\n\t<meta property=\"og:image:width\" content=\"234\" \/>\n\t<meta property=\"og:image:height\" content=\"403\" \/>\n\t<meta property=\"og:image:type\" content=\"image\/jpeg\" \/>\n<meta name=\"twitter:card\" content=\"summary_large_image\" \/>\n<script type=\"application\/ld+json\" class=\"yoast-schema-graph\">{\"@context\":\"https:\/\/schema.org\",\"@graph\":[{\"@type\":\"WebPage\",\"@id\":\"https:\/\/www.invicta.fr\/pt\/produit\/fogao-granules-arenga-ipe6\/\",\"url\":\"https:\/\/www.invicta.fr\/pt\/produit\/fogao-granules-arenga-ipe6\/\",\"name\":\"Salamandra de pellets herm\u00e9tica Arenga IPE6 | INVICTA\",\"isPartOf\":{\"@id\":\"https:\/\/www.invicta.fr\/pt\/#website\"},\"datePublished\":\"2019-11-04T12:55:46+00:00\",\"dateModified\":\"2024-02-15T14:22:51+00:00\",\"description\":\"Descubra o fog\u00e3o IPE6 Arenga com 6kW de pot\u00eancia de aquecimento \u2705 2 anos warranty\u2705 EcoLabel A+\u2705 Chama Verde 7\u2b50\u2705\",\"breadcrumb\":{\"@id\":\"https:\/\/www.invicta.fr\/pt\/produit\/fogao-granules-arenga-ipe6\/#breadcrumb\"},\"inLanguage\":\"pt-PT\",\"potentialAction\":[{\"@type\":\"ReadAction\",\"target\":[\"https:\/\/www.invicta.fr\/pt\/produit\/fogao-granules-arenga-ipe6\/\"]}]},{\"@type\":\"BreadcrumbList\",\"@id\":\"https:\/\/www.invicta.fr\/pt\/produit\/fogao-granules-arenga-ipe6\/#breadcrumb\",\"itemListElement\":[{\"@type\":\"ListItem\",\"position\":1,\"name\":\"Home\",\"item\":\"https:\/\/www.invicta.fr\/pt\/\"},{\"@type\":\"ListItem\",\"position\":2,\"name\":\"Produtos\",\"item\":\"https:\/\/www.invicta.fr\/pt\/shop\/\"},{\"@type\":\"ListItem\",\"position\":3,\"name\":\"Salamandras a pellets\",\"item\":\"https:\/\/www.invicta.fr\/pt\/categorie-produit\/fogoes-a-pellets\/\"},{\"@type\":\"ListItem\",\"position\":4,\"name\":\"Salamandras estanques \u200b\u200ba pellets\",\"item\":\"https:\/\/www.invicta.fr\/pt\/categorie-produit\/fogoes-a-pellets\/salamandras-estanques-a-pellets\/\"},{\"@type\":\"ListItem\",\"position\":5,\"name\":\"Salamandra de pellets Arenga IPE6\"}]},{\"@type\":\"WebSite\",\"@id\":\"https:\/\/www.invicta.fr\/pt\/#website\",\"url\":\"https:\/\/www.invicta.fr\/pt\/\",\"name\":\"Invicta\",\"description\":\"Fabricant fran\u00e7ais, sp\u00e9cialiste europ\u00e9en du chauffage au bois : po\u00eales \u00e0 bois et \u00e0 granul\u00e9s, chemin\u00e9es, foyers et inserts\",\"publisher\":{\"@id\":\"https:\/\/www.invicta.fr\/pt\/#organization\"},\"potentialAction\":[{\"@type\":\"SearchAction\",\"target\":{\"@type\":\"EntryPoint\",\"urlTemplate\":\"https:\/\/www.invicta.fr\/pt\/?s={search_term_string}\"},\"query-input\":{\"@type\":\"PropertyValueSpecification\",\"valueRequired\":true,\"valueName\":\"search_term_string\"}}],\"inLanguage\":\"pt-PT\"},{\"@type\":\"Organization\",\"@id\":\"https:\/\/www.invicta.fr\/pt\/#organization\",\"name\":\"Invicta\",\"url\":\"https:\/\/www.invicta.fr\/pt\/\",\"logo\":{\"@type\":\"ImageObject\",\"inLanguage\":\"pt-PT\",\"@id\":\"https:\/\/www.invicta.fr\/pt\/#\/schema\/logo\/image\/\",\"url\":\"https:\/\/www.invicta.fr\/wp-content\/uploads\/2019\/06\/INVICTALOGO_RVB.png\",\"contentUrl\":\"https:\/\/www.invicta.fr\/wp-content\/uploads\/2019\/06\/INVICTALOGO_RVB.png\",\"width\":1810,\"height\":1280,\"caption\":\"Invicta\"},\"image\":{\"@id\":\"https:\/\/www.invicta.fr\/pt\/#\/schema\/logo\/image\/\"}}]}<\/script>\n<!-- \/ Yoast SEO plugin. -->","yoast_head_json":{"title":"Salamandra de pellets herm\u00e9tica Arenga IPE6 | INVICTA","description":"Descubra o fog\u00e3o IPE6 Arenga com 6kW de pot\u00eancia de aquecimento \u2705 2 anos warranty\u2705 EcoLabel A+\u2705 Chama Verde 7\u2b50\u2705","robots":{"index":"index","follow":"follow","max-snippet":"max-snippet:-1","max-image-preview":"max-image-preview:large","max-video-preview":"max-video-preview:-1"},"canonical":"https:\/\/www.invicta.fr\/pt\/produit\/fogao-granules-arenga-ipe6\/","og_locale":"pt_PT","og_type":"article","og_title":"Salamandra de pellets herm\u00e9tica Arenga IPE6 | INVICTA","og_description":"Descubra o fog\u00e3o IPE6 Arenga com 6kW de pot\u00eancia de aquecimento \u2705 2 anos warranty\u2705 EcoLabel A+\u2705 Chama Verde 7\u2b50\u2705","og_url":"https:\/\/www.invicta.fr\/pt\/produit\/fogao-granules-arenga-ipe6\/","og_site_name":"Invicta","article_modified_time":"2024-02-15T14:22:51+00:00","og_image":[{"width":234,"height":403,"url":"https:\/\/www.invicta.fr\/wp-content\/uploads\/2019\/09\/NEW-Arenga-LP_blanc_1431689191.jpg","type":"image\/jpeg"}],"twitter_card":"summary_large_image","schema":{"@context":"https:\/\/schema.org","@graph":[{"@type":"WebPage","@id":"https:\/\/www.invicta.fr\/pt\/produit\/fogao-granules-arenga-ipe6\/","url":"https:\/\/www.invicta.fr\/pt\/produit\/fogao-granules-arenga-ipe6\/","name":"Salamandra de pellets herm\u00e9tica Arenga IPE6 | INVICTA","isPartOf":{"@id":"https:\/\/www.invicta.fr\/pt\/#website"},"datePublished":"2019-11-04T12:55:46+00:00","dateModified":"2024-02-15T14:22:51+00:00","description":"Descubra o fog\u00e3o IPE6 Arenga com 6kW de pot\u00eancia de aquecimento \u2705 2 anos warranty\u2705 EcoLabel A+\u2705 Chama Verde 7\u2b50\u2705","breadcrumb":{"@id":"https:\/\/www.invicta.fr\/pt\/produit\/fogao-granules-arenga-ipe6\/#breadcrumb"},"inLanguage":"pt-PT","potentialAction":[{"@type":"ReadAction","target":["https:\/\/www.invicta.fr\/pt\/produit\/fogao-granules-arenga-ipe6\/"]}]},{"@type":"BreadcrumbList","@id":"https:\/\/www.invicta.fr\/pt\/produit\/fogao-granules-arenga-ipe6\/#breadcrumb","itemListElement":[{"@type":"ListItem","position":1,"name":"Home","item":"https:\/\/www.invicta.fr\/pt\/"},{"@type":"ListItem","position":2,"name":"Produtos","item":"https:\/\/www.invicta.fr\/pt\/shop\/"},{"@type":"ListItem","position":3,"name":"Salamandras a pellets","item":"https:\/\/www.invicta.fr\/pt\/categorie-produit\/fogoes-a-pellets\/"},{"@type":"ListItem","position":4,"name":"Salamandras estanques \u200b\u200ba pellets","item":"https:\/\/www.invicta.fr\/pt\/categorie-produit\/fogoes-a-pellets\/salamandras-estanques-a-pellets\/"},{"@type":"ListItem","position":5,"name":"Salamandra de pellets Arenga IPE6"}]},{"@type":"WebSite","@id":"https:\/\/www.invicta.fr\/pt\/#website","url":"https:\/\/www.invicta.fr\/pt\/","name":"Invicta","description":"Fabricant fran\u00e7ais, sp\u00e9cialiste europ\u00e9en du chauffage au bois : po\u00eales \u00e0 bois et \u00e0 granul\u00e9s, chemin\u00e9es, foyers et inserts","publisher":{"@id":"https:\/\/www.invicta.fr\/pt\/#organization"},"potentialAction":[{"@type":"SearchAction","target":{"@type":"EntryPoint","urlTemplate":"https:\/\/www.invicta.fr\/pt\/?s={search_term_string}"},"query-input":{"@type":"PropertyValueSpecification","valueRequired":true,"valueName":"search_term_string"}}],"inLanguage":"pt-PT"},{"@type":"Organization","@id":"https:\/\/www.invicta.fr\/pt\/#organization","name":"Invicta","url":"https:\/\/www.invicta.fr\/pt\/","logo":{"@type":"ImageObject","inLanguage":"pt-PT","@id":"https:\/\/www.invicta.fr\/pt\/#\/schema\/logo\/image\/","url":"https:\/\/www.invicta.fr\/wp-content\/uploads\/2019\/06\/INVICTALOGO_RVB.png","contentUrl":"https:\/\/www.invicta.fr\/wp-content\/uploads\/2019\/06\/INVICTALOGO_RVB.png","width":1810,"height":1280,"caption":"Invicta"},"image":{"@id":"https:\/\/www.invicta.fr\/pt\/#\/schema\/logo\/image\/"}}]}},"_links":{"self":[{"href":"https:\/\/www.invicta.fr\/pt\/wp-json\/wp\/v2\/product\/29538","targetHints":{"allow":["GET"]}}],"collection":[{"href":"https:\/\/www.invicta.fr\/pt\/wp-json\/wp\/v2\/product"}],"about":[{"href":"https:\/\/www.invicta.fr\/pt\/wp-json\/wp\/v2\/types\/product"}],"wp:attachment":[{"href":"https:\/\/www.invicta.fr\/pt\/wp-json\/wp\/v2\/media?parent=29538"}],"wp:term":[{"taxonomy":"product_brand","embeddable":true,"href":"https:\/\/www.invicta.fr\/pt\/wp-json\/wp\/v2\/product_brand?post=29538"},{"taxonomy":"product_cat","embeddable":true,"href":"https:\/\/www.invicta.fr\/pt\/wp-json\/wp\/v2\/product_cat?post=29538"},{"taxonomy":"product_tag","embeddable":true,"href":"https:\/\/www.invicta.fr\/pt\/wp-json\/wp\/v2\/product_tag?post=29538"},{"taxonomy":"plus_produit","embeddable":true,"href":"https:\/\/www.invicta.fr\/pt\/wp-json\/wp\/v2\/plus_produit?post=29538"}],"curies":[{"name":"wp","href":"https:\/\/api.w.org\/{rel}","templated":true}]}}