{"id":29857,"date":"2019-07-02T15:11:58","date_gmt":"2019-11-06T14:44:43","guid":{"rendered":"https:\/\/www.invicta.fr\/produit\/salamandra-a-granulados-rubia-lpe9\/"},"modified":"2024-02-15T15:17:49","modified_gmt":"2024-02-15T14:17:49","slug":"fogao-de-pelete-rubia-ipe9","status":"publish","type":"product","link":"https:\/\/www.invicta.fr\/pt\/produit\/fogao-de-pelete-rubia-ipe9\/","title":{"rendered":"Salamandra de pellets Rubia IPE9"},"content":{"rendered":"","protected":false},"excerpt":{"rendered":"<p>O salamandra de peletes \u00e0 prova de \u00e1gua Rubia tem uma riqueza de caracter\u00edsticas t\u00e9cnicas e de poupan\u00e7a de energia por detr\u00e1s do seu design elegante.<\/p>\n","protected":false},"featured_media":0,"template":"","meta":{"_acf_changed":false},"product_brand":[],"product_cat":[3105,4932,6592,6696,6038,6035,6040,6037,6368,6657,6655],"product_tag":[3311,3310,4434,4470,6596,6369,6659,4513,6828,6658,6844],"plus_produit":[6653,3871,6840,3208,4072,6366,3209,4043,4042,3864,4073],"class_list":{"1":"product","5":"product_cat-ajuda-na-selecao","6":"product_cat-salamandras-estanques-a-pellets","7":"product_cat-fogoes-de-pelota-9-kw","8":"product_cat-fogoes-de-9-kw","9":"product_cat-fogoes-autonomos-a-pellets","10":"product_cat-fogoes-a-pellets-programaveis","11":"product_cat-fogoes-a-pellets-contemporaneos","12":"product_cat-fogoes-modernos-a-pellets","13":"product_cat-fogoes-a-pellets-de-pequeno-formato","14":"product_cat-tomada-de-parede-para-fogoes-a-pellets","15":"product_cat-fogoes-a-pellets-com-saida-de-aspiracao","16":"product_tag-flamme-verte-7-pt","17":"product_tag-eco-design-2022-es-pt","18":"product_tag-a-ecolabel-pt","19":"product_tag-ligacao-estanque","20":"product_tag-opcao-de-controlo-remoto-c02260","21":"product_tag-opcao-wifi-c02270","22":"product_tag-zona-3-ventosa-pt","23":"product_tag-garantia-de-3-anos-pt","24":"product_tag-y-garantie-extension-1-an-portugais","25":"product_tag-imposto-de-credito-z","26":"product_tag-reserve-aux-pros-port","27":"pa_autonomie-maximum-235-horas-pt","28":"pa_autonomie-minimum-75-pt","29":"pa_capacite-de-la-tremie-165-kg-pt","30":"pa_consommation-069-214-pt","31":"pa_depart-des-fumees-parte-traseira","32":"pa_diametre-de-buse-80-mm-pt","33":"pa_indice-de-performance-125-pt","34":"pa_modulation-de-puissance-31-a-91-kw-pt","35":"pa_puissance-9-kw-pt","36":"pa_surface-de-chauffe-35-a-110-m-pt","37":"pa_taux-de-co-00070-00148-pt","38":"pa_volume-de-chauffe-85-a-275-m-pt","39":"plus_produit-a-ventilacao-pode-ser-desligada","40":"plus_produit-aparelho-estanque-compativel-rt2012-pt","41":"plus_produit-extension-de-garantie-1-an-por","42":"plus_produit-instalacao-possivel-em-fachada-zona-3-ventosa","43":"plus_produit-kit-controlo-de-combustao-kcc-pt","44":"plus_produit-kit-wi-fi-opcional","45":"plus_produit-parecer-tecnico-cstb-no14-2-15-2130v5","46":"plus_produit-possibilidade-de-pilotagem-por-termostato-externo-pt","47":"plus_produit-programacao-cronometro-termostato-pt","48":"plus_produit-saida-de-ar-quente-por-ventilador-pt","49":"plus_produit-stand-by-espera-pt","51":"first","52":"instock","53":"product-type-simple"},"acf":[],"yoast_head":"<!-- This site is optimized with the Yoast SEO plugin v24.7 - https:\/\/yoast.com\/wordpress\/plugins\/seo\/ -->\n<title>Salamandra de pellets Rubia IPE9 | INVICTA<\/title>\n<meta name=\"description\" content=\"Descubra o salamandra de pellets Rubia IPE9 com pot\u00eancia de aquecimento de 9kW \u2705 2 anos de garantia \u2705 EcoLabel A+ \u2705 Chama Verde 7\u2b50 \u2705 Imperme\u00e1vel\" \/>\n<meta name=\"robots\" content=\"index, follow, max-snippet:-1, max-image-preview:large, max-video-preview:-1\" \/>\n<link rel=\"canonical\" href=\"https:\/\/www.invicta.fr\/pt\/produit\/fogao-de-pelete-rubia-ipe9\/\" \/>\n<meta property=\"og:locale\" content=\"pt_PT\" \/>\n<meta property=\"og:type\" content=\"article\" \/>\n<meta property=\"og:title\" content=\"Salamandra de pellets Rubia IPE9 | INVICTA\" \/>\n<meta property=\"og:description\" content=\"Descubra o salamandra de pellets Rubia IPE9 com pot\u00eancia de aquecimento de 9kW \u2705 2 anos de garantia \u2705 EcoLabel A+ \u2705 Chama Verde 7\u2b50 \u2705 Imperme\u00e1vel\" \/>\n<meta property=\"og:url\" content=\"https:\/\/www.invicta.fr\/pt\/produit\/fogao-de-pelete-rubia-ipe9\/\" \/>\n<meta property=\"og:site_name\" content=\"Invicta\" \/>\n<meta property=\"article:modified_time\" content=\"2024-02-15T14:17:49+00:00\" \/>\n<meta property=\"og:image\" content=\"https:\/\/www.invicta.fr\/wp-content\/uploads\/2019\/07\/Rubia_noir_LP_et_LPE-e1567688652952.jpg\" \/>\n\t<meta property=\"og:image:width\" content=\"607\" \/>\n\t<meta property=\"og:image:height\" content=\"796\" \/>\n\t<meta property=\"og:image:type\" content=\"image\/jpeg\" \/>\n<meta name=\"twitter:card\" content=\"summary_large_image\" \/>\n<script type=\"application\/ld+json\" class=\"yoast-schema-graph\">{\"@context\":\"https:\/\/schema.org\",\"@graph\":[{\"@type\":\"WebPage\",\"@id\":\"https:\/\/www.invicta.fr\/pt\/produit\/fogao-de-pelete-rubia-ipe9\/\",\"url\":\"https:\/\/www.invicta.fr\/pt\/produit\/fogao-de-pelete-rubia-ipe9\/\",\"name\":\"Salamandra de pellets Rubia IPE9 | INVICTA\",\"isPartOf\":{\"@id\":\"https:\/\/www.invicta.fr\/pt\/#website\"},\"datePublished\":\"2019-11-06T14:44:43+00:00\",\"dateModified\":\"2024-02-15T14:17:49+00:00\",\"description\":\"Descubra o salamandra de pellets Rubia IPE9 com pot\u00eancia de aquecimento de 9kW \u2705 2 anos de garantia \u2705 EcoLabel A+ \u2705 Chama Verde 7\u2b50 \u2705 Imperme\u00e1vel\",\"breadcrumb\":{\"@id\":\"https:\/\/www.invicta.fr\/pt\/produit\/fogao-de-pelete-rubia-ipe9\/#breadcrumb\"},\"inLanguage\":\"pt-PT\",\"potentialAction\":[{\"@type\":\"ReadAction\",\"target\":[\"https:\/\/www.invicta.fr\/pt\/produit\/fogao-de-pelete-rubia-ipe9\/\"]}]},{\"@type\":\"BreadcrumbList\",\"@id\":\"https:\/\/www.invicta.fr\/pt\/produit\/fogao-de-pelete-rubia-ipe9\/#breadcrumb\",\"itemListElement\":[{\"@type\":\"ListItem\",\"position\":1,\"name\":\"Home\",\"item\":\"https:\/\/www.invicta.fr\/pt\/\"},{\"@type\":\"ListItem\",\"position\":2,\"name\":\"Produtos\",\"item\":\"https:\/\/www.invicta.fr\/pt\/shop\/\"},{\"@type\":\"ListItem\",\"position\":3,\"name\":\"Salamandras a pellets\",\"item\":\"https:\/\/www.invicta.fr\/pt\/categorie-produit\/fogoes-a-pellets\/\"},{\"@type\":\"ListItem\",\"position\":4,\"name\":\"Salamandras estanques \u200b\u200ba pellets\",\"item\":\"https:\/\/www.invicta.fr\/pt\/categorie-produit\/fogoes-a-pellets\/salamandras-estanques-a-pellets\/\"},{\"@type\":\"ListItem\",\"position\":5,\"name\":\"Salamandra de pellets Rubia IPE9\"}]},{\"@type\":\"WebSite\",\"@id\":\"https:\/\/www.invicta.fr\/pt\/#website\",\"url\":\"https:\/\/www.invicta.fr\/pt\/\",\"name\":\"Invicta\",\"description\":\"Fabricant fran\u00e7ais, sp\u00e9cialiste europ\u00e9en du chauffage au bois : po\u00eales \u00e0 bois et \u00e0 granul\u00e9s, chemin\u00e9es, foyers et inserts\",\"publisher\":{\"@id\":\"https:\/\/www.invicta.fr\/pt\/#organization\"},\"potentialAction\":[{\"@type\":\"SearchAction\",\"target\":{\"@type\":\"EntryPoint\",\"urlTemplate\":\"https:\/\/www.invicta.fr\/pt\/?s={search_term_string}\"},\"query-input\":{\"@type\":\"PropertyValueSpecification\",\"valueRequired\":true,\"valueName\":\"search_term_string\"}}],\"inLanguage\":\"pt-PT\"},{\"@type\":\"Organization\",\"@id\":\"https:\/\/www.invicta.fr\/pt\/#organization\",\"name\":\"Invicta\",\"url\":\"https:\/\/www.invicta.fr\/pt\/\",\"logo\":{\"@type\":\"ImageObject\",\"inLanguage\":\"pt-PT\",\"@id\":\"https:\/\/www.invicta.fr\/pt\/#\/schema\/logo\/image\/\",\"url\":\"https:\/\/www.invicta.fr\/wp-content\/uploads\/2019\/06\/INVICTALOGO_RVB.png\",\"contentUrl\":\"https:\/\/www.invicta.fr\/wp-content\/uploads\/2019\/06\/INVICTALOGO_RVB.png\",\"width\":1810,\"height\":1280,\"caption\":\"Invicta\"},\"image\":{\"@id\":\"https:\/\/www.invicta.fr\/pt\/#\/schema\/logo\/image\/\"}}]}<\/script>\n<!-- \/ Yoast SEO plugin. -->","yoast_head_json":{"title":"Salamandra de pellets Rubia IPE9 | INVICTA","description":"Descubra o salamandra de pellets Rubia IPE9 com pot\u00eancia de aquecimento de 9kW \u2705 2 anos de garantia \u2705 EcoLabel A+ \u2705 Chama Verde 7\u2b50 \u2705 Imperme\u00e1vel","robots":{"index":"index","follow":"follow","max-snippet":"max-snippet:-1","max-image-preview":"max-image-preview:large","max-video-preview":"max-video-preview:-1"},"canonical":"https:\/\/www.invicta.fr\/pt\/produit\/fogao-de-pelete-rubia-ipe9\/","og_locale":"pt_PT","og_type":"article","og_title":"Salamandra de pellets Rubia IPE9 | INVICTA","og_description":"Descubra o salamandra de pellets Rubia IPE9 com pot\u00eancia de aquecimento de 9kW \u2705 2 anos de garantia \u2705 EcoLabel A+ \u2705 Chama Verde 7\u2b50 \u2705 Imperme\u00e1vel","og_url":"https:\/\/www.invicta.fr\/pt\/produit\/fogao-de-pelete-rubia-ipe9\/","og_site_name":"Invicta","article_modified_time":"2024-02-15T14:17:49+00:00","og_image":[{"width":607,"height":796,"url":"https:\/\/www.invicta.fr\/wp-content\/uploads\/2019\/07\/Rubia_noir_LP_et_LPE-e1567688652952.jpg","type":"image\/jpeg"}],"twitter_card":"summary_large_image","schema":{"@context":"https:\/\/schema.org","@graph":[{"@type":"WebPage","@id":"https:\/\/www.invicta.fr\/pt\/produit\/fogao-de-pelete-rubia-ipe9\/","url":"https:\/\/www.invicta.fr\/pt\/produit\/fogao-de-pelete-rubia-ipe9\/","name":"Salamandra de pellets Rubia IPE9 | INVICTA","isPartOf":{"@id":"https:\/\/www.invicta.fr\/pt\/#website"},"datePublished":"2019-11-06T14:44:43+00:00","dateModified":"2024-02-15T14:17:49+00:00","description":"Descubra o salamandra de pellets Rubia IPE9 com pot\u00eancia de aquecimento de 9kW \u2705 2 anos de garantia \u2705 EcoLabel A+ \u2705 Chama Verde 7\u2b50 \u2705 Imperme\u00e1vel","breadcrumb":{"@id":"https:\/\/www.invicta.fr\/pt\/produit\/fogao-de-pelete-rubia-ipe9\/#breadcrumb"},"inLanguage":"pt-PT","potentialAction":[{"@type":"ReadAction","target":["https:\/\/www.invicta.fr\/pt\/produit\/fogao-de-pelete-rubia-ipe9\/"]}]},{"@type":"BreadcrumbList","@id":"https:\/\/www.invicta.fr\/pt\/produit\/fogao-de-pelete-rubia-ipe9\/#breadcrumb","itemListElement":[{"@type":"ListItem","position":1,"name":"Home","item":"https:\/\/www.invicta.fr\/pt\/"},{"@type":"ListItem","position":2,"name":"Produtos","item":"https:\/\/www.invicta.fr\/pt\/shop\/"},{"@type":"ListItem","position":3,"name":"Salamandras a pellets","item":"https:\/\/www.invicta.fr\/pt\/categorie-produit\/fogoes-a-pellets\/"},{"@type":"ListItem","position":4,"name":"Salamandras estanques \u200b\u200ba pellets","item":"https:\/\/www.invicta.fr\/pt\/categorie-produit\/fogoes-a-pellets\/salamandras-estanques-a-pellets\/"},{"@type":"ListItem","position":5,"name":"Salamandra de pellets Rubia IPE9"}]},{"@type":"WebSite","@id":"https:\/\/www.invicta.fr\/pt\/#website","url":"https:\/\/www.invicta.fr\/pt\/","name":"Invicta","description":"Fabricant fran\u00e7ais, sp\u00e9cialiste europ\u00e9en du chauffage au bois : po\u00eales \u00e0 bois et \u00e0 granul\u00e9s, chemin\u00e9es, foyers et inserts","publisher":{"@id":"https:\/\/www.invicta.fr\/pt\/#organization"},"potentialAction":[{"@type":"SearchAction","target":{"@type":"EntryPoint","urlTemplate":"https:\/\/www.invicta.fr\/pt\/?s={search_term_string}"},"query-input":{"@type":"PropertyValueSpecification","valueRequired":true,"valueName":"search_term_string"}}],"inLanguage":"pt-PT"},{"@type":"Organization","@id":"https:\/\/www.invicta.fr\/pt\/#organization","name":"Invicta","url":"https:\/\/www.invicta.fr\/pt\/","logo":{"@type":"ImageObject","inLanguage":"pt-PT","@id":"https:\/\/www.invicta.fr\/pt\/#\/schema\/logo\/image\/","url":"https:\/\/www.invicta.fr\/wp-content\/uploads\/2019\/06\/INVICTALOGO_RVB.png","contentUrl":"https:\/\/www.invicta.fr\/wp-content\/uploads\/2019\/06\/INVICTALOGO_RVB.png","width":1810,"height":1280,"caption":"Invicta"},"image":{"@id":"https:\/\/www.invicta.fr\/pt\/#\/schema\/logo\/image\/"}}]}},"_links":{"self":[{"href":"https:\/\/www.invicta.fr\/pt\/wp-json\/wp\/v2\/product\/29857","targetHints":{"allow":["GET"]}}],"collection":[{"href":"https:\/\/www.invicta.fr\/pt\/wp-json\/wp\/v2\/product"}],"about":[{"href":"https:\/\/www.invicta.fr\/pt\/wp-json\/wp\/v2\/types\/product"}],"wp:attachment":[{"href":"https:\/\/www.invicta.fr\/pt\/wp-json\/wp\/v2\/media?parent=29857"}],"wp:term":[{"taxonomy":"product_brand","embeddable":true,"href":"https:\/\/www.invicta.fr\/pt\/wp-json\/wp\/v2\/product_brand?post=29857"},{"taxonomy":"product_cat","embeddable":true,"href":"https:\/\/www.invicta.fr\/pt\/wp-json\/wp\/v2\/product_cat?post=29857"},{"taxonomy":"product_tag","embeddable":true,"href":"https:\/\/www.invicta.fr\/pt\/wp-json\/wp\/v2\/product_tag?post=29857"},{"taxonomy":"plus_produit","embeddable":true,"href":"https:\/\/www.invicta.fr\/pt\/wp-json\/wp\/v2\/plus_produit?post=29857"}],"curies":[{"name":"wp","href":"https:\/\/api.w.org\/{rel}","templated":true}]}}