{"id":30212,"date":"2019-07-11T14:25:10","date_gmt":"2019-11-14T07:24:36","guid":{"rendered":"https:\/\/www.invicta.fr\/produit\/recuperador-encastravel-700-t\/"},"modified":"2024-10-01T10:23:51","modified_gmt":"2024-10-01T08:23:51","slug":"recuperador-700-t-2018","status":"publish","type":"product","link":"https:\/\/www.invicta.fr\/pt\/produit\/recuperador-700-t-2018\/","title":{"rendered":"Recuperador ventilado encastr\u00e1vel 700 T"},"content":{"rendered":"","protected":false},"excerpt":{"rendered":"<p>Poderoso, este recuperador, uma vez instalada na sua lareira, pode aquecer uma grande \u00e1rea \u00fatil.<\/p>\n","protected":false},"featured_media":0,"template":"","meta":{"_acf_changed":false},"product_brand":[],"product_cat":[3105,4385,6889],"product_tag":[3311,3310,3277,3276,4388,6658],"plus_produit":[3325,4085,4084,3306,3307],"class_list":{"1":"product","5":"product_cat-ajuda-na-selecao","6":"product_cat-recuperador-ventilado","7":"product_cat-insert-a-lenha","8":"product_tag-flamme-verte-7-pt","9":"product_tag-eco-design-2022-es-pt","10":"product_tag-certificacion-ecolabel-a-pt","11":"product_tag-feita-na-franca","12":"product_tag-ferro-fundido-carenagem-aco","13":"product_tag-imposto-de-credito-z","14":"pa_depart-des-fumees-parte-superior-pt","15":"pa_diametre-de-buse-200-mm-pt","16":"pa_modulation-de-puissance-5-a-12-kw-pt","17":"pa_options-accessoires-adaptadores-para-saida-de-ar-quente","18":"pa_puissance-8-kw-pt","19":"pa_surface-de-chauffe-40-a-100-m-pt","20":"pa_taux-de-co-012-es-pt","21":"pa_volume-de-chauffe-105-a-240-m-pt","22":"plus_produit-combustao-intermitente-e-prolongada-3-horas","23":"plus_produit-difusao-de-ar-quente-por-ventilacao-forcada-pt","24":"plus_produit-manchetes-em-opcao-pt","25":"plus_produit-origine-france-garantie","26":"plus_produit-vidro-proprio","28":"first","29":"instock","30":"product-type-simple"},"acf":[],"yoast_head":"<!-- This site is optimized with the Yoast SEO plugin v24.7 - https:\/\/yoast.com\/wordpress\/plugins\/seo\/ -->\n<title>Recuperador ventilado encastr\u00e1vel 700 T - Invicta<\/title>\n<meta name=\"description\" content=\"Poderoso, este recuperador, uma vez instalada na sua lareira, pode aquecer uma grande \u00e1rea \u00fatil.\" \/>\n<meta name=\"robots\" content=\"index, follow, max-snippet:-1, max-image-preview:large, max-video-preview:-1\" \/>\n<link rel=\"canonical\" href=\"https:\/\/www.invicta.fr\/pt\/produit\/recuperador-700-t-2018\/\" \/>\n<meta property=\"og:locale\" content=\"pt_PT\" \/>\n<meta property=\"og:type\" content=\"article\" \/>\n<meta property=\"og:title\" content=\"Recuperador ventilado encastr\u00e1vel 700 T - Invicta\" \/>\n<meta property=\"og:description\" content=\"Poderoso, este recuperador, uma vez instalada na sua lareira, pode aquecer uma grande \u00e1rea \u00fatil.\" \/>\n<meta property=\"og:url\" content=\"https:\/\/www.invicta.fr\/pt\/produit\/recuperador-700-t-2018\/\" \/>\n<meta property=\"og:site_name\" content=\"Invicta\" \/>\n<meta property=\"article:modified_time\" content=\"2024-10-01T08:23:51+00:00\" \/>\n<meta name=\"twitter:card\" content=\"summary_large_image\" \/>\n<script type=\"application\/ld+json\" class=\"yoast-schema-graph\">{\"@context\":\"https:\/\/schema.org\",\"@graph\":[{\"@type\":\"WebPage\",\"@id\":\"https:\/\/www.invicta.fr\/pt\/produit\/recuperador-700-t-2018\/\",\"url\":\"https:\/\/www.invicta.fr\/pt\/produit\/recuperador-700-t-2018\/\",\"name\":\"Recuperador ventilado encastr\u00e1vel 700 T - Invicta\",\"isPartOf\":{\"@id\":\"https:\/\/www.invicta.fr\/pt\/#website\"},\"datePublished\":\"2019-11-14T07:24:36+00:00\",\"dateModified\":\"2024-10-01T08:23:51+00:00\",\"description\":\"Poderoso, este recuperador, uma vez instalada na sua lareira, pode aquecer uma grande \u00e1rea \u00fatil.\",\"breadcrumb\":{\"@id\":\"https:\/\/www.invicta.fr\/pt\/produit\/recuperador-700-t-2018\/#breadcrumb\"},\"inLanguage\":\"pt-PT\",\"potentialAction\":[{\"@type\":\"ReadAction\",\"target\":[\"https:\/\/www.invicta.fr\/pt\/produit\/recuperador-700-t-2018\/\"]}]},{\"@type\":\"BreadcrumbList\",\"@id\":\"https:\/\/www.invicta.fr\/pt\/produit\/recuperador-700-t-2018\/#breadcrumb\",\"itemListElement\":[{\"@type\":\"ListItem\",\"position\":1,\"name\":\"Home\",\"item\":\"https:\/\/www.invicta.fr\/pt\/\"},{\"@type\":\"ListItem\",\"position\":2,\"name\":\"Produtos\",\"item\":\"https:\/\/www.invicta.fr\/pt\/shop\/\"},{\"@type\":\"ListItem\",\"position\":3,\"name\":\"Recuperadores\",\"item\":\"https:\/\/www.invicta.fr\/pt\/categorie-produit\/recuperadores\/\"},{\"@type\":\"ListItem\",\"position\":4,\"name\":\"Recuperador ventilado\",\"item\":\"https:\/\/www.invicta.fr\/pt\/categorie-produit\/recuperadores\/recuperador-ventilado\/\"},{\"@type\":\"ListItem\",\"position\":5,\"name\":\"Recuperador ventilado encastr\u00e1vel 700 T\"}]},{\"@type\":\"WebSite\",\"@id\":\"https:\/\/www.invicta.fr\/pt\/#website\",\"url\":\"https:\/\/www.invicta.fr\/pt\/\",\"name\":\"Invicta\",\"description\":\"Fabricant fran\u00e7ais, sp\u00e9cialiste europ\u00e9en du chauffage au bois : po\u00eales \u00e0 bois et \u00e0 granul\u00e9s, chemin\u00e9es, foyers et inserts\",\"publisher\":{\"@id\":\"https:\/\/www.invicta.fr\/pt\/#organization\"},\"potentialAction\":[{\"@type\":\"SearchAction\",\"target\":{\"@type\":\"EntryPoint\",\"urlTemplate\":\"https:\/\/www.invicta.fr\/pt\/?s={search_term_string}\"},\"query-input\":{\"@type\":\"PropertyValueSpecification\",\"valueRequired\":true,\"valueName\":\"search_term_string\"}}],\"inLanguage\":\"pt-PT\"},{\"@type\":\"Organization\",\"@id\":\"https:\/\/www.invicta.fr\/pt\/#organization\",\"name\":\"Invicta\",\"url\":\"https:\/\/www.invicta.fr\/pt\/\",\"logo\":{\"@type\":\"ImageObject\",\"inLanguage\":\"pt-PT\",\"@id\":\"https:\/\/www.invicta.fr\/pt\/#\/schema\/logo\/image\/\",\"url\":\"https:\/\/www.invicta.fr\/wp-content\/uploads\/2019\/06\/INVICTALOGO_RVB.png\",\"contentUrl\":\"https:\/\/www.invicta.fr\/wp-content\/uploads\/2019\/06\/INVICTALOGO_RVB.png\",\"width\":1810,\"height\":1280,\"caption\":\"Invicta\"},\"image\":{\"@id\":\"https:\/\/www.invicta.fr\/pt\/#\/schema\/logo\/image\/\"}}]}<\/script>\n<!-- \/ Yoast SEO plugin. -->","yoast_head_json":{"title":"Recuperador ventilado encastr\u00e1vel 700 T - Invicta","description":"Poderoso, este recuperador, uma vez instalada na sua lareira, pode aquecer uma grande \u00e1rea \u00fatil.","robots":{"index":"index","follow":"follow","max-snippet":"max-snippet:-1","max-image-preview":"max-image-preview:large","max-video-preview":"max-video-preview:-1"},"canonical":"https:\/\/www.invicta.fr\/pt\/produit\/recuperador-700-t-2018\/","og_locale":"pt_PT","og_type":"article","og_title":"Recuperador ventilado encastr\u00e1vel 700 T - Invicta","og_description":"Poderoso, este recuperador, uma vez instalada na sua lareira, pode aquecer uma grande \u00e1rea \u00fatil.","og_url":"https:\/\/www.invicta.fr\/pt\/produit\/recuperador-700-t-2018\/","og_site_name":"Invicta","article_modified_time":"2024-10-01T08:23:51+00:00","twitter_card":"summary_large_image","schema":{"@context":"https:\/\/schema.org","@graph":[{"@type":"WebPage","@id":"https:\/\/www.invicta.fr\/pt\/produit\/recuperador-700-t-2018\/","url":"https:\/\/www.invicta.fr\/pt\/produit\/recuperador-700-t-2018\/","name":"Recuperador ventilado encastr\u00e1vel 700 T - Invicta","isPartOf":{"@id":"https:\/\/www.invicta.fr\/pt\/#website"},"datePublished":"2019-11-14T07:24:36+00:00","dateModified":"2024-10-01T08:23:51+00:00","description":"Poderoso, este recuperador, uma vez instalada na sua lareira, pode aquecer uma grande \u00e1rea \u00fatil.","breadcrumb":{"@id":"https:\/\/www.invicta.fr\/pt\/produit\/recuperador-700-t-2018\/#breadcrumb"},"inLanguage":"pt-PT","potentialAction":[{"@type":"ReadAction","target":["https:\/\/www.invicta.fr\/pt\/produit\/recuperador-700-t-2018\/"]}]},{"@type":"BreadcrumbList","@id":"https:\/\/www.invicta.fr\/pt\/produit\/recuperador-700-t-2018\/#breadcrumb","itemListElement":[{"@type":"ListItem","position":1,"name":"Home","item":"https:\/\/www.invicta.fr\/pt\/"},{"@type":"ListItem","position":2,"name":"Produtos","item":"https:\/\/www.invicta.fr\/pt\/shop\/"},{"@type":"ListItem","position":3,"name":"Recuperadores","item":"https:\/\/www.invicta.fr\/pt\/categorie-produit\/recuperadores\/"},{"@type":"ListItem","position":4,"name":"Recuperador ventilado","item":"https:\/\/www.invicta.fr\/pt\/categorie-produit\/recuperadores\/recuperador-ventilado\/"},{"@type":"ListItem","position":5,"name":"Recuperador ventilado encastr\u00e1vel 700 T"}]},{"@type":"WebSite","@id":"https:\/\/www.invicta.fr\/pt\/#website","url":"https:\/\/www.invicta.fr\/pt\/","name":"Invicta","description":"Fabricant fran\u00e7ais, sp\u00e9cialiste europ\u00e9en du chauffage au bois : po\u00eales \u00e0 bois et \u00e0 granul\u00e9s, chemin\u00e9es, foyers et inserts","publisher":{"@id":"https:\/\/www.invicta.fr\/pt\/#organization"},"potentialAction":[{"@type":"SearchAction","target":{"@type":"EntryPoint","urlTemplate":"https:\/\/www.invicta.fr\/pt\/?s={search_term_string}"},"query-input":{"@type":"PropertyValueSpecification","valueRequired":true,"valueName":"search_term_string"}}],"inLanguage":"pt-PT"},{"@type":"Organization","@id":"https:\/\/www.invicta.fr\/pt\/#organization","name":"Invicta","url":"https:\/\/www.invicta.fr\/pt\/","logo":{"@type":"ImageObject","inLanguage":"pt-PT","@id":"https:\/\/www.invicta.fr\/pt\/#\/schema\/logo\/image\/","url":"https:\/\/www.invicta.fr\/wp-content\/uploads\/2019\/06\/INVICTALOGO_RVB.png","contentUrl":"https:\/\/www.invicta.fr\/wp-content\/uploads\/2019\/06\/INVICTALOGO_RVB.png","width":1810,"height":1280,"caption":"Invicta"},"image":{"@id":"https:\/\/www.invicta.fr\/pt\/#\/schema\/logo\/image\/"}}]}},"_links":{"self":[{"href":"https:\/\/www.invicta.fr\/pt\/wp-json\/wp\/v2\/product\/30212","targetHints":{"allow":["GET"]}}],"collection":[{"href":"https:\/\/www.invicta.fr\/pt\/wp-json\/wp\/v2\/product"}],"about":[{"href":"https:\/\/www.invicta.fr\/pt\/wp-json\/wp\/v2\/types\/product"}],"wp:attachment":[{"href":"https:\/\/www.invicta.fr\/pt\/wp-json\/wp\/v2\/media?parent=30212"}],"wp:term":[{"taxonomy":"product_brand","embeddable":true,"href":"https:\/\/www.invicta.fr\/pt\/wp-json\/wp\/v2\/product_brand?post=30212"},{"taxonomy":"product_cat","embeddable":true,"href":"https:\/\/www.invicta.fr\/pt\/wp-json\/wp\/v2\/product_cat?post=30212"},{"taxonomy":"product_tag","embeddable":true,"href":"https:\/\/www.invicta.fr\/pt\/wp-json\/wp\/v2\/product_tag?post=30212"},{"taxonomy":"plus_produit","embeddable":true,"href":"https:\/\/www.invicta.fr\/pt\/wp-json\/wp\/v2\/plus_produit?post=30212"}],"curies":[{"name":"wp","href":"https:\/\/api.w.org\/{rel}","templated":true}]}}