{"id":30406,"date":"2019-07-02T16:03:10","date_gmt":"2019-11-14T07:24:48","guid":{"rendered":"https:\/\/www.invicta.fr\/produit\/recuperador-700-air-control-grand-angle\/"},"modified":"2022-04-06T14:31:56","modified_gmt":"2022-04-06T12:31:56","slug":"lareira700-air-control-grande-angulo","status":"publish","type":"product","link":"https:\/\/www.invicta.fr\/pt\/produit\/lareira700-air-control-grande-angulo\/","title":{"rendered":"Recuperador 700 Air control Grand Angle"},"content":{"rendered":"","protected":false},"excerpt":{"rendered":"<p>A porta da fachada do Recuperador 700 Air Control disp\u00f5e de um quadro discreto que real\u00e7a o espet\u00e1culo do fogo e facilita a instala\u00e7\u00e3o numa cofragem. Reportagem T\u00e9l\u00e9matin : <a href=\"https:\/\/youtu.be\/ZA1JDO4yxD4\"> A renova\u00e7\u00e3o da sua chamin\u00e9<\/a>.<\/p>\n","protected":false},"featured_media":0,"template":"","meta":{"_acf_changed":false},"product_brand":[],"product_cat":[3105],"product_tag":[3311,3310,3277,3276,4469,3275,4470,3312,6658],"plus_produit":[3871,4064,3881,3306,3326,3868],"class_list":{"1":"product","5":"product_cat-ajuda-na-selecao","6":"product_tag-flamme-verte-7-pt","7":"product_tag-eco-design-2022-es-pt","8":"product_tag-certificacion-ecolabel-a-pt","9":"product_tag-feita-na-franca","10":"product_tag-controlo-de-ar","11":"product_tag-100-hierro-fundido-pt","12":"product_tag-ligacao-estanque","13":"product_tag-post-combustion-es-pt","14":"product_tag-imposto-de-credito-z","15":"pa_depart-des-fumees-parte-superior-pt","16":"pa_diametre-de-buse-200-mm-pt","17":"pa_indice-de-performance-100-pt","18":"pa_modulation-de-puissance-6-a-135-kw-pt","19":"pa_options-accessoires-suporte-base","20":"pa_puissance-9-kw-pt","21":"pa_surface-de-chauffe-50-a-110-m-pt","22":"pa_taux-de-co-012-es-pt","23":"pa_volume-de-chauffe-125-a-275-m-pt","24":"plus_produit-aparelho-estanque-compativel-rt2012-pt","25":"plus_produit-continuo-e-intermitente-pt","26":"plus_produit-control-do-ar-pt","27":"plus_produit-origine-france-garantie","28":"plus_produit-sistema-de-post-combustion-pt","29":"plus_produit-vidro-exterior-grand-angle-pt","31":"first","32":"instock","33":"product-type-simple"},"acf":[],"yoast_head":"<!-- This site is optimized with the Yoast SEO plugin v24.7 - https:\/\/yoast.com\/wordpress\/plugins\/seo\/ -->\n<title>Recuperador 700 Air control Grand Angle - Invicta<\/title>\n<meta name=\"description\" content=\"A porta da fachada do Recuperador 700 Air Control disp\u00f5e de um quadro discreto que real\u00e7a o espet\u00e1culo do fogo e facilita a instala\u00e7\u00e3o numa cofragem. Reportagem T\u00e9l\u00e9matin : A renova\u00e7\u00e3o da sua chamin\u00e9.\" \/>\n<meta name=\"robots\" content=\"index, follow, max-snippet:-1, max-image-preview:large, max-video-preview:-1\" \/>\n<link rel=\"canonical\" href=\"https:\/\/www.invicta.fr\/pt\/produit\/lareira700-air-control-grande-angulo\/\" \/>\n<meta property=\"og:locale\" content=\"pt_PT\" \/>\n<meta property=\"og:type\" content=\"article\" \/>\n<meta property=\"og:title\" content=\"Recuperador 700 Air control Grand Angle - Invicta\" \/>\n<meta property=\"og:description\" content=\"A porta da fachada do Recuperador 700 Air Control disp\u00f5e de um quadro discreto que real\u00e7a o espet\u00e1culo do fogo e facilita a instala\u00e7\u00e3o numa cofragem. Reportagem T\u00e9l\u00e9matin : A renova\u00e7\u00e3o da sua chamin\u00e9.\" \/>\n<meta property=\"og:url\" content=\"https:\/\/www.invicta.fr\/pt\/produit\/lareira700-air-control-grande-angulo\/\" \/>\n<meta property=\"og:site_name\" content=\"Invicta\" \/>\n<meta property=\"article:modified_time\" content=\"2022-04-06T12:31:56+00:00\" \/>\n<meta name=\"twitter:card\" content=\"summary_large_image\" \/>\n<script type=\"application\/ld+json\" class=\"yoast-schema-graph\">{\"@context\":\"https:\/\/schema.org\",\"@graph\":[{\"@type\":\"WebPage\",\"@id\":\"https:\/\/www.invicta.fr\/pt\/produit\/lareira700-air-control-grande-angulo\/\",\"url\":\"https:\/\/www.invicta.fr\/pt\/produit\/lareira700-air-control-grande-angulo\/\",\"name\":\"Recuperador 700 Air control Grand Angle - Invicta\",\"isPartOf\":{\"@id\":\"https:\/\/www.invicta.fr\/pt\/#website\"},\"datePublished\":\"2019-11-14T07:24:48+00:00\",\"dateModified\":\"2022-04-06T12:31:56+00:00\",\"description\":\"A porta da fachada do Recuperador 700 Air Control disp\u00f5e de um quadro discreto que real\u00e7a o espet\u00e1culo do fogo e facilita a instala\u00e7\u00e3o numa cofragem. Reportagem T\u00e9l\u00e9matin : A renova\u00e7\u00e3o da sua chamin\u00e9.\",\"breadcrumb\":{\"@id\":\"https:\/\/www.invicta.fr\/pt\/produit\/lareira700-air-control-grande-angulo\/#breadcrumb\"},\"inLanguage\":\"pt-PT\",\"potentialAction\":[{\"@type\":\"ReadAction\",\"target\":[\"https:\/\/www.invicta.fr\/pt\/produit\/lareira700-air-control-grande-angulo\/\"]}]},{\"@type\":\"BreadcrumbList\",\"@id\":\"https:\/\/www.invicta.fr\/pt\/produit\/lareira700-air-control-grande-angulo\/#breadcrumb\",\"itemListElement\":[{\"@type\":\"ListItem\",\"position\":1,\"name\":\"Home\",\"item\":\"https:\/\/www.invicta.fr\/pt\/\"},{\"@type\":\"ListItem\",\"position\":2,\"name\":\"Produtos\",\"item\":\"https:\/\/www.invicta.fr\/pt\/shop\/\"},{\"@type\":\"ListItem\",\"position\":3,\"name\":\"Ajuda na sele\u00e7\u00e3o\",\"item\":\"https:\/\/www.invicta.fr\/pt\/categorie-produit\/ajuda-na-selecao\/\"},{\"@type\":\"ListItem\",\"position\":4,\"name\":\"Recuperador 700 Air control Grand Angle\"}]},{\"@type\":\"WebSite\",\"@id\":\"https:\/\/www.invicta.fr\/pt\/#website\",\"url\":\"https:\/\/www.invicta.fr\/pt\/\",\"name\":\"Invicta\",\"description\":\"Fabricant fran\u00e7ais, sp\u00e9cialiste europ\u00e9en du chauffage au bois : po\u00eales \u00e0 bois et \u00e0 granul\u00e9s, chemin\u00e9es, foyers et inserts\",\"publisher\":{\"@id\":\"https:\/\/www.invicta.fr\/pt\/#organization\"},\"potentialAction\":[{\"@type\":\"SearchAction\",\"target\":{\"@type\":\"EntryPoint\",\"urlTemplate\":\"https:\/\/www.invicta.fr\/pt\/?s={search_term_string}\"},\"query-input\":{\"@type\":\"PropertyValueSpecification\",\"valueRequired\":true,\"valueName\":\"search_term_string\"}}],\"inLanguage\":\"pt-PT\"},{\"@type\":\"Organization\",\"@id\":\"https:\/\/www.invicta.fr\/pt\/#organization\",\"name\":\"Invicta\",\"url\":\"https:\/\/www.invicta.fr\/pt\/\",\"logo\":{\"@type\":\"ImageObject\",\"inLanguage\":\"pt-PT\",\"@id\":\"https:\/\/www.invicta.fr\/pt\/#\/schema\/logo\/image\/\",\"url\":\"https:\/\/www.invicta.fr\/wp-content\/uploads\/2019\/06\/INVICTALOGO_RVB.png\",\"contentUrl\":\"https:\/\/www.invicta.fr\/wp-content\/uploads\/2019\/06\/INVICTALOGO_RVB.png\",\"width\":1810,\"height\":1280,\"caption\":\"Invicta\"},\"image\":{\"@id\":\"https:\/\/www.invicta.fr\/pt\/#\/schema\/logo\/image\/\"}}]}<\/script>\n<!-- \/ Yoast SEO plugin. -->","yoast_head_json":{"title":"Recuperador 700 Air control Grand Angle - Invicta","description":"A porta da fachada do Recuperador 700 Air Control disp\u00f5e de um quadro discreto que real\u00e7a o espet\u00e1culo do fogo e facilita a instala\u00e7\u00e3o numa cofragem. Reportagem T\u00e9l\u00e9matin : A renova\u00e7\u00e3o da sua chamin\u00e9.","robots":{"index":"index","follow":"follow","max-snippet":"max-snippet:-1","max-image-preview":"max-image-preview:large","max-video-preview":"max-video-preview:-1"},"canonical":"https:\/\/www.invicta.fr\/pt\/produit\/lareira700-air-control-grande-angulo\/","og_locale":"pt_PT","og_type":"article","og_title":"Recuperador 700 Air control Grand Angle - Invicta","og_description":"A porta da fachada do Recuperador 700 Air Control disp\u00f5e de um quadro discreto que real\u00e7a o espet\u00e1culo do fogo e facilita a instala\u00e7\u00e3o numa cofragem. Reportagem T\u00e9l\u00e9matin : A renova\u00e7\u00e3o da sua chamin\u00e9.","og_url":"https:\/\/www.invicta.fr\/pt\/produit\/lareira700-air-control-grande-angulo\/","og_site_name":"Invicta","article_modified_time":"2022-04-06T12:31:56+00:00","twitter_card":"summary_large_image","schema":{"@context":"https:\/\/schema.org","@graph":[{"@type":"WebPage","@id":"https:\/\/www.invicta.fr\/pt\/produit\/lareira700-air-control-grande-angulo\/","url":"https:\/\/www.invicta.fr\/pt\/produit\/lareira700-air-control-grande-angulo\/","name":"Recuperador 700 Air control Grand Angle - Invicta","isPartOf":{"@id":"https:\/\/www.invicta.fr\/pt\/#website"},"datePublished":"2019-11-14T07:24:48+00:00","dateModified":"2022-04-06T12:31:56+00:00","description":"A porta da fachada do Recuperador 700 Air Control disp\u00f5e de um quadro discreto que real\u00e7a o espet\u00e1culo do fogo e facilita a instala\u00e7\u00e3o numa cofragem. Reportagem T\u00e9l\u00e9matin : A renova\u00e7\u00e3o da sua chamin\u00e9.","breadcrumb":{"@id":"https:\/\/www.invicta.fr\/pt\/produit\/lareira700-air-control-grande-angulo\/#breadcrumb"},"inLanguage":"pt-PT","potentialAction":[{"@type":"ReadAction","target":["https:\/\/www.invicta.fr\/pt\/produit\/lareira700-air-control-grande-angulo\/"]}]},{"@type":"BreadcrumbList","@id":"https:\/\/www.invicta.fr\/pt\/produit\/lareira700-air-control-grande-angulo\/#breadcrumb","itemListElement":[{"@type":"ListItem","position":1,"name":"Home","item":"https:\/\/www.invicta.fr\/pt\/"},{"@type":"ListItem","position":2,"name":"Produtos","item":"https:\/\/www.invicta.fr\/pt\/shop\/"},{"@type":"ListItem","position":3,"name":"Ajuda na sele\u00e7\u00e3o","item":"https:\/\/www.invicta.fr\/pt\/categorie-produit\/ajuda-na-selecao\/"},{"@type":"ListItem","position":4,"name":"Recuperador 700 Air control Grand Angle"}]},{"@type":"WebSite","@id":"https:\/\/www.invicta.fr\/pt\/#website","url":"https:\/\/www.invicta.fr\/pt\/","name":"Invicta","description":"Fabricant fran\u00e7ais, sp\u00e9cialiste europ\u00e9en du chauffage au bois : po\u00eales \u00e0 bois et \u00e0 granul\u00e9s, chemin\u00e9es, foyers et inserts","publisher":{"@id":"https:\/\/www.invicta.fr\/pt\/#organization"},"potentialAction":[{"@type":"SearchAction","target":{"@type":"EntryPoint","urlTemplate":"https:\/\/www.invicta.fr\/pt\/?s={search_term_string}"},"query-input":{"@type":"PropertyValueSpecification","valueRequired":true,"valueName":"search_term_string"}}],"inLanguage":"pt-PT"},{"@type":"Organization","@id":"https:\/\/www.invicta.fr\/pt\/#organization","name":"Invicta","url":"https:\/\/www.invicta.fr\/pt\/","logo":{"@type":"ImageObject","inLanguage":"pt-PT","@id":"https:\/\/www.invicta.fr\/pt\/#\/schema\/logo\/image\/","url":"https:\/\/www.invicta.fr\/wp-content\/uploads\/2019\/06\/INVICTALOGO_RVB.png","contentUrl":"https:\/\/www.invicta.fr\/wp-content\/uploads\/2019\/06\/INVICTALOGO_RVB.png","width":1810,"height":1280,"caption":"Invicta"},"image":{"@id":"https:\/\/www.invicta.fr\/pt\/#\/schema\/logo\/image\/"}}]}},"_links":{"self":[{"href":"https:\/\/www.invicta.fr\/pt\/wp-json\/wp\/v2\/product\/30406","targetHints":{"allow":["GET"]}}],"collection":[{"href":"https:\/\/www.invicta.fr\/pt\/wp-json\/wp\/v2\/product"}],"about":[{"href":"https:\/\/www.invicta.fr\/pt\/wp-json\/wp\/v2\/types\/product"}],"wp:attachment":[{"href":"https:\/\/www.invicta.fr\/pt\/wp-json\/wp\/v2\/media?parent=30406"}],"wp:term":[{"taxonomy":"product_brand","embeddable":true,"href":"https:\/\/www.invicta.fr\/pt\/wp-json\/wp\/v2\/product_brand?post=30406"},{"taxonomy":"product_cat","embeddable":true,"href":"https:\/\/www.invicta.fr\/pt\/wp-json\/wp\/v2\/product_cat?post=30406"},{"taxonomy":"product_tag","embeddable":true,"href":"https:\/\/www.invicta.fr\/pt\/wp-json\/wp\/v2\/product_tag?post=30406"},{"taxonomy":"plus_produit","embeddable":true,"href":"https:\/\/www.invicta.fr\/pt\/wp-json\/wp\/v2\/plus_produit?post=30406"}],"curies":[{"name":"wp","href":"https:\/\/api.w.org\/{rel}","templated":true}]}}