{"id":30600,"date":"2019-07-02T16:50:41","date_gmt":"2019-11-14T07:25:05","guid":{"rendered":"https:\/\/www.invicta.fr\/produit\/salamandra-ferro-fundido-carolo-mix\/"},"modified":"2023-04-26T12:06:56","modified_gmt":"2023-04-26T10:06:56","slug":"salamandra-carolo-mix","status":"publish","type":"product","link":"https:\/\/www.invicta.fr\/pt\/produit\/salamandra-carolo-mix\/","title":{"rendered":"Salamandra Ferro Fundido Carolo Mix"},"content":{"rendered":"","protected":false},"excerpt":{"rendered":"<p>Para aqueles que hesitam entre as vantagens de uma salamandra a lenha e uma salamandra a pellets, eis a Carolo Mix. Esta salamandra combina as vantagens de ambos os combust\u00edveis. F\u00e1cil de utilizar, passa facilmente de uma fun\u00e7\u00e3o para outra. Com o seu design acolhedor, vai ficar seduzido(a).<\/p>\n","protected":false},"featured_media":0,"template":"","meta":{"_acf_changed":false},"product_brand":[],"product_cat":[3105,4592,6124],"product_tag":[3311,3310,3277,3276,3275,4594,3312,4593,4513,6828,6658],"plus_produit":[3872,3883,6840,4067,3306,3326,3307],"class_list":{"1":"product","5":"product_cat-ajuda-na-selecao","6":"product_cat-salamandras-hibridas-a-lenha-e-a-pellets-salamandras-a-lenha","7":"product_cat-7-kw-fogoes-a-lenha","8":"product_tag-flamme-verte-7-pt","9":"product_tag-eco-design-2022-es-pt","10":"product_tag-certificacion-ecolabel-a-pt","11":"product_tag-feita-na-franca","12":"product_tag-100-hierro-fundido-pt","13":"product_tag-hibrida-a-lenha-e-a-pellets","14":"product_tag-post-combustion-es-pt","15":"product_tag-silenciosa-conveccao-natural","16":"product_tag-garantia-de-3-anos-pt","17":"product_tag-y-garantie-extension-1-an-portugais","18":"product_tag-imposto-de-credito-z","19":"pa_autonomie-maximum-17-horas-pt","20":"pa_autonomie-minimum-8-horas-pt","21":"pa_capacite-de-la-tremie-15-kg-pt","22":"pa_depart-des-fumees-parte-superior-pt","23":"pa_diametre-de-buse-150-mm-pt","24":"pa_indice-de-performance-103-pt","25":"pa_surface-de-chauffe-40-a-85-m-pt","26":"pa_taux-de-co-008-pt","27":"pa_volume-de-chauffe-100-210-m-pt","28":"plus_produit-aparelho-silencioso-conveccao-natural-pt","29":"plus_produit-ar-secundario-ajustavel-pt","30":"plus_produit-extension-de-garantie-1-an-por","31":"plus_produit-hibrido-troncos-e-pellets-pt","32":"plus_produit-origine-france-garantie","33":"plus_produit-sistema-de-post-combustion-pt","34":"plus_produit-vidro-proprio","36":"first","37":"instock","38":"product-type-simple"},"acf":[],"yoast_head":"<!-- This site is optimized with the Yoast SEO plugin v24.7 - https:\/\/yoast.com\/wordpress\/plugins\/seo\/ -->\n<title>Salamandra Ferro Fundido Carolo Mix - Invicta<\/title>\n<meta name=\"description\" content=\"Para aqueles que hesitam entre as vantagens de uma salamandra a lenha e uma salamandra a pellets, eis a Carolo Mix. Esta salamandra combina as vantagens de ambos os combust\u00edveis. F\u00e1cil de utilizar, passa facilmente de uma fun\u00e7\u00e3o para outra. Com o seu design acolhedor, vai ficar seduzido(a).\" \/>\n<meta name=\"robots\" content=\"index, follow, max-snippet:-1, max-image-preview:large, max-video-preview:-1\" \/>\n<link rel=\"canonical\" href=\"https:\/\/www.invicta.fr\/pt\/produit\/salamandra-carolo-mix\/\" \/>\n<meta property=\"og:locale\" content=\"pt_PT\" \/>\n<meta property=\"og:type\" content=\"article\" \/>\n<meta property=\"og:title\" content=\"Salamandra Ferro Fundido Carolo Mix - Invicta\" \/>\n<meta property=\"og:description\" content=\"Para aqueles que hesitam entre as vantagens de uma salamandra a lenha e uma salamandra a pellets, eis a Carolo Mix. Esta salamandra combina as vantagens de ambos os combust\u00edveis. F\u00e1cil de utilizar, passa facilmente de uma fun\u00e7\u00e3o para outra. Com o seu design acolhedor, vai ficar seduzido(a).\" \/>\n<meta property=\"og:url\" content=\"https:\/\/www.invicta.fr\/pt\/produit\/salamandra-carolo-mix\/\" \/>\n<meta property=\"og:site_name\" content=\"Invicta\" \/>\n<meta property=\"article:modified_time\" content=\"2023-04-26T10:06:56+00:00\" \/>\n<meta property=\"og:image\" content=\"https:\/\/www.invicta.fr\/wp-content\/uploads\/2019\/07\/new-CAROLO-MIX-FEU-1.jpg\" \/>\n\t<meta property=\"og:image:width\" content=\"555\" \/>\n\t<meta property=\"og:image:height\" content=\"539\" \/>\n\t<meta property=\"og:image:type\" content=\"image\/jpeg\" \/>\n<meta name=\"twitter:card\" content=\"summary_large_image\" \/>\n<script type=\"application\/ld+json\" class=\"yoast-schema-graph\">{\"@context\":\"https:\/\/schema.org\",\"@graph\":[{\"@type\":\"WebPage\",\"@id\":\"https:\/\/www.invicta.fr\/pt\/produit\/salamandra-carolo-mix\/\",\"url\":\"https:\/\/www.invicta.fr\/pt\/produit\/salamandra-carolo-mix\/\",\"name\":\"Salamandra Ferro Fundido Carolo Mix - Invicta\",\"isPartOf\":{\"@id\":\"https:\/\/www.invicta.fr\/pt\/#website\"},\"datePublished\":\"2019-11-14T07:25:05+00:00\",\"dateModified\":\"2023-04-26T10:06:56+00:00\",\"description\":\"Para aqueles que hesitam entre as vantagens de uma salamandra a lenha e uma salamandra a pellets, eis a Carolo Mix. Esta salamandra combina as vantagens de ambos os combust\u00edveis. F\u00e1cil de utilizar, passa facilmente de uma fun\u00e7\u00e3o para outra. Com o seu design acolhedor, vai ficar seduzido(a).\",\"breadcrumb\":{\"@id\":\"https:\/\/www.invicta.fr\/pt\/produit\/salamandra-carolo-mix\/#breadcrumb\"},\"inLanguage\":\"pt-PT\",\"potentialAction\":[{\"@type\":\"ReadAction\",\"target\":[\"https:\/\/www.invicta.fr\/pt\/produit\/salamandra-carolo-mix\/\"]}]},{\"@type\":\"BreadcrumbList\",\"@id\":\"https:\/\/www.invicta.fr\/pt\/produit\/salamandra-carolo-mix\/#breadcrumb\",\"itemListElement\":[{\"@type\":\"ListItem\",\"position\":1,\"name\":\"Home\",\"item\":\"https:\/\/www.invicta.fr\/pt\/\"},{\"@type\":\"ListItem\",\"position\":2,\"name\":\"Produtos\",\"item\":\"https:\/\/www.invicta.fr\/pt\/shop\/\"},{\"@type\":\"ListItem\",\"position\":3,\"name\":\"Salamandras a lenha\",\"item\":\"https:\/\/www.invicta.fr\/pt\/categorie-produit\/salamandras-a-lenha\/\"},{\"@type\":\"ListItem\",\"position\":4,\"name\":\"Salamandras h\u00edbridas a lenha e a pellets\",\"item\":\"https:\/\/www.invicta.fr\/pt\/categorie-produit\/salamandras-a-lenha\/salamandras-hibridas-a-lenha-e-a-pellets-salamandras-a-lenha\/\"},{\"@type\":\"ListItem\",\"position\":5,\"name\":\"Salamandra Ferro Fundido Carolo Mix\"}]},{\"@type\":\"WebSite\",\"@id\":\"https:\/\/www.invicta.fr\/pt\/#website\",\"url\":\"https:\/\/www.invicta.fr\/pt\/\",\"name\":\"Invicta\",\"description\":\"Fabricant fran\u00e7ais, sp\u00e9cialiste europ\u00e9en du chauffage au bois : po\u00eales \u00e0 bois et \u00e0 granul\u00e9s, chemin\u00e9es, foyers et inserts\",\"publisher\":{\"@id\":\"https:\/\/www.invicta.fr\/pt\/#organization\"},\"potentialAction\":[{\"@type\":\"SearchAction\",\"target\":{\"@type\":\"EntryPoint\",\"urlTemplate\":\"https:\/\/www.invicta.fr\/pt\/?s={search_term_string}\"},\"query-input\":{\"@type\":\"PropertyValueSpecification\",\"valueRequired\":true,\"valueName\":\"search_term_string\"}}],\"inLanguage\":\"pt-PT\"},{\"@type\":\"Organization\",\"@id\":\"https:\/\/www.invicta.fr\/pt\/#organization\",\"name\":\"Invicta\",\"url\":\"https:\/\/www.invicta.fr\/pt\/\",\"logo\":{\"@type\":\"ImageObject\",\"inLanguage\":\"pt-PT\",\"@id\":\"https:\/\/www.invicta.fr\/pt\/#\/schema\/logo\/image\/\",\"url\":\"https:\/\/www.invicta.fr\/wp-content\/uploads\/2019\/06\/INVICTALOGO_RVB.png\",\"contentUrl\":\"https:\/\/www.invicta.fr\/wp-content\/uploads\/2019\/06\/INVICTALOGO_RVB.png\",\"width\":1810,\"height\":1280,\"caption\":\"Invicta\"},\"image\":{\"@id\":\"https:\/\/www.invicta.fr\/pt\/#\/schema\/logo\/image\/\"}}]}<\/script>\n<!-- \/ Yoast SEO plugin. -->","yoast_head_json":{"title":"Salamandra Ferro Fundido Carolo Mix - Invicta","description":"Para aqueles que hesitam entre as vantagens de uma salamandra a lenha e uma salamandra a pellets, eis a Carolo Mix. Esta salamandra combina as vantagens de ambos os combust\u00edveis. F\u00e1cil de utilizar, passa facilmente de uma fun\u00e7\u00e3o para outra. Com o seu design acolhedor, vai ficar seduzido(a).","robots":{"index":"index","follow":"follow","max-snippet":"max-snippet:-1","max-image-preview":"max-image-preview:large","max-video-preview":"max-video-preview:-1"},"canonical":"https:\/\/www.invicta.fr\/pt\/produit\/salamandra-carolo-mix\/","og_locale":"pt_PT","og_type":"article","og_title":"Salamandra Ferro Fundido Carolo Mix - Invicta","og_description":"Para aqueles que hesitam entre as vantagens de uma salamandra a lenha e uma salamandra a pellets, eis a Carolo Mix. Esta salamandra combina as vantagens de ambos os combust\u00edveis. F\u00e1cil de utilizar, passa facilmente de uma fun\u00e7\u00e3o para outra. Com o seu design acolhedor, vai ficar seduzido(a).","og_url":"https:\/\/www.invicta.fr\/pt\/produit\/salamandra-carolo-mix\/","og_site_name":"Invicta","article_modified_time":"2023-04-26T10:06:56+00:00","og_image":[{"width":555,"height":539,"url":"https:\/\/www.invicta.fr\/wp-content\/uploads\/2019\/07\/new-CAROLO-MIX-FEU-1.jpg","type":"image\/jpeg"}],"twitter_card":"summary_large_image","schema":{"@context":"https:\/\/schema.org","@graph":[{"@type":"WebPage","@id":"https:\/\/www.invicta.fr\/pt\/produit\/salamandra-carolo-mix\/","url":"https:\/\/www.invicta.fr\/pt\/produit\/salamandra-carolo-mix\/","name":"Salamandra Ferro Fundido Carolo Mix - Invicta","isPartOf":{"@id":"https:\/\/www.invicta.fr\/pt\/#website"},"datePublished":"2019-11-14T07:25:05+00:00","dateModified":"2023-04-26T10:06:56+00:00","description":"Para aqueles que hesitam entre as vantagens de uma salamandra a lenha e uma salamandra a pellets, eis a Carolo Mix. Esta salamandra combina as vantagens de ambos os combust\u00edveis. F\u00e1cil de utilizar, passa facilmente de uma fun\u00e7\u00e3o para outra. Com o seu design acolhedor, vai ficar seduzido(a).","breadcrumb":{"@id":"https:\/\/www.invicta.fr\/pt\/produit\/salamandra-carolo-mix\/#breadcrumb"},"inLanguage":"pt-PT","potentialAction":[{"@type":"ReadAction","target":["https:\/\/www.invicta.fr\/pt\/produit\/salamandra-carolo-mix\/"]}]},{"@type":"BreadcrumbList","@id":"https:\/\/www.invicta.fr\/pt\/produit\/salamandra-carolo-mix\/#breadcrumb","itemListElement":[{"@type":"ListItem","position":1,"name":"Home","item":"https:\/\/www.invicta.fr\/pt\/"},{"@type":"ListItem","position":2,"name":"Produtos","item":"https:\/\/www.invicta.fr\/pt\/shop\/"},{"@type":"ListItem","position":3,"name":"Salamandras a lenha","item":"https:\/\/www.invicta.fr\/pt\/categorie-produit\/salamandras-a-lenha\/"},{"@type":"ListItem","position":4,"name":"Salamandras h\u00edbridas a lenha e a pellets","item":"https:\/\/www.invicta.fr\/pt\/categorie-produit\/salamandras-a-lenha\/salamandras-hibridas-a-lenha-e-a-pellets-salamandras-a-lenha\/"},{"@type":"ListItem","position":5,"name":"Salamandra Ferro Fundido Carolo Mix"}]},{"@type":"WebSite","@id":"https:\/\/www.invicta.fr\/pt\/#website","url":"https:\/\/www.invicta.fr\/pt\/","name":"Invicta","description":"Fabricant fran\u00e7ais, sp\u00e9cialiste europ\u00e9en du chauffage au bois : po\u00eales \u00e0 bois et \u00e0 granul\u00e9s, chemin\u00e9es, foyers et inserts","publisher":{"@id":"https:\/\/www.invicta.fr\/pt\/#organization"},"potentialAction":[{"@type":"SearchAction","target":{"@type":"EntryPoint","urlTemplate":"https:\/\/www.invicta.fr\/pt\/?s={search_term_string}"},"query-input":{"@type":"PropertyValueSpecification","valueRequired":true,"valueName":"search_term_string"}}],"inLanguage":"pt-PT"},{"@type":"Organization","@id":"https:\/\/www.invicta.fr\/pt\/#organization","name":"Invicta","url":"https:\/\/www.invicta.fr\/pt\/","logo":{"@type":"ImageObject","inLanguage":"pt-PT","@id":"https:\/\/www.invicta.fr\/pt\/#\/schema\/logo\/image\/","url":"https:\/\/www.invicta.fr\/wp-content\/uploads\/2019\/06\/INVICTALOGO_RVB.png","contentUrl":"https:\/\/www.invicta.fr\/wp-content\/uploads\/2019\/06\/INVICTALOGO_RVB.png","width":1810,"height":1280,"caption":"Invicta"},"image":{"@id":"https:\/\/www.invicta.fr\/pt\/#\/schema\/logo\/image\/"}}]}},"_links":{"self":[{"href":"https:\/\/www.invicta.fr\/pt\/wp-json\/wp\/v2\/product\/30600","targetHints":{"allow":["GET"]}}],"collection":[{"href":"https:\/\/www.invicta.fr\/pt\/wp-json\/wp\/v2\/product"}],"about":[{"href":"https:\/\/www.invicta.fr\/pt\/wp-json\/wp\/v2\/types\/product"}],"wp:attachment":[{"href":"https:\/\/www.invicta.fr\/pt\/wp-json\/wp\/v2\/media?parent=30600"}],"wp:term":[{"taxonomy":"product_brand","embeddable":true,"href":"https:\/\/www.invicta.fr\/pt\/wp-json\/wp\/v2\/product_brand?post=30600"},{"taxonomy":"product_cat","embeddable":true,"href":"https:\/\/www.invicta.fr\/pt\/wp-json\/wp\/v2\/product_cat?post=30600"},{"taxonomy":"product_tag","embeddable":true,"href":"https:\/\/www.invicta.fr\/pt\/wp-json\/wp\/v2\/product_tag?post=30600"},{"taxonomy":"plus_produit","embeddable":true,"href":"https:\/\/www.invicta.fr\/pt\/wp-json\/wp\/v2\/plus_produit?post=30600"}],"curies":[{"name":"wp","href":"https:\/\/api.w.org\/{rel}","templated":true}]}}