{"id":30657,"date":"2019-07-02T16:47:11","date_gmt":"2019-11-14T07:25:07","guid":{"rendered":"https:\/\/www.invicta.fr\/produit\/salamandra-ferro-fundido-chamane-10\/"},"modified":"2026-03-26T10:29:33","modified_gmt":"2026-03-26T09:29:33","slug":"salamandra-ferro-fundido-chamane-10","status":"publish","type":"product","link":"https:\/\/www.invicta.fr\/pt\/produit\/salamandra-ferro-fundido-chamane-10\/","title":{"rendered":"Salamandra Ferro Fundido Chamane 10"},"content":{"rendered":"","protected":false},"excerpt":{"rendered":"<p>Desempenho ambiental e excelente rendimento para esta salamandra. Sobriamente revestida de antracite, a Chamane ocupa um espa\u00e7o reduzido, mostrando um m\u00e1ximo de fogo! As suas linhas alongadas e as suas propor\u00e7\u00f5es equilibradas sublinham o seu design inovador.<\/p>\n","protected":false},"featured_media":23784,"template":"","meta":{"_acf_changed":false},"product_brand":[],"product_cat":[3105,4188,6277,6125,6121,6127,6122],"product_tag":[7107,3311,3310,3277,3276,7193,3275,3312,4513,6832,6658],"plus_produit":[3883,6837,3306,3326,3307],"class_list":{"1":"product","4":"has-post-thumbnail","6":"product_cat-ajuda-na-selecao","7":"product_cat-salamandras-a-lenha-em-ferro-fundido-ou-em-aco-salamandras-a-lenha","8":"product_cat-fogoes-a-lenha-de-canto","9":"product_cat-fogoes-a-lenha-contemporaneos","10":"product_cat-fogoes-a-lenha-de-design","11":"product_cat-fogoes-industriais-a-lenha","12":"product_cat-fogoes-modernos-a-lenha","13":"product_tag-en16510-pt","14":"product_tag-flamme-verte-7-pt","15":"product_tag-eco-design-2022-es-pt","16":"product_tag-certificacion-ecolabel-a-pt","17":"product_tag-feita-na-franca","18":"product_tag-blmschv2-pt","19":"product_tag-100-hierro-fundido-pt","20":"product_tag-post-combustion-es-pt","21":"product_tag-garantia-de-3-anos-pt","22":"product_tag-y-extension-garantie-2ans-por","23":"product_tag-imposto-de-credito-z","24":"pa_depart-des-fumees-parte-superior-pt","25":"pa_diametre-de-buse-180-mm-pt","26":"pa_indice-de-performance-100-pt","27":"pa_puissance-optimale-10-kw-pt","28":"pa_surface-de-chauffe-55-a-120-m-pt","29":"pa_taux-de-co-010-pt","30":"pa_volume-de-chauffe-135-a-300-m-pt","31":"plus_produit-ar-secundario-ajustavel-pt","32":"plus_produit-extensao-de-garantia-2-anos","33":"plus_produit-origine-france-garantie","34":"plus_produit-sistema-de-post-combustion-pt","35":"plus_produit-vidro-proprio","37":"first","38":"instock","39":"product-type-simple"},"acf":[],"yoast_head":"<!-- This site is optimized with the Yoast SEO plugin v24.7 - https:\/\/yoast.com\/wordpress\/plugins\/seo\/ -->\n<title>Salamandra Ferro Fundido Chamane 10 - Invicta<\/title>\n<meta name=\"description\" content=\"Desempenho ambiental e excelente rendimento para esta salamandra. Sobriamente revestida de antracite, a Chamane ocupa um espa\u00e7o reduzido, mostrando um m\u00e1ximo de fogo! As suas linhas alongadas e as suas propor\u00e7\u00f5es equilibradas sublinham o seu design inovador.\" \/>\n<meta name=\"robots\" content=\"index, follow, max-snippet:-1, max-image-preview:large, max-video-preview:-1\" \/>\n<link rel=\"canonical\" href=\"https:\/\/www.invicta.fr\/pt\/produit\/salamandra-ferro-fundido-chamane-10\/\" \/>\n<meta property=\"og:locale\" content=\"pt_PT\" \/>\n<meta property=\"og:type\" content=\"article\" \/>\n<meta property=\"og:title\" content=\"Salamandra Ferro Fundido Chamane 10 - Invicta\" \/>\n<meta property=\"og:description\" content=\"Desempenho ambiental e excelente rendimento para esta salamandra. Sobriamente revestida de antracite, a Chamane ocupa um espa\u00e7o reduzido, mostrando um m\u00e1ximo de fogo! As suas linhas alongadas e as suas propor\u00e7\u00f5es equilibradas sublinham o seu design inovador.\" \/>\n<meta property=\"og:url\" content=\"https:\/\/www.invicta.fr\/pt\/produit\/salamandra-ferro-fundido-chamane-10\/\" \/>\n<meta property=\"og:site_name\" content=\"Invicta\" \/>\n<meta property=\"article:modified_time\" content=\"2026-03-26T09:29:33+00:00\" \/>\n<meta name=\"twitter:card\" content=\"summary_large_image\" \/>\n<script type=\"application\/ld+json\" class=\"yoast-schema-graph\">{\"@context\":\"https:\/\/schema.org\",\"@graph\":[{\"@type\":\"WebPage\",\"@id\":\"https:\/\/www.invicta.fr\/pt\/produit\/salamandra-ferro-fundido-chamane-10\/\",\"url\":\"https:\/\/www.invicta.fr\/pt\/produit\/salamandra-ferro-fundido-chamane-10\/\",\"name\":\"Salamandra Ferro Fundido Chamane 10 - Invicta\",\"isPartOf\":{\"@id\":\"https:\/\/www.invicta.fr\/pt\/#website\"},\"primaryImageOfPage\":{\"@id\":\"https:\/\/www.invicta.fr\/pt\/produit\/salamandra-ferro-fundido-chamane-10\/#primaryimage\"},\"image\":{\"@id\":\"https:\/\/www.invicta.fr\/pt\/produit\/salamandra-ferro-fundido-chamane-10\/#primaryimage\"},\"thumbnailUrl\":\"https:\/\/www.invicta.fr\/wp-content\/uploads\/2019\/09\/NEW-chamane_poele_a_bois__700_1431452370.jpg\",\"datePublished\":\"2019-11-14T07:25:07+00:00\",\"dateModified\":\"2026-03-26T09:29:33+00:00\",\"description\":\"Desempenho ambiental e excelente rendimento para esta salamandra. Sobriamente revestida de antracite, a Chamane ocupa um espa\u00e7o reduzido, mostrando um m\u00e1ximo de fogo! As suas linhas alongadas e as suas propor\u00e7\u00f5es equilibradas sublinham o seu design inovador.\",\"breadcrumb\":{\"@id\":\"https:\/\/www.invicta.fr\/pt\/produit\/salamandra-ferro-fundido-chamane-10\/#breadcrumb\"},\"inLanguage\":\"pt-PT\",\"potentialAction\":[{\"@type\":\"ReadAction\",\"target\":[\"https:\/\/www.invicta.fr\/pt\/produit\/salamandra-ferro-fundido-chamane-10\/\"]}]},{\"@type\":\"ImageObject\",\"inLanguage\":\"pt-PT\",\"@id\":\"https:\/\/www.invicta.fr\/pt\/produit\/salamandra-ferro-fundido-chamane-10\/#primaryimage\",\"url\":\"https:\/\/www.invicta.fr\/wp-content\/uploads\/2019\/09\/NEW-chamane_poele_a_bois__700_1431452370.jpg\",\"contentUrl\":\"https:\/\/www.invicta.fr\/wp-content\/uploads\/2019\/09\/NEW-chamane_poele_a_bois__700_1431452370.jpg\",\"width\":396,\"height\":709,\"caption\":\"chamane 001\"},{\"@type\":\"BreadcrumbList\",\"@id\":\"https:\/\/www.invicta.fr\/pt\/produit\/salamandra-ferro-fundido-chamane-10\/#breadcrumb\",\"itemListElement\":[{\"@type\":\"ListItem\",\"position\":1,\"name\":\"Home\",\"item\":\"https:\/\/www.invicta.fr\/pt\/\"},{\"@type\":\"ListItem\",\"position\":2,\"name\":\"Produtos\",\"item\":\"https:\/\/www.invicta.fr\/pt\/shop\/\"},{\"@type\":\"ListItem\",\"position\":3,\"name\":\"Salamandras a lenha\",\"item\":\"https:\/\/www.invicta.fr\/pt\/categorie-produit\/salamandras-a-lenha\/\"},{\"@type\":\"ListItem\",\"position\":4,\"name\":\"Salamandras a lenha em ferro fundido ou em a\u00e7o\",\"item\":\"https:\/\/www.invicta.fr\/pt\/categorie-produit\/salamandras-a-lenha\/salamandras-a-lenha-em-ferro-fundido-ou-em-aco-salamandras-a-lenha\/\"},{\"@type\":\"ListItem\",\"position\":5,\"name\":\"Salamandra Ferro Fundido Chamane 10\"}]},{\"@type\":\"WebSite\",\"@id\":\"https:\/\/www.invicta.fr\/pt\/#website\",\"url\":\"https:\/\/www.invicta.fr\/pt\/\",\"name\":\"Invicta\",\"description\":\"Fabricant fran\u00e7ais, sp\u00e9cialiste europ\u00e9en du chauffage au bois : po\u00eales \u00e0 bois et \u00e0 granul\u00e9s, chemin\u00e9es, foyers et inserts\",\"publisher\":{\"@id\":\"https:\/\/www.invicta.fr\/pt\/#organization\"},\"potentialAction\":[{\"@type\":\"SearchAction\",\"target\":{\"@type\":\"EntryPoint\",\"urlTemplate\":\"https:\/\/www.invicta.fr\/pt\/?s={search_term_string}\"},\"query-input\":{\"@type\":\"PropertyValueSpecification\",\"valueRequired\":true,\"valueName\":\"search_term_string\"}}],\"inLanguage\":\"pt-PT\"},{\"@type\":\"Organization\",\"@id\":\"https:\/\/www.invicta.fr\/pt\/#organization\",\"name\":\"Invicta\",\"url\":\"https:\/\/www.invicta.fr\/pt\/\",\"logo\":{\"@type\":\"ImageObject\",\"inLanguage\":\"pt-PT\",\"@id\":\"https:\/\/www.invicta.fr\/pt\/#\/schema\/logo\/image\/\",\"url\":\"https:\/\/www.invicta.fr\/wp-content\/uploads\/2019\/06\/INVICTALOGO_RVB.png\",\"contentUrl\":\"https:\/\/www.invicta.fr\/wp-content\/uploads\/2019\/06\/INVICTALOGO_RVB.png\",\"width\":1810,\"height\":1280,\"caption\":\"Invicta\"},\"image\":{\"@id\":\"https:\/\/www.invicta.fr\/pt\/#\/schema\/logo\/image\/\"}}]}<\/script>\n<!-- \/ Yoast SEO plugin. -->","yoast_head_json":{"title":"Salamandra Ferro Fundido Chamane 10 - Invicta","description":"Desempenho ambiental e excelente rendimento para esta salamandra. Sobriamente revestida de antracite, a Chamane ocupa um espa\u00e7o reduzido, mostrando um m\u00e1ximo de fogo! As suas linhas alongadas e as suas propor\u00e7\u00f5es equilibradas sublinham o seu design inovador.","robots":{"index":"index","follow":"follow","max-snippet":"max-snippet:-1","max-image-preview":"max-image-preview:large","max-video-preview":"max-video-preview:-1"},"canonical":"https:\/\/www.invicta.fr\/pt\/produit\/salamandra-ferro-fundido-chamane-10\/","og_locale":"pt_PT","og_type":"article","og_title":"Salamandra Ferro Fundido Chamane 10 - Invicta","og_description":"Desempenho ambiental e excelente rendimento para esta salamandra. Sobriamente revestida de antracite, a Chamane ocupa um espa\u00e7o reduzido, mostrando um m\u00e1ximo de fogo! As suas linhas alongadas e as suas propor\u00e7\u00f5es equilibradas sublinham o seu design inovador.","og_url":"https:\/\/www.invicta.fr\/pt\/produit\/salamandra-ferro-fundido-chamane-10\/","og_site_name":"Invicta","article_modified_time":"2026-03-26T09:29:33+00:00","twitter_card":"summary_large_image","schema":{"@context":"https:\/\/schema.org","@graph":[{"@type":"WebPage","@id":"https:\/\/www.invicta.fr\/pt\/produit\/salamandra-ferro-fundido-chamane-10\/","url":"https:\/\/www.invicta.fr\/pt\/produit\/salamandra-ferro-fundido-chamane-10\/","name":"Salamandra Ferro Fundido Chamane 10 - Invicta","isPartOf":{"@id":"https:\/\/www.invicta.fr\/pt\/#website"},"primaryImageOfPage":{"@id":"https:\/\/www.invicta.fr\/pt\/produit\/salamandra-ferro-fundido-chamane-10\/#primaryimage"},"image":{"@id":"https:\/\/www.invicta.fr\/pt\/produit\/salamandra-ferro-fundido-chamane-10\/#primaryimage"},"thumbnailUrl":"https:\/\/www.invicta.fr\/wp-content\/uploads\/2019\/09\/NEW-chamane_poele_a_bois__700_1431452370.jpg","datePublished":"2019-11-14T07:25:07+00:00","dateModified":"2026-03-26T09:29:33+00:00","description":"Desempenho ambiental e excelente rendimento para esta salamandra. Sobriamente revestida de antracite, a Chamane ocupa um espa\u00e7o reduzido, mostrando um m\u00e1ximo de fogo! As suas linhas alongadas e as suas propor\u00e7\u00f5es equilibradas sublinham o seu design inovador.","breadcrumb":{"@id":"https:\/\/www.invicta.fr\/pt\/produit\/salamandra-ferro-fundido-chamane-10\/#breadcrumb"},"inLanguage":"pt-PT","potentialAction":[{"@type":"ReadAction","target":["https:\/\/www.invicta.fr\/pt\/produit\/salamandra-ferro-fundido-chamane-10\/"]}]},{"@type":"ImageObject","inLanguage":"pt-PT","@id":"https:\/\/www.invicta.fr\/pt\/produit\/salamandra-ferro-fundido-chamane-10\/#primaryimage","url":"https:\/\/www.invicta.fr\/wp-content\/uploads\/2019\/09\/NEW-chamane_poele_a_bois__700_1431452370.jpg","contentUrl":"https:\/\/www.invicta.fr\/wp-content\/uploads\/2019\/09\/NEW-chamane_poele_a_bois__700_1431452370.jpg","width":396,"height":709,"caption":"chamane 001"},{"@type":"BreadcrumbList","@id":"https:\/\/www.invicta.fr\/pt\/produit\/salamandra-ferro-fundido-chamane-10\/#breadcrumb","itemListElement":[{"@type":"ListItem","position":1,"name":"Home","item":"https:\/\/www.invicta.fr\/pt\/"},{"@type":"ListItem","position":2,"name":"Produtos","item":"https:\/\/www.invicta.fr\/pt\/shop\/"},{"@type":"ListItem","position":3,"name":"Salamandras a lenha","item":"https:\/\/www.invicta.fr\/pt\/categorie-produit\/salamandras-a-lenha\/"},{"@type":"ListItem","position":4,"name":"Salamandras a lenha em ferro fundido ou em a\u00e7o","item":"https:\/\/www.invicta.fr\/pt\/categorie-produit\/salamandras-a-lenha\/salamandras-a-lenha-em-ferro-fundido-ou-em-aco-salamandras-a-lenha\/"},{"@type":"ListItem","position":5,"name":"Salamandra Ferro Fundido Chamane 10"}]},{"@type":"WebSite","@id":"https:\/\/www.invicta.fr\/pt\/#website","url":"https:\/\/www.invicta.fr\/pt\/","name":"Invicta","description":"Fabricant fran\u00e7ais, sp\u00e9cialiste europ\u00e9en du chauffage au bois : po\u00eales \u00e0 bois et \u00e0 granul\u00e9s, chemin\u00e9es, foyers et inserts","publisher":{"@id":"https:\/\/www.invicta.fr\/pt\/#organization"},"potentialAction":[{"@type":"SearchAction","target":{"@type":"EntryPoint","urlTemplate":"https:\/\/www.invicta.fr\/pt\/?s={search_term_string}"},"query-input":{"@type":"PropertyValueSpecification","valueRequired":true,"valueName":"search_term_string"}}],"inLanguage":"pt-PT"},{"@type":"Organization","@id":"https:\/\/www.invicta.fr\/pt\/#organization","name":"Invicta","url":"https:\/\/www.invicta.fr\/pt\/","logo":{"@type":"ImageObject","inLanguage":"pt-PT","@id":"https:\/\/www.invicta.fr\/pt\/#\/schema\/logo\/image\/","url":"https:\/\/www.invicta.fr\/wp-content\/uploads\/2019\/06\/INVICTALOGO_RVB.png","contentUrl":"https:\/\/www.invicta.fr\/wp-content\/uploads\/2019\/06\/INVICTALOGO_RVB.png","width":1810,"height":1280,"caption":"Invicta"},"image":{"@id":"https:\/\/www.invicta.fr\/pt\/#\/schema\/logo\/image\/"}}]}},"_links":{"self":[{"href":"https:\/\/www.invicta.fr\/pt\/wp-json\/wp\/v2\/product\/30657","targetHints":{"allow":["GET"]}}],"collection":[{"href":"https:\/\/www.invicta.fr\/pt\/wp-json\/wp\/v2\/product"}],"about":[{"href":"https:\/\/www.invicta.fr\/pt\/wp-json\/wp\/v2\/types\/product"}],"wp:featuredmedia":[{"embeddable":true,"href":"https:\/\/www.invicta.fr\/pt\/wp-json\/wp\/v2\/media\/23784"}],"wp:attachment":[{"href":"https:\/\/www.invicta.fr\/pt\/wp-json\/wp\/v2\/media?parent=30657"}],"wp:term":[{"taxonomy":"product_brand","embeddable":true,"href":"https:\/\/www.invicta.fr\/pt\/wp-json\/wp\/v2\/product_brand?post=30657"},{"taxonomy":"product_cat","embeddable":true,"href":"https:\/\/www.invicta.fr\/pt\/wp-json\/wp\/v2\/product_cat?post=30657"},{"taxonomy":"product_tag","embeddable":true,"href":"https:\/\/www.invicta.fr\/pt\/wp-json\/wp\/v2\/product_tag?post=30657"},{"taxonomy":"plus_produit","embeddable":true,"href":"https:\/\/www.invicta.fr\/pt\/wp-json\/wp\/v2\/plus_produit?post=30657"}],"curies":[{"name":"wp","href":"https:\/\/api.w.org\/{rel}","templated":true}]}}