{"id":30894,"date":"2019-07-04T16:48:31","date_gmt":"2019-11-14T07:25:22","guid":{"rendered":"https:\/\/www.invicta.fr\/produit\/salamandra-ferro-fundido-preston\/"},"modified":"2025-11-14T09:33:00","modified_gmt":"2025-11-14T08:33:00","slug":"salamandra-ferro-fundido-preston","status":"publish","type":"product","link":"https:\/\/www.invicta.fr\/pt\/produit\/salamandra-ferro-fundido-preston\/","title":{"rendered":"Salamandra Ferro Fundido Preston"},"content":{"rendered":"","protected":false},"excerpt":{"rendered":"<p>A salamandra em ferro fundido Preston \u00e9 simples e moderna. Gra\u00e7as \u00e0 sua forma retangular, pode facilmente ser colocada num suporte para o efeito ou numa laje de bet\u00e3o. Suporte dispon\u00edvel em dois tamanhos.<\/p>\n","protected":false},"featured_media":55477,"template":"","meta":{"_acf_changed":false},"product_brand":[],"product_cat":[3105,4188,6126,6125,6127,6122,6224],"product_tag":[7107,3311,3310,3277,3276,7193,3275,3312,4513,6832,6658,6844],"plus_produit":[3883,6837,3306,3326,3307],"class_list":{"1":"product","4":"has-post-thumbnail","6":"product_cat-ajuda-na-selecao","7":"product_cat-salamandras-a-lenha-em-ferro-fundido-ou-em-aco-salamandras-a-lenha","8":"product_cat-fogoes-a-lenha-toras-50-cm","9":"product_cat-fogoes-a-lenha-contemporaneos","10":"product_cat-fogoes-industriais-a-lenha","11":"product_cat-fogoes-modernos-a-lenha","12":"product_cat-fogoes-a-lenha-com-saida-traseira","13":"product_tag-en16510-pt","14":"product_tag-flamme-verte-7-pt","15":"product_tag-eco-design-2022-es-pt","16":"product_tag-certificacion-ecolabel-a-pt","17":"product_tag-feita-na-franca","18":"product_tag-blmschv2-pt","19":"product_tag-100-hierro-fundido-pt","20":"product_tag-post-combustion-es-pt","21":"product_tag-garantia-de-3-anos-pt","22":"product_tag-y-extension-garantie-2ans-por","23":"product_tag-imposto-de-credito-z","24":"product_tag-reserve-aux-pros-port","25":"pa_depart-des-fumees-parte-superior-ou-traseira","26":"pa_diametre-de-buse-180-mm-pt","27":"pa_indice-de-performance-100-pt","28":"pa_options-suportes-pm-6961-31-a450-x-l1000-x-p550-gm-6961-28-l1600","29":"pa_puissance-optimale-12-kw-pt","30":"pa_surface-de-chauffe-65-145-m-pt","31":"pa_taux-de-co-010-pt","32":"pa_volume-de-chauffe-160-a-360-m-pt","33":"plus_produit-ar-secundario-ajustavel-pt","34":"plus_produit-extensao-de-garantia-2-anos","35":"plus_produit-origine-france-garantie","36":"plus_produit-sistema-de-post-combustion-pt","37":"plus_produit-vidro-proprio","39":"first","40":"instock","41":"product-type-simple"},"acf":[],"yoast_head":"<!-- This site is optimized with the Yoast SEO plugin v24.7 - https:\/\/yoast.com\/wordpress\/plugins\/seo\/ -->\n<title>Salamandra Ferro Fundido Preston - Invicta<\/title>\n<meta name=\"description\" content=\"A salamandra em ferro fundido Preston \u00e9 simples e moderna. Gra\u00e7as \u00e0 sua forma retangular, pode facilmente ser colocada num suporte para o efeito ou numa laje de bet\u00e3o. Suporte dispon\u00edvel em dois tamanhos.\" \/>\n<meta name=\"robots\" content=\"index, follow, max-snippet:-1, max-image-preview:large, max-video-preview:-1\" \/>\n<link rel=\"canonical\" href=\"https:\/\/www.invicta.fr\/pt\/produit\/salamandra-ferro-fundido-preston\/\" \/>\n<meta property=\"og:locale\" content=\"pt_PT\" \/>\n<meta property=\"og:type\" content=\"article\" \/>\n<meta property=\"og:title\" content=\"Salamandra Ferro Fundido Preston - Invicta\" \/>\n<meta property=\"og:description\" content=\"A salamandra em ferro fundido Preston \u00e9 simples e moderna. Gra\u00e7as \u00e0 sua forma retangular, pode facilmente ser colocada num suporte para o efeito ou numa laje de bet\u00e3o. Suporte dispon\u00edvel em dois tamanhos.\" \/>\n<meta property=\"og:url\" content=\"https:\/\/www.invicta.fr\/pt\/produit\/salamandra-ferro-fundido-preston\/\" \/>\n<meta property=\"og:site_name\" content=\"Invicta\" \/>\n<meta property=\"article:modified_time\" content=\"2025-11-14T08:33:00+00:00\" \/>\n<meta name=\"twitter:card\" content=\"summary_large_image\" \/>\n<script type=\"application\/ld+json\" class=\"yoast-schema-graph\">{\"@context\":\"https:\/\/schema.org\",\"@graph\":[{\"@type\":\"WebPage\",\"@id\":\"https:\/\/www.invicta.fr\/pt\/produit\/salamandra-ferro-fundido-preston\/\",\"url\":\"https:\/\/www.invicta.fr\/pt\/produit\/salamandra-ferro-fundido-preston\/\",\"name\":\"Salamandra Ferro Fundido Preston - Invicta\",\"isPartOf\":{\"@id\":\"https:\/\/www.invicta.fr\/pt\/#website\"},\"primaryImageOfPage\":{\"@id\":\"https:\/\/www.invicta.fr\/pt\/produit\/salamandra-ferro-fundido-preston\/#primaryimage\"},\"image\":{\"@id\":\"https:\/\/www.invicta.fr\/pt\/produit\/salamandra-ferro-fundido-preston\/#primaryimage\"},\"thumbnailUrl\":\"https:\/\/www.invicta.fr\/wp-content\/uploads\/2019\/07\/C_P912804-PRESTON-web.jpg\",\"datePublished\":\"2019-11-14T07:25:22+00:00\",\"dateModified\":\"2025-11-14T08:33:00+00:00\",\"description\":\"A salamandra em ferro fundido Preston \u00e9 simples e moderna. Gra\u00e7as \u00e0 sua forma retangular, pode facilmente ser colocada num suporte para o efeito ou numa laje de bet\u00e3o. Suporte dispon\u00edvel em dois tamanhos.\",\"breadcrumb\":{\"@id\":\"https:\/\/www.invicta.fr\/pt\/produit\/salamandra-ferro-fundido-preston\/#breadcrumb\"},\"inLanguage\":\"pt-PT\",\"potentialAction\":[{\"@type\":\"ReadAction\",\"target\":[\"https:\/\/www.invicta.fr\/pt\/produit\/salamandra-ferro-fundido-preston\/\"]}]},{\"@type\":\"ImageObject\",\"inLanguage\":\"pt-PT\",\"@id\":\"https:\/\/www.invicta.fr\/pt\/produit\/salamandra-ferro-fundido-preston\/#primaryimage\",\"url\":\"https:\/\/www.invicta.fr\/wp-content\/uploads\/2019\/07\/C_P912804-PRESTON-web.jpg\",\"contentUrl\":\"https:\/\/www.invicta.fr\/wp-content\/uploads\/2019\/07\/C_P912804-PRESTON-web.jpg\",\"width\":1200,\"height\":1200},{\"@type\":\"BreadcrumbList\",\"@id\":\"https:\/\/www.invicta.fr\/pt\/produit\/salamandra-ferro-fundido-preston\/#breadcrumb\",\"itemListElement\":[{\"@type\":\"ListItem\",\"position\":1,\"name\":\"Home\",\"item\":\"https:\/\/www.invicta.fr\/pt\/\"},{\"@type\":\"ListItem\",\"position\":2,\"name\":\"Produtos\",\"item\":\"https:\/\/www.invicta.fr\/pt\/shop\/\"},{\"@type\":\"ListItem\",\"position\":3,\"name\":\"Salamandras a lenha\",\"item\":\"https:\/\/www.invicta.fr\/pt\/categorie-produit\/salamandras-a-lenha\/\"},{\"@type\":\"ListItem\",\"position\":4,\"name\":\"Salamandras a lenha em ferro fundido ou em a\u00e7o\",\"item\":\"https:\/\/www.invicta.fr\/pt\/categorie-produit\/salamandras-a-lenha\/salamandras-a-lenha-em-ferro-fundido-ou-em-aco-salamandras-a-lenha\/\"},{\"@type\":\"ListItem\",\"position\":5,\"name\":\"Salamandra Ferro Fundido Preston\"}]},{\"@type\":\"WebSite\",\"@id\":\"https:\/\/www.invicta.fr\/pt\/#website\",\"url\":\"https:\/\/www.invicta.fr\/pt\/\",\"name\":\"Invicta\",\"description\":\"Fabricant fran\u00e7ais, sp\u00e9cialiste europ\u00e9en du chauffage au bois : po\u00eales \u00e0 bois et \u00e0 granul\u00e9s, chemin\u00e9es, foyers et inserts\",\"publisher\":{\"@id\":\"https:\/\/www.invicta.fr\/pt\/#organization\"},\"potentialAction\":[{\"@type\":\"SearchAction\",\"target\":{\"@type\":\"EntryPoint\",\"urlTemplate\":\"https:\/\/www.invicta.fr\/pt\/?s={search_term_string}\"},\"query-input\":{\"@type\":\"PropertyValueSpecification\",\"valueRequired\":true,\"valueName\":\"search_term_string\"}}],\"inLanguage\":\"pt-PT\"},{\"@type\":\"Organization\",\"@id\":\"https:\/\/www.invicta.fr\/pt\/#organization\",\"name\":\"Invicta\",\"url\":\"https:\/\/www.invicta.fr\/pt\/\",\"logo\":{\"@type\":\"ImageObject\",\"inLanguage\":\"pt-PT\",\"@id\":\"https:\/\/www.invicta.fr\/pt\/#\/schema\/logo\/image\/\",\"url\":\"https:\/\/www.invicta.fr\/wp-content\/uploads\/2019\/06\/INVICTALOGO_RVB.png\",\"contentUrl\":\"https:\/\/www.invicta.fr\/wp-content\/uploads\/2019\/06\/INVICTALOGO_RVB.png\",\"width\":1810,\"height\":1280,\"caption\":\"Invicta\"},\"image\":{\"@id\":\"https:\/\/www.invicta.fr\/pt\/#\/schema\/logo\/image\/\"}}]}<\/script>\n<!-- \/ Yoast SEO plugin. -->","yoast_head_json":{"title":"Salamandra Ferro Fundido Preston - Invicta","description":"A salamandra em ferro fundido Preston \u00e9 simples e moderna. Gra\u00e7as \u00e0 sua forma retangular, pode facilmente ser colocada num suporte para o efeito ou numa laje de bet\u00e3o. Suporte dispon\u00edvel em dois tamanhos.","robots":{"index":"index","follow":"follow","max-snippet":"max-snippet:-1","max-image-preview":"max-image-preview:large","max-video-preview":"max-video-preview:-1"},"canonical":"https:\/\/www.invicta.fr\/pt\/produit\/salamandra-ferro-fundido-preston\/","og_locale":"pt_PT","og_type":"article","og_title":"Salamandra Ferro Fundido Preston - Invicta","og_description":"A salamandra em ferro fundido Preston \u00e9 simples e moderna. Gra\u00e7as \u00e0 sua forma retangular, pode facilmente ser colocada num suporte para o efeito ou numa laje de bet\u00e3o. Suporte dispon\u00edvel em dois tamanhos.","og_url":"https:\/\/www.invicta.fr\/pt\/produit\/salamandra-ferro-fundido-preston\/","og_site_name":"Invicta","article_modified_time":"2025-11-14T08:33:00+00:00","twitter_card":"summary_large_image","schema":{"@context":"https:\/\/schema.org","@graph":[{"@type":"WebPage","@id":"https:\/\/www.invicta.fr\/pt\/produit\/salamandra-ferro-fundido-preston\/","url":"https:\/\/www.invicta.fr\/pt\/produit\/salamandra-ferro-fundido-preston\/","name":"Salamandra Ferro Fundido Preston - Invicta","isPartOf":{"@id":"https:\/\/www.invicta.fr\/pt\/#website"},"primaryImageOfPage":{"@id":"https:\/\/www.invicta.fr\/pt\/produit\/salamandra-ferro-fundido-preston\/#primaryimage"},"image":{"@id":"https:\/\/www.invicta.fr\/pt\/produit\/salamandra-ferro-fundido-preston\/#primaryimage"},"thumbnailUrl":"https:\/\/www.invicta.fr\/wp-content\/uploads\/2019\/07\/C_P912804-PRESTON-web.jpg","datePublished":"2019-11-14T07:25:22+00:00","dateModified":"2025-11-14T08:33:00+00:00","description":"A salamandra em ferro fundido Preston \u00e9 simples e moderna. Gra\u00e7as \u00e0 sua forma retangular, pode facilmente ser colocada num suporte para o efeito ou numa laje de bet\u00e3o. Suporte dispon\u00edvel em dois tamanhos.","breadcrumb":{"@id":"https:\/\/www.invicta.fr\/pt\/produit\/salamandra-ferro-fundido-preston\/#breadcrumb"},"inLanguage":"pt-PT","potentialAction":[{"@type":"ReadAction","target":["https:\/\/www.invicta.fr\/pt\/produit\/salamandra-ferro-fundido-preston\/"]}]},{"@type":"ImageObject","inLanguage":"pt-PT","@id":"https:\/\/www.invicta.fr\/pt\/produit\/salamandra-ferro-fundido-preston\/#primaryimage","url":"https:\/\/www.invicta.fr\/wp-content\/uploads\/2019\/07\/C_P912804-PRESTON-web.jpg","contentUrl":"https:\/\/www.invicta.fr\/wp-content\/uploads\/2019\/07\/C_P912804-PRESTON-web.jpg","width":1200,"height":1200},{"@type":"BreadcrumbList","@id":"https:\/\/www.invicta.fr\/pt\/produit\/salamandra-ferro-fundido-preston\/#breadcrumb","itemListElement":[{"@type":"ListItem","position":1,"name":"Home","item":"https:\/\/www.invicta.fr\/pt\/"},{"@type":"ListItem","position":2,"name":"Produtos","item":"https:\/\/www.invicta.fr\/pt\/shop\/"},{"@type":"ListItem","position":3,"name":"Salamandras a lenha","item":"https:\/\/www.invicta.fr\/pt\/categorie-produit\/salamandras-a-lenha\/"},{"@type":"ListItem","position":4,"name":"Salamandras a lenha em ferro fundido ou em a\u00e7o","item":"https:\/\/www.invicta.fr\/pt\/categorie-produit\/salamandras-a-lenha\/salamandras-a-lenha-em-ferro-fundido-ou-em-aco-salamandras-a-lenha\/"},{"@type":"ListItem","position":5,"name":"Salamandra Ferro Fundido Preston"}]},{"@type":"WebSite","@id":"https:\/\/www.invicta.fr\/pt\/#website","url":"https:\/\/www.invicta.fr\/pt\/","name":"Invicta","description":"Fabricant fran\u00e7ais, sp\u00e9cialiste europ\u00e9en du chauffage au bois : po\u00eales \u00e0 bois et \u00e0 granul\u00e9s, chemin\u00e9es, foyers et inserts","publisher":{"@id":"https:\/\/www.invicta.fr\/pt\/#organization"},"potentialAction":[{"@type":"SearchAction","target":{"@type":"EntryPoint","urlTemplate":"https:\/\/www.invicta.fr\/pt\/?s={search_term_string}"},"query-input":{"@type":"PropertyValueSpecification","valueRequired":true,"valueName":"search_term_string"}}],"inLanguage":"pt-PT"},{"@type":"Organization","@id":"https:\/\/www.invicta.fr\/pt\/#organization","name":"Invicta","url":"https:\/\/www.invicta.fr\/pt\/","logo":{"@type":"ImageObject","inLanguage":"pt-PT","@id":"https:\/\/www.invicta.fr\/pt\/#\/schema\/logo\/image\/","url":"https:\/\/www.invicta.fr\/wp-content\/uploads\/2019\/06\/INVICTALOGO_RVB.png","contentUrl":"https:\/\/www.invicta.fr\/wp-content\/uploads\/2019\/06\/INVICTALOGO_RVB.png","width":1810,"height":1280,"caption":"Invicta"},"image":{"@id":"https:\/\/www.invicta.fr\/pt\/#\/schema\/logo\/image\/"}}]}},"_links":{"self":[{"href":"https:\/\/www.invicta.fr\/pt\/wp-json\/wp\/v2\/product\/30894","targetHints":{"allow":["GET"]}}],"collection":[{"href":"https:\/\/www.invicta.fr\/pt\/wp-json\/wp\/v2\/product"}],"about":[{"href":"https:\/\/www.invicta.fr\/pt\/wp-json\/wp\/v2\/types\/product"}],"wp:featuredmedia":[{"embeddable":true,"href":"https:\/\/www.invicta.fr\/pt\/wp-json\/wp\/v2\/media\/55477"}],"wp:attachment":[{"href":"https:\/\/www.invicta.fr\/pt\/wp-json\/wp\/v2\/media?parent=30894"}],"wp:term":[{"taxonomy":"product_brand","embeddable":true,"href":"https:\/\/www.invicta.fr\/pt\/wp-json\/wp\/v2\/product_brand?post=30894"},{"taxonomy":"product_cat","embeddable":true,"href":"https:\/\/www.invicta.fr\/pt\/wp-json\/wp\/v2\/product_cat?post=30894"},{"taxonomy":"product_tag","embeddable":true,"href":"https:\/\/www.invicta.fr\/pt\/wp-json\/wp\/v2\/product_tag?post=30894"},{"taxonomy":"plus_produit","embeddable":true,"href":"https:\/\/www.invicta.fr\/pt\/wp-json\/wp\/v2\/plus_produit?post=30894"}],"curies":[{"name":"wp","href":"https:\/\/api.w.org\/{rel}","templated":true}]}}