{"id":30957,"date":"2019-07-04T16:13:07","date_gmt":"2019-11-14T07:25:26","guid":{"rendered":"https:\/\/www.invicta.fr\/produit\/salamandra-em-ferro-fundido-itaya\/"},"modified":"2025-11-13T11:34:51","modified_gmt":"2025-11-13T10:34:51","slug":"salamandra-ferro-fundido-itaya","status":"publish","type":"product","link":"https:\/\/www.invicta.fr\/pt\/produit\/salamandra-ferro-fundido-itaya\/","title":{"rendered":"Salamandra em Ferro Fundido Itaya"},"content":{"rendered":"","protected":false},"excerpt":{"rendered":"<p>Modelo de exce\u00e7\u00e3o, a salamandra em ferro fundido Itaya cria uma atmosfera \u00fanica e acolhedora nos interiores.<\/p>\n","protected":false},"featured_media":59078,"template":"","meta":{"_acf_changed":false},"product_brand":[],"product_cat":[3105,4188,6126,6125,6121,6122],"product_tag":[7107,3311,3310,3277,3276,7193,3275,3312,4513,6832,6658],"plus_produit":[3883,6837,3306,3326,3307],"class_list":{"1":"product","4":"has-post-thumbnail","6":"product_cat-ajuda-na-selecao","7":"product_cat-salamandras-a-lenha-em-ferro-fundido-ou-em-aco-salamandras-a-lenha","8":"product_cat-fogoes-a-lenha-toras-50-cm","9":"product_cat-fogoes-a-lenha-contemporaneos","10":"product_cat-fogoes-a-lenha-de-design","11":"product_cat-fogoes-modernos-a-lenha","12":"product_tag-en16510-pt","13":"product_tag-flamme-verte-7-pt","14":"product_tag-eco-design-2022-es-pt","15":"product_tag-certificacion-ecolabel-a-pt","16":"product_tag-feita-na-franca","17":"product_tag-blmschv2-pt","18":"product_tag-100-hierro-fundido-pt","19":"product_tag-post-combustion-es-pt","20":"product_tag-garantia-de-3-anos-pt","21":"product_tag-y-extension-garantie-2ans-por","22":"product_tag-imposto-de-credito-z","23":"pa_depart-des-fumees-parte-superior-pt","24":"pa_diametre-de-buse-180-mm-pt","25":"pa_indice-de-performance-102-pt","26":"pa_puissance-optimale-12-kw-pt","27":"pa_surface-de-chauffe-65-a-145-m-pt","28":"pa_taux-de-co-010-pt","29":"pa_volume-de-chauffe-160-a-360-m-pt-2","30":"plus_produit-ar-secundario-ajustavel-pt","31":"plus_produit-extensao-de-garantia-2-anos","32":"plus_produit-origine-france-garantie","33":"plus_produit-sistema-de-post-combustion-pt","34":"plus_produit-vidro-proprio","36":"first","37":"instock","38":"product-type-simple"},"acf":[],"yoast_head":"<!-- This site is optimized with the Yoast SEO plugin v24.7 - https:\/\/yoast.com\/wordpress\/plugins\/seo\/ -->\n<title>Salamandra em Ferro Fundido Itaya - Invicta<\/title>\n<meta name=\"description\" content=\"Modelo de exce\u00e7\u00e3o, a salamandra em ferro fundido Itaya cria uma atmosfera \u00fanica e acolhedora nos interiores.\" \/>\n<meta name=\"robots\" content=\"index, follow, max-snippet:-1, max-image-preview:large, max-video-preview:-1\" \/>\n<link rel=\"canonical\" href=\"https:\/\/www.invicta.fr\/pt\/produit\/salamandra-ferro-fundido-itaya\/\" \/>\n<meta property=\"og:locale\" content=\"pt_PT\" \/>\n<meta property=\"og:type\" content=\"article\" \/>\n<meta property=\"og:title\" content=\"Salamandra em Ferro Fundido Itaya - Invicta\" \/>\n<meta property=\"og:description\" content=\"Modelo de exce\u00e7\u00e3o, a salamandra em ferro fundido Itaya cria uma atmosfera \u00fanica e acolhedora nos interiores.\" \/>\n<meta property=\"og:url\" content=\"https:\/\/www.invicta.fr\/pt\/produit\/salamandra-ferro-fundido-itaya\/\" \/>\n<meta property=\"og:site_name\" content=\"Invicta\" \/>\n<meta property=\"article:modified_time\" content=\"2025-11-13T10:34:51+00:00\" \/>\n<meta name=\"twitter:card\" content=\"summary_large_image\" \/>\n<script type=\"application\/ld+json\" class=\"yoast-schema-graph\">{\"@context\":\"https:\/\/schema.org\",\"@graph\":[{\"@type\":\"WebPage\",\"@id\":\"https:\/\/www.invicta.fr\/pt\/produit\/salamandra-ferro-fundido-itaya\/\",\"url\":\"https:\/\/www.invicta.fr\/pt\/produit\/salamandra-ferro-fundido-itaya\/\",\"name\":\"Salamandra em Ferro Fundido Itaya - Invicta\",\"isPartOf\":{\"@id\":\"https:\/\/www.invicta.fr\/pt\/#website\"},\"primaryImageOfPage\":{\"@id\":\"https:\/\/www.invicta.fr\/pt\/produit\/salamandra-ferro-fundido-itaya\/#primaryimage\"},\"image\":{\"@id\":\"https:\/\/www.invicta.fr\/pt\/produit\/salamandra-ferro-fundido-itaya\/#primaryimage\"},\"thumbnailUrl\":\"https:\/\/www.invicta.fr\/wp-content\/uploads\/2019\/07\/P611044-itaya-cyclo_RET_web.jpg\",\"datePublished\":\"2019-11-14T07:25:26+00:00\",\"dateModified\":\"2025-11-13T10:34:51+00:00\",\"description\":\"Modelo de exce\u00e7\u00e3o, a salamandra em ferro fundido Itaya cria uma atmosfera \u00fanica e acolhedora nos interiores.\",\"breadcrumb\":{\"@id\":\"https:\/\/www.invicta.fr\/pt\/produit\/salamandra-ferro-fundido-itaya\/#breadcrumb\"},\"inLanguage\":\"pt-PT\",\"potentialAction\":[{\"@type\":\"ReadAction\",\"target\":[\"https:\/\/www.invicta.fr\/pt\/produit\/salamandra-ferro-fundido-itaya\/\"]}]},{\"@type\":\"ImageObject\",\"inLanguage\":\"pt-PT\",\"@id\":\"https:\/\/www.invicta.fr\/pt\/produit\/salamandra-ferro-fundido-itaya\/#primaryimage\",\"url\":\"https:\/\/www.invicta.fr\/wp-content\/uploads\/2019\/07\/P611044-itaya-cyclo_RET_web.jpg\",\"contentUrl\":\"https:\/\/www.invicta.fr\/wp-content\/uploads\/2019\/07\/P611044-itaya-cyclo_RET_web.jpg\",\"width\":600,\"height\":628},{\"@type\":\"BreadcrumbList\",\"@id\":\"https:\/\/www.invicta.fr\/pt\/produit\/salamandra-ferro-fundido-itaya\/#breadcrumb\",\"itemListElement\":[{\"@type\":\"ListItem\",\"position\":1,\"name\":\"Home\",\"item\":\"https:\/\/www.invicta.fr\/pt\/\"},{\"@type\":\"ListItem\",\"position\":2,\"name\":\"Produtos\",\"item\":\"https:\/\/www.invicta.fr\/pt\/shop\/\"},{\"@type\":\"ListItem\",\"position\":3,\"name\":\"Salamandras a lenha\",\"item\":\"https:\/\/www.invicta.fr\/pt\/categorie-produit\/salamandras-a-lenha\/\"},{\"@type\":\"ListItem\",\"position\":4,\"name\":\"Salamandras a lenha em ferro fundido ou em a\u00e7o\",\"item\":\"https:\/\/www.invicta.fr\/pt\/categorie-produit\/salamandras-a-lenha\/salamandras-a-lenha-em-ferro-fundido-ou-em-aco-salamandras-a-lenha\/\"},{\"@type\":\"ListItem\",\"position\":5,\"name\":\"Salamandra em Ferro Fundido Itaya\"}]},{\"@type\":\"WebSite\",\"@id\":\"https:\/\/www.invicta.fr\/pt\/#website\",\"url\":\"https:\/\/www.invicta.fr\/pt\/\",\"name\":\"Invicta\",\"description\":\"Fabricant fran\u00e7ais, sp\u00e9cialiste europ\u00e9en du chauffage au bois : po\u00eales \u00e0 bois et \u00e0 granul\u00e9s, chemin\u00e9es, foyers et inserts\",\"publisher\":{\"@id\":\"https:\/\/www.invicta.fr\/pt\/#organization\"},\"potentialAction\":[{\"@type\":\"SearchAction\",\"target\":{\"@type\":\"EntryPoint\",\"urlTemplate\":\"https:\/\/www.invicta.fr\/pt\/?s={search_term_string}\"},\"query-input\":{\"@type\":\"PropertyValueSpecification\",\"valueRequired\":true,\"valueName\":\"search_term_string\"}}],\"inLanguage\":\"pt-PT\"},{\"@type\":\"Organization\",\"@id\":\"https:\/\/www.invicta.fr\/pt\/#organization\",\"name\":\"Invicta\",\"url\":\"https:\/\/www.invicta.fr\/pt\/\",\"logo\":{\"@type\":\"ImageObject\",\"inLanguage\":\"pt-PT\",\"@id\":\"https:\/\/www.invicta.fr\/pt\/#\/schema\/logo\/image\/\",\"url\":\"https:\/\/www.invicta.fr\/wp-content\/uploads\/2019\/06\/INVICTALOGO_RVB.png\",\"contentUrl\":\"https:\/\/www.invicta.fr\/wp-content\/uploads\/2019\/06\/INVICTALOGO_RVB.png\",\"width\":1810,\"height\":1280,\"caption\":\"Invicta\"},\"image\":{\"@id\":\"https:\/\/www.invicta.fr\/pt\/#\/schema\/logo\/image\/\"}}]}<\/script>\n<!-- \/ Yoast SEO plugin. -->","yoast_head_json":{"title":"Salamandra em Ferro Fundido Itaya - Invicta","description":"Modelo de exce\u00e7\u00e3o, a salamandra em ferro fundido Itaya cria uma atmosfera \u00fanica e acolhedora nos interiores.","robots":{"index":"index","follow":"follow","max-snippet":"max-snippet:-1","max-image-preview":"max-image-preview:large","max-video-preview":"max-video-preview:-1"},"canonical":"https:\/\/www.invicta.fr\/pt\/produit\/salamandra-ferro-fundido-itaya\/","og_locale":"pt_PT","og_type":"article","og_title":"Salamandra em Ferro Fundido Itaya - Invicta","og_description":"Modelo de exce\u00e7\u00e3o, a salamandra em ferro fundido Itaya cria uma atmosfera \u00fanica e acolhedora nos interiores.","og_url":"https:\/\/www.invicta.fr\/pt\/produit\/salamandra-ferro-fundido-itaya\/","og_site_name":"Invicta","article_modified_time":"2025-11-13T10:34:51+00:00","twitter_card":"summary_large_image","schema":{"@context":"https:\/\/schema.org","@graph":[{"@type":"WebPage","@id":"https:\/\/www.invicta.fr\/pt\/produit\/salamandra-ferro-fundido-itaya\/","url":"https:\/\/www.invicta.fr\/pt\/produit\/salamandra-ferro-fundido-itaya\/","name":"Salamandra em Ferro Fundido Itaya - Invicta","isPartOf":{"@id":"https:\/\/www.invicta.fr\/pt\/#website"},"primaryImageOfPage":{"@id":"https:\/\/www.invicta.fr\/pt\/produit\/salamandra-ferro-fundido-itaya\/#primaryimage"},"image":{"@id":"https:\/\/www.invicta.fr\/pt\/produit\/salamandra-ferro-fundido-itaya\/#primaryimage"},"thumbnailUrl":"https:\/\/www.invicta.fr\/wp-content\/uploads\/2019\/07\/P611044-itaya-cyclo_RET_web.jpg","datePublished":"2019-11-14T07:25:26+00:00","dateModified":"2025-11-13T10:34:51+00:00","description":"Modelo de exce\u00e7\u00e3o, a salamandra em ferro fundido Itaya cria uma atmosfera \u00fanica e acolhedora nos interiores.","breadcrumb":{"@id":"https:\/\/www.invicta.fr\/pt\/produit\/salamandra-ferro-fundido-itaya\/#breadcrumb"},"inLanguage":"pt-PT","potentialAction":[{"@type":"ReadAction","target":["https:\/\/www.invicta.fr\/pt\/produit\/salamandra-ferro-fundido-itaya\/"]}]},{"@type":"ImageObject","inLanguage":"pt-PT","@id":"https:\/\/www.invicta.fr\/pt\/produit\/salamandra-ferro-fundido-itaya\/#primaryimage","url":"https:\/\/www.invicta.fr\/wp-content\/uploads\/2019\/07\/P611044-itaya-cyclo_RET_web.jpg","contentUrl":"https:\/\/www.invicta.fr\/wp-content\/uploads\/2019\/07\/P611044-itaya-cyclo_RET_web.jpg","width":600,"height":628},{"@type":"BreadcrumbList","@id":"https:\/\/www.invicta.fr\/pt\/produit\/salamandra-ferro-fundido-itaya\/#breadcrumb","itemListElement":[{"@type":"ListItem","position":1,"name":"Home","item":"https:\/\/www.invicta.fr\/pt\/"},{"@type":"ListItem","position":2,"name":"Produtos","item":"https:\/\/www.invicta.fr\/pt\/shop\/"},{"@type":"ListItem","position":3,"name":"Salamandras a lenha","item":"https:\/\/www.invicta.fr\/pt\/categorie-produit\/salamandras-a-lenha\/"},{"@type":"ListItem","position":4,"name":"Salamandras a lenha em ferro fundido ou em a\u00e7o","item":"https:\/\/www.invicta.fr\/pt\/categorie-produit\/salamandras-a-lenha\/salamandras-a-lenha-em-ferro-fundido-ou-em-aco-salamandras-a-lenha\/"},{"@type":"ListItem","position":5,"name":"Salamandra em Ferro Fundido Itaya"}]},{"@type":"WebSite","@id":"https:\/\/www.invicta.fr\/pt\/#website","url":"https:\/\/www.invicta.fr\/pt\/","name":"Invicta","description":"Fabricant fran\u00e7ais, sp\u00e9cialiste europ\u00e9en du chauffage au bois : po\u00eales \u00e0 bois et \u00e0 granul\u00e9s, chemin\u00e9es, foyers et inserts","publisher":{"@id":"https:\/\/www.invicta.fr\/pt\/#organization"},"potentialAction":[{"@type":"SearchAction","target":{"@type":"EntryPoint","urlTemplate":"https:\/\/www.invicta.fr\/pt\/?s={search_term_string}"},"query-input":{"@type":"PropertyValueSpecification","valueRequired":true,"valueName":"search_term_string"}}],"inLanguage":"pt-PT"},{"@type":"Organization","@id":"https:\/\/www.invicta.fr\/pt\/#organization","name":"Invicta","url":"https:\/\/www.invicta.fr\/pt\/","logo":{"@type":"ImageObject","inLanguage":"pt-PT","@id":"https:\/\/www.invicta.fr\/pt\/#\/schema\/logo\/image\/","url":"https:\/\/www.invicta.fr\/wp-content\/uploads\/2019\/06\/INVICTALOGO_RVB.png","contentUrl":"https:\/\/www.invicta.fr\/wp-content\/uploads\/2019\/06\/INVICTALOGO_RVB.png","width":1810,"height":1280,"caption":"Invicta"},"image":{"@id":"https:\/\/www.invicta.fr\/pt\/#\/schema\/logo\/image\/"}}]}},"_links":{"self":[{"href":"https:\/\/www.invicta.fr\/pt\/wp-json\/wp\/v2\/product\/30957","targetHints":{"allow":["GET"]}}],"collection":[{"href":"https:\/\/www.invicta.fr\/pt\/wp-json\/wp\/v2\/product"}],"about":[{"href":"https:\/\/www.invicta.fr\/pt\/wp-json\/wp\/v2\/types\/product"}],"wp:featuredmedia":[{"embeddable":true,"href":"https:\/\/www.invicta.fr\/pt\/wp-json\/wp\/v2\/media\/59078"}],"wp:attachment":[{"href":"https:\/\/www.invicta.fr\/pt\/wp-json\/wp\/v2\/media?parent=30957"}],"wp:term":[{"taxonomy":"product_brand","embeddable":true,"href":"https:\/\/www.invicta.fr\/pt\/wp-json\/wp\/v2\/product_brand?post=30957"},{"taxonomy":"product_cat","embeddable":true,"href":"https:\/\/www.invicta.fr\/pt\/wp-json\/wp\/v2\/product_cat?post=30957"},{"taxonomy":"product_tag","embeddable":true,"href":"https:\/\/www.invicta.fr\/pt\/wp-json\/wp\/v2\/product_tag?post=30957"},{"taxonomy":"plus_produit","embeddable":true,"href":"https:\/\/www.invicta.fr\/pt\/wp-json\/wp\/v2\/plus_produit?post=30957"}],"curies":[{"name":"wp","href":"https:\/\/api.w.org\/{rel}","templated":true}]}}