{"id":31793,"date":"2019-07-02T14:37:32","date_gmt":"2019-11-15T12:38:15","guid":{"rendered":"https:\/\/www.invicta.fr\/produit\/salamandra-de-ferro-fundido-angor\/"},"modified":"2026-04-08T10:03:19","modified_gmt":"2026-04-08T08:03:19","slug":"salamandra-ferro-fundido-angor","status":"publish","type":"product","link":"https:\/\/www.invicta.fr\/pt\/produit\/salamandra-ferro-fundido-angor\/","title":{"rendered":"Salamandra de Ferro Fundido Angor"},"content":{"rendered":"","protected":false},"excerpt":{"rendered":"<p>Simples e chique, a ANGOR oferece belos desempenhos. O seu estilo e as suas linhas arredondadas embelezam o espet\u00e1culo das chamas. Seduzir\u00e1 os amantes incondicionais de salamandras gra\u00e7as ao seu charme discreto.<\/p>\n","protected":false},"featured_media":23988,"template":"","meta":{"_acf_changed":false},"product_brand":[],"product_cat":[3105,4188,6127,6123,6224,6179],"product_tag":[7107,3311,3310,3277,3276,7193,3275,3312,4513,6832,6658,6844],"plus_produit":[3883,6837,3306,3326,3307],"class_list":{"1":"product","4":"has-post-thumbnail","6":"product_cat-ajuda-na-selecao","7":"product_cat-salamandras-a-lenha-em-ferro-fundido-ou-em-aco-salamandras-a-lenha","8":"product_cat-fogoes-industriais-a-lenha","9":"product_cat-fogoes-a-lenha-redondos","10":"product_cat-fogoes-a-lenha-com-saida-traseira","11":"product_cat-fogoes-a-lenha-tradicionais","12":"product_tag-en16510-pt","13":"product_tag-flamme-verte-7-pt","14":"product_tag-eco-design-2022-es-pt","15":"product_tag-certificacion-ecolabel-a-pt","16":"product_tag-feita-na-franca","17":"product_tag-blmschv2-pt","18":"product_tag-100-hierro-fundido-pt","19":"product_tag-post-combustion-es-pt","20":"product_tag-garantia-de-3-anos-pt","21":"product_tag-y-extension-garantie-2ans-por","22":"product_tag-imposto-de-credito-z","23":"product_tag-reserve-aux-pros-port","24":"pa_depart-des-fumees-parte-superior-ou-traseira","25":"pa_diametre-de-buse-150-mm-pt","26":"pa_indice-de-performance-100-pt","27":"pa_puissance-optimale-12-kw-pt","28":"pa_surface-de-chauffe-65-a-145-m-pt","29":"pa_taux-de-co-010-pt","30":"pa_volume-de-chauffe-160-a-360-m-pt-2","31":"plus_produit-ar-secundario-ajustavel-pt","32":"plus_produit-extensao-de-garantia-2-anos","33":"plus_produit-origine-france-garantie","34":"plus_produit-sistema-de-post-combustion-pt","35":"plus_produit-vidro-proprio","37":"first","38":"instock","39":"product-type-simple"},"acf":[],"yoast_head":"<!-- This site is optimized with the Yoast SEO plugin v24.7 - https:\/\/yoast.com\/wordpress\/plugins\/seo\/ -->\n<title>Salamandra de Ferro Fundido Angor - Invicta<\/title>\n<meta name=\"description\" content=\"Simples e chique, a ANGOR oferece belos desempenhos. O seu estilo e as suas linhas arredondadas embelezam o espet\u00e1culo das chamas. Seduzir\u00e1 os amantes incondicionais de salamandras gra\u00e7as ao seu charme discreto.\" \/>\n<meta name=\"robots\" content=\"index, follow, max-snippet:-1, max-image-preview:large, max-video-preview:-1\" \/>\n<link rel=\"canonical\" href=\"https:\/\/www.invicta.fr\/pt\/produit\/salamandra-ferro-fundido-angor\/\" \/>\n<meta property=\"og:locale\" content=\"pt_PT\" \/>\n<meta property=\"og:type\" content=\"article\" \/>\n<meta property=\"og:title\" content=\"Salamandra de Ferro Fundido Angor - Invicta\" \/>\n<meta property=\"og:description\" content=\"Simples e chique, a ANGOR oferece belos desempenhos. O seu estilo e as suas linhas arredondadas embelezam o espet\u00e1culo das chamas. Seduzir\u00e1 os amantes incondicionais de salamandras gra\u00e7as ao seu charme discreto.\" \/>\n<meta property=\"og:url\" content=\"https:\/\/www.invicta.fr\/pt\/produit\/salamandra-ferro-fundido-angor\/\" \/>\n<meta property=\"og:site_name\" content=\"Invicta\" \/>\n<meta property=\"article:modified_time\" content=\"2026-04-08T08:03:19+00:00\" \/>\n<meta name=\"twitter:card\" content=\"summary_large_image\" \/>\n<script type=\"application\/ld+json\" class=\"yoast-schema-graph\">{\"@context\":\"https:\/\/schema.org\",\"@graph\":[{\"@type\":\"WebPage\",\"@id\":\"https:\/\/www.invicta.fr\/pt\/produit\/salamandra-ferro-fundido-angor\/\",\"url\":\"https:\/\/www.invicta.fr\/pt\/produit\/salamandra-ferro-fundido-angor\/\",\"name\":\"Salamandra de Ferro Fundido Angor - Invicta\",\"isPartOf\":{\"@id\":\"https:\/\/www.invicta.fr\/pt\/#website\"},\"primaryImageOfPage\":{\"@id\":\"https:\/\/www.invicta.fr\/pt\/produit\/salamandra-ferro-fundido-angor\/#primaryimage\"},\"image\":{\"@id\":\"https:\/\/www.invicta.fr\/pt\/produit\/salamandra-ferro-fundido-angor\/#primaryimage\"},\"thumbnailUrl\":\"https:\/\/www.invicta.fr\/wp-content\/uploads\/2019\/07\/new-ANGOR-CYCLO.jpg\",\"datePublished\":\"2019-11-15T12:38:15+00:00\",\"dateModified\":\"2026-04-08T08:03:19+00:00\",\"description\":\"Simples e chique, a ANGOR oferece belos desempenhos. O seu estilo e as suas linhas arredondadas embelezam o espet\u00e1culo das chamas. Seduzir\u00e1 os amantes incondicionais de salamandras gra\u00e7as ao seu charme discreto.\",\"breadcrumb\":{\"@id\":\"https:\/\/www.invicta.fr\/pt\/produit\/salamandra-ferro-fundido-angor\/#breadcrumb\"},\"inLanguage\":\"pt-PT\",\"potentialAction\":[{\"@type\":\"ReadAction\",\"target\":[\"https:\/\/www.invicta.fr\/pt\/produit\/salamandra-ferro-fundido-angor\/\"]}]},{\"@type\":\"ImageObject\",\"inLanguage\":\"pt-PT\",\"@id\":\"https:\/\/www.invicta.fr\/pt\/produit\/salamandra-ferro-fundido-angor\/#primaryimage\",\"url\":\"https:\/\/www.invicta.fr\/wp-content\/uploads\/2019\/07\/new-ANGOR-CYCLO.jpg\",\"contentUrl\":\"https:\/\/www.invicta.fr\/wp-content\/uploads\/2019\/07\/new-ANGOR-CYCLO.jpg\",\"width\":549,\"height\":560,\"caption\":\"Po\u00eale \u00e0 bois fonte Invicta Angor - 12 kW\"},{\"@type\":\"BreadcrumbList\",\"@id\":\"https:\/\/www.invicta.fr\/pt\/produit\/salamandra-ferro-fundido-angor\/#breadcrumb\",\"itemListElement\":[{\"@type\":\"ListItem\",\"position\":1,\"name\":\"Home\",\"item\":\"https:\/\/www.invicta.fr\/pt\/\"},{\"@type\":\"ListItem\",\"position\":2,\"name\":\"Produtos\",\"item\":\"https:\/\/www.invicta.fr\/pt\/shop\/\"},{\"@type\":\"ListItem\",\"position\":3,\"name\":\"Salamandras a lenha\",\"item\":\"https:\/\/www.invicta.fr\/pt\/categorie-produit\/salamandras-a-lenha\/\"},{\"@type\":\"ListItem\",\"position\":4,\"name\":\"Salamandras a lenha em ferro fundido ou em a\u00e7o\",\"item\":\"https:\/\/www.invicta.fr\/pt\/categorie-produit\/salamandras-a-lenha\/salamandras-a-lenha-em-ferro-fundido-ou-em-aco-salamandras-a-lenha\/\"},{\"@type\":\"ListItem\",\"position\":5,\"name\":\"Salamandra de Ferro Fundido Angor\"}]},{\"@type\":\"WebSite\",\"@id\":\"https:\/\/www.invicta.fr\/pt\/#website\",\"url\":\"https:\/\/www.invicta.fr\/pt\/\",\"name\":\"Invicta\",\"description\":\"Fabricant fran\u00e7ais, sp\u00e9cialiste europ\u00e9en du chauffage au bois : po\u00eales \u00e0 bois et \u00e0 granul\u00e9s, chemin\u00e9es, foyers et inserts\",\"publisher\":{\"@id\":\"https:\/\/www.invicta.fr\/pt\/#organization\"},\"potentialAction\":[{\"@type\":\"SearchAction\",\"target\":{\"@type\":\"EntryPoint\",\"urlTemplate\":\"https:\/\/www.invicta.fr\/pt\/?s={search_term_string}\"},\"query-input\":{\"@type\":\"PropertyValueSpecification\",\"valueRequired\":true,\"valueName\":\"search_term_string\"}}],\"inLanguage\":\"pt-PT\"},{\"@type\":\"Organization\",\"@id\":\"https:\/\/www.invicta.fr\/pt\/#organization\",\"name\":\"Invicta\",\"url\":\"https:\/\/www.invicta.fr\/pt\/\",\"logo\":{\"@type\":\"ImageObject\",\"inLanguage\":\"pt-PT\",\"@id\":\"https:\/\/www.invicta.fr\/pt\/#\/schema\/logo\/image\/\",\"url\":\"https:\/\/www.invicta.fr\/wp-content\/uploads\/2019\/06\/INVICTALOGO_RVB.png\",\"contentUrl\":\"https:\/\/www.invicta.fr\/wp-content\/uploads\/2019\/06\/INVICTALOGO_RVB.png\",\"width\":1810,\"height\":1280,\"caption\":\"Invicta\"},\"image\":{\"@id\":\"https:\/\/www.invicta.fr\/pt\/#\/schema\/logo\/image\/\"}}]}<\/script>\n<!-- \/ Yoast SEO plugin. -->","yoast_head_json":{"title":"Salamandra de Ferro Fundido Angor - Invicta","description":"Simples e chique, a ANGOR oferece belos desempenhos. O seu estilo e as suas linhas arredondadas embelezam o espet\u00e1culo das chamas. Seduzir\u00e1 os amantes incondicionais de salamandras gra\u00e7as ao seu charme discreto.","robots":{"index":"index","follow":"follow","max-snippet":"max-snippet:-1","max-image-preview":"max-image-preview:large","max-video-preview":"max-video-preview:-1"},"canonical":"https:\/\/www.invicta.fr\/pt\/produit\/salamandra-ferro-fundido-angor\/","og_locale":"pt_PT","og_type":"article","og_title":"Salamandra de Ferro Fundido Angor - Invicta","og_description":"Simples e chique, a ANGOR oferece belos desempenhos. O seu estilo e as suas linhas arredondadas embelezam o espet\u00e1culo das chamas. Seduzir\u00e1 os amantes incondicionais de salamandras gra\u00e7as ao seu charme discreto.","og_url":"https:\/\/www.invicta.fr\/pt\/produit\/salamandra-ferro-fundido-angor\/","og_site_name":"Invicta","article_modified_time":"2026-04-08T08:03:19+00:00","twitter_card":"summary_large_image","schema":{"@context":"https:\/\/schema.org","@graph":[{"@type":"WebPage","@id":"https:\/\/www.invicta.fr\/pt\/produit\/salamandra-ferro-fundido-angor\/","url":"https:\/\/www.invicta.fr\/pt\/produit\/salamandra-ferro-fundido-angor\/","name":"Salamandra de Ferro Fundido Angor - Invicta","isPartOf":{"@id":"https:\/\/www.invicta.fr\/pt\/#website"},"primaryImageOfPage":{"@id":"https:\/\/www.invicta.fr\/pt\/produit\/salamandra-ferro-fundido-angor\/#primaryimage"},"image":{"@id":"https:\/\/www.invicta.fr\/pt\/produit\/salamandra-ferro-fundido-angor\/#primaryimage"},"thumbnailUrl":"https:\/\/www.invicta.fr\/wp-content\/uploads\/2019\/07\/new-ANGOR-CYCLO.jpg","datePublished":"2019-11-15T12:38:15+00:00","dateModified":"2026-04-08T08:03:19+00:00","description":"Simples e chique, a ANGOR oferece belos desempenhos. O seu estilo e as suas linhas arredondadas embelezam o espet\u00e1culo das chamas. Seduzir\u00e1 os amantes incondicionais de salamandras gra\u00e7as ao seu charme discreto.","breadcrumb":{"@id":"https:\/\/www.invicta.fr\/pt\/produit\/salamandra-ferro-fundido-angor\/#breadcrumb"},"inLanguage":"pt-PT","potentialAction":[{"@type":"ReadAction","target":["https:\/\/www.invicta.fr\/pt\/produit\/salamandra-ferro-fundido-angor\/"]}]},{"@type":"ImageObject","inLanguage":"pt-PT","@id":"https:\/\/www.invicta.fr\/pt\/produit\/salamandra-ferro-fundido-angor\/#primaryimage","url":"https:\/\/www.invicta.fr\/wp-content\/uploads\/2019\/07\/new-ANGOR-CYCLO.jpg","contentUrl":"https:\/\/www.invicta.fr\/wp-content\/uploads\/2019\/07\/new-ANGOR-CYCLO.jpg","width":549,"height":560,"caption":"Po\u00eale \u00e0 bois fonte Invicta Angor - 12 kW"},{"@type":"BreadcrumbList","@id":"https:\/\/www.invicta.fr\/pt\/produit\/salamandra-ferro-fundido-angor\/#breadcrumb","itemListElement":[{"@type":"ListItem","position":1,"name":"Home","item":"https:\/\/www.invicta.fr\/pt\/"},{"@type":"ListItem","position":2,"name":"Produtos","item":"https:\/\/www.invicta.fr\/pt\/shop\/"},{"@type":"ListItem","position":3,"name":"Salamandras a lenha","item":"https:\/\/www.invicta.fr\/pt\/categorie-produit\/salamandras-a-lenha\/"},{"@type":"ListItem","position":4,"name":"Salamandras a lenha em ferro fundido ou em a\u00e7o","item":"https:\/\/www.invicta.fr\/pt\/categorie-produit\/salamandras-a-lenha\/salamandras-a-lenha-em-ferro-fundido-ou-em-aco-salamandras-a-lenha\/"},{"@type":"ListItem","position":5,"name":"Salamandra de Ferro Fundido Angor"}]},{"@type":"WebSite","@id":"https:\/\/www.invicta.fr\/pt\/#website","url":"https:\/\/www.invicta.fr\/pt\/","name":"Invicta","description":"Fabricant fran\u00e7ais, sp\u00e9cialiste europ\u00e9en du chauffage au bois : po\u00eales \u00e0 bois et \u00e0 granul\u00e9s, chemin\u00e9es, foyers et inserts","publisher":{"@id":"https:\/\/www.invicta.fr\/pt\/#organization"},"potentialAction":[{"@type":"SearchAction","target":{"@type":"EntryPoint","urlTemplate":"https:\/\/www.invicta.fr\/pt\/?s={search_term_string}"},"query-input":{"@type":"PropertyValueSpecification","valueRequired":true,"valueName":"search_term_string"}}],"inLanguage":"pt-PT"},{"@type":"Organization","@id":"https:\/\/www.invicta.fr\/pt\/#organization","name":"Invicta","url":"https:\/\/www.invicta.fr\/pt\/","logo":{"@type":"ImageObject","inLanguage":"pt-PT","@id":"https:\/\/www.invicta.fr\/pt\/#\/schema\/logo\/image\/","url":"https:\/\/www.invicta.fr\/wp-content\/uploads\/2019\/06\/INVICTALOGO_RVB.png","contentUrl":"https:\/\/www.invicta.fr\/wp-content\/uploads\/2019\/06\/INVICTALOGO_RVB.png","width":1810,"height":1280,"caption":"Invicta"},"image":{"@id":"https:\/\/www.invicta.fr\/pt\/#\/schema\/logo\/image\/"}}]}},"_links":{"self":[{"href":"https:\/\/www.invicta.fr\/pt\/wp-json\/wp\/v2\/product\/31793","targetHints":{"allow":["GET"]}}],"collection":[{"href":"https:\/\/www.invicta.fr\/pt\/wp-json\/wp\/v2\/product"}],"about":[{"href":"https:\/\/www.invicta.fr\/pt\/wp-json\/wp\/v2\/types\/product"}],"wp:featuredmedia":[{"embeddable":true,"href":"https:\/\/www.invicta.fr\/pt\/wp-json\/wp\/v2\/media\/23988"}],"wp:attachment":[{"href":"https:\/\/www.invicta.fr\/pt\/wp-json\/wp\/v2\/media?parent=31793"}],"wp:term":[{"taxonomy":"product_brand","embeddable":true,"href":"https:\/\/www.invicta.fr\/pt\/wp-json\/wp\/v2\/product_brand?post=31793"},{"taxonomy":"product_cat","embeddable":true,"href":"https:\/\/www.invicta.fr\/pt\/wp-json\/wp\/v2\/product_cat?post=31793"},{"taxonomy":"product_tag","embeddable":true,"href":"https:\/\/www.invicta.fr\/pt\/wp-json\/wp\/v2\/product_tag?post=31793"},{"taxonomy":"plus_produit","embeddable":true,"href":"https:\/\/www.invicta.fr\/pt\/wp-json\/wp\/v2\/plus_produit?post=31793"}],"curies":[{"name":"wp","href":"https:\/\/api.w.org\/{rel}","templated":true}]}}