{"id":31981,"date":"2019-09-17T15:59:21","date_gmt":"2019-11-15T12:38:37","guid":{"rendered":"https:\/\/www.invicta.fr\/produit\/salamandra-a-pellets-mirano-7\/"},"modified":"2022-07-07T10:11:05","modified_gmt":"2022-07-07T08:11:05","slug":"mirano-8-granule-stove","status":"publish","type":"product","link":"https:\/\/www.invicta.fr\/pt\/produit\/mirano-8-granule-stove\/","title":{"rendered":"Fog\u00e3o Mirano 8 pelete"},"content":{"rendered":"","protected":false},"excerpt":{"rendered":"<p>Pre\u00e7o acess\u00edvel, alto desempenho, n\u00e3o hesite e desfrute do conforto dos pellets!<\/p>\n","protected":false},"featured_media":0,"template":"","meta":{"_acf_changed":false},"product_brand":[],"product_cat":[3105,4610,6039,6038,6035,6040,6037],"product_tag":[3311,3310,4434,6369,4513,6658],"plus_produit":[4040,4049,6366,4043,4051,3864,4073],"class_list":{"1":"product","5":"product_cat-ajuda-na-selecao","6":"product_cat-salamandras-a-pellets","7":"product_cat-8-kw-fogoes-a-pellets","8":"product_cat-fogoes-autonomos-a-pellets","9":"product_cat-fogoes-a-pellets-programaveis","10":"product_cat-fogoes-a-pellets-contemporaneos","11":"product_cat-fogoes-modernos-a-pellets","12":"product_tag-flamme-verte-7-pt","13":"product_tag-eco-design-2022-es-pt","14":"product_tag-a-ecolabel-pt","15":"product_tag-opcao-wifi-c02270","16":"product_tag-garantia-de-3-anos-pt","17":"product_tag-imposto-de-credito-z","18":"pa_autonomie-maximum-6350","19":"pa_autonomie-minimum-8-horas-pt","20":"pa_capacite-de-la-tremie-15-kg-pt","21":"pa_consommation-069-186-pt","22":"pa_depart-des-fumees-parte-traseira","23":"pa_diametre-de-buse-80-mm-pt","24":"pa_indice-de-performance-125-pt","25":"pa_modulation-de-puissance-31-8-pt","26":"pa_puissance-8-kw-pt","27":"pa_surface-de-chauffe-30-a-100-m-pt","28":"pa_taux-de-co-00141-00236-pt","29":"pa_volume-de-chauffe-75-a-240-m-pt","30":"plus_produit-controlo-da-potencia-5-ou-da-temperatura-ambiente","31":"plus_produit-ideal-para-orcamentos-reduzidos-pt","32":"plus_produit-kit-wi-fi-opcional","33":"plus_produit-possibilidade-de-pilotagem-por-termostato-externo-pt","34":"plus_produit-programacao-horaria-pt","35":"plus_produit-saida-de-ar-quente-por-ventilador-pt","36":"plus_produit-stand-by-espera-pt","38":"first","39":"instock","40":"shipping-taxable","41":"product-type-simple"},"acf":[],"yoast_head":"<!-- This site is optimized with the Yoast SEO plugin v24.7 - https:\/\/yoast.com\/wordpress\/plugins\/seo\/ -->\n<title>Fog\u00e3o de pelota Mirano 8 | INVICTA<\/title>\n<meta name=\"description\" content=\"Descubra o fog\u00e3o Mirano 8 pellet com 8kW de pot\u00eancia de aquecimento \u2705 2 anos warranty\u2705 EcoLabel A+\u2705 Green Flame 7\u2b50 \u2705\" \/>\n<meta name=\"robots\" content=\"index, follow, max-snippet:-1, max-image-preview:large, max-video-preview:-1\" \/>\n<link rel=\"canonical\" href=\"https:\/\/www.invicta.fr\/pt\/produit\/mirano-8-granule-stove\/\" \/>\n<meta property=\"og:locale\" content=\"pt_PT\" \/>\n<meta property=\"og:type\" content=\"article\" \/>\n<meta property=\"og:title\" content=\"Fog\u00e3o de pelota Mirano 8 | INVICTA\" \/>\n<meta property=\"og:description\" content=\"Descubra o fog\u00e3o Mirano 8 pellet com 8kW de pot\u00eancia de aquecimento \u2705 2 anos warranty\u2705 EcoLabel A+\u2705 Green Flame 7\u2b50 \u2705\" \/>\n<meta property=\"og:url\" content=\"https:\/\/www.invicta.fr\/pt\/produit\/mirano-8-granule-stove\/\" \/>\n<meta property=\"og:site_name\" content=\"Invicta\" \/>\n<meta property=\"article:modified_time\" content=\"2022-07-07T08:11:05+00:00\" \/>\n<meta name=\"twitter:card\" content=\"summary_large_image\" \/>\n<script type=\"application\/ld+json\" class=\"yoast-schema-graph\">{\"@context\":\"https:\/\/schema.org\",\"@graph\":[{\"@type\":\"WebPage\",\"@id\":\"https:\/\/www.invicta.fr\/pt\/produit\/mirano-8-granule-stove\/\",\"url\":\"https:\/\/www.invicta.fr\/pt\/produit\/mirano-8-granule-stove\/\",\"name\":\"Fog\u00e3o de pelota Mirano 8 | INVICTA\",\"isPartOf\":{\"@id\":\"https:\/\/www.invicta.fr\/pt\/#website\"},\"datePublished\":\"2019-11-15T12:38:37+00:00\",\"dateModified\":\"2022-07-07T08:11:05+00:00\",\"description\":\"Descubra o fog\u00e3o Mirano 8 pellet com 8kW de pot\u00eancia de aquecimento \u2705 2 anos warranty\u2705 EcoLabel A+\u2705 Green Flame 7\u2b50 \u2705\",\"breadcrumb\":{\"@id\":\"https:\/\/www.invicta.fr\/pt\/produit\/mirano-8-granule-stove\/#breadcrumb\"},\"inLanguage\":\"pt-PT\",\"potentialAction\":[{\"@type\":\"ReadAction\",\"target\":[\"https:\/\/www.invicta.fr\/pt\/produit\/mirano-8-granule-stove\/\"]}]},{\"@type\":\"BreadcrumbList\",\"@id\":\"https:\/\/www.invicta.fr\/pt\/produit\/mirano-8-granule-stove\/#breadcrumb\",\"itemListElement\":[{\"@type\":\"ListItem\",\"position\":1,\"name\":\"Home\",\"item\":\"https:\/\/www.invicta.fr\/pt\/\"},{\"@type\":\"ListItem\",\"position\":2,\"name\":\"Produtos\",\"item\":\"https:\/\/www.invicta.fr\/pt\/shop\/\"},{\"@type\":\"ListItem\",\"position\":3,\"name\":\"Salamandras a pellets\",\"item\":\"https:\/\/www.invicta.fr\/pt\/categorie-produit\/fogoes-a-pellets\/\"},{\"@type\":\"ListItem\",\"position\":4,\"name\":\"Salamandras a pellets\",\"item\":\"https:\/\/www.invicta.fr\/pt\/categorie-produit\/fogoes-a-pellets\/salamandras-a-pellets\/\"},{\"@type\":\"ListItem\",\"position\":5,\"name\":\"Fog\u00e3o Mirano 8 pelete\"}]},{\"@type\":\"WebSite\",\"@id\":\"https:\/\/www.invicta.fr\/pt\/#website\",\"url\":\"https:\/\/www.invicta.fr\/pt\/\",\"name\":\"Invicta\",\"description\":\"Fabricant fran\u00e7ais, sp\u00e9cialiste europ\u00e9en du chauffage au bois : po\u00eales \u00e0 bois et \u00e0 granul\u00e9s, chemin\u00e9es, foyers et inserts\",\"publisher\":{\"@id\":\"https:\/\/www.invicta.fr\/pt\/#organization\"},\"potentialAction\":[{\"@type\":\"SearchAction\",\"target\":{\"@type\":\"EntryPoint\",\"urlTemplate\":\"https:\/\/www.invicta.fr\/pt\/?s={search_term_string}\"},\"query-input\":{\"@type\":\"PropertyValueSpecification\",\"valueRequired\":true,\"valueName\":\"search_term_string\"}}],\"inLanguage\":\"pt-PT\"},{\"@type\":\"Organization\",\"@id\":\"https:\/\/www.invicta.fr\/pt\/#organization\",\"name\":\"Invicta\",\"url\":\"https:\/\/www.invicta.fr\/pt\/\",\"logo\":{\"@type\":\"ImageObject\",\"inLanguage\":\"pt-PT\",\"@id\":\"https:\/\/www.invicta.fr\/pt\/#\/schema\/logo\/image\/\",\"url\":\"https:\/\/www.invicta.fr\/wp-content\/uploads\/2019\/06\/INVICTALOGO_RVB.png\",\"contentUrl\":\"https:\/\/www.invicta.fr\/wp-content\/uploads\/2019\/06\/INVICTALOGO_RVB.png\",\"width\":1810,\"height\":1280,\"caption\":\"Invicta\"},\"image\":{\"@id\":\"https:\/\/www.invicta.fr\/pt\/#\/schema\/logo\/image\/\"}}]}<\/script>\n<!-- \/ Yoast SEO plugin. -->","yoast_head_json":{"title":"Fog\u00e3o de pelota Mirano 8 | INVICTA","description":"Descubra o fog\u00e3o Mirano 8 pellet com 8kW de pot\u00eancia de aquecimento \u2705 2 anos warranty\u2705 EcoLabel A+\u2705 Green Flame 7\u2b50 \u2705","robots":{"index":"index","follow":"follow","max-snippet":"max-snippet:-1","max-image-preview":"max-image-preview:large","max-video-preview":"max-video-preview:-1"},"canonical":"https:\/\/www.invicta.fr\/pt\/produit\/mirano-8-granule-stove\/","og_locale":"pt_PT","og_type":"article","og_title":"Fog\u00e3o de pelota Mirano 8 | INVICTA","og_description":"Descubra o fog\u00e3o Mirano 8 pellet com 8kW de pot\u00eancia de aquecimento \u2705 2 anos warranty\u2705 EcoLabel A+\u2705 Green Flame 7\u2b50 \u2705","og_url":"https:\/\/www.invicta.fr\/pt\/produit\/mirano-8-granule-stove\/","og_site_name":"Invicta","article_modified_time":"2022-07-07T08:11:05+00:00","twitter_card":"summary_large_image","schema":{"@context":"https:\/\/schema.org","@graph":[{"@type":"WebPage","@id":"https:\/\/www.invicta.fr\/pt\/produit\/mirano-8-granule-stove\/","url":"https:\/\/www.invicta.fr\/pt\/produit\/mirano-8-granule-stove\/","name":"Fog\u00e3o de pelota Mirano 8 | INVICTA","isPartOf":{"@id":"https:\/\/www.invicta.fr\/pt\/#website"},"datePublished":"2019-11-15T12:38:37+00:00","dateModified":"2022-07-07T08:11:05+00:00","description":"Descubra o fog\u00e3o Mirano 8 pellet com 8kW de pot\u00eancia de aquecimento \u2705 2 anos warranty\u2705 EcoLabel A+\u2705 Green Flame 7\u2b50 \u2705","breadcrumb":{"@id":"https:\/\/www.invicta.fr\/pt\/produit\/mirano-8-granule-stove\/#breadcrumb"},"inLanguage":"pt-PT","potentialAction":[{"@type":"ReadAction","target":["https:\/\/www.invicta.fr\/pt\/produit\/mirano-8-granule-stove\/"]}]},{"@type":"BreadcrumbList","@id":"https:\/\/www.invicta.fr\/pt\/produit\/mirano-8-granule-stove\/#breadcrumb","itemListElement":[{"@type":"ListItem","position":1,"name":"Home","item":"https:\/\/www.invicta.fr\/pt\/"},{"@type":"ListItem","position":2,"name":"Produtos","item":"https:\/\/www.invicta.fr\/pt\/shop\/"},{"@type":"ListItem","position":3,"name":"Salamandras a pellets","item":"https:\/\/www.invicta.fr\/pt\/categorie-produit\/fogoes-a-pellets\/"},{"@type":"ListItem","position":4,"name":"Salamandras a pellets","item":"https:\/\/www.invicta.fr\/pt\/categorie-produit\/fogoes-a-pellets\/salamandras-a-pellets\/"},{"@type":"ListItem","position":5,"name":"Fog\u00e3o Mirano 8 pelete"}]},{"@type":"WebSite","@id":"https:\/\/www.invicta.fr\/pt\/#website","url":"https:\/\/www.invicta.fr\/pt\/","name":"Invicta","description":"Fabricant fran\u00e7ais, sp\u00e9cialiste europ\u00e9en du chauffage au bois : po\u00eales \u00e0 bois et \u00e0 granul\u00e9s, chemin\u00e9es, foyers et inserts","publisher":{"@id":"https:\/\/www.invicta.fr\/pt\/#organization"},"potentialAction":[{"@type":"SearchAction","target":{"@type":"EntryPoint","urlTemplate":"https:\/\/www.invicta.fr\/pt\/?s={search_term_string}"},"query-input":{"@type":"PropertyValueSpecification","valueRequired":true,"valueName":"search_term_string"}}],"inLanguage":"pt-PT"},{"@type":"Organization","@id":"https:\/\/www.invicta.fr\/pt\/#organization","name":"Invicta","url":"https:\/\/www.invicta.fr\/pt\/","logo":{"@type":"ImageObject","inLanguage":"pt-PT","@id":"https:\/\/www.invicta.fr\/pt\/#\/schema\/logo\/image\/","url":"https:\/\/www.invicta.fr\/wp-content\/uploads\/2019\/06\/INVICTALOGO_RVB.png","contentUrl":"https:\/\/www.invicta.fr\/wp-content\/uploads\/2019\/06\/INVICTALOGO_RVB.png","width":1810,"height":1280,"caption":"Invicta"},"image":{"@id":"https:\/\/www.invicta.fr\/pt\/#\/schema\/logo\/image\/"}}]}},"_links":{"self":[{"href":"https:\/\/www.invicta.fr\/pt\/wp-json\/wp\/v2\/product\/31981","targetHints":{"allow":["GET"]}}],"collection":[{"href":"https:\/\/www.invicta.fr\/pt\/wp-json\/wp\/v2\/product"}],"about":[{"href":"https:\/\/www.invicta.fr\/pt\/wp-json\/wp\/v2\/types\/product"}],"wp:attachment":[{"href":"https:\/\/www.invicta.fr\/pt\/wp-json\/wp\/v2\/media?parent=31981"}],"wp:term":[{"taxonomy":"product_brand","embeddable":true,"href":"https:\/\/www.invicta.fr\/pt\/wp-json\/wp\/v2\/product_brand?post=31981"},{"taxonomy":"product_cat","embeddable":true,"href":"https:\/\/www.invicta.fr\/pt\/wp-json\/wp\/v2\/product_cat?post=31981"},{"taxonomy":"product_tag","embeddable":true,"href":"https:\/\/www.invicta.fr\/pt\/wp-json\/wp\/v2\/product_tag?post=31981"},{"taxonomy":"plus_produit","embeddable":true,"href":"https:\/\/www.invicta.fr\/pt\/wp-json\/wp\/v2\/plus_produit?post=31981"}],"curies":[{"name":"wp","href":"https:\/\/api.w.org\/{rel}","templated":true}]}}