{"id":32431,"date":"2019-10-09T08:13:30","date_gmt":"2019-11-20T13:12:59","guid":{"rendered":"https:\/\/www.invicta.fr\/produit\/salamandra-a-pellets-talo-11\/"},"modified":"2026-02-24T13:33:09","modified_gmt":"2026-02-24T12:33:09","slug":"salamandra-a-pellets-talo-11","status":"publish","type":"product","link":"https:\/\/www.invicta.fr\/pt\/produit\/salamandra-a-pellets-talo-11\/","title":{"rendered":"Salamandra a pellets Talo 11"},"content":{"rendered":"","protected":false},"excerpt":{"rendered":"<p>Canaliz\u00e1vel e potente, a salamandra a pellets Talo 11 \u00e9 ideal para distribuir ar quente em v\u00e1rias divis\u00f5es.<\/p>\n","protected":false},"featured_media":48941,"template":"","meta":{"_acf_changed":false},"product_brand":[],"product_cat":[3105,4610,6488,6038,6035,6040,6037],"product_tag":[7107,3311,3310,4434,6369,4883,4513,6828,6658],"plus_produit":[4055,4040,6840,6366,4043,4051,3864,4073],"class_list":{"1":"product","4":"has-post-thumbnail","6":"product_cat-ajuda-na-selecao","7":"product_cat-salamandras-a-pellets","8":"product_cat-10-kw-fogoes-a-pellets","9":"product_cat-fogoes-autonomos-a-pellets","10":"product_cat-fogoes-a-pellets-programaveis","11":"product_cat-fogoes-a-pellets-contemporaneos","12":"product_cat-fogoes-modernos-a-pellets","13":"product_tag-en16510-pt","14":"product_tag-flamme-verte-7-pt","15":"product_tag-eco-design-2022-es-pt","16":"product_tag-a-ecolabel-pt","17":"product_tag-opcao-wifi-c02270","18":"product_tag-com-ligacao","19":"product_tag-garantia-de-3-anos-pt","20":"product_tag-y-garantie-extension-1-an-portugais","21":"product_tag-imposto-de-credito-z","22":"pa_autonomie-maximum-29-horas-pt","23":"pa_autonomie-minimum-10-horas-pt","24":"pa_capacite-de-la-tremie-25-kg-pt","25":"pa_consommation-086-a-244-kg-h-pt","26":"pa_depart-des-fumees-parte-traseira","27":"pa_diametre-de-buse-80-mm-pt","28":"pa_modulation-de-puissance-39-a-104-kw-pt","29":"pa_puissance-104-kw-pt","30":"pa_surface-de-chauffe-35-a-130-m-pt","31":"pa_volume-de-chauffe-85-a-325-m-pt","32":"plus_produit-conectavel-pt","33":"plus_produit-controlo-da-potencia-5-ou-da-temperatura-ambiente","34":"plus_produit-extension-de-garantie-1-an-por","35":"plus_produit-kit-wi-fi-opcional","36":"plus_produit-possibilidade-de-pilotagem-por-termostato-externo-pt","37":"plus_produit-programacao-horaria-pt","38":"plus_produit-saida-de-ar-quente-por-ventilador-pt","39":"plus_produit-stand-by-espera-pt","41":"first","42":"instock","43":"shipping-taxable","44":"product-type-variable","45":"has-default-attributes"},"acf":[],"yoast_head":"<!-- This site is optimized with the Yoast SEO plugin v24.7 - https:\/\/yoast.com\/wordpress\/plugins\/seo\/ -->\n<title>Salamandra a pellets Talo 11 - Invicta<\/title>\n<meta name=\"description\" content=\"Canaliz\u00e1vel e potente, a salamandra a pellets Talo 11 \u00e9 ideal para distribuir ar quente em v\u00e1rias divis\u00f5es.\" \/>\n<meta name=\"robots\" content=\"index, follow, max-snippet:-1, max-image-preview:large, max-video-preview:-1\" \/>\n<link rel=\"canonical\" href=\"https:\/\/www.invicta.fr\/pt\/produit\/salamandra-a-pellets-talo-11\/\" \/>\n<meta property=\"og:locale\" content=\"pt_PT\" \/>\n<meta property=\"og:type\" content=\"article\" \/>\n<meta property=\"og:title\" content=\"Salamandra a pellets Talo 11 - Invicta\" \/>\n<meta property=\"og:description\" content=\"Canaliz\u00e1vel e potente, a salamandra a pellets Talo 11 \u00e9 ideal para distribuir ar quente em v\u00e1rias divis\u00f5es.\" \/>\n<meta property=\"og:url\" content=\"https:\/\/www.invicta.fr\/pt\/produit\/salamandra-a-pellets-talo-11\/\" \/>\n<meta property=\"og:site_name\" content=\"Invicta\" \/>\n<meta property=\"article:modified_time\" content=\"2026-02-24T12:33:09+00:00\" \/>\n<meta name=\"twitter:card\" content=\"summary_large_image\" \/>\n<script type=\"application\/ld+json\" class=\"yoast-schema-graph\">{\"@context\":\"https:\/\/schema.org\",\"@graph\":[{\"@type\":\"WebPage\",\"@id\":\"https:\/\/www.invicta.fr\/pt\/produit\/salamandra-a-pellets-talo-11\/\",\"url\":\"https:\/\/www.invicta.fr\/pt\/produit\/salamandra-a-pellets-talo-11\/\",\"name\":\"Salamandra a pellets Talo 11 - Invicta\",\"isPartOf\":{\"@id\":\"https:\/\/www.invicta.fr\/pt\/#website\"},\"primaryImageOfPage\":{\"@id\":\"https:\/\/www.invicta.fr\/pt\/produit\/salamandra-a-pellets-talo-11\/#primaryimage\"},\"image\":{\"@id\":\"https:\/\/www.invicta.fr\/pt\/produit\/salamandra-a-pellets-talo-11\/#primaryimage\"},\"thumbnailUrl\":\"https:\/\/www.invicta.fr\/wp-content\/uploads\/2022\/06\/P641414-talo11-cyclo.jpg\",\"datePublished\":\"2019-11-20T13:12:59+00:00\",\"dateModified\":\"2026-02-24T12:33:09+00:00\",\"description\":\"Canaliz\u00e1vel e potente, a salamandra a pellets Talo 11 \u00e9 ideal para distribuir ar quente em v\u00e1rias divis\u00f5es.\",\"breadcrumb\":{\"@id\":\"https:\/\/www.invicta.fr\/pt\/produit\/salamandra-a-pellets-talo-11\/#breadcrumb\"},\"inLanguage\":\"pt-PT\",\"potentialAction\":[{\"@type\":\"ReadAction\",\"target\":[\"https:\/\/www.invicta.fr\/pt\/produit\/salamandra-a-pellets-talo-11\/\"]}]},{\"@type\":\"ImageObject\",\"inLanguage\":\"pt-PT\",\"@id\":\"https:\/\/www.invicta.fr\/pt\/produit\/salamandra-a-pellets-talo-11\/#primaryimage\",\"url\":\"https:\/\/www.invicta.fr\/wp-content\/uploads\/2022\/06\/P641414-talo11-cyclo.jpg\",\"contentUrl\":\"https:\/\/www.invicta.fr\/wp-content\/uploads\/2022\/06\/P641414-talo11-cyclo.jpg\",\"width\":513,\"height\":800,\"caption\":\"Po\u00eale \u00e0 granul\u00e9s Invicta Talo 11\"},{\"@type\":\"BreadcrumbList\",\"@id\":\"https:\/\/www.invicta.fr\/pt\/produit\/salamandra-a-pellets-talo-11\/#breadcrumb\",\"itemListElement\":[{\"@type\":\"ListItem\",\"position\":1,\"name\":\"Home\",\"item\":\"https:\/\/www.invicta.fr\/pt\/\"},{\"@type\":\"ListItem\",\"position\":2,\"name\":\"Produtos\",\"item\":\"https:\/\/www.invicta.fr\/pt\/shop\/\"},{\"@type\":\"ListItem\",\"position\":3,\"name\":\"Salamandras a pellets\",\"item\":\"https:\/\/www.invicta.fr\/pt\/categorie-produit\/fogoes-a-pellets\/\"},{\"@type\":\"ListItem\",\"position\":4,\"name\":\"Salamandras a pellets\",\"item\":\"https:\/\/www.invicta.fr\/pt\/categorie-produit\/fogoes-a-pellets\/salamandras-a-pellets\/\"},{\"@type\":\"ListItem\",\"position\":5,\"name\":\"Salamandra a pellets Talo 11\"}]},{\"@type\":\"WebSite\",\"@id\":\"https:\/\/www.invicta.fr\/pt\/#website\",\"url\":\"https:\/\/www.invicta.fr\/pt\/\",\"name\":\"Invicta\",\"description\":\"Fabricant fran\u00e7ais, sp\u00e9cialiste europ\u00e9en du chauffage au bois : po\u00eales \u00e0 bois et \u00e0 granul\u00e9s, chemin\u00e9es, foyers et inserts\",\"publisher\":{\"@id\":\"https:\/\/www.invicta.fr\/pt\/#organization\"},\"potentialAction\":[{\"@type\":\"SearchAction\",\"target\":{\"@type\":\"EntryPoint\",\"urlTemplate\":\"https:\/\/www.invicta.fr\/pt\/?s={search_term_string}\"},\"query-input\":{\"@type\":\"PropertyValueSpecification\",\"valueRequired\":true,\"valueName\":\"search_term_string\"}}],\"inLanguage\":\"pt-PT\"},{\"@type\":\"Organization\",\"@id\":\"https:\/\/www.invicta.fr\/pt\/#organization\",\"name\":\"Invicta\",\"url\":\"https:\/\/www.invicta.fr\/pt\/\",\"logo\":{\"@type\":\"ImageObject\",\"inLanguage\":\"pt-PT\",\"@id\":\"https:\/\/www.invicta.fr\/pt\/#\/schema\/logo\/image\/\",\"url\":\"https:\/\/www.invicta.fr\/wp-content\/uploads\/2019\/06\/INVICTALOGO_RVB.png\",\"contentUrl\":\"https:\/\/www.invicta.fr\/wp-content\/uploads\/2019\/06\/INVICTALOGO_RVB.png\",\"width\":1810,\"height\":1280,\"caption\":\"Invicta\"},\"image\":{\"@id\":\"https:\/\/www.invicta.fr\/pt\/#\/schema\/logo\/image\/\"}}]}<\/script>\n<!-- \/ Yoast SEO plugin. -->","yoast_head_json":{"title":"Salamandra a pellets Talo 11 - Invicta","description":"Canaliz\u00e1vel e potente, a salamandra a pellets Talo 11 \u00e9 ideal para distribuir ar quente em v\u00e1rias divis\u00f5es.","robots":{"index":"index","follow":"follow","max-snippet":"max-snippet:-1","max-image-preview":"max-image-preview:large","max-video-preview":"max-video-preview:-1"},"canonical":"https:\/\/www.invicta.fr\/pt\/produit\/salamandra-a-pellets-talo-11\/","og_locale":"pt_PT","og_type":"article","og_title":"Salamandra a pellets Talo 11 - Invicta","og_description":"Canaliz\u00e1vel e potente, a salamandra a pellets Talo 11 \u00e9 ideal para distribuir ar quente em v\u00e1rias divis\u00f5es.","og_url":"https:\/\/www.invicta.fr\/pt\/produit\/salamandra-a-pellets-talo-11\/","og_site_name":"Invicta","article_modified_time":"2026-02-24T12:33:09+00:00","twitter_card":"summary_large_image","schema":{"@context":"https:\/\/schema.org","@graph":[{"@type":"WebPage","@id":"https:\/\/www.invicta.fr\/pt\/produit\/salamandra-a-pellets-talo-11\/","url":"https:\/\/www.invicta.fr\/pt\/produit\/salamandra-a-pellets-talo-11\/","name":"Salamandra a pellets Talo 11 - Invicta","isPartOf":{"@id":"https:\/\/www.invicta.fr\/pt\/#website"},"primaryImageOfPage":{"@id":"https:\/\/www.invicta.fr\/pt\/produit\/salamandra-a-pellets-talo-11\/#primaryimage"},"image":{"@id":"https:\/\/www.invicta.fr\/pt\/produit\/salamandra-a-pellets-talo-11\/#primaryimage"},"thumbnailUrl":"https:\/\/www.invicta.fr\/wp-content\/uploads\/2022\/06\/P641414-talo11-cyclo.jpg","datePublished":"2019-11-20T13:12:59+00:00","dateModified":"2026-02-24T12:33:09+00:00","description":"Canaliz\u00e1vel e potente, a salamandra a pellets Talo 11 \u00e9 ideal para distribuir ar quente em v\u00e1rias divis\u00f5es.","breadcrumb":{"@id":"https:\/\/www.invicta.fr\/pt\/produit\/salamandra-a-pellets-talo-11\/#breadcrumb"},"inLanguage":"pt-PT","potentialAction":[{"@type":"ReadAction","target":["https:\/\/www.invicta.fr\/pt\/produit\/salamandra-a-pellets-talo-11\/"]}]},{"@type":"ImageObject","inLanguage":"pt-PT","@id":"https:\/\/www.invicta.fr\/pt\/produit\/salamandra-a-pellets-talo-11\/#primaryimage","url":"https:\/\/www.invicta.fr\/wp-content\/uploads\/2022\/06\/P641414-talo11-cyclo.jpg","contentUrl":"https:\/\/www.invicta.fr\/wp-content\/uploads\/2022\/06\/P641414-talo11-cyclo.jpg","width":513,"height":800,"caption":"Po\u00eale \u00e0 granul\u00e9s Invicta Talo 11"},{"@type":"BreadcrumbList","@id":"https:\/\/www.invicta.fr\/pt\/produit\/salamandra-a-pellets-talo-11\/#breadcrumb","itemListElement":[{"@type":"ListItem","position":1,"name":"Home","item":"https:\/\/www.invicta.fr\/pt\/"},{"@type":"ListItem","position":2,"name":"Produtos","item":"https:\/\/www.invicta.fr\/pt\/shop\/"},{"@type":"ListItem","position":3,"name":"Salamandras a pellets","item":"https:\/\/www.invicta.fr\/pt\/categorie-produit\/fogoes-a-pellets\/"},{"@type":"ListItem","position":4,"name":"Salamandras a pellets","item":"https:\/\/www.invicta.fr\/pt\/categorie-produit\/fogoes-a-pellets\/salamandras-a-pellets\/"},{"@type":"ListItem","position":5,"name":"Salamandra a pellets Talo 11"}]},{"@type":"WebSite","@id":"https:\/\/www.invicta.fr\/pt\/#website","url":"https:\/\/www.invicta.fr\/pt\/","name":"Invicta","description":"Fabricant fran\u00e7ais, sp\u00e9cialiste europ\u00e9en du chauffage au bois : po\u00eales \u00e0 bois et \u00e0 granul\u00e9s, chemin\u00e9es, foyers et inserts","publisher":{"@id":"https:\/\/www.invicta.fr\/pt\/#organization"},"potentialAction":[{"@type":"SearchAction","target":{"@type":"EntryPoint","urlTemplate":"https:\/\/www.invicta.fr\/pt\/?s={search_term_string}"},"query-input":{"@type":"PropertyValueSpecification","valueRequired":true,"valueName":"search_term_string"}}],"inLanguage":"pt-PT"},{"@type":"Organization","@id":"https:\/\/www.invicta.fr\/pt\/#organization","name":"Invicta","url":"https:\/\/www.invicta.fr\/pt\/","logo":{"@type":"ImageObject","inLanguage":"pt-PT","@id":"https:\/\/www.invicta.fr\/pt\/#\/schema\/logo\/image\/","url":"https:\/\/www.invicta.fr\/wp-content\/uploads\/2019\/06\/INVICTALOGO_RVB.png","contentUrl":"https:\/\/www.invicta.fr\/wp-content\/uploads\/2019\/06\/INVICTALOGO_RVB.png","width":1810,"height":1280,"caption":"Invicta"},"image":{"@id":"https:\/\/www.invicta.fr\/pt\/#\/schema\/logo\/image\/"}}]}},"_links":{"self":[{"href":"https:\/\/www.invicta.fr\/pt\/wp-json\/wp\/v2\/product\/32431","targetHints":{"allow":["GET"]}}],"collection":[{"href":"https:\/\/www.invicta.fr\/pt\/wp-json\/wp\/v2\/product"}],"about":[{"href":"https:\/\/www.invicta.fr\/pt\/wp-json\/wp\/v2\/types\/product"}],"wp:featuredmedia":[{"embeddable":true,"href":"https:\/\/www.invicta.fr\/pt\/wp-json\/wp\/v2\/media\/48941"}],"wp:attachment":[{"href":"https:\/\/www.invicta.fr\/pt\/wp-json\/wp\/v2\/media?parent=32431"}],"wp:term":[{"taxonomy":"product_brand","embeddable":true,"href":"https:\/\/www.invicta.fr\/pt\/wp-json\/wp\/v2\/product_brand?post=32431"},{"taxonomy":"product_cat","embeddable":true,"href":"https:\/\/www.invicta.fr\/pt\/wp-json\/wp\/v2\/product_cat?post=32431"},{"taxonomy":"product_tag","embeddable":true,"href":"https:\/\/www.invicta.fr\/pt\/wp-json\/wp\/v2\/product_tag?post=32431"},{"taxonomy":"plus_produit","embeddable":true,"href":"https:\/\/www.invicta.fr\/pt\/wp-json\/wp\/v2\/plus_produit?post=32431"}],"curies":[{"name":"wp","href":"https:\/\/api.w.org\/{rel}","templated":true}]}}