{"id":48215,"date":"2022-06-07T17:18:47","date_gmt":"2022-06-07T15:18:47","guid":{"rendered":"https:\/\/www.invicta.fr\/?post_type=product&#038;p=48215"},"modified":"2025-11-13T09:44:33","modified_gmt":"2025-11-13T08:44:33","slug":"800-canto-lateral-esquerdo-com-registo","status":"publish","type":"product","link":"https:\/\/www.invicta.fr\/pt\/produit\/800-canto-lateral-esquerdo-com-registo\/","title":{"rendered":"800 Canto Lateral Esquerdo com Registo"},"content":{"rendered":"","protected":false},"excerpt":{"rendered":"<p><span data-sheets-formula-bar-text-style=\"font-size:13px;color:#000000;font-weight:normal;text-decoration:none;font-family:'Arial';font-style:normal;text-decoration-skip-ink:none;\">A dan\u00e7a hipn\u00f3tica das chamas persiste ao longo do lado esquerdo deste recuperador de alta pot\u00eancia.<\/span><\/p>\n","protected":false},"featured_media":67691,"template":"","meta":{"_acf_changed":false},"product_brand":[],"product_cat":[3105,3274],"product_tag":[7107,3311,3310,3277,3276,7193,4556,6961,3312,4513,6832,6658],"plus_produit":[3304,3325,6837,6992,3306,3327,3326,3307],"class_list":{"1":"product","4":"has-post-thumbnail","6":"product_cat-ajuda-na-selecao","7":"product_cat-recuperador-a-lenha","8":"product_tag-en16510-pt","9":"product_tag-flamme-verte-7-pt","10":"product_tag-eco-design-2022-es-pt","11":"product_tag-certificacion-ecolabel-a-pt","12":"product_tag-feita-na-franca","13":"product_tag-blmschv2-pt","14":"product_tag-ferro-fundido-porta-de-aco","15":"product_tag-novo","16":"product_tag-post-combustion-es-pt","17":"product_tag-garantia-de-3-anos-pt","18":"product_tag-y-extension-garantie-2ans-por","19":"product_tag-imposto-de-credito-z","20":"pa_depart-des-fumees-parte-superior-pt","21":"pa_diametre-de-buse-200-mm-pt","22":"pa_indice-de-performance-99-pt","23":"pa_puissance-95-kw-pt","24":"pa_taux-de-co-010-pt","25":"plus_produit-bonita-vista-de-las-llamas-pt","26":"plus_produit-combustao-intermitente-e-prolongada-3-horas","27":"plus_produit-extensao-de-garantia-2-anos","28":"plus_produit-novo-design","29":"plus_produit-origine-france-garantie","30":"plus_produit-registo","31":"plus_produit-sistema-de-post-combustion-pt","32":"plus_produit-vidro-proprio","34":"first","35":"instock","36":"product-type-simple"},"acf":[],"yoast_head":"<!-- This site is optimized with the Yoast SEO plugin v24.7 - https:\/\/yoast.com\/wordpress\/plugins\/seo\/ -->\n<title>800 Canto Lateral Esquerdo com Registo - Invicta<\/title>\n<meta name=\"description\" content=\"A dan\u00e7a hipn\u00f3tica das chamas persiste ao longo do lado esquerdo deste recuperador de alta pot\u00eancia.\" \/>\n<meta name=\"robots\" content=\"index, follow, max-snippet:-1, max-image-preview:large, max-video-preview:-1\" \/>\n<link rel=\"canonical\" href=\"https:\/\/www.invicta.fr\/pt\/produit\/800-canto-lateral-esquerdo-com-registo\/\" \/>\n<meta property=\"og:locale\" content=\"pt_PT\" \/>\n<meta property=\"og:type\" content=\"article\" \/>\n<meta property=\"og:title\" content=\"800 Canto Lateral Esquerdo com Registo - Invicta\" \/>\n<meta property=\"og:description\" content=\"A dan\u00e7a hipn\u00f3tica das chamas persiste ao longo do lado esquerdo deste recuperador de alta pot\u00eancia.\" \/>\n<meta property=\"og:url\" content=\"https:\/\/www.invicta.fr\/pt\/produit\/800-canto-lateral-esquerdo-com-registo\/\" \/>\n<meta property=\"og:site_name\" content=\"Invicta\" \/>\n<meta property=\"article:modified_time\" content=\"2025-11-13T08:44:33+00:00\" \/>\n<meta property=\"og:image\" content=\"https:\/\/www.invicta.fr\/wp-content\/uploads\/2022\/06\/C_P628473_FOYER_800_ANGLE_VG_web-2.jpg\" \/>\n\t<meta property=\"og:image:width\" content=\"1008\" \/>\n\t<meta property=\"og:image:height\" content=\"1008\" \/>\n\t<meta property=\"og:image:type\" content=\"image\/jpeg\" \/>\n<meta name=\"twitter:card\" content=\"summary_large_image\" \/>\n<script type=\"application\/ld+json\" class=\"yoast-schema-graph\">{\"@context\":\"https:\/\/schema.org\",\"@graph\":[{\"@type\":\"WebPage\",\"@id\":\"https:\/\/www.invicta.fr\/pt\/produit\/800-canto-lateral-esquerdo-com-registo\/\",\"url\":\"https:\/\/www.invicta.fr\/pt\/produit\/800-canto-lateral-esquerdo-com-registo\/\",\"name\":\"800 Canto Lateral Esquerdo com Registo - Invicta\",\"isPartOf\":{\"@id\":\"https:\/\/www.invicta.fr\/pt\/#website\"},\"primaryImageOfPage\":{\"@id\":\"https:\/\/www.invicta.fr\/pt\/produit\/800-canto-lateral-esquerdo-com-registo\/#primaryimage\"},\"image\":{\"@id\":\"https:\/\/www.invicta.fr\/pt\/produit\/800-canto-lateral-esquerdo-com-registo\/#primaryimage\"},\"thumbnailUrl\":\"https:\/\/www.invicta.fr\/wp-content\/uploads\/2022\/06\/C_P628473_FOYER_800_ANGLE_VG_web-2.jpg\",\"datePublished\":\"2022-06-07T15:18:47+00:00\",\"dateModified\":\"2025-11-13T08:44:33+00:00\",\"description\":\"A dan\u00e7a hipn\u00f3tica das chamas persiste ao longo do lado esquerdo deste recuperador de alta pot\u00eancia.\",\"breadcrumb\":{\"@id\":\"https:\/\/www.invicta.fr\/pt\/produit\/800-canto-lateral-esquerdo-com-registo\/#breadcrumb\"},\"inLanguage\":\"pt-PT\",\"potentialAction\":[{\"@type\":\"ReadAction\",\"target\":[\"https:\/\/www.invicta.fr\/pt\/produit\/800-canto-lateral-esquerdo-com-registo\/\"]}]},{\"@type\":\"ImageObject\",\"inLanguage\":\"pt-PT\",\"@id\":\"https:\/\/www.invicta.fr\/pt\/produit\/800-canto-lateral-esquerdo-com-registo\/#primaryimage\",\"url\":\"https:\/\/www.invicta.fr\/wp-content\/uploads\/2022\/06\/C_P628473_FOYER_800_ANGLE_VG_web-2.jpg\",\"contentUrl\":\"https:\/\/www.invicta.fr\/wp-content\/uploads\/2022\/06\/C_P628473_FOYER_800_ANGLE_VG_web-2.jpg\",\"width\":1008,\"height\":1008,\"caption\":\"Foyer angle 800 pour chemin\u00e9e - vitre gauche\"},{\"@type\":\"BreadcrumbList\",\"@id\":\"https:\/\/www.invicta.fr\/pt\/produit\/800-canto-lateral-esquerdo-com-registo\/#breadcrumb\",\"itemListElement\":[{\"@type\":\"ListItem\",\"position\":1,\"name\":\"Home\",\"item\":\"https:\/\/www.invicta.fr\/pt\/\"},{\"@type\":\"ListItem\",\"position\":2,\"name\":\"Produtos\",\"item\":\"https:\/\/www.invicta.fr\/pt\/shop\/\"},{\"@type\":\"ListItem\",\"position\":3,\"name\":\"Recuperadores\",\"item\":\"https:\/\/www.invicta.fr\/pt\/categorie-produit\/recuperadores\/\"},{\"@type\":\"ListItem\",\"position\":4,\"name\":\"Recuperador a lenha\",\"item\":\"https:\/\/www.invicta.fr\/pt\/categorie-produit\/recuperadores\/recuperador-a-lenha\/\"},{\"@type\":\"ListItem\",\"position\":5,\"name\":\"800 Canto Lateral Esquerdo com Registo\"}]},{\"@type\":\"WebSite\",\"@id\":\"https:\/\/www.invicta.fr\/pt\/#website\",\"url\":\"https:\/\/www.invicta.fr\/pt\/\",\"name\":\"Invicta\",\"description\":\"Fabricant fran\u00e7ais, sp\u00e9cialiste europ\u00e9en du chauffage au bois : po\u00eales \u00e0 bois et \u00e0 granul\u00e9s, chemin\u00e9es, foyers et inserts\",\"publisher\":{\"@id\":\"https:\/\/www.invicta.fr\/pt\/#organization\"},\"potentialAction\":[{\"@type\":\"SearchAction\",\"target\":{\"@type\":\"EntryPoint\",\"urlTemplate\":\"https:\/\/www.invicta.fr\/pt\/?s={search_term_string}\"},\"query-input\":{\"@type\":\"PropertyValueSpecification\",\"valueRequired\":true,\"valueName\":\"search_term_string\"}}],\"inLanguage\":\"pt-PT\"},{\"@type\":\"Organization\",\"@id\":\"https:\/\/www.invicta.fr\/pt\/#organization\",\"name\":\"Invicta\",\"url\":\"https:\/\/www.invicta.fr\/pt\/\",\"logo\":{\"@type\":\"ImageObject\",\"inLanguage\":\"pt-PT\",\"@id\":\"https:\/\/www.invicta.fr\/pt\/#\/schema\/logo\/image\/\",\"url\":\"https:\/\/www.invicta.fr\/wp-content\/uploads\/2019\/06\/INVICTALOGO_RVB.png\",\"contentUrl\":\"https:\/\/www.invicta.fr\/wp-content\/uploads\/2019\/06\/INVICTALOGO_RVB.png\",\"width\":1810,\"height\":1280,\"caption\":\"Invicta\"},\"image\":{\"@id\":\"https:\/\/www.invicta.fr\/pt\/#\/schema\/logo\/image\/\"}}]}<\/script>\n<!-- \/ Yoast SEO plugin. -->","yoast_head_json":{"title":"800 Canto Lateral Esquerdo com Registo - Invicta","description":"A dan\u00e7a hipn\u00f3tica das chamas persiste ao longo do lado esquerdo deste recuperador de alta pot\u00eancia.","robots":{"index":"index","follow":"follow","max-snippet":"max-snippet:-1","max-image-preview":"max-image-preview:large","max-video-preview":"max-video-preview:-1"},"canonical":"https:\/\/www.invicta.fr\/pt\/produit\/800-canto-lateral-esquerdo-com-registo\/","og_locale":"pt_PT","og_type":"article","og_title":"800 Canto Lateral Esquerdo com Registo - Invicta","og_description":"A dan\u00e7a hipn\u00f3tica das chamas persiste ao longo do lado esquerdo deste recuperador de alta pot\u00eancia.","og_url":"https:\/\/www.invicta.fr\/pt\/produit\/800-canto-lateral-esquerdo-com-registo\/","og_site_name":"Invicta","article_modified_time":"2025-11-13T08:44:33+00:00","og_image":[{"width":1008,"height":1008,"url":"https:\/\/www.invicta.fr\/wp-content\/uploads\/2022\/06\/C_P628473_FOYER_800_ANGLE_VG_web-2.jpg","type":"image\/jpeg"}],"twitter_card":"summary_large_image","schema":{"@context":"https:\/\/schema.org","@graph":[{"@type":"WebPage","@id":"https:\/\/www.invicta.fr\/pt\/produit\/800-canto-lateral-esquerdo-com-registo\/","url":"https:\/\/www.invicta.fr\/pt\/produit\/800-canto-lateral-esquerdo-com-registo\/","name":"800 Canto Lateral Esquerdo com Registo - Invicta","isPartOf":{"@id":"https:\/\/www.invicta.fr\/pt\/#website"},"primaryImageOfPage":{"@id":"https:\/\/www.invicta.fr\/pt\/produit\/800-canto-lateral-esquerdo-com-registo\/#primaryimage"},"image":{"@id":"https:\/\/www.invicta.fr\/pt\/produit\/800-canto-lateral-esquerdo-com-registo\/#primaryimage"},"thumbnailUrl":"https:\/\/www.invicta.fr\/wp-content\/uploads\/2022\/06\/C_P628473_FOYER_800_ANGLE_VG_web-2.jpg","datePublished":"2022-06-07T15:18:47+00:00","dateModified":"2025-11-13T08:44:33+00:00","description":"A dan\u00e7a hipn\u00f3tica das chamas persiste ao longo do lado esquerdo deste recuperador de alta pot\u00eancia.","breadcrumb":{"@id":"https:\/\/www.invicta.fr\/pt\/produit\/800-canto-lateral-esquerdo-com-registo\/#breadcrumb"},"inLanguage":"pt-PT","potentialAction":[{"@type":"ReadAction","target":["https:\/\/www.invicta.fr\/pt\/produit\/800-canto-lateral-esquerdo-com-registo\/"]}]},{"@type":"ImageObject","inLanguage":"pt-PT","@id":"https:\/\/www.invicta.fr\/pt\/produit\/800-canto-lateral-esquerdo-com-registo\/#primaryimage","url":"https:\/\/www.invicta.fr\/wp-content\/uploads\/2022\/06\/C_P628473_FOYER_800_ANGLE_VG_web-2.jpg","contentUrl":"https:\/\/www.invicta.fr\/wp-content\/uploads\/2022\/06\/C_P628473_FOYER_800_ANGLE_VG_web-2.jpg","width":1008,"height":1008,"caption":"Foyer angle 800 pour chemin\u00e9e - vitre gauche"},{"@type":"BreadcrumbList","@id":"https:\/\/www.invicta.fr\/pt\/produit\/800-canto-lateral-esquerdo-com-registo\/#breadcrumb","itemListElement":[{"@type":"ListItem","position":1,"name":"Home","item":"https:\/\/www.invicta.fr\/pt\/"},{"@type":"ListItem","position":2,"name":"Produtos","item":"https:\/\/www.invicta.fr\/pt\/shop\/"},{"@type":"ListItem","position":3,"name":"Recuperadores","item":"https:\/\/www.invicta.fr\/pt\/categorie-produit\/recuperadores\/"},{"@type":"ListItem","position":4,"name":"Recuperador a lenha","item":"https:\/\/www.invicta.fr\/pt\/categorie-produit\/recuperadores\/recuperador-a-lenha\/"},{"@type":"ListItem","position":5,"name":"800 Canto Lateral Esquerdo com Registo"}]},{"@type":"WebSite","@id":"https:\/\/www.invicta.fr\/pt\/#website","url":"https:\/\/www.invicta.fr\/pt\/","name":"Invicta","description":"Fabricant fran\u00e7ais, sp\u00e9cialiste europ\u00e9en du chauffage au bois : po\u00eales \u00e0 bois et \u00e0 granul\u00e9s, chemin\u00e9es, foyers et inserts","publisher":{"@id":"https:\/\/www.invicta.fr\/pt\/#organization"},"potentialAction":[{"@type":"SearchAction","target":{"@type":"EntryPoint","urlTemplate":"https:\/\/www.invicta.fr\/pt\/?s={search_term_string}"},"query-input":{"@type":"PropertyValueSpecification","valueRequired":true,"valueName":"search_term_string"}}],"inLanguage":"pt-PT"},{"@type":"Organization","@id":"https:\/\/www.invicta.fr\/pt\/#organization","name":"Invicta","url":"https:\/\/www.invicta.fr\/pt\/","logo":{"@type":"ImageObject","inLanguage":"pt-PT","@id":"https:\/\/www.invicta.fr\/pt\/#\/schema\/logo\/image\/","url":"https:\/\/www.invicta.fr\/wp-content\/uploads\/2019\/06\/INVICTALOGO_RVB.png","contentUrl":"https:\/\/www.invicta.fr\/wp-content\/uploads\/2019\/06\/INVICTALOGO_RVB.png","width":1810,"height":1280,"caption":"Invicta"},"image":{"@id":"https:\/\/www.invicta.fr\/pt\/#\/schema\/logo\/image\/"}}]}},"_links":{"self":[{"href":"https:\/\/www.invicta.fr\/pt\/wp-json\/wp\/v2\/product\/48215","targetHints":{"allow":["GET"]}}],"collection":[{"href":"https:\/\/www.invicta.fr\/pt\/wp-json\/wp\/v2\/product"}],"about":[{"href":"https:\/\/www.invicta.fr\/pt\/wp-json\/wp\/v2\/types\/product"}],"wp:featuredmedia":[{"embeddable":true,"href":"https:\/\/www.invicta.fr\/pt\/wp-json\/wp\/v2\/media\/67691"}],"wp:attachment":[{"href":"https:\/\/www.invicta.fr\/pt\/wp-json\/wp\/v2\/media?parent=48215"}],"wp:term":[{"taxonomy":"product_brand","embeddable":true,"href":"https:\/\/www.invicta.fr\/pt\/wp-json\/wp\/v2\/product_brand?post=48215"},{"taxonomy":"product_cat","embeddable":true,"href":"https:\/\/www.invicta.fr\/pt\/wp-json\/wp\/v2\/product_cat?post=48215"},{"taxonomy":"product_tag","embeddable":true,"href":"https:\/\/www.invicta.fr\/pt\/wp-json\/wp\/v2\/product_tag?post=48215"},{"taxonomy":"plus_produit","embeddable":true,"href":"https:\/\/www.invicta.fr\/pt\/wp-json\/wp\/v2\/plus_produit?post=48215"}],"curies":[{"name":"wp","href":"https:\/\/api.w.org\/{rel}","templated":true}]}}