{"id":48238,"date":"2022-06-10T10:45:57","date_gmt":"2022-06-10T08:45:59","guid":{"rendered":"https:\/\/www.invicta.fr\/?post_type=product&#038;p=48238"},"modified":"2026-02-24T14:19:16","modified_gmt":"2026-02-24T13:19:16","slug":"salamandra-pellets-mirano-8-wi-fi","status":"publish","type":"product","link":"https:\/\/www.invicta.fr\/pt\/produit\/salamandra-pellets-mirano-8-wi-fi\/","title":{"rendered":"Salamandra pellets Mirano 8 Wi-Fi"},"content":{"rendered":"","protected":false},"excerpt":{"rendered":"<p>Pre\u00e7o acess\u00edvel, alto desempenho, controle a partir do seu smartphone, n\u00e3o hesite mais e desfrute do conforto dos pellets!<\/p>\n","protected":false},"featured_media":31988,"template":"","meta":{"_acf_changed":false},"product_brand":[],"product_cat":[3105,4610,6039,6038,6035,6040,6037],"product_tag":[7107,3311,3310,4434,6491,4513,6828,6658],"plus_produit":[6840,4049,4043,3864,4073,6487],"class_list":{"1":"product","4":"has-post-thumbnail","6":"product_cat-ajuda-na-selecao","7":"product_cat-salamandras-a-pellets","8":"product_cat-8-kw-fogoes-a-pellets","9":"product_cat-fogoes-autonomos-a-pellets","10":"product_cat-fogoes-a-pellets-programaveis","11":"product_cat-fogoes-a-pellets-contemporaneos","12":"product_cat-fogoes-modernos-a-pellets","13":"product_tag-en16510-pt","14":"product_tag-flamme-verte-7-pt","15":"product_tag-eco-design-2022-es-pt","16":"product_tag-a-ecolabel-pt","17":"product_tag-wifi-padrao","18":"product_tag-garantia-de-3-anos-pt","19":"product_tag-y-garantie-extension-1-an-portugais","20":"product_tag-imposto-de-credito-z","21":"pa_autonomie-maximum-6350","22":"pa_autonomie-minimum-8-horas-pt","23":"pa_capacite-de-la-tremie-15-kg-pt","24":"pa_consommation-069-186-pt","25":"pa_depart-des-fumees-parte-traseira","26":"pa_diametre-de-buse-80-mm-pt","27":"pa_modulation-de-puissance-31-8-pt","28":"pa_puissance-8-kw-pt","29":"pa_surface-de-chauffe-30-a-100-m-pt","30":"pa_taux-de-co-00141-00236-pt","31":"pa_volume-de-chauffe-75-a-240-m-pt","32":"plus_produit-extension-de-garantie-1-an-por","33":"plus_produit-ideal-para-orcamentos-reduzidos-pt","34":"plus_produit-possibilidade-de-pilotagem-por-termostato-externo-pt","35":"plus_produit-saida-de-ar-quente-por-ventilador-pt","36":"plus_produit-stand-by-espera-pt","37":"plus_produit-wi-fi-integrado","39":"first","40":"instock","41":"shipping-taxable","42":"product-type-variable"},"acf":[],"yoast_head":"<!-- This site is optimized with the Yoast SEO plugin v24.7 - https:\/\/yoast.com\/wordpress\/plugins\/seo\/ -->\n<title>Salamandra a pellets Mirano 8 Wi-Fi | INVICTA<\/title>\n<meta name=\"description\" content=\"Descubra a salamandra a pellets Mirano 8 Wi-Fi com pot\u00eancia de aquecimento de 8kW \u2705 2 anos de garantia\u2705 EcoLabel A+\u2705 Chama verde 7\u2b50 \u2705\" \/>\n<meta name=\"robots\" content=\"index, follow, max-snippet:-1, max-image-preview:large, max-video-preview:-1\" \/>\n<link rel=\"canonical\" href=\"https:\/\/www.invicta.fr\/pt\/produit\/salamandra-pellets-mirano-8-wi-fi\/\" \/>\n<meta property=\"og:locale\" content=\"pt_PT\" \/>\n<meta property=\"og:type\" content=\"article\" \/>\n<meta property=\"og:title\" content=\"Salamandra a pellets Mirano 8 Wi-Fi | INVICTA\" \/>\n<meta property=\"og:description\" content=\"Descubra a salamandra a pellets Mirano 8 Wi-Fi com pot\u00eancia de aquecimento de 8kW \u2705 2 anos de garantia\u2705 EcoLabel A+\u2705 Chama verde 7\u2b50 \u2705\" \/>\n<meta property=\"og:url\" content=\"https:\/\/www.invicta.fr\/pt\/produit\/salamandra-pellets-mirano-8-wi-fi\/\" \/>\n<meta property=\"og:site_name\" content=\"Invicta\" \/>\n<meta property=\"article:modified_time\" content=\"2026-02-24T13:19:16+00:00\" \/>\n<meta property=\"og:image\" content=\"https:\/\/www.invicta.fr\/wp-content\/uploads\/2019\/09\/MIRANO7-gris.jpg\" \/>\n\t<meta property=\"og:image:width\" content=\"600\" \/>\n\t<meta property=\"og:image:height\" content=\"1016\" \/>\n\t<meta property=\"og:image:type\" content=\"image\/jpeg\" \/>\n<meta name=\"twitter:card\" content=\"summary_large_image\" \/>\n<script type=\"application\/ld+json\" class=\"yoast-schema-graph\">{\"@context\":\"https:\/\/schema.org\",\"@graph\":[{\"@type\":\"WebPage\",\"@id\":\"https:\/\/www.invicta.fr\/pt\/produit\/salamandra-pellets-mirano-8-wi-fi\/\",\"url\":\"https:\/\/www.invicta.fr\/pt\/produit\/salamandra-pellets-mirano-8-wi-fi\/\",\"name\":\"Salamandra a pellets Mirano 8 Wi-Fi | INVICTA\",\"isPartOf\":{\"@id\":\"https:\/\/www.invicta.fr\/pt\/#website\"},\"primaryImageOfPage\":{\"@id\":\"https:\/\/www.invicta.fr\/pt\/produit\/salamandra-pellets-mirano-8-wi-fi\/#primaryimage\"},\"image\":{\"@id\":\"https:\/\/www.invicta.fr\/pt\/produit\/salamandra-pellets-mirano-8-wi-fi\/#primaryimage\"},\"thumbnailUrl\":\"https:\/\/www.invicta.fr\/wp-content\/uploads\/2019\/09\/MIRANO7-gris.jpg\",\"datePublished\":\"2022-06-10T08:45:59+00:00\",\"dateModified\":\"2026-02-24T13:19:16+00:00\",\"description\":\"Descubra a salamandra a pellets Mirano 8 Wi-Fi com pot\u00eancia de aquecimento de 8kW \u2705 2 anos de garantia\u2705 EcoLabel A+\u2705 Chama verde 7\u2b50 \u2705\",\"breadcrumb\":{\"@id\":\"https:\/\/www.invicta.fr\/pt\/produit\/salamandra-pellets-mirano-8-wi-fi\/#breadcrumb\"},\"inLanguage\":\"pt-PT\",\"potentialAction\":[{\"@type\":\"ReadAction\",\"target\":[\"https:\/\/www.invicta.fr\/pt\/produit\/salamandra-pellets-mirano-8-wi-fi\/\"]}]},{\"@type\":\"ImageObject\",\"inLanguage\":\"pt-PT\",\"@id\":\"https:\/\/www.invicta.fr\/pt\/produit\/salamandra-pellets-mirano-8-wi-fi\/#primaryimage\",\"url\":\"https:\/\/www.invicta.fr\/wp-content\/uploads\/2019\/09\/MIRANO7-gris.jpg\",\"contentUrl\":\"https:\/\/www.invicta.fr\/wp-content\/uploads\/2019\/09\/MIRANO7-gris.jpg\",\"width\":600,\"height\":1016,\"caption\":\"Salamandra a pellets Invicta Mirano - 7 kW\"},{\"@type\":\"BreadcrumbList\",\"@id\":\"https:\/\/www.invicta.fr\/pt\/produit\/salamandra-pellets-mirano-8-wi-fi\/#breadcrumb\",\"itemListElement\":[{\"@type\":\"ListItem\",\"position\":1,\"name\":\"Home\",\"item\":\"https:\/\/www.invicta.fr\/pt\/\"},{\"@type\":\"ListItem\",\"position\":2,\"name\":\"Produtos\",\"item\":\"https:\/\/www.invicta.fr\/pt\/shop\/\"},{\"@type\":\"ListItem\",\"position\":3,\"name\":\"Salamandras a pellets\",\"item\":\"https:\/\/www.invicta.fr\/pt\/categorie-produit\/fogoes-a-pellets\/\"},{\"@type\":\"ListItem\",\"position\":4,\"name\":\"Salamandras a pellets\",\"item\":\"https:\/\/www.invicta.fr\/pt\/categorie-produit\/fogoes-a-pellets\/salamandras-a-pellets\/\"},{\"@type\":\"ListItem\",\"position\":5,\"name\":\"Salamandra pellets Mirano 8 Wi-Fi\"}]},{\"@type\":\"WebSite\",\"@id\":\"https:\/\/www.invicta.fr\/pt\/#website\",\"url\":\"https:\/\/www.invicta.fr\/pt\/\",\"name\":\"Invicta\",\"description\":\"Fabricant fran\u00e7ais, sp\u00e9cialiste europ\u00e9en du chauffage au bois : po\u00eales \u00e0 bois et \u00e0 granul\u00e9s, chemin\u00e9es, foyers et inserts\",\"publisher\":{\"@id\":\"https:\/\/www.invicta.fr\/pt\/#organization\"},\"potentialAction\":[{\"@type\":\"SearchAction\",\"target\":{\"@type\":\"EntryPoint\",\"urlTemplate\":\"https:\/\/www.invicta.fr\/pt\/?s={search_term_string}\"},\"query-input\":{\"@type\":\"PropertyValueSpecification\",\"valueRequired\":true,\"valueName\":\"search_term_string\"}}],\"inLanguage\":\"pt-PT\"},{\"@type\":\"Organization\",\"@id\":\"https:\/\/www.invicta.fr\/pt\/#organization\",\"name\":\"Invicta\",\"url\":\"https:\/\/www.invicta.fr\/pt\/\",\"logo\":{\"@type\":\"ImageObject\",\"inLanguage\":\"pt-PT\",\"@id\":\"https:\/\/www.invicta.fr\/pt\/#\/schema\/logo\/image\/\",\"url\":\"https:\/\/www.invicta.fr\/wp-content\/uploads\/2019\/06\/INVICTALOGO_RVB.png\",\"contentUrl\":\"https:\/\/www.invicta.fr\/wp-content\/uploads\/2019\/06\/INVICTALOGO_RVB.png\",\"width\":1810,\"height\":1280,\"caption\":\"Invicta\"},\"image\":{\"@id\":\"https:\/\/www.invicta.fr\/pt\/#\/schema\/logo\/image\/\"}}]}<\/script>\n<!-- \/ Yoast SEO plugin. -->","yoast_head_json":{"title":"Salamandra a pellets Mirano 8 Wi-Fi | INVICTA","description":"Descubra a salamandra a pellets Mirano 8 Wi-Fi com pot\u00eancia de aquecimento de 8kW \u2705 2 anos de garantia\u2705 EcoLabel A+\u2705 Chama verde 7\u2b50 \u2705","robots":{"index":"index","follow":"follow","max-snippet":"max-snippet:-1","max-image-preview":"max-image-preview:large","max-video-preview":"max-video-preview:-1"},"canonical":"https:\/\/www.invicta.fr\/pt\/produit\/salamandra-pellets-mirano-8-wi-fi\/","og_locale":"pt_PT","og_type":"article","og_title":"Salamandra a pellets Mirano 8 Wi-Fi | INVICTA","og_description":"Descubra a salamandra a pellets Mirano 8 Wi-Fi com pot\u00eancia de aquecimento de 8kW \u2705 2 anos de garantia\u2705 EcoLabel A+\u2705 Chama verde 7\u2b50 \u2705","og_url":"https:\/\/www.invicta.fr\/pt\/produit\/salamandra-pellets-mirano-8-wi-fi\/","og_site_name":"Invicta","article_modified_time":"2026-02-24T13:19:16+00:00","og_image":[{"width":600,"height":1016,"url":"https:\/\/www.invicta.fr\/wp-content\/uploads\/2019\/09\/MIRANO7-gris.jpg","type":"image\/jpeg"}],"twitter_card":"summary_large_image","schema":{"@context":"https:\/\/schema.org","@graph":[{"@type":"WebPage","@id":"https:\/\/www.invicta.fr\/pt\/produit\/salamandra-pellets-mirano-8-wi-fi\/","url":"https:\/\/www.invicta.fr\/pt\/produit\/salamandra-pellets-mirano-8-wi-fi\/","name":"Salamandra a pellets Mirano 8 Wi-Fi | INVICTA","isPartOf":{"@id":"https:\/\/www.invicta.fr\/pt\/#website"},"primaryImageOfPage":{"@id":"https:\/\/www.invicta.fr\/pt\/produit\/salamandra-pellets-mirano-8-wi-fi\/#primaryimage"},"image":{"@id":"https:\/\/www.invicta.fr\/pt\/produit\/salamandra-pellets-mirano-8-wi-fi\/#primaryimage"},"thumbnailUrl":"https:\/\/www.invicta.fr\/wp-content\/uploads\/2019\/09\/MIRANO7-gris.jpg","datePublished":"2022-06-10T08:45:59+00:00","dateModified":"2026-02-24T13:19:16+00:00","description":"Descubra a salamandra a pellets Mirano 8 Wi-Fi com pot\u00eancia de aquecimento de 8kW \u2705 2 anos de garantia\u2705 EcoLabel A+\u2705 Chama verde 7\u2b50 \u2705","breadcrumb":{"@id":"https:\/\/www.invicta.fr\/pt\/produit\/salamandra-pellets-mirano-8-wi-fi\/#breadcrumb"},"inLanguage":"pt-PT","potentialAction":[{"@type":"ReadAction","target":["https:\/\/www.invicta.fr\/pt\/produit\/salamandra-pellets-mirano-8-wi-fi\/"]}]},{"@type":"ImageObject","inLanguage":"pt-PT","@id":"https:\/\/www.invicta.fr\/pt\/produit\/salamandra-pellets-mirano-8-wi-fi\/#primaryimage","url":"https:\/\/www.invicta.fr\/wp-content\/uploads\/2019\/09\/MIRANO7-gris.jpg","contentUrl":"https:\/\/www.invicta.fr\/wp-content\/uploads\/2019\/09\/MIRANO7-gris.jpg","width":600,"height":1016,"caption":"Salamandra a pellets Invicta Mirano - 7 kW"},{"@type":"BreadcrumbList","@id":"https:\/\/www.invicta.fr\/pt\/produit\/salamandra-pellets-mirano-8-wi-fi\/#breadcrumb","itemListElement":[{"@type":"ListItem","position":1,"name":"Home","item":"https:\/\/www.invicta.fr\/pt\/"},{"@type":"ListItem","position":2,"name":"Produtos","item":"https:\/\/www.invicta.fr\/pt\/shop\/"},{"@type":"ListItem","position":3,"name":"Salamandras a pellets","item":"https:\/\/www.invicta.fr\/pt\/categorie-produit\/fogoes-a-pellets\/"},{"@type":"ListItem","position":4,"name":"Salamandras a pellets","item":"https:\/\/www.invicta.fr\/pt\/categorie-produit\/fogoes-a-pellets\/salamandras-a-pellets\/"},{"@type":"ListItem","position":5,"name":"Salamandra pellets Mirano 8 Wi-Fi"}]},{"@type":"WebSite","@id":"https:\/\/www.invicta.fr\/pt\/#website","url":"https:\/\/www.invicta.fr\/pt\/","name":"Invicta","description":"Fabricant fran\u00e7ais, sp\u00e9cialiste europ\u00e9en du chauffage au bois : po\u00eales \u00e0 bois et \u00e0 granul\u00e9s, chemin\u00e9es, foyers et inserts","publisher":{"@id":"https:\/\/www.invicta.fr\/pt\/#organization"},"potentialAction":[{"@type":"SearchAction","target":{"@type":"EntryPoint","urlTemplate":"https:\/\/www.invicta.fr\/pt\/?s={search_term_string}"},"query-input":{"@type":"PropertyValueSpecification","valueRequired":true,"valueName":"search_term_string"}}],"inLanguage":"pt-PT"},{"@type":"Organization","@id":"https:\/\/www.invicta.fr\/pt\/#organization","name":"Invicta","url":"https:\/\/www.invicta.fr\/pt\/","logo":{"@type":"ImageObject","inLanguage":"pt-PT","@id":"https:\/\/www.invicta.fr\/pt\/#\/schema\/logo\/image\/","url":"https:\/\/www.invicta.fr\/wp-content\/uploads\/2019\/06\/INVICTALOGO_RVB.png","contentUrl":"https:\/\/www.invicta.fr\/wp-content\/uploads\/2019\/06\/INVICTALOGO_RVB.png","width":1810,"height":1280,"caption":"Invicta"},"image":{"@id":"https:\/\/www.invicta.fr\/pt\/#\/schema\/logo\/image\/"}}]}},"_links":{"self":[{"href":"https:\/\/www.invicta.fr\/pt\/wp-json\/wp\/v2\/product\/48238","targetHints":{"allow":["GET"]}}],"collection":[{"href":"https:\/\/www.invicta.fr\/pt\/wp-json\/wp\/v2\/product"}],"about":[{"href":"https:\/\/www.invicta.fr\/pt\/wp-json\/wp\/v2\/types\/product"}],"wp:featuredmedia":[{"embeddable":true,"href":"https:\/\/www.invicta.fr\/pt\/wp-json\/wp\/v2\/media\/31988"}],"wp:attachment":[{"href":"https:\/\/www.invicta.fr\/pt\/wp-json\/wp\/v2\/media?parent=48238"}],"wp:term":[{"taxonomy":"product_brand","embeddable":true,"href":"https:\/\/www.invicta.fr\/pt\/wp-json\/wp\/v2\/product_brand?post=48238"},{"taxonomy":"product_cat","embeddable":true,"href":"https:\/\/www.invicta.fr\/pt\/wp-json\/wp\/v2\/product_cat?post=48238"},{"taxonomy":"product_tag","embeddable":true,"href":"https:\/\/www.invicta.fr\/pt\/wp-json\/wp\/v2\/product_tag?post=48238"},{"taxonomy":"plus_produit","embeddable":true,"href":"https:\/\/www.invicta.fr\/pt\/wp-json\/wp\/v2\/plus_produit?post=48238"}],"curies":[{"name":"wp","href":"https:\/\/api.w.org\/{rel}","templated":true}]}}