{"id":67341,"date":"2025-05-23T10:54:04","date_gmt":"2025-05-23T08:54:05","guid":{"rendered":"https:\/\/www.invicta.fr\/?post_type=product&#038;p=67341"},"modified":"2026-02-24T13:19:43","modified_gmt":"2026-02-24T12:19:43","slug":"salamandra-a-pellets-mira-10-wi-fi","status":"publish","type":"product","link":"https:\/\/www.invicta.fr\/pt\/produit\/salamandra-a-pellets-mira-10-wi-fi\/","title":{"rendered":"Salamandra a pellets Mira 10 Wi-Fi"},"content":{"rendered":"","protected":false},"excerpt":{"rendered":"<p>Cortina levantada para uma magn\u00edfica encena\u00e7\u00e3o do espet\u00e1culo das chamas. Protagonista de desempenho do seu aquecimento, o Mira 10 desperta admira\u00e7\u00e3o gra\u00e7as ao seu revestimento met\u00e1lico preto exclusivo e muito moderno.<\/p>\n","protected":false},"featured_media":67352,"template":"","meta":{"_acf_changed":false},"product_brand":[],"product_cat":[3105,4610,6488,6038,6035,6034,6040,6037],"product_tag":[7107,3311,3310,4434,6961,6491,4513,6828,6658,6844],"plus_produit":[4040,6840,4043,4051,3864,4073,6487],"class_list":{"1":"product","4":"has-post-thumbnail","6":"product_cat-ajuda-na-selecao","7":"product_cat-salamandras-a-pellets","8":"product_cat-10-kw-fogoes-a-pellets","9":"product_cat-fogoes-autonomos-a-pellets","10":"product_cat-fogoes-a-pellets-programaveis","11":"product_cat-fogoes-a-pellets-de-design","12":"product_cat-fogoes-a-pellets-contemporaneos","13":"product_cat-fogoes-modernos-a-pellets","14":"product_tag-en16510-pt","15":"product_tag-flamme-verte-7-pt","16":"product_tag-eco-design-2022-es-pt","17":"product_tag-a-ecolabel-pt","18":"product_tag-novo","19":"product_tag-wifi-padrao","20":"product_tag-garantia-de-3-anos-pt","21":"product_tag-y-garantie-extension-1-an-portugais","22":"product_tag-imposto-de-credito-z","23":"product_tag-reserve-aux-pros-port","24":"pa_autonomie-maximum-245-pt","25":"pa_capacite-de-la-tremie-165-kg-pt","26":"pa_consommation-067-a-231-kg-hora","27":"pa_depart-des-fumees-parte-traseira","28":"pa_diametre-de-buse-80-mm-pt","29":"pa_indice-de-performance-125-pt","30":"pa_modulation-de-puissance-3-a-95-kw-pt","31":"pa_puissance-95-kw-pt","32":"pa_surface-de-chauffe-35-a-120-m-pt","33":"pa_volume-de-chauffe-85-a-300-m-pt","34":"plus_produit-controlo-da-potencia-5-ou-da-temperatura-ambiente","35":"plus_produit-extension-de-garantie-1-an-por","36":"plus_produit-possibilidade-de-pilotagem-por-termostato-externo-pt","37":"plus_produit-programacao-horaria-pt","38":"plus_produit-saida-de-ar-quente-por-ventilador-pt","39":"plus_produit-stand-by-espera-pt","40":"plus_produit-wi-fi-integrado","42":"first","43":"instock","44":"product-type-simple"},"acf":[],"yoast_head":"<!-- This site is optimized with the Yoast SEO plugin v24.7 - https:\/\/yoast.com\/wordpress\/plugins\/seo\/ -->\n<title>Salamandra a pellets Mira 10 Wi-Fi | INVICTA<\/title>\n<meta name=\"description\" content=\"Apaixone-se pelo Salamandra a Pellet Mira 10 Wi-Fi, Contempor\u00e2neo, Pot\u00eancia 9,5kW \u2705 3 cores \u2705 Flamme Verte 7\u2b50 2 anos garantia \u2705\" \/>\n<meta name=\"robots\" content=\"index, follow, max-snippet:-1, max-image-preview:large, max-video-preview:-1\" \/>\n<link rel=\"canonical\" href=\"https:\/\/www.invicta.fr\/pt\/produit\/salamandra-a-pellets-mira-10-wi-fi\/\" \/>\n<meta property=\"og:locale\" content=\"pt_PT\" \/>\n<meta property=\"og:type\" content=\"article\" \/>\n<meta property=\"og:title\" content=\"Salamandra a pellets Mira 10 Wi-Fi | INVICTA\" \/>\n<meta property=\"og:description\" content=\"Apaixone-se pelo Salamandra a Pellet Mira 10 Wi-Fi, Contempor\u00e2neo, Pot\u00eancia 9,5kW \u2705 3 cores \u2705 Flamme Verte 7\u2b50 2 anos garantia \u2705\" \/>\n<meta property=\"og:url\" content=\"https:\/\/www.invicta.fr\/pt\/produit\/salamandra-a-pellets-mira-10-wi-fi\/\" \/>\n<meta property=\"og:site_name\" content=\"Invicta\" \/>\n<meta property=\"article:modified_time\" content=\"2026-02-24T12:19:43+00:00\" \/>\n<meta property=\"og:image\" content=\"https:\/\/www.invicta.fr\/wp-content\/uploads\/2025\/05\/C-MIRA10_WiFi_noir.jpg\" \/>\n\t<meta property=\"og:image:width\" content=\"1156\" \/>\n\t<meta property=\"og:image:height\" content=\"1929\" \/>\n\t<meta property=\"og:image:type\" content=\"image\/jpeg\" \/>\n<meta name=\"twitter:card\" content=\"summary_large_image\" \/>\n<script type=\"application\/ld+json\" class=\"yoast-schema-graph\">{\"@context\":\"https:\/\/schema.org\",\"@graph\":[{\"@type\":\"WebPage\",\"@id\":\"https:\/\/www.invicta.fr\/pt\/produit\/salamandra-a-pellets-mira-10-wi-fi\/\",\"url\":\"https:\/\/www.invicta.fr\/pt\/produit\/salamandra-a-pellets-mira-10-wi-fi\/\",\"name\":\"Salamandra a pellets Mira 10 Wi-Fi | INVICTA\",\"isPartOf\":{\"@id\":\"https:\/\/www.invicta.fr\/pt\/#website\"},\"primaryImageOfPage\":{\"@id\":\"https:\/\/www.invicta.fr\/pt\/produit\/salamandra-a-pellets-mira-10-wi-fi\/#primaryimage\"},\"image\":{\"@id\":\"https:\/\/www.invicta.fr\/pt\/produit\/salamandra-a-pellets-mira-10-wi-fi\/#primaryimage\"},\"thumbnailUrl\":\"https:\/\/www.invicta.fr\/wp-content\/uploads\/2025\/05\/C-MIRA10_WiFi_noir.jpg\",\"datePublished\":\"2025-05-23T08:54:05+00:00\",\"dateModified\":\"2026-02-24T12:19:43+00:00\",\"description\":\"Apaixone-se pelo Salamandra a Pellet Mira 10 Wi-Fi, Contempor\u00e2neo, Pot\u00eancia 9,5kW \u2705 3 cores \u2705 Flamme Verte 7\u2b50 2 anos garantia \u2705\",\"breadcrumb\":{\"@id\":\"https:\/\/www.invicta.fr\/pt\/produit\/salamandra-a-pellets-mira-10-wi-fi\/#breadcrumb\"},\"inLanguage\":\"pt-PT\",\"potentialAction\":[{\"@type\":\"ReadAction\",\"target\":[\"https:\/\/www.invicta.fr\/pt\/produit\/salamandra-a-pellets-mira-10-wi-fi\/\"]}]},{\"@type\":\"ImageObject\",\"inLanguage\":\"pt-PT\",\"@id\":\"https:\/\/www.invicta.fr\/pt\/produit\/salamandra-a-pellets-mira-10-wi-fi\/#primaryimage\",\"url\":\"https:\/\/www.invicta.fr\/wp-content\/uploads\/2025\/05\/C-MIRA10_WiFi_noir.jpg\",\"contentUrl\":\"https:\/\/www.invicta.fr\/wp-content\/uploads\/2025\/05\/C-MIRA10_WiFi_noir.jpg\",\"width\":1156,\"height\":1929,\"caption\":\"Mira\"},{\"@type\":\"BreadcrumbList\",\"@id\":\"https:\/\/www.invicta.fr\/pt\/produit\/salamandra-a-pellets-mira-10-wi-fi\/#breadcrumb\",\"itemListElement\":[{\"@type\":\"ListItem\",\"position\":1,\"name\":\"Home\",\"item\":\"https:\/\/www.invicta.fr\/pt\/\"},{\"@type\":\"ListItem\",\"position\":2,\"name\":\"Produtos\",\"item\":\"https:\/\/www.invicta.fr\/pt\/shop\/\"},{\"@type\":\"ListItem\",\"position\":3,\"name\":\"Salamandras a pellets\",\"item\":\"https:\/\/www.invicta.fr\/pt\/categorie-produit\/fogoes-a-pellets\/\"},{\"@type\":\"ListItem\",\"position\":4,\"name\":\"Salamandras a pellets\",\"item\":\"https:\/\/www.invicta.fr\/pt\/categorie-produit\/fogoes-a-pellets\/salamandras-a-pellets\/\"},{\"@type\":\"ListItem\",\"position\":5,\"name\":\"Salamandra a pellets Mira 10 Wi-Fi\"}]},{\"@type\":\"WebSite\",\"@id\":\"https:\/\/www.invicta.fr\/pt\/#website\",\"url\":\"https:\/\/www.invicta.fr\/pt\/\",\"name\":\"Invicta\",\"description\":\"Fabricant fran\u00e7ais, sp\u00e9cialiste europ\u00e9en du chauffage au bois : po\u00eales \u00e0 bois et \u00e0 granul\u00e9s, chemin\u00e9es, foyers et inserts\",\"publisher\":{\"@id\":\"https:\/\/www.invicta.fr\/pt\/#organization\"},\"potentialAction\":[{\"@type\":\"SearchAction\",\"target\":{\"@type\":\"EntryPoint\",\"urlTemplate\":\"https:\/\/www.invicta.fr\/pt\/?s={search_term_string}\"},\"query-input\":{\"@type\":\"PropertyValueSpecification\",\"valueRequired\":true,\"valueName\":\"search_term_string\"}}],\"inLanguage\":\"pt-PT\"},{\"@type\":\"Organization\",\"@id\":\"https:\/\/www.invicta.fr\/pt\/#organization\",\"name\":\"Invicta\",\"url\":\"https:\/\/www.invicta.fr\/pt\/\",\"logo\":{\"@type\":\"ImageObject\",\"inLanguage\":\"pt-PT\",\"@id\":\"https:\/\/www.invicta.fr\/pt\/#\/schema\/logo\/image\/\",\"url\":\"https:\/\/www.invicta.fr\/wp-content\/uploads\/2019\/06\/INVICTALOGO_RVB.png\",\"contentUrl\":\"https:\/\/www.invicta.fr\/wp-content\/uploads\/2019\/06\/INVICTALOGO_RVB.png\",\"width\":1810,\"height\":1280,\"caption\":\"Invicta\"},\"image\":{\"@id\":\"https:\/\/www.invicta.fr\/pt\/#\/schema\/logo\/image\/\"}}]}<\/script>\n<!-- \/ Yoast SEO plugin. -->","yoast_head_json":{"title":"Salamandra a pellets Mira 10 Wi-Fi | INVICTA","description":"Apaixone-se pelo Salamandra a Pellet Mira 10 Wi-Fi, Contempor\u00e2neo, Pot\u00eancia 9,5kW \u2705 3 cores \u2705 Flamme Verte 7\u2b50 2 anos garantia \u2705","robots":{"index":"index","follow":"follow","max-snippet":"max-snippet:-1","max-image-preview":"max-image-preview:large","max-video-preview":"max-video-preview:-1"},"canonical":"https:\/\/www.invicta.fr\/pt\/produit\/salamandra-a-pellets-mira-10-wi-fi\/","og_locale":"pt_PT","og_type":"article","og_title":"Salamandra a pellets Mira 10 Wi-Fi | INVICTA","og_description":"Apaixone-se pelo Salamandra a Pellet Mira 10 Wi-Fi, Contempor\u00e2neo, Pot\u00eancia 9,5kW \u2705 3 cores \u2705 Flamme Verte 7\u2b50 2 anos garantia \u2705","og_url":"https:\/\/www.invicta.fr\/pt\/produit\/salamandra-a-pellets-mira-10-wi-fi\/","og_site_name":"Invicta","article_modified_time":"2026-02-24T12:19:43+00:00","og_image":[{"width":1156,"height":1929,"url":"https:\/\/www.invicta.fr\/wp-content\/uploads\/2025\/05\/C-MIRA10_WiFi_noir.jpg","type":"image\/jpeg"}],"twitter_card":"summary_large_image","schema":{"@context":"https:\/\/schema.org","@graph":[{"@type":"WebPage","@id":"https:\/\/www.invicta.fr\/pt\/produit\/salamandra-a-pellets-mira-10-wi-fi\/","url":"https:\/\/www.invicta.fr\/pt\/produit\/salamandra-a-pellets-mira-10-wi-fi\/","name":"Salamandra a pellets Mira 10 Wi-Fi | INVICTA","isPartOf":{"@id":"https:\/\/www.invicta.fr\/pt\/#website"},"primaryImageOfPage":{"@id":"https:\/\/www.invicta.fr\/pt\/produit\/salamandra-a-pellets-mira-10-wi-fi\/#primaryimage"},"image":{"@id":"https:\/\/www.invicta.fr\/pt\/produit\/salamandra-a-pellets-mira-10-wi-fi\/#primaryimage"},"thumbnailUrl":"https:\/\/www.invicta.fr\/wp-content\/uploads\/2025\/05\/C-MIRA10_WiFi_noir.jpg","datePublished":"2025-05-23T08:54:05+00:00","dateModified":"2026-02-24T12:19:43+00:00","description":"Apaixone-se pelo Salamandra a Pellet Mira 10 Wi-Fi, Contempor\u00e2neo, Pot\u00eancia 9,5kW \u2705 3 cores \u2705 Flamme Verte 7\u2b50 2 anos garantia \u2705","breadcrumb":{"@id":"https:\/\/www.invicta.fr\/pt\/produit\/salamandra-a-pellets-mira-10-wi-fi\/#breadcrumb"},"inLanguage":"pt-PT","potentialAction":[{"@type":"ReadAction","target":["https:\/\/www.invicta.fr\/pt\/produit\/salamandra-a-pellets-mira-10-wi-fi\/"]}]},{"@type":"ImageObject","inLanguage":"pt-PT","@id":"https:\/\/www.invicta.fr\/pt\/produit\/salamandra-a-pellets-mira-10-wi-fi\/#primaryimage","url":"https:\/\/www.invicta.fr\/wp-content\/uploads\/2025\/05\/C-MIRA10_WiFi_noir.jpg","contentUrl":"https:\/\/www.invicta.fr\/wp-content\/uploads\/2025\/05\/C-MIRA10_WiFi_noir.jpg","width":1156,"height":1929,"caption":"Mira"},{"@type":"BreadcrumbList","@id":"https:\/\/www.invicta.fr\/pt\/produit\/salamandra-a-pellets-mira-10-wi-fi\/#breadcrumb","itemListElement":[{"@type":"ListItem","position":1,"name":"Home","item":"https:\/\/www.invicta.fr\/pt\/"},{"@type":"ListItem","position":2,"name":"Produtos","item":"https:\/\/www.invicta.fr\/pt\/shop\/"},{"@type":"ListItem","position":3,"name":"Salamandras a pellets","item":"https:\/\/www.invicta.fr\/pt\/categorie-produit\/fogoes-a-pellets\/"},{"@type":"ListItem","position":4,"name":"Salamandras a pellets","item":"https:\/\/www.invicta.fr\/pt\/categorie-produit\/fogoes-a-pellets\/salamandras-a-pellets\/"},{"@type":"ListItem","position":5,"name":"Salamandra a pellets Mira 10 Wi-Fi"}]},{"@type":"WebSite","@id":"https:\/\/www.invicta.fr\/pt\/#website","url":"https:\/\/www.invicta.fr\/pt\/","name":"Invicta","description":"Fabricant fran\u00e7ais, sp\u00e9cialiste europ\u00e9en du chauffage au bois : po\u00eales \u00e0 bois et \u00e0 granul\u00e9s, chemin\u00e9es, foyers et inserts","publisher":{"@id":"https:\/\/www.invicta.fr\/pt\/#organization"},"potentialAction":[{"@type":"SearchAction","target":{"@type":"EntryPoint","urlTemplate":"https:\/\/www.invicta.fr\/pt\/?s={search_term_string}"},"query-input":{"@type":"PropertyValueSpecification","valueRequired":true,"valueName":"search_term_string"}}],"inLanguage":"pt-PT"},{"@type":"Organization","@id":"https:\/\/www.invicta.fr\/pt\/#organization","name":"Invicta","url":"https:\/\/www.invicta.fr\/pt\/","logo":{"@type":"ImageObject","inLanguage":"pt-PT","@id":"https:\/\/www.invicta.fr\/pt\/#\/schema\/logo\/image\/","url":"https:\/\/www.invicta.fr\/wp-content\/uploads\/2019\/06\/INVICTALOGO_RVB.png","contentUrl":"https:\/\/www.invicta.fr\/wp-content\/uploads\/2019\/06\/INVICTALOGO_RVB.png","width":1810,"height":1280,"caption":"Invicta"},"image":{"@id":"https:\/\/www.invicta.fr\/pt\/#\/schema\/logo\/image\/"}}]}},"_links":{"self":[{"href":"https:\/\/www.invicta.fr\/pt\/wp-json\/wp\/v2\/product\/67341","targetHints":{"allow":["GET"]}}],"collection":[{"href":"https:\/\/www.invicta.fr\/pt\/wp-json\/wp\/v2\/product"}],"about":[{"href":"https:\/\/www.invicta.fr\/pt\/wp-json\/wp\/v2\/types\/product"}],"wp:featuredmedia":[{"embeddable":true,"href":"https:\/\/www.invicta.fr\/pt\/wp-json\/wp\/v2\/media\/67352"}],"wp:attachment":[{"href":"https:\/\/www.invicta.fr\/pt\/wp-json\/wp\/v2\/media?parent=67341"}],"wp:term":[{"taxonomy":"product_brand","embeddable":true,"href":"https:\/\/www.invicta.fr\/pt\/wp-json\/wp\/v2\/product_brand?post=67341"},{"taxonomy":"product_cat","embeddable":true,"href":"https:\/\/www.invicta.fr\/pt\/wp-json\/wp\/v2\/product_cat?post=67341"},{"taxonomy":"product_tag","embeddable":true,"href":"https:\/\/www.invicta.fr\/pt\/wp-json\/wp\/v2\/product_tag?post=67341"},{"taxonomy":"plus_produit","embeddable":true,"href":"https:\/\/www.invicta.fr\/pt\/wp-json\/wp\/v2\/plus_produit?post=67341"}],"curies":[{"name":"wp","href":"https:\/\/api.w.org\/{rel}","templated":true}]}}