{"id":68281,"date":"2025-09-16T09:35:03","date_gmt":"2025-09-16T07:35:04","guid":{"rendered":"https:\/\/www.invicta.fr\/?post_type=product&#038;p=68281"},"modified":"2025-09-16T10:25:59","modified_gmt":"2025-09-16T08:25:59","slug":"fogao-hermetico-calcias-em-aco-e-ferro-fundido","status":"publish","type":"product","link":"https:\/\/www.invicta.fr\/pt\/produit\/fogao-hermetico-calcias-em-aco-e-ferro-fundido\/","title":{"rendered":"Fog\u00e3o herm\u00e9tico Calcias em a\u00e7o e ferro fundido"},"content":{"rendered":"","protected":false},"excerpt":{"rendered":"<p><span data-sheets-formula-bar-text-style=\"font-size:13px;color:#000000;font-weight:normal;text-decoration:none;font-family:'Arial';font-style:normal;text-decoration-skip-ink:none;\">Calcias \u00e9 \u00fanico: um formato el\u00edptico que traz aconchego e modernidade; alto rendimento energ\u00e9tico gra\u00e7as \u00e0 lareira em ferro fundido; e no lado pr\u00e1tico, uma estaca de a\u00e7o para acomodar suas toras. <a rel=\"noopener noreferrer\" href=\"https:\/\/www.invicta.fr\/fr\/2020\/10\/22\/nouveautes-invicta-poeles-bois-contemporains-en-acier\/\" target=\"_blank\">Aqui, os outros modelos da nova gama de fog\u00f5es a lenha de a\u00e7o contempor\u00e2neo.<\/a><\/span><\/p>\n","protected":false},"featured_media":38606,"template":"","meta":{"_acf_changed":false},"product_brand":[],"product_cat":[3105,4752,6126,6262,6125,6121,6122,6123,6224],"product_tag":[7107,3311,3310,3277,4470,3312,4555,4513,6832,6658],"plus_produit":[3871,3883,6837,4061,6349,3326,6304,3307],"class_list":{"1":"product","4":"has-post-thumbnail","6":"product_cat-ajuda-na-selecao","7":"product_cat-salamandras-a-lenha-estanques-salamandras-a-lenha","8":"product_cat-fogoes-a-lenha-toras-50-cm","9":"product_cat-fogoes-a-lenha-6kw","10":"product_cat-fogoes-a-lenha-contemporaneos","11":"product_cat-fogoes-a-lenha-de-design","12":"product_cat-fogoes-modernos-a-lenha","13":"product_cat-fogoes-a-lenha-redondos","14":"product_cat-fogoes-a-lenha-com-saida-traseira","15":"product_tag-en16510-pt","16":"product_tag-flamme-verte-7-pt","17":"product_tag-eco-design-2022-es-pt","18":"product_tag-certificacion-ecolabel-a-pt","19":"product_tag-ligacao-estanque","20":"product_tag-post-combustion-es-pt","21":"product_tag-revestimento-de-vermiculite","22":"product_tag-garantia-de-3-anos-pt","23":"product_tag-y-extension-garantie-2ans-por","24":"product_tag-imposto-de-credito-z","25":"pa_depart-des-fumees-posterior-superior","26":"pa_indice-de-performance-100-pt","27":"pa_surface-de-chauffe-30-a-70-m-pt","28":"pa_taux-de-co-010-pt","29":"plus_produit-aparelho-estanque-compativel-rt2012-pt","30":"plus_produit-ar-secundario-ajustavel-pt","31":"plus_produit-extensao-de-garantia-2-anos","32":"plus_produit-intermitente-pt","33":"plus_produit-lareira-de-ferro-fundido-ao-ar-livre-e-log-de-aco","34":"plus_produit-sistema-de-post-combustion-pt","35":"plus_produit-vermiculita-de-alta-densidade","36":"plus_produit-vidro-proprio","38":"first","39":"instock","40":"shipping-taxable","41":"purchasable","42":"product-type-simple"},"acf":[],"yoast_head":"<!-- This site is optimized with the Yoast SEO plugin v24.7 - https:\/\/yoast.com\/wordpress\/plugins\/seo\/ -->\n<title>A\u00e7o Estanque e Ferro Fundido Calcias Fog\u00e3o a Lenha | INVICTA<\/title>\n<meta name=\"description\" content=\"Descubra o fog\u00e3o a lenha imperme\u00e1vel Calcias A\u00e7o e Ferro Fundido 6W de potencia \u2705 5 anos de garantia\u2705 EcoLabel A\u2705 Chama verde 7\u2b50 \u2705\" \/>\n<meta name=\"robots\" content=\"index, follow, max-snippet:-1, max-image-preview:large, max-video-preview:-1\" \/>\n<link rel=\"canonical\" href=\"https:\/\/www.invicta.fr\/pt\/produit\/fogao-hermetico-calcias-em-aco-e-ferro-fundido\/\" \/>\n<meta property=\"og:locale\" content=\"pt_PT\" \/>\n<meta property=\"og:type\" content=\"article\" \/>\n<meta property=\"og:title\" content=\"A\u00e7o Estanque e Ferro Fundido Calcias Fog\u00e3o a Lenha | INVICTA\" \/>\n<meta property=\"og:description\" content=\"Descubra o fog\u00e3o a lenha imperme\u00e1vel Calcias A\u00e7o e Ferro Fundido 6W de potencia \u2705 5 anos de garantia\u2705 EcoLabel A\u2705 Chama verde 7\u2b50 \u2705\" \/>\n<meta property=\"og:url\" content=\"https:\/\/www.invicta.fr\/pt\/produit\/fogao-hermetico-calcias-em-aco-e-ferro-fundido\/\" \/>\n<meta property=\"og:site_name\" content=\"Invicta\" \/>\n<meta property=\"article:modified_time\" content=\"2025-09-16T08:25:59+00:00\" \/>\n<meta property=\"og:image\" content=\"https:\/\/www.invicta.fr\/wp-content\/uploads\/2020\/09\/C-CALCIAS-flammes-web.jpg\" \/>\n\t<meta property=\"og:image:width\" content=\"1000\" \/>\n\t<meta property=\"og:image:height\" content=\"1188\" \/>\n\t<meta property=\"og:image:type\" content=\"image\/jpeg\" \/>\n<meta name=\"twitter:card\" content=\"summary_large_image\" \/>\n<script type=\"application\/ld+json\" class=\"yoast-schema-graph\">{\"@context\":\"https:\/\/schema.org\",\"@graph\":[{\"@type\":\"WebPage\",\"@id\":\"https:\/\/www.invicta.fr\/pt\/produit\/fogao-hermetico-calcias-em-aco-e-ferro-fundido\/\",\"url\":\"https:\/\/www.invicta.fr\/pt\/produit\/fogao-hermetico-calcias-em-aco-e-ferro-fundido\/\",\"name\":\"A\u00e7o Estanque e Ferro Fundido Calcias Fog\u00e3o a Lenha | INVICTA\",\"isPartOf\":{\"@id\":\"https:\/\/www.invicta.fr\/pt\/#website\"},\"primaryImageOfPage\":{\"@id\":\"https:\/\/www.invicta.fr\/pt\/produit\/fogao-hermetico-calcias-em-aco-e-ferro-fundido\/#primaryimage\"},\"image\":{\"@id\":\"https:\/\/www.invicta.fr\/pt\/produit\/fogao-hermetico-calcias-em-aco-e-ferro-fundido\/#primaryimage\"},\"thumbnailUrl\":\"https:\/\/www.invicta.fr\/wp-content\/uploads\/2020\/09\/C-CALCIAS-flammes-web.jpg\",\"datePublished\":\"2025-09-16T07:35:04+00:00\",\"dateModified\":\"2025-09-16T08:25:59+00:00\",\"description\":\"Descubra o fog\u00e3o a lenha imperme\u00e1vel Calcias A\u00e7o e Ferro Fundido 6W de potencia \u2705 5 anos de garantia\u2705 EcoLabel A\u2705 Chama verde 7\u2b50 \u2705\",\"breadcrumb\":{\"@id\":\"https:\/\/www.invicta.fr\/pt\/produit\/fogao-hermetico-calcias-em-aco-e-ferro-fundido\/#breadcrumb\"},\"inLanguage\":\"pt-PT\",\"potentialAction\":[{\"@type\":\"ReadAction\",\"target\":[\"https:\/\/www.invicta.fr\/pt\/produit\/fogao-hermetico-calcias-em-aco-e-ferro-fundido\/\"]}]},{\"@type\":\"ImageObject\",\"inLanguage\":\"pt-PT\",\"@id\":\"https:\/\/www.invicta.fr\/pt\/produit\/fogao-hermetico-calcias-em-aco-e-ferro-fundido\/#primaryimage\",\"url\":\"https:\/\/www.invicta.fr\/wp-content\/uploads\/2020\/09\/C-CALCIAS-flammes-web.jpg\",\"contentUrl\":\"https:\/\/www.invicta.fr\/wp-content\/uploads\/2020\/09\/C-CALCIAS-flammes-web.jpg\",\"width\":1000,\"height\":1188,\"caption\":\"Calcias estanque - pira em ferro fundido - 9 kW\"},{\"@type\":\"BreadcrumbList\",\"@id\":\"https:\/\/www.invicta.fr\/pt\/produit\/fogao-hermetico-calcias-em-aco-e-ferro-fundido\/#breadcrumb\",\"itemListElement\":[{\"@type\":\"ListItem\",\"position\":1,\"name\":\"Home\",\"item\":\"https:\/\/www.invicta.fr\/pt\/\"},{\"@type\":\"ListItem\",\"position\":2,\"name\":\"Produtos\",\"item\":\"https:\/\/www.invicta.fr\/pt\/shop\/\"},{\"@type\":\"ListItem\",\"position\":3,\"name\":\"Salamandras a lenha\",\"item\":\"https:\/\/www.invicta.fr\/pt\/categorie-produit\/salamandras-a-lenha\/\"},{\"@type\":\"ListItem\",\"position\":4,\"name\":\"Salamandras a Lenha estanques\",\"item\":\"https:\/\/www.invicta.fr\/pt\/categorie-produit\/salamandras-a-lenha\/salamandras-a-lenha-estanques-salamandras-a-lenha\/\"},{\"@type\":\"ListItem\",\"position\":5,\"name\":\"Fog\u00e3o herm\u00e9tico Calcias em a\u00e7o e ferro fundido\"}]},{\"@type\":\"WebSite\",\"@id\":\"https:\/\/www.invicta.fr\/pt\/#website\",\"url\":\"https:\/\/www.invicta.fr\/pt\/\",\"name\":\"Invicta\",\"description\":\"Fabricant fran\u00e7ais, sp\u00e9cialiste europ\u00e9en du chauffage au bois : po\u00eales \u00e0 bois et \u00e0 granul\u00e9s, chemin\u00e9es, foyers et inserts\",\"publisher\":{\"@id\":\"https:\/\/www.invicta.fr\/pt\/#organization\"},\"potentialAction\":[{\"@type\":\"SearchAction\",\"target\":{\"@type\":\"EntryPoint\",\"urlTemplate\":\"https:\/\/www.invicta.fr\/pt\/?s={search_term_string}\"},\"query-input\":{\"@type\":\"PropertyValueSpecification\",\"valueRequired\":true,\"valueName\":\"search_term_string\"}}],\"inLanguage\":\"pt-PT\"},{\"@type\":\"Organization\",\"@id\":\"https:\/\/www.invicta.fr\/pt\/#organization\",\"name\":\"Invicta\",\"url\":\"https:\/\/www.invicta.fr\/pt\/\",\"logo\":{\"@type\":\"ImageObject\",\"inLanguage\":\"pt-PT\",\"@id\":\"https:\/\/www.invicta.fr\/pt\/#\/schema\/logo\/image\/\",\"url\":\"https:\/\/www.invicta.fr\/wp-content\/uploads\/2019\/06\/INVICTALOGO_RVB.png\",\"contentUrl\":\"https:\/\/www.invicta.fr\/wp-content\/uploads\/2019\/06\/INVICTALOGO_RVB.png\",\"width\":1810,\"height\":1280,\"caption\":\"Invicta\"},\"image\":{\"@id\":\"https:\/\/www.invicta.fr\/pt\/#\/schema\/logo\/image\/\"}}]}<\/script>\n<!-- \/ Yoast SEO plugin. -->","yoast_head_json":{"title":"A\u00e7o Estanque e Ferro Fundido Calcias Fog\u00e3o a Lenha | INVICTA","description":"Descubra o fog\u00e3o a lenha imperme\u00e1vel Calcias A\u00e7o e Ferro Fundido 6W de potencia \u2705 5 anos de garantia\u2705 EcoLabel A\u2705 Chama verde 7\u2b50 \u2705","robots":{"index":"index","follow":"follow","max-snippet":"max-snippet:-1","max-image-preview":"max-image-preview:large","max-video-preview":"max-video-preview:-1"},"canonical":"https:\/\/www.invicta.fr\/pt\/produit\/fogao-hermetico-calcias-em-aco-e-ferro-fundido\/","og_locale":"pt_PT","og_type":"article","og_title":"A\u00e7o Estanque e Ferro Fundido Calcias Fog\u00e3o a Lenha | INVICTA","og_description":"Descubra o fog\u00e3o a lenha imperme\u00e1vel Calcias A\u00e7o e Ferro Fundido 6W de potencia \u2705 5 anos de garantia\u2705 EcoLabel A\u2705 Chama verde 7\u2b50 \u2705","og_url":"https:\/\/www.invicta.fr\/pt\/produit\/fogao-hermetico-calcias-em-aco-e-ferro-fundido\/","og_site_name":"Invicta","article_modified_time":"2025-09-16T08:25:59+00:00","og_image":[{"width":1000,"height":1188,"url":"https:\/\/www.invicta.fr\/wp-content\/uploads\/2020\/09\/C-CALCIAS-flammes-web.jpg","type":"image\/jpeg"}],"twitter_card":"summary_large_image","schema":{"@context":"https:\/\/schema.org","@graph":[{"@type":"WebPage","@id":"https:\/\/www.invicta.fr\/pt\/produit\/fogao-hermetico-calcias-em-aco-e-ferro-fundido\/","url":"https:\/\/www.invicta.fr\/pt\/produit\/fogao-hermetico-calcias-em-aco-e-ferro-fundido\/","name":"A\u00e7o Estanque e Ferro Fundido Calcias Fog\u00e3o a Lenha | INVICTA","isPartOf":{"@id":"https:\/\/www.invicta.fr\/pt\/#website"},"primaryImageOfPage":{"@id":"https:\/\/www.invicta.fr\/pt\/produit\/fogao-hermetico-calcias-em-aco-e-ferro-fundido\/#primaryimage"},"image":{"@id":"https:\/\/www.invicta.fr\/pt\/produit\/fogao-hermetico-calcias-em-aco-e-ferro-fundido\/#primaryimage"},"thumbnailUrl":"https:\/\/www.invicta.fr\/wp-content\/uploads\/2020\/09\/C-CALCIAS-flammes-web.jpg","datePublished":"2025-09-16T07:35:04+00:00","dateModified":"2025-09-16T08:25:59+00:00","description":"Descubra o fog\u00e3o a lenha imperme\u00e1vel Calcias A\u00e7o e Ferro Fundido 6W de potencia \u2705 5 anos de garantia\u2705 EcoLabel A\u2705 Chama verde 7\u2b50 \u2705","breadcrumb":{"@id":"https:\/\/www.invicta.fr\/pt\/produit\/fogao-hermetico-calcias-em-aco-e-ferro-fundido\/#breadcrumb"},"inLanguage":"pt-PT","potentialAction":[{"@type":"ReadAction","target":["https:\/\/www.invicta.fr\/pt\/produit\/fogao-hermetico-calcias-em-aco-e-ferro-fundido\/"]}]},{"@type":"ImageObject","inLanguage":"pt-PT","@id":"https:\/\/www.invicta.fr\/pt\/produit\/fogao-hermetico-calcias-em-aco-e-ferro-fundido\/#primaryimage","url":"https:\/\/www.invicta.fr\/wp-content\/uploads\/2020\/09\/C-CALCIAS-flammes-web.jpg","contentUrl":"https:\/\/www.invicta.fr\/wp-content\/uploads\/2020\/09\/C-CALCIAS-flammes-web.jpg","width":1000,"height":1188,"caption":"Calcias estanque - pira em ferro fundido - 9 kW"},{"@type":"BreadcrumbList","@id":"https:\/\/www.invicta.fr\/pt\/produit\/fogao-hermetico-calcias-em-aco-e-ferro-fundido\/#breadcrumb","itemListElement":[{"@type":"ListItem","position":1,"name":"Home","item":"https:\/\/www.invicta.fr\/pt\/"},{"@type":"ListItem","position":2,"name":"Produtos","item":"https:\/\/www.invicta.fr\/pt\/shop\/"},{"@type":"ListItem","position":3,"name":"Salamandras a lenha","item":"https:\/\/www.invicta.fr\/pt\/categorie-produit\/salamandras-a-lenha\/"},{"@type":"ListItem","position":4,"name":"Salamandras a Lenha estanques","item":"https:\/\/www.invicta.fr\/pt\/categorie-produit\/salamandras-a-lenha\/salamandras-a-lenha-estanques-salamandras-a-lenha\/"},{"@type":"ListItem","position":5,"name":"Fog\u00e3o herm\u00e9tico Calcias em a\u00e7o e ferro fundido"}]},{"@type":"WebSite","@id":"https:\/\/www.invicta.fr\/pt\/#website","url":"https:\/\/www.invicta.fr\/pt\/","name":"Invicta","description":"Fabricant fran\u00e7ais, sp\u00e9cialiste europ\u00e9en du chauffage au bois : po\u00eales \u00e0 bois et \u00e0 granul\u00e9s, chemin\u00e9es, foyers et inserts","publisher":{"@id":"https:\/\/www.invicta.fr\/pt\/#organization"},"potentialAction":[{"@type":"SearchAction","target":{"@type":"EntryPoint","urlTemplate":"https:\/\/www.invicta.fr\/pt\/?s={search_term_string}"},"query-input":{"@type":"PropertyValueSpecification","valueRequired":true,"valueName":"search_term_string"}}],"inLanguage":"pt-PT"},{"@type":"Organization","@id":"https:\/\/www.invicta.fr\/pt\/#organization","name":"Invicta","url":"https:\/\/www.invicta.fr\/pt\/","logo":{"@type":"ImageObject","inLanguage":"pt-PT","@id":"https:\/\/www.invicta.fr\/pt\/#\/schema\/logo\/image\/","url":"https:\/\/www.invicta.fr\/wp-content\/uploads\/2019\/06\/INVICTALOGO_RVB.png","contentUrl":"https:\/\/www.invicta.fr\/wp-content\/uploads\/2019\/06\/INVICTALOGO_RVB.png","width":1810,"height":1280,"caption":"Invicta"},"image":{"@id":"https:\/\/www.invicta.fr\/pt\/#\/schema\/logo\/image\/"}}]}},"_links":{"self":[{"href":"https:\/\/www.invicta.fr\/pt\/wp-json\/wp\/v2\/product\/68281","targetHints":{"allow":["GET"]}}],"collection":[{"href":"https:\/\/www.invicta.fr\/pt\/wp-json\/wp\/v2\/product"}],"about":[{"href":"https:\/\/www.invicta.fr\/pt\/wp-json\/wp\/v2\/types\/product"}],"wp:featuredmedia":[{"embeddable":true,"href":"https:\/\/www.invicta.fr\/pt\/wp-json\/wp\/v2\/media\/38606"}],"wp:attachment":[{"href":"https:\/\/www.invicta.fr\/pt\/wp-json\/wp\/v2\/media?parent=68281"}],"wp:term":[{"taxonomy":"product_brand","embeddable":true,"href":"https:\/\/www.invicta.fr\/pt\/wp-json\/wp\/v2\/product_brand?post=68281"},{"taxonomy":"product_cat","embeddable":true,"href":"https:\/\/www.invicta.fr\/pt\/wp-json\/wp\/v2\/product_cat?post=68281"},{"taxonomy":"product_tag","embeddable":true,"href":"https:\/\/www.invicta.fr\/pt\/wp-json\/wp\/v2\/product_tag?post=68281"},{"taxonomy":"plus_produit","embeddable":true,"href":"https:\/\/www.invicta.fr\/pt\/wp-json\/wp\/v2\/plus_produit?post=68281"}],"curies":[{"name":"wp","href":"https:\/\/api.w.org\/{rel}","templated":true}]}}