{"id":70692,"date":"2025-11-18T11:06:26","date_gmt":"2025-11-18T10:06:27","guid":{"rendered":"https:\/\/www.invicta.fr\/?post_type=product&#038;p=70692"},"modified":"2026-02-26T16:04:18","modified_gmt":"2026-02-26T15:04:18","slug":"recuperador-primo-700-com-registo-2","status":"publish","type":"product","link":"https:\/\/www.invicta.fr\/pt\/produit\/recuperador-primo-700-com-registo-2\/","title":{"rendered":"Recuperador PRIMO 700 com Registo"},"content":{"rendered":"","protected":false},"excerpt":{"rendered":"<p>Beneficie das boas efici\u00eancias energ\u00e9ticas e de numerosas vantagens t\u00e9cnicas com este recuperador de baixo pre\u00e7o.<\/p>\n","protected":false},"featured_media":0,"template":"","meta":{"_acf_changed":false},"product_brand":[],"product_cat":[3105,3274],"product_tag":[7107,3311,3310,3277,3276,3275,3312,4513,6832,6658],"plus_produit":[3325,4049,3306,3327,3326,3307],"class_list":{"1":"product","5":"product_cat-ajuda-na-selecao","6":"product_cat-recuperador-a-lenha","7":"product_tag-en16510-pt","8":"product_tag-flamme-verte-7-pt","9":"product_tag-eco-design-2022-es-pt","10":"product_tag-certificacion-ecolabel-a-pt","11":"product_tag-feita-na-franca","12":"product_tag-100-hierro-fundido-pt","13":"product_tag-post-combustion-es-pt","14":"product_tag-garantia-de-3-anos-pt","15":"product_tag-y-extension-garantie-2ans-por","16":"product_tag-imposto-de-credito-z","17":"pa_depart-des-fumees-parte-superior-pt","18":"pa_diametre-de-buse-200-mm-pt","19":"pa_indice-de-performance-100-pt","20":"pa_modulation-de-puissance-65-15-kw-es-pt","21":"pa_puissance-95-kw-pt","22":"pa_taux-de-co-012-es-pt","23":"plus_produit-combustao-intermitente-e-prolongada-3-horas","24":"plus_produit-ideal-para-orcamentos-reduzidos-pt","25":"plus_produit-origine-france-garantie","26":"plus_produit-registo","27":"plus_produit-sistema-de-post-combustion-pt","28":"plus_produit-vidro-proprio","30":"first","31":"instock","32":"shipping-taxable","33":"product-type-simple"},"acf":[],"yoast_head":"<!-- This site is optimized with the Yoast SEO plugin v24.7 - https:\/\/yoast.com\/wordpress\/plugins\/seo\/ -->\n<title>Recuperador PRIMO 700 com Registo - Invicta<\/title>\n<meta name=\"description\" content=\"Beneficie das boas efici\u00eancias energ\u00e9ticas e de numerosas vantagens t\u00e9cnicas com este recuperador de baixo pre\u00e7o.\" \/>\n<meta name=\"robots\" content=\"index, follow, max-snippet:-1, max-image-preview:large, max-video-preview:-1\" \/>\n<link rel=\"canonical\" href=\"https:\/\/www.invicta.fr\/pt\/produit\/recuperador-primo-700-com-registo-2\/\" \/>\n<meta property=\"og:locale\" content=\"pt_PT\" \/>\n<meta property=\"og:type\" content=\"article\" \/>\n<meta property=\"og:title\" content=\"Recuperador PRIMO 700 com Registo - Invicta\" \/>\n<meta property=\"og:description\" content=\"Beneficie das boas efici\u00eancias energ\u00e9ticas e de numerosas vantagens t\u00e9cnicas com este recuperador de baixo pre\u00e7o.\" \/>\n<meta property=\"og:url\" content=\"https:\/\/www.invicta.fr\/pt\/produit\/recuperador-primo-700-com-registo-2\/\" \/>\n<meta property=\"og:site_name\" content=\"Invicta\" \/>\n<meta property=\"article:modified_time\" content=\"2026-02-26T15:04:18+00:00\" \/>\n<meta name=\"twitter:card\" content=\"summary_large_image\" \/>\n<script type=\"application\/ld+json\" class=\"yoast-schema-graph\">{\"@context\":\"https:\/\/schema.org\",\"@graph\":[{\"@type\":\"WebPage\",\"@id\":\"https:\/\/www.invicta.fr\/pt\/produit\/recuperador-primo-700-com-registo-2\/\",\"url\":\"https:\/\/www.invicta.fr\/pt\/produit\/recuperador-primo-700-com-registo-2\/\",\"name\":\"Recuperador PRIMO 700 com Registo - Invicta\",\"isPartOf\":{\"@id\":\"https:\/\/www.invicta.fr\/pt\/#website\"},\"datePublished\":\"2025-11-18T10:06:27+00:00\",\"dateModified\":\"2026-02-26T15:04:18+00:00\",\"description\":\"Beneficie das boas efici\u00eancias energ\u00e9ticas e de numerosas vantagens t\u00e9cnicas com este recuperador de baixo pre\u00e7o.\",\"breadcrumb\":{\"@id\":\"https:\/\/www.invicta.fr\/pt\/produit\/recuperador-primo-700-com-registo-2\/#breadcrumb\"},\"inLanguage\":\"pt-PT\",\"potentialAction\":[{\"@type\":\"ReadAction\",\"target\":[\"https:\/\/www.invicta.fr\/pt\/produit\/recuperador-primo-700-com-registo-2\/\"]}]},{\"@type\":\"BreadcrumbList\",\"@id\":\"https:\/\/www.invicta.fr\/pt\/produit\/recuperador-primo-700-com-registo-2\/#breadcrumb\",\"itemListElement\":[{\"@type\":\"ListItem\",\"position\":1,\"name\":\"Home\",\"item\":\"https:\/\/www.invicta.fr\/pt\/\"},{\"@type\":\"ListItem\",\"position\":2,\"name\":\"Produtos\",\"item\":\"https:\/\/www.invicta.fr\/pt\/shop\/\"},{\"@type\":\"ListItem\",\"position\":3,\"name\":\"Recuperadores\",\"item\":\"https:\/\/www.invicta.fr\/pt\/categorie-produit\/recuperadores\/\"},{\"@type\":\"ListItem\",\"position\":4,\"name\":\"Recuperador a lenha\",\"item\":\"https:\/\/www.invicta.fr\/pt\/categorie-produit\/recuperadores\/recuperador-a-lenha\/\"},{\"@type\":\"ListItem\",\"position\":5,\"name\":\"Recuperador PRIMO 700 com Registo\"}]},{\"@type\":\"WebSite\",\"@id\":\"https:\/\/www.invicta.fr\/pt\/#website\",\"url\":\"https:\/\/www.invicta.fr\/pt\/\",\"name\":\"Invicta\",\"description\":\"Fabricant fran\u00e7ais, sp\u00e9cialiste europ\u00e9en du chauffage au bois : po\u00eales \u00e0 bois et \u00e0 granul\u00e9s, chemin\u00e9es, foyers et inserts\",\"publisher\":{\"@id\":\"https:\/\/www.invicta.fr\/pt\/#organization\"},\"potentialAction\":[{\"@type\":\"SearchAction\",\"target\":{\"@type\":\"EntryPoint\",\"urlTemplate\":\"https:\/\/www.invicta.fr\/pt\/?s={search_term_string}\"},\"query-input\":{\"@type\":\"PropertyValueSpecification\",\"valueRequired\":true,\"valueName\":\"search_term_string\"}}],\"inLanguage\":\"pt-PT\"},{\"@type\":\"Organization\",\"@id\":\"https:\/\/www.invicta.fr\/pt\/#organization\",\"name\":\"Invicta\",\"url\":\"https:\/\/www.invicta.fr\/pt\/\",\"logo\":{\"@type\":\"ImageObject\",\"inLanguage\":\"pt-PT\",\"@id\":\"https:\/\/www.invicta.fr\/pt\/#\/schema\/logo\/image\/\",\"url\":\"https:\/\/www.invicta.fr\/wp-content\/uploads\/2019\/06\/INVICTALOGO_RVB.png\",\"contentUrl\":\"https:\/\/www.invicta.fr\/wp-content\/uploads\/2019\/06\/INVICTALOGO_RVB.png\",\"width\":1810,\"height\":1280,\"caption\":\"Invicta\"},\"image\":{\"@id\":\"https:\/\/www.invicta.fr\/pt\/#\/schema\/logo\/image\/\"}}]}<\/script>\n<!-- \/ Yoast SEO plugin. -->","yoast_head_json":{"title":"Recuperador PRIMO 700 com Registo - Invicta","description":"Beneficie das boas efici\u00eancias energ\u00e9ticas e de numerosas vantagens t\u00e9cnicas com este recuperador de baixo pre\u00e7o.","robots":{"index":"index","follow":"follow","max-snippet":"max-snippet:-1","max-image-preview":"max-image-preview:large","max-video-preview":"max-video-preview:-1"},"canonical":"https:\/\/www.invicta.fr\/pt\/produit\/recuperador-primo-700-com-registo-2\/","og_locale":"pt_PT","og_type":"article","og_title":"Recuperador PRIMO 700 com Registo - Invicta","og_description":"Beneficie das boas efici\u00eancias energ\u00e9ticas e de numerosas vantagens t\u00e9cnicas com este recuperador de baixo pre\u00e7o.","og_url":"https:\/\/www.invicta.fr\/pt\/produit\/recuperador-primo-700-com-registo-2\/","og_site_name":"Invicta","article_modified_time":"2026-02-26T15:04:18+00:00","twitter_card":"summary_large_image","schema":{"@context":"https:\/\/schema.org","@graph":[{"@type":"WebPage","@id":"https:\/\/www.invicta.fr\/pt\/produit\/recuperador-primo-700-com-registo-2\/","url":"https:\/\/www.invicta.fr\/pt\/produit\/recuperador-primo-700-com-registo-2\/","name":"Recuperador PRIMO 700 com Registo - Invicta","isPartOf":{"@id":"https:\/\/www.invicta.fr\/pt\/#website"},"datePublished":"2025-11-18T10:06:27+00:00","dateModified":"2026-02-26T15:04:18+00:00","description":"Beneficie das boas efici\u00eancias energ\u00e9ticas e de numerosas vantagens t\u00e9cnicas com este recuperador de baixo pre\u00e7o.","breadcrumb":{"@id":"https:\/\/www.invicta.fr\/pt\/produit\/recuperador-primo-700-com-registo-2\/#breadcrumb"},"inLanguage":"pt-PT","potentialAction":[{"@type":"ReadAction","target":["https:\/\/www.invicta.fr\/pt\/produit\/recuperador-primo-700-com-registo-2\/"]}]},{"@type":"BreadcrumbList","@id":"https:\/\/www.invicta.fr\/pt\/produit\/recuperador-primo-700-com-registo-2\/#breadcrumb","itemListElement":[{"@type":"ListItem","position":1,"name":"Home","item":"https:\/\/www.invicta.fr\/pt\/"},{"@type":"ListItem","position":2,"name":"Produtos","item":"https:\/\/www.invicta.fr\/pt\/shop\/"},{"@type":"ListItem","position":3,"name":"Recuperadores","item":"https:\/\/www.invicta.fr\/pt\/categorie-produit\/recuperadores\/"},{"@type":"ListItem","position":4,"name":"Recuperador a lenha","item":"https:\/\/www.invicta.fr\/pt\/categorie-produit\/recuperadores\/recuperador-a-lenha\/"},{"@type":"ListItem","position":5,"name":"Recuperador PRIMO 700 com Registo"}]},{"@type":"WebSite","@id":"https:\/\/www.invicta.fr\/pt\/#website","url":"https:\/\/www.invicta.fr\/pt\/","name":"Invicta","description":"Fabricant fran\u00e7ais, sp\u00e9cialiste europ\u00e9en du chauffage au bois : po\u00eales \u00e0 bois et \u00e0 granul\u00e9s, chemin\u00e9es, foyers et inserts","publisher":{"@id":"https:\/\/www.invicta.fr\/pt\/#organization"},"potentialAction":[{"@type":"SearchAction","target":{"@type":"EntryPoint","urlTemplate":"https:\/\/www.invicta.fr\/pt\/?s={search_term_string}"},"query-input":{"@type":"PropertyValueSpecification","valueRequired":true,"valueName":"search_term_string"}}],"inLanguage":"pt-PT"},{"@type":"Organization","@id":"https:\/\/www.invicta.fr\/pt\/#organization","name":"Invicta","url":"https:\/\/www.invicta.fr\/pt\/","logo":{"@type":"ImageObject","inLanguage":"pt-PT","@id":"https:\/\/www.invicta.fr\/pt\/#\/schema\/logo\/image\/","url":"https:\/\/www.invicta.fr\/wp-content\/uploads\/2019\/06\/INVICTALOGO_RVB.png","contentUrl":"https:\/\/www.invicta.fr\/wp-content\/uploads\/2019\/06\/INVICTALOGO_RVB.png","width":1810,"height":1280,"caption":"Invicta"},"image":{"@id":"https:\/\/www.invicta.fr\/pt\/#\/schema\/logo\/image\/"}}]}},"_links":{"self":[{"href":"https:\/\/www.invicta.fr\/pt\/wp-json\/wp\/v2\/product\/70692","targetHints":{"allow":["GET"]}}],"collection":[{"href":"https:\/\/www.invicta.fr\/pt\/wp-json\/wp\/v2\/product"}],"about":[{"href":"https:\/\/www.invicta.fr\/pt\/wp-json\/wp\/v2\/types\/product"}],"wp:attachment":[{"href":"https:\/\/www.invicta.fr\/pt\/wp-json\/wp\/v2\/media?parent=70692"}],"wp:term":[{"taxonomy":"product_brand","embeddable":true,"href":"https:\/\/www.invicta.fr\/pt\/wp-json\/wp\/v2\/product_brand?post=70692"},{"taxonomy":"product_cat","embeddable":true,"href":"https:\/\/www.invicta.fr\/pt\/wp-json\/wp\/v2\/product_cat?post=70692"},{"taxonomy":"product_tag","embeddable":true,"href":"https:\/\/www.invicta.fr\/pt\/wp-json\/wp\/v2\/product_tag?post=70692"},{"taxonomy":"plus_produit","embeddable":true,"href":"https:\/\/www.invicta.fr\/pt\/wp-json\/wp\/v2\/plus_produit?post=70692"}],"curies":[{"name":"wp","href":"https:\/\/api.w.org\/{rel}","templated":true}]}}