{"id":72586,"date":"2025-12-23T15:49:36","date_gmt":"2025-12-23T14:49:37","guid":{"rendered":"https:\/\/www.invicta.fr\/?post_type=product&#038;p=72586"},"modified":"2025-12-23T15:58:05","modified_gmt":"2025-12-23T14:58:05","slug":"insert-a-lenha-700-vento-plus","status":"publish","type":"product","link":"https:\/\/www.invicta.fr\/pt\/produit\/insert-a-lenha-700-vento-plus\/","title":{"rendered":"Insert a lenha 700 Vento Plus"},"content":{"rendered":"","protected":false},"excerpt":{"rendered":"<p>Esta nova inser\u00e7\u00e3o real\u00e7a o espet\u00e1culo das chamas com o seu vidro grande angular. Tudo isto com efic\u00e1cia e convivialidade.<\/p>\n","protected":false},"featured_media":72589,"template":"","meta":{"_acf_changed":false},"product_brand":[],"product_cat":[3105,4385,6889],"product_tag":[7107,3311,3310,4434,3276,4388,4513,6832,6658],"plus_produit":[3325,6873,6837,4084,3306,3868,3307],"class_list":{"1":"product","4":"has-post-thumbnail","6":"product_cat-ajuda-na-selecao","7":"product_cat-recuperador-ventilado","8":"product_cat-insert-a-lenha","9":"product_tag-en16510-pt","10":"product_tag-flamme-verte-7-pt","11":"product_tag-eco-design-2022-es-pt","12":"product_tag-a-ecolabel-pt","13":"product_tag-feita-na-franca","14":"product_tag-ferro-fundido-carenagem-aco","15":"product_tag-garantia-de-3-anos-pt","16":"product_tag-y-extension-garantie-2ans-por","17":"product_tag-imposto-de-credito-z","18":"pa_depart-des-fumees-parte-superior-pt","19":"pa_diametre-de-buse-150-mm-pt","20":"pa_options-accessoires-adaptadores-para-saida-de-ar-quente","21":"pa_surface-de-chauffe-45-a-105-m-pt","22":"pa_taux-de-co-012-es-pt","23":"plus_produit-combustao-intermitente-e-prolongada-3-horas","24":"plus_produit-difusao-de-ar-quente-por-ventilacao-forcada-novas-turbinas","25":"plus_produit-extensao-de-garantia-2-anos","26":"plus_produit-manchetes-em-opcao-pt","27":"plus_produit-origine-france-garantie","28":"plus_produit-vidro-exterior-grand-angle-pt","29":"plus_produit-vidro-proprio","31":"first","32":"instock","33":"purchasable","34":"product-type-simple"},"acf":[],"yoast_head":"<!-- This site is optimized with the Yoast SEO plugin v24.7 - https:\/\/yoast.com\/wordpress\/plugins\/seo\/ -->\n<title>Insert a lenha 700 Vento Plus - Chamin\u00e9 | INVICTA<\/title>\n<meta name=\"description\" content=\"Conhe\u00e7a o insert a lenha 700 Vento Plus estilo contempor\u00e2neo, pot\u00eancia optimal de 8,7kW \u2705 EcoLabel A+ \u2705 5 anos de garantia \u2705 Turbinas mais silenciosas\" \/>\n<meta name=\"robots\" content=\"index, follow, max-snippet:-1, max-image-preview:large, max-video-preview:-1\" \/>\n<link rel=\"canonical\" href=\"https:\/\/www.invicta.fr\/pt\/produit\/insert-a-lenha-700-vento-plus\/\" \/>\n<meta property=\"og:locale\" content=\"pt_PT\" \/>\n<meta property=\"og:type\" content=\"article\" \/>\n<meta property=\"og:title\" content=\"Insert a lenha 700 Vento Plus - Chamin\u00e9 | INVICTA\" \/>\n<meta property=\"og:description\" content=\"Conhe\u00e7a o insert a lenha 700 Vento Plus estilo contempor\u00e2neo, pot\u00eancia optimal de 8,7kW \u2705 EcoLabel A+ \u2705 5 anos de garantia \u2705 Turbinas mais silenciosas\" \/>\n<meta property=\"og:url\" content=\"https:\/\/www.invicta.fr\/pt\/produit\/insert-a-lenha-700-vento-plus\/\" \/>\n<meta property=\"og:site_name\" content=\"Invicta\" \/>\n<meta property=\"article:modified_time\" content=\"2025-12-23T14:58:05+00:00\" \/>\n<meta property=\"og:image\" content=\"https:\/\/www.invicta.fr\/wp-content\/uploads\/2025\/12\/C_P967102_VENTO_PLUS.webp\" \/>\n\t<meta property=\"og:image:width\" content=\"1000\" \/>\n\t<meta property=\"og:image:height\" content=\"1000\" \/>\n\t<meta property=\"og:image:type\" content=\"image\/webp\" \/>\n<meta name=\"twitter:card\" content=\"summary_large_image\" \/>\n<script type=\"application\/ld+json\" class=\"yoast-schema-graph\">{\"@context\":\"https:\/\/schema.org\",\"@graph\":[{\"@type\":\"WebPage\",\"@id\":\"https:\/\/www.invicta.fr\/pt\/produit\/insert-a-lenha-700-vento-plus\/\",\"url\":\"https:\/\/www.invicta.fr\/pt\/produit\/insert-a-lenha-700-vento-plus\/\",\"name\":\"Insert a lenha 700 Vento Plus - Chamin\u00e9 | INVICTA\",\"isPartOf\":{\"@id\":\"https:\/\/www.invicta.fr\/pt\/#website\"},\"primaryImageOfPage\":{\"@id\":\"https:\/\/www.invicta.fr\/pt\/produit\/insert-a-lenha-700-vento-plus\/#primaryimage\"},\"image\":{\"@id\":\"https:\/\/www.invicta.fr\/pt\/produit\/insert-a-lenha-700-vento-plus\/#primaryimage\"},\"thumbnailUrl\":\"https:\/\/www.invicta.fr\/wp-content\/uploads\/2025\/12\/C_P967102_VENTO_PLUS.webp\",\"datePublished\":\"2025-12-23T14:49:37+00:00\",\"dateModified\":\"2025-12-23T14:58:05+00:00\",\"description\":\"Conhe\u00e7a o insert a lenha 700 Vento Plus estilo contempor\u00e2neo, pot\u00eancia optimal de 8,7kW \u2705 EcoLabel A+ \u2705 5 anos de garantia \u2705 Turbinas mais silenciosas\",\"breadcrumb\":{\"@id\":\"https:\/\/www.invicta.fr\/pt\/produit\/insert-a-lenha-700-vento-plus\/#breadcrumb\"},\"inLanguage\":\"pt-PT\",\"potentialAction\":[{\"@type\":\"ReadAction\",\"target\":[\"https:\/\/www.invicta.fr\/pt\/produit\/insert-a-lenha-700-vento-plus\/\"]}]},{\"@type\":\"ImageObject\",\"inLanguage\":\"pt-PT\",\"@id\":\"https:\/\/www.invicta.fr\/pt\/produit\/insert-a-lenha-700-vento-plus\/#primaryimage\",\"url\":\"https:\/\/www.invicta.fr\/wp-content\/uploads\/2025\/12\/C_P967102_VENTO_PLUS.webp\",\"contentUrl\":\"https:\/\/www.invicta.fr\/wp-content\/uploads\/2025\/12\/C_P967102_VENTO_PLUS.webp\",\"width\":1000,\"height\":1000},{\"@type\":\"BreadcrumbList\",\"@id\":\"https:\/\/www.invicta.fr\/pt\/produit\/insert-a-lenha-700-vento-plus\/#breadcrumb\",\"itemListElement\":[{\"@type\":\"ListItem\",\"position\":1,\"name\":\"Home\",\"item\":\"https:\/\/www.invicta.fr\/pt\/\"},{\"@type\":\"ListItem\",\"position\":2,\"name\":\"Produtos\",\"item\":\"https:\/\/www.invicta.fr\/pt\/shop\/\"},{\"@type\":\"ListItem\",\"position\":3,\"name\":\"Recuperadores\",\"item\":\"https:\/\/www.invicta.fr\/pt\/categorie-produit\/recuperadores\/\"},{\"@type\":\"ListItem\",\"position\":4,\"name\":\"Recuperador ventilado\",\"item\":\"https:\/\/www.invicta.fr\/pt\/categorie-produit\/recuperadores\/recuperador-ventilado\/\"},{\"@type\":\"ListItem\",\"position\":5,\"name\":\"Insert a lenha 700 Vento Plus\"}]},{\"@type\":\"WebSite\",\"@id\":\"https:\/\/www.invicta.fr\/pt\/#website\",\"url\":\"https:\/\/www.invicta.fr\/pt\/\",\"name\":\"Invicta\",\"description\":\"Fabricant fran\u00e7ais, sp\u00e9cialiste europ\u00e9en du chauffage au bois : po\u00eales \u00e0 bois et \u00e0 granul\u00e9s, chemin\u00e9es, foyers et inserts\",\"publisher\":{\"@id\":\"https:\/\/www.invicta.fr\/pt\/#organization\"},\"potentialAction\":[{\"@type\":\"SearchAction\",\"target\":{\"@type\":\"EntryPoint\",\"urlTemplate\":\"https:\/\/www.invicta.fr\/pt\/?s={search_term_string}\"},\"query-input\":{\"@type\":\"PropertyValueSpecification\",\"valueRequired\":true,\"valueName\":\"search_term_string\"}}],\"inLanguage\":\"pt-PT\"},{\"@type\":\"Organization\",\"@id\":\"https:\/\/www.invicta.fr\/pt\/#organization\",\"name\":\"Invicta\",\"url\":\"https:\/\/www.invicta.fr\/pt\/\",\"logo\":{\"@type\":\"ImageObject\",\"inLanguage\":\"pt-PT\",\"@id\":\"https:\/\/www.invicta.fr\/pt\/#\/schema\/logo\/image\/\",\"url\":\"https:\/\/www.invicta.fr\/wp-content\/uploads\/2019\/06\/INVICTALOGO_RVB.png\",\"contentUrl\":\"https:\/\/www.invicta.fr\/wp-content\/uploads\/2019\/06\/INVICTALOGO_RVB.png\",\"width\":1810,\"height\":1280,\"caption\":\"Invicta\"},\"image\":{\"@id\":\"https:\/\/www.invicta.fr\/pt\/#\/schema\/logo\/image\/\"}}]}<\/script>\n<!-- \/ Yoast SEO plugin. -->","yoast_head_json":{"title":"Insert a lenha 700 Vento Plus - Chamin\u00e9 | INVICTA","description":"Conhe\u00e7a o insert a lenha 700 Vento Plus estilo contempor\u00e2neo, pot\u00eancia optimal de 8,7kW \u2705 EcoLabel A+ \u2705 5 anos de garantia \u2705 Turbinas mais silenciosas","robots":{"index":"index","follow":"follow","max-snippet":"max-snippet:-1","max-image-preview":"max-image-preview:large","max-video-preview":"max-video-preview:-1"},"canonical":"https:\/\/www.invicta.fr\/pt\/produit\/insert-a-lenha-700-vento-plus\/","og_locale":"pt_PT","og_type":"article","og_title":"Insert a lenha 700 Vento Plus - Chamin\u00e9 | INVICTA","og_description":"Conhe\u00e7a o insert a lenha 700 Vento Plus estilo contempor\u00e2neo, pot\u00eancia optimal de 8,7kW \u2705 EcoLabel A+ \u2705 5 anos de garantia \u2705 Turbinas mais silenciosas","og_url":"https:\/\/www.invicta.fr\/pt\/produit\/insert-a-lenha-700-vento-plus\/","og_site_name":"Invicta","article_modified_time":"2025-12-23T14:58:05+00:00","og_image":[{"width":1000,"height":1000,"url":"https:\/\/www.invicta.fr\/wp-content\/uploads\/2025\/12\/C_P967102_VENTO_PLUS.webp","type":"image\/webp"}],"twitter_card":"summary_large_image","schema":{"@context":"https:\/\/schema.org","@graph":[{"@type":"WebPage","@id":"https:\/\/www.invicta.fr\/pt\/produit\/insert-a-lenha-700-vento-plus\/","url":"https:\/\/www.invicta.fr\/pt\/produit\/insert-a-lenha-700-vento-plus\/","name":"Insert a lenha 700 Vento Plus - Chamin\u00e9 | INVICTA","isPartOf":{"@id":"https:\/\/www.invicta.fr\/pt\/#website"},"primaryImageOfPage":{"@id":"https:\/\/www.invicta.fr\/pt\/produit\/insert-a-lenha-700-vento-plus\/#primaryimage"},"image":{"@id":"https:\/\/www.invicta.fr\/pt\/produit\/insert-a-lenha-700-vento-plus\/#primaryimage"},"thumbnailUrl":"https:\/\/www.invicta.fr\/wp-content\/uploads\/2025\/12\/C_P967102_VENTO_PLUS.webp","datePublished":"2025-12-23T14:49:37+00:00","dateModified":"2025-12-23T14:58:05+00:00","description":"Conhe\u00e7a o insert a lenha 700 Vento Plus estilo contempor\u00e2neo, pot\u00eancia optimal de 8,7kW \u2705 EcoLabel A+ \u2705 5 anos de garantia \u2705 Turbinas mais silenciosas","breadcrumb":{"@id":"https:\/\/www.invicta.fr\/pt\/produit\/insert-a-lenha-700-vento-plus\/#breadcrumb"},"inLanguage":"pt-PT","potentialAction":[{"@type":"ReadAction","target":["https:\/\/www.invicta.fr\/pt\/produit\/insert-a-lenha-700-vento-plus\/"]}]},{"@type":"ImageObject","inLanguage":"pt-PT","@id":"https:\/\/www.invicta.fr\/pt\/produit\/insert-a-lenha-700-vento-plus\/#primaryimage","url":"https:\/\/www.invicta.fr\/wp-content\/uploads\/2025\/12\/C_P967102_VENTO_PLUS.webp","contentUrl":"https:\/\/www.invicta.fr\/wp-content\/uploads\/2025\/12\/C_P967102_VENTO_PLUS.webp","width":1000,"height":1000},{"@type":"BreadcrumbList","@id":"https:\/\/www.invicta.fr\/pt\/produit\/insert-a-lenha-700-vento-plus\/#breadcrumb","itemListElement":[{"@type":"ListItem","position":1,"name":"Home","item":"https:\/\/www.invicta.fr\/pt\/"},{"@type":"ListItem","position":2,"name":"Produtos","item":"https:\/\/www.invicta.fr\/pt\/shop\/"},{"@type":"ListItem","position":3,"name":"Recuperadores","item":"https:\/\/www.invicta.fr\/pt\/categorie-produit\/recuperadores\/"},{"@type":"ListItem","position":4,"name":"Recuperador ventilado","item":"https:\/\/www.invicta.fr\/pt\/categorie-produit\/recuperadores\/recuperador-ventilado\/"},{"@type":"ListItem","position":5,"name":"Insert a lenha 700 Vento Plus"}]},{"@type":"WebSite","@id":"https:\/\/www.invicta.fr\/pt\/#website","url":"https:\/\/www.invicta.fr\/pt\/","name":"Invicta","description":"Fabricant fran\u00e7ais, sp\u00e9cialiste europ\u00e9en du chauffage au bois : po\u00eales \u00e0 bois et \u00e0 granul\u00e9s, chemin\u00e9es, foyers et inserts","publisher":{"@id":"https:\/\/www.invicta.fr\/pt\/#organization"},"potentialAction":[{"@type":"SearchAction","target":{"@type":"EntryPoint","urlTemplate":"https:\/\/www.invicta.fr\/pt\/?s={search_term_string}"},"query-input":{"@type":"PropertyValueSpecification","valueRequired":true,"valueName":"search_term_string"}}],"inLanguage":"pt-PT"},{"@type":"Organization","@id":"https:\/\/www.invicta.fr\/pt\/#organization","name":"Invicta","url":"https:\/\/www.invicta.fr\/pt\/","logo":{"@type":"ImageObject","inLanguage":"pt-PT","@id":"https:\/\/www.invicta.fr\/pt\/#\/schema\/logo\/image\/","url":"https:\/\/www.invicta.fr\/wp-content\/uploads\/2019\/06\/INVICTALOGO_RVB.png","contentUrl":"https:\/\/www.invicta.fr\/wp-content\/uploads\/2019\/06\/INVICTALOGO_RVB.png","width":1810,"height":1280,"caption":"Invicta"},"image":{"@id":"https:\/\/www.invicta.fr\/pt\/#\/schema\/logo\/image\/"}}]}},"_links":{"self":[{"href":"https:\/\/www.invicta.fr\/pt\/wp-json\/wp\/v2\/product\/72586","targetHints":{"allow":["GET"]}}],"collection":[{"href":"https:\/\/www.invicta.fr\/pt\/wp-json\/wp\/v2\/product"}],"about":[{"href":"https:\/\/www.invicta.fr\/pt\/wp-json\/wp\/v2\/types\/product"}],"wp:featuredmedia":[{"embeddable":true,"href":"https:\/\/www.invicta.fr\/pt\/wp-json\/wp\/v2\/media\/72589"}],"wp:attachment":[{"href":"https:\/\/www.invicta.fr\/pt\/wp-json\/wp\/v2\/media?parent=72586"}],"wp:term":[{"taxonomy":"product_brand","embeddable":true,"href":"https:\/\/www.invicta.fr\/pt\/wp-json\/wp\/v2\/product_brand?post=72586"},{"taxonomy":"product_cat","embeddable":true,"href":"https:\/\/www.invicta.fr\/pt\/wp-json\/wp\/v2\/product_cat?post=72586"},{"taxonomy":"product_tag","embeddable":true,"href":"https:\/\/www.invicta.fr\/pt\/wp-json\/wp\/v2\/product_tag?post=72586"},{"taxonomy":"plus_produit","embeddable":true,"href":"https:\/\/www.invicta.fr\/pt\/wp-json\/wp\/v2\/plus_produit?post=72586"}],"curies":[{"name":"wp","href":"https:\/\/api.w.org\/{rel}","templated":true}]}}